{"id":11016,"date":"2023-03-09T20:22:02","date_gmt":"2023-03-10T01:22:02","guid":{"rendered":"https:\/\/victoriavynn.ca\/?page_id=11016"},"modified":"2024-09-24T19:28:59","modified_gmt":"2024-09-24T23:28:59","slug":"pied-de-pharmacie","status":"publish","type":"page","link":"https:\/\/victoriavynn.ca\/fr\/pharm-foot\/","title":{"rendered":"Pharm Foot"},"content":{"rendered":"<p class=\"has-text-align-center has-large-font-size\" style=\"font-style:normal;font-weight:200\">Des recettes parfaitement compos\u00e9es dans le soin des pieds<\/p>\n\n\n\n<p class=\"has-text-align-center\"><strong>Pharm Foot<\/strong>  Les dermo-cosm\u00e9tiques pour les pieds soutiennent les traitements podologiques dans le domaine des soins professionnels et atteignent la source des probl\u00e8mes pour les pr\u00e9venir \u00e0 l'avenir. La qualit\u00e9, l'efficacit\u00e9 et la s\u00e9curit\u00e9 des recettes sont une priorit\u00e9 absolue pour les cr\u00e9ateurs de la marque. L'efficacit\u00e9 sup\u00e9rieure \u00e0 la moyenne des&nbsp;<strong>Pharm Foot&nbsp;<\/strong>Les pr\u00e9parations sont une garantie d'am\u00e9lioration de la qualit\u00e9 de vie des personnes souffrant de probl\u00e8mes de pieds.<\/p>\n\n\n\n<figure class=\"wp-block-image aligncenter size-full\"><img data-recalc-dims=\"1\" loading=\"lazy\" decoding=\"async\" width=\"585\" height=\"575\" src=\"https:\/\/i0.wp.com\/victoriavynn.ca\/wp-content\/uploads\/2023\/03\/img01-2.png.webp?resize=585%2C575&#038;ssl=1\" alt=\"\" class=\"wp-image-11038\" title=\"\" srcset=\"https:\/\/i0.wp.com\/victoriavynn.ca\/wp-content\/uploads\/2023\/03\/img01-2.png.webp?w=585&amp;ssl=1 585w, https:\/\/i0.wp.com\/victoriavynn.ca\/wp-content\/uploads\/2023\/03\/img01-2.png.webp?resize=150%2C147&amp;ssl=1 150w, https:\/\/i0.wp.com\/victoriavynn.ca\/wp-content\/uploads\/2023\/03\/img01-2.png.webp?resize=416%2C409&amp;ssl=1 416w, https:\/\/i0.wp.com\/victoriavynn.ca\/wp-content\/uploads\/2023\/03\/img01-2.png.webp?resize=300%2C295&amp;ssl=1 300w, https:\/\/i0.wp.com\/victoriavynn.ca\/wp-content\/uploads\/2023\/03\/img01-2.png.webp?resize=12%2C12&amp;ssl=1 12w, https:\/\/i0.wp.com\/victoriavynn.ca\/wp-content\/uploads\/2023\/03\/img01-2.png.webp?resize=32%2C32&amp;ssl=1 32w, https:\/\/i0.wp.com\/victoriavynn.ca\/wp-content\/uploads\/2023\/03\/img01-2.png.webp?resize=50%2C50&amp;ssl=1 50w\" sizes=\"auto, (max-width: 585px) 100vw, 585px\" \/><figcaption class=\"wp-element-caption\"> <\/figcaption><\/figure>\n\n\n\n<p class=\"has-text-align-center has-large-font-size\" style=\"font-style:normal;font-weight:200\">D\u00e9couvrez nos lignes de produits<\/p>\n\n\n\n<div class=\"woocommerce columns-6\"><ul class=\"products columns-6\">\n<li class=\"product-category product first\">\n\t<a aria-label=\"Voir la cat\u00e9gorie de produit All In Line\" href=\"https:\/\/victoriavynn.ca\/fr\/category\/pharm-foot\/all-in-line\/\" data-no-translation-aria-label=\"\"><span class=\"cat-image-wrapper\"><img decoding=\"async\" src=\"https:\/\/i0.wp.com\/victoriavynn.ca\/wp-content\/uploads\/2023\/03\/all-in-line-.webp?fit=200%2C267&#038;ssl=1\" alt=\"Tous en ligne\" width=\"200\" height=\"\" srcset=\"https:\/\/i0.wp.com\/victoriavynn.ca\/wp-content\/uploads\/2023\/03\/all-in-line-.webp?w=750&amp;ssl=1 750w, https:\/\/i0.wp.com\/victoriavynn.ca\/wp-content\/uploads\/2023\/03\/all-in-line-.webp?resize=324%2C432&amp;ssl=1 324w, https:\/\/i0.wp.com\/victoriavynn.ca\/wp-content\/uploads\/2023\/03\/all-in-line-.webp?resize=416%2C555&amp;ssl=1 416w, https:\/\/i0.wp.com\/victoriavynn.ca\/wp-content\/uploads\/2023\/03\/all-in-line-.webp?resize=225%2C300&amp;ssl=1 225w, https:\/\/i0.wp.com\/victoriavynn.ca\/wp-content\/uploads\/2023\/03\/all-in-line-.webp?resize=9%2C12&amp;ssl=1 9w\" sizes=\"(max-width: 200px) 100vw, 200px\" title=\"\"><\/span>\t\t<h2 class=\"woocommerce-loop-category__title\">\n\t\t\tTous en ligne <mark class=\"count\">(12)<\/mark>\t\t<\/h2>\n\t\t<\/a><\/li>\n<li class=\"product-category product\">\n\t<a aria-label=\"Voir la cat\u00e9gorie de produit Colostrum Line\" href=\"https:\/\/victoriavynn.ca\/fr\/category\/pharm-foot\/colostrum-line\/\" data-no-translation-aria-label=\"\"><span class=\"cat-image-wrapper\"><img decoding=\"async\" src=\"https:\/\/i0.wp.com\/victoriavynn.ca\/wp-content\/uploads\/2023\/03\/Colostrum-Line-.webp?fit=200%2C267&#038;ssl=1\" alt=\"Ligne Colostrum\" width=\"200\" height=\"\" srcset=\"https:\/\/i0.wp.com\/victoriavynn.ca\/wp-content\/uploads\/2023\/03\/Colostrum-Line-.webp?w=750&amp;ssl=1 750w, https:\/\/i0.wp.com\/victoriavynn.ca\/wp-content\/uploads\/2023\/03\/Colostrum-Line-.webp?resize=324%2C432&amp;ssl=1 324w, https:\/\/i0.wp.com\/victoriavynn.ca\/wp-content\/uploads\/2023\/03\/Colostrum-Line-.webp?resize=416%2C555&amp;ssl=1 416w, https:\/\/i0.wp.com\/victoriavynn.ca\/wp-content\/uploads\/2023\/03\/Colostrum-Line-.webp?resize=225%2C300&amp;ssl=1 225w, https:\/\/i0.wp.com\/victoriavynn.ca\/wp-content\/uploads\/2023\/03\/Colostrum-Line-.webp?resize=9%2C12&amp;ssl=1 9w\" sizes=\"(max-width: 200px) 100vw, 200px\" title=\"\"><\/span>\t\t<h2 class=\"woocommerce-loop-category__title\">\n\t\t\tLigne Colostrum <mark class=\"count\">(5)<\/mark>\t\t<\/h2>\n\t\t<\/a><\/li>\n<li class=\"product-category product\">\n\t<a aria-label=\"Voir la cat\u00e9gorie de produit Manuka Line\" href=\"https:\/\/victoriavynn.ca\/fr\/category\/pharm-foot\/manuka-line\/\" data-no-translation-aria-label=\"\"><span class=\"cat-image-wrapper\"><img decoding=\"async\" src=\"https:\/\/i0.wp.com\/victoriavynn.ca\/wp-content\/uploads\/2025\/03\/585x628_manuka.png.webp?fit=200%2C215&#038;ssl=1\" alt=\"Manuka Line,Victoria VYNN Quick Trick Nail Forms, 400 Pieces&quot; class=&quot;woocommerce-LoopProduct-link woocommerce-loop-product__link&quot;&gt; &lt;span class=,Victoria VYNN Formes de Clous Rapides, 100 Pi\u00e8ces&quot; class=&quot;woocommerce-LoopProduct-link woocommerce-loop-product__link&quot;&gt; &lt;span class=&quot;woocommerce-LoopProduct-link woocommerce-loop-product__link&quot;&gt; &lt;span class=\" width=\"200\" height=\"\" srcset=\"https:\/\/i0.wp.com\/victoriavynn.ca\/wp-content\/uploads\/2025\/03\/585x628_manuka.png.webp?w=585&amp;ssl=1 585w, https:\/\/i0.wp.com\/victoriavynn.ca\/wp-content\/uploads\/2025\/03\/585x628_manuka.png.webp?resize=279%2C300&amp;ssl=1 279w, https:\/\/i0.wp.com\/victoriavynn.ca\/wp-content\/uploads\/2025\/03\/585x628_manuka.png.webp?resize=11%2C12&amp;ssl=1 11w, https:\/\/i0.wp.com\/victoriavynn.ca\/wp-content\/uploads\/2025\/03\/585x628_manuka.png.webp?resize=441%2C473&amp;ssl=1 441w, https:\/\/i0.wp.com\/victoriavynn.ca\/wp-content\/uploads\/2025\/03\/585x628_manuka.png.webp?resize=200%2C215&amp;ssl=1 200w, https:\/\/i0.wp.com\/victoriavynn.ca\/wp-content\/uploads\/2025\/03\/585x628_manuka.png.webp?resize=150%2C161&amp;ssl=1 150w, https:\/\/i0.wp.com\/victoriavynn.ca\/wp-content\/uploads\/2025\/03\/585x628_manuka.png.webp?resize=64%2C69&amp;ssl=1 64w\" sizes=\"(max-width: 200px) 100vw, 200px\" title=\"\"><\/span>\t\t<h2 class=\"woocommerce-loop-category__title\">\n\t\t\tManuka Line,Victoria VYNN Quick Trick Nail Forms, 400 Pieces\" class=\"woocommerce-LoopProduct-link woocommerce-loop-product__link\"&gt; &lt;span class=,Victoria VYNN Formes de Clous Rapides, 100 Pi\u00e8ces\" class=\"woocommerce-LoopProduct-link woocommerce-loop-product__link\"&gt; <span class=\"woocommerce-LoopProduct-link woocommerce-loop-product__link\"> &lt;span class= <mark class=\"count\">(5)<\/mark>\t\t<\/h2>\n\t\t<\/a><\/li>\n<li class=\"product-category product\">\n\t<a aria-label=\"Voir la cat\u00e9gorie de produit Microsilver Line\" href=\"https:\/\/victoriavynn.ca\/fr\/category\/pharm-foot\/microsilver-line\/\" data-no-translation-aria-label=\"\"><span class=\"cat-image-wrapper\"><img decoding=\"async\" src=\"https:\/\/i0.wp.com\/victoriavynn.ca\/wp-content\/uploads\/2023\/03\/Microsilver-line-.webp?fit=200%2C267&#038;ssl=1\" alt=\"Ligne Microsilver\" width=\"200\" height=\"\" srcset=\"https:\/\/i0.wp.com\/victoriavynn.ca\/wp-content\/uploads\/2023\/03\/Microsilver-line-.webp?w=750&amp;ssl=1 750w, https:\/\/i0.wp.com\/victoriavynn.ca\/wp-content\/uploads\/2023\/03\/Microsilver-line-.webp?resize=324%2C432&amp;ssl=1 324w, https:\/\/i0.wp.com\/victoriavynn.ca\/wp-content\/uploads\/2023\/03\/Microsilver-line-.webp?resize=416%2C555&amp;ssl=1 416w, https:\/\/i0.wp.com\/victoriavynn.ca\/wp-content\/uploads\/2023\/03\/Microsilver-line-.webp?resize=225%2C300&amp;ssl=1 225w, https:\/\/i0.wp.com\/victoriavynn.ca\/wp-content\/uploads\/2023\/03\/Microsilver-line-.webp?resize=9%2C12&amp;ssl=1 9w\" sizes=\"(max-width: 200px) 100vw, 200px\" title=\"\"><\/span>\t\t<h2 class=\"woocommerce-loop-category__title\">\n\t\t\tLigne Microsilver <mark class=\"count\">(6)<\/mark>\t\t<\/h2>\n\t\t<\/a><\/li>\n<li class=\"product-category product\">\n\t<a aria-label=\"Voir la cat\u00e9gorie de produit Ozone Oil &amp; Herbs Line\" href=\"https:\/\/victoriavynn.ca\/fr\/category\/pharm-foot\/ozone-oil-herbs-line\/\" data-no-translation-aria-label=\"\"><span class=\"cat-image-wrapper\"><img decoding=\"async\" src=\"https:\/\/i0.wp.com\/victoriavynn.ca\/wp-content\/uploads\/2023\/04\/ozone-oil-and-herbs.webp?fit=200%2C267&#038;ssl=1\" alt=\"Ligne Ozone Oil &amp; Herbs\" width=\"200\" height=\"\" srcset=\"https:\/\/i0.wp.com\/victoriavynn.ca\/wp-content\/uploads\/2023\/04\/ozone-oil-and-herbs.webp?w=750&amp;ssl=1 750w, https:\/\/i0.wp.com\/victoriavynn.ca\/wp-content\/uploads\/2023\/04\/ozone-oil-and-herbs.webp?resize=225%2C300&amp;ssl=1 225w, https:\/\/i0.wp.com\/victoriavynn.ca\/wp-content\/uploads\/2023\/04\/ozone-oil-and-herbs.webp?resize=9%2C12&amp;ssl=1 9w, https:\/\/i0.wp.com\/victoriavynn.ca\/wp-content\/uploads\/2023\/04\/ozone-oil-and-herbs.webp?resize=324%2C432&amp;ssl=1 324w, https:\/\/i0.wp.com\/victoriavynn.ca\/wp-content\/uploads\/2023\/04\/ozone-oil-and-herbs.webp?resize=416%2C555&amp;ssl=1 416w\" sizes=\"(max-width: 200px) 100vw, 200px\" title=\"\"><\/span>\t\t<h2 class=\"woocommerce-loop-category__title\">\n\t\t\tLigne Ozone Oil &amp; Herbs <mark class=\"count\">(5)<\/mark>\t\t<\/h2>\n\t\t<\/a><\/li>\n<li class=\"product-category product last\">\n\t<a aria-label=\"Voir la cat\u00e9gorie de produit Ozone Oil Line\" href=\"https:\/\/victoriavynn.ca\/fr\/category\/pharm-foot\/ozone-oil-line\/\" data-no-translation-aria-label=\"\"><span class=\"cat-image-wrapper\"><img decoding=\"async\" src=\"https:\/\/i0.wp.com\/victoriavynn.ca\/wp-content\/uploads\/2023\/03\/Ozone-Oil-Line-.webp?fit=200%2C267&#038;ssl=1\" alt=\"Ligne d&#039;huile d&#039;ozone\" width=\"200\" height=\"\" srcset=\"https:\/\/i0.wp.com\/victoriavynn.ca\/wp-content\/uploads\/2023\/03\/Ozone-Oil-Line-.webp?w=750&amp;ssl=1 750w, https:\/\/i0.wp.com\/victoriavynn.ca\/wp-content\/uploads\/2023\/03\/Ozone-Oil-Line-.webp?resize=324%2C432&amp;ssl=1 324w, https:\/\/i0.wp.com\/victoriavynn.ca\/wp-content\/uploads\/2023\/03\/Ozone-Oil-Line-.webp?resize=416%2C555&amp;ssl=1 416w, https:\/\/i0.wp.com\/victoriavynn.ca\/wp-content\/uploads\/2023\/03\/Ozone-Oil-Line-.webp?resize=225%2C300&amp;ssl=1 225w, https:\/\/i0.wp.com\/victoriavynn.ca\/wp-content\/uploads\/2023\/03\/Ozone-Oil-Line-.webp?resize=9%2C12&amp;ssl=1 9w\" sizes=\"(max-width: 200px) 100vw, 200px\" title=\"\"><\/span>\t\t<h2 class=\"woocommerce-loop-category__title\">\n\t\t\tLigne d'huile d'ozone <mark class=\"count\">(10)<\/mark>\t\t<\/h2>\n\t\t<\/a><\/li>\n<li class=\"product-category product first\">\n\t<a aria-label=\"Voir la cat\u00e9gorie de produit Pharm Foot Sets\" href=\"https:\/\/victoriavynn.ca\/fr\/category\/pharm-foot\/pharm-foot-sets\/\" data-no-translation-aria-label=\"\"><span class=\"cat-image-wrapper\"><img decoding=\"async\" src=\"https:\/\/i0.wp.com\/victoriavynn.ca\/wp-content\/uploads\/2023\/03\/RENDY_800x800_PLE_pack.png.webp?fit=200%2C200&#038;ssl=1\" alt=\"Pharm Foot Sets\" width=\"200\" height=\"\" srcset=\"https:\/\/i0.wp.com\/victoriavynn.ca\/wp-content\/uploads\/2023\/03\/RENDY_800x800_PLE_pack.png.webp?w=800&amp;ssl=1 800w, https:\/\/i0.wp.com\/victoriavynn.ca\/wp-content\/uploads\/2023\/03\/RENDY_800x800_PLE_pack.png.webp?resize=100%2C100&amp;ssl=1 100w, https:\/\/i0.wp.com\/victoriavynn.ca\/wp-content\/uploads\/2023\/03\/RENDY_800x800_PLE_pack.png.webp?resize=416%2C416&amp;ssl=1 416w, https:\/\/i0.wp.com\/victoriavynn.ca\/wp-content\/uploads\/2023\/03\/RENDY_800x800_PLE_pack.png.webp?resize=300%2C300&amp;ssl=1 300w, https:\/\/i0.wp.com\/victoriavynn.ca\/wp-content\/uploads\/2023\/03\/RENDY_800x800_PLE_pack.png.webp?resize=150%2C150&amp;ssl=1 150w, https:\/\/i0.wp.com\/victoriavynn.ca\/wp-content\/uploads\/2023\/03\/RENDY_800x800_PLE_pack.png.webp?resize=768%2C768&amp;ssl=1 768w, https:\/\/i0.wp.com\/victoriavynn.ca\/wp-content\/uploads\/2023\/03\/RENDY_800x800_PLE_pack.png.webp?resize=12%2C12&amp;ssl=1 12w, https:\/\/i0.wp.com\/victoriavynn.ca\/wp-content\/uploads\/2023\/03\/RENDY_800x800_PLE_pack.png.webp?resize=32%2C32&amp;ssl=1 32w, https:\/\/i0.wp.com\/victoriavynn.ca\/wp-content\/uploads\/2023\/03\/RENDY_800x800_PLE_pack.png.webp?resize=50%2C50&amp;ssl=1 50w\" sizes=\"(max-width: 200px) 100vw, 200px\" title=\"\"><\/span>\t\t<h2 class=\"woocommerce-loop-category__title\">\n\t\t\tPharm Foot Sets <mark class=\"count\">(3)<\/mark>\t\t<\/h2>\n\t\t<\/a><\/li>\n<li class=\"product-category product\">\n\t<a aria-label=\"Voir la cat\u00e9gorie de produit Pharm Foot Tools &amp; Accessories\" href=\"https:\/\/victoriavynn.ca\/fr\/category\/pharm-foot\/pharm-foot-tools-accessories\/\" data-no-translation-aria-label=\"\"><span class=\"cat-image-wrapper\"><img decoding=\"async\" src=\"https:\/\/i0.wp.com\/victoriavynn.ca\/wp-content\/uploads\/2023\/03\/Accessories.PFwebp.webp?fit=200%2C267&#038;ssl=1\" alt=\"Outils et accessoires pour le pied Pharm\" width=\"200\" height=\"\" srcset=\"https:\/\/i0.wp.com\/victoriavynn.ca\/wp-content\/uploads\/2023\/03\/Accessories.PFwebp.webp?w=750&amp;ssl=1 750w, https:\/\/i0.wp.com\/victoriavynn.ca\/wp-content\/uploads\/2023\/03\/Accessories.PFwebp.webp?resize=324%2C432&amp;ssl=1 324w, https:\/\/i0.wp.com\/victoriavynn.ca\/wp-content\/uploads\/2023\/03\/Accessories.PFwebp.webp?resize=416%2C555&amp;ssl=1 416w, https:\/\/i0.wp.com\/victoriavynn.ca\/wp-content\/uploads\/2023\/03\/Accessories.PFwebp.webp?resize=225%2C300&amp;ssl=1 225w, https:\/\/i0.wp.com\/victoriavynn.ca\/wp-content\/uploads\/2023\/03\/Accessories.PFwebp.webp?resize=9%2C12&amp;ssl=1 9w\" sizes=\"(max-width: 200px) 100vw, 200px\" title=\"\"><\/span>\t\t<h2 class=\"woocommerce-loop-category__title\">\n\t\t\tOutils et accessoires pour le pied Pharm <mark class=\"count\">(17)<\/mark>\t\t<\/h2>\n\t\t<\/a><\/li>\n<li class=\"product-category product\">\n\t<a aria-label=\"Voir la cat\u00e9gorie de produit SPA Ritual Paradise Touch\" href=\"https:\/\/victoriavynn.ca\/fr\/category\/pharm-foot\/spa-ritual-paradise-touch\/\" data-no-translation-aria-label=\"\"><span class=\"cat-image-wrapper\"><img decoding=\"async\" src=\"https:\/\/i0.wp.com\/victoriavynn.ca\/wp-content\/uploads\/2023\/05\/spa-ritual.webp?fit=200%2C267&#038;ssl=1\" alt=\"SPA Rituel Paradise Touch\" width=\"200\" height=\"\" srcset=\"https:\/\/i0.wp.com\/victoriavynn.ca\/wp-content\/uploads\/2023\/05\/spa-ritual.webp?w=750&amp;ssl=1 750w, https:\/\/i0.wp.com\/victoriavynn.ca\/wp-content\/uploads\/2023\/05\/spa-ritual.webp?resize=225%2C300&amp;ssl=1 225w, https:\/\/i0.wp.com\/victoriavynn.ca\/wp-content\/uploads\/2023\/05\/spa-ritual.webp?resize=9%2C12&amp;ssl=1 9w, https:\/\/i0.wp.com\/victoriavynn.ca\/wp-content\/uploads\/2023\/05\/spa-ritual.webp?resize=324%2C432&amp;ssl=1 324w, https:\/\/i0.wp.com\/victoriavynn.ca\/wp-content\/uploads\/2023\/05\/spa-ritual.webp?resize=416%2C555&amp;ssl=1 416w\" sizes=\"(max-width: 200px) 100vw, 200px\" title=\"\"><\/span>\t\t<h2 class=\"woocommerce-loop-category__title\">\n\t\t\tSPA Rituel Paradise Touch <mark class=\"count\">(9)<\/mark>\t\t<\/h2>\n\t\t<\/a><\/li>\n<li class=\"product-category product\">\n\t<a aria-label=\"Voir la cat\u00e9gorie de produit Urea Line\" href=\"https:\/\/victoriavynn.ca\/fr\/category\/pharm-foot\/urea-line\/\" data-no-translation-aria-label=\"\"><span class=\"cat-image-wrapper\"><img decoding=\"async\" src=\"https:\/\/i0.wp.com\/victoriavynn.ca\/wp-content\/uploads\/2023\/03\/Ure-line.webp?fit=200%2C267&#038;ssl=1\" alt=\"Ligne Ur\u00e9e\" width=\"200\" height=\"\" srcset=\"https:\/\/i0.wp.com\/victoriavynn.ca\/wp-content\/uploads\/2023\/03\/Ure-line.webp?w=750&amp;ssl=1 750w, https:\/\/i0.wp.com\/victoriavynn.ca\/wp-content\/uploads\/2023\/03\/Ure-line.webp?resize=324%2C432&amp;ssl=1 324w, https:\/\/i0.wp.com\/victoriavynn.ca\/wp-content\/uploads\/2023\/03\/Ure-line.webp?resize=416%2C555&amp;ssl=1 416w, https:\/\/i0.wp.com\/victoriavynn.ca\/wp-content\/uploads\/2023\/03\/Ure-line.webp?resize=225%2C300&amp;ssl=1 225w, https:\/\/i0.wp.com\/victoriavynn.ca\/wp-content\/uploads\/2023\/03\/Ure-line.webp?resize=9%2C12&amp;ssl=1 9w\" sizes=\"(max-width: 200px) 100vw, 200px\" title=\"\"><\/span>\t\t<h2 class=\"woocommerce-loop-category__title\">\n\t\t\tLigne Ur\u00e9e <mark class=\"count\">(6)<\/mark>\t\t<\/h2>\n\t\t<\/a><\/li>\n<\/ul>\n<\/div>","protected":false},"excerpt":{"rendered":"<p>Perfectly composed recipes&nbsp;in the care about your feet Pharm Foot dermo-cosmetics for your feet support the podiatry treatments in the field of professional care and reach the source of problems to prevent them in the future. The quality, effectiveness and safety of recipes are an absolute priority for the creators of the brand. The above-average [&hellip;]<\/p>\n","protected":false},"author":1,"featured_media":0,"parent":0,"menu_order":0,"comment_status":"closed","ping_status":"closed","template":"","meta":{"footnotes":""},"class_list":["post-11016","page","type-page","status-publish","hentry"],"jetpack_sharing_enabled":true,"_links":{"self":[{"href":"https:\/\/victoriavynn.ca\/fr\/wp-json\/wp\/v2\/pages\/11016","targetHints":{"allow":["GET"]}}],"collection":[{"href":"https:\/\/victoriavynn.ca\/fr\/wp-json\/wp\/v2\/pages"}],"about":[{"href":"https:\/\/victoriavynn.ca\/fr\/wp-json\/wp\/v2\/types\/page"}],"author":[{"embeddable":true,"href":"https:\/\/victoriavynn.ca\/fr\/wp-json\/wp\/v2\/users\/1"}],"replies":[{"embeddable":true,"href":"https:\/\/victoriavynn.ca\/fr\/wp-json\/wp\/v2\/comments?post=11016"}],"version-history":[{"count":0,"href":"https:\/\/victoriavynn.ca\/fr\/wp-json\/wp\/v2\/pages\/11016\/revisions"}],"wp:attachment":[{"href":"https:\/\/victoriavynn.ca\/fr\/wp-json\/wp\/v2\/media?parent=11016"}],"curies":[{"name":"wp","href":"https:\/\/api.w.org\/{rel}","templated":true}]}}