{"id":11087,"date":"2023-03-13T19:35:47","date_gmt":"2023-03-13T23:35:47","guid":{"rendered":"https:\/\/victoriavynn.ca\/?page_id=11087"},"modified":"2023-10-05T09:56:41","modified_gmt":"2023-10-05T13:56:41","slug":"academie","status":"publish","type":"page","link":"https:\/\/victoriavynn.ca\/fr\/academy\/","title":{"rendered":"Acad\u00e9mie"},"content":{"rendered":"<p class=\"has-text-align-center has-huge-font-size\" style=\"font-style:normal;font-weight:200\">Bient\u00f4t disponible !!!<\/p>","protected":false},"excerpt":{"rendered":"<p>Bient\u00f4t disponible !!!<\/p>","protected":false},"author":1,"featured_media":0,"parent":0,"menu_order":0,"comment_status":"closed","ping_status":"closed","template":"","meta":{"jetpack_post_was_ever_published":false,"footnotes":""},"class_list":["post-11087","page","type-page","status-publish","hentry"],"jetpack-related-posts":[{"id":11031,"url":"https:\/\/victoriavynn.ca\/fr\/pharm-foot\/pharm-foot-tools-accessories\/","url_meta":{"origin":11087,"position":0},"title":"Outils et accessoires pour le pied Pharm","author":"Serge Sahakian","date":"mars 9, 2023","format":false,"excerpt":"Outils et accessoires essentiels pour les soins de p\u00e9dicure Nouveaux outils et accessoires bient\u00f4t disponibles !","rel":"","context":"Similar post","block_context":{"text":"Similar post","link":""},"img":{"alt_text":"","src":"https:\/\/i0.wp.com\/victoriavynn.ca\/wp-content\/uploads\/2023\/03\/Accessories.PFwebp.webp?resize=350%2C200&ssl=1","width":350,"height":200,"srcset":"https:\/\/i0.wp.com\/victoriavynn.ca\/wp-content\/uploads\/2023\/03\/Accessories.PFwebp.webp?resize=350%2C200&ssl=1 1x, https:\/\/i0.wp.com\/victoriavynn.ca\/wp-content\/uploads\/2023\/03\/Accessories.PFwebp.webp?resize=525%2C300&ssl=1 1.5x, https:\/\/i0.wp.com\/victoriavynn.ca\/wp-content\/uploads\/2023\/03\/Accessories.PFwebp.webp?resize=700%2C400&ssl=1 2x"},"classes":[]},{"id":11034,"url":"https:\/\/victoriavynn.ca\/fr\/pharm-foot\/pharm-foot-sets\/","url_meta":{"origin":11087,"position":1},"title":"Pharm Foot Sets","author":"Serge Sahakian","date":"mars 9, 2023","format":false,"excerpt":"Coffrets pour les soins professionnels Pharm Foot dermo-cosmetics pour les soins professionnels, le traitement et la pr\u00e9vention de la sant\u00e9 et de la beaut\u00e9 des pieds. Les coffrets sont emball\u00e9s dans des bo\u00eetes \u00e9l\u00e9gantes. Nouveaux coffrets Pharm Foot bient\u00f4t disponibles !","rel":"","context":"Similar post","block_context":{"text":"Similar post","link":""},"img":{"alt_text":"","src":"https:\/\/i0.wp.com\/victoriavynn.ca\/wp-content\/uploads\/2023\/03\/RENDY_800x800_PLE_pack.png.webp?resize=350%2C200&ssl=1","width":350,"height":200,"srcset":"https:\/\/i0.wp.com\/victoriavynn.ca\/wp-content\/uploads\/2023\/03\/RENDY_800x800_PLE_pack.png.webp?resize=350%2C200&ssl=1 1x, https:\/\/i0.wp.com\/victoriavynn.ca\/wp-content\/uploads\/2023\/03\/RENDY_800x800_PLE_pack.png.webp?resize=525%2C300&ssl=1 1.5x, https:\/\/i0.wp.com\/victoriavynn.ca\/wp-content\/uploads\/2023\/03\/RENDY_800x800_PLE_pack.png.webp?resize=700%2C400&ssl=1 2x"},"classes":[]},{"id":7955,"url":"https:\/\/victoriavynn.ca\/fr\/new-collection-nail-gel-2023\/","url_meta":{"origin":11087,"position":2},"title":"Nouveaux arrivages","author":"Serge Sahakian","date":"novembre 30, 2022","format":false,"excerpt":"Nouveaux arrivages et collections Cliquez sur la boutique Cliquez sur la boutique Cliquez sur la boutique Cliquez sur la boutique Cliquez sur la boutique Nouvelle collection de gel \u00e0 ongles bient\u00f4t disponible !","rel":"","context":"Similar post","block_context":{"text":"Similar post","link":""},"img":{"alt_text":"victoria vynn top coat top it and top gun","src":"https:\/\/i0.wp.com\/victoriavynn.ca\/wp-content\/uploads\/2025\/10\/victoria-vynn-top-coat-top-it-and-top-gun.webp?resize=350%2C200","width":350,"height":200,"srcset":"https:\/\/i0.wp.com\/victoriavynn.ca\/wp-content\/uploads\/2025\/10\/victoria-vynn-top-coat-top-it-and-top-gun.webp?resize=350%2C200 1x, https:\/\/i0.wp.com\/victoriavynn.ca\/wp-content\/uploads\/2025\/10\/victoria-vynn-top-coat-top-it-and-top-gun.webp?resize=525%2C300 1.5x, https:\/\/i0.wp.com\/victoriavynn.ca\/wp-content\/uploads\/2025\/10\/victoria-vynn-top-coat-top-it-and-top-gun.webp?resize=700%2C400 2x, https:\/\/i0.wp.com\/victoriavynn.ca\/wp-content\/uploads\/2025\/10\/victoria-vynn-top-coat-top-it-and-top-gun.webp?resize=1050%2C600 3x"},"classes":[]},{"id":5548,"url":"https:\/\/victoriavynn.ca\/fr\/nail-art-supplies\/brillant-gel-diamond-nail-design\/","url_meta":{"origin":11087,"position":3},"title":"Victoria VYNN Brillant Gel","author":"Serge Sahakian","date":"septembre 9, 2022","format":false,"excerpt":"Vous vous interrogez sur les dessins d'ongles en diamant ? Les diamants sont faits de diamants ! Et c'est exactement l'effet que donne notre nouveau Brillant Gel. La collection ph\u00e9nom\u00e9nale est une galerie de 9 couleurs, dont la beaut\u00e9 est transf\u00e9r\u00e9e sur les ongles, suscite des \u00e9motions uniques et souligne la d\u00e9licatesse des...","rel":"","context":"Similar post","block_context":{"text":"Similar post","link":""},"img":{"alt_text":"victoria vynn brillant gel designing gel glitter gel 3d","src":"https:\/\/i0.wp.com\/victoriavynn.ca\/wp-content\/uploads\/2023\/10\/victoria-vynn-brillant-gel-designing-gel-glitter-gel-3d-.webp?resize=350%2C200&ssl=1","width":350,"height":200,"srcset":"https:\/\/i0.wp.com\/victoriavynn.ca\/wp-content\/uploads\/2023\/10\/victoria-vynn-brillant-gel-designing-gel-glitter-gel-3d-.webp?resize=350%2C200&ssl=1 1x, https:\/\/i0.wp.com\/victoriavynn.ca\/wp-content\/uploads\/2023\/10\/victoria-vynn-brillant-gel-designing-gel-glitter-gel-3d-.webp?resize=525%2C300&ssl=1 1.5x, https:\/\/i0.wp.com\/victoriavynn.ca\/wp-content\/uploads\/2023\/10\/victoria-vynn-brillant-gel-designing-gel-glitter-gel-3d-.webp?resize=700%2C400&ssl=1 2x"},"classes":[]},{"id":5705,"url":"https:\/\/victoriavynn.ca\/fr\/nail-gel-kit\/","url_meta":{"origin":11087,"position":4},"title":"Victoria VYNN Promo Sets","author":"Serge Sahakian","date":"septembre 10, 2022","format":false,"excerpt":"Victoria VYNN Nail Gel Kits B\u00e9n\u00e9ficiez de remises suppl\u00e9mentaires en achetant nos produits Victoria VYNN en kits ! Ne manquez pas l'occasion ! Nous sommes convaincus que chaque femme poss\u00e8de un \u00e9norme potentiel que nous voulons lib\u00e9rer. Nous nous assurons que gr\u00e2ce \u00e0 des ongles magnifiques, les femmes d\u00e9couvrent ce pouvoir en elles et sont pr\u00e9par\u00e9es...","rel":"","context":"Similar post","block_context":{"text":"Similar post","link":""},"img":{"alt_text":"nail gel kit","src":"https:\/\/i0.wp.com\/victoriavynn.ca\/wp-content\/uploads\/2022\/12\/Promo-Sets.webp?resize=350%2C200&ssl=1","width":350,"height":200,"srcset":"https:\/\/i0.wp.com\/victoriavynn.ca\/wp-content\/uploads\/2022\/12\/Promo-Sets.webp?resize=350%2C200&ssl=1 1x, https:\/\/i0.wp.com\/victoriavynn.ca\/wp-content\/uploads\/2022\/12\/Promo-Sets.webp?resize=525%2C300&ssl=1 1.5x, https:\/\/i0.wp.com\/victoriavynn.ca\/wp-content\/uploads\/2022\/12\/Promo-Sets.webp?resize=700%2C400&ssl=1 2x"},"classes":[]},{"id":7947,"url":"https:\/\/victoriavynn.ca\/fr\/nail-supply-discount\/","url_meta":{"origin":11087,"position":5},"title":"Vente flash","author":"Serge Sahakian","date":"novembre 30, 2022","format":false,"excerpt":"Victoria VYNN's Nail Supply Discount Flash Sale Consultez fr\u00e9quemment cette page pour b\u00e9n\u00e9ficier de nos remises sur les fournitures pour ongles ! Certaines offres peuvent durer des semaines, d'autres des jours et d'autres encore quelques heures !!! Ne ratez pas votre chance !!! Nous sommes convaincus que chaque femme a un potentiel \u00e9norme que nous voulons...","rel":"","context":"Similar post","block_context":{"text":"Similar post","link":""},"img":{"alt_text":"nail supply discount","src":"https:\/\/i0.wp.com\/victoriavynn.ca\/wp-content\/uploads\/2022\/12\/Flash-Sale-.webp?resize=350%2C200&ssl=1","width":350,"height":200,"srcset":"https:\/\/i0.wp.com\/victoriavynn.ca\/wp-content\/uploads\/2022\/12\/Flash-Sale-.webp?resize=350%2C200&ssl=1 1x, https:\/\/i0.wp.com\/victoriavynn.ca\/wp-content\/uploads\/2022\/12\/Flash-Sale-.webp?resize=525%2C300&ssl=1 1.5x, https:\/\/i0.wp.com\/victoriavynn.ca\/wp-content\/uploads\/2022\/12\/Flash-Sale-.webp?resize=700%2C400&ssl=1 2x"},"classes":[]}],"jetpack_sharing_enabled":true,"_links":{"self":[{"href":"https:\/\/victoriavynn.ca\/fr\/wp-json\/wp\/v2\/pages\/11087","targetHints":{"allow":["GET"]}}],"collection":[{"href":"https:\/\/victoriavynn.ca\/fr\/wp-json\/wp\/v2\/pages"}],"about":[{"href":"https:\/\/victoriavynn.ca\/fr\/wp-json\/wp\/v2\/types\/page"}],"author":[{"embeddable":true,"href":"https:\/\/victoriavynn.ca\/fr\/wp-json\/wp\/v2\/users\/1"}],"replies":[{"embeddable":true,"href":"https:\/\/victoriavynn.ca\/fr\/wp-json\/wp\/v2\/comments?post=11087"}],"version-history":[{"count":0,"href":"https:\/\/victoriavynn.ca\/fr\/wp-json\/wp\/v2\/pages\/11087\/revisions"}],"wp:attachment":[{"href":"https:\/\/victoriavynn.ca\/fr\/wp-json\/wp\/v2\/media?parent=11087"}],"curies":[{"name":"wp","href":"https:\/\/api.w.org\/{rel}","templated":true}]}}