{"id":11111,"date":"2023-03-13T21:05:51","date_gmt":"2023-03-14T01:05:51","guid":{"rendered":"https:\/\/victoriavynn.ca\/?page_id=11111"},"modified":"2025-11-23T11:08:03","modified_gmt":"2025-11-23T16:08:03","slug":"victoria-vynn-ambassadrice-de-la-marque-2025","status":"publish","type":"page","link":"https:\/\/victoriavynn.ca\/fr\/victoria-vynn-brand-ambassador-2025\/","title":{"rendered":"Ambassadrice de la marque"},"content":{"rendered":"<h1 class=\"wp-block-heading has-text-align-center has-huge-font-size\" id=\"brand-ambassadorship-program\">Programme d'ambassadeurs de la marque<\/h1>\n\n\n\n<h1 class=\"wp-block-heading has-text-align-center has-large-font-size\" id=\"are-you-interested-to-become-our-brand-ambassador-do-you-have-passion-for-nails-do-you-have-communication-skills-do-you-have-advertising-marketing-skills\">\u00cates-vous int\u00e9ress\u00e9(e) \u00e0 devenir notre ambassadeur de marque ?<\/h1>\n\n\n\n<h2 class=\"wp-block-heading has-text-align-center\" id=\"do-you-have-advertising-marketing-skills\">Avez-vous des comp\u00e9tences en mati\u00e8re de publicit\u00e9 et de marketing ?<\/h2>\n\n\n\n<h2 class=\"wp-block-heading has-text-align-center\" id=\"do-you-have-communication-skills\">Avez-vous des comp\u00e9tences en mati\u00e8re de communication ? <\/h2>\n\n\n\n<h2 class=\"wp-block-heading has-text-align-center\" id=\"do-you-have-communication-skills-1\">Avez-vous la passion des ongles ? <\/h2>\n\n\n\n<div class=\"wp-block-jetpack-slideshow aligncenter\" data-effect=\"slide\"><div class=\"wp-block-jetpack-slideshow_container swiper\"><ul class=\"wp-block-jetpack-slideshow_swiper-wrapper swiper-wrapper\"><li class=\"wp-block-jetpack-slideshow_slide swiper-slide\"><figure><img data-recalc-dims=\"1\" loading=\"lazy\" decoding=\"async\" width=\"635\" height=\"800\" alt=\"Victoria VYNN Canada Ambassadrice\" class=\"wp-block-jetpack-slideshow_image wp-image-11112\" data-id=\"11112\" src=\"https:\/\/i0.wp.com\/victoriavynn.ca\/wp-content\/uploads\/2023\/03\/ambassador.webp?resize=635%2C800\" title=\"\" srcset=\"https:\/\/i0.wp.com\/victoriavynn.ca\/wp-content\/uploads\/2023\/03\/ambassador.webp?w=635&amp;ssl=1 635w, https:\/\/i0.wp.com\/victoriavynn.ca\/wp-content\/uploads\/2023\/03\/ambassador.webp?resize=150%2C189&amp;ssl=1 150w, https:\/\/i0.wp.com\/victoriavynn.ca\/wp-content\/uploads\/2023\/03\/ambassador.webp?resize=416%2C524&amp;ssl=1 416w, https:\/\/i0.wp.com\/victoriavynn.ca\/wp-content\/uploads\/2023\/03\/ambassador.webp?resize=238%2C300&amp;ssl=1 238w, https:\/\/i0.wp.com\/victoriavynn.ca\/wp-content\/uploads\/2023\/03\/ambassador.webp?resize=10%2C12&amp;ssl=1 10w\" sizes=\"(max-width: 635px) 100vw, 635px\" \/><\/figure><\/li><\/ul><a class=\"wp-block-jetpack-slideshow_button-prev swiper-button-prev swiper-button-white\" role=\"button\"><\/a><a class=\"wp-block-jetpack-slideshow_button-next swiper-button-next swiper-button-white\" role=\"button\"><\/a><a aria-label=\"Pause du diaporama\" class=\"wp-block-jetpack-slideshow_button-pause\" role=\"button\"><\/a><div class=\"wp-block-jetpack-slideshow_pagination swiper-pagination swiper-pagination-white\"><\/div><\/div><\/div>\n\n\n\n<p style=\"font-style:normal;font-weight:400\">Rejoignez notre \u00e9quipe !<\/p>\n\n\n\n<p style=\"font-style:normal;font-weight:500\">L'innovation est la cl\u00e9 pour lib\u00e9rer votre potentiel en tant qu'ambassadeur d'une marque d'ongles de premier plan. Nous voulons travailler avec des talents motiv\u00e9s, capables de communiquer avec le public et de pr\u00e9senter leur travail au monde entier. Ensemble, nous pouvons nous soutenir mutuellement et nous concentrer sur la reconnaissance de la marque, tant pour l'artiste de l'ongle que pour la marque.<\/p>\n\n\n\n<p style=\"font-style:normal;font-weight:500\">Alors.....'\u00eates-vous passionn\u00e9e par les ongles et aimez-vous notre marque ? Vous avez du flair pour cr\u00e9er des d\u00e9tails d'ongles nouveaux et inspirants ? Vous avez une forte pr\u00e9sence sur les plateformes de m\u00e9dias sociaux et vous aimez partager votre travail ?<\/p>\n\n\n\n<p style=\"font-style:normal;font-weight:500\">Si vous r\u00e9pondez par l'affirmative et que vous pensez avoir ce qu'il faut pour devenir notre prochain ambassadeur de marque, envoyez un courriel \u00e0 sales@nailly.ca, en indiquant votre nom et vos coordonn\u00e9es (y compris vos r\u00e9seaux sociaux) ou en utilisant le formulaire de contact ci-dessous, et expliquez pourquoi vous pensez que vous seriez la personne qu'il vous faut.<\/p>\n\n\n\n<h1 class=\"wp-block-heading has-medium-font-size\" id=\"to-be-our-brand-ambassador-you-must-comply-with-the-following\">Conditions pour devenir ambassadeur de la marque <\/h1>\n\n\n\n<h3 class=\"wp-block-heading\" id=\"what-is-expected-from-ambassadors\">Ce que l'on attend des ambassadeurs :<\/h3>\n\n\n\n<ul class=\"wp-block-list\">\n<li>Faire une pr\u00e9sentation en direct par semaine<\/li>\n\n\n\n<li>Postez au moins 3 fois par semaine et mentionnez Victoria Vynn Canada dans tous les messages.<\/li>\n\n\n\n<li>Reshare Victoria Vynn Canada's posts<\/li>\n\n\n\n<li>\u00catre actif sur les m\u00e9dias sociaux et promouvoir activement Victoria Vynn Canada<\/li>\n\n\n\n<li>Indiquez sur votre profil que vous \u00eates un ambassadeur de Victoria Vynn Canada et partagez le lien.<\/li>\n<\/ul>\n\n\n\n<h3 class=\"wp-block-heading\" id=\"what-victoria-vynn-canada-offers-to-the-ambassadors\">Ce que Victoria Vynn Canada offre aux ambassadeurs :<\/h3>\n\n\n\n<ul class=\"wp-block-list\">\n<li>R\u00e9ductions exclusives sur les produits Victoria Vynn Canada<\/li>\n\n\n\n<li>Produits gratuits et articles promotionnels en fonction des achats mensuels.<\/li>\n\n\n\n<li>Commission sur les ventes r\u00e9alis\u00e9es par le biais du lien d'affiliation<\/li>\n\n\n\n<li>Possibilit\u00e9 de figurer sur les comptes de m\u00e9dias sociaux de Victoria Vynn Canada.<\/li>\n<\/ul>\n\n\n\n<div class=\"wpcf7 no-js\" id=\"wpcf7-f18874-o1\" lang=\"en-US\" dir=\"ltr\" data-wpcf7-id=\"18874\">\n<div class=\"screen-reader-response\"><p role=\"status\" aria-live=\"polite\" aria-atomic=\"true\"><\/p> <ul><\/ul><\/div>\n<form action=\"\/fr\/wp-json\/wp\/v2\/pages\/11111#wpcf7-f18874-o1\" method=\"post\" class=\"wpcf7-form init\" aria-label=\"Formulaire de contact\" enctype=\"multipart\/form-data\" novalidate=\"novalidate\" data-status=\"init\" data-trp-original-action=\"\/fr\/wp-json\/wp\/v2\/pages\/11111#wpcf7-f18874-o1\">\n<fieldset class=\"hidden-fields-container\"><input type=\"hidden\" name=\"_wpcf7\" value=\"18874\" \/><input type=\"hidden\" name=\"_wpcf7_version\" value=\"6.1.5\" \/><input type=\"hidden\" name=\"_wpcf7_locale\" value=\"en_US\" \/><input type=\"hidden\" name=\"_wpcf7_unit_tag\" value=\"wpcf7-f18874-o1\" \/><input type=\"hidden\" name=\"_wpcf7_container_post\" value=\"0\" \/><input type=\"hidden\" name=\"_wpcf7_posted_data_hash\" value=\"\" \/><input type=\"hidden\" name=\"_wpcf7_recaptcha_response\" value=\"\" \/>\n<\/fieldset>\n<p>Pr\u00e9nom (obligatoire)<br \/>\n<span class=\"wpcf7-form-control-wrap\" data-name=\"text-745\"><input size=\"40\" maxlength=\"400\" class=\"wpcf7-form-control wpcf7-text wpcf7-validates-as-required\" aria-required=\"true\" aria-invalid=\"false\" value=\"\" type=\"text\" name=\"text-745\" \/><\/span>\n<\/p>\n<p>Nom de famille (obligatoire)<br \/>\n<span class=\"wpcf7-form-control-wrap\" data-name=\"text-746\"><input size=\"40\" maxlength=\"400\" class=\"wpcf7-form-control wpcf7-text wpcf7-validates-as-required\" aria-required=\"true\" aria-invalid=\"false\" value=\"\" type=\"text\" name=\"text-746\" \/><\/span>\n<\/p>\n<p>E-mail (obligatoire)<br \/>\n<span class=\"wpcf7-form-control-wrap\" data-name=\"email-747\"><input size=\"40\" maxlength=\"400\" class=\"wpcf7-form-control wpcf7-email wpcf7-validates-as-required wpcf7-text wpcf7-validates-as-email\" aria-required=\"true\" aria-invalid=\"false\" value=\"\" type=\"email\" name=\"email-747\" \/><\/span>\n<\/p>\n<p>Num\u00e9ro de t\u00e9l\u00e9phone mobile (obligatoire)<br \/>\n<span class=\"wpcf7-form-control-wrap\" data-name=\"tel-748\"><input size=\"40\" maxlength=\"400\" class=\"wpcf7-form-control wpcf7-tel wpcf7-validates-as-required wpcf7-text wpcf7-validates-as-tel\" aria-required=\"true\" aria-invalid=\"false\" value=\"\" type=\"tel\" name=\"tel-748\" \/><\/span>\n<\/p>\n<p>Adresse (obligatoire)<br \/>\n<span class=\"wpcf7-form-control-wrap\" data-name=\"text-749\"><input size=\"40\" maxlength=\"400\" class=\"wpcf7-form-control wpcf7-text wpcf7-validates-as-required\" aria-required=\"true\" aria-invalid=\"false\" value=\"\" type=\"text\" name=\"text-749\" \/><\/span>\n<\/p>\n<p>Pays (obligatoire)<br \/>\n<span class=\"wpcf7-form-control-wrap\" data-name=\"radio-750\"><span class=\"wpcf7-form-control wpcf7-radio\"><span class=\"wpcf7-list-item first\"><label><input type=\"radio\" name=\"radio-750\" value=\"Canada\" checked=\"checked\" \/><span class=\"wpcf7-list-item-label\">Canada<\/span><\/label><\/span><span class=\"wpcf7-list-item last\"><label><input type=\"radio\" name=\"radio-750\" value=\"USA\" \/><span class=\"wpcf7-list-item-label\">\u00c9TATS-UNIS<\/span><\/label><\/span><\/span><\/span>\n<\/p>\n<p>Province\/\u00c9tat (obligatoire)<br \/>\n<span class=\"wpcf7-form-control-wrap\" data-name=\"text-751\"><input size=\"40\" maxlength=\"400\" class=\"wpcf7-form-control wpcf7-text wpcf7-validates-as-required\" aria-required=\"true\" aria-invalid=\"false\" value=\"\" type=\"text\" name=\"text-751\" \/><\/span>\n<\/p>\n<p>Code postal (obligatoire)<br \/>\n<span class=\"wpcf7-form-control-wrap\" data-name=\"text-752\"><input size=\"40\" maxlength=\"400\" class=\"wpcf7-form-control wpcf7-text wpcf7-validates-as-required\" aria-required=\"true\" aria-invalid=\"false\" value=\"\" type=\"text\" name=\"text-752\" \/><\/span>\n<\/p>\n<p><label> Instagram (facultatif)<br \/>\n<span class=\"wpcf7-form-control-wrap\" data-name=\"text-416\"><input size=\"40\" maxlength=\"400\" class=\"wpcf7-form-control wpcf7-text\" aria-invalid=\"false\" value=\"\" type=\"text\" name=\"text-416\" \/><\/span> <\/label>\n<\/p>\n<p><label> TikTok (optionnel)<br \/>\n<span class=\"wpcf7-form-control-wrap\" data-name=\"text-417\"><input size=\"40\" maxlength=\"400\" class=\"wpcf7-form-control wpcf7-text\" aria-invalid=\"false\" value=\"\" type=\"text\" name=\"text-417\" \/><\/span> <\/label>\n<\/p>\n<p><label> Facebook (facultatif)<br \/>\n<span class=\"wpcf7-form-control-wrap\" data-name=\"text-418\"><input size=\"40\" maxlength=\"400\" class=\"wpcf7-form-control wpcf7-text\" aria-invalid=\"false\" value=\"\" type=\"text\" name=\"text-418\" \/><\/span> <\/label>\n<\/p>\n<p>\u00cates-vous actuellement ambassadeur d'une autre marque ou avez-vous d\u00e9j\u00e0 \u00e9t\u00e9 ambassadeur ? (obligatoire)<br \/>\n<span class=\"wpcf7-form-control-wrap\" data-name=\"checkbox-54\"><span class=\"wpcf7-form-control wpcf7-checkbox\"><span class=\"wpcf7-list-item first\"><label><input type=\"checkbox\" name=\"checkbox-54[]\" value=\"No\" \/><span class=\"wpcf7-list-item-label\">Non<\/span><\/label><\/span><span class=\"wpcf7-list-item last\"><label><input type=\"checkbox\" name=\"checkbox-54[]\" value=\"Yes\" \/><span class=\"wpcf7-list-item-label\">Oui<\/span><\/label><\/span><\/span><\/span>\n<\/p>\n<p><label> Si la r\u00e9ponse \u00e0 la question pr\u00e9c\u00e9dente est \"oui\", veuillez indiquer les marques concern\u00e9es (facultatif).<br \/>\n<span class=\"wpcf7-form-control-wrap\" data-name=\"text-212\"><input size=\"40\" maxlength=\"400\" class=\"wpcf7-form-control wpcf7-text\" aria-invalid=\"false\" value=\"\" type=\"text\" name=\"text-212\" \/><\/span> <\/label>\n<\/p>\n<p><label> Liste des langues parl\u00e9es (obligatoire)<br \/>\n<span class=\"wpcf7-form-control-wrap\" data-name=\"textarea-449\"><textarea cols=\"40\" rows=\"10\" maxlength=\"2000\" class=\"wpcf7-form-control wpcf7-textarea wpcf7-validates-as-required\" aria-required=\"true\" aria-invalid=\"false\" name=\"textarea-449\"><\/textarea><\/span> <\/label>\n<\/p>\n<p><label> Liste des produits Victoria Vynn que vous avez d\u00e9j\u00e0 essay\u00e9s et indiquez le produit qui vous convient le mieux.<br \/>\nvotre favori (Obligatoire)<br \/>\n<span class=\"wpcf7-form-control-wrap\" data-name=\"textarea-656\"><textarea cols=\"40\" rows=\"10\" maxlength=\"2000\" class=\"wpcf7-form-control wpcf7-textarea wpcf7-validates-as-required\" aria-required=\"true\" aria-invalid=\"false\" name=\"textarea-656\"><\/textarea><\/span> <\/label>\n<\/p>\n<p>4 photos de clous que vous avez r\u00e9alis\u00e9s et dont vous \u00eates fiers (obligatoire) Max : 2Mb chacun<br \/>\n<span class=\"wpcf7-form-control-wrap\" data-name=\"file-224\"><input size=\"40\" class=\"wpcf7-form-control wpcf7-file wpcf7-validates-as-required\" accept=\".pdf,.jpg,.jpeg,.png\" aria-required=\"true\" aria-invalid=\"false\" type=\"file\" name=\"file-224\" \/><\/span><br \/>\n<span class=\"wpcf7-form-control-wrap\" data-name=\"file-249\"><input size=\"40\" class=\"wpcf7-form-control wpcf7-file wpcf7-validates-as-required\" accept=\".pdf,.jpg,.jpeg,.png\" aria-required=\"true\" aria-invalid=\"false\" type=\"file\" name=\"file-249\" \/><\/span><br \/>\n<span class=\"wpcf7-form-control-wrap\" data-name=\"file-763\"><input size=\"40\" class=\"wpcf7-form-control wpcf7-file wpcf7-validates-as-required\" accept=\".pdf,.jpg,.jpeg,.png\" aria-required=\"true\" aria-invalid=\"false\" type=\"file\" name=\"file-763\" \/><\/span><br \/>\n<span class=\"wpcf7-form-control-wrap\" data-name=\"file-602\"><input size=\"40\" class=\"wpcf7-form-control wpcf7-file wpcf7-validates-as-required\" accept=\".pdf,.jpg,.jpeg,.png\" aria-required=\"true\" aria-invalid=\"false\" type=\"file\" name=\"file-602\" \/><\/span>\n<\/p>\n<p>Certifications (requises) Max : 5Mb<br \/>\n<span class=\"wpcf7-form-control-wrap\" data-name=\"file-980\"><input size=\"40\" class=\"wpcf7-form-control wpcf7-file wpcf7-validates-as-required\" accept=\".pdf,.jpg,.jpeg,.png\" aria-required=\"true\" aria-invalid=\"false\" type=\"file\" name=\"file-980\" \/><\/span>\n<\/p>\n<p><label> Dites-nous pourquoi vous aimeriez faire partie de la famille Victoria Vynn Canada (Obligatoire)<br \/>\n<span class=\"wpcf7-form-control-wrap\" data-name=\"your-message\"><textarea cols=\"40\" rows=\"10\" maxlength=\"2000\" class=\"wpcf7-form-control wpcf7-textarea wpcf7-validates-as-required\" aria-required=\"true\" aria-invalid=\"false\" name=\"your-message\"><\/textarea><\/span> <\/label>\n<\/p>\n<p><input class=\"wpcf7-form-control wpcf7-submit has-spinner\" type=\"submit\" value=\"Soumettre\" \/><br \/>\n<span class=\"wpcf7-form-control-wrap recaptcha\" data-name=\"recaptcha\"><span data-sitekey=\"6Leq1KQhAAAAADVsalXGoZccO4l_lvvCCCBN6xpc\" class=\"wpcf7-form-control wpcf7-recaptcha g-recaptcha\"><\/span>\r\n<noscript>\r\n\t<div class=\"grecaptcha-noscript\">\r\n\t\t<iframe loading=\"lazy\" src=\"https:\/\/www.google.com\/recaptcha\/api\/fallback?k=6Leq1KQhAAAAADVsalXGoZccO4l_lvvCCCBN6xpc\" frameborder=\"0\" scrolling=\"no\" width=\"310\" height=\"430\">\r\n\t\t<\/iframe>\r\n\t\t<textarea name=\"g-recaptcha-response\" rows=\"3\" cols=\"40\" placeholder=\"R\u00e9ponse reCaptcha ici\">\r\n\t\t<\/textarea>\r\n\t<\/div>\r\n<\/noscript>\r\n<\/span>\n<\/p><input type='hidden' class='wpcf7-pum' value='{\"closepopup\":false,\"closedelay\":0,\"openpopup\":false,\"openpopup_id\":0}' \/><div class=\"wpcf7-response-output\" aria-hidden=\"true\"><\/div>\n<input type=\"hidden\" name=\"trp-form-language\" value=\"fr\"\/><\/form>\n<\/div>\n\n\n\n\n<p><a href=\"https:\/\/victoriavynn.com\/en\/news.html\" target=\"_blank\" rel=\"noreferrer noopener\">Prochaines nouvelles de Victoria VYNN !<\/a><\/p>\n\n\n\n<p><\/p>","protected":false},"excerpt":{"rendered":"<p>Brand Ambassadorship Program Are you Interested to become our Brand Ambassador? Do you have Advertising &amp; Marketing Skills? Do you have Communication Skills? Do you have Passion for Nails? Join our Team! Innovation is key to unlocking your potential as a leading nail brand ambassador. We want to work with motivated talent that can connect [&hellip;]<\/p>\n","protected":false},"author":1,"featured_media":0,"parent":0,"menu_order":0,"comment_status":"closed","ping_status":"closed","template":"","meta":{"jetpack_post_was_ever_published":false,"footnotes":""},"class_list":["post-11111","page","type-page","status-publish","hentry"],"jetpack-related-posts":[{"id":2,"url":"https:\/\/victoriavynn.ca\/fr\/","url_meta":{"origin":11111,"position":0},"title":"Victoria VYNN Canada","author":"Serge Sahakian","date":"janvier 29, 2019","format":false,"excerpt":"Le magasin de fournitures pour ongles pr\u00e9f\u00e9r\u00e9 ! Satisfaction garantie ! Vente Flash Quelques faits sur notre magasin \"unique\" de fournitures pour les ongles \"La beaut\u00e9 est la v\u00e9rit\u00e9, la v\u00e9rit\u00e9 est la beaut\u00e9. \"John Keats Nous sommes convaincus que chaque femme poss\u00e8de un \u00e9norme potentiel que nous voulons lib\u00e9rer. Nous nous assurons que gr\u00e2ce \u00e0 des ongles magnifiques, les femmes d\u00e9couvrent ce pouvoir en elles...","rel":"","context":"Similar post","block_context":{"text":"Similar post","link":""},"img":{"alt_text":"","src":"https:\/\/i0.wp.com\/victoriavynn.ca\/wp-content\/uploads\/2023\/10\/explore-the-world.webp?resize=350%2C200&ssl=1","width":350,"height":200},"classes":[]},{"id":35612,"url":"https:\/\/victoriavynn.ca\/fr\/msmo-2\/","url_meta":{"origin":11111,"position":1},"title":"MSMO","author":"Serge Sahakian","date":"octobre 17, 2025","format":false,"excerpt":"MSMO MSMO (Mon Style, Mes Ongles) est une marque qu\u00e9b\u00e9coise de produits de beaut\u00e9 sp\u00e9cialis\u00e9e dans les produits et outils professionnels pour les ongles, qui s'adresse principalement aux proth\u00e9sistes ongulaires et aux salons de manucure. La marque met l'accent sur la cr\u00e9ativit\u00e9 et la performance, en offrant des \u00e9quipements de haute qualit\u00e9 tels que des limes \u00e0 ongles \u00e9lectriques, des machines \u00e0 a\u00e9rographe et des peintures \u00e0 a\u00e9rographe ultra-pigment\u00e9es. Ses produits sont con\u00e7us...","rel":"","context":"Similar post","block_context":{"text":"Similar post","link":""},"img":{"alt_text":"msmo","src":"https:\/\/i0.wp.com\/victoriavynn.ca\/wp-content\/uploads\/2025\/10\/msmo-scaled.webp?resize=350%2C200&ssl=1","width":350,"height":200,"srcset":"https:\/\/i0.wp.com\/victoriavynn.ca\/wp-content\/uploads\/2025\/10\/msmo-scaled.webp?resize=350%2C200&ssl=1 1x, https:\/\/i0.wp.com\/victoriavynn.ca\/wp-content\/uploads\/2025\/10\/msmo-scaled.webp?resize=525%2C300&ssl=1 1.5x, https:\/\/i0.wp.com\/victoriavynn.ca\/wp-content\/uploads\/2025\/10\/msmo-scaled.webp?resize=700%2C400&ssl=1 2x, https:\/\/i0.wp.com\/victoriavynn.ca\/wp-content\/uploads\/2025\/10\/msmo-scaled.webp?resize=1050%2C600&ssl=1 3x, https:\/\/i0.wp.com\/victoriavynn.ca\/wp-content\/uploads\/2025\/10\/msmo-scaled.webp?resize=1400%2C800&ssl=1 4x"},"classes":[]},{"id":64,"url":"https:\/\/victoriavynn.ca\/fr\/products\/","url_meta":{"origin":11111,"position":2},"title":"Produits","author":"Serge Sahakian","date":"novembre 23, 2019","format":false,"excerpt":"Fournitures pour ongles de qualit\u00e9 sup\u00e9rieure pour les professionnels, les techniciens de l'ongle et les salons de beaut\u00e9 ! Dans son portefeuille de produits, la marque dispose d'une large gamme de couleurs de vernis hybrides, de gels constructeurs, de bases constructeurs, de gels acryliques, de divers produits d\u00e9coratifs, d'une large s\u00e9lection de vernis \u00e0 ongles classiques, de produits pour la r\u00e9g\u00e9n\u00e9ration et le soin des mains et des ongles. Victoria Vynn...","rel":"","context":"Similar post","block_context":{"text":"Similar post","link":""},"img":{"alt_text":"","src":"","width":0,"height":0},"classes":[]},{"id":9761,"url":"https:\/\/victoriavynn.ca\/fr\/victoria-vynn-usa-and-canada-official-store\/","url_meta":{"origin":11111,"position":3},"title":"Boutique officielle Victoria VYNN USA &amp; Canada","author":"Serge Sahakian","date":"novembre 23, 2019","format":false,"excerpt":"[smartslider3 slider=\"2\"] Official Victoria VYNN USA & Canada Store Premium Nail Supplies for Professionals, Nail Techs & Beauty Salons! In the product portfolio, the brand has a wide range of victoria vynn gel polish colors of hybrid polishes, builder gels, builderbases, acrylic-gels, various decorative products, a wide selection of classic\u2026","rel":"","context":"Similar post","block_context":{"text":"Similar post","link":""},"img":{"alt_text":"","src":"https:\/\/i0.wp.com\/victoriavynn.ca\/wp-content\/uploads\/2023\/01\/image-1.png?resize=350%2C200&ssl=1","width":350,"height":200,"srcset":"https:\/\/i0.wp.com\/victoriavynn.ca\/wp-content\/uploads\/2023\/01\/image-1.png?resize=350%2C200&ssl=1 1x, https:\/\/i0.wp.com\/victoriavynn.ca\/wp-content\/uploads\/2023\/01\/image-1.png?resize=525%2C300&ssl=1 1.5x"},"classes":[]},{"id":23,"url":"https:\/\/victoriavynn.ca\/fr\/contact-victoria-vynn-canada\/","url_meta":{"origin":11111,"position":4},"title":"Victoria VYNN Distribution autoris\u00e9e","author":"Serge Sahakian","date":"novembre 22, 2019","format":false,"excerpt":"Devenir un partenaire de distribution de Victoria VYNN au Canada \ud83d\udccd Provinces actuellement ouvertes aux candidatures Ontario - ON Colombie-Britannique - BC Alberta - AB Manitoba - MB Saskatchewan - SK Nouvelle-\u00c9cosse - NS Nouveau-Brunswick - NB \u00cele-du-Prince-\u00c9douard - PE Terre-Neuve-et-Labrador - NL Nous sommes...","rel":"","context":"Similar post","block_context":{"text":"Similar post","link":""},"img":{"alt_text":"","src":"https:\/\/i0.wp.com\/victoriavynn.ca\/wp-content\/uploads\/2023\/03\/Onglerie-Mam-Clod.webp?resize=350%2C200&ssl=1","width":350,"height":200,"srcset":"https:\/\/i0.wp.com\/victoriavynn.ca\/wp-content\/uploads\/2023\/03\/Onglerie-Mam-Clod.webp?resize=350%2C200&ssl=1 1x, https:\/\/i0.wp.com\/victoriavynn.ca\/wp-content\/uploads\/2023\/03\/Onglerie-Mam-Clod.webp?resize=525%2C300&ssl=1 1.5x, https:\/\/i0.wp.com\/victoriavynn.ca\/wp-content\/uploads\/2023\/03\/Onglerie-Mam-Clod.webp?resize=700%2C400&ssl=1 2x, https:\/\/i0.wp.com\/victoriavynn.ca\/wp-content\/uploads\/2023\/03\/Onglerie-Mam-Clod.webp?resize=1050%2C600&ssl=1 3x, https:\/\/i0.wp.com\/victoriavynn.ca\/wp-content\/uploads\/2023\/03\/Onglerie-Mam-Clod.webp?resize=1400%2C800&ssl=1 4x"},"classes":[]},{"id":21902,"url":"https:\/\/victoriavynn.ca\/fr\/ulka\/","url_meta":{"origin":11111,"position":5},"title":"\u00dcLKA","author":"Serge Sahakian","date":"mai 19, 2025","format":false,"excerpt":"\u00dcLKA \u00dcLKA est une entreprise ukrainienne sp\u00e9cialis\u00e9e dans la production d'\u00e9quipements professionnels pour l'industrie de la beaut\u00e9, en particulier les outils de manucure et de p\u00e9dicure. Fond\u00e9e en 2016, l'entreprise a commenc\u00e9 comme une petite entreprise et s'est depuis transform\u00e9e en une marque mondialement reconnue. L'entreprise est sp\u00e9cialis\u00e9e dans les d\u00e9poussi\u00e9reurs de haute qualit\u00e9 pour les manucures,...","rel":"","context":"Similar post","block_context":{"text":"Similar post","link":""},"img":{"alt_text":"","src":"https:\/\/i0.wp.com\/victoriavynn.ca\/wp-content\/uploads\/2025\/05\/ulka-catalogue-5.webp?resize=350%2C200&ssl=1","width":350,"height":200,"srcset":"https:\/\/i0.wp.com\/victoriavynn.ca\/wp-content\/uploads\/2025\/05\/ulka-catalogue-5.webp?resize=350%2C200&ssl=1 1x, https:\/\/i0.wp.com\/victoriavynn.ca\/wp-content\/uploads\/2025\/05\/ulka-catalogue-5.webp?resize=525%2C300&ssl=1 1.5x, https:\/\/i0.wp.com\/victoriavynn.ca\/wp-content\/uploads\/2025\/05\/ulka-catalogue-5.webp?resize=700%2C400&ssl=1 2x, https:\/\/i0.wp.com\/victoriavynn.ca\/wp-content\/uploads\/2025\/05\/ulka-catalogue-5.webp?resize=1050%2C600&ssl=1 3x"},"classes":[]}],"jetpack_sharing_enabled":true,"_links":{"self":[{"href":"https:\/\/victoriavynn.ca\/fr\/wp-json\/wp\/v2\/pages\/11111","targetHints":{"allow":["GET"]}}],"collection":[{"href":"https:\/\/victoriavynn.ca\/fr\/wp-json\/wp\/v2\/pages"}],"about":[{"href":"https:\/\/victoriavynn.ca\/fr\/wp-json\/wp\/v2\/types\/page"}],"author":[{"embeddable":true,"href":"https:\/\/victoriavynn.ca\/fr\/wp-json\/wp\/v2\/users\/1"}],"replies":[{"embeddable":true,"href":"https:\/\/victoriavynn.ca\/fr\/wp-json\/wp\/v2\/comments?post=11111"}],"version-history":[{"count":0,"href":"https:\/\/victoriavynn.ca\/fr\/wp-json\/wp\/v2\/pages\/11111\/revisions"}],"wp:attachment":[{"href":"https:\/\/victoriavynn.ca\/fr\/wp-json\/wp\/v2\/media?parent=11111"}],"curies":[{"name":"wp","href":"https:\/\/api.w.org\/{rel}","templated":true}]}}