{"id":11242,"date":"2023-03-19T12:20:21","date_gmt":"2023-03-19T16:20:21","guid":{"rendered":"https:\/\/victoriavynn.ca\/?page_id=11242"},"modified":"2026-04-22T21:47:19","modified_gmt":"2026-04-23T01:47:19","slug":"nous-contacter","status":"publish","type":"page","link":"https:\/\/victoriavynn.ca\/fr\/contact-us\/","title":{"rendered":"Nous contacter"},"content":{"rendered":"<figure class=\"wp-block-image aligncenter size-full\"><a href=\"https:\/\/i0.wp.com\/victoriavynn.ca\/wp-content\/uploads\/2022\/12\/its-me.webp?ssl=1\"><img data-recalc-dims=\"1\" loading=\"lazy\" decoding=\"async\" width=\"489\" height=\"83\" src=\"https:\/\/i0.wp.com\/victoriavynn.ca\/wp-content\/uploads\/2022\/12\/its-me.webp?resize=489%2C83&#038;ssl=1\" alt=\"catalogue victoria vynn\" class=\"wp-image-8103\" title=\"\" srcset=\"https:\/\/i0.wp.com\/victoriavynn.ca\/wp-content\/uploads\/2022\/12\/its-me.webp?w=489&amp;ssl=1 489w, https:\/\/i0.wp.com\/victoriavynn.ca\/wp-content\/uploads\/2022\/12\/its-me.webp?resize=150%2C25&amp;ssl=1 150w, https:\/\/i0.wp.com\/victoriavynn.ca\/wp-content\/uploads\/2022\/12\/its-me.webp?resize=416%2C71&amp;ssl=1 416w\" sizes=\"auto, (max-width: 489px) 100vw, 489px\" \/><\/a><figcaption class=\"wp-element-caption\"> <\/figcaption><\/figure>\n\n\n\n<p class=\"has-text-align-center\">\u00cates-vous int\u00e9ress\u00e9 \u00e0 devenir notre partenaire commercial ? Si vous \u00eates notre client ou notre partenaire commercial et que vous avez des questions sur les produits ou la soci\u00e9t\u00e9, veuillez contacter le centre client\u00e8le de Victoria VYNN Canada en remplissant le formulaire ci-dessous avec toutes vos demandes ou envoyez-nous simplement un e-mail \u00e0 sales@nailly.ca.<\/p>\n\n\n\n<p class=\"has-text-align-center\">Nous vous r\u00e9pondrons dans un d\u00e9lai de moins de 24 heures.<\/p>\n\n\n<div class=\"wp-block-jetpack-contact-form is-vertical is-content-justification-left is-nowrap is-layout-flex wp-container-jetpack-contact-form-is-layout-e17988f4 wp-block-jetpack-contact-form-is-layout-flex\"><a href=\"https:\/\/victoriavynn.ca\/fr\/contact-us\/\" target=\"_blank\" rel=\"noopener noreferrer\">Submit a form.<\/a><\/div>\n\n\n\n<figure class=\"wp-block-image aligncenter size-large is-resized\"><img data-recalc-dims=\"1\" loading=\"lazy\" decoding=\"async\" width=\"1024\" height=\"413\" src=\"https:\/\/i0.wp.com\/victoriavynn.ca\/wp-content\/uploads\/2026\/02\/nailly-logo-horizontal.webp?resize=1024%2C413&#038;ssl=1\" alt=\"logo nailly horizontal\" class=\"wp-image-50707\" style=\"aspect-ratio:2.4794455684215055;width:218px;height:auto\" title=\"\" srcset=\"https:\/\/i0.wp.com\/victoriavynn.ca\/wp-content\/uploads\/2026\/02\/nailly-logo-horizontal.webp?resize=1024%2C413&amp;ssl=1 1024w, https:\/\/i0.wp.com\/victoriavynn.ca\/wp-content\/uploads\/2026\/02\/nailly-logo-horizontal.webp?resize=300%2C121&amp;ssl=1 300w, https:\/\/i0.wp.com\/victoriavynn.ca\/wp-content\/uploads\/2026\/02\/nailly-logo-horizontal.webp?resize=768%2C310&amp;ssl=1 768w, https:\/\/i0.wp.com\/victoriavynn.ca\/wp-content\/uploads\/2026\/02\/nailly-logo-horizontal.webp?resize=18%2C7&amp;ssl=1 18w, https:\/\/i0.wp.com\/victoriavynn.ca\/wp-content\/uploads\/2026\/02\/nailly-logo-horizontal.webp?resize=990%2C399&amp;ssl=1 990w, https:\/\/i0.wp.com\/victoriavynn.ca\/wp-content\/uploads\/2026\/02\/nailly-logo-horizontal.webp?resize=441%2C178&amp;ssl=1 441w, https:\/\/i0.wp.com\/victoriavynn.ca\/wp-content\/uploads\/2026\/02\/nailly-logo-horizontal.webp?resize=200%2C81&amp;ssl=1 200w, https:\/\/i0.wp.com\/victoriavynn.ca\/wp-content\/uploads\/2026\/02\/nailly-logo-horizontal.webp?resize=750%2C302&amp;ssl=1 750w, https:\/\/i0.wp.com\/victoriavynn.ca\/wp-content\/uploads\/2026\/02\/nailly-logo-horizontal.webp?resize=150%2C60&amp;ssl=1 150w, https:\/\/i0.wp.com\/victoriavynn.ca\/wp-content\/uploads\/2026\/02\/nailly-logo-horizontal.webp?resize=64%2C26&amp;ssl=1 64w, https:\/\/i0.wp.com\/victoriavynn.ca\/wp-content\/uploads\/2026\/02\/nailly-logo-horizontal.webp?w=1153&amp;ssl=1 1153w\" sizes=\"auto, (max-width: 1024px) 100vw, 1024px\" \/><figcaption class=\"wp-element-caption\"> <\/figcaption><\/figure>\n\n\n\n<div class=\"wp-block-group has-global-padding is-layout-constrained wp-container-core-group-is-layout-19e250f3 wp-block-group-is-layout-constrained\">\n<p class=\"has-text-align-center\">+1 (438) 507-3830 (anglais)<\/p>\n\n\n\n<p class=\"has-text-align-center\">+1 (438) 379-8626 (Fran\u00e7ais)<\/p>\n\n\n\n<p class=\"has-text-align-center\">Du lundi au vendredi de 9h00 \u00e0 20h00 (heure de l'Est)<\/p>\n\n\n\n<p class=\"has-text-align-center\">Samedi 9:00-14:00 (heure de l'Est)<\/p>\n\n\n\n<p class=\"has-text-align-center\">3730 Rue Andre Du Bouchet, Laval H7P 0E7, QC, Canada<\/p>\n\n\n\n<p class=\"has-text-align-center\">sales@nailly.ca<\/p>\n<\/div>","protected":false},"excerpt":{"rendered":"<p>Are you Interested to become our business partner? If you are our customer or business partner and have any questions about the products or the company, please contact Victoria VYNN Canada\u2019s Customer Center by filling the form below with all your enquires or simply send us an e-mail at&nbsp;sales@nailly.ca We will get back to within [&hellip;]<\/p>\n","protected":false},"author":1,"featured_media":0,"parent":0,"menu_order":0,"comment_status":"closed","ping_status":"closed","template":"","meta":{"jetpack_post_was_ever_published":false,"footnotes":""},"class_list":["post-11242","page","type-page","status-publish","hentry"],"jetpack-related-posts":[{"id":23,"url":"https:\/\/victoriavynn.ca\/fr\/contact-victoria-vynn-canada\/","url_meta":{"origin":11242,"position":0},"title":"Victoria VYNN Distribution autoris\u00e9e","author":"Serge Sahakian","date":"novembre 22, 2019","format":false,"excerpt":"Devenir un partenaire de distribution de Victoria VYNN au Canada \ud83d\udccd Provinces actuellement ouvertes aux candidatures Ontario - ON Colombie-Britannique - BC Alberta - AB Manitoba - MB Saskatchewan - SK Nouvelle-\u00c9cosse - NS Nouveau-Brunswick - NB \u00cele-du-Prince-\u00c9douard - PE Terre-Neuve-et-Labrador - NL Nous sommes...","rel":"","context":"Similar post","block_context":{"text":"Similar post","link":""},"img":{"alt_text":"","src":"https:\/\/i0.wp.com\/victoriavynn.ca\/wp-content\/uploads\/2023\/03\/Onglerie-Mam-Clod.webp?resize=350%2C200&ssl=1","width":350,"height":200,"srcset":"https:\/\/i0.wp.com\/victoriavynn.ca\/wp-content\/uploads\/2023\/03\/Onglerie-Mam-Clod.webp?resize=350%2C200&ssl=1 1x, https:\/\/i0.wp.com\/victoriavynn.ca\/wp-content\/uploads\/2023\/03\/Onglerie-Mam-Clod.webp?resize=525%2C300&ssl=1 1.5x, https:\/\/i0.wp.com\/victoriavynn.ca\/wp-content\/uploads\/2023\/03\/Onglerie-Mam-Clod.webp?resize=700%2C400&ssl=1 2x, https:\/\/i0.wp.com\/victoriavynn.ca\/wp-content\/uploads\/2023\/03\/Onglerie-Mam-Clod.webp?resize=1050%2C600&ssl=1 3x, https:\/\/i0.wp.com\/victoriavynn.ca\/wp-content\/uploads\/2023\/03\/Onglerie-Mam-Clod.webp?resize=1400%2C800&ssl=1 4x"},"classes":[]},{"id":3812,"url":"https:\/\/victoriavynn.ca\/fr\/wholesale-nail-supply\/","url_meta":{"origin":11242,"position":1},"title":"Victoria VYNN Canada &amp; USA Wholesale","author":"Serge Sahakian","date":"ao\u00fbt 27, 2022","format":false,"excerpt":"Victoria VYNN Canada &amp; USA Wholesale Faites partie de notre famille Victoria VYNN et d\u00e9couvrez de nouvelles opportunit\u00e9s d'avancement. Nous recommandons l'offre de Victoria Vynn pour les salons de beaut\u00e9, les installations SPA et les clients exigeants. Dans son portefeuille de produits, la marque propose une large gamme de couleurs de vernis hybrides, de gels de construction, de bases de construction, de gels acryliques,...","rel":"","context":"Similar post","block_context":{"text":"Similar post","link":""},"img":{"alt_text":"Wholesale nail supply","src":"https:\/\/i0.wp.com\/victoriavynn.ca\/wp-content\/uploads\/2022\/12\/Wholesale-nail-supply-.webp?resize=350%2C200&ssl=1","width":350,"height":200,"srcset":"https:\/\/i0.wp.com\/victoriavynn.ca\/wp-content\/uploads\/2022\/12\/Wholesale-nail-supply-.webp?resize=350%2C200&ssl=1 1x, https:\/\/i0.wp.com\/victoriavynn.ca\/wp-content\/uploads\/2022\/12\/Wholesale-nail-supply-.webp?resize=525%2C300&ssl=1 1.5x"},"classes":[]},{"id":11111,"url":"https:\/\/victoriavynn.ca\/fr\/victoria-vynn-brand-ambassador-2025\/","url_meta":{"origin":11242,"position":2},"title":"Ambassadrice de la marque","author":"Serge Sahakian","date":"mars 13, 2023","format":false,"excerpt":"Programme d'ambassadeurs de marque \u00cates-vous int\u00e9ress\u00e9(e) par le poste d'ambassadeur de marque ? Avez-vous des comp\u00e9tences en mati\u00e8re de publicit\u00e9 et de marketing ? Avez-vous des comp\u00e9tences en communication ? Vous \u00eates passionn\u00e9(e) par les ongles ? Rejoignez notre \u00e9quipe ! L'innovation est la cl\u00e9 pour lib\u00e9rer votre potentiel en tant qu'ambassadrice d'une marque d'ongles de premier plan. Nous voulons travailler avec...","rel":"","context":"Similar post","block_context":{"text":"Similar post","link":""},"img":{"alt_text":"","src":"https:\/\/i0.wp.com\/victoriavynn.ca\/wp-content\/uploads\/2023\/03\/ambassador.webp?resize=350%2C200&ssl=1","width":350,"height":200,"srcset":"https:\/\/i0.wp.com\/victoriavynn.ca\/wp-content\/uploads\/2023\/03\/ambassador.webp?resize=350%2C200&ssl=1 1x, https:\/\/i0.wp.com\/victoriavynn.ca\/wp-content\/uploads\/2023\/03\/ambassador.webp?resize=525%2C300&ssl=1 1.5x"},"classes":[]},{"id":2221,"url":"https:\/\/victoriavynn.ca\/fr\/terms-and-conditions\/","url_meta":{"origin":11242,"position":3},"title":"Termes et conditions","author":"Serge Sahakian","date":"ao\u00fbt 18, 2022","format":false,"excerpt":"Conditions g\u00e9n\u00e9rales Politique de retour et de remboursement Vue d'ensemble Notre politique de retour et de remboursement dure 30 jours. Si 30 jours se sont \u00e9coul\u00e9s depuis votre achat, nous ne pouvons pas vous offrir un remboursement complet ou un \u00e9change. Pour pouvoir \u00eatre retourn\u00e9, votre article doit \u00eatre inutilis\u00e9 et dans le m\u00eame \u00e9tat que...","rel":"","context":"Similar post","block_context":{"text":"Similar post","link":""},"img":{"alt_text":"","src":"","width":0,"height":0},"classes":[]},{"id":35683,"url":"https:\/\/victoriavynn.ca\/fr\/msmo-dual-forms\/","url_meta":{"origin":11242,"position":4},"title":"MSMO double forme","author":"Serge Sahakian","date":"octobre 17, 2025","format":false,"excerpt":"MSMO Dual Forms MSMO Dual Forms are a smart tool for creating strong, perfectly shaped nail extensions with ease. Made from flexible yet firm material, they support natural shaping and help sculpt ideal arches and nail lengths. Included are a variety of sizes, so you get a snug fit on\u2026","rel":"","context":"Similar post","block_context":{"text":"Similar post","link":""},"img":{"alt_text":"dual forms msmo","src":"https:\/\/i0.wp.com\/victoriavynn.ca\/wp-content\/uploads\/2025\/10\/popit-4.png?resize=350%2C200&ssl=1","width":350,"height":200,"srcset":"https:\/\/i0.wp.com\/victoriavynn.ca\/wp-content\/uploads\/2025\/10\/popit-4.png?resize=350%2C200&ssl=1 1x, https:\/\/i0.wp.com\/victoriavynn.ca\/wp-content\/uploads\/2025\/10\/popit-4.png?resize=525%2C300&ssl=1 1.5x, https:\/\/i0.wp.com\/victoriavynn.ca\/wp-content\/uploads\/2025\/10\/popit-4.png?resize=700%2C400&ssl=1 2x, https:\/\/i0.wp.com\/victoriavynn.ca\/wp-content\/uploads\/2025\/10\/popit-4.png?resize=1050%2C600&ssl=1 3x, https:\/\/i0.wp.com\/victoriavynn.ca\/wp-content\/uploads\/2025\/10\/popit-4.png?resize=1400%2C800&ssl=1 4x"},"classes":[]},{"id":9247,"url":"https:\/\/victoriavynn.ca\/fr\/staleks-manicure-tool-sets\/","url_meta":{"origin":11242,"position":5},"title":"Staleks","author":"Serge Sahakian","date":"D\u00e9cembre 31, 2022","format":false,"excerpt":"Staleks Professional Nail Tools Staleks se consacre \u00e0 la qualit\u00e9 de ses produits. Le cycle de production comprend des processus d'assurance qualit\u00e9 \u00e0 l'entr\u00e9e et \u00e0 la sortie. La qualit\u00e9 des mati\u00e8res premi\u00e8res entrantes est v\u00e9rifi\u00e9e dans les laboratoires certifi\u00e9s o\u00f9 les aspects physiques et chimiques de l'acier sont analys\u00e9s. L'acier inoxydable de qualit\u00e9 m\u00e9dicale import\u00e9 d'Espagne est utilis\u00e9...","rel":"","context":"Similar post","block_context":{"text":"Similar post","link":""},"img":{"alt_text":"Staleks High Quality Salon Nail Tools","src":"https:\/\/i0.wp.com\/victoriavynn.ca\/wp-content\/uploads\/2023\/01\/Staleks-Logo.webp?resize=350%2C200&ssl=1","width":350,"height":200,"srcset":"https:\/\/i0.wp.com\/victoriavynn.ca\/wp-content\/uploads\/2023\/01\/Staleks-Logo.webp?resize=350%2C200&ssl=1 1x, https:\/\/i0.wp.com\/victoriavynn.ca\/wp-content\/uploads\/2023\/01\/Staleks-Logo.webp?resize=525%2C300&ssl=1 1.5x, https:\/\/i0.wp.com\/victoriavynn.ca\/wp-content\/uploads\/2023\/01\/Staleks-Logo.webp?resize=700%2C400&ssl=1 2x"},"classes":[]}],"jetpack_sharing_enabled":true,"_links":{"self":[{"href":"https:\/\/victoriavynn.ca\/fr\/wp-json\/wp\/v2\/pages\/11242","targetHints":{"allow":["GET"]}}],"collection":[{"href":"https:\/\/victoriavynn.ca\/fr\/wp-json\/wp\/v2\/pages"}],"about":[{"href":"https:\/\/victoriavynn.ca\/fr\/wp-json\/wp\/v2\/types\/page"}],"author":[{"embeddable":true,"href":"https:\/\/victoriavynn.ca\/fr\/wp-json\/wp\/v2\/users\/1"}],"replies":[{"embeddable":true,"href":"https:\/\/victoriavynn.ca\/fr\/wp-json\/wp\/v2\/comments?post=11242"}],"version-history":[{"count":3,"href":"https:\/\/victoriavynn.ca\/fr\/wp-json\/wp\/v2\/pages\/11242\/revisions"}],"predecessor-version":[{"id":53574,"href":"https:\/\/victoriavynn.ca\/fr\/wp-json\/wp\/v2\/pages\/11242\/revisions\/53574"}],"wp:attachment":[{"href":"https:\/\/victoriavynn.ca\/fr\/wp-json\/wp\/v2\/media?parent=11242"}],"curies":[{"name":"wp","href":"https:\/\/api.w.org\/{rel}","templated":true}]}}