{"id":12404,"date":"2023-06-06T12:20:52","date_gmt":"2023-06-06T16:20:52","guid":{"rendered":"https:\/\/victoriavynn.ca\/?page_id=12404"},"modified":"2024-09-24T19:51:07","modified_gmt":"2024-09-24T23:51:07","slug":"nailly-professional-salon-essentials","status":"publish","type":"page","link":"https:\/\/victoriavynn.ca\/fr\/nailly-professional-salon-essentials\/","title":{"rendered":"Nailly Professional Salon Essentials (en anglais)"},"content":{"rendered":"<h1 class=\"wp-block-heading has-text-align-center has-large-font-size\" id=\"nailly-professional-high-end-salon-essentials\">Nailly Professional Essentiels de salon haut de gamme<\/h1>\n\n\n\n<p class=\"has-text-align-center\">Explorez notre riche portefeuille de produits essentiels pour les salons de beaut\u00e9 ! Notre collection comprend <a href=\"https:\/\/victoriavynn.ca\/fr\/nailly-manicure-accessoires-de-soin-des-ongles\/\" target=\"_blank\" rel=\"noreferrer noopener\">Pince \u00e0 cuticules en acier inoxydable<\/a>, <a href=\"https:\/\/victoriavynn.ca\/fr\/forets-a-clous-nailly-en-ceramique-et-en-carbure\/\" target=\"_blank\" rel=\"noreferrer noopener\">Forets \u00e0 clous en carbure et en c\u00e9ramique<\/a>, <a href=\"https:\/\/victoriavynn.ca\/fr\/nailly-lampes-a-ongles-uv-led\/\" target=\"_blank\" rel=\"noreferrer noopener\">Lampes \u00e0 ongles LED UV sans fil<\/a>, <a href=\"https:\/\/victoriavynn.ca\/fr\/machines-a-limer-nailly-e\/\" target=\"_blank\" rel=\"noreferrer noopener\">Machines professionnelles de classement \u00e9lectronique \u00e0 45 000 tours\/minute<\/a> et bien d'autres encore...<\/p>\n\n\n\n<div class=\"wp-block-jetpack-slideshow aligncenter\" data-effect=\"slide\"><div class=\"wp-block-jetpack-slideshow_container swiper-container\"><ul class=\"wp-block-jetpack-slideshow_swiper-wrapper swiper-wrapper\"><li class=\"wp-block-jetpack-slideshow_slide swiper-slide\"><figure><img data-recalc-dims=\"1\" loading=\"lazy\" decoding=\"async\" width=\"750\" height=\"1000\" alt=\"lampe \u00e0 ongles rechargeable uv led Salon Essentials\" class=\"wp-block-jetpack-slideshow_image wp-image-12402\" data-id=\"12402\" src=\"https:\/\/i0.wp.com\/victoriavynn.ca\/wp-content\/uploads\/2023\/06\/rechargeable-uv-led-nail-lamp.webp?resize=750%2C1000&#038;ssl=1\" title=\"\" srcset=\"https:\/\/i0.wp.com\/victoriavynn.ca\/wp-content\/uploads\/2023\/06\/rechargeable-uv-led-nail-lamp.webp?w=750&amp;ssl=1 750w, https:\/\/i0.wp.com\/victoriavynn.ca\/wp-content\/uploads\/2023\/06\/rechargeable-uv-led-nail-lamp.webp?resize=225%2C300&amp;ssl=1 225w, https:\/\/i0.wp.com\/victoriavynn.ca\/wp-content\/uploads\/2023\/06\/rechargeable-uv-led-nail-lamp.webp?resize=9%2C12&amp;ssl=1 9w, https:\/\/i0.wp.com\/victoriavynn.ca\/wp-content\/uploads\/2023\/06\/rechargeable-uv-led-nail-lamp.webp?resize=324%2C432&amp;ssl=1 324w, https:\/\/i0.wp.com\/victoriavynn.ca\/wp-content\/uploads\/2023\/06\/rechargeable-uv-led-nail-lamp.webp?resize=416%2C555&amp;ssl=1 416w, https:\/\/i0.wp.com\/victoriavynn.ca\/wp-content\/uploads\/2023\/06\/rechargeable-uv-led-nail-lamp.webp?resize=150%2C200&amp;ssl=1 150w\" sizes=\"(max-width: 750px) 100vw, 750px\" \/><\/figure><\/li><li class=\"wp-block-jetpack-slideshow_slide swiper-slide\"><figure><img data-recalc-dims=\"1\" loading=\"lazy\" decoding=\"async\" width=\"750\" height=\"1000\" alt=\"Nailly professional E-file Machine US-809 35,000 RPM Salon Essentials\" class=\"wp-block-jetpack-slideshow_image wp-image-12392\" data-id=\"12392\" src=\"https:\/\/i0.wp.com\/victoriavynn.ca\/wp-content\/uploads\/2023\/06\/Nailly-professional-E-file-Machine-US-809-35000-RPM.webp?resize=750%2C1000&#038;ssl=1\" title=\"\" srcset=\"https:\/\/i0.wp.com\/victoriavynn.ca\/wp-content\/uploads\/2023\/06\/Nailly-professional-E-file-Machine-US-809-35000-RPM.webp?w=750&amp;ssl=1 750w, https:\/\/i0.wp.com\/victoriavynn.ca\/wp-content\/uploads\/2023\/06\/Nailly-professional-E-file-Machine-US-809-35000-RPM.webp?resize=225%2C300&amp;ssl=1 225w, https:\/\/i0.wp.com\/victoriavynn.ca\/wp-content\/uploads\/2023\/06\/Nailly-professional-E-file-Machine-US-809-35000-RPM.webp?resize=9%2C12&amp;ssl=1 9w, https:\/\/i0.wp.com\/victoriavynn.ca\/wp-content\/uploads\/2023\/06\/Nailly-professional-E-file-Machine-US-809-35000-RPM.webp?resize=324%2C432&amp;ssl=1 324w, https:\/\/i0.wp.com\/victoriavynn.ca\/wp-content\/uploads\/2023\/06\/Nailly-professional-E-file-Machine-US-809-35000-RPM.webp?resize=416%2C555&amp;ssl=1 416w, https:\/\/i0.wp.com\/victoriavynn.ca\/wp-content\/uploads\/2023\/06\/Nailly-professional-E-file-Machine-US-809-35000-RPM.webp?resize=150%2C200&amp;ssl=1 150w\" sizes=\"(max-width: 750px) 100vw, 750px\" \/><\/figure><\/li><li class=\"wp-block-jetpack-slideshow_slide swiper-slide\"><figure><img data-recalc-dims=\"1\" loading=\"lazy\" decoding=\"async\" width=\"750\" height=\"1000\" alt=\"Nailly Pinceaux professionnels pour le Nail Art Pack de 5 Nailly Manicure Accessoires pour le soin des ongles Salon Essentials\" class=\"wp-block-jetpack-slideshow_image wp-image-12384\" data-id=\"12384\" src=\"https:\/\/i0.wp.com\/victoriavynn.ca\/wp-content\/uploads\/2023\/06\/Nailly-Professional-Nail-Art-Brushes-Pack-of-5.webp?resize=750%2C1000&#038;ssl=1\" title=\"\" srcset=\"https:\/\/i0.wp.com\/victoriavynn.ca\/wp-content\/uploads\/2023\/06\/Nailly-Professional-Nail-Art-Brushes-Pack-of-5.webp?w=750&amp;ssl=1 750w, https:\/\/i0.wp.com\/victoriavynn.ca\/wp-content\/uploads\/2023\/06\/Nailly-Professional-Nail-Art-Brushes-Pack-of-5.webp?resize=225%2C300&amp;ssl=1 225w, https:\/\/i0.wp.com\/victoriavynn.ca\/wp-content\/uploads\/2023\/06\/Nailly-Professional-Nail-Art-Brushes-Pack-of-5.webp?resize=9%2C12&amp;ssl=1 9w, https:\/\/i0.wp.com\/victoriavynn.ca\/wp-content\/uploads\/2023\/06\/Nailly-Professional-Nail-Art-Brushes-Pack-of-5.webp?resize=324%2C432&amp;ssl=1 324w, https:\/\/i0.wp.com\/victoriavynn.ca\/wp-content\/uploads\/2023\/06\/Nailly-Professional-Nail-Art-Brushes-Pack-of-5.webp?resize=416%2C555&amp;ssl=1 416w, https:\/\/i0.wp.com\/victoriavynn.ca\/wp-content\/uploads\/2023\/06\/Nailly-Professional-Nail-Art-Brushes-Pack-of-5.webp?resize=150%2C200&amp;ssl=1 150w\" sizes=\"(max-width: 750px) 100vw, 750px\" \/><\/figure><\/li><li class=\"wp-block-jetpack-slideshow_slide swiper-slide\"><figure><img data-recalc-dims=\"1\" loading=\"lazy\" decoding=\"async\" width=\"659\" height=\"997\" alt=\"Forets \u00e0 ongles en c\u00e9ramique et en carbure Salon Essentials\" class=\"wp-block-jetpack-slideshow_image wp-image-12396\" data-id=\"12396\" src=\"https:\/\/i0.wp.com\/victoriavynn.ca\/wp-content\/uploads\/2023\/06\/Nailly-Ceramic-Nail-Drill-Bits.webp?resize=659%2C997&#038;ssl=1\" title=\"\" srcset=\"https:\/\/i0.wp.com\/victoriavynn.ca\/wp-content\/uploads\/2023\/06\/Nailly-Ceramic-Nail-Drill-Bits.webp?w=659&amp;ssl=1 659w, https:\/\/i0.wp.com\/victoriavynn.ca\/wp-content\/uploads\/2023\/06\/Nailly-Ceramic-Nail-Drill-Bits.webp?resize=198%2C300&amp;ssl=1 198w, https:\/\/i0.wp.com\/victoriavynn.ca\/wp-content\/uploads\/2023\/06\/Nailly-Ceramic-Nail-Drill-Bits.webp?resize=8%2C12&amp;ssl=1 8w, https:\/\/i0.wp.com\/victoriavynn.ca\/wp-content\/uploads\/2023\/06\/Nailly-Ceramic-Nail-Drill-Bits.webp?resize=416%2C629&amp;ssl=1 416w, https:\/\/i0.wp.com\/victoriavynn.ca\/wp-content\/uploads\/2023\/06\/Nailly-Ceramic-Nail-Drill-Bits.webp?resize=150%2C227&amp;ssl=1 150w\" sizes=\"(max-width: 659px) 100vw, 659px\" \/><\/figure><\/li><li class=\"wp-block-jetpack-slideshow_slide swiper-slide\"><figure><img data-recalc-dims=\"1\" loading=\"lazy\" decoding=\"async\" width=\"750\" height=\"1000\" alt=\"Nailly Professional Big Size Plastic Cleaning Brush Set Pack of 5 Nailly Manicure Nail Care Accessories Salon Essentials\" class=\"wp-block-jetpack-slideshow_image wp-image-12385\" data-id=\"12385\" src=\"https:\/\/i0.wp.com\/victoriavynn.ca\/wp-content\/uploads\/2023\/06\/Nailly-Professional-Big-Size-Plastic-Nail-Cleaning-Brush-Set-Pack-of-5.webp?resize=750%2C1000&#038;ssl=1\" title=\"\" srcset=\"https:\/\/i0.wp.com\/victoriavynn.ca\/wp-content\/uploads\/2023\/06\/Nailly-Professional-Big-Size-Plastic-Nail-Cleaning-Brush-Set-Pack-of-5.webp?w=750&amp;ssl=1 750w, https:\/\/i0.wp.com\/victoriavynn.ca\/wp-content\/uploads\/2023\/06\/Nailly-Professional-Big-Size-Plastic-Nail-Cleaning-Brush-Set-Pack-of-5.webp?resize=225%2C300&amp;ssl=1 225w, https:\/\/i0.wp.com\/victoriavynn.ca\/wp-content\/uploads\/2023\/06\/Nailly-Professional-Big-Size-Plastic-Nail-Cleaning-Brush-Set-Pack-of-5.webp?resize=9%2C12&amp;ssl=1 9w, https:\/\/i0.wp.com\/victoriavynn.ca\/wp-content\/uploads\/2023\/06\/Nailly-Professional-Big-Size-Plastic-Nail-Cleaning-Brush-Set-Pack-of-5.webp?resize=324%2C432&amp;ssl=1 324w, https:\/\/i0.wp.com\/victoriavynn.ca\/wp-content\/uploads\/2023\/06\/Nailly-Professional-Big-Size-Plastic-Nail-Cleaning-Brush-Set-Pack-of-5.webp?resize=416%2C555&amp;ssl=1 416w, https:\/\/i0.wp.com\/victoriavynn.ca\/wp-content\/uploads\/2023\/06\/Nailly-Professional-Big-Size-Plastic-Nail-Cleaning-Brush-Set-Pack-of-5.webp?resize=150%2C200&amp;ssl=1 150w\" sizes=\"(max-width: 750px) 100vw, 750px\" \/><\/figure><\/li><\/ul><a class=\"wp-block-jetpack-slideshow_button-prev swiper-button-prev swiper-button-white\" role=\"button\"><\/a><a class=\"wp-block-jetpack-slideshow_button-next swiper-button-next swiper-button-white\" role=\"button\"><\/a><a aria-label=\"Pause du diaporama\" class=\"wp-block-jetpack-slideshow_button-pause\" role=\"button\"><\/a><div class=\"wp-block-jetpack-slideshow_pagination swiper-pagination swiper-pagination-white\"><\/div><\/div><\/div>\n\n\n\n<h2 class=\"wp-block-heading has-text-align-center has-large-font-size\" id=\"why-choose-nailly-professional-salon-essentials\" style=\"font-style:normal;font-weight:200\">Pourquoi choisir Nailly Professional Salon Essentials ?<\/h2>\n\n\n\n<p class=\"has-text-align-center\">Simplement, nous nous concentrons uniquement sur le choix de produits haut de gamme. Nous appr\u00e9cions nos clients et nous leur sommes reconnaissants de leur confiance ! En retour, nous ne fournissons que des produits et des services de haute qualit\u00e9 afin de maintenir notre rythme.<\/p>\n\n\n\n<div class=\"woocommerce columns-6\"><ul class=\"products columns-6\">\n<li class=\"product-category product first\">\n\t<a aria-label=\"Voir la cat\u00e9gorie de produit Nailly Ceramic And Carbide Nail Drill Bits\" href=\"https:\/\/victoriavynn.ca\/fr\/category\/nailly-professional-salon-essentials\/nailly-ceramic-and-carbide-nail-drill-bits\/\" data-no-translation-aria-label=\"\"><span class=\"cat-image-wrapper\"><img decoding=\"async\" src=\"https:\/\/i0.wp.com\/victoriavynn.ca\/wp-content\/uploads\/2023\/06\/Nailly-Drill-Bit.webp?fit=200%2C200&#038;ssl=1\" alt=\"Forets pour clous en c\u00e9ramique et en carbure Nailly\" width=\"200\" height=\"\" srcset=\"https:\/\/i0.wp.com\/victoriavynn.ca\/wp-content\/uploads\/2023\/06\/Nailly-Drill-Bit.webp?w=500&amp;ssl=1 500w, https:\/\/i0.wp.com\/victoriavynn.ca\/wp-content\/uploads\/2023\/06\/Nailly-Drill-Bit.webp?resize=300%2C300&amp;ssl=1 300w, https:\/\/i0.wp.com\/victoriavynn.ca\/wp-content\/uploads\/2023\/06\/Nailly-Drill-Bit.webp?resize=150%2C150&amp;ssl=1 150w, https:\/\/i0.wp.com\/victoriavynn.ca\/wp-content\/uploads\/2023\/06\/Nailly-Drill-Bit.webp?resize=12%2C12&amp;ssl=1 12w, https:\/\/i0.wp.com\/victoriavynn.ca\/wp-content\/uploads\/2023\/06\/Nailly-Drill-Bit.webp?resize=32%2C32&amp;ssl=1 32w, https:\/\/i0.wp.com\/victoriavynn.ca\/wp-content\/uploads\/2023\/06\/Nailly-Drill-Bit.webp?resize=416%2C416&amp;ssl=1 416w, https:\/\/i0.wp.com\/victoriavynn.ca\/wp-content\/uploads\/2023\/06\/Nailly-Drill-Bit.webp?resize=100%2C100&amp;ssl=1 100w, https:\/\/i0.wp.com\/victoriavynn.ca\/wp-content\/uploads\/2023\/06\/Nailly-Drill-Bit.webp?resize=50%2C50&amp;ssl=1 50w\" sizes=\"(max-width: 200px) 100vw, 200px\" title=\"\"><\/span>\t\t<h2 class=\"woocommerce-loop-category__title\">\n\t\t\tForets pour clous en c\u00e9ramique et en carbure Nailly <mark class=\"count\">(19)<\/mark>\t\t<\/h2>\n\t\t<\/a><\/li>\n<li class=\"product-category product\">\n\t<a aria-label=\"Voir la cat\u00e9gorie de produit Nailly E-File Machines\" href=\"https:\/\/victoriavynn.ca\/fr\/category\/nailly-professional-salon-essentials\/nailly-e-file-machines\/\" data-no-translation-aria-label=\"\"><span class=\"cat-image-wrapper\"><img decoding=\"async\" src=\"https:\/\/i0.wp.com\/victoriavynn.ca\/wp-content\/uploads\/2023\/06\/Nailly-Drill-Machines.webp?fit=200%2C200&#038;ssl=1\" alt=\"Machines de d\u00e9p\u00f4t \u00e9lectronique Nailly\" width=\"200\" height=\"\" srcset=\"https:\/\/i0.wp.com\/victoriavynn.ca\/wp-content\/uploads\/2023\/06\/Nailly-Drill-Machines.webp?w=800&amp;ssl=1 800w, https:\/\/i0.wp.com\/victoriavynn.ca\/wp-content\/uploads\/2023\/06\/Nailly-Drill-Machines.webp?resize=300%2C300&amp;ssl=1 300w, https:\/\/i0.wp.com\/victoriavynn.ca\/wp-content\/uploads\/2023\/06\/Nailly-Drill-Machines.webp?resize=150%2C150&amp;ssl=1 150w, https:\/\/i0.wp.com\/victoriavynn.ca\/wp-content\/uploads\/2023\/06\/Nailly-Drill-Machines.webp?resize=768%2C768&amp;ssl=1 768w, https:\/\/i0.wp.com\/victoriavynn.ca\/wp-content\/uploads\/2023\/06\/Nailly-Drill-Machines.webp?resize=12%2C12&amp;ssl=1 12w, https:\/\/i0.wp.com\/victoriavynn.ca\/wp-content\/uploads\/2023\/06\/Nailly-Drill-Machines.webp?resize=32%2C32&amp;ssl=1 32w, https:\/\/i0.wp.com\/victoriavynn.ca\/wp-content\/uploads\/2023\/06\/Nailly-Drill-Machines.webp?resize=416%2C416&amp;ssl=1 416w, https:\/\/i0.wp.com\/victoriavynn.ca\/wp-content\/uploads\/2023\/06\/Nailly-Drill-Machines.webp?resize=100%2C100&amp;ssl=1 100w, https:\/\/i0.wp.com\/victoriavynn.ca\/wp-content\/uploads\/2023\/06\/Nailly-Drill-Machines.webp?resize=50%2C50&amp;ssl=1 50w\" sizes=\"(max-width: 200px) 100vw, 200px\" title=\"\"><\/span>\t\t<h2 class=\"woocommerce-loop-category__title\">\n\t\t\tMachines de d\u00e9p\u00f4t \u00e9lectronique Nailly <mark class=\"count\">(3)<\/mark>\t\t<\/h2>\n\t\t<\/a><\/li>\n<li class=\"product-category product\">\n\t<a aria-label=\"Voir la cat\u00e9gorie de produit Nailly Manicure Accessories\" href=\"https:\/\/victoriavynn.ca\/fr\/category\/nailly-professional-salon-essentials\/nailly-manicure-nail-care-accessories\/\" data-no-translation-aria-label=\"\"><span class=\"cat-image-wrapper\"><img decoding=\"async\" src=\"https:\/\/i0.wp.com\/victoriavynn.ca\/wp-content\/uploads\/2023\/06\/Nailly-Accessories.webp?fit=200%2C200&#038;ssl=1\" alt=\"Accessoires de manucure Nailly\" width=\"200\" height=\"\" srcset=\"https:\/\/i0.wp.com\/victoriavynn.ca\/wp-content\/uploads\/2023\/06\/Nailly-Accessories.webp?w=750&amp;ssl=1 750w, https:\/\/i0.wp.com\/victoriavynn.ca\/wp-content\/uploads\/2023\/06\/Nailly-Accessories.webp?resize=300%2C300&amp;ssl=1 300w, https:\/\/i0.wp.com\/victoriavynn.ca\/wp-content\/uploads\/2023\/06\/Nailly-Accessories.webp?resize=150%2C150&amp;ssl=1 150w, https:\/\/i0.wp.com\/victoriavynn.ca\/wp-content\/uploads\/2023\/06\/Nailly-Accessories.webp?resize=12%2C12&amp;ssl=1 12w, https:\/\/i0.wp.com\/victoriavynn.ca\/wp-content\/uploads\/2023\/06\/Nailly-Accessories.webp?resize=32%2C32&amp;ssl=1 32w, https:\/\/i0.wp.com\/victoriavynn.ca\/wp-content\/uploads\/2023\/06\/Nailly-Accessories.webp?resize=416%2C416&amp;ssl=1 416w, https:\/\/i0.wp.com\/victoriavynn.ca\/wp-content\/uploads\/2023\/06\/Nailly-Accessories.webp?resize=100%2C100&amp;ssl=1 100w, https:\/\/i0.wp.com\/victoriavynn.ca\/wp-content\/uploads\/2023\/06\/Nailly-Accessories.webp?resize=50%2C50&amp;ssl=1 50w\" sizes=\"(max-width: 200px) 100vw, 200px\" title=\"\"><\/span>\t\t<h2 class=\"woocommerce-loop-category__title\">\n\t\t\tAccessoires de manucure Nailly <mark class=\"count\">(20)<\/mark>\t\t<\/h2>\n\t\t<\/a><\/li>\n<li class=\"product-category product\">\n\t<a aria-label=\"Voir la cat\u00e9gorie de produit Nailly UV\/LED Nail Lamps\" href=\"https:\/\/victoriavynn.ca\/fr\/category\/nailly-professional-salon-essentials\/nailly-uv-led-nail-lamps\/\" data-no-translation-aria-label=\"\"><span class=\"cat-image-wrapper\"><img decoding=\"async\" src=\"https:\/\/i0.wp.com\/victoriavynn.ca\/wp-content\/uploads\/2023\/06\/Nailly-UVLED-Machines.webp?fit=200%2C200&#038;ssl=1\" alt=\"Lampe \u00e0 ongles UV\/LED Nailly\" width=\"200\" height=\"\" srcset=\"https:\/\/i0.wp.com\/victoriavynn.ca\/wp-content\/uploads\/2023\/06\/Nailly-UVLED-Machines.webp?w=640&amp;ssl=1 640w, https:\/\/i0.wp.com\/victoriavynn.ca\/wp-content\/uploads\/2023\/06\/Nailly-UVLED-Machines.webp?resize=300%2C300&amp;ssl=1 300w, https:\/\/i0.wp.com\/victoriavynn.ca\/wp-content\/uploads\/2023\/06\/Nailly-UVLED-Machines.webp?resize=150%2C150&amp;ssl=1 150w, https:\/\/i0.wp.com\/victoriavynn.ca\/wp-content\/uploads\/2023\/06\/Nailly-UVLED-Machines.webp?resize=12%2C12&amp;ssl=1 12w, https:\/\/i0.wp.com\/victoriavynn.ca\/wp-content\/uploads\/2023\/06\/Nailly-UVLED-Machines.webp?resize=32%2C32&amp;ssl=1 32w, https:\/\/i0.wp.com\/victoriavynn.ca\/wp-content\/uploads\/2023\/06\/Nailly-UVLED-Machines.webp?resize=416%2C416&amp;ssl=1 416w, https:\/\/i0.wp.com\/victoriavynn.ca\/wp-content\/uploads\/2023\/06\/Nailly-UVLED-Machines.webp?resize=100%2C100&amp;ssl=1 100w, https:\/\/i0.wp.com\/victoriavynn.ca\/wp-content\/uploads\/2023\/06\/Nailly-UVLED-Machines.webp?resize=50%2C50&amp;ssl=1 50w\" sizes=\"(max-width: 200px) 100vw, 200px\" title=\"\"><\/span>\t\t<h2 class=\"woocommerce-loop-category__title\">\n\t\t\tLampe \u00e0 ongles UV\/LED Nailly <mark class=\"count\">(6)<\/mark>\t\t<\/h2>\n\t\t<\/a><\/li>\n<\/ul>\n<\/div>\n\n\n\n<p><a href=\"https:\/\/nailly.ca\" target=\"_blank\" rel=\"noreferrer noopener\">Nouveaux produits bient\u00f4t disponibles !<\/a><\/p>\n\n\n\n<div class=\"wp-block-rank-math-toc-block\" id=\"rank-math-toc\"><h2>Table des mati\u00e8res<\/h2><nav><ul><li><a href=\"#nailly-professional-high-end-salon-essentials\">Nailly Professional Essentiels de salon haut de gamme<\/a><ul><li><a href=\"#why-choose-nailly-professional-salon-essentials\">Pourquoi choisir Nailly Professional Salon Essentials ?<\/a><\/li><\/ul><\/li><\/ul><\/nav><\/div>","protected":false},"excerpt":{"rendered":"<p>Nailly Professional High-End Salon Essentials Explore our Rich Portfolio of Beauty Salon Essentials! Our Collection consists of Stainless Steel Cuticle Nippers, Carbide and Ceramic Nail Drill Bits, Cordless UV LED Nail Lamps, Professional 45,000 RPM E-File Machines and Many More&#8230; Why Choose Nailly Professional Salon Essentials? Simply, we only focus on choosing High-End Products. We [&hellip;]<\/p>\n","protected":false},"author":1,"featured_media":0,"parent":0,"menu_order":0,"comment_status":"closed","ping_status":"closed","template":"","meta":{"jetpack_post_was_ever_published":false,"footnotes":""},"class_list":["post-12404","page","type-page","status-publish","hentry"],"jetpack-related-posts":[{"id":41286,"url":"https:\/\/victoriavynn.ca\/fr\/ceramic-drill-bits\/","url_meta":{"origin":12404,"position":0},"title":"M\u00e8ches en c\u00e9ramique","author":"Serge Sahakian","date":"novembre 15, 2025","format":false,"excerpt":"Forets en c\u00e9ramique Lisses, propres et sans effort ! Nos forets en c\u00e9ramique rendent le retrait du gel et la pr\u00e9paration des ongles plus rapides et plus doux - un must pour tous les artistes de l'ongle.","rel":"","context":"Similar post","block_context":{"text":"Similar post","link":""},"img":{"alt_text":"Victoria VYNN best professional ceramic cone drill bit 4mm","src":"https:\/\/i0.wp.com\/victoriavynn.ca\/wp-content\/uploads\/2023\/04\/CERAMIC-AND-CARBIDE-NAIL-DRILL-BITS-.webp?resize=350%2C200&ssl=1","width":350,"height":200,"srcset":"https:\/\/i0.wp.com\/victoriavynn.ca\/wp-content\/uploads\/2023\/04\/CERAMIC-AND-CARBIDE-NAIL-DRILL-BITS-.webp?resize=350%2C200&ssl=1 1x, https:\/\/i0.wp.com\/victoriavynn.ca\/wp-content\/uploads\/2023\/04\/CERAMIC-AND-CARBIDE-NAIL-DRILL-BITS-.webp?resize=525%2C300&ssl=1 1.5x, https:\/\/i0.wp.com\/victoriavynn.ca\/wp-content\/uploads\/2023\/04\/CERAMIC-AND-CARBIDE-NAIL-DRILL-BITS-.webp?resize=700%2C400&ssl=1 2x"},"classes":[]},{"id":41278,"url":"https:\/\/victoriavynn.ca\/fr\/uv-led-nail-lamps\/","url_meta":{"origin":12404,"position":1},"title":"Lampes \u00e0 ongles LED UV","author":"Serge Sahakian","date":"novembre 15, 2025","format":false,"excerpt":"Lampes \u00e0 ongles UV LED Obtenez une polym\u00e9risation parfaite \u00e0 chaque fois avec nos lampes \u00e0 ongles UV\/LED de haute performance. Rapides, efficaces et de qualit\u00e9 professionnelle, elles sont parfaites pour tous les syst\u00e8mes de gel et tous les niveaux de comp\u00e9tence.","rel":"","context":"Similar post","block_context":{"text":"Similar post","link":""},"img":{"alt_text":"Victoria VYNN Cordless Professional Multi LED Nail Lamp","src":"https:\/\/i0.wp.com\/victoriavynn.ca\/wp-content\/uploads\/2023\/06\/Victoria-VYNN-Cordless-Professional-Multi-LED-Nail-Lamp.webp?resize=350%2C200&ssl=1","width":350,"height":200,"srcset":"https:\/\/i0.wp.com\/victoriavynn.ca\/wp-content\/uploads\/2023\/06\/Victoria-VYNN-Cordless-Professional-Multi-LED-Nail-Lamp.webp?resize=350%2C200&ssl=1 1x, https:\/\/i0.wp.com\/victoriavynn.ca\/wp-content\/uploads\/2023\/06\/Victoria-VYNN-Cordless-Professional-Multi-LED-Nail-Lamp.webp?resize=525%2C300&ssl=1 1.5x, https:\/\/i0.wp.com\/victoriavynn.ca\/wp-content\/uploads\/2023\/06\/Victoria-VYNN-Cordless-Professional-Multi-LED-Nail-Lamp.webp?resize=700%2C400&ssl=1 2x"},"classes":[]},{"id":41402,"url":"https:\/\/victoriavynn.ca\/fr\/cuticle-pushers\/","url_meta":{"origin":12404,"position":2},"title":"Pousse-cuticules","author":"Serge Sahakian","date":"novembre 16, 2025","format":false,"excerpt":"Pousse-cuticules Laissez-vous tenter par l'art du soin des ongles raffin\u00e9 avec notre collection exclusive de pousse-cuticules haut de gamme, con\u00e7us pour les professionnels qui exigent de la pr\u00e9cision et les clientes qui appr\u00e9cient la sophistication. Chaque pi\u00e8ce est con\u00e7ue avec un \u00e9quilibre parfait, des mat\u00e9riaux de premi\u00e8re qualit\u00e9 et des pointes m\u00e9ticuleusement sculpt\u00e9es qui glissent sans effort le long de la plaque de l'ongle. Les...","rel":"","context":"Similar post","block_context":{"text":"Similar post","link":""},"img":{"alt_text":"staleks uniq pushers","src":"https:\/\/i0.wp.com\/victoriavynn.ca\/wp-content\/uploads\/2025\/05\/staleks-uniq-pushers.webp?resize=350%2C200&ssl=1","width":350,"height":200,"srcset":"https:\/\/i0.wp.com\/victoriavynn.ca\/wp-content\/uploads\/2025\/05\/staleks-uniq-pushers.webp?resize=350%2C200&ssl=1 1x, https:\/\/i0.wp.com\/victoriavynn.ca\/wp-content\/uploads\/2025\/05\/staleks-uniq-pushers.webp?resize=525%2C300&ssl=1 1.5x"},"classes":[]},{"id":43048,"url":"https:\/\/victoriavynn.ca\/fr\/ulka\/ulka-drill-bits\/","url_meta":{"origin":12404,"position":3},"title":"\u00dcLKA Forets","author":"Serge Sahakian","date":"D\u00e9cembre 10, 2025","format":false,"excerpt":"M\u00e8ches \u00dcLKA Des outils de pr\u00e9cision pour un travail parfait sur les ongles D\u00e9couvrez les performances in\u00e9gal\u00e9es des m\u00e8ches \u00dcLKA, con\u00e7ues pour les proth\u00e9sistes ongulaires professionnels qui exigent pr\u00e9cision, durabilit\u00e9 et r\u00e9sultats parfaits \u00e0 chaque fois. Con\u00e7us \u00e0 partir de mat\u00e9riaux de haute qualit\u00e9 et d'une technologie de coupe avanc\u00e9e, les embouts \u00dcLKA offrent une performance sans faille pour toutes les techniques de manucure et de p\u00e9dicure, de...","rel":"","context":"Similar post","block_context":{"text":"Similar post","link":""},"img":{"alt_text":"U\u0308LKA nail drill bit ad4 copy","src":"https:\/\/i0.wp.com\/victoriavynn.ca\/wp-content\/uploads\/2025\/12\/ulka-nail-drill-bit-ad4-copy.webp?resize=350%2C200&ssl=1","width":350,"height":200,"srcset":"https:\/\/i0.wp.com\/victoriavynn.ca\/wp-content\/uploads\/2025\/12\/ulka-nail-drill-bit-ad4-copy.webp?resize=350%2C200&ssl=1 1x, https:\/\/i0.wp.com\/victoriavynn.ca\/wp-content\/uploads\/2025\/12\/ulka-nail-drill-bit-ad4-copy.webp?resize=525%2C300&ssl=1 1.5x, https:\/\/i0.wp.com\/victoriavynn.ca\/wp-content\/uploads\/2025\/12\/ulka-nail-drill-bit-ad4-copy.webp?resize=700%2C400&ssl=1 2x"},"classes":[]},{"id":41301,"url":"https:\/\/victoriavynn.ca\/fr\/disposable-nail-files-buffers\/","url_meta":{"origin":12404,"position":4},"title":"Limes \u00e0 ongles et tampons jetables","author":"Serge Sahakian","date":"novembre 15, 2025","format":false,"excerpt":"Limes \u00e0 ongles jetables et polissoirs Fa\u00e7onnez vos ongles. Les lisser. Perfectionnez-les. Nos limes \u00e0 ongles et nos polissoirs sont les outils indispensables pour des ongles \u00e9poustouflants ! Avec un grain durable, des surfaces de polissage ultra lisses et un contr\u00f4le de niveau professionnel, elles rendent chaque manucure plus rapide, plus facile et plus propre. De la mise en forme \u00e0 la finition brillante, ces limes et...","rel":"","context":"Similar post","block_context":{"text":"Similar post","link":""},"img":{"alt_text":"professional nail files","src":"https:\/\/i0.wp.com\/victoriavynn.ca\/wp-content\/uploads\/2022\/08\/professional-nail-files-.webp?resize=350%2C200&ssl=1","width":350,"height":200,"srcset":"https:\/\/i0.wp.com\/victoriavynn.ca\/wp-content\/uploads\/2022\/08\/professional-nail-files-.webp?resize=350%2C200&ssl=1 1x, https:\/\/i0.wp.com\/victoriavynn.ca\/wp-content\/uploads\/2022\/08\/professional-nail-files-.webp?resize=525%2C300&ssl=1 1.5x, https:\/\/i0.wp.com\/victoriavynn.ca\/wp-content\/uploads\/2022\/08\/professional-nail-files-.webp?resize=700%2C400&ssl=1 2x"},"classes":[]},{"id":41298,"url":"https:\/\/victoriavynn.ca\/fr\/cuticle-scissors\/","url_meta":{"origin":12404,"position":5},"title":"Ciseaux \u00e0 cuticules","author":"Serge Sahakian","date":"novembre 15, 2025","format":false,"excerpt":"Ciseaux \u00e0 cuticules Perfectionnez votre manucure avec nos ciseaux \u00e0 cuticules de pr\u00e9cision, con\u00e7us pour une coupe nette et sans effort. Dot\u00e9s de lames en acier inoxydable ultra tranchantes et d'une poign\u00e9e ergonomique, ils permettent de couper les cuticules d\u00e9licates sans les tirer ni les d\u00e9chirer. Id\u00e9aux pour les proth\u00e9sistes ongulaires professionnels et les amateurs de beaut\u00e9 soucieux du d\u00e9tail, ces ciseaux...","rel":"","context":"Similar post","block_context":{"text":"Similar post","link":""},"img":{"alt_text":"staleks cuticle scissors","src":"https:\/\/i0.wp.com\/victoriavynn.ca\/wp-content\/uploads\/2025\/05\/staleks-cuticle-scissors.webp?resize=350%2C200&ssl=1","width":350,"height":200,"srcset":"https:\/\/i0.wp.com\/victoriavynn.ca\/wp-content\/uploads\/2025\/05\/staleks-cuticle-scissors.webp?resize=350%2C200&ssl=1 1x, https:\/\/i0.wp.com\/victoriavynn.ca\/wp-content\/uploads\/2025\/05\/staleks-cuticle-scissors.webp?resize=525%2C300&ssl=1 1.5x"},"classes":[]}],"jetpack_sharing_enabled":true,"_links":{"self":[{"href":"https:\/\/victoriavynn.ca\/fr\/wp-json\/wp\/v2\/pages\/12404","targetHints":{"allow":["GET"]}}],"collection":[{"href":"https:\/\/victoriavynn.ca\/fr\/wp-json\/wp\/v2\/pages"}],"about":[{"href":"https:\/\/victoriavynn.ca\/fr\/wp-json\/wp\/v2\/types\/page"}],"author":[{"embeddable":true,"href":"https:\/\/victoriavynn.ca\/fr\/wp-json\/wp\/v2\/users\/1"}],"replies":[{"embeddable":true,"href":"https:\/\/victoriavynn.ca\/fr\/wp-json\/wp\/v2\/comments?post=12404"}],"version-history":[{"count":0,"href":"https:\/\/victoriavynn.ca\/fr\/wp-json\/wp\/v2\/pages\/12404\/revisions"}],"wp:attachment":[{"href":"https:\/\/victoriavynn.ca\/fr\/wp-json\/wp\/v2\/media?parent=12404"}],"curies":[{"name":"wp","href":"https:\/\/api.w.org\/{rel}","templated":true}]}}