{"id":14823,"date":"2023-07-26T13:52:46","date_gmt":"2023-07-26T17:52:46","guid":{"rendered":"https:\/\/victoriavynn.ca\/profile\/"},"modified":"2023-07-26T13:52:46","modified_gmt":"2023-07-26T17:52:46","slug":"profil","status":"publish","type":"page","link":"https:\/\/victoriavynn.ca\/fr\/profile\/","title":{"rendered":"Profil"},"content":{"rendered":"","protected":false},"excerpt":{"rendered":"","protected":false},"author":1,"featured_media":0,"parent":0,"menu_order":0,"comment_status":"closed","ping_status":"closed","template":"","meta":{"jetpack_post_was_ever_published":false,"footnotes":""},"class_list":["post-14823","page","type-page","status-publish","hentry"],"jetpack-related-posts":[{"id":11111,"url":"https:\/\/victoriavynn.ca\/fr\/victoria-vynn-brand-ambassador-2025\/","url_meta":{"origin":14823,"position":0},"title":"Ambassadrice de la marque","author":"Serge Sahakian","date":"mars 13, 2023","format":false,"excerpt":"Programme d'ambassadeurs de marque \u00cates-vous int\u00e9ress\u00e9(e) par le poste d'ambassadeur de marque ? Avez-vous des comp\u00e9tences en mati\u00e8re de publicit\u00e9 et de marketing ? Avez-vous des comp\u00e9tences en communication ? Vous \u00eates passionn\u00e9(e) par les ongles ? Rejoignez notre \u00e9quipe ! L'innovation est la cl\u00e9 pour lib\u00e9rer votre potentiel en tant qu'ambassadrice d'une marque d'ongles de premier plan. Nous voulons travailler avec...","rel":"","context":"Similar post","block_context":{"text":"Similar post","link":""},"img":{"alt_text":"","src":"https:\/\/i0.wp.com\/victoriavynn.ca\/wp-content\/uploads\/2023\/03\/ambassador.webp?resize=350%2C200&ssl=1","width":350,"height":200,"srcset":"https:\/\/i0.wp.com\/victoriavynn.ca\/wp-content\/uploads\/2023\/03\/ambassador.webp?resize=350%2C200&ssl=1 1x, https:\/\/i0.wp.com\/victoriavynn.ca\/wp-content\/uploads\/2023\/03\/ambassador.webp?resize=525%2C300&ssl=1 1.5x"},"classes":[]},{"id":2221,"url":"https:\/\/victoriavynn.ca\/fr\/terms-and-conditions\/","url_meta":{"origin":14823,"position":1},"title":"Termes et conditions","author":"Serge Sahakian","date":"ao\u00fbt 18, 2022","format":false,"excerpt":"Terms & Conditions Return & Refunds Policy Overview Our refund and returns policy lasts 30 days. If 30 days have passed since your purchase, we can\u2019t offer you a full refund or exchange. To be eligible for a return, your item must be unused and in the same condition that\u2026","rel":"","context":"Similar post","block_context":{"text":"Similar post","link":""},"img":{"alt_text":"","src":"","width":0,"height":0},"classes":[]}],"jetpack_sharing_enabled":true,"_links":{"self":[{"href":"https:\/\/victoriavynn.ca\/fr\/wp-json\/wp\/v2\/pages\/14823","targetHints":{"allow":["GET"]}}],"collection":[{"href":"https:\/\/victoriavynn.ca\/fr\/wp-json\/wp\/v2\/pages"}],"about":[{"href":"https:\/\/victoriavynn.ca\/fr\/wp-json\/wp\/v2\/types\/page"}],"author":[{"embeddable":true,"href":"https:\/\/victoriavynn.ca\/fr\/wp-json\/wp\/v2\/users\/1"}],"replies":[{"embeddable":true,"href":"https:\/\/victoriavynn.ca\/fr\/wp-json\/wp\/v2\/comments?post=14823"}],"version-history":[{"count":0,"href":"https:\/\/victoriavynn.ca\/fr\/wp-json\/wp\/v2\/pages\/14823\/revisions"}],"wp:attachment":[{"href":"https:\/\/victoriavynn.ca\/fr\/wp-json\/wp\/v2\/media?parent=14823"}],"curies":[{"name":"wp","href":"https:\/\/api.w.org\/{rel}","templated":true}]}}