{"id":15314,"date":"2023-09-24T02:03:16","date_gmt":"2023-09-24T06:03:16","guid":{"rendered":"https:\/\/victoriavynn.ca\/?page_id=15314"},"modified":"2023-09-24T02:03:20","modified_gmt":"2023-09-24T06:03:20","slug":"vernis-a-ongles-gel-hybride-victoria-vynn-mobile","status":"publish","type":"page","link":"https:\/\/victoriavynn.ca\/fr\/gel-nail-polish-hybrid-victoria-vynn-mobile\/","title":{"rendered":"Victoria VYNN Gel Polish &amp; Hybride"},"content":{"rendered":"<h1 class=\"wp-block-heading has-text-align-center\" id=\"salon-quality-gel-nail-polish\" style=\"font-size:clamp(20px, 1.25rem + ((1vw - 3.2px) * 1.379), 32px);\">Vernis \u00e0 ongles en gel de qualit\u00e9 salon<\/h1>\n\n\n\n<p class=\"has-text-align-center\" style=\"font-style:normal;font-weight:200\"><br>Nous r\u00e9pondons aux besoins de nos clients en offrant une riche vari\u00e9t\u00e9 de couleurs avec des vernis \u00e0 ongles en gel hybride de diff\u00e9rentes couvertures et effets, dans plus de 250 couleurs.<\/p>\n\n\n\n<p class=\"has-text-align-center\" style=\"font-style:normal;font-weight:200\">Le site&nbsp;<strong>Pure<\/strong>&nbsp;Les vernis hybrides r\u00e9pondent aux attentes des femmes du monde entier ! Nous cr\u00e9ons nos collections en fonction des derni\u00e8res tendances, nous r\u00e9pondons aux besoins de nos clientes et nous mettons en valeur la beaut\u00e9 de leurs mains !<br>Laissez-vous aller et atteignez la fiabilit\u00e9&nbsp;<strong>Pure<\/strong>&nbsp;hybride dans des couleurs pour toutes les occasions !<\/p>\n\n\n\n<div class=\"wp-block-jetpack-slideshow aligncenter\" data-effect=\"slide\"><div class=\"wp-block-jetpack-slideshow_container swiper-container\"><ul class=\"wp-block-jetpack-slideshow_swiper-wrapper swiper-wrapper\"><li class=\"wp-block-jetpack-slideshow_slide swiper-slide\"><figure><img data-recalc-dims=\"1\" loading=\"lazy\" decoding=\"async\" width=\"768\" height=\"1024\" alt=\"Couleurs de vernis \u00e0 ongles en gel professionnel\" class=\"wp-block-jetpack-slideshow_image wp-image-5475\" data-id=\"5475\" src=\"https:\/\/i0.wp.com\/victoriavynn.ca\/wp-content\/uploads\/2022\/09\/gallery2_4_mini-1.jpeg?resize=768%2C1024&#038;ssl=1\" title=\"\" srcset=\"https:\/\/i0.wp.com\/victoriavynn.ca\/wp-content\/uploads\/2022\/09\/gallery2_4_mini-1.jpeg?resize=768%2C1024&amp;ssl=1 768w, https:\/\/i0.wp.com\/victoriavynn.ca\/wp-content\/uploads\/2022\/09\/gallery2_4_mini-1.jpeg?resize=324%2C432&amp;ssl=1 324w, https:\/\/i0.wp.com\/victoriavynn.ca\/wp-content\/uploads\/2022\/09\/gallery2_4_mini-1.jpeg?resize=416%2C555&amp;ssl=1 416w, https:\/\/i0.wp.com\/victoriavynn.ca\/wp-content\/uploads\/2022\/09\/gallery2_4_mini-1.jpeg?resize=225%2C300&amp;ssl=1 225w, https:\/\/i0.wp.com\/victoriavynn.ca\/wp-content\/uploads\/2022\/09\/gallery2_4_mini-1.jpeg?resize=24%2C32&amp;ssl=1 24w, https:\/\/i0.wp.com\/victoriavynn.ca\/wp-content\/uploads\/2022\/09\/gallery2_4_mini-1.jpeg?w=780&amp;ssl=1 780w\" sizes=\"(max-width: 768px) 100vw, 768px\" \/><\/figure><\/li><li class=\"wp-block-jetpack-slideshow_slide swiper-slide\"><figure><img data-recalc-dims=\"1\" loading=\"lazy\" decoding=\"async\" width=\"768\" height=\"1024\" alt=\"Vernis \u00e0 ongles hybride Gel\" class=\"wp-block-jetpack-slideshow_image wp-image-5516\" data-id=\"5516\" src=\"https:\/\/i0.wp.com\/victoriavynn.ca\/wp-content\/uploads\/2022\/09\/gallery1_1_mini-1.jpeg?resize=768%2C1024&#038;ssl=1\" title=\"\" srcset=\"https:\/\/i0.wp.com\/victoriavynn.ca\/wp-content\/uploads\/2022\/09\/gallery1_1_mini-1.jpeg?resize=768%2C1024&amp;ssl=1 768w, https:\/\/i0.wp.com\/victoriavynn.ca\/wp-content\/uploads\/2022\/09\/gallery1_1_mini-1.jpeg?resize=324%2C432&amp;ssl=1 324w, https:\/\/i0.wp.com\/victoriavynn.ca\/wp-content\/uploads\/2022\/09\/gallery1_1_mini-1.jpeg?resize=416%2C555&amp;ssl=1 416w, https:\/\/i0.wp.com\/victoriavynn.ca\/wp-content\/uploads\/2022\/09\/gallery1_1_mini-1.jpeg?resize=225%2C300&amp;ssl=1 225w, https:\/\/i0.wp.com\/victoriavynn.ca\/wp-content\/uploads\/2022\/09\/gallery1_1_mini-1.jpeg?resize=24%2C32&amp;ssl=1 24w, https:\/\/i0.wp.com\/victoriavynn.ca\/wp-content\/uploads\/2022\/09\/gallery1_1_mini-1.jpeg?w=780&amp;ssl=1 780w\" sizes=\"(max-width: 768px) 100vw, 768px\" \/><\/figure><\/li><\/ul><a class=\"wp-block-jetpack-slideshow_button-prev swiper-button-prev swiper-button-white\" role=\"button\"><\/a><a class=\"wp-block-jetpack-slideshow_button-next swiper-button-next swiper-button-white\" role=\"button\"><\/a><a aria-label=\"Pause du diaporama\" class=\"wp-block-jetpack-slideshow_button-pause\" role=\"button\"><\/a><div class=\"wp-block-jetpack-slideshow_pagination swiper-pagination swiper-pagination-white\"><\/div><\/div><\/div>\n\n\n\n<h2 class=\"wp-block-heading has-text-align-center\" id=\"what-to-expect-from-victoria-vynn-salon-gel-nail-polishes\">Que peut-on attendre des vernis \u00e0 ongles en gel du salon Victoria VYNN ?<\/h2>\n\n\n\n<ul class=\"wp-block-list\">\n<li>Le site&nbsp;<strong><a href=\"https:\/\/victoriavynn.ca\/fr\/salon-gel-polish\/\" target=\"_blank\" rel=\"noreferrer noopener\">Gel Polish<\/a><\/strong>&nbsp;comprend des vernis hybrides classiques et durables, s\u00e9ch\u00e9s dans des lampes UV et LED. Le syst\u00e8me contient <a href=\"https:\/\/victoriavynn.ca\/fr\/vernis-a-ongles-professionnel-en-gel\/meilleures-couches-de-base-pour-gel-professionnel\/\" data-type=\"link\" data-id=\"https:\/\/victoriavynn.ca\/professional-gel-nail-polish\/best-professional-gel-base-coats\/\">bases<\/a> et <a href=\"https:\/\/victoriavynn.ca\/fr\/vernis-a-ongles-professionnel-en-gel\/meilleurs-top-coats-en-gel\/\" data-type=\"link\" data-id=\"https:\/\/victoriavynn.ca\/professional-gel-nail-polish\/best-gel-top-coats\/\">sommets<\/a> de diff\u00e9rentes propri\u00e9t\u00e9s, durabilit\u00e9 et finition. Con\u00e7us pour \u00eatre durcis en <a href=\"https:\/\/victoriavynn.ca\/fr\/tags\/lampe-a-ongles-uv-led\/\" data-type=\"link\" data-id=\"https:\/\/victoriavynn.ca\/tags\/uv-led-nail-lamp\/\">Lampes UV \/ LED<\/a>.<\/li>\n\n\n\n<li>Le site <strong><a href=\"https:\/\/victoriavynn.ca\/fr\/pure-creamy-hybrid-polishes\/\" target=\"_blank\" rel=\"noreferrer noopener\">Hybride pur et cr\u00e9meux<\/a><\/strong> comprend des vernis hybrides cr\u00e9meux d'une couverture et d'une durabilit\u00e9 excellentes. Il s'agit d'une formule \u00e0 l'indice de s\u00e9curit\u00e9 \u00e9lev\u00e9, sans odeur irritante et pouvant \u00eatre enlev\u00e9e \u00e0 l'aide d'une brosse \u00e0 dents. <a href=\"https:\/\/victoriavynn.ca\/fr\/produit\/victoria-vynn-pure-alco-remover-rubbing-alcohol-1000ml\/\" data-type=\"link\" data-id=\"https:\/\/victoriavynn.ca\/product\/victoria-vynn-pure-alco-remover-rubbing-alcohol-1000ml\/\">alcool cosm\u00e9tique<\/a>. La brosse courte et plate, con\u00e7ue sp\u00e9cialement pour le <a href=\"https:\/\/victoriavynn.ca\/fr\/pure-creamy-hybrid-polishes\/\" data-type=\"link\" data-id=\"https:\/\/victoriavynn.ca\/pure-creamy-hybrid-polishes\/\">Ligne pure<\/a> L'utilisation d'un grand nombre de produits facilite l'application uniforme. Le syst\u00e8me permet de cr\u00e9er des manucures hybrides ultra fines. Durcissement uniquement en <a href=\"https:\/\/victoriavynn.ca\/fr\/tags\/lampe-a-ongles-uv-led\/\" data-type=\"link\" data-id=\"https:\/\/victoriavynn.ca\/tags\/uv-led-nail-lamp\/\">Lampes LED<\/a>.<\/li>\n<\/ul>\n\n\n\n<div class=\"woocommerce columns-4\"><ul class=\"products columns-4\">\n<li class=\"product-category product first\">\n\t<a aria-label=\"Voir la cat\u00e9gorie de produit Salon Gel Polish Base Coats\" href=\"https:\/\/victoriavynn.ca\/fr\/category\/professional-gel-nail-polish\/best-professional-gel-base-coats\/\" data-no-translation-aria-label=\"\"><span class=\"cat-image-wrapper\"><img decoding=\"async\" src=\"https:\/\/i0.wp.com\/victoriavynn.ca\/wp-content\/uploads\/2020\/03\/gel-polish-base-soak-off.jpg?fit=200%2C200&#038;ssl=1\" alt=\"Couches de base pour vernis gel de salon\" width=\"200\" height=\"\" srcset=\"https:\/\/i0.wp.com\/victoriavynn.ca\/wp-content\/uploads\/2020\/03\/gel-polish-base-soak-off.jpg?w=753&amp;ssl=1 753w, https:\/\/i0.wp.com\/victoriavynn.ca\/wp-content\/uploads\/2020\/03\/gel-polish-base-soak-off.jpg?resize=300%2C300&amp;ssl=1 300w, https:\/\/i0.wp.com\/victoriavynn.ca\/wp-content\/uploads\/2020\/03\/gel-polish-base-soak-off.jpg?resize=150%2C150&amp;ssl=1 150w, https:\/\/i0.wp.com\/victoriavynn.ca\/wp-content\/uploads\/2020\/03\/gel-polish-base-soak-off.jpg?resize=12%2C12&amp;ssl=1 12w, https:\/\/i0.wp.com\/victoriavynn.ca\/wp-content\/uploads\/2020\/03\/gel-polish-base-soak-off.jpg?resize=32%2C32&amp;ssl=1 32w, https:\/\/i0.wp.com\/victoriavynn.ca\/wp-content\/uploads\/2020\/03\/gel-polish-base-soak-off.jpg?resize=416%2C416&amp;ssl=1 416w, https:\/\/i0.wp.com\/victoriavynn.ca\/wp-content\/uploads\/2020\/03\/gel-polish-base-soak-off.jpg?resize=100%2C100&amp;ssl=1 100w, https:\/\/i0.wp.com\/victoriavynn.ca\/wp-content\/uploads\/2020\/03\/gel-polish-base-soak-off.jpg?resize=50%2C50&amp;ssl=1 50w\" sizes=\"(max-width: 200px) 100vw, 200px\" title=\"\"><\/span>\t\t<h2 class=\"woocommerce-loop-category__title\">\n\t\t\tCouches de base pour vernis gel de salon <mark class=\"count\">(8)<\/mark>\t\t<\/h2>\n\t\t<\/a><\/li>\n<li class=\"product-category product\">\n\t<a aria-label=\"Voir la cat\u00e9gorie de produit Salon Gel Polish Colors\" href=\"https:\/\/victoriavynn.ca\/fr\/category\/professional-gel-nail-polish\/professional-nail-colours-gel\/\" data-no-translation-aria-label=\"\"><span class=\"cat-image-wrapper\"><img decoding=\"async\" src=\"https:\/\/i0.wp.com\/victoriavynn.ca\/wp-content\/uploads\/2022\/09\/gel-polish-color-no-091-beige-glow.jpg?fit=200%2C200&#038;ssl=1\" alt=\"Couleurs du gel de salon\" width=\"200\" height=\"\" srcset=\"https:\/\/i0.wp.com\/victoriavynn.ca\/wp-content\/uploads\/2022\/09\/gel-polish-color-no-091-beige-glow.jpg?w=753&amp;ssl=1 753w, https:\/\/i0.wp.com\/victoriavynn.ca\/wp-content\/uploads\/2022\/09\/gel-polish-color-no-091-beige-glow.jpg?resize=100%2C100&amp;ssl=1 100w, https:\/\/i0.wp.com\/victoriavynn.ca\/wp-content\/uploads\/2022\/09\/gel-polish-color-no-091-beige-glow.jpg?resize=416%2C416&amp;ssl=1 416w\" sizes=\"(max-width: 200px) 100vw, 200px\" title=\"\"><\/span>\t\t<h2 class=\"woocommerce-loop-category__title\">\n\t\t\tCouleurs du gel de salon <mark class=\"count\">(306)<\/mark>\t\t<\/h2>\n\t\t<\/a><\/li>\n<li class=\"product-category product\">\n\t<a aria-label=\"Voir la cat\u00e9gorie de produit Salon Gel Polish Preparations\" href=\"https:\/\/victoriavynn.ca\/fr\/category\/professional-gel-nail-polish\/gel-nail-preps\/\" data-no-translation-aria-label=\"\"><span class=\"cat-image-wrapper\"><img decoding=\"async\" src=\"https:\/\/i0.wp.com\/victoriavynn.ca\/wp-content\/uploads\/2020\/03\/gel-polish-tape-bond-soak-off.jpg?fit=200%2C200&#038;ssl=1\" alt=\"Pr\u00e9parations pour le gel de salon\" width=\"200\" height=\"\" srcset=\"https:\/\/i0.wp.com\/victoriavynn.ca\/wp-content\/uploads\/2020\/03\/gel-polish-tape-bond-soak-off.jpg?w=753&amp;ssl=1 753w, https:\/\/i0.wp.com\/victoriavynn.ca\/wp-content\/uploads\/2020\/03\/gel-polish-tape-bond-soak-off.jpg?resize=100%2C100&amp;ssl=1 100w, https:\/\/i0.wp.com\/victoriavynn.ca\/wp-content\/uploads\/2020\/03\/gel-polish-tape-bond-soak-off.jpg?resize=416%2C416&amp;ssl=1 416w\" sizes=\"(max-width: 200px) 100vw, 200px\" title=\"\"><\/span>\t\t<h2 class=\"woocommerce-loop-category__title\">\n\t\t\tPr\u00e9parations pour le gel de salon <mark class=\"count\">(10)<\/mark>\t\t<\/h2>\n\t\t<\/a><\/li>\n<li class=\"product-category product last\">\n\t<a aria-label=\"Voir la cat\u00e9gorie de produit Salon Gel Polish Top Coats\" href=\"https:\/\/victoriavynn.ca\/fr\/category\/professional-gel-nail-polish\/best-gel-top-coats\/\" data-no-translation-aria-label=\"\"><span class=\"cat-image-wrapper\"><img decoding=\"async\" src=\"https:\/\/i0.wp.com\/victoriavynn.ca\/wp-content\/uploads\/2020\/03\/gel-polish-top-no-wipe-gloss.jpg?fit=200%2C200&#038;ssl=1\" alt=\"Couches de finition pour le vernis gel de salon\" width=\"200\" height=\"\" title=\"\"><\/span>\t\t<h2 class=\"woocommerce-loop-category__title\">\n\t\t\tCouches de finition pour le vernis gel de salon <mark class=\"count\">(16)<\/mark>\t\t<\/h2>\n\t\t<\/a><\/li>\n<\/ul>\n<\/div>\n\n\n\n<div class=\"woocommerce columns-4\"><ul class=\"products columns-4\">\n<li class=\"product-category product first\">\n\t<a aria-label=\"Voir la cat\u00e9gorie de produit Pure Creamy Hybrid Colors\" href=\"https:\/\/victoriavynn.ca\/fr\/category\/hybrid-nail-gel-polishes\/hybrid-gel-nail-colors\/\" data-no-translation-aria-label=\"\"><span class=\"cat-image-wrapper\"><img decoding=\"async\" src=\"https:\/\/i0.wp.com\/victoriavynn.ca\/wp-content\/uploads\/2022\/09\/pure-creamy-hybrid-010-pink-glamour-8ml.jpeg?fit=200%2C200&#038;ssl=1\" alt=\"Couleurs hybrides pures et cr\u00e9meuses\" width=\"200\" height=\"\" srcset=\"https:\/\/i0.wp.com\/victoriavynn.ca\/wp-content\/uploads\/2022\/09\/pure-creamy-hybrid-010-pink-glamour-8ml.jpeg?w=753&amp;ssl=1 753w, https:\/\/i0.wp.com\/victoriavynn.ca\/wp-content\/uploads\/2022\/09\/pure-creamy-hybrid-010-pink-glamour-8ml.jpeg?resize=100%2C100&amp;ssl=1 100w, https:\/\/i0.wp.com\/victoriavynn.ca\/wp-content\/uploads\/2022\/09\/pure-creamy-hybrid-010-pink-glamour-8ml.jpeg?resize=416%2C416&amp;ssl=1 416w, https:\/\/i0.wp.com\/victoriavynn.ca\/wp-content\/uploads\/2022\/09\/pure-creamy-hybrid-010-pink-glamour-8ml.jpeg?resize=300%2C300&amp;ssl=1 300w, https:\/\/i0.wp.com\/victoriavynn.ca\/wp-content\/uploads\/2022\/09\/pure-creamy-hybrid-010-pink-glamour-8ml.jpeg?resize=150%2C150&amp;ssl=1 150w, https:\/\/i0.wp.com\/victoriavynn.ca\/wp-content\/uploads\/2022\/09\/pure-creamy-hybrid-010-pink-glamour-8ml.jpeg?resize=32%2C32&amp;ssl=1 32w, https:\/\/i0.wp.com\/victoriavynn.ca\/wp-content\/uploads\/2022\/09\/pure-creamy-hybrid-010-pink-glamour-8ml.jpeg?resize=50%2C50&amp;ssl=1 50w\" sizes=\"(max-width: 200px) 100vw, 200px\" title=\"\"><\/span>\t\t<h2 class=\"woocommerce-loop-category__title\">\n\t\t\tCouleurs hybrides pures et cr\u00e9meuses <mark class=\"count\">(221)<\/mark>\t\t<\/h2>\n\t\t<\/a><\/li>\n<li class=\"product-category product\">\n\t<a aria-label=\"Voir la cat\u00e9gorie de produit Pure Creamy Hybrid Preparations\" href=\"https:\/\/victoriavynn.ca\/fr\/category\/hybrid-nail-gel-polishes\/gel-manicure-preparations\/\" data-no-translation-aria-label=\"\"><span class=\"cat-image-wrapper\"><img decoding=\"async\" src=\"https:\/\/i0.wp.com\/victoriavynn.ca\/wp-content\/uploads\/2019\/11\/pure-salon-base.jpg?fit=200%2C200&#038;ssl=1\" alt=\"Pr\u00e9parations hybrides pures et cr\u00e9meuses\" width=\"200\" height=\"\" title=\"\"><\/span>\t\t<h2 class=\"woocommerce-loop-category__title\">\n\t\t\tPr\u00e9parations hybrides pures et cr\u00e9meuses <mark class=\"count\">(5)<\/mark>\t\t<\/h2>\n\t\t<\/a><\/li>\n<\/ul>\n<\/div>\n\n\n\n<h2 class=\"wp-block-heading\" id=\"the-collection-is-complete-with-our-amazing-preparation-products-such-as-cuticle-oil-no-wipe-topcoat-etc\">La collection est compl\u00e8te avec nos \u00e9tonnants produits de pr\u00e9paration tels que : <a href=\"https:\/\/victoriavynn.ca\/fr\/produit\/huile-pour-cuticules-du-complexe-des-5-huiles-9ml\/\" data-type=\"link\" data-id=\"https:\/\/victoriavynn.ca\/product\/5-oils-complex-cuticle-oil-9ml\/\">Huile pour cuticules<\/a> <a href=\"https:\/\/victoriavynn.ca\/fr\/vernis-a-ongles-professionnel-en-gel\/meilleurs-top-coats-en-gel\/\" data-type=\"link\" data-id=\"https:\/\/victoriavynn.ca\/professional-gel-nail-polish\/best-gel-top-coats\/\">Couche de finition sans essuyage<\/a>...etc<\/h2>\n\n\n\n<p>Nous proposons \u00e9galement des kits de vernis \u00e0 ongles en gel ! <a href=\"https:\/\/victoriavynn.ca\/fr\/kit-de-gel-pour-les-ongles\/\" data-type=\"link\" data-id=\"https:\/\/victoriavynn.ca\/nail-gel-kit\/\">A v\u00e9rifier !<\/a><\/p>\n\n\n\n<p><a href=\"https:\/\/victoriavynn.com\/en\/news.html\" target=\"_blank\" rel=\"noreferrer noopener\">Nouveaux Gel Polish et Creamy Hybrid bient\u00f4t disponibles !<\/a><\/p>\n\n\n\n<div class=\"wp-block-rank-math-toc-block\" id=\"rank-math-toc\"><h2>Table des mati\u00e8res<\/h2><nav><ul><li><a href=\"#salon-quality-gel-nail-polish\">Vernis \u00e0 ongles en gel de qualit\u00e9 salon<\/a><ul><li><a href=\"#what-to-expect-from-victoria-vynn-salon-gel-nail-polishes\">Que peut-on attendre des vernis \u00e0 ongles en gel du salon Victoria VYNN ?<\/a><\/li><li><a href=\"#the-collection-is-complete-with-our-amazing-preparation-products-such-as-cuticle-oil-no-wipe-topcoat-etc\">La collection est compl\u00e9t\u00e9e par nos \u00e9tonnants produits de pr\u00e9paration tels que : Huile \u00e0 cuticules Topcoat sans essuyage...etc.<\/a><\/li><\/ul><\/li><\/ul><\/nav><\/div>","protected":false},"excerpt":{"rendered":"<p>Salon Quality Gel Nail Polish We respond to&nbsp;the needs of our Clients by offering a&nbsp;rich variety of colors with hybrid gel nail polishes of different coverage and effects, in over 250 colors. The&nbsp;Pure&nbsp;hybrid polishes meet the expectations of women in the whole world! We create our collections in accordance with the latest trends, we respond [&hellip;]<\/p>\n","protected":false},"author":1,"featured_media":0,"parent":0,"menu_order":0,"comment_status":"closed","ping_status":"closed","template":"","meta":{"jetpack_post_was_ever_published":false,"footnotes":""},"class_list":["post-15314","page","type-page","status-publish","hentry"],"jetpack-related-posts":[{"id":5513,"url":"https:\/\/victoriavynn.ca\/fr\/gel-nail-polish-hybrid-victoria-vynn\/","url_meta":{"origin":15314,"position":0},"title":"Victoria VYNN Gel Polish &amp; Hybride","author":"Serge Sahakian","date":"septembre 9, 2022","format":false,"excerpt":"Vernis \u00e0 ongles en gel de qualit\u00e9 salon Nous r\u00e9pondons aux besoins de nos clients en offrant une riche vari\u00e9t\u00e9 de couleurs avec des vernis \u00e0 ongles en gel hybrides de diff\u00e9rentes couvertures et effets, dans plus de 250 couleurs. Les vernis hybrides Pure r\u00e9pondent aux attentes des femmes du monde entier ! Nous cr\u00e9ons nos collections en accord avec...","rel":"","context":"Similar post","block_context":{"text":"Similar post","link":""},"img":{"alt_text":"victoria vynn salon gel polish best gel polish for beauty salons","src":"https:\/\/i0.wp.com\/victoriavynn.ca\/wp-content\/uploads\/2023\/10\/victoria-vynn-salon-gel-polish-best-gel-polish-for-beauty-salons.webp?resize=350%2C200&ssl=1","width":350,"height":200,"srcset":"https:\/\/i0.wp.com\/victoriavynn.ca\/wp-content\/uploads\/2023\/10\/victoria-vynn-salon-gel-polish-best-gel-polish-for-beauty-salons.webp?resize=350%2C200&ssl=1 1x, https:\/\/i0.wp.com\/victoriavynn.ca\/wp-content\/uploads\/2023\/10\/victoria-vynn-salon-gel-polish-best-gel-polish-for-beauty-salons.webp?resize=525%2C300&ssl=1 1.5x, https:\/\/i0.wp.com\/victoriavynn.ca\/wp-content\/uploads\/2023\/10\/victoria-vynn-salon-gel-polish-best-gel-polish-for-beauty-salons.webp?resize=700%2C400&ssl=1 2x"},"classes":[]},{"id":5628,"url":"https:\/\/victoriavynn.ca\/fr\/hybrid-nail-gel-polishes\/hybrid-gel-nail-colors\/","url_meta":{"origin":15314,"position":1},"title":"Victoria VYNN Couleurs hybrides pures et cr\u00e9meuses","author":"Serge Sahakian","date":"septembre 10, 2022","format":false,"excerpt":"Vernis \u00e0 ongles hybrides professionnels de longue dur\u00e9e Victoria VYNN Les vernis hybrides purs r\u00e9pondent aux attentes des femmes du monde entier ! Nous cr\u00e9ons nos collections en fonction des derni\u00e8res tendances, nous r\u00e9pondons aux besoins de nos clientes et nous mettons en valeur la beaut\u00e9 de leurs mains ! Laissez-vous aller...","rel":"","context":"Similar post","block_context":{"text":"Similar post","link":""},"img":{"alt_text":"victoria vynn pure creamy hybrid long lasting super shine gel polish","src":"https:\/\/i0.wp.com\/victoriavynn.ca\/wp-content\/uploads\/2023\/10\/victoria-vynn-pure-creamy-hybrid-long-lasting-super-shine-gel-polish-.webp?resize=350%2C200&ssl=1","width":350,"height":200,"srcset":"https:\/\/i0.wp.com\/victoriavynn.ca\/wp-content\/uploads\/2023\/10\/victoria-vynn-pure-creamy-hybrid-long-lasting-super-shine-gel-polish-.webp?resize=350%2C200&ssl=1 1x, https:\/\/i0.wp.com\/victoriavynn.ca\/wp-content\/uploads\/2023\/10\/victoria-vynn-pure-creamy-hybrid-long-lasting-super-shine-gel-polish-.webp?resize=525%2C300&ssl=1 1.5x, https:\/\/i0.wp.com\/victoriavynn.ca\/wp-content\/uploads\/2023\/10\/victoria-vynn-pure-creamy-hybrid-long-lasting-super-shine-gel-polish-.webp?resize=700%2C400&ssl=1 2x"},"classes":[]},{"id":5622,"url":"https:\/\/victoriavynn.ca\/fr\/hybrid-nail-gel-polishes\/","url_meta":{"origin":15314,"position":2},"title":"Victoria VYNN Pure Creamy Hybrid","author":"Serge Sahakian","date":"septembre 10, 2022","format":false,"excerpt":"Victoria VYNN Pure Creamy Hybrid. Gel \u00e0 ongles hybride longue dur\u00e9e ! Les vernis hybrides Pure r\u00e9pondent aux attentes des femmes du monde entier ! Nous cr\u00e9ons nos collections en fonction des derni\u00e8res tendances, nous r\u00e9pondons aux besoins de nos clientes et nous mettons en valeur la beaut\u00e9 de leurs mains ! Hybride professionnel \u00e0 utiliser en salon...","rel":"","context":"Similar post","block_context":{"text":"Similar post","link":""},"img":{"alt_text":"victoria vynn pure creamy hybrid long lasting super shine gel polish","src":"https:\/\/i0.wp.com\/victoriavynn.ca\/wp-content\/uploads\/2023\/10\/victoria-vynn-pure-creamy-hybrid-long-lasting-super-shine-gel-polish.webp?resize=350%2C200&ssl=1","width":350,"height":200,"srcset":"https:\/\/i0.wp.com\/victoriavynn.ca\/wp-content\/uploads\/2023\/10\/victoria-vynn-pure-creamy-hybrid-long-lasting-super-shine-gel-polish.webp?resize=350%2C200&ssl=1 1x, https:\/\/i0.wp.com\/victoriavynn.ca\/wp-content\/uploads\/2023\/10\/victoria-vynn-pure-creamy-hybrid-long-lasting-super-shine-gel-polish.webp?resize=525%2C300&ssl=1 1.5x, https:\/\/i0.wp.com\/victoriavynn.ca\/wp-content\/uploads\/2023\/10\/victoria-vynn-pure-creamy-hybrid-long-lasting-super-shine-gel-polish.webp?resize=700%2C400&ssl=1 2x"},"classes":[]},{"id":5508,"url":"https:\/\/victoriavynn.ca\/fr\/professional-gel-nail-polish\/","url_meta":{"origin":15314,"position":3},"title":"Victoria VYNN Salon Gel Polish","author":"Serge Sahakian","date":"septembre 9, 2022","format":false,"excerpt":"Vernis en gel de salon Victoria VYNN. Le vernis en gel professionnel ! Vous vous demandez pourquoi nous avons appel\u00e9 notre vernis en gel \"Salon\" ? Pourquoi le vernis en gel de salon\/professionnel ? Le syst\u00e8me de vernis en gel comprend des vernis hybrides classiques et durables qui durcissent dans des lampes UV et LED. Le syst\u00e8me contient des bases et des...","rel":"","context":"Similar post","block_context":{"text":"Similar post","link":""},"img":{"alt_text":"professional victoria vynn salon gel polish colors","src":"https:\/\/i0.wp.com\/victoriavynn.ca\/wp-content\/uploads\/2023\/10\/professional-victoria-vynn-salon-gel-polish-colors.webp?resize=350%2C200&ssl=1","width":350,"height":200,"srcset":"https:\/\/i0.wp.com\/victoriavynn.ca\/wp-content\/uploads\/2023\/10\/professional-victoria-vynn-salon-gel-polish-colors.webp?resize=350%2C200&ssl=1 1x, https:\/\/i0.wp.com\/victoriavynn.ca\/wp-content\/uploads\/2023\/10\/professional-victoria-vynn-salon-gel-polish-colors.webp?resize=525%2C300&ssl=1 1.5x, https:\/\/i0.wp.com\/victoriavynn.ca\/wp-content\/uploads\/2023\/10\/professional-victoria-vynn-salon-gel-polish-colors.webp?resize=700%2C400&ssl=1 2x"},"classes":[]},{"id":5473,"url":"https:\/\/victoriavynn.ca\/fr\/professional-gel-nail-polish\/professional-nail-colours-gel\/","url_meta":{"origin":15314,"position":4},"title":"Victoria VYNN Salon Gel Polish Colors","author":"Serge Sahakian","date":"septembre 9, 2022","format":false,"excerpt":"Victoria VYNN Salon Gel Polish Colors. Des couleurs d'ongles tout simplement professionnelles ! Nous r\u00e9pondons aux besoins de nos clients en offrant une riche vari\u00e9t\u00e9 de couleurs avec des vernis hybrides de diff\u00e9rentes couvertures et effets, dans plus de 250 couleurs. Les vernis hybrides populaires sont un \u00e9l\u00e9ment indispensable de la coiffure des ongles de la plupart des femmes...","rel":"","context":"Similar post","block_context":{"text":"Similar post","link":""},"img":{"alt_text":"victoria vynn best gsalon gel polish colors cat eye 9d reflective gel polish super shine","src":"https:\/\/i0.wp.com\/victoriavynn.ca\/wp-content\/uploads\/2023\/10\/victoria-vynn-best-gsalon-gel-polish-colors-cat-eye-9d-reflective-gel-polish-super-shine.webp?resize=350%2C200&ssl=1","width":350,"height":200,"srcset":"https:\/\/i0.wp.com\/victoriavynn.ca\/wp-content\/uploads\/2023\/10\/victoria-vynn-best-gsalon-gel-polish-colors-cat-eye-9d-reflective-gel-polish-super-shine.webp?resize=350%2C200&ssl=1 1x, https:\/\/i0.wp.com\/victoriavynn.ca\/wp-content\/uploads\/2023\/10\/victoria-vynn-best-gsalon-gel-polish-colors-cat-eye-9d-reflective-gel-polish-super-shine.webp?resize=525%2C300&ssl=1 1.5x, https:\/\/i0.wp.com\/victoriavynn.ca\/wp-content\/uploads\/2023\/10\/victoria-vynn-best-gsalon-gel-polish-colors-cat-eye-9d-reflective-gel-polish-super-shine.webp?resize=700%2C400&ssl=1 2x"},"classes":[]},{"id":5462,"url":"https:\/\/victoriavynn.ca\/fr\/iq-salon-vegan-nail-polish\/vegan-nail-colors\/","url_meta":{"origin":15314,"position":5},"title":"Couleurs de vernis \u00e0 ongles Victoria VYNN iQ Salon","author":"Serge Sahakian","date":"septembre 8, 2022","format":false,"excerpt":"Vernis \u00e0 ongles iQ Vegan de qualit\u00e9 salon Toutes les couleurs de vernis \u00e0 ongles Victoria VYNN IQ Salon sont les \u00e9quivalents des teintes les plus populaires des vernis gel hybrides et des vernis hybrides Pure Creamy.","rel":"","context":"Similar post","block_context":{"text":"Similar post","link":""},"img":{"alt_text":"victoria vynn vegan nail colors iq nail polish","src":"https:\/\/i0.wp.com\/victoriavynn.ca\/wp-content\/uploads\/2023\/10\/victoria-vynn-vegan-nail-colors-iq-nail-polish.webp?resize=350%2C200&ssl=1","width":350,"height":200,"srcset":"https:\/\/i0.wp.com\/victoriavynn.ca\/wp-content\/uploads\/2023\/10\/victoria-vynn-vegan-nail-colors-iq-nail-polish.webp?resize=350%2C200&ssl=1 1x, https:\/\/i0.wp.com\/victoriavynn.ca\/wp-content\/uploads\/2023\/10\/victoria-vynn-vegan-nail-colors-iq-nail-polish.webp?resize=525%2C300&ssl=1 1.5x, https:\/\/i0.wp.com\/victoriavynn.ca\/wp-content\/uploads\/2023\/10\/victoria-vynn-vegan-nail-colors-iq-nail-polish.webp?resize=700%2C400&ssl=1 2x"},"classes":[]}],"jetpack_sharing_enabled":true,"_links":{"self":[{"href":"https:\/\/victoriavynn.ca\/fr\/wp-json\/wp\/v2\/pages\/15314","targetHints":{"allow":["GET"]}}],"collection":[{"href":"https:\/\/victoriavynn.ca\/fr\/wp-json\/wp\/v2\/pages"}],"about":[{"href":"https:\/\/victoriavynn.ca\/fr\/wp-json\/wp\/v2\/types\/page"}],"author":[{"embeddable":true,"href":"https:\/\/victoriavynn.ca\/fr\/wp-json\/wp\/v2\/users\/1"}],"replies":[{"embeddable":true,"href":"https:\/\/victoriavynn.ca\/fr\/wp-json\/wp\/v2\/comments?post=15314"}],"version-history":[{"count":0,"href":"https:\/\/victoriavynn.ca\/fr\/wp-json\/wp\/v2\/pages\/15314\/revisions"}],"wp:attachment":[{"href":"https:\/\/victoriavynn.ca\/fr\/wp-json\/wp\/v2\/media?parent=15314"}],"curies":[{"name":"wp","href":"https:\/\/api.w.org\/{rel}","templated":true}]}}