{"id":17674,"date":"2024-04-12T12:25:19","date_gmt":"2024-04-12T16:25:19","guid":{"rendered":"https:\/\/victoriavynn.ca\/communication-preferences\/"},"modified":"2024-04-12T12:25:19","modified_gmt":"2024-04-12T16:25:19","slug":"les-preferences-en-matiere-de-communication","status":"publish","type":"page","link":"https:\/\/victoriavynn.ca\/fr\/communication-preferences\/","title":{"rendered":"Pr\u00e9f\u00e9rences en mati\u00e8re de communication"},"content":{"rendered":"<p>[automatewoo_communication_preferences]<\/p>\n","protected":false},"excerpt":{"rendered":"<p>[automatewoo_communication_preferences]<\/p>\n","protected":false},"author":1,"featured_media":0,"parent":0,"menu_order":0,"comment_status":"closed","ping_status":"closed","template":"","meta":{"jetpack_post_was_ever_published":false,"footnotes":""},"class_list":["post-17674","page","type-page","status-publish","hentry"],"jetpack-related-posts":[{"id":9755,"url":"https:\/\/victoriavynn.ca\/fr\/sample-page\/","url_meta":{"origin":17674,"position":0},"title":"Victoria VYNN Canada - Anglais","author":"Serge Sahakian","date":"janvier 29, 2019","format":false,"excerpt":"Le magasin de fournitures pour ongles pr\u00e9f\u00e9r\u00e9 ! Satisfaction garantie ! Offres de vente flash Quelques faits sur notre magasin \"unique\" de fournitures pour ongles \"La beaut\u00e9 est la v\u00e9rit\u00e9, la v\u00e9rit\u00e9 est la beaut\u00e9. \"John Keats Nous sommes convaincus que chaque femme poss\u00e8de un \u00e9norme potentiel que nous voulons lib\u00e9rer. Nous nous assurons que gr\u00e2ce \u00e0 des ongles magnifiques, les femmes d\u00e9couvrent ce pouvoir en elles...","rel":"","context":"Similar post","block_context":{"text":"Similar post","link":""},"img":{"alt_text":"nail supply store canada","src":"https:\/\/i0.wp.com\/victoriavynn.ca\/wp-content\/uploads\/2022\/12\/discover.webp?resize=350%2C200&ssl=1","width":350,"height":200,"srcset":"https:\/\/i0.wp.com\/victoriavynn.ca\/wp-content\/uploads\/2022\/12\/discover.webp?resize=350%2C200&ssl=1 1x, https:\/\/i0.wp.com\/victoriavynn.ca\/wp-content\/uploads\/2022\/12\/discover.webp?resize=525%2C300&ssl=1 1.5x"},"classes":[]},{"id":2,"url":"https:\/\/victoriavynn.ca\/fr\/","url_meta":{"origin":17674,"position":1},"title":"Victoria VYNN Canada","author":"Serge Sahakian","date":"janvier 29, 2019","format":false,"excerpt":"Le magasin de fournitures pour ongles pr\u00e9f\u00e9r\u00e9 ! Satisfaction garantie ! Vente Flash Quelques faits sur notre magasin \"unique\" de fournitures pour les ongles \"La beaut\u00e9 est la v\u00e9rit\u00e9, la v\u00e9rit\u00e9 est la beaut\u00e9. \"John Keats Nous sommes convaincus que chaque femme poss\u00e8de un \u00e9norme potentiel que nous voulons lib\u00e9rer. Nous nous assurons que gr\u00e2ce \u00e0 des ongles magnifiques, les femmes d\u00e9couvrent ce pouvoir en elles...","rel":"","context":"Similar post","block_context":{"text":"Similar post","link":""},"img":{"alt_text":"","src":"https:\/\/i0.wp.com\/victoriavynn.ca\/wp-content\/uploads\/2023\/10\/explore-the-world.webp?resize=350%2C200&ssl=1","width":350,"height":200},"classes":[]},{"id":11111,"url":"https:\/\/victoriavynn.ca\/fr\/victoria-vynn-brand-ambassador-2025\/","url_meta":{"origin":17674,"position":2},"title":"Ambassadrice de la marque","author":"Serge Sahakian","date":"mars 13, 2023","format":false,"excerpt":"Programme d'ambassadeurs de marque \u00cates-vous int\u00e9ress\u00e9(e) par le poste d'ambassadeur de marque ? Avez-vous des comp\u00e9tences en mati\u00e8re de publicit\u00e9 et de marketing ? Avez-vous des comp\u00e9tences en communication ? Vous \u00eates passionn\u00e9(e) par les ongles ? Rejoignez notre \u00e9quipe ! L'innovation est la cl\u00e9 pour lib\u00e9rer votre potentiel en tant qu'ambassadrice d'une marque d'ongles de premier plan. Nous voulons travailler avec...","rel":"","context":"Similar post","block_context":{"text":"Similar post","link":""},"img":{"alt_text":"","src":"https:\/\/i0.wp.com\/victoriavynn.ca\/wp-content\/uploads\/2023\/03\/ambassador.webp?resize=350%2C200&ssl=1","width":350,"height":200,"srcset":"https:\/\/i0.wp.com\/victoriavynn.ca\/wp-content\/uploads\/2023\/03\/ambassador.webp?resize=350%2C200&ssl=1 1x, https:\/\/i0.wp.com\/victoriavynn.ca\/wp-content\/uploads\/2023\/03\/ambassador.webp?resize=525%2C300&ssl=1 1.5x"},"classes":[]},{"id":2221,"url":"https:\/\/victoriavynn.ca\/fr\/terms-and-conditions\/","url_meta":{"origin":17674,"position":3},"title":"Termes et conditions","author":"Serge Sahakian","date":"ao\u00fbt 18, 2022","format":false,"excerpt":"Terms & Conditions Return & Refunds Policy Overview Our refund and returns policy lasts 30 days. If 30 days have passed since your purchase, we can\u2019t offer you a full refund or exchange. To be eligible for a return, your item must be unused and in the same condition that\u2026","rel":"","context":"Similar post","block_context":{"text":"Similar post","link":""},"img":{"alt_text":"","src":"","width":0,"height":0},"classes":[]}],"jetpack_sharing_enabled":true,"_links":{"self":[{"href":"https:\/\/victoriavynn.ca\/fr\/wp-json\/wp\/v2\/pages\/17674","targetHints":{"allow":["GET"]}}],"collection":[{"href":"https:\/\/victoriavynn.ca\/fr\/wp-json\/wp\/v2\/pages"}],"about":[{"href":"https:\/\/victoriavynn.ca\/fr\/wp-json\/wp\/v2\/types\/page"}],"author":[{"embeddable":true,"href":"https:\/\/victoriavynn.ca\/fr\/wp-json\/wp\/v2\/users\/1"}],"replies":[{"embeddable":true,"href":"https:\/\/victoriavynn.ca\/fr\/wp-json\/wp\/v2\/comments?post=17674"}],"version-history":[{"count":0,"href":"https:\/\/victoriavynn.ca\/fr\/wp-json\/wp\/v2\/pages\/17674\/revisions"}],"wp:attachment":[{"href":"https:\/\/victoriavynn.ca\/fr\/wp-json\/wp\/v2\/media?parent=17674"}],"curies":[{"name":"wp","href":"https:\/\/api.w.org\/{rel}","templated":true}]}}