{"id":22583,"date":"2025-07-17T13:40:48","date_gmt":"2025-07-17T17:40:48","guid":{"rendered":"https:\/\/victoriavynn.ca\/?page_id=22583"},"modified":"2025-07-17T13:40:51","modified_gmt":"2025-07-17T17:40:51","slug":"collections","status":"publish","type":"page","link":"https:\/\/victoriavynn.ca\/fr\/collections\/","title":{"rendered":"Collections"},"content":{"rendered":"","protected":false},"excerpt":{"rendered":"","protected":false},"author":1,"featured_media":0,"parent":0,"menu_order":0,"comment_status":"closed","ping_status":"closed","template":"","meta":{"jetpack_post_was_ever_published":false,"footnotes":""},"class_list":["post-22583","page","type-page","status-publish","hentry"],"jetpack-related-posts":[{"id":17586,"url":"https:\/\/victoriavynn.ca\/fr\/new-collections\/","url_meta":{"origin":22583,"position":0},"title":"Nouvelles collections","author":"Serge Sahakian","date":"avril 10, 2024","format":false,"excerpt":"Cliquer pour acheter Cliquer pour acheter Cliquer pour acheter Cliquer pour acheter Cliquer pour acheter","rel":"","context":"Similar post","block_context":{"text":"Similar post","link":""},"img":{"alt_text":"Victoria VYNN Brocaciello Collection Slider","src":"https:\/\/i0.wp.com\/victoriavynn.ca\/wp-content\/uploads\/2024\/04\/victoria-vynn-brocaciello-collection-slider.webp?resize=350%2C200","width":350,"height":200,"srcset":"https:\/\/i0.wp.com\/victoriavynn.ca\/wp-content\/uploads\/2024\/04\/victoria-vynn-brocaciello-collection-slider.webp?resize=350%2C200 1x, https:\/\/i0.wp.com\/victoriavynn.ca\/wp-content\/uploads\/2024\/04\/victoria-vynn-brocaciello-collection-slider.webp?resize=525%2C300 1.5x, https:\/\/i0.wp.com\/victoriavynn.ca\/wp-content\/uploads\/2024\/04\/victoria-vynn-brocaciello-collection-slider.webp?resize=700%2C400 2x, https:\/\/i0.wp.com\/victoriavynn.ca\/wp-content\/uploads\/2024\/04\/victoria-vynn-brocaciello-collection-slider.webp?resize=1050%2C600 3x"},"classes":[]},{"id":17580,"url":"https:\/\/victoriavynn.ca\/fr\/salon-gel-polish-brocaciello-collection\/","url_meta":{"origin":22583,"position":1},"title":"Salon Gel Polish Brocaciello Collection","author":"Serge Sahakian","date":"avril 10, 2024","format":false,"excerpt":"Savourez notre recette pour styliser les coctails de 8 couleurs subtiles de notre toute nouvelle collection de Gel Polish. Go\u00fbtez \u00e0 l'\u00e9clat pr\u00e9cieux des teintes nacr\u00e9es avec une pinc\u00e9e de particules scintillantes dans Aria, Fresca, Donna, Ragazza. Exp\u00e9rimentez avec Princesa, Bella, Segreta et Mattina enrichies d'un effet paillet\u00e9 \u00e9blouissant.Quelle manucure sera votre coctail pr\u00e9f\u00e9r\u00e9 ?","rel":"","context":"Similar post","block_context":{"text":"Similar post","link":""},"img":{"alt_text":"Victoria VYNN Brocaciello Collection Slider","src":"https:\/\/i0.wp.com\/victoriavynn.ca\/wp-content\/uploads\/2024\/04\/victoria-vynn-brocaciello-collection-slider.webp?resize=350%2C200&ssl=1","width":350,"height":200,"srcset":"https:\/\/i0.wp.com\/victoriavynn.ca\/wp-content\/uploads\/2024\/04\/victoria-vynn-brocaciello-collection-slider.webp?resize=350%2C200&ssl=1 1x, https:\/\/i0.wp.com\/victoriavynn.ca\/wp-content\/uploads\/2024\/04\/victoria-vynn-brocaciello-collection-slider.webp?resize=525%2C300&ssl=1 1.5x, https:\/\/i0.wp.com\/victoriavynn.ca\/wp-content\/uploads\/2024\/04\/victoria-vynn-brocaciello-collection-slider.webp?resize=700%2C400&ssl=1 2x, https:\/\/i0.wp.com\/victoriavynn.ca\/wp-content\/uploads\/2024\/04\/victoria-vynn-brocaciello-collection-slider.webp?resize=1050%2C600&ssl=1 3x"},"classes":[]},{"id":17562,"url":"https:\/\/victoriavynn.ca\/fr\/pure-creamy-hybrid-awakening-collection\/","url_meta":{"origin":22583,"position":2},"title":"Collection Pure Creamy Hybrid Awakening","author":"Serge Sahakian","date":"avril 10, 2024","format":false,"excerpt":"Une palette s\u00e9duisante de couleurs naturelles qui prennent vie. Voici la derni\u00e8re collection AWAKENING de vernis pastel Pure Creamy Hybrid de VICTORIA VYNN. Une offre extr\u00eamement sensuelle et pleine de fra\u00eecheur printani\u00e8re de 12 teintes de PURE CREAMY HYBRID....","rel":"","context":"Similar post","block_context":{"text":"Similar post","link":""},"img":{"alt_text":"Victoria VYNN New Pure Creamy Hybrid Collection Awakening 12 Spring Colors","src":"https:\/\/i0.wp.com\/victoriavynn.ca\/wp-content\/uploads\/2024\/04\/victoria-vynn-new-pure-creamy-hybrid-collection-awakening-12-spring-colors.webp?resize=350%2C200&ssl=1","width":350,"height":200,"srcset":"https:\/\/i0.wp.com\/victoriavynn.ca\/wp-content\/uploads\/2024\/04\/victoria-vynn-new-pure-creamy-hybrid-collection-awakening-12-spring-colors.webp?resize=350%2C200&ssl=1 1x, https:\/\/i0.wp.com\/victoriavynn.ca\/wp-content\/uploads\/2024\/04\/victoria-vynn-new-pure-creamy-hybrid-collection-awakening-12-spring-colors.webp?resize=525%2C300&ssl=1 1.5x, https:\/\/i0.wp.com\/victoriavynn.ca\/wp-content\/uploads\/2024\/04\/victoria-vynn-new-pure-creamy-hybrid-collection-awakening-12-spring-colors.webp?resize=700%2C400&ssl=1 2x, https:\/\/i0.wp.com\/victoriavynn.ca\/wp-content\/uploads\/2024\/04\/victoria-vynn-new-pure-creamy-hybrid-collection-awakening-12-spring-colors.webp?resize=1050%2C600&ssl=1 3x"},"classes":[]},{"id":21266,"url":"https:\/\/victoriavynn.ca\/fr\/salon-gel-polish-forget-me-nude-collection\/","url_meta":{"origin":22583,"position":3},"title":"Salon Gel Polish Forget Me Nude Collection,Victoria VYNN Gel Polish No. 403 Nudist 1,Victoria VYNN Gel Polish No. 403 Nudist 2","author":"Serge Sahakian","date":"mars 19, 2025","format":false,"excerpt":"La collection Forget-me-Nude Gel Polish de Victoria Vynn se compose de teintes nude semi-transparentes et de couleurs Cat Eye \u00e0 la mode, inspir\u00e9es par le naturel de la nudit\u00e9 et la d\u00e9licatesse sensuelle des fleurs. Que vous souhaitiez cr\u00e9er un look quotidien minimaliste ou que vous recherchiez une manucure unique pour une occasion sp\u00e9ciale, Forget-me-Nude est une collection qui...","rel":"","context":"Similar post","block_context":{"text":"Similar post","link":""},"img":{"alt_text":"","src":"https:\/\/i0.wp.com\/victoriavynn.ca\/wp-content\/uploads\/2025\/03\/victoria-vynn-salon-gel-polish-forget-me-nude-collection.webp?resize=350%2C200&ssl=1","width":350,"height":200,"srcset":"https:\/\/i0.wp.com\/victoriavynn.ca\/wp-content\/uploads\/2025\/03\/victoria-vynn-salon-gel-polish-forget-me-nude-collection.webp?resize=350%2C200&ssl=1 1x, https:\/\/i0.wp.com\/victoriavynn.ca\/wp-content\/uploads\/2025\/03\/victoria-vynn-salon-gel-polish-forget-me-nude-collection.webp?resize=525%2C300&ssl=1 1.5x, https:\/\/i0.wp.com\/victoriavynn.ca\/wp-content\/uploads\/2025\/03\/victoria-vynn-salon-gel-polish-forget-me-nude-collection.webp?resize=700%2C400&ssl=1 2x, https:\/\/i0.wp.com\/victoriavynn.ca\/wp-content\/uploads\/2025\/03\/victoria-vynn-salon-gel-polish-forget-me-nude-collection.webp?resize=1050%2C600&ssl=1 3x, https:\/\/i0.wp.com\/victoriavynn.ca\/wp-content\/uploads\/2025\/03\/victoria-vynn-salon-gel-polish-forget-me-nude-collection.webp?resize=1400%2C800&ssl=1 4x"},"classes":[]},{"id":20785,"url":"https:\/\/victoriavynn.ca\/fr\/pure-creamy-hybrid-gel-polish-pomodoro-collection\/","url_meta":{"origin":22583,"position":4},"title":"Pure Creamy Hybrid Gel Polish Pomodoro Collection","author":"Serge Sahakian","date":"f\u00e9vrier 11, 2025","format":false,"excerpt":"Une touche d\u00e9licate, une \u00e9nergie \u00e9lectrisante, une tension croissante - c'est la magie du flirt dans le monde des couleurs s\u00e9duisantes de POMODORO ! D\u00e9couvrez la nouvelle collection POMODORO PURE CREAMY HYBRID - des vernis \u00e0 ongles hybrides cr\u00e9meux inspir\u00e9s de saveurs sensuelles. Appr\u00e9ciez la palette de couleurs qui ravira vos mains et soulignera votre personnalit\u00e9. Laissez les derni\u00e8res couleurs PURE CREAMY HYBRID devenir...","rel":"","context":"Similar post","block_context":{"text":"Similar post","link":""},"img":{"alt_text":"","src":"https:\/\/i0.wp.com\/victoriavynn.ca\/wp-content\/uploads\/2025\/02\/vynn_pomodoro_cover_gbe-copy.webp?resize=350%2C200&ssl=1","width":350,"height":200,"srcset":"https:\/\/i0.wp.com\/victoriavynn.ca\/wp-content\/uploads\/2025\/02\/vynn_pomodoro_cover_gbe-copy.webp?resize=350%2C200&ssl=1 1x, https:\/\/i0.wp.com\/victoriavynn.ca\/wp-content\/uploads\/2025\/02\/vynn_pomodoro_cover_gbe-copy.webp?resize=525%2C300&ssl=1 1.5x, https:\/\/i0.wp.com\/victoriavynn.ca\/wp-content\/uploads\/2025\/02\/vynn_pomodoro_cover_gbe-copy.webp?resize=700%2C400&ssl=1 2x, https:\/\/i0.wp.com\/victoriavynn.ca\/wp-content\/uploads\/2025\/02\/vynn_pomodoro_cover_gbe-copy.webp?resize=1050%2C600&ssl=1 3x, https:\/\/i0.wp.com\/victoriavynn.ca\/wp-content\/uploads\/2025\/02\/vynn_pomodoro_cover_gbe-copy.webp?resize=1400%2C800&ssl=1 4x"},"classes":[]},{"id":47994,"url":"https:\/\/victoriavynn.ca\/fr\/ladies-love-red-gel-polish-collection\/","url_meta":{"origin":22583,"position":5},"title":"Collection de vernis en gel Ladies Love Red","author":"Serge Sahakian","date":"f\u00e9vrier 2, 2026","format":false,"excerpt":"Faites une d\u00e9claration audacieuse avec la collection de vernis en gel Victoria VYNN Ladies Love Red, une gamme de vernis en gel professionnelle cr\u00e9\u00e9e pour les techniciens en ongles et les amoureuses de la beaut\u00e9 \u00e0 travers le Canada. Cette collection embl\u00e9matique comprend six teintes rouges puissantes, chacune con\u00e7ue pour offrir une couleur intense, une application impeccable et une brillance durable. De l'intemporel...","rel":"","context":"Similar post","block_context":{"text":"Similar post","link":""},"img":{"alt_text":"","src":"https:\/\/i0.wp.com\/victoriavynn.ca\/wp-content\/uploads\/2026\/02\/vv_ladieslovered_cover_gbe-copy.webp?resize=350%2C200&ssl=1","width":350,"height":200,"srcset":"https:\/\/i0.wp.com\/victoriavynn.ca\/wp-content\/uploads\/2026\/02\/vv_ladieslovered_cover_gbe-copy.webp?resize=350%2C200&ssl=1 1x, https:\/\/i0.wp.com\/victoriavynn.ca\/wp-content\/uploads\/2026\/02\/vv_ladieslovered_cover_gbe-copy.webp?resize=525%2C300&ssl=1 1.5x, https:\/\/i0.wp.com\/victoriavynn.ca\/wp-content\/uploads\/2026\/02\/vv_ladieslovered_cover_gbe-copy.webp?resize=700%2C400&ssl=1 2x, https:\/\/i0.wp.com\/victoriavynn.ca\/wp-content\/uploads\/2026\/02\/vv_ladieslovered_cover_gbe-copy.webp?resize=1050%2C600&ssl=1 3x, https:\/\/i0.wp.com\/victoriavynn.ca\/wp-content\/uploads\/2026\/02\/vv_ladieslovered_cover_gbe-copy.webp?resize=1400%2C800&ssl=1 4x"},"classes":[]}],"jetpack_sharing_enabled":true,"_links":{"self":[{"href":"https:\/\/victoriavynn.ca\/fr\/wp-json\/wp\/v2\/pages\/22583","targetHints":{"allow":["GET"]}}],"collection":[{"href":"https:\/\/victoriavynn.ca\/fr\/wp-json\/wp\/v2\/pages"}],"about":[{"href":"https:\/\/victoriavynn.ca\/fr\/wp-json\/wp\/v2\/types\/page"}],"author":[{"embeddable":true,"href":"https:\/\/victoriavynn.ca\/fr\/wp-json\/wp\/v2\/users\/1"}],"replies":[{"embeddable":true,"href":"https:\/\/victoriavynn.ca\/fr\/wp-json\/wp\/v2\/comments?post=22583"}],"version-history":[{"count":0,"href":"https:\/\/victoriavynn.ca\/fr\/wp-json\/wp\/v2\/pages\/22583\/revisions"}],"wp:attachment":[{"href":"https:\/\/victoriavynn.ca\/fr\/wp-json\/wp\/v2\/media?parent=22583"}],"curies":[{"name":"wp","href":"https:\/\/api.w.org\/{rel}","templated":true}]}}