{"id":23,"date":"2019-11-22T09:17:19","date_gmt":"2019-11-22T09:17:19","guid":{"rendered":"https:\/\/victoriavynn.ca\/?page_id=23"},"modified":"2026-02-25T13:27:33","modified_gmt":"2026-02-25T18:27:33","slug":"contacter-victoria-vynn-canada","status":"publish","type":"page","link":"https:\/\/victoriavynn.ca\/fr\/contact-victoria-vynn-canada\/","title":{"rendered":"Victoria VYNN Distribution autoris\u00e9e"},"content":{"rendered":"<h2 class=\"wp-block-heading has-text-align-left\">Devenir partenaire de distribution de Victoria VYNN au Canada<\/h2>\n\n\n\n<h2 class=\"wp-block-heading\">\ud83d\udccd Provinces actuellement ouvertes aux candidatures<\/h2>\n\n\n\n<ul class=\"wp-block-list\">\n<li><strong>Ontario - ON<\/strong><\/li>\n\n\n\n<li><strong>Colombie-Britannique - BC<\/strong><\/li>\n\n\n\n<li><strong>Alberta - AB<\/strong><\/li>\n\n\n\n<li><strong>Manitoba - MB<\/strong><\/li>\n\n\n\n<li><strong>Saskatchewan - SK<\/strong><\/li>\n\n\n\n<li><strong>Nouvelle-\u00c9cosse - NS<\/strong><\/li>\n\n\n\n<li><strong>Nouveau-Brunswick - NB<\/strong><\/li>\n\n\n\n<li><strong>\u00cele-du-Prince-\u00c9douard - PE<\/strong><\/li>\n\n\n\n<li><strong>Terre-Neuve et Labrador - NL<\/strong><\/li>\n<\/ul>\n\n\n\n<p>Nous acceptons actuellement les demandes de distributeurs provenant d'entreprises situ\u00e9es dans les pays suivants<\/p>\n\n\n\n<p class=\"has-text-align-left\">Victoria VYNN est l'une des marques de produits professionnels pour les ongles les plus populaires au monde. Les salons, les \u00e9ducateurs et les artistes de l'ongle lui font confiance pour ses syst\u00e8mes de haute performance, ses collections \u00e0 la pointe de la mode et ses r\u00e9sultats de qualit\u00e9 professionnelle.<\/p>\n\n\n\n<p class=\"has-text-align-left\"><strong>Victoria VYNN Canada accepte d\u00e9sormais les demandes de partenariat de distribution des entreprises situ\u00e9es hors du Qu\u00e9bec.<\/strong> qui souhaitent repr\u00e9senter la marque dans leur province ou leur r\u00e9gion.<\/p>\n\n\n\n<p class=\"has-text-align-left\">Si vous disposez d\u00e9j\u00e0 d'une entreprise enregistr\u00e9e, d'un r\u00e9seau de beaut\u00e9 bien \u00e9tabli ou d'une exp\u00e9rience dans la distribution professionnelle et la vente en gros, nous serions ravis de vous entendre.<\/p>\n\n\n\n<h2 class=\"wp-block-heading has-text-align-left\">\u00c0 qui s'adresse ce document ?<\/h2>\n\n\n\n<p class=\"has-text-align-left\">Nous recherchons des partenaires qui ont<\/p>\n\n\n\n<ul class=\"wp-block-list\">\n<li>Une entreprise enregistr\u00e9e <strong>hors Qu\u00e9bec<\/strong> (Canada)<\/li>\n\n\n\n<li>Exp\u00e9rience en <strong>beaut\u00e9, ongles professionnels, vente en gros ou distribution<\/strong><\/li>\n\n\n\n<li>Canaux de vente tels que <strong>commerce de d\u00e9tail, r\u00e9seaux de salons, \u00e9ducateurs, commerce \u00e9lectronique ou B2B<\/strong><\/li>\n\n\n\n<li>Un engagement fort en faveur de la pr\u00e9sentation de la marque et des normes professionnelles<\/li>\n<\/ul>\n\n\n\n<h2 class=\"wp-block-heading\">Pourquoi devenir partenaire de Victoria VYNN<\/h2>\n\n\n\n<ul class=\"wp-block-list\">\n<li>Une marque professionnelle reconnue dans le monde entier<\/li>\n\n\n\n<li>Forte performance des produits et demande r\u00e9p\u00e9t\u00e9e des clients<\/li>\n\n\n\n<li>Nouveaux lancements continus et collections saisonni\u00e8res<\/li>\n\n\n\n<li>Soutien marketing et possibilit\u00e9s de formation professionnelle<\/li>\n\n\n\n<li>Potentiel de croissance \u00e0 long terme sur le march\u00e9 canadien<\/li>\n<\/ul>\n\n\n\n<h2 class=\"wp-block-heading\">Postuler<\/h2>\n\n\n\n<p>Veuillez remplir le formulaire ci-dessous.<br>Une fois la demande soumise, notre \u00e9quipe examinera vos informations et <strong>vous r\u00e9pondre dans les plus brefs d\u00e9lais<\/strong>.<\/p>\n\n\n\n<p class=\"has-text-align-left\"><strong>\ud83d\udc49 Remplissez le formulaire de demande ci-dessous pour \u00eatre contact\u00e9.<\/strong><\/p>\n\n\n\n<p class=\"has-text-align-center\">\n<div class=\"wpcf7 no-js\" id=\"wpcf7-f25-o1\" lang=\"en-US\" dir=\"ltr\" data-wpcf7-id=\"25\">\n<div class=\"screen-reader-response\"><p role=\"status\" aria-live=\"polite\" aria-atomic=\"true\"><\/p> <ul><\/ul><\/div>\n<form action=\"\/fr\/wp-json\/wp\/v2\/pages\/23#wpcf7-f25-o1\" method=\"post\" class=\"wpcf7-form init\" aria-label=\"Formulaire de contact\" novalidate=\"novalidate\" data-status=\"init\" data-trp-original-action=\"\/fr\/wp-json\/wp\/v2\/pages\/23#wpcf7-f25-o1\">\n<fieldset class=\"hidden-fields-container\"><input type=\"hidden\" name=\"_wpcf7\" value=\"25\" \/><input type=\"hidden\" name=\"_wpcf7_version\" value=\"6.1.5\" \/><input type=\"hidden\" name=\"_wpcf7_locale\" value=\"en_US\" \/><input type=\"hidden\" name=\"_wpcf7_unit_tag\" value=\"wpcf7-f25-o1\" \/><input type=\"hidden\" name=\"_wpcf7_container_post\" value=\"0\" \/><input type=\"hidden\" name=\"_wpcf7_posted_data_hash\" value=\"\" \/><input type=\"hidden\" name=\"_wpcf7_recaptcha_response\" value=\"\" \/>\n<\/fieldset>\n<p><label> Votre nom (obligatoire)<br \/>\n<span class=\"wpcf7-form-control-wrap\" data-name=\"your-name\"><input size=\"40\" maxlength=\"400\" class=\"wpcf7-form-control wpcf7-text wpcf7-validates-as-required\" aria-required=\"true\" aria-invalid=\"false\" value=\"\" type=\"text\" name=\"your-name\" \/><\/span> <\/label>\n<\/p>\n<p><label> Votre e-mail (obligatoire)<br \/>\n<span class=\"wpcf7-form-control-wrap\" data-name=\"your-email\"><input size=\"40\" maxlength=\"400\" class=\"wpcf7-form-control wpcf7-email wpcf7-validates-as-required wpcf7-text wpcf7-validates-as-email\" aria-required=\"true\" aria-invalid=\"false\" value=\"\" type=\"email\" name=\"your-email\" \/><\/span> <\/label>\n<\/p>\n<p><label> Sujet<br \/>\n<span class=\"wpcf7-form-control-wrap\" data-name=\"your-subject\"><input size=\"40\" maxlength=\"400\" class=\"wpcf7-form-control wpcf7-text\" aria-invalid=\"false\" value=\"\" type=\"text\" name=\"your-subject\" \/><\/span> <\/label>\n<\/p>\n<p><label> Votre message<br \/>\n<span class=\"wpcf7-form-control-wrap\" data-name=\"your-message\"><textarea cols=\"40\" rows=\"10\" maxlength=\"2000\" class=\"wpcf7-form-control wpcf7-textarea\" aria-invalid=\"false\" name=\"your-message\"><\/textarea><\/span> <\/label>\n<\/p>\n<span class=\"wpcf7-form-control-wrap recaptcha\" data-name=\"recaptcha\"><span data-sitekey=\"6Leq1KQhAAAAADVsalXGoZccO4l_lvvCCCBN6xpc\" class=\"wpcf7-form-control wpcf7-recaptcha g-recaptcha\"><\/span>\r\n<noscript>\r\n\t<div class=\"grecaptcha-noscript\">\r\n\t\t<iframe loading=\"lazy\" src=\"https:\/\/www.google.com\/recaptcha\/api\/fallback?k=6Leq1KQhAAAAADVsalXGoZccO4l_lvvCCCBN6xpc\" frameborder=\"0\" scrolling=\"no\" width=\"310\" height=\"430\">\r\n\t\t<\/iframe>\r\n\t\t<textarea name=\"g-recaptcha-response\" rows=\"3\" cols=\"40\" placeholder=\"R\u00e9ponse reCaptcha ici\">\r\n\t\t<\/textarea>\r\n\t<\/div>\r\n<\/noscript>\r\n<\/span>\n<p><input class=\"wpcf7-form-control wpcf7-submit has-spinner\" type=\"submit\" value=\"Envoyer\" \/>\n<\/p><div class=\"wpcf7-response-output\" aria-hidden=\"true\"><\/div>\n<input type=\"hidden\" name=\"trp-form-language\" value=\"fr\"\/><\/form>\n<\/div>\n<\/p>\n\n\n\n<p class=\"has-text-align-center has-large-font-size\" style=\"font-style:normal;font-weight:200\">Distributeurs agr\u00e9\u00e9s<\/p>\n\n\n\n<p class=\"has-text-align-center has-medium-font-size\" style=\"font-style:normal;font-weight:200\">Qu\u00e9bec  <\/p>\n\n\n\n<div class=\"wp-block-group has-global-padding is-layout-constrained wp-block-group-is-layout-constrained\">\n<div class=\"wp-block-columns is-layout-flex wp-container-core-columns-is-layout-28f84493 wp-block-columns-is-layout-flex\">\n<div class=\"wp-block-column is-vertically-aligned-center is-layout-flow wp-block-column-is-layout-flow\">\n<figure class=\"wp-block-image aligncenter size-large is-resized\"><a href=\"https:\/\/victoriavynn.ca\/fr\/mam-zell-clod\/\"><img data-recalc-dims=\"1\" loading=\"lazy\" decoding=\"async\" width=\"1024\" height=\"1024\" src=\"https:\/\/i0.wp.com\/victoriavynn.ca\/wp-content\/uploads\/2023\/03\/Onglerie-Mam-Clod.webp?resize=1024%2C1024&#038;ssl=1\" alt=\"\" class=\"wp-image-11102\" style=\"width:265px;height:265px\" title=\"\" srcset=\"https:\/\/i0.wp.com\/victoriavynn.ca\/wp-content\/uploads\/2023\/03\/Onglerie-Mam-Clod.webp?resize=1024%2C1024&amp;ssl=1 1024w, https:\/\/i0.wp.com\/victoriavynn.ca\/wp-content\/uploads\/2023\/03\/Onglerie-Mam-Clod.webp?resize=100%2C100&amp;ssl=1 100w, https:\/\/i0.wp.com\/victoriavynn.ca\/wp-content\/uploads\/2023\/03\/Onglerie-Mam-Clod.webp?resize=416%2C416&amp;ssl=1 416w, https:\/\/i0.wp.com\/victoriavynn.ca\/wp-content\/uploads\/2023\/03\/Onglerie-Mam-Clod.webp?resize=300%2C300&amp;ssl=1 300w, https:\/\/i0.wp.com\/victoriavynn.ca\/wp-content\/uploads\/2023\/03\/Onglerie-Mam-Clod.webp?resize=150%2C150&amp;ssl=1 150w, https:\/\/i0.wp.com\/victoriavynn.ca\/wp-content\/uploads\/2023\/03\/Onglerie-Mam-Clod.webp?resize=768%2C768&amp;ssl=1 768w, https:\/\/i0.wp.com\/victoriavynn.ca\/wp-content\/uploads\/2023\/03\/Onglerie-Mam-Clod.webp?resize=1536%2C1536&amp;ssl=1 1536w, https:\/\/i0.wp.com\/victoriavynn.ca\/wp-content\/uploads\/2023\/03\/Onglerie-Mam-Clod.webp?resize=12%2C12&amp;ssl=1 12w, https:\/\/i0.wp.com\/victoriavynn.ca\/wp-content\/uploads\/2023\/03\/Onglerie-Mam-Clod.webp?resize=32%2C32&amp;ssl=1 32w, https:\/\/i0.wp.com\/victoriavynn.ca\/wp-content\/uploads\/2023\/03\/Onglerie-Mam-Clod.webp?resize=50%2C50&amp;ssl=1 50w, https:\/\/i0.wp.com\/victoriavynn.ca\/wp-content\/uploads\/2023\/03\/Onglerie-Mam-Clod.webp?w=2048&amp;ssl=1 2048w\" sizes=\"auto, (max-width: 1024px) 100vw, 1024px\" \/><\/a><figcaption class=\"wp-element-caption\">Onglerie Mam Zell Clod<br><a href=\"https:\/\/www.facebook.com\/clodlellievre\" target=\"_blank\" rel=\"noreferrer noopener\">Facebook<\/a><\/figcaption><\/figure>\n<\/div>\n\n\n\n<div class=\"wp-block-column is-layout-flow wp-block-column-is-layout-flow\">\n<figure class=\"wp-block-image aligncenter size-full is-resized\"><a href=\"https:\/\/monstylemesongles.com\/\" target=\"_blank\" rel=\"noopener\"><img data-recalc-dims=\"1\" loading=\"lazy\" decoding=\"async\" width=\"1170\" height=\"957\" src=\"https:\/\/i0.wp.com\/victoriavynn.ca\/wp-content\/uploads\/2025\/04\/logo-porte-entrer_20250424_194646_0000-copy.webp?resize=1170%2C957&#038;ssl=1\" alt=\"logo porte entrer_20250424_194646_0000 copie\" class=\"wp-image-21650\" style=\"aspect-ratio:1;width:266px;height:auto\" title=\"\" srcset=\"https:\/\/i0.wp.com\/victoriavynn.ca\/wp-content\/uploads\/2025\/04\/logo-porte-entrer_20250424_194646_0000-copy.webp?w=2200&amp;ssl=1 2200w, https:\/\/i0.wp.com\/victoriavynn.ca\/wp-content\/uploads\/2025\/04\/logo-porte-entrer_20250424_194646_0000-copy.webp?resize=300%2C245&amp;ssl=1 300w, https:\/\/i0.wp.com\/victoriavynn.ca\/wp-content\/uploads\/2025\/04\/logo-porte-entrer_20250424_194646_0000-copy.webp?resize=1024%2C838&amp;ssl=1 1024w, https:\/\/i0.wp.com\/victoriavynn.ca\/wp-content\/uploads\/2025\/04\/logo-porte-entrer_20250424_194646_0000-copy.webp?resize=768%2C628&amp;ssl=1 768w, https:\/\/i0.wp.com\/victoriavynn.ca\/wp-content\/uploads\/2025\/04\/logo-porte-entrer_20250424_194646_0000-copy.webp?resize=1536%2C1257&amp;ssl=1 1536w, https:\/\/i0.wp.com\/victoriavynn.ca\/wp-content\/uploads\/2025\/04\/logo-porte-entrer_20250424_194646_0000-copy.webp?resize=2048%2C1676&amp;ssl=1 2048w, https:\/\/i0.wp.com\/victoriavynn.ca\/wp-content\/uploads\/2025\/04\/logo-porte-entrer_20250424_194646_0000-copy.webp?resize=15%2C12&amp;ssl=1 15w, https:\/\/i0.wp.com\/victoriavynn.ca\/wp-content\/uploads\/2025\/04\/logo-porte-entrer_20250424_194646_0000-copy.webp?resize=990%2C810&amp;ssl=1 990w, https:\/\/i0.wp.com\/victoriavynn.ca\/wp-content\/uploads\/2025\/04\/logo-porte-entrer_20250424_194646_0000-copy.webp?resize=441%2C361&amp;ssl=1 441w, https:\/\/i0.wp.com\/victoriavynn.ca\/wp-content\/uploads\/2025\/04\/logo-porte-entrer_20250424_194646_0000-copy.webp?resize=200%2C164&amp;ssl=1 200w, https:\/\/i0.wp.com\/victoriavynn.ca\/wp-content\/uploads\/2025\/04\/logo-porte-entrer_20250424_194646_0000-copy.webp?resize=750%2C614&amp;ssl=1 750w, https:\/\/i0.wp.com\/victoriavynn.ca\/wp-content\/uploads\/2025\/04\/logo-porte-entrer_20250424_194646_0000-copy.webp?resize=150%2C123&amp;ssl=1 150w, https:\/\/i0.wp.com\/victoriavynn.ca\/wp-content\/uploads\/2025\/04\/logo-porte-entrer_20250424_194646_0000-copy.webp?resize=64%2C52&amp;ssl=1 64w\" sizes=\"auto, (max-width: 1170px) 100vw, 1170px\" \/><\/a><figcaption class=\"wp-element-caption\">Mon Style Mes Ongles<br>Instagram<\/figcaption><\/figure>\n<\/div>\n<\/div>\n<\/div>\n\n\n\n<p class=\"has-text-align-center\">Distributeur officiel au Canada<\/p>\n\n\n\n<figure class=\"wp-block-image aligncenter size-large is-resized\"><a href=\"https:\/\/i0.wp.com\/victoriavynn.ca\/wp-content\/uploads\/2026\/02\/nailly-logo-horizontal.webp?ssl=1\"><img data-recalc-dims=\"1\" loading=\"lazy\" decoding=\"async\" width=\"1024\" height=\"413\" src=\"https:\/\/i0.wp.com\/victoriavynn.ca\/wp-content\/uploads\/2026\/02\/nailly-logo-horizontal.webp?resize=1024%2C413&#038;ssl=1\" alt=\"logo nailly horizontal\" class=\"wp-image-50707\" style=\"aspect-ratio:2.4794455684215055;width:361px;height:auto\" title=\"\" srcset=\"https:\/\/i0.wp.com\/victoriavynn.ca\/wp-content\/uploads\/2026\/02\/nailly-logo-horizontal.webp?resize=1024%2C413&amp;ssl=1 1024w, https:\/\/i0.wp.com\/victoriavynn.ca\/wp-content\/uploads\/2026\/02\/nailly-logo-horizontal.webp?resize=200%2C81&amp;ssl=1 200w, https:\/\/i0.wp.com\/victoriavynn.ca\/wp-content\/uploads\/2026\/02\/nailly-logo-horizontal.webp?resize=150%2C60&amp;ssl=1 150w, https:\/\/i0.wp.com\/victoriavynn.ca\/wp-content\/uploads\/2026\/02\/nailly-logo-horizontal.webp?resize=750%2C302&amp;ssl=1 750w, https:\/\/i0.wp.com\/victoriavynn.ca\/wp-content\/uploads\/2026\/02\/nailly-logo-horizontal.webp?resize=300%2C121&amp;ssl=1 300w, https:\/\/i0.wp.com\/victoriavynn.ca\/wp-content\/uploads\/2026\/02\/nailly-logo-horizontal.webp?resize=768%2C310&amp;ssl=1 768w, https:\/\/i0.wp.com\/victoriavynn.ca\/wp-content\/uploads\/2026\/02\/nailly-logo-horizontal.webp?resize=18%2C7&amp;ssl=1 18w, https:\/\/i0.wp.com\/victoriavynn.ca\/wp-content\/uploads\/2026\/02\/nailly-logo-horizontal.webp?resize=990%2C399&amp;ssl=1 990w, https:\/\/i0.wp.com\/victoriavynn.ca\/wp-content\/uploads\/2026\/02\/nailly-logo-horizontal.webp?resize=441%2C178&amp;ssl=1 441w, https:\/\/i0.wp.com\/victoriavynn.ca\/wp-content\/uploads\/2026\/02\/nailly-logo-horizontal.webp?resize=64%2C26&amp;ssl=1 64w, https:\/\/i0.wp.com\/victoriavynn.ca\/wp-content\/uploads\/2026\/02\/nailly-logo-horizontal.webp?w=1153&amp;ssl=1 1153w\" sizes=\"auto, (max-width: 1024px) 100vw, 1024px\" \/><\/a><figcaption><\/figcaption><\/figure>\n\n\n\n<div class=\"wp-block-group is-vertical is-content-justification-center is-layout-flex wp-container-core-group-is-layout-ce155fab wp-block-group-is-layout-flex\">\n<p class=\"has-text-align-center has-vivid-cyan-blue-color has-text-color has-link-color has-normal-font-size wp-elements-1d2e55cd81a61c18d4b66820a093708e\" style=\"font-style:normal;font-weight:300\">Nailly Cosmetics Inc<\/p>\n\n\n\n<p class=\"has-text-align-center has-vivid-cyan-blue-color has-text-color has-link-color wp-elements-fc0dd7243eb13c497ae1ff26183efef7\" style=\"font-style:normal;font-weight:300\">3730 Rue Andr\u00e9-Du Bouchet, Laval, H7P 0E7<\/p>\n\n\n\n<p class=\"has-text-align-center has-vivid-cyan-blue-color has-text-color has-link-color wp-elements-857926264302ce5f1516d7566e3d3ccb\" style=\"font-style:normal;font-weight:300\">Grand Montr\u00e9al, Qu\u00e9bec, Canada<\/p>\n<\/div>\n\n\n\n<div class=\"wp-block-group is-vertical is-content-justification-center is-layout-flex wp-container-core-group-is-layout-ce155fab wp-block-group-is-layout-flex\">\n<p class=\"has-vivid-cyan-blue-color has-text-color has-link-color has-normal-font-size wp-elements-30d01e1fd7efea13acdb78e078335529\" style=\"font-style:normal;font-weight:300\">+1 (438) 507 3830 (anglais)<\/p>\n\n\n\n<p class=\"has-vivid-cyan-blue-color has-text-color has-link-color wp-elements-4ffbd8ce7d8c132ee6475cd5fe154f54\" style=\"font-style:normal;font-weight:300\">+1 (438) 379 8626 (Fran\u00e7ais)<\/p>\n<\/div>\n\n\n\n<p class=\"has-text-align-center has-vivid-cyan-blue-color has-text-color has-link-color has-normal-font-size wp-elements-b04e9465a0da38d882b01fea2fd0757a\" style=\"font-style:normal;font-weight:200\"><a href=\"mailto:sales@nailly.ca\">sales@nailly.ca<\/a><br><\/p>","protected":false},"excerpt":{"rendered":"<p>Become a Victoria VYNN Distribution Partner in Canada \ud83d\udccd Provinces Currently Open for Applications We are presently accepting distributor applications from businesses located in: Victoria VYNN is one of the most successful professional nail brands worldwide \u2014 trusted by salons, educators, and nail artists for its high-performance systems, trend-driven collections, and salon-quality results. Victoria VYNN [&hellip;]<\/p>\n","protected":false},"author":1,"featured_media":0,"parent":0,"menu_order":0,"comment_status":"closed","ping_status":"closed","template":"","meta":{"footnotes":""},"class_list":["post-23","page","type-page","status-publish","hentry"],"jetpack_sharing_enabled":true,"_links":{"self":[{"href":"https:\/\/victoriavynn.ca\/fr\/wp-json\/wp\/v2\/pages\/23","targetHints":{"allow":["GET"]}}],"collection":[{"href":"https:\/\/victoriavynn.ca\/fr\/wp-json\/wp\/v2\/pages"}],"about":[{"href":"https:\/\/victoriavynn.ca\/fr\/wp-json\/wp\/v2\/types\/page"}],"author":[{"embeddable":true,"href":"https:\/\/victoriavynn.ca\/fr\/wp-json\/wp\/v2\/users\/1"}],"replies":[{"embeddable":true,"href":"https:\/\/victoriavynn.ca\/fr\/wp-json\/wp\/v2\/comments?post=23"}],"version-history":[{"count":0,"href":"https:\/\/victoriavynn.ca\/fr\/wp-json\/wp\/v2\/pages\/23\/revisions"}],"wp:attachment":[{"href":"https:\/\/victoriavynn.ca\/fr\/wp-json\/wp\/v2\/media?parent=23"}],"curies":[{"name":"wp","href":"https:\/\/api.w.org\/{rel}","templated":true}]}}