{"id":24488,"date":"2025-09-17T19:35:01","date_gmt":"2025-09-17T23:35:01","guid":{"rendered":"https:\/\/victoriavynn.ca\/?page_id=24488"},"modified":"2025-09-17T19:35:31","modified_gmt":"2025-09-17T23:35:31","slug":"ombre-boomy","status":"publish","type":"page","link":"https:\/\/victoriavynn.ca\/fr\/boomy-ombre\/","title":{"rendered":"Ensemble Boomy Ombre Baby Boomer"},"content":{"rendered":"\n<figure class=\"wp-block-image aligncenter size-large\"><img data-recalc-dims=\"1\" loading=\"lazy\" decoding=\"async\" width=\"1024\" height=\"576\" src=\"https:\/\/i0.wp.com\/victoriavynn.ca\/wp-content\/uploads\/2025\/09\/boomy-ombre-cover.webp?resize=1024%2C576&#038;ssl=1\" alt=\"\" class=\"wp-image-24489\" title=\"\" srcset=\"https:\/\/i0.wp.com\/victoriavynn.ca\/wp-content\/uploads\/2025\/09\/boomy-ombre-cover.webp?resize=1024%2C576&amp;ssl=1 1024w, https:\/\/i0.wp.com\/victoriavynn.ca\/wp-content\/uploads\/2025\/09\/boomy-ombre-cover.webp?resize=300%2C169&amp;ssl=1 300w, https:\/\/i0.wp.com\/victoriavynn.ca\/wp-content\/uploads\/2025\/09\/boomy-ombre-cover.webp?resize=768%2C432&amp;ssl=1 768w, https:\/\/i0.wp.com\/victoriavynn.ca\/wp-content\/uploads\/2025\/09\/boomy-ombre-cover.webp?resize=1536%2C864&amp;ssl=1 1536w, https:\/\/i0.wp.com\/victoriavynn.ca\/wp-content\/uploads\/2025\/09\/boomy-ombre-cover.webp?resize=18%2C10&amp;ssl=1 18w, https:\/\/i0.wp.com\/victoriavynn.ca\/wp-content\/uploads\/2025\/09\/boomy-ombre-cover.webp?resize=990%2C557&amp;ssl=1 990w, https:\/\/i0.wp.com\/victoriavynn.ca\/wp-content\/uploads\/2025\/09\/boomy-ombre-cover.webp?resize=441%2C248&amp;ssl=1 441w, https:\/\/i0.wp.com\/victoriavynn.ca\/wp-content\/uploads\/2025\/09\/boomy-ombre-cover.webp?resize=200%2C113&amp;ssl=1 200w, https:\/\/i0.wp.com\/victoriavynn.ca\/wp-content\/uploads\/2025\/09\/boomy-ombre-cover.webp?resize=750%2C422&amp;ssl=1 750w, https:\/\/i0.wp.com\/victoriavynn.ca\/wp-content\/uploads\/2025\/09\/boomy-ombre-cover.webp?resize=150%2C84&amp;ssl=1 150w, https:\/\/i0.wp.com\/victoriavynn.ca\/wp-content\/uploads\/2025\/09\/boomy-ombre-cover.webp?resize=64%2C36&amp;ssl=1 64w, https:\/\/i0.wp.com\/victoriavynn.ca\/wp-content\/uploads\/2025\/09\/boomy-ombre-cover.webp?w=1920&amp;ssl=1 1920w\" sizes=\"auto, (max-width: 1024px) 100vw, 1024px\" \/><figcaption class=\"wp-element-caption\"> <\/figcaption><\/figure>\n\n\n\n<p class=\"has-text-align-center\">The <strong>Boomy Baby Boomer Gel Set<\/strong> by Victoria Vynn is designed to create the iconic baby boomer effect with ease and precision. This professional gel system combines soft blush pinks with milky whites to achieve seamless ombr\u00e9 blends, delivering a timeless, natural manicure that never goes out of style. Its self-levelling formula ensures smooth application, while the long-lasting, UV\/LED curable gels guarantee durability and flawless shine. Perfect for both salon professionals and at-home enthusiasts, this set provides everything you need for elegant, gradient nails that radiate softness and sophistication. Achieve the perfect baby boomer look\u2014effortless, chic, and lasting.<\/p>\n\n\n\n<div class=\"woocommerce columns-4 \"><div class=\"shoptimizer-sorting\"><div class=\"woocommerce-notices-wrapper\"><\/div><form class=\"woocommerce-ordering\" method=\"get\">\n\t\t<select\n\t\tname=\"orderby\"\n\t\tclass=\"orderby\"\n\t\t\t\t\taria-label=\"Commande\"\n\t\t\t>\n\t\t\t\t\t<option value=\"popularity\"  selected='selected'>Tri par popularit\u00e9<\/option>\n\t\t\t\t\t<option value=\"rating\" >Tri par notes moyennes<\/option>\n\t\t\t\t\t<option value=\"date\" >Trier du plus r\u00e9cent au plus ancien<\/option>\n\t\t\t\t\t<option value=\"price\" >Tri par tarif croissant<\/option>\n\t\t\t\t\t<option value=\"price-desc\" >Tri par tarif d\u00e9croissant<\/option>\n\t\t\t<\/select>\n\t<input type=\"hidden\" name=\"paged\" value=\"1\" \/>\n\t<\/form>\n<p class=\"woocommerce-result-count\" role=\"alert\" aria-relevant=\"all\" >\n\tVoici le seul r\u00e9sultat<\/p>\n<\/div><div class=\"columns-6\"><ul class=\"products columns-4\">\n<li class=\"product type-product post-24385 status-publish first instock product_cat-3d-nail-art-gel product_tag-boomy-ombre has-post-thumbnail taxable shipping-taxable purchasable product-type-simple\">\n\t<a href=\"https:\/\/victoriavynn.ca\/fr\/product\/victoria-vynn-boomy-ombre-baby-boomer-set\/\" class=\"woocommerce-LoopProduct-link woocommerce-loop-product__link\"><div class=\"wpcbm-wrapper wpcbm-wrapper-archive-image\"><div class=\"woocommerce-image__wrapper\"><a href=\"https:\/\/victoriavynn.ca\/fr\/product\/victoria-vynn-boomy-ombre-baby-boomer-set\/\" title=\"Victoria VYNN Boomy Ombre Baby Boomer Set\" class=\"woocommerce-LoopProduct-link woocommerce-loop-product__link\"><div class=\"shoptimizer-plp-carousel-container\"><div class=\"shoptimizer-plp-image-wrapper\"><img loading=\"lazy\" decoding=\"async\" width=\"200\" height=\"267\" src=\"https:\/\/i0.wp.com\/victoriavynn.ca\/wp-content\/uploads\/2025\/09\/boomy-baby-boomer-set.webp?fit=200%2C267&amp;ssl=1\" class=\"attachment-woocommerce_thumbnail size-woocommerce_thumbnail\" alt=\"boomy baby boomer set\" srcset=\"https:\/\/i0.wp.com\/victoriavynn.ca\/wp-content\/uploads\/2025\/09\/boomy-baby-boomer-set.webp?w=750&amp;ssl=1 750w, https:\/\/i0.wp.com\/victoriavynn.ca\/wp-content\/uploads\/2025\/09\/boomy-baby-boomer-set.webp?resize=225%2C300&amp;ssl=1 225w, https:\/\/i0.wp.com\/victoriavynn.ca\/wp-content\/uploads\/2025\/09\/boomy-baby-boomer-set.webp?resize=9%2C12&amp;ssl=1 9w, https:\/\/i0.wp.com\/victoriavynn.ca\/wp-content\/uploads\/2025\/09\/boomy-baby-boomer-set.webp?resize=441%2C588&amp;ssl=1 441w, https:\/\/i0.wp.com\/victoriavynn.ca\/wp-content\/uploads\/2025\/09\/boomy-baby-boomer-set.webp?resize=200%2C267&amp;ssl=1 200w, https:\/\/i0.wp.com\/victoriavynn.ca\/wp-content\/uploads\/2025\/09\/boomy-baby-boomer-set.webp?resize=150%2C200&amp;ssl=1 150w, https:\/\/i0.wp.com\/victoriavynn.ca\/wp-content\/uploads\/2025\/09\/boomy-baby-boomer-set.webp?resize=64%2C85&amp;ssl=1 64w\" sizes=\"auto, (max-width: 360px) 147px, (max-width: 200px) 100vw, 200px\" title=\"\"><img decoding=\"async\" width=\"200\" height=\"267\" src=\"https:\/\/i0.wp.com\/victoriavynn.ca\/wp-content\/uploads\/2025\/09\/boomy-baby-boomer-set-.webp?fit=200%2C267&amp;ssl=1\" class=\"gallery-image\" alt=\"boomy baby boomer set\" loading=\"lazy\" srcset=\"https:\/\/i0.wp.com\/victoriavynn.ca\/wp-content\/uploads\/2025\/09\/boomy-baby-boomer-set-.webp?w=750&amp;ssl=1 750w, https:\/\/i0.wp.com\/victoriavynn.ca\/wp-content\/uploads\/2025\/09\/boomy-baby-boomer-set-.webp?resize=225%2C300&amp;ssl=1 225w, https:\/\/i0.wp.com\/victoriavynn.ca\/wp-content\/uploads\/2025\/09\/boomy-baby-boomer-set-.webp?resize=9%2C12&amp;ssl=1 9w, https:\/\/i0.wp.com\/victoriavynn.ca\/wp-content\/uploads\/2025\/09\/boomy-baby-boomer-set-.webp?resize=441%2C588&amp;ssl=1 441w, https:\/\/i0.wp.com\/victoriavynn.ca\/wp-content\/uploads\/2025\/09\/boomy-baby-boomer-set-.webp?resize=200%2C267&amp;ssl=1 200w, https:\/\/i0.wp.com\/victoriavynn.ca\/wp-content\/uploads\/2025\/09\/boomy-baby-boomer-set-.webp?resize=150%2C200&amp;ssl=1 150w, https:\/\/i0.wp.com\/victoriavynn.ca\/wp-content\/uploads\/2025\/09\/boomy-baby-boomer-set-.webp?resize=64%2C85&amp;ssl=1 64w\" sizes=\"auto, (max-width: 360px) 147px, auto, (max-width: 200px) 100vw, 200px\" title=\"\">\t\t\t\n\t<\/div><\/div><\/a><div class=\"shoptimizer-plp-carousel--pagination\">\n      \t\t\t<span class=\"shoptimizer-plp-carousel--dot active\"><\/span>\n      \t\t\t<span class=\"shoptimizer-plp-carousel--dot\"><\/span>\n    \t\t<\/div><\/div><\/div><div class=\"woocommerce-card__header\">\t\t\t\t\t<p class=\"product__categories\"><a href=\"https:\/\/victoriavynn.ca\/fr\/category\/nail-art-supplies\/3d-nail-art-gel\/\" rel=\"tag\">3D UV\/LED Gel<\/a><\/p>\t\t\t\t<div class=\"woocommerce-loop-product__title\"><a tabindex=\"0\" href=\"https:\/\/victoriavynn.ca\/fr\/product\/victoria-vynn-boomy-ombre-baby-boomer-set\/\" aria-label=\"Victoria VYNN Boomy Ombre Baby Boomer Set\" class=\"woocommerce-LoopProduct-link woocommerce-loop-product__link\">Victoria VYNN Boomy Ombre Baby Boomer Set<\/a><\/div><div class=\"cgkit-as-variation-price \">\n\t<span class=\"price\"><span class=\"woocommerce-Price-amount amount\"><bdi><span class=\"woocommerce-Price-currencySymbol\">CAD$<\/span>&nbsp;24.99<\/bdi><\/span><\/span>\n<\/div><\/a><a href=\"\/fr\/wp-json\/wp\/v2\/pages\/24488?add-to-cart=24385\" aria-describedby=\"woocommerce_loop_add_to_cart_link_describedby_24385\" data-quantity=\"1\" class=\"button product_type_simple add_to_cart_button ajax_add_to_cart\" data-product_id=\"24385\" data-product_sku=\"5902533326129\" aria-label=\"Ajouter au panier : &quot;Victoria VYNN Boomy Ombre Baby Boomer Set&quot;\" rel=\"nofollow\" data-success_message=\"&quot;Victoria VYNN Boomy Ombre Baby Boomer Set&quot; a \u00e9t\u00e9 ajout\u00e9 \u00e0 votre panier\" role=\"button\">Ajouter au panier<\/a>\t<span id=\"woocommerce_loop_add_to_cart_link_describedby_24385\" class=\"screen-reader-text\">\n\t\t\t<\/span>\n<p class=\"stock in-stock\">En inventaire<\/p>\n\t\t\t<input type=\"hidden\" class=\"wpmProductId\" data-id=\"24385\">\n\t\t\t\t\t<script>\n\t\t\t(window.wpmDataLayer = window.wpmDataLayer || {}).products             = window.wpmDataLayer.products || {};\n\t\t\twindow.wpmDataLayer.products[24385] = {\"id\":\"24385\",\"sku\":\"5902533326129\",\"price\":24.99,\"brand\":\"\",\"quantity\":1,\"dyn_r_ids\":{\"post_id\":\"24385\",\"sku\":\"5902533326129\",\"gpf\":\"woocommerce_gpf_24385\",\"gla\":\"gla_24385\"},\"is_variable\":false,\"type\":\"simple\",\"name\":\"Victoria VYNN Boomy Ombre Baby Boomer Set\",\"category\":[\"3D UV\/LED Gel\"],\"is_variation\":false};\n\t\t\t\t\twindow.pmw_product_position = window.pmw_product_position || 1;\n\t\twindow.wpmDataLayer.products[24385]['position'] = window.pmw_product_position++;\n\t\t\t\t<\/script>\n\t\t<\/div><\/li>\n<\/ul>\n<div class=\"shoptimizer-sorting sorting-end\"><form class=\"woocommerce-ordering\" method=\"get\">\n\t\t<select\n\t\tname=\"orderby\"\n\t\tclass=\"orderby\"\n\t\t\t\t\taria-label=\"Commande\"\n\t\t\t>\n\t\t\t\t\t<option value=\"popularity\"  selected='selected'>Tri par popularit\u00e9<\/option>\n\t\t\t\t\t<option value=\"rating\" >Tri par notes moyennes<\/option>\n\t\t\t\t\t<option value=\"date\" >Trier du plus r\u00e9cent au plus ancien<\/option>\n\t\t\t\t\t<option value=\"price\" >Tri par tarif croissant<\/option>\n\t\t\t\t\t<option value=\"price-desc\" >Tri par tarif d\u00e9croissant<\/option>\n\t\t\t<\/select>\n\t<input type=\"hidden\" name=\"paged\" value=\"1\" \/>\n\t<\/form>\n<p class=\"woocommerce-result-count\" role=\"alert\" aria-relevant=\"all\" >\n\tVoici le seul r\u00e9sultat<\/p>\n<\/div><\/div><\/div>\n","protected":false},"excerpt":{"rendered":"<p>The Boomy Baby Boomer Gel Set by Victoria Vynn is designed to create the iconic baby boomer effect with ease and precision. This professional gel system combines soft blush pinks with milky whites to achieve seamless ombr\u00e9 blends, delivering a timeless, natural manicure that never goes out of style. Its self-levelling formula ensures smooth application, [&hellip;]<\/p>\n","protected":false},"author":1,"featured_media":0,"parent":0,"menu_order":0,"comment_status":"closed","ping_status":"closed","template":"","meta":{"jetpack_post_was_ever_published":false,"footnotes":""},"class_list":["post-24488","page","type-page","status-publish","hentry"],"jetpack-related-posts":[{"id":17825,"url":"https:\/\/victoriavynn.ca\/fr\/easy-fiber-gel\/","url_meta":{"origin":24488,"position":0},"title":"Easy Fiber Gel","author":"Serge Sahakian","date":"mai 9, 2024","format":false,"excerpt":"Easy Fiber Gel. La puissance de la fibre de verre Vous r\u00eavez d'une baby boomer durable et intemporelle, d'une manucure fran\u00e7aise \u00e9l\u00e9gante ou peut-\u00eatre d'une manucure de mariage sensuelle ? De nombreuses possibilit\u00e9s s'offrent \u00e0 vous, et tout ce dont vous avez besoin, c'est d'une formule - Easy Fiber Gel de Victoria Vynn. Gr\u00e2ce \u00e0 sa formule avanc\u00e9e contenant une forte concentration de microfibres de verre, EASY FIBER GEL cr\u00e9e...","rel":"","context":"Similar post","block_context":{"text":"Similar post","link":""},"img":{"alt_text":"Victoria VYNN Easy Fiber Nail Gel Sparkle Pink 50ml Builder Gel with Fiber","src":"https:\/\/i0.wp.com\/victoriavynn.ca\/wp-content\/uploads\/2024\/05\/victoria-vynn-easy-fiber-gel-sparkle-pink-50ml-builder-gel-with-fiber-1-1.webp?resize=350%2C200&ssl=1","width":350,"height":200,"srcset":"https:\/\/i0.wp.com\/victoriavynn.ca\/wp-content\/uploads\/2024\/05\/victoria-vynn-easy-fiber-gel-sparkle-pink-50ml-builder-gel-with-fiber-1-1.webp?resize=350%2C200&ssl=1 1x, https:\/\/i0.wp.com\/victoriavynn.ca\/wp-content\/uploads\/2024\/05\/victoria-vynn-easy-fiber-gel-sparkle-pink-50ml-builder-gel-with-fiber-1-1.webp?resize=525%2C300&ssl=1 1.5x, https:\/\/i0.wp.com\/victoriavynn.ca\/wp-content\/uploads\/2024\/05\/victoria-vynn-easy-fiber-gel-sparkle-pink-50ml-builder-gel-with-fiber-1-1.webp?resize=700%2C400&ssl=1 2x"},"classes":[]},{"id":5569,"url":"https:\/\/victoriavynn.ca\/fr\/nail-art-supplies\/nail-painting-gel\/","url_meta":{"origin":24488,"position":1},"title":"Victoria VYNN Painter High Pigment Gel","author":"Serge Sahakian","date":"septembre 9, 2022","format":false,"excerpt":"Victoria VYNN Painter High Pigment. Le meilleur gel pour peindre les ongles ! Satisfaction garantie ! Les pigments Victoria VYNN Painter High Pigment sont des pigments de gel de haute qualit\u00e9 avec des couleurs profondes et une consistance \u00e9paisse. Le gel Victoria VYNN Painter peut \u00eatre utilis\u00e9 pour cr\u00e9er des ongles Ombre fantastiques. Sp\u00e9cifications de nos meilleurs gels de peinture pour ongles Consistance \u00e9paisse,...","rel":"","context":"Similar post","block_context":{"text":"Similar post","link":""},"img":{"alt_text":"","src":"https:\/\/i0.wp.com\/victoriavynn.ca\/wp-content\/uploads\/2023\/10\/victoria-vynn-3d-high-pigment-gel-no-wipe-.webp?resize=350%2C200&ssl=1","width":350,"height":200,"srcset":"https:\/\/i0.wp.com\/victoriavynn.ca\/wp-content\/uploads\/2023\/10\/victoria-vynn-3d-high-pigment-gel-no-wipe-.webp?resize=350%2C200&ssl=1 1x, https:\/\/i0.wp.com\/victoriavynn.ca\/wp-content\/uploads\/2023\/10\/victoria-vynn-3d-high-pigment-gel-no-wipe-.webp?resize=525%2C300&ssl=1 1.5x, https:\/\/i0.wp.com\/victoriavynn.ca\/wp-content\/uploads\/2023\/10\/victoria-vynn-3d-high-pigment-gel-no-wipe-.webp?resize=700%2C400&ssl=1 2x"},"classes":[]},{"id":52813,"url":"https:\/\/victoriavynn.ca\/fr\/insta-gel\/","url_meta":{"origin":24488,"position":2},"title":"Gel Insta","author":"Serge Sahakian","date":"mars 21, 2026","format":false,"excerpt":"Insta Gel Step into the future of nail styling with Insta Gel by Victoria VYNN\u2014a revolutionary system designed for speed, precision, and a flawless modern finish. Created for today\u2019s fast-paced salons and professional nail artists, Insta Gel delivers instant results without compromising on quality. Its advanced formula ensures smooth, even\u2026","rel":"","context":"Similar post","block_context":{"text":"Similar post","link":""},"img":{"alt_text":"","src":"https:\/\/i0.wp.com\/victoriavynn.ca\/wp-content\/uploads\/2026\/03\/insta-gel-cover.webp?resize=350%2C200&ssl=1","width":350,"height":200,"srcset":"https:\/\/i0.wp.com\/victoriavynn.ca\/wp-content\/uploads\/2026\/03\/insta-gel-cover.webp?resize=350%2C200&ssl=1 1x, https:\/\/i0.wp.com\/victoriavynn.ca\/wp-content\/uploads\/2026\/03\/insta-gel-cover.webp?resize=525%2C300&ssl=1 1.5x, https:\/\/i0.wp.com\/victoriavynn.ca\/wp-content\/uploads\/2026\/03\/insta-gel-cover.webp?resize=700%2C400&ssl=1 2x, https:\/\/i0.wp.com\/victoriavynn.ca\/wp-content\/uploads\/2026\/03\/insta-gel-cover.webp?resize=1050%2C600&ssl=1 3x, https:\/\/i0.wp.com\/victoriavynn.ca\/wp-content\/uploads\/2026\/03\/insta-gel-cover.webp?resize=1400%2C800&ssl=1 4x"},"classes":[]},{"id":53423,"url":"https:\/\/victoriavynn.ca\/fr\/coffee-shop-gel-polish-collection\/","url_meta":{"origin":24488,"position":3},"title":"Collection de vernis en gel Coffee Shop","author":"Serge Sahakian","date":"avril 18, 2026","format":false,"excerpt":"Coffee Shop Gel Polish Collection Wrap your nails in warmth and sophistication with the Coffee Shop Collection by Victoria VYNN \u2014 a rich, elegant palette inspired by your favorite coffee moments. From creamy lattes to deep espresso tones, this collection blends comfort and style into timeless, wearable shades. Designed for\u2026","rel":"","context":"Similar post","block_context":{"text":"Similar post","link":""},"img":{"alt_text":"Cover Coffee Shop 1920x1080","src":"https:\/\/i0.wp.com\/victoriavynn.ca\/wp-content\/uploads\/2026\/04\/cover-coffee-shop-1920x1080-1.webp?resize=350%2C200&ssl=1","width":350,"height":200,"srcset":"https:\/\/i0.wp.com\/victoriavynn.ca\/wp-content\/uploads\/2026\/04\/cover-coffee-shop-1920x1080-1.webp?resize=350%2C200&ssl=1 1x, https:\/\/i0.wp.com\/victoriavynn.ca\/wp-content\/uploads\/2026\/04\/cover-coffee-shop-1920x1080-1.webp?resize=525%2C300&ssl=1 1.5x, https:\/\/i0.wp.com\/victoriavynn.ca\/wp-content\/uploads\/2026\/04\/cover-coffee-shop-1920x1080-1.webp?resize=700%2C400&ssl=1 2x, https:\/\/i0.wp.com\/victoriavynn.ca\/wp-content\/uploads\/2026\/04\/cover-coffee-shop-1920x1080-1.webp?resize=1050%2C600&ssl=1 3x, https:\/\/i0.wp.com\/victoriavynn.ca\/wp-content\/uploads\/2026\/04\/cover-coffee-shop-1920x1080-1.webp?resize=1400%2C800&ssl=1 4x"},"classes":[]},{"id":11502,"url":"https:\/\/victoriavynn.ca\/fr\/nail-extension-gel\/soft-gel-nail-tips\/","url_meta":{"origin":24488,"position":4},"title":"Victoria VYNN Tips en gel souple","author":"Serge Sahakian","date":"avril 25, 2023","format":false,"excerpt":"Victoria VYNN Tips en gel souple. Nouvelle g\u00e9n\u00e9ration de pointes en gel souple ! Une m\u00e9thode rapide et innovante d'extension d'ongles en salon utilisant des pointes acryliques pr\u00e9form\u00e9es et l\u00e9g\u00e8rement satin\u00e9es. Elle se caract\u00e9rise par une application extr\u00eamement facile et l'aspect naturel des ongles rallong\u00e9s. Technicienne de l'ongle ! Nous voulons vous offrir le cadeau du \"temps\". Impossible ?...","rel":"","context":"Similar post","block_context":{"text":"Similar post","link":""},"img":{"alt_text":"victoria vynn soft gel tips extra flexible no shiping no cracking gel tips","src":"https:\/\/i0.wp.com\/victoriavynn.ca\/wp-content\/uploads\/2023\/10\/victoria-vynn-soft-gel-tips-extra-flexible-no-shiping-no-cracking-gel-tips.webp?resize=350%2C200&ssl=1","width":350,"height":200,"srcset":"https:\/\/i0.wp.com\/victoriavynn.ca\/wp-content\/uploads\/2023\/10\/victoria-vynn-soft-gel-tips-extra-flexible-no-shiping-no-cracking-gel-tips.webp?resize=350%2C200&ssl=1 1x, https:\/\/i0.wp.com\/victoriavynn.ca\/wp-content\/uploads\/2023\/10\/victoria-vynn-soft-gel-tips-extra-flexible-no-shiping-no-cracking-gel-tips.webp?resize=525%2C300&ssl=1 1.5x, https:\/\/i0.wp.com\/victoriavynn.ca\/wp-content\/uploads\/2023\/10\/victoria-vynn-soft-gel-tips-extra-flexible-no-shiping-no-cracking-gel-tips.webp?resize=700%2C400&ssl=1 2x"},"classes":[]},{"id":20047,"url":"https:\/\/victoriavynn.ca\/fr\/salon-gel-polish-ai-cat-eye\/","url_meta":{"origin":24488,"position":5},"title":"Salon Gel Polish Ai Cat Eye Collection","author":"Serge Sahakian","date":"D\u00e9cembre 4, 2024","format":false,"excerpt":"La nouvelle collection de vernis \u00e0 ongles hybrides magn\u00e9tiques avec effet \u0153il de chat s'inspire du monde de la technologie moderne et de l'intelligence artificielle, o\u00f9 la perfection est atteinte \u00e0 un niveau totalement nouveau. Avec la nouvelle collection AI_CAT_EYE, les possibilit\u00e9s sont infinies et chaque dessin peut devenir une v\u00e9ritable \u0153uvre d'art unique et parfaite.","rel":"","context":"Similar post","block_context":{"text":"Similar post","link":""},"img":{"alt_text":"","src":"https:\/\/i0.wp.com\/victoriavynn.ca\/wp-content\/uploads\/2024\/12\/vynn_ai_cat_eye_cover_dystry_gbe-copy.webp?resize=350%2C200&ssl=1","width":350,"height":200,"srcset":"https:\/\/i0.wp.com\/victoriavynn.ca\/wp-content\/uploads\/2024\/12\/vynn_ai_cat_eye_cover_dystry_gbe-copy.webp?resize=350%2C200&ssl=1 1x, https:\/\/i0.wp.com\/victoriavynn.ca\/wp-content\/uploads\/2024\/12\/vynn_ai_cat_eye_cover_dystry_gbe-copy.webp?resize=525%2C300&ssl=1 1.5x, https:\/\/i0.wp.com\/victoriavynn.ca\/wp-content\/uploads\/2024\/12\/vynn_ai_cat_eye_cover_dystry_gbe-copy.webp?resize=700%2C400&ssl=1 2x, https:\/\/i0.wp.com\/victoriavynn.ca\/wp-content\/uploads\/2024\/12\/vynn_ai_cat_eye_cover_dystry_gbe-copy.webp?resize=1050%2C600&ssl=1 3x, https:\/\/i0.wp.com\/victoriavynn.ca\/wp-content\/uploads\/2024\/12\/vynn_ai_cat_eye_cover_dystry_gbe-copy.webp?resize=1400%2C800&ssl=1 4x"},"classes":[]}],"jetpack_sharing_enabled":true,"_links":{"self":[{"href":"https:\/\/victoriavynn.ca\/fr\/wp-json\/wp\/v2\/pages\/24488","targetHints":{"allow":["GET"]}}],"collection":[{"href":"https:\/\/victoriavynn.ca\/fr\/wp-json\/wp\/v2\/pages"}],"about":[{"href":"https:\/\/victoriavynn.ca\/fr\/wp-json\/wp\/v2\/types\/page"}],"author":[{"embeddable":true,"href":"https:\/\/victoriavynn.ca\/fr\/wp-json\/wp\/v2\/users\/1"}],"replies":[{"embeddable":true,"href":"https:\/\/victoriavynn.ca\/fr\/wp-json\/wp\/v2\/comments?post=24488"}],"version-history":[{"count":0,"href":"https:\/\/victoriavynn.ca\/fr\/wp-json\/wp\/v2\/pages\/24488\/revisions"}],"wp:attachment":[{"href":"https:\/\/victoriavynn.ca\/fr\/wp-json\/wp\/v2\/media?parent=24488"}],"curies":[{"name":"wp","href":"https:\/\/api.w.org\/{rel}","templated":true}]}}