{"id":35679,"date":"2025-10-17T12:13:49","date_gmt":"2025-10-17T16:13:49","guid":{"rendered":"https:\/\/victoriavynn.ca\/?page_id=35679"},"modified":"2025-10-17T12:13:53","modified_gmt":"2025-10-17T16:13:53","slug":"meches-msmo","status":"publish","type":"page","link":"https:\/\/victoriavynn.ca\/fr\/msmo-drill-bits\/","title":{"rendered":"M\u00e8ches MSMO"},"content":{"rendered":"\n<h1 class=\"wp-block-heading has-text-align-center\">MSMO Drill Bits<\/h1>\n\n\n\n<p class=\"has-text-align-center\"><strong>MSMO Drill Bits<\/strong> are professional-grade bits designed for precision work in nail services. Crafted from durable metals (often carbide or diamond), they allow efficient shaping, surface work, and material removal while preserving the integrity of the natural nail. Paired with your MSMO e-file, these bits deliver smooth, controlled performance for acrylic, gel, or hybrid systems. Accessories typically include a variety of shapes (e.g. barrel, cone, flame) for versatility, plus a storage case or holder to keep bits organized and protected.<\/p>\n\n\n\n<figure class=\"wp-block-image aligncenter size-large\"><img data-recalc-dims=\"1\" loading=\"lazy\" decoding=\"async\" width=\"1024\" height=\"1024\" src=\"https:\/\/i0.wp.com\/victoriavynn.ca\/wp-content\/uploads\/2025\/10\/msmo1-3-1024x1024.png?resize=1024%2C1024\" alt=\"\" class=\"wp-image-34783\" title=\"\" srcset=\"https:\/\/i0.wp.com\/victoriavynn.ca\/wp-content\/uploads\/2025\/10\/msmo1-3.png?resize=1024%2C1024&amp;ssl=1 1024w, https:\/\/i0.wp.com\/victoriavynn.ca\/wp-content\/uploads\/2025\/10\/msmo1-3.png?resize=300%2C300&amp;ssl=1 300w, https:\/\/i0.wp.com\/victoriavynn.ca\/wp-content\/uploads\/2025\/10\/msmo1-3.png?resize=150%2C150&amp;ssl=1 150w, https:\/\/i0.wp.com\/victoriavynn.ca\/wp-content\/uploads\/2025\/10\/msmo1-3.png?resize=768%2C768&amp;ssl=1 768w, https:\/\/i0.wp.com\/victoriavynn.ca\/wp-content\/uploads\/2025\/10\/msmo1-3.png?resize=1536%2C1536&amp;ssl=1 1536w, https:\/\/i0.wp.com\/victoriavynn.ca\/wp-content\/uploads\/2025\/10\/msmo1-3.png?resize=12%2C12&amp;ssl=1 12w, https:\/\/i0.wp.com\/victoriavynn.ca\/wp-content\/uploads\/2025\/10\/msmo1-3.png?resize=32%2C32&amp;ssl=1 32w, https:\/\/i0.wp.com\/victoriavynn.ca\/wp-content\/uploads\/2025\/10\/msmo1-3.png?resize=990%2C990&amp;ssl=1 990w, https:\/\/i0.wp.com\/victoriavynn.ca\/wp-content\/uploads\/2025\/10\/msmo1-3.png?resize=441%2C441&amp;ssl=1 441w, https:\/\/i0.wp.com\/victoriavynn.ca\/wp-content\/uploads\/2025\/10\/msmo1-3.png?resize=200%2C200&amp;ssl=1 200w, https:\/\/i0.wp.com\/victoriavynn.ca\/wp-content\/uploads\/2025\/10\/msmo1-3.png?resize=750%2C750&amp;ssl=1 750w, https:\/\/i0.wp.com\/victoriavynn.ca\/wp-content\/uploads\/2025\/10\/msmo1-3.png?resize=50%2C50&amp;ssl=1 50w, https:\/\/i0.wp.com\/victoriavynn.ca\/wp-content\/uploads\/2025\/10\/msmo1-3.png?resize=100%2C100&amp;ssl=1 100w, https:\/\/i0.wp.com\/victoriavynn.ca\/wp-content\/uploads\/2025\/10\/msmo1-3.png?resize=64%2C64&amp;ssl=1 64w, https:\/\/i0.wp.com\/victoriavynn.ca\/wp-content\/uploads\/2025\/10\/msmo1-3.png?w=1630&amp;ssl=1 1630w\" sizes=\"auto, (max-width: 1024px) 100vw, 1024px\" \/><figcaption class=\"wp-element-caption\"> <\/figcaption><\/figure>\n\n\n\n<p class=\"has-text-align-center\"><div class=\"woocommerce columns-6 \"><div class=\"shoptimizer-sorting\"><div class=\"woocommerce-notices-wrapper\"><\/div><form class=\"woocommerce-ordering\" method=\"get\">\n\t\t<select\n\t\tname=\"orderby\"\n\t\tclass=\"orderby\"\n\t\t\t\t\taria-label=\"Commande\"\n\t\t\t>\n\t\t\t\t\t<option value=\"popularity\"  selected='selected'>Tri par popularit\u00e9<\/option>\n\t\t\t\t\t<option value=\"rating\" >Tri par notes moyennes<\/option>\n\t\t\t\t\t<option value=\"date\" >Trier du plus r\u00e9cent au plus ancien<\/option>\n\t\t\t\t\t<option value=\"price\" >Tri par tarif croissant<\/option>\n\t\t\t\t\t<option value=\"price-desc\" >Tri par tarif d\u00e9croissant<\/option>\n\t\t\t<\/select>\n\t<input type=\"hidden\" name=\"paged\" value=\"1\" \/>\n\t<\/form>\n<p class=\"woocommerce-result-count\" role=\"alert\" aria-relevant=\"all\" data-is-sorted-by=\"true\">\n\tAfficher tous les r\u00e9sultats de 2<span class=\"screen-reader-text\">Class\u00e9s par popularit\u00e9<\/span><\/p>\n<\/div><div class=\"columns-6\"><ul class=\"products columns-6\">\n<li class=\"product type-product post-34782 status-publish first instock product_cat-msmo-drill-bits has-post-thumbnail sale taxable shipping-taxable purchasable product-type-simple\">\n\t<a href=\"https:\/\/victoriavynn.ca\/fr\/product\/msmo-nail-drill-bits-set-of-6-01-2\/\" class=\"woocommerce-LoopProduct-link woocommerce-loop-product__link\"><div class=\"wpcbm-wrapper wpcbm-wrapper-archive-image\"><div class=\"woocommerce-image__wrapper\"><a href=\"https:\/\/victoriavynn.ca\/fr\/product\/msmo-nail-drill-bits-set-of-6-01-2\/\" title=\"MSMO Nail Drill Bits Set of 6 #01\" class=\"woocommerce-LoopProduct-link woocommerce-loop-product__link\">\n\t<span class=\"onsale\">Promo!<\/span>\n\t<div class=\"shoptimizer-plp-carousel-container\"><div class=\"shoptimizer-plp-image-wrapper\"><img loading=\"lazy\" decoding=\"async\" width=\"200\" height=\"200\" src=\"https:\/\/i0.wp.com\/victoriavynn.ca\/wp-content\/uploads\/2025\/10\/msmo1-3.png?fit=200%2C200&amp;ssl=1\" class=\"attachment-woocommerce_thumbnail size-woocommerce_thumbnail\" alt=\"MSMO Nail Drill Bits Set of 6 #01\" srcset=\"https:\/\/i0.wp.com\/victoriavynn.ca\/wp-content\/uploads\/2025\/10\/msmo1-3.png?w=1630&amp;ssl=1 1630w, https:\/\/i0.wp.com\/victoriavynn.ca\/wp-content\/uploads\/2025\/10\/msmo1-3.png?resize=300%2C300&amp;ssl=1 300w, https:\/\/i0.wp.com\/victoriavynn.ca\/wp-content\/uploads\/2025\/10\/msmo1-3.png?resize=1024%2C1024&amp;ssl=1 1024w, https:\/\/i0.wp.com\/victoriavynn.ca\/wp-content\/uploads\/2025\/10\/msmo1-3.png?resize=150%2C150&amp;ssl=1 150w, https:\/\/i0.wp.com\/victoriavynn.ca\/wp-content\/uploads\/2025\/10\/msmo1-3.png?resize=768%2C768&amp;ssl=1 768w, https:\/\/i0.wp.com\/victoriavynn.ca\/wp-content\/uploads\/2025\/10\/msmo1-3.png?resize=1536%2C1536&amp;ssl=1 1536w, https:\/\/i0.wp.com\/victoriavynn.ca\/wp-content\/uploads\/2025\/10\/msmo1-3.png?resize=12%2C12&amp;ssl=1 12w, https:\/\/i0.wp.com\/victoriavynn.ca\/wp-content\/uploads\/2025\/10\/msmo1-3.png?resize=32%2C32&amp;ssl=1 32w, https:\/\/i0.wp.com\/victoriavynn.ca\/wp-content\/uploads\/2025\/10\/msmo1-3.png?resize=990%2C990&amp;ssl=1 990w, https:\/\/i0.wp.com\/victoriavynn.ca\/wp-content\/uploads\/2025\/10\/msmo1-3.png?resize=441%2C441&amp;ssl=1 441w, https:\/\/i0.wp.com\/victoriavynn.ca\/wp-content\/uploads\/2025\/10\/msmo1-3.png?resize=200%2C200&amp;ssl=1 200w, https:\/\/i0.wp.com\/victoriavynn.ca\/wp-content\/uploads\/2025\/10\/msmo1-3.png?resize=750%2C750&amp;ssl=1 750w, https:\/\/i0.wp.com\/victoriavynn.ca\/wp-content\/uploads\/2025\/10\/msmo1-3.png?resize=50%2C50&amp;ssl=1 50w, https:\/\/i0.wp.com\/victoriavynn.ca\/wp-content\/uploads\/2025\/10\/msmo1-3.png?resize=100%2C100&amp;ssl=1 100w, https:\/\/i0.wp.com\/victoriavynn.ca\/wp-content\/uploads\/2025\/10\/msmo1-3.png?resize=64%2C64&amp;ssl=1 64w\" sizes=\"auto, (max-width: 360px) 147px, (max-width: 200px) 100vw, 200px\" title=\"\">\t\t\t\n\t<\/div><\/div><\/a><\/div><\/div><div class=\"woocommerce-card__header\">\t\t\t\t\t<p class=\"product__categories\"><a href=\"https:\/\/victoriavynn.ca\/fr\/category\/msmo-2\/msmo-drill-bits\/\" rel=\"tag\">MSMO Drill Bits<\/a><\/p>\t\t\t\t<div class=\"woocommerce-loop-product__title\"><a tabindex=\"0\" href=\"https:\/\/victoriavynn.ca\/fr\/product\/msmo-nail-drill-bits-set-of-6-01-2\/\" aria-label=\"MSMO Nail Drill Bits Set of 6 #01\" class=\"woocommerce-LoopProduct-link woocommerce-loop-product__link\">MSMO Nail Drill Bits Set of 6 #01<\/a><\/div><div class=\"cgkit-as-variation-price \">\n\t<span class=\"price\"><del aria-hidden=\"true\"><span class=\"woocommerce-Price-amount amount\"><bdi><span class=\"woocommerce-Price-currencySymbol\">CAD$<\/span>&nbsp;55.94<\/bdi><\/span><\/del> <span class=\"screen-reader-text\">Le prix d&#039;origine \u00e9tait : CAD$&nbsp;55.94.<\/span><ins aria-hidden=\"true\"><span class=\"woocommerce-Price-amount amount\"><bdi><span class=\"woocommerce-Price-currencySymbol\">CAD$<\/span>&nbsp;50.94<\/bdi><\/span><\/ins><span class=\"screen-reader-text\">Le prix actuel est : CAD$&nbsp;50.94.<\/span><\/span>\n<\/div><\/a><a href=\"\/fr\/wp-json\/wp\/v2\/pages\/35679?add-to-cart=34782\" aria-describedby=\"woocommerce_loop_add_to_cart_link_describedby_34782\" data-quantity=\"1\" class=\"button product_type_simple add_to_cart_button ajax_add_to_cart\" data-product_id=\"34782\" data-product_sku=\"0769293018689\" aria-label=\"Ajouter au panier : &quot;MSMO Nail Drill Bits Set of 6 #01&quot;\" rel=\"nofollow\" data-success_message=\"&quot;MSMO Nail Drill Bits Set of 6 #01&quot; a \u00e9t\u00e9 ajout\u00e9 \u00e0 votre panier\" role=\"button\">Ajouter au panier<\/a>\t<span id=\"woocommerce_loop_add_to_cart_link_describedby_34782\" class=\"screen-reader-text\">\n\t\t\t<\/span>\n<p class=\"stock in-stock\">En inventaire<\/p>\n\t\t\t<input type=\"hidden\" class=\"wpmProductId\" data-id=\"34782\">\n\t\t\t\t\t<script>\n\t\t\t(window.wpmDataLayer = window.wpmDataLayer || {}).products             = window.wpmDataLayer.products || {};\n\t\t\twindow.wpmDataLayer.products[34782] = {\"id\":\"34782\",\"sku\":\"0769293018689\",\"price\":50.94,\"brand\":\"\",\"quantity\":1,\"dyn_r_ids\":{\"post_id\":\"34782\",\"sku\":\"0769293018689\",\"gpf\":\"woocommerce_gpf_34782\",\"gla\":\"gla_34782\"},\"is_variable\":false,\"type\":\"simple\",\"name\":\"MSMO Nail Drill Bits Set of 6 #01\",\"category\":[\"MSMO Drill Bits\"],\"is_variation\":false};\n\t\t\t\t\twindow.pmw_product_position = window.pmw_product_position || 1;\n\t\twindow.wpmDataLayer.products[34782]['position'] = window.pmw_product_position++;\n\t\t\t\t<\/script>\n\t\t<\/div><\/li>\n<li class=\"product type-product post-34780 status-publish instock product_cat-msmo-drill-bits has-post-thumbnail sale taxable shipping-taxable purchasable product-type-simple\">\n\t<a href=\"https:\/\/victoriavynn.ca\/fr\/product\/msmo-nail-drill-bits-set-of-6-02-2\/\" class=\"woocommerce-LoopProduct-link woocommerce-loop-product__link\"><div class=\"wpcbm-wrapper wpcbm-wrapper-archive-image\"><div class=\"woocommerce-image__wrapper\"><a href=\"https:\/\/victoriavynn.ca\/fr\/product\/msmo-nail-drill-bits-set-of-6-02-2\/\" title=\"MSMO Nail Drill Bits Set of 6 #02\" class=\"woocommerce-LoopProduct-link woocommerce-loop-product__link\">\n\t<span class=\"onsale\">Promo!<\/span>\n\t<div class=\"shoptimizer-plp-carousel-container\"><div class=\"shoptimizer-plp-image-wrapper\"><img loading=\"lazy\" decoding=\"async\" width=\"200\" height=\"200\" src=\"https:\/\/i0.wp.com\/victoriavynn.ca\/wp-content\/uploads\/2025\/10\/msmo1-2.png?fit=200%2C200&amp;ssl=1\" class=\"attachment-woocommerce_thumbnail size-woocommerce_thumbnail\" alt=\"MSMO Nail Drill Bits Set of 6 #02\" srcset=\"https:\/\/i0.wp.com\/victoriavynn.ca\/wp-content\/uploads\/2025\/10\/msmo1-2.png?w=1630&amp;ssl=1 1630w, https:\/\/i0.wp.com\/victoriavynn.ca\/wp-content\/uploads\/2025\/10\/msmo1-2.png?resize=300%2C300&amp;ssl=1 300w, https:\/\/i0.wp.com\/victoriavynn.ca\/wp-content\/uploads\/2025\/10\/msmo1-2.png?resize=1024%2C1024&amp;ssl=1 1024w, https:\/\/i0.wp.com\/victoriavynn.ca\/wp-content\/uploads\/2025\/10\/msmo1-2.png?resize=150%2C150&amp;ssl=1 150w, https:\/\/i0.wp.com\/victoriavynn.ca\/wp-content\/uploads\/2025\/10\/msmo1-2.png?resize=768%2C768&amp;ssl=1 768w, https:\/\/i0.wp.com\/victoriavynn.ca\/wp-content\/uploads\/2025\/10\/msmo1-2.png?resize=1536%2C1536&amp;ssl=1 1536w, https:\/\/i0.wp.com\/victoriavynn.ca\/wp-content\/uploads\/2025\/10\/msmo1-2.png?resize=12%2C12&amp;ssl=1 12w, https:\/\/i0.wp.com\/victoriavynn.ca\/wp-content\/uploads\/2025\/10\/msmo1-2.png?resize=32%2C32&amp;ssl=1 32w, https:\/\/i0.wp.com\/victoriavynn.ca\/wp-content\/uploads\/2025\/10\/msmo1-2.png?resize=990%2C990&amp;ssl=1 990w, https:\/\/i0.wp.com\/victoriavynn.ca\/wp-content\/uploads\/2025\/10\/msmo1-2.png?resize=441%2C441&amp;ssl=1 441w, https:\/\/i0.wp.com\/victoriavynn.ca\/wp-content\/uploads\/2025\/10\/msmo1-2.png?resize=200%2C200&amp;ssl=1 200w, https:\/\/i0.wp.com\/victoriavynn.ca\/wp-content\/uploads\/2025\/10\/msmo1-2.png?resize=750%2C750&amp;ssl=1 750w, https:\/\/i0.wp.com\/victoriavynn.ca\/wp-content\/uploads\/2025\/10\/msmo1-2.png?resize=50%2C50&amp;ssl=1 50w, https:\/\/i0.wp.com\/victoriavynn.ca\/wp-content\/uploads\/2025\/10\/msmo1-2.png?resize=100%2C100&amp;ssl=1 100w, https:\/\/i0.wp.com\/victoriavynn.ca\/wp-content\/uploads\/2025\/10\/msmo1-2.png?resize=64%2C64&amp;ssl=1 64w\" sizes=\"auto, (max-width: 360px) 147px, (max-width: 200px) 100vw, 200px\" title=\"\">\t\t\t\n\t<\/div><\/div><\/a><\/div><\/div><div class=\"woocommerce-card__header\">\t\t\t\t\t<p class=\"product__categories\"><a href=\"https:\/\/victoriavynn.ca\/fr\/category\/msmo-2\/msmo-drill-bits\/\" rel=\"tag\">MSMO Drill Bits<\/a><\/p>\t\t\t\t<div class=\"woocommerce-loop-product__title\"><a tabindex=\"0\" href=\"https:\/\/victoriavynn.ca\/fr\/product\/msmo-nail-drill-bits-set-of-6-02-2\/\" aria-label=\"MSMO Nail Drill Bits Set of 6 #02\" class=\"woocommerce-LoopProduct-link woocommerce-loop-product__link\">MSMO Nail Drill Bits Set of 6 #02<\/a><\/div><div class=\"cgkit-as-variation-price \">\n\t<span class=\"price\"><del aria-hidden=\"true\"><span class=\"woocommerce-Price-amount amount\"><bdi><span class=\"woocommerce-Price-currencySymbol\">CAD$<\/span>&nbsp;56.94<\/bdi><\/span><\/del> <span class=\"screen-reader-text\">Le prix d&#039;origine \u00e9tait : CAD$&nbsp;56.94.<\/span><ins aria-hidden=\"true\"><span class=\"woocommerce-Price-amount amount\"><bdi><span class=\"woocommerce-Price-currencySymbol\">CAD$<\/span>&nbsp;50.94<\/bdi><\/span><\/ins><span class=\"screen-reader-text\">Le prix actuel est : CAD$&nbsp;50.94.<\/span><\/span>\n<\/div><\/a><a href=\"\/fr\/wp-json\/wp\/v2\/pages\/35679?add-to-cart=34780\" aria-describedby=\"woocommerce_loop_add_to_cart_link_describedby_34780\" data-quantity=\"1\" class=\"button product_type_simple add_to_cart_button ajax_add_to_cart\" data-product_id=\"34780\" data-product_sku=\"0769293018696\" aria-label=\"Ajouter au panier : &quot;MSMO Nail Drill Bits Set of 6 #02&quot;\" rel=\"nofollow\" data-success_message=\"&quot;MSMO Nail Drill Bits Set of 6 #02&quot; a \u00e9t\u00e9 ajout\u00e9 \u00e0 votre panier\" role=\"button\">Ajouter au panier<\/a>\t<span id=\"woocommerce_loop_add_to_cart_link_describedby_34780\" class=\"screen-reader-text\">\n\t\t\t<\/span>\n<p class=\"stock in-stock\">En inventaire<\/p>\n\t\t\t<input type=\"hidden\" class=\"wpmProductId\" data-id=\"34780\">\n\t\t\t\t\t<script>\n\t\t\t(window.wpmDataLayer = window.wpmDataLayer || {}).products             = window.wpmDataLayer.products || {};\n\t\t\twindow.wpmDataLayer.products[34780] = {\"id\":\"34780\",\"sku\":\"0769293018696\",\"price\":50.94,\"brand\":\"\",\"quantity\":1,\"dyn_r_ids\":{\"post_id\":\"34780\",\"sku\":\"0769293018696\",\"gpf\":\"woocommerce_gpf_34780\",\"gla\":\"gla_34780\"},\"is_variable\":false,\"type\":\"simple\",\"name\":\"MSMO Nail Drill Bits Set of 6 #02\",\"category\":[\"MSMO Drill Bits\"],\"is_variation\":false};\n\t\t\t\t\twindow.pmw_product_position = window.pmw_product_position || 1;\n\t\twindow.wpmDataLayer.products[34780]['position'] = window.pmw_product_position++;\n\t\t\t\t<\/script>\n\t\t<\/div><\/li>\n<\/ul>\n<div class=\"shoptimizer-sorting sorting-end\"><form class=\"woocommerce-ordering\" method=\"get\">\n\t\t<select\n\t\tname=\"orderby\"\n\t\tclass=\"orderby\"\n\t\t\t\t\taria-label=\"Commande\"\n\t\t\t>\n\t\t\t\t\t<option value=\"popularity\"  selected='selected'>Tri par popularit\u00e9<\/option>\n\t\t\t\t\t<option value=\"rating\" >Tri par notes moyennes<\/option>\n\t\t\t\t\t<option value=\"date\" >Trier du plus r\u00e9cent au plus ancien<\/option>\n\t\t\t\t\t<option value=\"price\" >Tri par tarif croissant<\/option>\n\t\t\t\t\t<option value=\"price-desc\" >Tri par tarif d\u00e9croissant<\/option>\n\t\t\t<\/select>\n\t<input type=\"hidden\" name=\"paged\" value=\"1\" \/>\n\t<\/form>\n<p class=\"woocommerce-result-count\" role=\"alert\" aria-relevant=\"all\" data-is-sorted-by=\"true\">\n\tAfficher tous les r\u00e9sultats de 2<span class=\"screen-reader-text\">Class\u00e9s par popularit\u00e9<\/span><\/p>\n<\/div><\/div><\/div><\/p>\n","protected":false},"excerpt":{"rendered":"<p>MSMO Drill Bits MSMO Drill Bits are professional-grade bits designed for precision work in nail services. Crafted from durable metals (often carbide or diamond), they allow efficient shaping, surface work, and material removal while preserving the integrity of the natural nail. Paired with your MSMO e-file, these bits deliver smooth, controlled performance for acrylic, gel, [&hellip;]<\/p>\n","protected":false},"author":1,"featured_media":0,"parent":0,"menu_order":0,"comment_status":"closed","ping_status":"closed","template":"","meta":{"jetpack_post_was_ever_published":false,"footnotes":""},"class_list":["post-35679","page","type-page","status-publish","hentry"],"jetpack-related-posts":[{"id":35687,"url":"https:\/\/victoriavynn.ca\/fr\/msmo-electric-nail-dr\/","url_meta":{"origin":35679,"position":0},"title":"Forets \u00e0 clous \u00e9lectriques MSMO","author":"Serge Sahakian","date":"octobre 17, 2025","format":false,"excerpt":"Forets \u00e0 ongles \u00e9lectriques MSMO Les forets \u00e0 ongles \u00e9lectriques MSMO offrent des performances dignes d'un salon de coiffure, avec pr\u00e9cision, puissance et confort. Con\u00e7us pour les professionnels comme pour les particuliers, les forets MSMO assurent une mise en forme, un lissage et un soin des cuticules sans effort. Avec des vitesses r\u00e9glables, un fonctionnement silencieux et un design ergonomique, ils offrent des r\u00e9sultats impeccables \u00e0 chaque fois - parfaits pour les manucures,...","rel":"","context":"Similar post","block_context":{"text":"Similar post","link":""},"img":{"alt_text":"vibe pro","src":"https:\/\/i0.wp.com\/victoriavynn.ca\/wp-content\/uploads\/2025\/10\/msmo-vibe-pro.png?resize=350%2C200&ssl=1","width":350,"height":200,"srcset":"https:\/\/i0.wp.com\/victoriavynn.ca\/wp-content\/uploads\/2025\/10\/msmo-vibe-pro.png?resize=350%2C200&ssl=1 1x, https:\/\/i0.wp.com\/victoriavynn.ca\/wp-content\/uploads\/2025\/10\/msmo-vibe-pro.png?resize=525%2C300&ssl=1 1.5x, https:\/\/i0.wp.com\/victoriavynn.ca\/wp-content\/uploads\/2025\/10\/msmo-vibe-pro.png?resize=700%2C400&ssl=1 2x, https:\/\/i0.wp.com\/victoriavynn.ca\/wp-content\/uploads\/2025\/10\/msmo-vibe-pro.png?resize=1050%2C600&ssl=1 3x, https:\/\/i0.wp.com\/victoriavynn.ca\/wp-content\/uploads\/2025\/10\/msmo-vibe-pro.png?resize=1400%2C800&ssl=1 4x"},"classes":[]},{"id":35690,"url":"https:\/\/victoriavynn.ca\/fr\/msmo-nail-files-buffers\/","url_meta":{"origin":35679,"position":1},"title":"Limes et tampons MSMO","author":"Serge Sahakian","date":"octobre 17, 2025","format":false,"excerpt":"Limes \u00e0 ongles et polissoirs MSMO Les limes \u00e0 ongles et polissoirs MSMO sont con\u00e7us pour la pr\u00e9cision, la durabilit\u00e9 et une finition impeccable. Qu'il s'agisse de fa\u00e7onner les ongles naturels, d'affiner les am\u00e9liorations ou d'obtenir une brillance lisse comme un miroir, les outils MSMO offrent des r\u00e9sultats professionnels \u00e0 chaque fois. Con\u00e7us avec des mat\u00e9riaux de premi\u00e8re qualit\u00e9 pour une performance durable, ils sont essentiels pour les...","rel":"","context":"Similar post","block_context":{"text":"Similar post","link":""},"img":{"alt_text":"msmo buffer","src":"https:\/\/i0.wp.com\/victoriavynn.ca\/wp-content\/uploads\/2025\/10\/buffer.png?resize=350%2C200&ssl=1","width":350,"height":200,"srcset":"https:\/\/i0.wp.com\/victoriavynn.ca\/wp-content\/uploads\/2025\/10\/buffer.png?resize=350%2C200&ssl=1 1x, https:\/\/i0.wp.com\/victoriavynn.ca\/wp-content\/uploads\/2025\/10\/buffer.png?resize=525%2C300&ssl=1 1.5x, https:\/\/i0.wp.com\/victoriavynn.ca\/wp-content\/uploads\/2025\/10\/buffer.png?resize=700%2C400&ssl=1 2x, https:\/\/i0.wp.com\/victoriavynn.ca\/wp-content\/uploads\/2025\/10\/buffer.png?resize=1050%2C600&ssl=1 3x"},"classes":[]},{"id":35683,"url":"https:\/\/victoriavynn.ca\/fr\/msmo-dual-forms\/","url_meta":{"origin":35679,"position":2},"title":"MSMO double forme","author":"Serge Sahakian","date":"octobre 17, 2025","format":false,"excerpt":"MSMO Dual Forms Les MSMO Dual Forms sont un outil intelligent pour cr\u00e9er facilement des extensions d'ongles solides et de forme parfaite. Fabriqu\u00e9es \u00e0 partir d'un mat\u00e9riau flexible mais ferme, elles permettent une mise en forme naturelle et aident \u00e0 sculpter des arcs et des longueurs d'ongles id\u00e9ales. Une vari\u00e9t\u00e9 de tailles est incluse, afin d'obtenir un ajustement...","rel":"","context":"Similar post","block_context":{"text":"Similar post","link":""},"img":{"alt_text":"dual forms msmo","src":"https:\/\/i0.wp.com\/victoriavynn.ca\/wp-content\/uploads\/2025\/10\/popit-4.png?resize=350%2C200&ssl=1","width":350,"height":200,"srcset":"https:\/\/i0.wp.com\/victoriavynn.ca\/wp-content\/uploads\/2025\/10\/popit-4.png?resize=350%2C200&ssl=1 1x, https:\/\/i0.wp.com\/victoriavynn.ca\/wp-content\/uploads\/2025\/10\/popit-4.png?resize=525%2C300&ssl=1 1.5x, https:\/\/i0.wp.com\/victoriavynn.ca\/wp-content\/uploads\/2025\/10\/popit-4.png?resize=700%2C400&ssl=1 2x, https:\/\/i0.wp.com\/victoriavynn.ca\/wp-content\/uploads\/2025\/10\/popit-4.png?resize=1050%2C600&ssl=1 3x, https:\/\/i0.wp.com\/victoriavynn.ca\/wp-content\/uploads\/2025\/10\/popit-4.png?resize=1400%2C800&ssl=1 4x"},"classes":[]},{"id":35612,"url":"https:\/\/victoriavynn.ca\/fr\/msmo-2\/","url_meta":{"origin":35679,"position":3},"title":"MSMO","author":"Serge Sahakian","date":"octobre 17, 2025","format":false,"excerpt":"MSMO MSMO (Mon Style, Mes Ongles) est une marque qu\u00e9b\u00e9coise de produits de beaut\u00e9 sp\u00e9cialis\u00e9e dans les produits et outils professionnels pour les ongles, qui s'adresse principalement aux proth\u00e9sistes ongulaires et aux salons de manucure. La marque met l'accent sur la cr\u00e9ativit\u00e9 et la performance, en offrant des \u00e9quipements de haute qualit\u00e9 tels que des limes \u00e0 ongles \u00e9lectriques, des machines \u00e0 a\u00e9rographe et des peintures \u00e0 a\u00e9rographe ultra-pigment\u00e9es. Ses produits sont con\u00e7us...","rel":"","context":"Similar post","block_context":{"text":"Similar post","link":""},"img":{"alt_text":"msmo","src":"https:\/\/i0.wp.com\/victoriavynn.ca\/wp-content\/uploads\/2025\/10\/msmo-scaled.webp?resize=350%2C200&ssl=1","width":350,"height":200,"srcset":"https:\/\/i0.wp.com\/victoriavynn.ca\/wp-content\/uploads\/2025\/10\/msmo-scaled.webp?resize=350%2C200&ssl=1 1x, https:\/\/i0.wp.com\/victoriavynn.ca\/wp-content\/uploads\/2025\/10\/msmo-scaled.webp?resize=525%2C300&ssl=1 1.5x, https:\/\/i0.wp.com\/victoriavynn.ca\/wp-content\/uploads\/2025\/10\/msmo-scaled.webp?resize=700%2C400&ssl=1 2x, https:\/\/i0.wp.com\/victoriavynn.ca\/wp-content\/uploads\/2025\/10\/msmo-scaled.webp?resize=1050%2C600&ssl=1 3x, https:\/\/i0.wp.com\/victoriavynn.ca\/wp-content\/uploads\/2025\/10\/msmo-scaled.webp?resize=1400%2C800&ssl=1 4x"},"classes":[]},{"id":35676,"url":"https:\/\/victoriavynn.ca\/fr\/msmo-brushes\/","url_meta":{"origin":35679,"position":4},"title":"Brosses MSMO","author":"Serge Sahakian","date":"octobre 17, 2025","format":false,"excerpt":"Pinceaux MSMO Les pinceaux MSMO sont con\u00e7us pour la pr\u00e9cision et la polyvalence dans le domaine du nail art. Avec des poils fins et durables et des poign\u00e9es ergonomiques, ils vous permettent de d\u00e9tailler les lignes, de m\u00e9langer les couleurs ou d'ajouter des motifs \u00e0 main lev\u00e9e avec facilit\u00e9. Particuli\u00e8rement utiles avec l'ensemble a\u00e9rographe MSMO, ces pinceaux vous permettent d'affiner et de perfectionner votre finition.","rel":"","context":"Similar post","block_context":{"text":"Similar post","link":""},"img":{"alt_text":"","src":"https:\/\/i0.wp.com\/victoriavynn.ca\/wp-content\/uploads\/2025\/10\/msmo-flat.png?resize=350%2C200&ssl=1","width":350,"height":200,"srcset":"https:\/\/i0.wp.com\/victoriavynn.ca\/wp-content\/uploads\/2025\/10\/msmo-flat.png?resize=350%2C200&ssl=1 1x, https:\/\/i0.wp.com\/victoriavynn.ca\/wp-content\/uploads\/2025\/10\/msmo-flat.png?resize=525%2C300&ssl=1 1.5x, https:\/\/i0.wp.com\/victoriavynn.ca\/wp-content\/uploads\/2025\/10\/msmo-flat.png?resize=700%2C400&ssl=1 2x, https:\/\/i0.wp.com\/victoriavynn.ca\/wp-content\/uploads\/2025\/10\/msmo-flat.png?resize=1050%2C600&ssl=1 3x"},"classes":[]},{"id":35667,"url":"https:\/\/victoriavynn.ca\/fr\/msmo-2\/airbrush\/airbrush-templates\/","url_meta":{"origin":35679,"position":5},"title":"Mod\u00e8les d'a\u00e9rographe","author":"Serge Sahakian","date":"octobre 17, 2025","format":false,"excerpt":"Airbrush Templates MSMO Airbrush Templates are precision-cut stencils designed to simplify and elevate your nail art. Crafted from flexible, durable material, they allow you to mask or shape intricate patterns\u2014like florals, geometric designs, and seasonal themes\u2014with sharp definition. Perfect for layering with airbrush paints, they make achieving consistent, repeatable designs\u2026","rel":"","context":"Similar post","block_context":{"text":"Similar post","link":""},"img":{"alt_text":"","src":"https:\/\/i0.wp.com\/victoriavynn.ca\/wp-content\/uploads\/2025\/10\/papillion.png?resize=350%2C200&ssl=1","width":350,"height":200,"srcset":"https:\/\/i0.wp.com\/victoriavynn.ca\/wp-content\/uploads\/2025\/10\/papillion.png?resize=350%2C200&ssl=1 1x, https:\/\/i0.wp.com\/victoriavynn.ca\/wp-content\/uploads\/2025\/10\/papillion.png?resize=525%2C300&ssl=1 1.5x, https:\/\/i0.wp.com\/victoriavynn.ca\/wp-content\/uploads\/2025\/10\/papillion.png?resize=700%2C400&ssl=1 2x, https:\/\/i0.wp.com\/victoriavynn.ca\/wp-content\/uploads\/2025\/10\/papillion.png?resize=1050%2C600&ssl=1 3x"},"classes":[]}],"jetpack_sharing_enabled":true,"_links":{"self":[{"href":"https:\/\/victoriavynn.ca\/fr\/wp-json\/wp\/v2\/pages\/35679","targetHints":{"allow":["GET"]}}],"collection":[{"href":"https:\/\/victoriavynn.ca\/fr\/wp-json\/wp\/v2\/pages"}],"about":[{"href":"https:\/\/victoriavynn.ca\/fr\/wp-json\/wp\/v2\/types\/page"}],"author":[{"embeddable":true,"href":"https:\/\/victoriavynn.ca\/fr\/wp-json\/wp\/v2\/users\/1"}],"replies":[{"embeddable":true,"href":"https:\/\/victoriavynn.ca\/fr\/wp-json\/wp\/v2\/comments?post=35679"}],"version-history":[{"count":0,"href":"https:\/\/victoriavynn.ca\/fr\/wp-json\/wp\/v2\/pages\/35679\/revisions"}],"wp:attachment":[{"href":"https:\/\/victoriavynn.ca\/fr\/wp-json\/wp\/v2\/media?parent=35679"}],"curies":[{"name":"wp","href":"https:\/\/api.w.org\/{rel}","templated":true}]}}