{"id":35687,"date":"2025-10-17T12:20:37","date_gmt":"2025-10-17T16:20:37","guid":{"rendered":"https:\/\/victoriavynn.ca\/?page_id=35687"},"modified":"2025-10-17T12:30:51","modified_gmt":"2025-10-17T16:30:51","slug":"msmo-electric-nail-dr","status":"publish","type":"page","link":"https:\/\/victoriavynn.ca\/fr\/msmo-electric-nail-dr\/","title":{"rendered":"Forets \u00e0 clous \u00e9lectriques MSMO"},"content":{"rendered":"\n<h1 class=\"wp-block-heading has-text-align-center\">MSMO Electric Nail Drills<\/h1>\n\n\n\n<p class=\"has-text-align-center\"><strong>MSMO Electric Nail Drills<\/strong> deliver salon-grade performance with precision, power, and comfort. Designed for professionals and home users alike, MSMO drills ensure effortless shaping, smoothing, and cuticle care. With adjustable speeds, quiet operation, and ergonomic design, they provide flawless results every time \u2014 perfect for manicures, pedicures, and advanced nail art.<\/p>\n\n\n\n<figure class=\"wp-block-image aligncenter size-large\"><img data-recalc-dims=\"1\" loading=\"lazy\" decoding=\"async\" width=\"1024\" height=\"1024\" src=\"https:\/\/i0.wp.com\/victoriavynn.ca\/wp-content\/uploads\/2025\/10\/msmo-vibe-pro.png?resize=1024%2C1024&#038;ssl=1\" alt=\"vibe pro\" class=\"wp-image-34777\" title=\"\" srcset=\"https:\/\/i0.wp.com\/victoriavynn.ca\/wp-content\/uploads\/2025\/10\/msmo-vibe-pro.png?resize=1024%2C1024&amp;ssl=1 1024w, https:\/\/i0.wp.com\/victoriavynn.ca\/wp-content\/uploads\/2025\/10\/msmo-vibe-pro.png?resize=300%2C300&amp;ssl=1 300w, https:\/\/i0.wp.com\/victoriavynn.ca\/wp-content\/uploads\/2025\/10\/msmo-vibe-pro.png?resize=150%2C150&amp;ssl=1 150w, https:\/\/i0.wp.com\/victoriavynn.ca\/wp-content\/uploads\/2025\/10\/msmo-vibe-pro.png?resize=768%2C768&amp;ssl=1 768w, https:\/\/i0.wp.com\/victoriavynn.ca\/wp-content\/uploads\/2025\/10\/msmo-vibe-pro.png?resize=1536%2C1536&amp;ssl=1 1536w, https:\/\/i0.wp.com\/victoriavynn.ca\/wp-content\/uploads\/2025\/10\/msmo-vibe-pro.png?resize=12%2C12&amp;ssl=1 12w, https:\/\/i0.wp.com\/victoriavynn.ca\/wp-content\/uploads\/2025\/10\/msmo-vibe-pro.png?resize=32%2C32&amp;ssl=1 32w, https:\/\/i0.wp.com\/victoriavynn.ca\/wp-content\/uploads\/2025\/10\/msmo-vibe-pro.png?resize=990%2C990&amp;ssl=1 990w, https:\/\/i0.wp.com\/victoriavynn.ca\/wp-content\/uploads\/2025\/10\/msmo-vibe-pro.png?resize=441%2C441&amp;ssl=1 441w, https:\/\/i0.wp.com\/victoriavynn.ca\/wp-content\/uploads\/2025\/10\/msmo-vibe-pro.png?resize=200%2C200&amp;ssl=1 200w, https:\/\/i0.wp.com\/victoriavynn.ca\/wp-content\/uploads\/2025\/10\/msmo-vibe-pro.png?resize=750%2C750&amp;ssl=1 750w, https:\/\/i0.wp.com\/victoriavynn.ca\/wp-content\/uploads\/2025\/10\/msmo-vibe-pro.png?resize=50%2C50&amp;ssl=1 50w, https:\/\/i0.wp.com\/victoriavynn.ca\/wp-content\/uploads\/2025\/10\/msmo-vibe-pro.png?resize=100%2C100&amp;ssl=1 100w, https:\/\/i0.wp.com\/victoriavynn.ca\/wp-content\/uploads\/2025\/10\/msmo-vibe-pro.png?resize=64%2C64&amp;ssl=1 64w, https:\/\/i0.wp.com\/victoriavynn.ca\/wp-content\/uploads\/2025\/10\/msmo-vibe-pro.png?w=1630&amp;ssl=1 1630w\" sizes=\"auto, (max-width: 1024px) 100vw, 1024px\" \/><figcaption class=\"wp-element-caption\"> <\/figcaption><\/figure>\n\n\n\n<p class=\"has-text-align-center\"><div class=\"woocommerce columns-6 \"><div class=\"shoptimizer-sorting\"><div class=\"woocommerce-notices-wrapper\"><\/div><form class=\"woocommerce-ordering\" method=\"get\">\n\t\t<select\n\t\tname=\"orderby\"\n\t\tclass=\"orderby\"\n\t\t\t\t\taria-label=\"Commande\"\n\t\t\t>\n\t\t\t\t\t<option value=\"popularity\"  selected='selected'>Tri par popularit\u00e9<\/option>\n\t\t\t\t\t<option value=\"rating\" >Tri par notes moyennes<\/option>\n\t\t\t\t\t<option value=\"date\" >Trier du plus r\u00e9cent au plus ancien<\/option>\n\t\t\t\t\t<option value=\"price\" >Tri par tarif croissant<\/option>\n\t\t\t\t\t<option value=\"price-desc\" >Tri par tarif d\u00e9croissant<\/option>\n\t\t\t<\/select>\n\t<input type=\"hidden\" name=\"paged\" value=\"1\" \/>\n\t<\/form>\n<p class=\"woocommerce-result-count\" role=\"alert\" aria-relevant=\"all\" data-is-sorted-by=\"true\">\n\tAfficher tous les r\u00e9sultats de 3<span class=\"screen-reader-text\">Class\u00e9s par popularit\u00e9<\/span><\/p>\n<\/div><div class=\"columns-6\"><ul class=\"products columns-6\">\n<li class=\"product type-product post-23830 status-publish first outofstock product_cat-msmo-electric-nail-drill product_tag-e-file-machines has-post-thumbnail taxable shipping-taxable purchasable product-type-simple\">\n\t<a href=\"https:\/\/victoriavynn.ca\/fr\/product\/msmo-vibe-flow-the-electric-file-that-follows-your-rhythm\/\" class=\"woocommerce-LoopProduct-link woocommerce-loop-product__link\"><div class=\"wpcbm-wrapper wpcbm-wrapper-archive-image\"><div class=\"woocommerce-image__wrapper\"><a href=\"https:\/\/victoriavynn.ca\/fr\/product\/msmo-vibe-flow-the-electric-file-that-follows-your-rhythm\/\" title=\"MSMO VIBE Flow \u2013 The electric file that follows your rhythm\" class=\"woocommerce-LoopProduct-link woocommerce-loop-product__link\">\t\t\t<span class=\"product-out-of-stock\"><em>Out of stock<\/em><\/span>\n\t\t\t<div class=\"shoptimizer-plp-carousel-container\"><div class=\"shoptimizer-plp-image-wrapper\"><img loading=\"lazy\" decoding=\"async\" width=\"200\" height=\"200\" src=\"https:\/\/i0.wp.com\/victoriavynn.ca\/wp-content\/uploads\/2025\/08\/lime_elctrique_msmo_flow_1.png?fit=200%2C200&amp;ssl=1\" class=\"attachment-woocommerce_thumbnail size-woocommerce_thumbnail\" alt=\"MSMO VIBE Flow \u2013 The electric file that follows your rhythm\" srcset=\"https:\/\/i0.wp.com\/victoriavynn.ca\/wp-content\/uploads\/2025\/08\/lime_elctrique_msmo_flow_1.png?w=1200&amp;ssl=1 1200w, https:\/\/i0.wp.com\/victoriavynn.ca\/wp-content\/uploads\/2025\/08\/lime_elctrique_msmo_flow_1.png?resize=300%2C300&amp;ssl=1 300w, https:\/\/i0.wp.com\/victoriavynn.ca\/wp-content\/uploads\/2025\/08\/lime_elctrique_msmo_flow_1.png?resize=1024%2C1024&amp;ssl=1 1024w, https:\/\/i0.wp.com\/victoriavynn.ca\/wp-content\/uploads\/2025\/08\/lime_elctrique_msmo_flow_1.png?resize=150%2C150&amp;ssl=1 150w, https:\/\/i0.wp.com\/victoriavynn.ca\/wp-content\/uploads\/2025\/08\/lime_elctrique_msmo_flow_1.png?resize=768%2C768&amp;ssl=1 768w, https:\/\/i0.wp.com\/victoriavynn.ca\/wp-content\/uploads\/2025\/08\/lime_elctrique_msmo_flow_1.png?resize=12%2C12&amp;ssl=1 12w, https:\/\/i0.wp.com\/victoriavynn.ca\/wp-content\/uploads\/2025\/08\/lime_elctrique_msmo_flow_1.png?resize=32%2C32&amp;ssl=1 32w, https:\/\/i0.wp.com\/victoriavynn.ca\/wp-content\/uploads\/2025\/08\/lime_elctrique_msmo_flow_1.png?resize=990%2C990&amp;ssl=1 990w, https:\/\/i0.wp.com\/victoriavynn.ca\/wp-content\/uploads\/2025\/08\/lime_elctrique_msmo_flow_1.png?resize=441%2C441&amp;ssl=1 441w, https:\/\/i0.wp.com\/victoriavynn.ca\/wp-content\/uploads\/2025\/08\/lime_elctrique_msmo_flow_1.png?resize=200%2C200&amp;ssl=1 200w, https:\/\/i0.wp.com\/victoriavynn.ca\/wp-content\/uploads\/2025\/08\/lime_elctrique_msmo_flow_1.png?resize=750%2C750&amp;ssl=1 750w, https:\/\/i0.wp.com\/victoriavynn.ca\/wp-content\/uploads\/2025\/08\/lime_elctrique_msmo_flow_1.png?resize=50%2C50&amp;ssl=1 50w, https:\/\/i0.wp.com\/victoriavynn.ca\/wp-content\/uploads\/2025\/08\/lime_elctrique_msmo_flow_1.png?resize=100%2C100&amp;ssl=1 100w, https:\/\/i0.wp.com\/victoriavynn.ca\/wp-content\/uploads\/2025\/08\/lime_elctrique_msmo_flow_1.png?resize=64%2C64&amp;ssl=1 64w\" sizes=\"auto, (max-width: 360px) 147px, (max-width: 200px) 100vw, 200px\" title=\"\">\t\t\t\n\t<\/div><\/div><\/a><\/div><\/div><div class=\"woocommerce-card__header\">\t\t\t\t\t<p class=\"product__categories\"><a href=\"https:\/\/victoriavynn.ca\/fr\/category\/msmo-2\/msmo-electric-nail-drill\/\" rel=\"tag\">MSMO Electric Nail Drill<\/a><\/p>\t\t\t\t<div class=\"woocommerce-loop-product__title\"><a tabindex=\"0\" href=\"https:\/\/victoriavynn.ca\/fr\/product\/msmo-vibe-flow-the-electric-file-that-follows-your-rhythm\/\" aria-label=\"MSMO VIBE Flow \u2013 The electric file that follows your rhythm\" class=\"woocommerce-LoopProduct-link woocommerce-loop-product__link\">MSMO VIBE Flow \u2013 The electric file that follows your rhythm<\/a><\/div><div class=\"cgkit-as-variation-price \">\n\t<span class=\"price\"><span class=\"woocommerce-Price-amount amount\"><bdi><span class=\"woocommerce-Price-currencySymbol\">CAD$<\/span>&nbsp;295.99<\/bdi><\/span><\/span>\n<\/div><\/a><a href=\"https:\/\/victoriavynn.ca\/fr\/product\/msmo-vibe-flow-the-electric-file-that-follows-your-rhythm\/\" aria-describedby=\"woocommerce_loop_add_to_cart_link_describedby_23830\" data-quantity=\"1\" class=\"button product_type_simple\" data-product_id=\"23830\" data-product_sku=\"0769293018481\" aria-label=\"En savoir plus sur &ldquo;MSMO VIBE Flow \u2013 The electric file that follows your rhythm&rdquo;\" rel=\"nofollow\" data-success_message=\"\">Get notified<\/a>\t<span id=\"woocommerce_loop_add_to_cart_link_describedby_23830\" class=\"screen-reader-text\">\n\t\t\t<\/span>\n<p class=\"stock out-of-stock\">En rupture d'inventaire<\/p>\n\t\t\t<input type=\"hidden\" class=\"wpmProductId\" data-id=\"23830\">\n\t\t\t\t\t<script>\n\t\t\t(window.wpmDataLayer = window.wpmDataLayer || {}).products             = window.wpmDataLayer.products || {};\n\t\t\twindow.wpmDataLayer.products[23830] = {\"id\":\"23830\",\"sku\":\"0769293018481\",\"price\":295.99,\"brand\":\"\",\"quantity\":1,\"dyn_r_ids\":{\"post_id\":\"23830\",\"sku\":\"0769293018481\",\"gpf\":\"woocommerce_gpf_23830\",\"gla\":\"gla_23830\"},\"is_variable\":false,\"type\":\"simple\",\"name\":\"MSMO VIBE Flow \u2013 The electric file that follows your rhythm\",\"category\":[\"MSMO Electric Nail Drill\"],\"is_variation\":false};\n\t\t\t\t\twindow.pmw_product_position = window.pmw_product_position || 1;\n\t\twindow.wpmDataLayer.products[23830]['position'] = window.pmw_product_position++;\n\t\t\t\t<\/script>\n\t\t<\/div><\/li>\n<li class=\"product type-product post-34778 status-publish instock product_cat-msmo-electric-nail-drill product_tag-e-file-machines has-post-thumbnail taxable shipping-taxable purchasable product-type-simple\">\n\t<a href=\"https:\/\/victoriavynn.ca\/fr\/product\/msmo-vibe-pro-electric-nail-file\/\" class=\"woocommerce-LoopProduct-link woocommerce-loop-product__link\"><div class=\"wpcbm-wrapper wpcbm-wrapper-archive-image\"><div class=\"woocommerce-image__wrapper\"><a href=\"https:\/\/victoriavynn.ca\/fr\/product\/msmo-vibe-pro-electric-nail-file\/\" title=\"MSMO Vibe PRO Electric Nail File\" class=\"woocommerce-LoopProduct-link woocommerce-loop-product__link\"><div class=\"shoptimizer-plp-carousel-container\"><div class=\"shoptimizer-plp-image-wrapper\"><img loading=\"lazy\" decoding=\"async\" width=\"200\" height=\"200\" src=\"https:\/\/i0.wp.com\/victoriavynn.ca\/wp-content\/uploads\/2025\/10\/msmo-vibe-pro-1.png?fit=200%2C200&amp;ssl=1\" class=\"attachment-woocommerce_thumbnail size-woocommerce_thumbnail\" alt=\"MSMO Vibe PRO Electric Nail File\" srcset=\"https:\/\/i0.wp.com\/victoriavynn.ca\/wp-content\/uploads\/2025\/10\/msmo-vibe-pro-1.png?w=1630&amp;ssl=1 1630w, https:\/\/i0.wp.com\/victoriavynn.ca\/wp-content\/uploads\/2025\/10\/msmo-vibe-pro-1.png?resize=300%2C300&amp;ssl=1 300w, https:\/\/i0.wp.com\/victoriavynn.ca\/wp-content\/uploads\/2025\/10\/msmo-vibe-pro-1.png?resize=1024%2C1024&amp;ssl=1 1024w, https:\/\/i0.wp.com\/victoriavynn.ca\/wp-content\/uploads\/2025\/10\/msmo-vibe-pro-1.png?resize=150%2C150&amp;ssl=1 150w, https:\/\/i0.wp.com\/victoriavynn.ca\/wp-content\/uploads\/2025\/10\/msmo-vibe-pro-1.png?resize=768%2C768&amp;ssl=1 768w, https:\/\/i0.wp.com\/victoriavynn.ca\/wp-content\/uploads\/2025\/10\/msmo-vibe-pro-1.png?resize=1536%2C1536&amp;ssl=1 1536w, https:\/\/i0.wp.com\/victoriavynn.ca\/wp-content\/uploads\/2025\/10\/msmo-vibe-pro-1.png?resize=12%2C12&amp;ssl=1 12w, https:\/\/i0.wp.com\/victoriavynn.ca\/wp-content\/uploads\/2025\/10\/msmo-vibe-pro-1.png?resize=32%2C32&amp;ssl=1 32w, https:\/\/i0.wp.com\/victoriavynn.ca\/wp-content\/uploads\/2025\/10\/msmo-vibe-pro-1.png?resize=990%2C990&amp;ssl=1 990w, https:\/\/i0.wp.com\/victoriavynn.ca\/wp-content\/uploads\/2025\/10\/msmo-vibe-pro-1.png?resize=441%2C441&amp;ssl=1 441w, https:\/\/i0.wp.com\/victoriavynn.ca\/wp-content\/uploads\/2025\/10\/msmo-vibe-pro-1.png?resize=200%2C200&amp;ssl=1 200w, https:\/\/i0.wp.com\/victoriavynn.ca\/wp-content\/uploads\/2025\/10\/msmo-vibe-pro-1.png?resize=750%2C750&amp;ssl=1 750w, https:\/\/i0.wp.com\/victoriavynn.ca\/wp-content\/uploads\/2025\/10\/msmo-vibe-pro-1.png?resize=50%2C50&amp;ssl=1 50w, https:\/\/i0.wp.com\/victoriavynn.ca\/wp-content\/uploads\/2025\/10\/msmo-vibe-pro-1.png?resize=100%2C100&amp;ssl=1 100w, https:\/\/i0.wp.com\/victoriavynn.ca\/wp-content\/uploads\/2025\/10\/msmo-vibe-pro-1.png?resize=64%2C64&amp;ssl=1 64w\" sizes=\"auto, (max-width: 360px) 147px, (max-width: 200px) 100vw, 200px\" title=\"\"><img decoding=\"async\" width=\"200\" height=\"267\" src=\"https:\/\/i0.wp.com\/victoriavynn.ca\/wp-content\/uploads\/2025\/11\/msmo-nail-drill-nail-drill-bits.webp?fit=200%2C267&amp;ssl=1\" class=\"gallery-image\" alt=\"msmo nail drill + nail drill bits\" loading=\"lazy\" srcset=\"https:\/\/i0.wp.com\/victoriavynn.ca\/wp-content\/uploads\/2025\/11\/msmo-nail-drill-nail-drill-bits.webp?w=750&amp;ssl=1 750w, https:\/\/i0.wp.com\/victoriavynn.ca\/wp-content\/uploads\/2025\/11\/msmo-nail-drill-nail-drill-bits.webp?resize=225%2C300&amp;ssl=1 225w, https:\/\/i0.wp.com\/victoriavynn.ca\/wp-content\/uploads\/2025\/11\/msmo-nail-drill-nail-drill-bits.webp?resize=9%2C12&amp;ssl=1 9w, https:\/\/i0.wp.com\/victoriavynn.ca\/wp-content\/uploads\/2025\/11\/msmo-nail-drill-nail-drill-bits.webp?resize=441%2C588&amp;ssl=1 441w, https:\/\/i0.wp.com\/victoriavynn.ca\/wp-content\/uploads\/2025\/11\/msmo-nail-drill-nail-drill-bits.webp?resize=200%2C267&amp;ssl=1 200w, https:\/\/i0.wp.com\/victoriavynn.ca\/wp-content\/uploads\/2025\/11\/msmo-nail-drill-nail-drill-bits.webp?resize=150%2C200&amp;ssl=1 150w, https:\/\/i0.wp.com\/victoriavynn.ca\/wp-content\/uploads\/2025\/11\/msmo-nail-drill-nail-drill-bits.webp?resize=64%2C85&amp;ssl=1 64w\" sizes=\"auto, (max-width: 360px) 147px, auto, (max-width: 200px) 100vw, 200px\" title=\"\">\t\t\t\n\t<\/div><\/div><\/a><div class=\"shoptimizer-plp-carousel--pagination\">\n      \t\t\t<span class=\"shoptimizer-plp-carousel--dot active\"><\/span>\n      \t\t\t<span class=\"shoptimizer-plp-carousel--dot\"><\/span>\n    \t\t<\/div><\/div><\/div><div class=\"woocommerce-card__header\">\t\t\t\t\t<p class=\"product__categories\"><a href=\"https:\/\/victoriavynn.ca\/fr\/category\/msmo-2\/msmo-electric-nail-drill\/\" rel=\"tag\">MSMO Electric Nail Drill<\/a><\/p>\t\t\t\t<div class=\"woocommerce-loop-product__title\"><a tabindex=\"0\" href=\"https:\/\/victoriavynn.ca\/fr\/product\/msmo-vibe-pro-electric-nail-file\/\" aria-label=\"MSMO Vibe PRO Electric Nail File\" class=\"woocommerce-LoopProduct-link woocommerce-loop-product__link\">MSMO Vibe PRO Electric Nail File<\/a><\/div><div class=\"cgkit-as-variation-price \">\n\t<span class=\"price\"><span class=\"woocommerce-Price-amount amount\"><bdi><span class=\"woocommerce-Price-currencySymbol\">CAD$<\/span>&nbsp;269.99<\/bdi><\/span><\/span>\n<\/div><\/a><a href=\"\/fr\/wp-json\/wp\/v2\/pages\/35687?add-to-cart=34778\" aria-describedby=\"woocommerce_loop_add_to_cart_link_describedby_34778\" data-quantity=\"1\" class=\"button product_type_simple add_to_cart_button ajax_add_to_cart\" data-product_id=\"34778\" data-product_sku=\"0769293018504\" aria-label=\"Ajouter au panier : &quot;MSMO Vibe PRO Electric Nail File&quot;\" rel=\"nofollow\" data-success_message=\"&quot;MSMO Vibe PRO Electric Nail File&quot; a \u00e9t\u00e9 ajout\u00e9 \u00e0 votre panier\" role=\"button\">Ajouter au panier<\/a>\t<span id=\"woocommerce_loop_add_to_cart_link_describedby_34778\" class=\"screen-reader-text\">\n\t\t\t<\/span>\n<p class=\"stock in-stock\">Seulement 2 en inventaire<\/p>\n\t\t\t<input type=\"hidden\" class=\"wpmProductId\" data-id=\"34778\">\n\t\t\t\t\t<script>\n\t\t\t(window.wpmDataLayer = window.wpmDataLayer || {}).products             = window.wpmDataLayer.products || {};\n\t\t\twindow.wpmDataLayer.products[34778] = {\"id\":\"34778\",\"sku\":\"0769293018504\",\"price\":269.99,\"brand\":\"\",\"quantity\":1,\"dyn_r_ids\":{\"post_id\":\"34778\",\"sku\":\"0769293018504\",\"gpf\":\"woocommerce_gpf_34778\",\"gla\":\"gla_34778\"},\"is_variable\":false,\"type\":\"simple\",\"name\":\"MSMO Vibe PRO Electric Nail File\",\"category\":[\"MSMO Electric Nail Drill\"],\"is_variation\":false};\n\t\t\t\t\twindow.pmw_product_position = window.pmw_product_position || 1;\n\t\twindow.wpmDataLayer.products[34778]['position'] = window.pmw_product_position++;\n\t\t\t\t<\/script>\n\t\t<\/div><\/li>\n<li class=\"product type-product post-34776 status-publish outofstock product_cat-msmo-electric-nail-drill product_tag-e-file-machines has-post-thumbnail taxable shipping-taxable purchasable product-type-simple\">\n\t<a href=\"https:\/\/victoriavynn.ca\/fr\/product\/msmo-vibe-pro-electric-nail-file-cordless\/\" class=\"woocommerce-LoopProduct-link woocommerce-loop-product__link\"><div class=\"wpcbm-wrapper wpcbm-wrapper-archive-image\"><div class=\"woocommerce-image__wrapper\"><a href=\"https:\/\/victoriavynn.ca\/fr\/product\/msmo-vibe-pro-electric-nail-file-cordless\/\" title=\"MSMO Vibe PRO Electric Nail File (Cordless)\" class=\"woocommerce-LoopProduct-link woocommerce-loop-product__link\">\t\t\t<span class=\"product-out-of-stock\"><em>Out of stock<\/em><\/span>\n\t\t\t<div class=\"shoptimizer-plp-carousel-container\"><div class=\"shoptimizer-plp-image-wrapper\"><img loading=\"lazy\" decoding=\"async\" width=\"200\" height=\"200\" src=\"https:\/\/i0.wp.com\/victoriavynn.ca\/wp-content\/uploads\/2025\/10\/msmo-vibe-pro.png?fit=200%2C200&amp;ssl=1\" class=\"attachment-woocommerce_thumbnail size-woocommerce_thumbnail\" alt=\"vibe pro\" srcset=\"https:\/\/i0.wp.com\/victoriavynn.ca\/wp-content\/uploads\/2025\/10\/msmo-vibe-pro.png?w=1630&amp;ssl=1 1630w, https:\/\/i0.wp.com\/victoriavynn.ca\/wp-content\/uploads\/2025\/10\/msmo-vibe-pro.png?resize=300%2C300&amp;ssl=1 300w, https:\/\/i0.wp.com\/victoriavynn.ca\/wp-content\/uploads\/2025\/10\/msmo-vibe-pro.png?resize=1024%2C1024&amp;ssl=1 1024w, https:\/\/i0.wp.com\/victoriavynn.ca\/wp-content\/uploads\/2025\/10\/msmo-vibe-pro.png?resize=150%2C150&amp;ssl=1 150w, https:\/\/i0.wp.com\/victoriavynn.ca\/wp-content\/uploads\/2025\/10\/msmo-vibe-pro.png?resize=768%2C768&amp;ssl=1 768w, https:\/\/i0.wp.com\/victoriavynn.ca\/wp-content\/uploads\/2025\/10\/msmo-vibe-pro.png?resize=1536%2C1536&amp;ssl=1 1536w, https:\/\/i0.wp.com\/victoriavynn.ca\/wp-content\/uploads\/2025\/10\/msmo-vibe-pro.png?resize=12%2C12&amp;ssl=1 12w, https:\/\/i0.wp.com\/victoriavynn.ca\/wp-content\/uploads\/2025\/10\/msmo-vibe-pro.png?resize=32%2C32&amp;ssl=1 32w, https:\/\/i0.wp.com\/victoriavynn.ca\/wp-content\/uploads\/2025\/10\/msmo-vibe-pro.png?resize=990%2C990&amp;ssl=1 990w, https:\/\/i0.wp.com\/victoriavynn.ca\/wp-content\/uploads\/2025\/10\/msmo-vibe-pro.png?resize=441%2C441&amp;ssl=1 441w, https:\/\/i0.wp.com\/victoriavynn.ca\/wp-content\/uploads\/2025\/10\/msmo-vibe-pro.png?resize=200%2C200&amp;ssl=1 200w, https:\/\/i0.wp.com\/victoriavynn.ca\/wp-content\/uploads\/2025\/10\/msmo-vibe-pro.png?resize=750%2C750&amp;ssl=1 750w, https:\/\/i0.wp.com\/victoriavynn.ca\/wp-content\/uploads\/2025\/10\/msmo-vibe-pro.png?resize=50%2C50&amp;ssl=1 50w, https:\/\/i0.wp.com\/victoriavynn.ca\/wp-content\/uploads\/2025\/10\/msmo-vibe-pro.png?resize=100%2C100&amp;ssl=1 100w, https:\/\/i0.wp.com\/victoriavynn.ca\/wp-content\/uploads\/2025\/10\/msmo-vibe-pro.png?resize=64%2C64&amp;ssl=1 64w\" sizes=\"auto, (max-width: 360px) 147px, (max-width: 200px) 100vw, 200px\" title=\"\">\t\t\t\n\t<\/div><\/div><\/a><\/div><\/div><div class=\"woocommerce-card__header\">\t\t\t\t\t<p class=\"product__categories\"><a href=\"https:\/\/victoriavynn.ca\/fr\/category\/msmo-2\/msmo-electric-nail-drill\/\" rel=\"tag\">MSMO Electric Nail Drill<\/a><\/p>\t\t\t\t<div class=\"woocommerce-loop-product__title\"><a tabindex=\"0\" href=\"https:\/\/victoriavynn.ca\/fr\/product\/msmo-vibe-pro-electric-nail-file-cordless\/\" aria-label=\"MSMO Vibe PRO Electric Nail File (Cordless)\" class=\"woocommerce-LoopProduct-link woocommerce-loop-product__link\">MSMO Vibe PRO Electric Nail File (Cordless)<\/a><\/div><div class=\"cgkit-as-variation-price \">\n\t<span class=\"price\"><span class=\"woocommerce-Price-amount amount\"><bdi><span class=\"woocommerce-Price-currencySymbol\">CAD$<\/span>&nbsp;295.99<\/bdi><\/span><\/span>\n<\/div><\/a><a href=\"https:\/\/victoriavynn.ca\/fr\/product\/msmo-vibe-pro-electric-nail-file-cordless\/\" aria-describedby=\"woocommerce_loop_add_to_cart_link_describedby_34776\" data-quantity=\"1\" class=\"button product_type_simple\" data-product_id=\"34776\" data-product_sku=\"0769293018498\" aria-label=\"En savoir plus sur &ldquo;MSMO Vibe PRO Electric Nail File (Cordless)&rdquo;\" rel=\"nofollow\" data-success_message=\"\">Get notified<\/a>\t<span id=\"woocommerce_loop_add_to_cart_link_describedby_34776\" class=\"screen-reader-text\">\n\t\t\t<\/span>\n<p class=\"stock out-of-stock\">En rupture d'inventaire<\/p>\n\t\t\t<input type=\"hidden\" class=\"wpmProductId\" data-id=\"34776\">\n\t\t\t\t\t<script>\n\t\t\t(window.wpmDataLayer = window.wpmDataLayer || {}).products             = window.wpmDataLayer.products || {};\n\t\t\twindow.wpmDataLayer.products[34776] = {\"id\":\"34776\",\"sku\":\"0769293018498\",\"price\":295.99,\"brand\":\"\",\"quantity\":1,\"dyn_r_ids\":{\"post_id\":\"34776\",\"sku\":\"0769293018498\",\"gpf\":\"woocommerce_gpf_34776\",\"gla\":\"gla_34776\"},\"is_variable\":false,\"type\":\"simple\",\"name\":\"MSMO Vibe PRO Electric Nail File (Cordless)\",\"category\":[\"MSMO Electric Nail Drill\"],\"is_variation\":false};\n\t\t\t\t\twindow.pmw_product_position = window.pmw_product_position || 1;\n\t\twindow.wpmDataLayer.products[34776]['position'] = window.pmw_product_position++;\n\t\t\t\t<\/script>\n\t\t<\/div><\/li>\n<\/ul>\n<div class=\"shoptimizer-sorting sorting-end\"><form class=\"woocommerce-ordering\" method=\"get\">\n\t\t<select\n\t\tname=\"orderby\"\n\t\tclass=\"orderby\"\n\t\t\t\t\taria-label=\"Commande\"\n\t\t\t>\n\t\t\t\t\t<option value=\"popularity\"  selected='selected'>Tri par popularit\u00e9<\/option>\n\t\t\t\t\t<option value=\"rating\" >Tri par notes moyennes<\/option>\n\t\t\t\t\t<option value=\"date\" >Trier du plus r\u00e9cent au plus ancien<\/option>\n\t\t\t\t\t<option value=\"price\" >Tri par tarif croissant<\/option>\n\t\t\t\t\t<option value=\"price-desc\" >Tri par tarif d\u00e9croissant<\/option>\n\t\t\t<\/select>\n\t<input type=\"hidden\" name=\"paged\" value=\"1\" \/>\n\t<\/form>\n<p class=\"woocommerce-result-count\" role=\"alert\" aria-relevant=\"all\" data-is-sorted-by=\"true\">\n\tAfficher tous les r\u00e9sultats de 3<span class=\"screen-reader-text\">Class\u00e9s par popularit\u00e9<\/span><\/p>\n<\/div><\/div><\/div><\/p>\n\n\n\n<p><\/p>\n","protected":false},"excerpt":{"rendered":"<p>MSMO Electric Nail Drills MSMO Electric Nail Drills deliver salon-grade performance with precision, power, and comfort. Designed for professionals and home users alike, MSMO drills ensure effortless shaping, smoothing, and cuticle care. With adjustable speeds, quiet operation, and ergonomic design, they provide flawless results every time \u2014 perfect for manicures, pedicures, and advanced nail art.<\/p>","protected":false},"author":1,"featured_media":0,"parent":0,"menu_order":0,"comment_status":"closed","ping_status":"closed","template":"","meta":{"footnotes":""},"class_list":["post-35687","page","type-page","status-publish","hentry"],"jetpack_sharing_enabled":true,"_links":{"self":[{"href":"https:\/\/victoriavynn.ca\/fr\/wp-json\/wp\/v2\/pages\/35687","targetHints":{"allow":["GET"]}}],"collection":[{"href":"https:\/\/victoriavynn.ca\/fr\/wp-json\/wp\/v2\/pages"}],"about":[{"href":"https:\/\/victoriavynn.ca\/fr\/wp-json\/wp\/v2\/types\/page"}],"author":[{"embeddable":true,"href":"https:\/\/victoriavynn.ca\/fr\/wp-json\/wp\/v2\/users\/1"}],"replies":[{"embeddable":true,"href":"https:\/\/victoriavynn.ca\/fr\/wp-json\/wp\/v2\/comments?post=35687"}],"version-history":[{"count":0,"href":"https:\/\/victoriavynn.ca\/fr\/wp-json\/wp\/v2\/pages\/35687\/revisions"}],"wp:attachment":[{"href":"https:\/\/victoriavynn.ca\/fr\/wp-json\/wp\/v2\/media?parent=35687"}],"curies":[{"name":"wp","href":"https:\/\/api.w.org\/{rel}","templated":true}]}}