{"id":436,"date":"2019-11-24T16:29:48","date_gmt":"2019-11-24T16:29:48","guid":{"rendered":"https:\/\/victoriavynn.ca\/?page_id=436"},"modified":"2023-07-26T09:58:30","modified_gmt":"2023-07-26T13:58:30","slug":"mon-compte-2","status":"publish","type":"page","link":"https:\/\/victoriavynn.ca\/fr\/my-account-2\/","title":{"rendered":"Mon compte"},"content":{"rendered":"<p class=\"has-text-align-center\" style=\"font-size:clamp(20px, 1.25rem + ((1vw - 3.2px) * 1.379), 32px);font-style:normal;font-weight:200\">Mon compte<\/p>\n\n\n\n<div class=\"woocommerce\"><\/div>","protected":false},"excerpt":{"rendered":"<p>Mon compte<\/p>","protected":false},"author":1,"featured_media":0,"parent":0,"menu_order":0,"comment_status":"closed","ping_status":"closed","template":"","meta":{"jetpack_post_was_ever_published":false,"footnotes":""},"class_list":["post-436","page","type-page","status-publish","hentry"],"jetpack-related-posts":[{"id":9767,"url":"https:\/\/victoriavynn.ca\/fr\/my-account\/","url_meta":{"origin":436,"position":0},"title":"Mon compte","author":"Serge Sahakian","date":"novembre 24, 2019","format":false,"excerpt":"Mon compte","rel":"","context":"Similar post","block_context":{"text":"Similar post","link":""},"img":{"alt_text":"","src":"","width":0,"height":0},"classes":[]},{"id":441,"url":"https:\/\/victoriavynn.ca\/fr\/my-cart\/","url_meta":{"origin":436,"position":1},"title":"Mon panier","author":"Serge Sahakian","date":"novembre 24, 2019","format":false,"excerpt":"Mon panier","rel":"","context":"Similar post","block_context":{"text":"Similar post","link":""},"img":{"alt_text":"","src":"","width":0,"height":0},"classes":[]},{"id":17586,"url":"https:\/\/victoriavynn.ca\/fr\/new-collections\/","url_meta":{"origin":436,"position":2},"title":"Nouvelles collections","author":"Serge Sahakian","date":"avril 10, 2024","format":false,"excerpt":"Cliquer pour acheter Cliquer pour acheter Cliquer pour acheter Cliquer pour acheter Cliquer pour acheter","rel":"","context":"Similar post","block_context":{"text":"Similar post","link":""},"img":{"alt_text":"Victoria VYNN Brocaciello Collection Slider","src":"https:\/\/i0.wp.com\/victoriavynn.ca\/wp-content\/uploads\/2024\/04\/victoria-vynn-brocaciello-collection-slider.webp?resize=350%2C200","width":350,"height":200,"srcset":"https:\/\/i0.wp.com\/victoriavynn.ca\/wp-content\/uploads\/2024\/04\/victoria-vynn-brocaciello-collection-slider.webp?resize=350%2C200 1x, https:\/\/i0.wp.com\/victoriavynn.ca\/wp-content\/uploads\/2024\/04\/victoria-vynn-brocaciello-collection-slider.webp?resize=525%2C300 1.5x, https:\/\/i0.wp.com\/victoriavynn.ca\/wp-content\/uploads\/2024\/04\/victoria-vynn-brocaciello-collection-slider.webp?resize=700%2C400 2x, https:\/\/i0.wp.com\/victoriavynn.ca\/wp-content\/uploads\/2024\/04\/victoria-vynn-brocaciello-collection-slider.webp?resize=1050%2C600 3x"},"classes":[]},{"id":3812,"url":"https:\/\/victoriavynn.ca\/fr\/wholesale-nail-supply\/","url_meta":{"origin":436,"position":3},"title":"Victoria VYNN Canada &amp; USA Wholesale","author":"Serge Sahakian","date":"ao\u00fbt 27, 2022","format":false,"excerpt":"Victoria VYNN Canada &amp; USA Wholesale Faites partie de notre famille Victoria VYNN et d\u00e9couvrez de nouvelles opportunit\u00e9s d'avancement. Nous recommandons l'offre de Victoria Vynn pour les salons de beaut\u00e9, les installations SPA et les clients exigeants. Dans son portefeuille de produits, la marque propose une large gamme de couleurs de vernis hybrides, de gels de construction, de bases de construction, de gels acryliques,...","rel":"","context":"Similar post","block_context":{"text":"Similar post","link":""},"img":{"alt_text":"Wholesale nail supply","src":"https:\/\/i0.wp.com\/victoriavynn.ca\/wp-content\/uploads\/2022\/12\/Wholesale-nail-supply-.webp?resize=350%2C200&ssl=1","width":350,"height":200,"srcset":"https:\/\/i0.wp.com\/victoriavynn.ca\/wp-content\/uploads\/2022\/12\/Wholesale-nail-supply-.webp?resize=350%2C200&ssl=1 1x, https:\/\/i0.wp.com\/victoriavynn.ca\/wp-content\/uploads\/2022\/12\/Wholesale-nail-supply-.webp?resize=525%2C300&ssl=1 1.5x"},"classes":[]},{"id":2221,"url":"https:\/\/victoriavynn.ca\/fr\/terms-and-conditions\/","url_meta":{"origin":436,"position":4},"title":"Termes et conditions","author":"Serge Sahakian","date":"ao\u00fbt 18, 2022","format":false,"excerpt":"Conditions g\u00e9n\u00e9rales Politique de retour et de remboursement Vue d'ensemble Notre politique de retour et de remboursement dure 30 jours. Si 30 jours se sont \u00e9coul\u00e9s depuis votre achat, nous ne pouvons pas vous offrir un remboursement complet ou un \u00e9change. Pour pouvoir \u00eatre retourn\u00e9, votre article doit \u00eatre inutilis\u00e9 et dans le m\u00eame \u00e9tat que...","rel":"","context":"Similar post","block_context":{"text":"Similar post","link":""},"img":{"alt_text":"","src":"","width":0,"height":0},"classes":[]},{"id":11111,"url":"https:\/\/victoriavynn.ca\/fr\/victoria-vynn-brand-ambassador-2025\/","url_meta":{"origin":436,"position":5},"title":"Ambassadrice de la marque","author":"Serge Sahakian","date":"mars 13, 2023","format":false,"excerpt":"Programme d'ambassadeurs de marque \u00cates-vous int\u00e9ress\u00e9(e) par le poste d'ambassadeur de marque ? Avez-vous des comp\u00e9tences en mati\u00e8re de publicit\u00e9 et de marketing ? Avez-vous des comp\u00e9tences en communication ? Vous \u00eates passionn\u00e9(e) par les ongles ? Rejoignez notre \u00e9quipe ! L'innovation est la cl\u00e9 pour lib\u00e9rer votre potentiel en tant qu'ambassadrice d'une marque d'ongles de premier plan. Nous voulons travailler avec...","rel":"","context":"Similar post","block_context":{"text":"Similar post","link":""},"img":{"alt_text":"","src":"https:\/\/i0.wp.com\/victoriavynn.ca\/wp-content\/uploads\/2023\/03\/ambassador.webp?resize=350%2C200&ssl=1","width":350,"height":200,"srcset":"https:\/\/i0.wp.com\/victoriavynn.ca\/wp-content\/uploads\/2023\/03\/ambassador.webp?resize=350%2C200&ssl=1 1x, https:\/\/i0.wp.com\/victoriavynn.ca\/wp-content\/uploads\/2023\/03\/ambassador.webp?resize=525%2C300&ssl=1 1.5x"},"classes":[]}],"jetpack_sharing_enabled":true,"_links":{"self":[{"href":"https:\/\/victoriavynn.ca\/fr\/wp-json\/wp\/v2\/pages\/436","targetHints":{"allow":["GET"]}}],"collection":[{"href":"https:\/\/victoriavynn.ca\/fr\/wp-json\/wp\/v2\/pages"}],"about":[{"href":"https:\/\/victoriavynn.ca\/fr\/wp-json\/wp\/v2\/types\/page"}],"author":[{"embeddable":true,"href":"https:\/\/victoriavynn.ca\/fr\/wp-json\/wp\/v2\/users\/1"}],"replies":[{"embeddable":true,"href":"https:\/\/victoriavynn.ca\/fr\/wp-json\/wp\/v2\/comments?post=436"}],"version-history":[{"count":0,"href":"https:\/\/victoriavynn.ca\/fr\/wp-json\/wp\/v2\/pages\/436\/revisions"}],"wp:attachment":[{"href":"https:\/\/victoriavynn.ca\/fr\/wp-json\/wp\/v2\/media?parent=436"}],"curies":[{"name":"wp","href":"https:\/\/api.w.org\/{rel}","templated":true}]}}