{"id":53786,"date":"2026-05-03T14:47:37","date_gmt":"2026-05-03T18:47:37","guid":{"rendered":"https:\/\/victoriavynn.ca\/?page_id=53786"},"modified":"2026-05-03T14:52:36","modified_gmt":"2026-05-03T18:52:36","slug":"newsletter","status":"publish","type":"page","link":"https:\/\/victoriavynn.ca\/fr\/newsletter\/","title":{"rendered":"Bulletin d'information"},"content":{"rendered":"\n<h2 class=\"wp-block-heading has-text-align-center\">Stay Updated \u2014 Subscribe Now<\/h2>\n\n\n<script>(function() {\n\twindow.mc4wp = window.mc4wp || {\n\t\tlisteners: [],\n\t\tforms: {\n\t\t\ton: function(evt, cb) {\n\t\t\t\twindow.mc4wp.listeners.push(\n\t\t\t\t\t{\n\t\t\t\t\t\tevent   : evt,\n\t\t\t\t\t\tcallback: cb\n\t\t\t\t\t}\n\t\t\t\t);\n\t\t\t}\n\t\t}\n\t}\n})();\n<\/script><!-- Mailchimp for WordPress v4.12.2 - https:\/\/wordpress.org\/plugins\/mailchimp-for-wp\/ --><form id=\"mc4wp-form-1\" class=\"mc4wp-form mc4wp-form-17287 mc4wp-form-theme mc4wp-form-theme-light mc4wp-ajax\" method=\"post\" data-id=\"17287\" data-name=\"Popup Newsletter List\" data-typo-check=\"1\" ><div class=\"mc4wp-form-fields\"><p>\r\n  <center>  \r\n  <label>Full Name<\/label>\r\n    <input type=\"text\" name=\"FNAME\" placeholder=\"First & last name\"\r\n    required=\"\">\r\n  <\/center>\r\n<\/p>\r\n<p>\r\n  <center>\r\n\t<label>E-mail address \r\n\t\t<input type=\"email\" name=\"EMAIL\" placeholder=\"Your e-mail address\" required \/>\r\n<\/label>\r\n    <\/center>\r\n<\/p>\r\n<p>\r\n  <center>\r\n    <label>Country<\/label>\r\n    <select name=\"ADDRESS[country]\" required=\"\">\r\n        <option value=\"AF\">Afghanistan<\/option>\r\n        <option value=\"AX\">Aland Islands<\/option>\r\n        <option value=\"AL\">Albania<\/option>\r\n        <option value=\"DZ\">Algeria<\/option>\r\n        <option value=\"AS\">American Samoa<\/option>\r\n        <option value=\"AD\">Andorra<\/option>\r\n        <option value=\"AO\">Angola<\/option>\r\n        <option value=\"AI\">Anguilla<\/option>\r\n        <option value=\"AQ\">Antarctica<\/option>\r\n        <option value=\"AG\">Antigua and Barbuda<\/option>\r\n        <option value=\"AR\">Argentina<\/option>\r\n        <option value=\"AM\">Armenia<\/option>\r\n        <option value=\"AW\">Aruba<\/option>\r\n        <option value=\"AU\">Australia<\/option>\r\n        <option value=\"AT\">Austria<\/option>\r\n        <option value=\"AZ\">Azerbaijan<\/option>\r\n        <option value=\"BS\">Bahamas<\/option>\r\n        <option value=\"BH\">Bahrain<\/option>\r\n        <option value=\"BD\">Bangladesh<\/option>\r\n        <option value=\"BB\">Barbados<\/option>\r\n        <option value=\"BY\">Belarus<\/option>\r\n        <option value=\"BE\">Belgium<\/option>\r\n        <option value=\"BZ\">Belize<\/option>\r\n        <option value=\"BJ\">Benin<\/option>\r\n        <option value=\"BM\">Bermuda<\/option>\r\n        <option value=\"BT\">Bhutan<\/option>\r\n        <option value=\"BO\">Bolivia<\/option>\r\n        <option value=\"BQ\">Bonaire, Saint Eustatius and Saba<\/option>\r\n        <option value=\"BA\">Bosnia and Herzegovina<\/option>\r\n        <option value=\"BW\">Botswana<\/option>\r\n        <option value=\"BV\">Bouvet Island<\/option>\r\n        <option value=\"BR\">Brazil<\/option>\r\n        <option value=\"IO\">British Indian Ocean Territory<\/option>\r\n        <option value=\"VG\">British Virgin Islands<\/option>\r\n        <option value=\"BN\">Brunei<\/option>\r\n        <option value=\"BG\">Bulgaria<\/option>\r\n        <option value=\"BF\">Burkina Faso<\/option>\r\n        <option value=\"BI\">Burundi<\/option>\r\n        <option value=\"KH\">Cambodia<\/option>\r\n        <option value=\"CM\">Cameroon<\/option>\r\n        <option value=\"CA\" selected=\"true\">Canada<\/option>\r\n        <option value=\"CV\">Cape Verde<\/option>\r\n        <option value=\"KY\">Cayman Islands<\/option>\r\n        <option value=\"CF\">Central African Republic<\/option>\r\n        <option value=\"TD\">Chad<\/option>\r\n        <option value=\"CL\">Chile<\/option>\r\n        <option value=\"CN\">China<\/option>\r\n        <option value=\"CX\">Christmas Island<\/option>\r\n        <option value=\"CC\">Cocos Islands<\/option>\r\n        <option value=\"CO\">Colombia<\/option>\r\n        <option value=\"KM\">Comoros<\/option>\r\n        <option value=\"CK\">Cook Islands<\/option>\r\n        <option value=\"CR\">Costa Rica<\/option>\r\n        <option value=\"HR\">Croatia<\/option>\r\n        <option value=\"CU\">Cuba<\/option>\r\n        <option value=\"CW\">Curacao<\/option>\r\n        <option value=\"CY\">Cyprus<\/option>\r\n        <option value=\"CZ\">Czech Republic<\/option>\r\n        <option value=\"CD\">Democratic Republic of the Congo<\/option>\r\n        <option value=\"DK\">Denmark<\/option>\r\n        <option value=\"DJ\">Djibouti<\/option>\r\n        <option value=\"DM\">Dominica<\/option>\r\n        <option value=\"DO\">Dominican Republic<\/option>\r\n        <option value=\"TL\">East Timor<\/option>\r\n        <option value=\"EC\">Ecuador<\/option>\r\n        <option value=\"EG\">Egypt<\/option>\r\n        <option value=\"SV\">El Salvador<\/option>\r\n        <option value=\"GQ\">Equatorial Guinea<\/option>\r\n        <option value=\"ER\">Eritrea<\/option>\r\n        <option value=\"EE\">Estonia<\/option>\r\n        <option value=\"ET\">Ethiopia<\/option>\r\n        <option value=\"FK\">Falkland Islands<\/option>\r\n        <option value=\"FO\">Faroe Islands<\/option>\r\n        <option value=\"FJ\">Fiji<\/option>\r\n        <option value=\"FI\">Finland<\/option>\r\n        <option value=\"FR\">France<\/option>\r\n        <option value=\"GF\">French Guiana<\/option>\r\n        <option value=\"PF\">French Polynesia<\/option>\r\n        <option value=\"TF\">French Southern Territories<\/option>\r\n        <option value=\"GA\">Gabon<\/option>\r\n        <option value=\"GM\">Gambia<\/option>\r\n        <option value=\"GE\">Georgia<\/option>\r\n        <option value=\"DE\">Germany<\/option>\r\n        <option value=\"GH\">Ghana<\/option>\r\n        <option value=\"GI\">Gibraltar<\/option>\r\n        <option value=\"GR\">Greece<\/option>\r\n        <option value=\"GL\">Greenland<\/option>\r\n        <option value=\"GD\">Grenada<\/option>\r\n        <option value=\"GP\">Guadeloupe<\/option>\r\n        <option value=\"GU\">Guam<\/option>\r\n        <option value=\"GT\">Guatemala<\/option>\r\n        <option value=\"GG\">Guernsey<\/option>\r\n        <option value=\"GN\">Guinea<\/option>\r\n        <option value=\"GW\">Guinea-Bissau<\/option>\r\n        <option value=\"GY\">Guyana<\/option>\r\n        <option value=\"HT\">Haiti<\/option>\r\n        <option value=\"HM\">Heard Island and McDonald Islands<\/option>\r\n        <option value=\"HN\">Honduras<\/option>\r\n        <option value=\"HK\">Hong Kong<\/option>\r\n        <option value=\"HU\">Hungary<\/option>\r\n        <option value=\"IS\">Iceland<\/option>\r\n        <option value=\"IN\">India<\/option>\r\n        <option value=\"ID\">Indonesia<\/option>\r\n        <option value=\"IR\">Iran<\/option>\r\n        <option value=\"IQ\">Iraq<\/option>\r\n        <option value=\"IE\">Ireland<\/option>\r\n        <option value=\"IM\">Isle of Man<\/option>\r\n        <option value=\"IL\">Israel<\/option>\r\n        <option value=\"IT\">Italy<\/option>\r\n        <option value=\"CI\">Ivory Coast<\/option>\r\n        <option value=\"JM\">Jamaica<\/option>\r\n        <option value=\"JP\">Japan<\/option>\r\n        <option value=\"JE\">Jersey<\/option>\r\n        <option value=\"JO\">Jordan<\/option>\r\n        <option value=\"KZ\">Kazakhstan<\/option>\r\n        <option value=\"KE\">Kenya<\/option>\r\n        <option value=\"KI\">Kiribati<\/option>\r\n        <option value=\"XK\">Kosovo<\/option>\r\n        <option value=\"KW\">Kuwait<\/option>\r\n        <option value=\"KG\">Kyrgyzstan<\/option>\r\n        <option value=\"LA\">Laos<\/option>\r\n        <option value=\"LV\">Latvia<\/option>\r\n        <option value=\"LB\">Lebanon<\/option>\r\n        <option value=\"LS\">Lesotho<\/option>\r\n        <option value=\"LR\">Liberia<\/option>\r\n        <option value=\"LY\">Libya<\/option>\r\n        <option value=\"LI\">Liechtenstein<\/option>\r\n        <option value=\"LT\">Lithuania<\/option>\r\n        <option value=\"LU\">Luxembourg<\/option>\r\n        <option value=\"MO\">Macao<\/option>\r\n        <option value=\"MK\">Macedonia<\/option>\r\n        <option value=\"MG\">Madagascar<\/option>\r\n        <option value=\"MW\">Malawi<\/option>\r\n        <option value=\"MY\">Malaysia<\/option>\r\n        <option value=\"MV\">Maldives<\/option>\r\n        <option value=\"ML\">Mali<\/option>\r\n        <option value=\"MT\">Malta<\/option>\r\n        <option value=\"MH\">Marshall Islands<\/option>\r\n        <option value=\"MQ\">Martinique<\/option>\r\n        <option value=\"MR\">Mauritania<\/option>\r\n        <option value=\"MU\">Mauritius<\/option>\r\n        <option value=\"YT\">Mayotte<\/option>\r\n        <option value=\"MX\">Mexico<\/option>\r\n        <option value=\"FM\">Micronesia<\/option>\r\n        <option value=\"MD\">Moldova<\/option>\r\n        <option value=\"MC\">Monaco<\/option>\r\n        <option value=\"MN\">Mongolia<\/option>\r\n        <option value=\"ME\">Montenegro<\/option>\r\n        <option value=\"MS\">Montserrat<\/option>\r\n        <option value=\"MA\">Morocco<\/option>\r\n        <option value=\"MZ\">Mozambique<\/option>\r\n        <option value=\"MM\">Myanmar<\/option>\r\n        <option value=\"NA\">Namibia<\/option>\r\n        <option value=\"NR\">Nauru<\/option>\r\n        <option value=\"NP\">Nepal<\/option>\r\n        <option value=\"NL\">Netherlands<\/option>\r\n        <option value=\"NC\">New Caledonia<\/option>\r\n        <option value=\"NZ\">New Zealand<\/option>\r\n        <option value=\"NI\">Nicaragua<\/option>\r\n        <option value=\"NE\">Niger<\/option>\r\n        <option value=\"NG\">Nigeria<\/option>\r\n        <option value=\"NU\">Niue<\/option>\r\n        <option value=\"NF\">Norfolk Island<\/option>\r\n        <option value=\"KP\">North Korea<\/option>\r\n        <option value=\"MP\">Northern Mariana Islands<\/option>\r\n        <option value=\"NO\">Norway<\/option>\r\n        <option value=\"OM\">Oman<\/option>\r\n        <option value=\"PK\">Pakistan<\/option>\r\n        <option value=\"PW\">Palau<\/option>\r\n        <option value=\"PS\">Palestinian Territory<\/option>\r\n        <option value=\"PA\">Panama<\/option>\r\n        <option value=\"PG\">Papua New Guinea<\/option>\r\n        <option value=\"PY\">Paraguay<\/option>\r\n        <option value=\"PE\">Peru<\/option>\r\n        <option value=\"PH\">Philippines<\/option>\r\n        <option value=\"PN\">Pitcairn<\/option>\r\n        <option value=\"PL\">Poland<\/option>\r\n        <option value=\"PT\">Portugal<\/option>\r\n        <option value=\"PR\">Puerto Rico<\/option>\r\n        <option value=\"QA\">Qatar<\/option>\r\n        <option value=\"CG\">Republic of the Congo<\/option>\r\n        <option value=\"RE\">Reunion<\/option>\r\n        <option value=\"RO\">Romania<\/option>\r\n        <option value=\"RU\">Russia<\/option>\r\n        <option value=\"RW\">Rwanda<\/option>\r\n        <option value=\"BL\">Saint Barthelemy<\/option>\r\n        <option value=\"SH\">Saint Helena<\/option>\r\n        <option value=\"KN\">Saint Kitts and Nevis<\/option>\r\n        <option value=\"LC\">Saint Lucia<\/option>\r\n        <option value=\"MF\">Saint Martin<\/option>\r\n        <option value=\"PM\">Saint Pierre and Miquelon<\/option>\r\n        <option value=\"VC\">Saint Vincent and the Grenadines<\/option>\r\n        <option value=\"WS\">Samoa<\/option>\r\n        <option value=\"SM\">San Marino<\/option>\r\n        <option value=\"ST\">Sao Tome and Principe<\/option>\r\n        <option value=\"SA\">Saudi Arabia<\/option>\r\n        <option value=\"SN\">Senegal<\/option>\r\n        <option value=\"RS\">Serbia<\/option>\r\n        <option value=\"SC\">Seychelles<\/option>\r\n        <option value=\"SL\">Sierra Leone<\/option>\r\n        <option value=\"SG\">Singapore<\/option>\r\n        <option value=\"SX\">Sint Maarten<\/option>\r\n        <option value=\"SK\">Slovakia<\/option>\r\n        <option value=\"SI\">Slovenia<\/option>\r\n        <option value=\"SB\">Solomon Islands<\/option>\r\n        <option value=\"SO\">Somalia<\/option>\r\n        <option value=\"ZA\">South Africa<\/option>\r\n        <option value=\"GS\">South Georgia and the South Sandwich Islands<\/option>\r\n        <option value=\"KR\">South Korea<\/option>\r\n        <option value=\"SS\">South Sudan<\/option>\r\n        <option value=\"ES\">Spain<\/option>\r\n        <option value=\"LK\">Sri Lanka<\/option>\r\n        <option value=\"SD\">Sudan<\/option>\r\n        <option value=\"SR\">Suriname<\/option>\r\n        <option value=\"SJ\">Svalbard and Jan Mayen<\/option>\r\n        <option value=\"SZ\">Swaziland<\/option>\r\n        <option value=\"SE\">Sweden<\/option>\r\n        <option value=\"CH\">Switzerland<\/option>\r\n        <option value=\"SY\">Syria<\/option>\r\n        <option value=\"TW\">Taiwan<\/option>\r\n        <option value=\"TJ\">Tajikistan<\/option>\r\n        <option value=\"TZ\">Tanzania<\/option>\r\n        <option value=\"TH\">Thailand<\/option>\r\n        <option value=\"TG\">Togo<\/option>\r\n        <option value=\"TK\">Tokelau<\/option>\r\n        <option value=\"TO\">Tonga<\/option>\r\n        <option value=\"TT\">Trinidad and Tobago<\/option>\r\n        <option value=\"TN\">Tunisia<\/option>\r\n        <option value=\"TR\">Turkey<\/option>\r\n        <option value=\"TM\">Turkmenistan<\/option>\r\n        <option value=\"TC\">Turks and Caicos Islands<\/option>\r\n        <option value=\"TV\">Tuvalu<\/option>\r\n        <option value=\"VI\">U.S. Virgin Islands<\/option>\r\n        <option value=\"UG\">Uganda<\/option>\r\n        <option value=\"UA\">Ukraine<\/option>\r\n        <option value=\"AE\">United Arab Emirates<\/option>\r\n        <option value=\"GB\">United Kingdom<\/option>\r\n        <option value=\"US\">United States<\/option>\r\n        <option value=\"UM\">United States Minor Outlying Islands<\/option>\r\n        <option value=\"UY\">Uruguay<\/option>\r\n        <option value=\"UZ\">Uzbekistan<\/option>\r\n        <option value=\"VU\">Vanuatu<\/option>\r\n        <option value=\"VA\">Vatican<\/option>\r\n        <option value=\"VE\">Venezuela<\/option>\r\n        <option value=\"VN\">Vietnam<\/option>\r\n        <option value=\"WF\">Wallis and Futuna<\/option>\r\n        <option value=\"EH\">Western Sahara<\/option>\r\n        <option value=\"YE\">Yemen<\/option>\r\n        <option value=\"ZM\">Zambia<\/option>\r\n        <option value=\"ZW\">Zimbabwe<\/option>\r\n    <\/select>\r\n    <\/center>\r\n<\/p>\r\n\r\n<p>\r\n  <center>\r\n<mc4wp-procaptcha class=\"mc4wp-procaptcha\" style=\"display: block;\"><div class=\"mc4wp-procaptcha__captcha\"><\/div><p class=\"mc4wp-procaptcha__validation-error\" style=\"visibility: hidden;color:red;line-height:1;font-size: 12px;padding: 7px 0 10px 10px;margin:0;\">Please verify that you are human.<\/p><\/mc4wp-procaptcha>\r\n<\/center>\r\n<\/p>\r\n\r\n  \r\n<p>\r\n  <center>\r\n\t<input type=\"submit\" value=\"Sign up\" \/>\r\n    <\/center>\r\n<\/p><\/div><label style=\"display: none !important;\">Leave this field empty if you're human: <input type=\"text\" name=\"_mc4wp_honeypot\" value=\"\" tabindex=\"-1\" autocomplete=\"off\" \/><\/label><input type=\"hidden\" name=\"_mc4wp_timestamp\" value=\"1777848231\" \/><input type=\"hidden\" name=\"_mc4wp_form_id\" value=\"17287\" \/><input type=\"hidden\" name=\"_mc4wp_form_element_id\" value=\"mc4wp-form-1\" \/><div class=\"mc4wp-response\"><\/div><\/form><!-- \/ Mailchimp for WordPress Plugin -->\n\n\n\n<h2 class=\"wp-block-heading has-text-align-center\">Previous Newsletters<\/h2>\n\n\n\n<p><\/p>\n","protected":false},"excerpt":{"rendered":"<p>Stay Updated \u2014 Subscribe Now Previous Newsletters<\/p>","protected":false},"author":1,"featured_media":0,"parent":0,"menu_order":0,"comment_status":"closed","ping_status":"closed","template":"","meta":{"jetpack_post_was_ever_published":false,"footnotes":""},"class_list":["post-53786","page","type-page","status-publish","hentry"],"jetpack-related-posts":[{"id":23,"url":"https:\/\/victoriavynn.ca\/fr\/contact-victoria-vynn-canada\/","url_meta":{"origin":53786,"position":0},"title":"Victoria VYNN Distribution autoris\u00e9e","author":"Serge Sahakian","date":"novembre 22, 2019","format":false,"excerpt":"Devenir un partenaire de distribution de Victoria VYNN au Canada \ud83d\udccd Provinces actuellement ouvertes aux candidatures Ontario - ON Colombie-Britannique - BC Alberta - AB Manitoba - MB Saskatchewan - SK Nouvelle-\u00c9cosse - NS Nouveau-Brunswick - NB \u00cele-du-Prince-\u00c9douard - PE Terre-Neuve-et-Labrador - NL Nous sommes...","rel":"","context":"Similar post","block_context":{"text":"Similar post","link":""},"img":{"alt_text":"logo porte entrer_20250424_194646_0000 copy","src":"https:\/\/i0.wp.com\/victoriavynn.ca\/wp-content\/uploads\/2025\/04\/logo-porte-entrer_20250424_194646_0000-copy.webp?resize=350%2C200&ssl=1","width":350,"height":200,"srcset":"https:\/\/i0.wp.com\/victoriavynn.ca\/wp-content\/uploads\/2025\/04\/logo-porte-entrer_20250424_194646_0000-copy.webp?resize=350%2C200&ssl=1 1x, https:\/\/i0.wp.com\/victoriavynn.ca\/wp-content\/uploads\/2025\/04\/logo-porte-entrer_20250424_194646_0000-copy.webp?resize=525%2C300&ssl=1 1.5x, https:\/\/i0.wp.com\/victoriavynn.ca\/wp-content\/uploads\/2025\/04\/logo-porte-entrer_20250424_194646_0000-copy.webp?resize=700%2C400&ssl=1 2x, https:\/\/i0.wp.com\/victoriavynn.ca\/wp-content\/uploads\/2025\/04\/logo-porte-entrer_20250424_194646_0000-copy.webp?resize=1050%2C600&ssl=1 3x, https:\/\/i0.wp.com\/victoriavynn.ca\/wp-content\/uploads\/2025\/04\/logo-porte-entrer_20250424_194646_0000-copy.webp?resize=1400%2C800&ssl=1 4x"},"classes":[]},{"id":2221,"url":"https:\/\/victoriavynn.ca\/fr\/terms-and-conditions\/","url_meta":{"origin":53786,"position":1},"title":"Termes et conditions","author":"Serge Sahakian","date":"ao\u00fbt 18, 2022","format":false,"excerpt":"Conditions g\u00e9n\u00e9rales Politique de retour et de remboursement Vue d'ensemble Notre politique de retour et de remboursement dure 30 jours. Si 30 jours se sont \u00e9coul\u00e9s depuis votre achat, nous ne pouvons pas vous offrir un remboursement complet ou un \u00e9change. Pour pouvoir \u00eatre retourn\u00e9, votre article doit \u00eatre inutilis\u00e9 et dans le m\u00eame \u00e9tat que...","rel":"","context":"Similar post","block_context":{"text":"Similar post","link":""},"img":{"alt_text":"","src":"","width":0,"height":0},"classes":[]},{"id":15262,"url":"https:\/\/victoriavynn.ca\/fr\/victoria-vynn-usa-official-store\/","url_meta":{"origin":53786,"position":2},"title":"Victoria VYNN USA","author":"Serge Sahakian","date":"septembre 20, 2023","format":false,"excerpt":"Victoria VYNN USA [elfsight_slider id=\"1\"] Victoria VYNN USA - New Arrivals Victoria VYNN USA - Flash Sale Offers Some Facts about our \"Unique\" Nail Supply Store \"Beauty is truth.Truth is beauty.\u00a0\"- John Keats We are convinced that every woman has a\u00a0huge potential that we want to\u00a0release. We make sure that\u2026","rel":"","context":"Similar post","block_context":{"text":"Similar post","link":""},"img":{"alt_text":"nail supply store victoria vynn usa","src":"https:\/\/i0.wp.com\/victoriavynn.ca\/wp-content\/uploads\/2022\/12\/New-Victoria-VYNN-Logo.png?resize=350%2C200&ssl=1","width":350,"height":200,"srcset":"https:\/\/i0.wp.com\/victoriavynn.ca\/wp-content\/uploads\/2022\/12\/New-Victoria-VYNN-Logo.png?resize=350%2C200&ssl=1 1x, https:\/\/i0.wp.com\/victoriavynn.ca\/wp-content\/uploads\/2022\/12\/New-Victoria-VYNN-Logo.png?resize=525%2C300&ssl=1 1.5x, https:\/\/i0.wp.com\/victoriavynn.ca\/wp-content\/uploads\/2022\/12\/New-Victoria-VYNN-Logo.png?resize=700%2C400&ssl=1 2x, https:\/\/i0.wp.com\/victoriavynn.ca\/wp-content\/uploads\/2022\/12\/New-Victoria-VYNN-Logo.png?resize=1050%2C600&ssl=1 3x"},"classes":[]},{"id":11690,"url":"https:\/\/victoriavynn.ca\/fr\/victoria-vynn-professional-nail-drill-bits\/","url_meta":{"origin":53786,"position":3},"title":"M\u00e8ches Victoria VYNN","author":"Serge Sahakian","date":"mai 1, 2023","format":false,"excerpt":"Victoria VYNN Professional Nail Drill Bits Les forets sont des outils professionnels pour le stylisme des ongles. L'objectif de la styliste d'ongles est la satisfaction du client avec un service de manucure et de p\u00e9dicure soigneusement ex\u00e9cut\u00e9. D\u00e9sormais, les fraises \u00e0 cuticules sont disponibles sous la marque Victoria Vynn, ainsi que pour le travail sur et...","rel":"","context":"Similar post","block_context":{"text":"Similar post","link":""},"img":{"alt_text":"Victoria VYNN professional nail drill Bits","src":"https:\/\/i0.wp.com\/victoriavynn.ca\/wp-content\/uploads\/2023\/05\/Victoria-VYNN-drill-Bits.webp?resize=350%2C200&ssl=1","width":350,"height":200,"srcset":"https:\/\/i0.wp.com\/victoriavynn.ca\/wp-content\/uploads\/2023\/05\/Victoria-VYNN-drill-Bits.webp?resize=350%2C200&ssl=1 1x, https:\/\/i0.wp.com\/victoriavynn.ca\/wp-content\/uploads\/2023\/05\/Victoria-VYNN-drill-Bits.webp?resize=525%2C300&ssl=1 1.5x, https:\/\/i0.wp.com\/victoriavynn.ca\/wp-content\/uploads\/2023\/05\/Victoria-VYNN-drill-Bits.webp?resize=700%2C400&ssl=1 2x, https:\/\/i0.wp.com\/victoriavynn.ca\/wp-content\/uploads\/2023\/05\/Victoria-VYNN-drill-Bits.webp?resize=1050%2C600&ssl=1 3x"},"classes":[]},{"id":22258,"url":"https:\/\/victoriavynn.ca\/fr\/vitamin-boost-base-nail-repair\/","url_meta":{"origin":53786,"position":4},"title":"Vitamin Boost Base Nail Repair","author":"Serge Sahakian","date":"juin 19, 2025","format":false,"excerpt":"Vitamin Boost Base Nail Repair Pr\u00eat pour un BOOST dans de nouvelles couleurs ! Choisissez la base vitamin\u00e9e BOOST BASE dans les nouvelles couleurs Nudell et Rosell. Oubliez les ongles fragiles une fois pour toutes. Cr\u00e9ez de belles manucures, profitez d'une durabilit\u00e9 fiable et \u00e9blouissez avec la confiance en soi que donne un beau jeu d'ongles.Nudell un nude id\u00e9al et subtil pour un look parfait et naturelRosell un...","rel":"","context":"Similar post","block_context":{"text":"Similar post","link":""},"img":{"alt_text":"","src":"https:\/\/i0.wp.com\/victoriavynn.ca\/wp-content\/uploads\/2025\/06\/vynn_vv_boost_base_so_me_dystry-gbe-copy.webp?resize=350%2C200&ssl=1","width":350,"height":200,"srcset":"https:\/\/i0.wp.com\/victoriavynn.ca\/wp-content\/uploads\/2025\/06\/vynn_vv_boost_base_so_me_dystry-gbe-copy.webp?resize=350%2C200&ssl=1 1x, https:\/\/i0.wp.com\/victoriavynn.ca\/wp-content\/uploads\/2025\/06\/vynn_vv_boost_base_so_me_dystry-gbe-copy.webp?resize=525%2C300&ssl=1 1.5x, https:\/\/i0.wp.com\/victoriavynn.ca\/wp-content\/uploads\/2025\/06\/vynn_vv_boost_base_so_me_dystry-gbe-copy.webp?resize=700%2C400&ssl=1 2x, https:\/\/i0.wp.com\/victoriavynn.ca\/wp-content\/uploads\/2025\/06\/vynn_vv_boost_base_so_me_dystry-gbe-copy.webp?resize=1050%2C600&ssl=1 3x, https:\/\/i0.wp.com\/victoriavynn.ca\/wp-content\/uploads\/2025\/06\/vynn_vv_boost_base_so_me_dystry-gbe-copy.webp?resize=1400%2C800&ssl=1 4x"},"classes":[]},{"id":5645,"url":"https:\/\/victoriavynn.ca\/fr\/nail-extension-gel\/hard-nail-gel\/","url_meta":{"origin":53786,"position":5},"title":"Victoria VYNN Salon Build Gel","author":"Serge Sahakian","date":"septembre 10, 2022","format":false,"excerpt":"Gel Victoria VYNN Salon Build. Le best-seller de tous les temps en mati\u00e8re de gel pour ongles durs ! \u00cates-vous une adepte de la m\u00e9thode du gel ? Que vous souhaitiez construire une forme, des pointes ou renforcer la plaque naturelle de l'ongle... Le gel Victoria VYNN Build est fait pour vous ! Gel flexible et auto-nivelant pour...","rel":"","context":"Similar post","block_context":{"text":"Similar post","link":""},"img":{"alt_text":"victoria vynn hard nail gel builder gel self leveling","src":"https:\/\/i0.wp.com\/victoriavynn.ca\/wp-content\/uploads\/2023\/10\/victoria-vynn-hard-nail-gel-builder-gel-self-leveling-.webp?resize=350%2C200&ssl=1","width":350,"height":200,"srcset":"https:\/\/i0.wp.com\/victoriavynn.ca\/wp-content\/uploads\/2023\/10\/victoria-vynn-hard-nail-gel-builder-gel-self-leveling-.webp?resize=350%2C200&ssl=1 1x, https:\/\/i0.wp.com\/victoriavynn.ca\/wp-content\/uploads\/2023\/10\/victoria-vynn-hard-nail-gel-builder-gel-self-leveling-.webp?resize=525%2C300&ssl=1 1.5x, https:\/\/i0.wp.com\/victoriavynn.ca\/wp-content\/uploads\/2023\/10\/victoria-vynn-hard-nail-gel-builder-gel-self-leveling-.webp?resize=700%2C400&ssl=1 2x"},"classes":[]}],"jetpack_sharing_enabled":true,"_links":{"self":[{"href":"https:\/\/victoriavynn.ca\/fr\/wp-json\/wp\/v2\/pages\/53786","targetHints":{"allow":["GET"]}}],"collection":[{"href":"https:\/\/victoriavynn.ca\/fr\/wp-json\/wp\/v2\/pages"}],"about":[{"href":"https:\/\/victoriavynn.ca\/fr\/wp-json\/wp\/v2\/types\/page"}],"author":[{"embeddable":true,"href":"https:\/\/victoriavynn.ca\/fr\/wp-json\/wp\/v2\/users\/1"}],"replies":[{"embeddable":true,"href":"https:\/\/victoriavynn.ca\/fr\/wp-json\/wp\/v2\/comments?post=53786"}],"version-history":[{"count":2,"href":"https:\/\/victoriavynn.ca\/fr\/wp-json\/wp\/v2\/pages\/53786\/revisions"}],"predecessor-version":[{"id":53790,"href":"https:\/\/victoriavynn.ca\/fr\/wp-json\/wp\/v2\/pages\/53786\/revisions\/53790"}],"wp:attachment":[{"href":"https:\/\/victoriavynn.ca\/fr\/wp-json\/wp\/v2\/media?parent=53786"}],"curies":[{"name":"wp","href":"https:\/\/api.w.org\/{rel}","templated":true}]}}