{"id":53800,"date":"2026-05-03T19:54:40","date_gmt":"2026-05-03T23:54:40","guid":{"rendered":"https:\/\/victoriavynn.ca\/?page_id=53800"},"modified":"2026-05-03T19:54:42","modified_gmt":"2026-05-03T23:54:42","slug":"product-reviews","status":"publish","type":"page","link":"https:\/\/victoriavynn.ca\/fr\/product-reviews\/","title":{"rendered":"Commentaires sur les produits"},"content":{"rendered":"<p>No product selected.<\/p>","protected":false},"excerpt":{"rendered":"","protected":false},"author":1,"featured_media":0,"parent":0,"menu_order":0,"comment_status":"closed","ping_status":"closed","template":"","meta":{"jetpack_post_was_ever_published":false,"footnotes":""},"class_list":["post-53800","page","type-page","status-publish","hentry"],"jetpack-related-posts":[{"id":17788,"url":"https:\/\/victoriavynn.ca\/fr\/exclusive-deals\/","url_meta":{"origin":53800,"position":0},"title":"Offres exclusives","author":"Serge Sahakian","date":"mai 8, 2024","format":false,"excerpt":"Exclusive Deals [yith_wcan_filters slug=\"draft-preset-2\"]","rel":"","context":"Similar post","block_context":{"text":"Similar post","link":""},"img":{"alt_text":"staleks exclusive discounts","src":"https:\/\/i0.wp.com\/victoriavynn.ca\/wp-content\/uploads\/2026\/03\/staleks-exclusive-discounts-.webp?resize=350%2C200&ssl=1","width":350,"height":200,"srcset":"https:\/\/i0.wp.com\/victoriavynn.ca\/wp-content\/uploads\/2026\/03\/staleks-exclusive-discounts-.webp?resize=350%2C200&ssl=1 1x, https:\/\/i0.wp.com\/victoriavynn.ca\/wp-content\/uploads\/2026\/03\/staleks-exclusive-discounts-.webp?resize=525%2C300&ssl=1 1.5x, https:\/\/i0.wp.com\/victoriavynn.ca\/wp-content\/uploads\/2026\/03\/staleks-exclusive-discounts-.webp?resize=700%2C400&ssl=1 2x, https:\/\/i0.wp.com\/victoriavynn.ca\/wp-content\/uploads\/2026\/03\/staleks-exclusive-discounts-.webp?resize=1050%2C600&ssl=1 3x, https:\/\/i0.wp.com\/victoriavynn.ca\/wp-content\/uploads\/2026\/03\/staleks-exclusive-discounts-.webp?resize=1400%2C800&ssl=1 4x"},"classes":[]},{"id":49988,"url":"https:\/\/victoriavynn.ca\/fr\/winter-sale\/","url_meta":{"origin":53800,"position":1},"title":"Vente d'hiver","author":"Serge Sahakian","date":"f\u00e9vrier 19, 2026","format":false,"excerpt":"\u2744\ufe0f Vente d'hiver | 20 f\u00e9vrier - 28 f\u00e9vrier \u2744\ufe0f C\u00e9l\u00e9brez la saison avec des \u00e9conomies d'hiver exclusives chez Victoria VYNN Canada. Du 20 au 28 f\u00e9vrier, profitez d'offres sp\u00e9ciales sur vos syst\u00e8mes de gel professionnels pr\u00e9f\u00e9r\u00e9s, les bases, les tops et les essentiels pour les ongles. Faites le plein, rafra\u00eechissez votre collection et \u00e9levez votre...","rel":"","context":"Similar post","block_context":{"text":"Similar post","link":""},"img":{"alt_text":"","src":"https:\/\/i0.wp.com\/victoriavynn.ca\/wp-content\/uploads\/2026\/02\/winter-sale.webp?resize=350%2C200&ssl=1","width":350,"height":200,"srcset":"https:\/\/i0.wp.com\/victoriavynn.ca\/wp-content\/uploads\/2026\/02\/winter-sale.webp?resize=350%2C200&ssl=1 1x, https:\/\/i0.wp.com\/victoriavynn.ca\/wp-content\/uploads\/2026\/02\/winter-sale.webp?resize=525%2C300&ssl=1 1.5x, https:\/\/i0.wp.com\/victoriavynn.ca\/wp-content\/uploads\/2026\/02\/winter-sale.webp?resize=700%2C400&ssl=1 2x"},"classes":[]}],"jetpack_sharing_enabled":true,"_links":{"self":[{"href":"https:\/\/victoriavynn.ca\/fr\/wp-json\/wp\/v2\/pages\/53800","targetHints":{"allow":["GET"]}}],"collection":[{"href":"https:\/\/victoriavynn.ca\/fr\/wp-json\/wp\/v2\/pages"}],"about":[{"href":"https:\/\/victoriavynn.ca\/fr\/wp-json\/wp\/v2\/types\/page"}],"author":[{"embeddable":true,"href":"https:\/\/victoriavynn.ca\/fr\/wp-json\/wp\/v2\/users\/1"}],"replies":[{"embeddable":true,"href":"https:\/\/victoriavynn.ca\/fr\/wp-json\/wp\/v2\/comments?post=53800"}],"version-history":[{"count":1,"href":"https:\/\/victoriavynn.ca\/fr\/wp-json\/wp\/v2\/pages\/53800\/revisions"}],"predecessor-version":[{"id":53801,"href":"https:\/\/victoriavynn.ca\/fr\/wp-json\/wp\/v2\/pages\/53800\/revisions\/53801"}],"wp:attachment":[{"href":"https:\/\/victoriavynn.ca\/fr\/wp-json\/wp\/v2\/media?parent=53800"}],"curies":[{"name":"wp","href":"https:\/\/api.w.org\/{rel}","templated":true}]}}