{"id":5443,"date":"2022-09-07T22:39:10","date_gmt":"2022-09-07T22:39:10","guid":{"rendered":"https:\/\/victoriavynn.ca\/?page_id=5443"},"modified":"2024-09-24T16:32:36","modified_gmt":"2024-09-24T20:32:36","slug":"iq-salon-vernis-a-ongles-vegetalien","status":"publish","type":"page","link":"https:\/\/victoriavynn.ca\/fr\/iq-salon-vegan-nail-polish\/","title":{"rendered":"Vernis \u00e0 ongles Victoria VYNN iQ Salon"},"content":{"rendered":"<h1 class=\"wp-block-heading has-text-align-center has-black-color has-text-color\" style=\"font-size:clamp(20px, 1.25rem + ((1vw - 3.2px) * 1.379), 32px);\">Vernis \u00e0 ongles v\u00e9g\u00e9talien de qualit\u00e9 professionnelle<\/h1>\n\n\n\n<p class=\"has-text-align-center has-black-color has-text-color\">Vous aimez jouer avec les couleurs et changer fr\u00e9quemment de motifs sur vos ongles ? <\/p>\n\n\n\n<p class=\"has-text-align-center has-black-color has-text-color\">Choisissez la formule intelligente des vernis \u00e0 ongles Victoria VYNN iQ et la composition unique qui garantit une adh\u00e9sion \u00e0 long terme sur la plaque de l'ongle et une durabilit\u00e9 extr\u00eame !<\/p>\n\n\n\n<figure class=\"wp-block-image aligncenter\"><img data-recalc-dims=\"1\" loading=\"lazy\" decoding=\"async\" width=\"960\" height=\"678\" src=\"https:\/\/i0.wp.com\/victoriavynn.ca\/wp-content\/uploads\/2022\/12\/vegan-nail-polish.webp?resize=960%2C678&#038;ssl=1\" alt=\"vernis \u00e0 ongles v\u00e9g\u00e9talien\" class=\"wp-image-8323\" title=\"\" srcset=\"https:\/\/i0.wp.com\/victoriavynn.ca\/wp-content\/uploads\/2022\/12\/vegan-nail-polish.webp?w=960&amp;ssl=1 960w, https:\/\/i0.wp.com\/victoriavynn.ca\/wp-content\/uploads\/2022\/12\/vegan-nail-polish.webp?resize=150%2C106&amp;ssl=1 150w, https:\/\/i0.wp.com\/victoriavynn.ca\/wp-content\/uploads\/2022\/12\/vegan-nail-polish.webp?resize=416%2C294&amp;ssl=1 416w\" sizes=\"auto, (max-width: 960px) 100vw, 960px\" \/><figcaption><\/figcaption><\/figure>\n\n\n\n<h2 class=\"wp-block-heading has-text-align-center has-black-color has-text-color\">Pourquoi choisir le vernis \u00e0 ongles v\u00e9g\u00e9talien Victoria VYNN iQ !<\/h2>\n\n\n\n<p class=\"has-text-align-center has-black-color has-text-color\">Avec le&nbsp;<strong><a href=\"https:\/\/victoriavynn.ca\/fr\/iq-salon-nail-polish\/iq-salon-nail-polish-colors\/\" target=\"_blank\" rel=\"noreferrer noopener\">iQ Vernis \u00e0 ongles<\/a><\/strong>&nbsp;couleurs vous pouvez profiter de l'effet pendant 10 jours comme apr\u00e8s une visite dans un salon !<\/p>\n\n\n\n<p class=\"has-text-align-center has-black-color has-text-color\">De la couleur \u00e0 la couleur ! Tous les&nbsp;<strong>iQ Salon Nail Polish<\/strong>&nbsp;sont les \u00e9quivalents des teintes les plus populaires des vernis hybrides Gel Polish et Pure Creamy Hybrid.<\/p>\n\n\n\n<p class=\"has-text-align-center\"><div class=\"woocommerce columns-6\"><ul class=\"products columns-6\">\n<li class=\"product-category product first\">\n\t<a aria-label=\"Voir la cat\u00e9gorie de produit iQ Salon Nail Polish Colors\" href=\"https:\/\/victoriavynn.ca\/fr\/category\/iq-salon-vegan-nail-polish\/vegan-nail-colors\/\" data-no-translation-aria-label=\"\"><span class=\"cat-image-wrapper\"><img decoding=\"async\" src=\"https:\/\/i0.wp.com\/victoriavynn.ca\/wp-content\/uploads\/2022\/09\/VYNN_IQ-Nail-Polish-003_S.jpg?fit=200%2C200&#038;ssl=1\" alt=\"iQ Salon Nail Polish Colors\" width=\"200\" height=\"\" srcset=\"https:\/\/i0.wp.com\/victoriavynn.ca\/wp-content\/uploads\/2022\/09\/VYNN_IQ-Nail-Polish-003_S.jpg?w=1500&amp;ssl=1 1500w, https:\/\/i0.wp.com\/victoriavynn.ca\/wp-content\/uploads\/2022\/09\/VYNN_IQ-Nail-Polish-003_S.jpg?resize=100%2C100&amp;ssl=1 100w, https:\/\/i0.wp.com\/victoriavynn.ca\/wp-content\/uploads\/2022\/09\/VYNN_IQ-Nail-Polish-003_S.jpg?resize=416%2C416&amp;ssl=1 416w\" sizes=\"(max-width: 200px) 100vw, 200px\" title=\"\"><\/span>\t\t<h2 class=\"woocommerce-loop-category__title\">\n\t\t\tiQ Salon Nail Polish Colors <mark class=\"count\">(28)<\/mark>\t\t<\/h2>\n\t\t<\/a><\/li>\n<li class=\"product-category product\">\n\t<a aria-label=\"Voir la cat\u00e9gorie de produit iQ Salon Nail Polish Preparations\" href=\"https:\/\/victoriavynn.ca\/fr\/category\/iq-salon-vegan-nail-polish\/base-top-vegan-nails\/\" data-no-translation-aria-label=\"\"><span class=\"cat-image-wrapper\"><img decoding=\"async\" src=\"https:\/\/i0.wp.com\/victoriavynn.ca\/wp-content\/uploads\/2021\/03\/VYNN_iQ-Nail-Polish-TOP_S.png?fit=200%2C200&#038;ssl=1\" alt=\"Pr\u00e9parations pour vernis \u00e0 ongles du Salon iQ\" width=\"200\" height=\"\" srcset=\"https:\/\/i0.wp.com\/victoriavynn.ca\/wp-content\/uploads\/2021\/03\/VYNN_iQ-Nail-Polish-TOP_S.png?w=753&amp;ssl=1 753w, https:\/\/i0.wp.com\/victoriavynn.ca\/wp-content\/uploads\/2021\/03\/VYNN_iQ-Nail-Polish-TOP_S.png?resize=300%2C300&amp;ssl=1 300w, https:\/\/i0.wp.com\/victoriavynn.ca\/wp-content\/uploads\/2021\/03\/VYNN_iQ-Nail-Polish-TOP_S.png?resize=150%2C150&amp;ssl=1 150w, https:\/\/i0.wp.com\/victoriavynn.ca\/wp-content\/uploads\/2021\/03\/VYNN_iQ-Nail-Polish-TOP_S.png?resize=12%2C12&amp;ssl=1 12w, https:\/\/i0.wp.com\/victoriavynn.ca\/wp-content\/uploads\/2021\/03\/VYNN_iQ-Nail-Polish-TOP_S.png?resize=32%2C32&amp;ssl=1 32w, https:\/\/i0.wp.com\/victoriavynn.ca\/wp-content\/uploads\/2021\/03\/VYNN_iQ-Nail-Polish-TOP_S.png?resize=416%2C416&amp;ssl=1 416w, https:\/\/i0.wp.com\/victoriavynn.ca\/wp-content\/uploads\/2021\/03\/VYNN_iQ-Nail-Polish-TOP_S.png?resize=100%2C100&amp;ssl=1 100w, https:\/\/i0.wp.com\/victoriavynn.ca\/wp-content\/uploads\/2021\/03\/VYNN_iQ-Nail-Polish-TOP_S.png?resize=50%2C50&amp;ssl=1 50w\" sizes=\"(max-width: 200px) 100vw, 200px\" title=\"\"><\/span>\t\t<h2 class=\"woocommerce-loop-category__title\">\n\t\t\tPr\u00e9parations pour vernis \u00e0 ongles du Salon iQ <mark class=\"count\">(2)<\/mark>\t\t<\/h2>\n\t\t<\/a><\/li>\n<\/ul>\n<\/div><\/p>\n\n\n\n<p class=\"has-text-align-center has-black-color has-text-color\"><a href=\"https:\/\/victoriavynn.com\/en\/iq-nail-polish.html\" target=\"_blank\" rel=\"noreferrer noopener\">Le nouveau vernis \u00e0 ongles Victoria VYNN iQ sortira bient\u00f4t !<\/a><\/p>","protected":false},"excerpt":{"rendered":"<p>Salon Quality Vegan Nail Polish Do you like to play with colors and frequently change designs on your nails?! Choose the intelligent formula of Victoria VYNN iQ nail polishes and the unique composition which guarantees longterm adhesion to the nail plate and the extreme durability! Why Choose Victoria VYNN iQ Vegan Nail Polish?! With the&nbsp;iQ [&hellip;]<\/p>\n","protected":false},"author":1,"featured_media":0,"parent":0,"menu_order":0,"comment_status":"closed","ping_status":"closed","template":"","meta":{"footnotes":""},"class_list":["post-5443","page","type-page","status-publish","hentry"],"jetpack_sharing_enabled":true,"_links":{"self":[{"href":"https:\/\/victoriavynn.ca\/fr\/wp-json\/wp\/v2\/pages\/5443","targetHints":{"allow":["GET"]}}],"collection":[{"href":"https:\/\/victoriavynn.ca\/fr\/wp-json\/wp\/v2\/pages"}],"about":[{"href":"https:\/\/victoriavynn.ca\/fr\/wp-json\/wp\/v2\/types\/page"}],"author":[{"embeddable":true,"href":"https:\/\/victoriavynn.ca\/fr\/wp-json\/wp\/v2\/users\/1"}],"replies":[{"embeddable":true,"href":"https:\/\/victoriavynn.ca\/fr\/wp-json\/wp\/v2\/comments?post=5443"}],"version-history":[{"count":0,"href":"https:\/\/victoriavynn.ca\/fr\/wp-json\/wp\/v2\/pages\/5443\/revisions"}],"wp:attachment":[{"href":"https:\/\/victoriavynn.ca\/fr\/wp-json\/wp\/v2\/media?parent=5443"}],"curies":[{"name":"wp","href":"https:\/\/api.w.org\/{rel}","templated":true}]}}