{"id":5557,"date":"2022-09-09T20:39:19","date_gmt":"2022-09-09T20:39:19","guid":{"rendered":"https:\/\/victoriavynn.ca\/?page_id=5557"},"modified":"2023-10-09T19:01:43","modified_gmt":"2023-10-09T23:01:43","slug":"ongles-en-gel-arachneen","status":"publish","type":"page","link":"https:\/\/victoriavynn.ca\/fr\/nail-art-supplies\/spider-gel-nails\/","title":{"rendered":"Gel anti-araign\u00e9e Victoria VYNN"},"content":{"rendered":"\n<h1 class=\"wp-block-heading has-text-align-center has-black-color has-text-color has-large-font-size\">Spider Gel Nails? Check Out our Amazing Product!<\/h1>\n\n\n\n<p class=\"has-text-align-center has-black-color has-text-color\">Victoria VYNN <a href=\"https:\/\/victoriavynn.ca\/product\/spider-gel\/\" target=\"_blank\" rel=\"noreferrer noopener\">Spider Gel<\/a> is a flexible gel for decorating, perfect for making spectacular and, at the same time, very fast nail art. The dense, rubber consistency allows you to make perfectly straight lines and any geometric patterns. It can be applied on gel, acrylic gel and hybrid polishes. It has a dispersion layer, which enables dust to be rubbed in. Requires protection with a hybrid top. Cured under UV and LED lamp.<\/p>\n\n\n\n<div class=\"wp-block-jetpack-slideshow aligncenter\" data-effect=\"slide\"><div class=\"wp-block-jetpack-slideshow_container swiper-container\"><ul class=\"wp-block-jetpack-slideshow_swiper-wrapper swiper-wrapper\"><li class=\"wp-block-jetpack-slideshow_slide swiper-slide\"><figure><img data-recalc-dims=\"1\" loading=\"lazy\" decoding=\"async\" width=\"768\" height=\"1024\" alt=\"victoria vynn spider gel elastic gel loner gel\" class=\"wp-block-jetpack-slideshow_image wp-image-15934\" data-id=\"15934\" src=\"https:\/\/i0.wp.com\/victoriavynn.ca\/wp-content\/uploads\/2023\/10\/victoria-vynn-spider-gel-elastic-gel-loner-gel.webp?resize=768%2C1024&#038;ssl=1\" title=\"\" srcset=\"https:\/\/i0.wp.com\/victoriavynn.ca\/wp-content\/uploads\/2023\/10\/victoria-vynn-spider-gel-elastic-gel-loner-gel.webp?resize=768%2C1024&amp;ssl=1 768w, https:\/\/i0.wp.com\/victoriavynn.ca\/wp-content\/uploads\/2023\/10\/victoria-vynn-spider-gel-elastic-gel-loner-gel.webp?resize=324%2C432&amp;ssl=1 324w, https:\/\/i0.wp.com\/victoriavynn.ca\/wp-content\/uploads\/2023\/10\/victoria-vynn-spider-gel-elastic-gel-loner-gel.webp?resize=416%2C555&amp;ssl=1 416w, https:\/\/i0.wp.com\/victoriavynn.ca\/wp-content\/uploads\/2023\/10\/victoria-vynn-spider-gel-elastic-gel-loner-gel.webp?resize=64%2C85&amp;ssl=1 64w, https:\/\/i0.wp.com\/victoriavynn.ca\/wp-content\/uploads\/2023\/10\/victoria-vynn-spider-gel-elastic-gel-loner-gel.webp?resize=225%2C300&amp;ssl=1 225w, https:\/\/i0.wp.com\/victoriavynn.ca\/wp-content\/uploads\/2023\/10\/victoria-vynn-spider-gel-elastic-gel-loner-gel.webp?resize=9%2C12&amp;ssl=1 9w, https:\/\/i0.wp.com\/victoriavynn.ca\/wp-content\/uploads\/2023\/10\/victoria-vynn-spider-gel-elastic-gel-loner-gel.webp?w=780&amp;ssl=1 780w\" sizes=\"(max-width: 768px) 100vw, 768px\" \/><\/figure><\/li><\/ul><a class=\"wp-block-jetpack-slideshow_button-prev swiper-button-prev swiper-button-white\" role=\"button\"><\/a><a class=\"wp-block-jetpack-slideshow_button-next swiper-button-next swiper-button-white\" role=\"button\"><\/a><a aria-label=\"Pause Slideshow\" class=\"wp-block-jetpack-slideshow_button-pause\" role=\"button\"><\/a><div class=\"wp-block-jetpack-slideshow_pagination swiper-pagination swiper-pagination-white\"><\/div><\/div><\/div>\n\n\n\n<h2 class=\"wp-block-heading has-text-align-center has-black-color has-text-color has-large-font-size\">Some Facts About Spider Gel Nails<\/h2>\n\n\n\n<p class=\"has-text-align-center has-black-color has-text-color\">Victoria VYNN Spider Gel is an ideal product not only for the experienced Nail Technicians but also for beginners, who will surely appreciate its consistency that helps in making the most difficult decorations.&nbsp;<\/p>\n\n\n\n<p class=\"has-text-align-center\"><div class=\"woocommerce columns-4 \"><div class=\"shoptimizer-sorting\"><div class=\"woocommerce-notices-wrapper\"><\/div><form class=\"woocommerce-ordering\" method=\"get\">\n\t\t<select\n\t\tname=\"orderby\"\n\t\tclass=\"orderby\"\n\t\t\t\t\taria-label=\"Commande\"\n\t\t\t>\n\t\t\t\t\t<option value=\"popularity\"  selected='selected'>Tri par popularit\u00e9<\/option>\n\t\t\t\t\t<option value=\"rating\" >Tri par notes moyennes<\/option>\n\t\t\t\t\t<option value=\"date\" >Trier du plus r\u00e9cent au plus ancien<\/option>\n\t\t\t\t\t<option value=\"price\" >Tri par tarif croissant<\/option>\n\t\t\t\t\t<option value=\"price-desc\" >Tri par tarif d\u00e9croissant<\/option>\n\t\t\t<\/select>\n\t<input type=\"hidden\" name=\"paged\" value=\"1\" \/>\n\t<\/form>\n<p class=\"woocommerce-result-count\" role=\"alert\" aria-relevant=\"all\" >\n\tVoici le seul r\u00e9sultat<\/p>\n<\/div><div class=\"columns-6\"><ul class=\"products columns-4\">\n<li class=\"product type-product post-1116 status-publish first outofstock product_cat-spider-gel-nails product_tag-nail-art product_tag-spider-gel-colors has-post-thumbnail taxable shipping-taxable purchasable product-type-variable\">\n\t<a href=\"https:\/\/victoriavynn.ca\/fr\/product\/spider-gel\/\" class=\"woocommerce-LoopProduct-link woocommerce-loop-product__link\"><div class=\"wpcbm-wrapper wpcbm-wrapper-archive-image\"><div class=\"woocommerce-image__wrapper\"><a href=\"https:\/\/victoriavynn.ca\/fr\/product\/spider-gel\/\" title=\"Spider Gel\" class=\"woocommerce-LoopProduct-link woocommerce-loop-product__link\">\t\t\t<span class=\"product-out-of-stock\"><em>Out of stock<\/em><\/span>\n\t\t\t<div class=\"shoptimizer-plp-carousel-container\"><div class=\"shoptimizer-plp-image-wrapper\"><img loading=\"lazy\" decoding=\"async\" width=\"200\" height=\"200\" src=\"https:\/\/i0.wp.com\/victoriavynn.ca\/wp-content\/uploads\/2020\/03\/Spider-Gel-White.png?fit=200%2C200&amp;ssl=1\" class=\"attachment-woocommerce_thumbnail size-woocommerce_thumbnail\" alt=\"Spider Gel\" srcset=\"https:\/\/i0.wp.com\/victoriavynn.ca\/wp-content\/uploads\/2020\/03\/Spider-Gel-White.png?w=1000&amp;ssl=1 1000w, https:\/\/i0.wp.com\/victoriavynn.ca\/wp-content\/uploads\/2020\/03\/Spider-Gel-White.png?resize=100%2C100&amp;ssl=1 100w, https:\/\/i0.wp.com\/victoriavynn.ca\/wp-content\/uploads\/2020\/03\/Spider-Gel-White.png?resize=416%2C416&amp;ssl=1 416w, https:\/\/i0.wp.com\/victoriavynn.ca\/wp-content\/uploads\/2020\/03\/Spider-Gel-White.png?resize=300%2C300&amp;ssl=1 300w, https:\/\/i0.wp.com\/victoriavynn.ca\/wp-content\/uploads\/2020\/03\/Spider-Gel-White.png?resize=150%2C150&amp;ssl=1 150w, https:\/\/i0.wp.com\/victoriavynn.ca\/wp-content\/uploads\/2020\/03\/Spider-Gel-White.png?resize=768%2C768&amp;ssl=1 768w, https:\/\/i0.wp.com\/victoriavynn.ca\/wp-content\/uploads\/2020\/03\/Spider-Gel-White.png?resize=32%2C32&amp;ssl=1 32w, https:\/\/i0.wp.com\/victoriavynn.ca\/wp-content\/uploads\/2020\/03\/Spider-Gel-White.png?resize=50%2C50&amp;ssl=1 50w\" sizes=\"auto, (max-width: 360px) 147px, (max-width: 200px) 100vw, 200px\" title=\"\"><img decoding=\"async\" width=\"200\" height=\"200\" src=\"https:\/\/i0.wp.com\/victoriavynn.ca\/wp-content\/uploads\/2020\/03\/Spider-Gel-Image-1-1.png?fit=200%2C200&amp;ssl=1\" class=\"gallery-image\" alt=\"Spider Gel\" loading=\"lazy\" srcset=\"https:\/\/i0.wp.com\/victoriavynn.ca\/wp-content\/uploads\/2020\/03\/Spider-Gel-Image-1-1.png?w=1000&amp;ssl=1 1000w, https:\/\/i0.wp.com\/victoriavynn.ca\/wp-content\/uploads\/2020\/03\/Spider-Gel-Image-1-1.png?resize=100%2C100&amp;ssl=1 100w, https:\/\/i0.wp.com\/victoriavynn.ca\/wp-content\/uploads\/2020\/03\/Spider-Gel-Image-1-1.png?resize=416%2C416&amp;ssl=1 416w, https:\/\/i0.wp.com\/victoriavynn.ca\/wp-content\/uploads\/2020\/03\/Spider-Gel-Image-1-1.png?resize=300%2C300&amp;ssl=1 300w, https:\/\/i0.wp.com\/victoriavynn.ca\/wp-content\/uploads\/2020\/03\/Spider-Gel-Image-1-1.png?resize=150%2C150&amp;ssl=1 150w, https:\/\/i0.wp.com\/victoriavynn.ca\/wp-content\/uploads\/2020\/03\/Spider-Gel-Image-1-1.png?resize=768%2C768&amp;ssl=1 768w, https:\/\/i0.wp.com\/victoriavynn.ca\/wp-content\/uploads\/2020\/03\/Spider-Gel-Image-1-1.png?resize=32%2C32&amp;ssl=1 32w, https:\/\/i0.wp.com\/victoriavynn.ca\/wp-content\/uploads\/2020\/03\/Spider-Gel-Image-1-1.png?resize=50%2C50&amp;ssl=1 50w\" sizes=\"auto, (max-width: 360px) 147px, auto, (max-width: 200px) 100vw, 200px\" title=\"\">\t\t\t\n\t<\/div><\/div><\/a><div class=\"shoptimizer-plp-carousel--pagination\">\n      \t\t\t<span class=\"shoptimizer-plp-carousel--dot active\"><\/span>\n      \t\t\t<span class=\"shoptimizer-plp-carousel--dot\"><\/span>\n    \t\t<\/div><\/div><\/div><div class=\"woocommerce-card__header\">\t\t\t\t\t<p class=\"product__categories\"><a href=\"https:\/\/victoriavynn.ca\/fr\/category\/nail-art-supplies\/spider-gel-nails\/\" rel=\"tag\">Victoria VYNN Spider Gel<\/a><\/p>\t\t\t\t<div class=\"woocommerce-loop-product__title\"><a tabindex=\"0\" href=\"https:\/\/victoriavynn.ca\/fr\/product\/spider-gel\/\" aria-label=\"Spider Gel\" class=\"woocommerce-LoopProduct-link woocommerce-loop-product__link\">Spider Gel<\/a><\/div><div class=\"cgkit-as-variation-price \">\n\t<span class=\"price\"><span class=\"woocommerce-Price-amount amount\"><bdi><span class=\"woocommerce-Price-currencySymbol\">CAD$<\/span>&nbsp;13.99<\/bdi><\/span><\/span>\n<\/div><\/a><a href=\"https:\/\/victoriavynn.ca\/fr\/product\/spider-gel\/\" aria-describedby=\"woocommerce_loop_add_to_cart_link_describedby_1116\" data-quantity=\"1\" class=\"button product_type_variable\" data-product_id=\"1116\" data-product_sku=\"\" aria-label=\"S\u00e9lectionner les options pour &ldquo;Spider Gel&rdquo;\" rel=\"nofollow\">Get notified<\/a>\t<span id=\"woocommerce_loop_add_to_cart_link_describedby_1116\" class=\"screen-reader-text\">\n\t\tCe produit a plusieurs variantes. Les options peuvent \u00eatre choisies sur la page du produit\t<\/span>\n<p class=\"stock out-of-stock\">En rupture d'inventaire<\/p>\n\t\t\t<input type=\"hidden\" class=\"wpmProductId\" data-id=\"1116\">\n\t\t\t\t\t<script>\n\t\t\t(window.wpmDataLayer = window.wpmDataLayer || {}).products             = window.wpmDataLayer.products || {};\n\t\t\twindow.wpmDataLayer.products[1116] = {\"id\":\"1116\",\"sku\":\"\",\"price\":13.99,\"brand\":\"\",\"quantity\":1,\"dyn_r_ids\":{\"post_id\":\"1116\",\"sku\":1116,\"gpf\":\"woocommerce_gpf_1116\",\"gla\":\"gla_1116\"},\"is_variable\":true,\"type\":\"variable\",\"name\":\"Spider Gel\",\"category\":[\"Victoria VYNN Spider Gel\"],\"is_variation\":false};\n\t\t\t\t\twindow.pmw_product_position = window.pmw_product_position || 1;\n\t\twindow.wpmDataLayer.products[1116]['position'] = window.pmw_product_position++;\n\t\t\t\t<\/script>\n\t\t<\/div><\/li>\n<\/ul>\n<div class=\"shoptimizer-sorting sorting-end\"><form class=\"woocommerce-ordering\" method=\"get\">\n\t\t<select\n\t\tname=\"orderby\"\n\t\tclass=\"orderby\"\n\t\t\t\t\taria-label=\"Commande\"\n\t\t\t>\n\t\t\t\t\t<option value=\"popularity\"  selected='selected'>Tri par popularit\u00e9<\/option>\n\t\t\t\t\t<option value=\"rating\" >Tri par notes moyennes<\/option>\n\t\t\t\t\t<option value=\"date\" >Trier du plus r\u00e9cent au plus ancien<\/option>\n\t\t\t\t\t<option value=\"price\" >Tri par tarif croissant<\/option>\n\t\t\t\t\t<option value=\"price-desc\" >Tri par tarif d\u00e9croissant<\/option>\n\t\t\t<\/select>\n\t<input type=\"hidden\" name=\"paged\" value=\"1\" \/>\n\t<\/form>\n<p class=\"woocommerce-result-count\" role=\"alert\" aria-relevant=\"all\" >\n\tVoici le seul r\u00e9sultat<\/p>\n<\/div><\/div><\/div><\/p>\n\n\n\n<p class=\"has-text-align-center has-black-color has-text-color\"><a href=\"https:\/\/victoriavynn.com\/en\/nail-art.html\" target=\"_blank\" rel=\"noreferrer noopener\">New Spider Gels Coming Out Soon!<\/a><\/p>\n","protected":false},"excerpt":{"rendered":"<p>Spider Gel Nails? Check Out our Amazing Product! Victoria VYNN Spider Gel is a flexible gel for decorating, perfect for making spectacular and, at the same time, very fast nail art. The dense, rubber consistency allows you to make perfectly straight lines and any geometric patterns. It can be applied on gel, acrylic gel and [&hellip;]<\/p>\n","protected":false},"author":1,"featured_media":0,"parent":5530,"menu_order":0,"comment_status":"closed","ping_status":"closed","template":"","meta":{"jetpack_post_was_ever_published":false,"footnotes":""},"class_list":["post-5557","page","type-page","status-publish","hentry"],"jetpack-related-posts":[{"id":5530,"url":"https:\/\/victoriavynn.ca\/fr\/nail-art-supplies\/","url_meta":{"origin":5557,"position":0},"title":"Victoria VYNN Nail Art","author":"Serge Sahakian","date":"septembre 9, 2022","format":false,"excerpt":"Fournitures professionnelles pour l'art de l'ongle. Simply Amazing La d\u00e9coration des ongles n\u00e9cessite \"seulement, et autant que\" de l'imagination, de la pr\u00e9cision et des produits bien choisis. La manucure hybride unicolore est un classique, mais les d\u00e9corations sont \u00e9galement \u00e0 la mode. Consultez nos produits professionnels Victoria VYNN Nail Art et choisissez les produits qui vous permettront de cr\u00e9er des \u0153uvres d'art peintes par vous-m\u00eame sur...","rel":"","context":"Similar post","block_context":{"text":"Similar post","link":""},"img":{"alt_text":"victoria vynn nail art high pigment gel 3d gel spider gel","src":"https:\/\/i0.wp.com\/victoriavynn.ca\/wp-content\/uploads\/2023\/10\/victoria-vynn-nail-art-high-pigment-gel-3d-gel-spider-gel-.webp?resize=350%2C200&ssl=1","width":350,"height":200,"srcset":"https:\/\/i0.wp.com\/victoriavynn.ca\/wp-content\/uploads\/2023\/10\/victoria-vynn-nail-art-high-pigment-gel-3d-gel-spider-gel-.webp?resize=350%2C200&ssl=1 1x, https:\/\/i0.wp.com\/victoriavynn.ca\/wp-content\/uploads\/2023\/10\/victoria-vynn-nail-art-high-pigment-gel-3d-gel-spider-gel-.webp?resize=525%2C300&ssl=1 1.5x, https:\/\/i0.wp.com\/victoriavynn.ca\/wp-content\/uploads\/2023\/10\/victoria-vynn-nail-art-high-pigment-gel-3d-gel-spider-gel-.webp?resize=700%2C400&ssl=1 2x"},"classes":[]},{"id":5622,"url":"https:\/\/victoriavynn.ca\/fr\/hybrid-nail-gel-polishes\/","url_meta":{"origin":5557,"position":1},"title":"Victoria VYNN Pure Creamy Hybrid","author":"Serge Sahakian","date":"septembre 10, 2022","format":false,"excerpt":"Victoria VYNN Pure Creamy Hybrid. Gel \u00e0 ongles hybride longue dur\u00e9e ! Les vernis hybrides Pure r\u00e9pondent aux attentes des femmes du monde entier ! Nous cr\u00e9ons nos collections en fonction des derni\u00e8res tendances, nous r\u00e9pondons aux besoins de nos clientes et nous mettons en valeur la beaut\u00e9 de leurs mains ! Hybride professionnel \u00e0 utiliser en salon...","rel":"","context":"Similar post","block_context":{"text":"Similar post","link":""},"img":{"alt_text":"victoria vynn pure creamy hybrid long lasting super shine gel polish","src":"https:\/\/i0.wp.com\/victoriavynn.ca\/wp-content\/uploads\/2023\/10\/victoria-vynn-pure-creamy-hybrid-long-lasting-super-shine-gel-polish.webp?resize=350%2C200&ssl=1","width":350,"height":200,"srcset":"https:\/\/i0.wp.com\/victoriavynn.ca\/wp-content\/uploads\/2023\/10\/victoria-vynn-pure-creamy-hybrid-long-lasting-super-shine-gel-polish.webp?resize=350%2C200&ssl=1 1x, https:\/\/i0.wp.com\/victoriavynn.ca\/wp-content\/uploads\/2023\/10\/victoria-vynn-pure-creamy-hybrid-long-lasting-super-shine-gel-polish.webp?resize=525%2C300&ssl=1 1.5x, https:\/\/i0.wp.com\/victoriavynn.ca\/wp-content\/uploads\/2023\/10\/victoria-vynn-pure-creamy-hybrid-long-lasting-super-shine-gel-polish.webp?resize=700%2C400&ssl=1 2x"},"classes":[]},{"id":5513,"url":"https:\/\/victoriavynn.ca\/fr\/gel-nail-polish-hybrid-victoria-vynn\/","url_meta":{"origin":5557,"position":2},"title":"Victoria VYNN Gel Polish &amp; Hybride","author":"Serge Sahakian","date":"septembre 9, 2022","format":false,"excerpt":"Vernis \u00e0 ongles en gel de qualit\u00e9 salon Nous r\u00e9pondons aux besoins de nos clients en offrant une riche vari\u00e9t\u00e9 de couleurs avec des vernis \u00e0 ongles en gel hybrides de diff\u00e9rentes couvertures et effets, dans plus de 250 couleurs. Les vernis hybrides Pure r\u00e9pondent aux attentes des femmes du monde entier ! Nous cr\u00e9ons nos collections en accord avec...","rel":"","context":"Similar post","block_context":{"text":"Similar post","link":""},"img":{"alt_text":"victoria vynn salon gel polish best gel polish for beauty salons","src":"https:\/\/i0.wp.com\/victoriavynn.ca\/wp-content\/uploads\/2023\/10\/victoria-vynn-salon-gel-polish-best-gel-polish-for-beauty-salons.webp?resize=350%2C200&ssl=1","width":350,"height":200,"srcset":"https:\/\/i0.wp.com\/victoriavynn.ca\/wp-content\/uploads\/2023\/10\/victoria-vynn-salon-gel-polish-best-gel-polish-for-beauty-salons.webp?resize=350%2C200&ssl=1 1x, https:\/\/i0.wp.com\/victoriavynn.ca\/wp-content\/uploads\/2023\/10\/victoria-vynn-salon-gel-polish-best-gel-polish-for-beauty-salons.webp?resize=525%2C300&ssl=1 1.5x, https:\/\/i0.wp.com\/victoriavynn.ca\/wp-content\/uploads\/2023\/10\/victoria-vynn-salon-gel-polish-best-gel-polish-for-beauty-salons.webp?resize=700%2C400&ssl=1 2x"},"classes":[]},{"id":5628,"url":"https:\/\/victoriavynn.ca\/fr\/hybrid-nail-gel-polishes\/hybrid-gel-nail-colors\/","url_meta":{"origin":5557,"position":3},"title":"Victoria VYNN Couleurs hybrides pures et cr\u00e9meuses","author":"Serge Sahakian","date":"septembre 10, 2022","format":false,"excerpt":"Vernis \u00e0 ongles hybrides professionnels de longue dur\u00e9e Victoria VYNN Les vernis hybrides purs r\u00e9pondent aux attentes des femmes du monde entier ! Nous cr\u00e9ons nos collections en fonction des derni\u00e8res tendances, nous r\u00e9pondons aux besoins de nos clientes et nous mettons en valeur la beaut\u00e9 de leurs mains ! Laissez-vous aller...","rel":"","context":"Similar post","block_context":{"text":"Similar post","link":""},"img":{"alt_text":"victoria vynn pure creamy hybrid long lasting super shine gel polish","src":"https:\/\/i0.wp.com\/victoriavynn.ca\/wp-content\/uploads\/2023\/10\/victoria-vynn-pure-creamy-hybrid-long-lasting-super-shine-gel-polish-.webp?resize=350%2C200&ssl=1","width":350,"height":200,"srcset":"https:\/\/i0.wp.com\/victoriavynn.ca\/wp-content\/uploads\/2023\/10\/victoria-vynn-pure-creamy-hybrid-long-lasting-super-shine-gel-polish-.webp?resize=350%2C200&ssl=1 1x, https:\/\/i0.wp.com\/victoriavynn.ca\/wp-content\/uploads\/2023\/10\/victoria-vynn-pure-creamy-hybrid-long-lasting-super-shine-gel-polish-.webp?resize=525%2C300&ssl=1 1.5x, https:\/\/i0.wp.com\/victoriavynn.ca\/wp-content\/uploads\/2023\/10\/victoria-vynn-pure-creamy-hybrid-long-lasting-super-shine-gel-polish-.webp?resize=700%2C400&ssl=1 2x"},"classes":[]},{"id":5304,"url":"https:\/\/victoriavynn.ca\/fr\/professional-gel-nail-polish\/gel-nail-preps\/","url_meta":{"origin":5557,"position":4},"title":"Pr\u00e9parations pour le vernis gel du salon Victoria VYNN","author":"Serge Sahakian","date":"septembre 4, 2022","format":false,"excerpt":"Les pr\u00e9parations professionnelles les plus efficaces pour les ongles en gel Voulez-vous profiter d'un dessin d'ongle durable et parfait ? N'oubliez pas de pr\u00e9parer correctement la plaque de l'ongle avant de proc\u00e9der. Choisissez les pr\u00e9parations et les liquides n\u00e9cessaires \u00e0 la cr\u00e9ation d'une manucure et d'une p\u00e9dicure magnifiques et durables. Un produit unique pour commencer est Nail Prep pour d\u00e9graisser les ongles...","rel":"","context":"Similar post","block_context":{"text":"Similar post","link":""},"img":{"alt_text":"victoria vynn best salon nail preparation products","src":"https:\/\/i0.wp.com\/victoriavynn.ca\/wp-content\/uploads\/2023\/10\/victoria-vynn-best-salon-nail-preparation-products.webp?resize=350%2C200&ssl=1","width":350,"height":200,"srcset":"https:\/\/i0.wp.com\/victoriavynn.ca\/wp-content\/uploads\/2023\/10\/victoria-vynn-best-salon-nail-preparation-products.webp?resize=350%2C200&ssl=1 1x, https:\/\/i0.wp.com\/victoriavynn.ca\/wp-content\/uploads\/2023\/10\/victoria-vynn-best-salon-nail-preparation-products.webp?resize=525%2C300&ssl=1 1.5x, https:\/\/i0.wp.com\/victoriavynn.ca\/wp-content\/uploads\/2023\/10\/victoria-vynn-best-salon-nail-preparation-products.webp?resize=700%2C400&ssl=1 2x"},"classes":[]},{"id":15314,"url":"https:\/\/victoriavynn.ca\/fr\/gel-nail-polish-hybrid-victoria-vynn-mobile\/","url_meta":{"origin":5557,"position":5},"title":"Victoria VYNN Gel Polish &amp; Hybride","author":"Serge Sahakian","date":"septembre 24, 2023","format":false,"excerpt":"Vernis \u00e0 ongles en gel de qualit\u00e9 salon Nous r\u00e9pondons aux besoins de nos clients en offrant une riche vari\u00e9t\u00e9 de couleurs avec des vernis \u00e0 ongles en gel hybrides de diff\u00e9rentes couvertures et effets, dans plus de 250 couleurs. Les vernis hybrides Pure r\u00e9pondent aux attentes des femmes du monde entier ! Nous cr\u00e9ons nos collections en accord avec...","rel":"","context":"Similar post","block_context":{"text":"Similar post","link":""},"img":{"alt_text":"professional gel nail polish colours","src":"https:\/\/i0.wp.com\/victoriavynn.ca\/wp-content\/uploads\/2022\/09\/gallery2_4_mini-1.jpeg?resize=350%2C200&ssl=1","width":350,"height":200,"srcset":"https:\/\/i0.wp.com\/victoriavynn.ca\/wp-content\/uploads\/2022\/09\/gallery2_4_mini-1.jpeg?resize=350%2C200&ssl=1 1x, https:\/\/i0.wp.com\/victoriavynn.ca\/wp-content\/uploads\/2022\/09\/gallery2_4_mini-1.jpeg?resize=525%2C300&ssl=1 1.5x, https:\/\/i0.wp.com\/victoriavynn.ca\/wp-content\/uploads\/2022\/09\/gallery2_4_mini-1.jpeg?resize=700%2C400&ssl=1 2x"},"classes":[]}],"jetpack_sharing_enabled":true,"_links":{"self":[{"href":"https:\/\/victoriavynn.ca\/fr\/wp-json\/wp\/v2\/pages\/5557","targetHints":{"allow":["GET"]}}],"collection":[{"href":"https:\/\/victoriavynn.ca\/fr\/wp-json\/wp\/v2\/pages"}],"about":[{"href":"https:\/\/victoriavynn.ca\/fr\/wp-json\/wp\/v2\/types\/page"}],"author":[{"embeddable":true,"href":"https:\/\/victoriavynn.ca\/fr\/wp-json\/wp\/v2\/users\/1"}],"replies":[{"embeddable":true,"href":"https:\/\/victoriavynn.ca\/fr\/wp-json\/wp\/v2\/comments?post=5557"}],"version-history":[{"count":0,"href":"https:\/\/victoriavynn.ca\/fr\/wp-json\/wp\/v2\/pages\/5557\/revisions"}],"up":[{"embeddable":true,"href":"https:\/\/victoriavynn.ca\/fr\/wp-json\/wp\/v2\/pages\/5530"}],"wp:attachment":[{"href":"https:\/\/victoriavynn.ca\/fr\/wp-json\/wp\/v2\/media?parent=5557"}],"curies":[{"name":"wp","href":"https:\/\/api.w.org\/{rel}","templated":true}]}}