{"id":5564,"date":"2022-09-09T20:47:27","date_gmt":"2022-09-09T20:47:27","guid":{"rendered":"https:\/\/victoriavynn.ca\/?page_id=5564"},"modified":"2023-10-09T19:38:46","modified_gmt":"2023-10-09T23:38:46","slug":"encre-marbree-pour-ongles","status":"publish","type":"page","link":"https:\/\/victoriavynn.ca\/fr\/nail-art-supplies\/marble-nail-blur-ink\/","title":{"rendered":"Victoria VYNN Encre floue"},"content":{"rendered":"<h1 class=\"wp-block-heading has-text-align-center has-black-color has-text-color has-large-font-size\">Les meilleures fournitures pour le dessin d'ongles en marbre ! Encre floue !<\/h1>\n\n\n\n<p class=\"has-text-align-center has-black-color has-text-color\">Victoria VYNN Blur Ink est une fantastique collection de seize encres color\u00e9es pour les d\u00e9corations de nail art. Parfaites pour les motifs de marbre, de fum\u00e9e, de tache et d'aquarelle.<\/p>\n\n\n\n<div class=\"wp-block-jetpack-slideshow aligncenter\" data-effect=\"slide\"><div class=\"wp-block-jetpack-slideshow_container swiper-container\"><ul class=\"wp-block-jetpack-slideshow_swiper-wrapper swiper-wrapper\"><li class=\"wp-block-jetpack-slideshow_slide swiper-slide\"><figure><img loading=\"lazy\" decoding=\"async\" width=\"768\" height=\"1024\" alt=\"victoria vynn blur ink tatoo ink marble ink nails\" class=\"wp-block-jetpack-slideshow_image wp-image-15942\" data-id=\"15942\" src=\"https:\/\/victoriavynn.ca\/wp-content\/uploads\/2023\/10\/victoria-vynn-blur-ink-tatoo-ink-marble-ink-nails-768x1024.webp\" title=\"\" srcset=\"https:\/\/victoriavynn.ca\/wp-content\/uploads\/2023\/10\/victoria-vynn-blur-ink-tatoo-ink-marble-ink-nails-768x1024.webp 768w, https:\/\/victoriavynn.ca\/wp-content\/uploads\/2023\/10\/victoria-vynn-blur-ink-tatoo-ink-marble-ink-nails-324x432.webp 324w, https:\/\/victoriavynn.ca\/wp-content\/uploads\/2023\/10\/victoria-vynn-blur-ink-tatoo-ink-marble-ink-nails-416x555.webp 416w, https:\/\/victoriavynn.ca\/wp-content\/uploads\/2023\/10\/victoria-vynn-blur-ink-tatoo-ink-marble-ink-nails-64x85.webp 64w, https:\/\/victoriavynn.ca\/wp-content\/uploads\/2023\/10\/victoria-vynn-blur-ink-tatoo-ink-marble-ink-nails-225x300.webp 225w, https:\/\/victoriavynn.ca\/wp-content\/uploads\/2023\/10\/victoria-vynn-blur-ink-tatoo-ink-marble-ink-nails-9x12.webp 9w, https:\/\/victoriavynn.ca\/wp-content\/uploads\/2023\/10\/victoria-vynn-blur-ink-tatoo-ink-marble-ink-nails.webp 780w\" sizes=\"(max-width: 768px) 100vw, 768px\" \/><\/figure><\/li><\/ul><a class=\"wp-block-jetpack-slideshow_button-prev swiper-button-prev swiper-button-white\" role=\"button\"><\/a><a class=\"wp-block-jetpack-slideshow_button-next swiper-button-next swiper-button-white\" role=\"button\"><\/a><a aria-label=\"Pause du diaporama\" class=\"wp-block-jetpack-slideshow_button-pause\" role=\"button\"><\/a><div class=\"wp-block-jetpack-slideshow_pagination swiper-pagination swiper-pagination-white\"><\/div><\/div><\/div>\n\n\n\n<h2 class=\"wp-block-heading has-text-align-center has-black-color has-text-color has-large-font-size\">Vous voulez en savoir plus sur Marble Nails ?<\/h2>\n\n\n\n<p class=\"has-text-align-center has-black-color has-text-color\">Victoria VYNN <a href=\"https:\/\/victoriavynn.ca\/fr\/produit\/ongles-en-marbre-encre-floue\/\" target=\"_blank\" rel=\"noreferrer noopener\">Encre floue<\/a> est parfait pour les motifs de marbre, de fum\u00e9e, de tache et d'aquarelle.<\/p>\n\n\n\n<p class=\"has-text-align-center has-black-color has-text-color\">Consistance liquide pour une application rapide et facile<\/p>\n\n\n\n<p class=\"has-text-align-center has-black-color has-text-color\">Haute efficacit\u00e9 possibilit\u00e9 de combiner diff\u00e9rentes couleurs dans un m\u00eame dessin haute pigmentation<\/p>\n\n\n\n<p class=\"has-text-align-center\"><div class=\"woocommerce columns-4\"><div class=\"shoptimizer-sorting\"><div class=\"woocommerce-notices-wrapper\"><\/div><form class=\"woocommerce-ordering\" method=\"get\" action=\"\">\n\t\t<select\n\t\tname=\"orderby\"\n\t\tclass=\"orderby\"\n\t\t\t\t\taria-label=\"Commande\" data-no-translation-aria-label=\"\"\n\t\t\t>\n\t\t\t\t\t<option value=\"popularity\"  selected='selected' data-no-translation=\"\" data-trp-gettext=\"\">Tri par popularit\u00e9<\/option>\n\t\t\t\t\t<option value=\"rating\" data-no-translation=\"\" data-trp-gettext=\"\" >Tri par notes moyennes<\/option>\n\t\t\t\t\t<option value=\"date\" data-no-translation=\"\" data-trp-gettext=\"\" >Trier du plus r\u00e9cent au plus ancien<\/option>\n\t\t\t\t\t<option value=\"price\" data-no-translation=\"\" data-trp-gettext=\"\" >Tri par tarif croissant<\/option>\n\t\t\t\t\t<option value=\"price-desc\" data-no-translation=\"\" data-trp-gettext=\"\" >Tri par tarif d\u00e9croissant<\/option>\n\t\t\t<\/select>\n\t<input type=\"hidden\" name=\"paged\" value=\"1\" \/>\n\t<input type=\"hidden\" name=\"trp-form-language\" value=\"fr\"\/><\/form>\n<p class=\"woocommerce-result-count\" role=\"alert\" aria-relevant=\"all\" >\n\tVoici le seul r\u00e9sultat<\/p>\n<\/div><div class=\"columns-6\"><ul class=\"products columns-4\">\n<li class=\"product type-product post-1229 status-publish first outofstock product_cat-marble-nail-blur-ink product_tag-marble-nails-blur-ink-colors product_tag-nail-art has-post-thumbnail taxable shipping-taxable purchasable product-type-variable\">\n\t<a href=\"https:\/\/victoriavynn.ca\/fr\/product\/marble-nails-blur-ink\/\" class=\"woocommerce-LoopProduct-link woocommerce-loop-product__link\"><div class=\"wpcbm-wrapper wpcbm-wrapper-archive-image\"><div class=\"woocommerce-image__wrapper\"><a href=\"https:\/\/victoriavynn.ca\/fr\/product\/marble-nails-blur-ink\/\" title=\"Blur Ink (Effet de marbre pour vernis \u00e0 ongles en gel)\" class=\"woocommerce-LoopProduct-link woocommerce-loop-product__link\">\t\t\t<span class=\"product-out-of-stock\"><em>En rupture de stock<\/em><\/span>\n\t\t\t<div class=\"shoptimizer-plp-carousel-container\"><div class=\"shoptimizer-plp-image-wrapper\"><img loading=\"lazy\" decoding=\"async\" width=\"200\" height=\"200\" src=\"https:\/\/victoriavynn.ca\/wp-content\/uploads\/2020\/03\/Blur-Ink-300x300.png\" class=\"attachment-woocommerce_thumbnail size-woocommerce_thumbnail\" alt=\"Ongles en marbre Encre floue\" srcset=\"https:\/\/victoriavynn.ca\/wp-content\/uploads\/2020\/03\/Blur-Ink-300x300.png 300w, https:\/\/victoriavynn.ca\/wp-content\/uploads\/2020\/03\/Blur-Ink-100x100.png 100w, https:\/\/victoriavynn.ca\/wp-content\/uploads\/2020\/03\/Blur-Ink-416x416.png 416w, https:\/\/victoriavynn.ca\/wp-content\/uploads\/2020\/03\/Blur-Ink-150x150.png 150w, https:\/\/victoriavynn.ca\/wp-content\/uploads\/2020\/03\/Blur-Ink-768x768.png 768w, https:\/\/victoriavynn.ca\/wp-content\/uploads\/2020\/03\/Blur-Ink-32x32.png 32w, https:\/\/victoriavynn.ca\/wp-content\/uploads\/2020\/03\/Blur-Ink-50x50.png 50w, https:\/\/victoriavynn.ca\/wp-content\/uploads\/2020\/03\/Blur-Ink.png 1000w\" sizes=\"auto, (max-width: 360px) 147px, (max-width: 200px) 100vw, 200px\" title=\"\"><img decoding=\"async\" width=\"200\" height=\"200\" src=\"https:\/\/victoriavynn.ca\/wp-content\/uploads\/2020\/03\/Marble-Nails-Blur-Ink--300x300.jpg\" class=\"gallery-image\" alt=\"Ongles en marbre Encre floue\" loading=\"lazy\" srcset=\"https:\/\/victoriavynn.ca\/wp-content\/uploads\/2020\/03\/Marble-Nails-Blur-Ink--300x300.jpg 300w, https:\/\/victoriavynn.ca\/wp-content\/uploads\/2020\/03\/Marble-Nails-Blur-Ink--100x100.jpg 100w, https:\/\/victoriavynn.ca\/wp-content\/uploads\/2020\/03\/Marble-Nails-Blur-Ink--416x416.jpg 416w, https:\/\/victoriavynn.ca\/wp-content\/uploads\/2020\/03\/Marble-Nails-Blur-Ink--150x150.jpg 150w, https:\/\/victoriavynn.ca\/wp-content\/uploads\/2020\/03\/Marble-Nails-Blur-Ink--768x768.jpg 768w, https:\/\/victoriavynn.ca\/wp-content\/uploads\/2020\/03\/Marble-Nails-Blur-Ink--32x32.jpg 32w, https:\/\/victoriavynn.ca\/wp-content\/uploads\/2020\/03\/Marble-Nails-Blur-Ink--50x50.jpg 50w, https:\/\/victoriavynn.ca\/wp-content\/uploads\/2020\/03\/Marble-Nails-Blur-Ink-.jpg 1000w\" sizes=\"auto, (max-width: 360px) 147px, auto, (max-width: 200px) 100vw, 200px\" title=\"\">\t\t\t\n\t<\/div><\/div><\/a><div class=\"shoptimizer-plp-carousel--pagination\">\n      \t\t\t<span class=\"shoptimizer-plp-carousel--dot active\"><\/span>\n      \t\t\t<span class=\"shoptimizer-plp-carousel--dot\"><\/span>\n    \t\t<\/div><\/div><\/div><div class=\"woocommerce-card__header\">\t\t\t\t\t<p class=\"product__categories\"><a href=\"https:\/\/victoriavynn.ca\/fr\/category\/nail-art-supplies\/marble-nail-blur-ink\/\" rel=\"tag\">Encre floue<\/a><\/p>\t\t\t\t<div class=\"woocommerce-loop-product__title\"><a tabindex=\"0\" href=\"https:\/\/victoriavynn.ca\/fr\/product\/marble-nails-blur-ink\/\" aria-label=\"Blur Ink (Effet de marbre pour vernis \u00e0 ongles en gel)\" class=\"woocommerce-LoopProduct-link woocommerce-loop-product__link\">Blur Ink (Effet de marbre pour vernis \u00e0 ongles en gel)<\/a><\/div><div class=\"cgkit-as-variation-price\">\n\t<span class=\"price\"><span class=\"woocommerce-Price-amount amount\"><bdi><span class=\"woocommerce-Price-currencySymbol\">CAD$<\/span>&nbsp;8.99<\/bdi><\/span><\/span>\n<\/div><\/a><a href=\"https:\/\/victoriavynn.ca\/fr\/product\/marble-nails-blur-ink\/\" aria-describedby=\"woocommerce_loop_add_to_cart_link_describedby_1229\" data-quantity=\"1\" class=\"button product_type_variable\" data-product_id=\"1229\" data-product_sku=\"\" aria-label=\"S\u00e9lectionner les options pour \u201cBlur Ink (Marble Nails Effect for Gel Polish)\u201d\" rel=\"nofollow\" data-no-translation-aria-label=\"\">Recevoir une notification<\/a>\t<span id=\"woocommerce_loop_add_to_cart_link_describedby_1229\" class=\"screen-reader-text\">\n\t\tCe produit a plusieurs variantes. Les options peuvent \u00eatre choisies sur la page du produit\t<\/span>\n<p class=\"stock out-of-stock\" data-no-translation=\"\" data-trp-gettext=\"\">En rupture d'inventaire<\/p>\n<\/div><\/li>\n<\/ul>\n<div class=\"shoptimizer-sorting sorting-end\"><form class=\"woocommerce-ordering\" method=\"get\" action=\"\">\n\t\t<select\n\t\tname=\"orderby\"\n\t\tclass=\"orderby\"\n\t\t\t\t\taria-label=\"Commande\" data-no-translation-aria-label=\"\"\n\t\t\t>\n\t\t\t\t\t<option value=\"popularity\"  selected='selected' data-no-translation=\"\" data-trp-gettext=\"\">Tri par popularit\u00e9<\/option>\n\t\t\t\t\t<option value=\"rating\" data-no-translation=\"\" data-trp-gettext=\"\" >Tri par notes moyennes<\/option>\n\t\t\t\t\t<option value=\"date\" data-no-translation=\"\" data-trp-gettext=\"\" >Trier du plus r\u00e9cent au plus ancien<\/option>\n\t\t\t\t\t<option value=\"price\" data-no-translation=\"\" data-trp-gettext=\"\" >Tri par tarif croissant<\/option>\n\t\t\t\t\t<option value=\"price-desc\" data-no-translation=\"\" data-trp-gettext=\"\" >Tri par tarif d\u00e9croissant<\/option>\n\t\t\t<\/select>\n\t<input type=\"hidden\" name=\"paged\" value=\"1\" \/>\n\t<input type=\"hidden\" name=\"trp-form-language\" value=\"fr\"\/><\/form>\n<p class=\"woocommerce-result-count\" role=\"alert\" aria-relevant=\"all\" >\n\tVoici le seul r\u00e9sultat<\/p>\n<\/div><\/div><\/div><\/p>\n\n\n\n<p class=\"has-text-align-center\"><a href=\"https:\/\/victoriavynn.com\/en\/nail-art.html\" target=\"_blank\" rel=\"noreferrer noopener\">Nouvelles encres Blur bient\u00f4t disponibles !<\/a><\/p>","protected":false},"excerpt":{"rendered":"<p>The Best Marble Nail Design Supplies! Blur Ink! Victoria VYNN Blur Ink is a fantastic collection of sixteen colorful inks for nail art decorations. Perfect for marble, smoke, smudge and watercolor designs. Want to know more about Marble Nails? Victoria VYNN Blur Ink is perfect for marble, smoke, smudge and watercolor designs. Liquid consistency very [&hellip;]<\/p>\n","protected":false},"author":1,"featured_media":0,"parent":5530,"menu_order":0,"comment_status":"closed","ping_status":"closed","template":"","meta":{"jetpack_post_was_ever_published":false,"footnotes":""},"class_list":["post-5564","page","type-page","status-publish","hentry"],"jetpack-related-posts":[{"id":5530,"url":"https:\/\/victoriavynn.ca\/fr\/nail-art-supplies\/","url_meta":{"origin":5564,"position":0},"title":"Victoria VYNN Nail Art","author":"Serge Sahakian","date":"septembre 9, 2022","format":false,"excerpt":"Fournitures professionnelles pour l'art de l'ongle. Simply Amazing La d\u00e9coration des ongles n\u00e9cessite \"seulement, et autant que\" de l'imagination, de la pr\u00e9cision et des produits bien choisis. La manucure hybride unicolore est un classique, mais les d\u00e9corations sont \u00e9galement \u00e0 la mode. Consultez nos produits professionnels Victoria VYNN Nail Art et choisissez les produits qui vous permettront de cr\u00e9er des \u0153uvres d'art peintes par vous-m\u00eame sur...","rel":"","context":"Similar post","block_context":{"text":"Similar post","link":""},"img":{"alt_text":"victoria vynn nail art high pigment gel 3d gel spider gel","src":"https:\/\/i0.wp.com\/victoriavynn.ca\/wp-content\/uploads\/2023\/10\/victoria-vynn-nail-art-high-pigment-gel-3d-gel-spider-gel-.webp?resize=350%2C200&ssl=1","width":350,"height":200,"srcset":"https:\/\/i0.wp.com\/victoriavynn.ca\/wp-content\/uploads\/2023\/10\/victoria-vynn-nail-art-high-pigment-gel-3d-gel-spider-gel-.webp?resize=350%2C200&ssl=1 1x, https:\/\/i0.wp.com\/victoriavynn.ca\/wp-content\/uploads\/2023\/10\/victoria-vynn-nail-art-high-pigment-gel-3d-gel-spider-gel-.webp?resize=525%2C300&ssl=1 1.5x, https:\/\/i0.wp.com\/victoriavynn.ca\/wp-content\/uploads\/2023\/10\/victoria-vynn-nail-art-high-pigment-gel-3d-gel-spider-gel-.webp?resize=700%2C400&ssl=1 2x"},"classes":[]},{"id":5304,"url":"https:\/\/victoriavynn.ca\/fr\/professional-gel-nail-polish\/gel-nail-preps\/","url_meta":{"origin":5564,"position":1},"title":"Pr\u00e9parations pour le vernis gel du salon Victoria VYNN","author":"Serge Sahakian","date":"septembre 4, 2022","format":false,"excerpt":"Les pr\u00e9parations professionnelles les plus efficaces pour les ongles en gel Voulez-vous profiter d'un dessin d'ongle durable et parfait ? N'oubliez pas de pr\u00e9parer correctement la plaque de l'ongle avant de proc\u00e9der. Choisissez les pr\u00e9parations et les liquides n\u00e9cessaires \u00e0 la cr\u00e9ation d'une manucure et d'une p\u00e9dicure magnifiques et durables. Un produit unique pour commencer est Nail Prep pour d\u00e9graisser les ongles...","rel":"","context":"Similar post","block_context":{"text":"Similar post","link":""},"img":{"alt_text":"victoria vynn best salon nail preparation products","src":"https:\/\/i0.wp.com\/victoriavynn.ca\/wp-content\/uploads\/2023\/10\/victoria-vynn-best-salon-nail-preparation-products.webp?resize=350%2C200&ssl=1","width":350,"height":200,"srcset":"https:\/\/i0.wp.com\/victoriavynn.ca\/wp-content\/uploads\/2023\/10\/victoria-vynn-best-salon-nail-preparation-products.webp?resize=350%2C200&ssl=1 1x, https:\/\/i0.wp.com\/victoriavynn.ca\/wp-content\/uploads\/2023\/10\/victoria-vynn-best-salon-nail-preparation-products.webp?resize=525%2C300&ssl=1 1.5x, https:\/\/i0.wp.com\/victoriavynn.ca\/wp-content\/uploads\/2023\/10\/victoria-vynn-best-salon-nail-preparation-products.webp?resize=700%2C400&ssl=1 2x"},"classes":[]},{"id":5548,"url":"https:\/\/victoriavynn.ca\/fr\/nail-art-supplies\/brillant-gel-diamond-nail-design\/","url_meta":{"origin":5564,"position":2},"title":"Victoria VYNN Brillant Gel","author":"Serge Sahakian","date":"septembre 9, 2022","format":false,"excerpt":"Vous vous interrogez sur les dessins d'ongles en diamant ? Les diamants sont faits de diamants ! Et c'est exactement l'effet que donne notre nouveau Brillant Gel. La collection ph\u00e9nom\u00e9nale est une galerie de 9 couleurs, dont la beaut\u00e9 est transf\u00e9r\u00e9e sur les ongles, suscite des \u00e9motions uniques et souligne la d\u00e9licatesse des...","rel":"","context":"Similar post","block_context":{"text":"Similar post","link":""},"img":{"alt_text":"victoria vynn brillant gel designing gel glitter gel 3d","src":"https:\/\/i0.wp.com\/victoriavynn.ca\/wp-content\/uploads\/2023\/10\/victoria-vynn-brillant-gel-designing-gel-glitter-gel-3d-.webp?resize=350%2C200&ssl=1","width":350,"height":200,"srcset":"https:\/\/i0.wp.com\/victoriavynn.ca\/wp-content\/uploads\/2023\/10\/victoria-vynn-brillant-gel-designing-gel-glitter-gel-3d-.webp?resize=350%2C200&ssl=1 1x, https:\/\/i0.wp.com\/victoriavynn.ca\/wp-content\/uploads\/2023\/10\/victoria-vynn-brillant-gel-designing-gel-glitter-gel-3d-.webp?resize=525%2C300&ssl=1 1.5x, https:\/\/i0.wp.com\/victoriavynn.ca\/wp-content\/uploads\/2023\/10\/victoria-vynn-brillant-gel-designing-gel-glitter-gel-3d-.webp?resize=700%2C400&ssl=1 2x"},"classes":[]},{"id":5443,"url":"https:\/\/victoriavynn.ca\/fr\/iq-salon-vegan-nail-polish\/","url_meta":{"origin":5564,"position":3},"title":"Vernis \u00e0 ongles Victoria VYNN iQ Salon","author":"Serge Sahakian","date":"septembre 7, 2022","format":false,"excerpt":"Vernis \u00e0 ongles v\u00e9g\u00e9talien de qualit\u00e9 salon Vous aimez jouer avec les couleurs et changer fr\u00e9quemment de motifs sur vos ongles ! Choisissez la formule intelligente des vernis \u00e0 ongles Victoria VYNN iQ et la composition unique qui garantit une adh\u00e9sion \u00e0 long terme \u00e0 la plaque de l'ongle et une durabilit\u00e9 extr\u00eame ! Pourquoi choisir Victoria VYNN iQ...","rel":"","context":"Similar post","block_context":{"text":"Similar post","link":""},"img":{"alt_text":"vegan nail polish","src":"https:\/\/i0.wp.com\/victoriavynn.ca\/wp-content\/uploads\/2022\/12\/vegan-nail-polish.webp?resize=350%2C200&ssl=1","width":350,"height":200,"srcset":"https:\/\/i0.wp.com\/victoriavynn.ca\/wp-content\/uploads\/2022\/12\/vegan-nail-polish.webp?resize=350%2C200&ssl=1 1x, https:\/\/i0.wp.com\/victoriavynn.ca\/wp-content\/uploads\/2022\/12\/vegan-nail-polish.webp?resize=525%2C300&ssl=1 1.5x, https:\/\/i0.wp.com\/victoriavynn.ca\/wp-content\/uploads\/2022\/12\/vegan-nail-polish.webp?resize=700%2C400&ssl=1 2x"},"classes":[]},{"id":11690,"url":"https:\/\/victoriavynn.ca\/fr\/victoria-vynn-professional-nail-drill-bits\/","url_meta":{"origin":5564,"position":4},"title":"M\u00e8ches Victoria VYNN","author":"Serge Sahakian","date":"mai 1, 2023","format":false,"excerpt":"Victoria VYNN Professional Nail Drill Bits Les forets sont des outils professionnels pour le stylisme des ongles. L'objectif de la styliste d'ongles est la satisfaction du client avec un service de manucure et de p\u00e9dicure soigneusement ex\u00e9cut\u00e9. D\u00e9sormais, les fraises \u00e0 cuticules sont disponibles sous la marque Victoria Vynn, ainsi que pour le travail sur et...","rel":"","context":"Similar post","block_context":{"text":"Similar post","link":""},"img":{"alt_text":"Victoria VYNN professional nail drill Bits","src":"https:\/\/i0.wp.com\/victoriavynn.ca\/wp-content\/uploads\/2023\/05\/Victoria-VYNN-drill-Bits.webp?resize=350%2C200&ssl=1","width":350,"height":200,"srcset":"https:\/\/i0.wp.com\/victoriavynn.ca\/wp-content\/uploads\/2023\/05\/Victoria-VYNN-drill-Bits.webp?resize=350%2C200&ssl=1 1x, https:\/\/i0.wp.com\/victoriavynn.ca\/wp-content\/uploads\/2023\/05\/Victoria-VYNN-drill-Bits.webp?resize=525%2C300&ssl=1 1.5x, https:\/\/i0.wp.com\/victoriavynn.ca\/wp-content\/uploads\/2023\/05\/Victoria-VYNN-drill-Bits.webp?resize=700%2C400&ssl=1 2x, https:\/\/i0.wp.com\/victoriavynn.ca\/wp-content\/uploads\/2023\/05\/Victoria-VYNN-drill-Bits.webp?resize=1050%2C600&ssl=1 3x"},"classes":[]},{"id":5673,"url":"https:\/\/victoriavynn.ca\/fr\/nail-tools-and-accessories\/","url_meta":{"origin":5564,"position":5},"title":"Accessoires Victoria VYNN","author":"Serge Sahakian","date":"septembre 10, 2022","format":false,"excerpt":"Outils et accessoires professionnels pour les ongles Le travail d'une styliste n\u00e9cessite l'utilisation d'outils et d'accessoires appropri\u00e9s pour les ongles. Cette cat\u00e9gorie comprend des formes fiables pour construire les ongles, ainsi que des produits qui embelliront votre lieu de travail : de belles serviettes, des nappes, des tabliers dans vos couleurs pr\u00e9f\u00e9r\u00e9es. Pr\u00e9paration de la plaque de l'ongle...","rel":"","context":"Similar post","block_context":{"text":"Similar post","link":""},"img":{"alt_text":"victoria vynn nail accessories salon tools and accessories","src":"https:\/\/i0.wp.com\/victoriavynn.ca\/wp-content\/uploads\/2023\/10\/victoria-vynn-nail-accessories-salon-tools-and-accessories.webp?resize=350%2C200&ssl=1","width":350,"height":200,"srcset":"https:\/\/i0.wp.com\/victoriavynn.ca\/wp-content\/uploads\/2023\/10\/victoria-vynn-nail-accessories-salon-tools-and-accessories.webp?resize=350%2C200&ssl=1 1x, https:\/\/i0.wp.com\/victoriavynn.ca\/wp-content\/uploads\/2023\/10\/victoria-vynn-nail-accessories-salon-tools-and-accessories.webp?resize=525%2C300&ssl=1 1.5x, https:\/\/i0.wp.com\/victoriavynn.ca\/wp-content\/uploads\/2023\/10\/victoria-vynn-nail-accessories-salon-tools-and-accessories.webp?resize=700%2C400&ssl=1 2x"},"classes":[]}],"jetpack_sharing_enabled":true,"_links":{"self":[{"href":"https:\/\/victoriavynn.ca\/fr\/wp-json\/wp\/v2\/pages\/5564","targetHints":{"allow":["GET"]}}],"collection":[{"href":"https:\/\/victoriavynn.ca\/fr\/wp-json\/wp\/v2\/pages"}],"about":[{"href":"https:\/\/victoriavynn.ca\/fr\/wp-json\/wp\/v2\/types\/page"}],"author":[{"embeddable":true,"href":"https:\/\/victoriavynn.ca\/fr\/wp-json\/wp\/v2\/users\/1"}],"replies":[{"embeddable":true,"href":"https:\/\/victoriavynn.ca\/fr\/wp-json\/wp\/v2\/comments?post=5564"}],"version-history":[{"count":0,"href":"https:\/\/victoriavynn.ca\/fr\/wp-json\/wp\/v2\/pages\/5564\/revisions"}],"up":[{"embeddable":true,"href":"https:\/\/victoriavynn.ca\/fr\/wp-json\/wp\/v2\/pages\/5530"}],"wp:attachment":[{"href":"https:\/\/victoriavynn.ca\/fr\/wp-json\/wp\/v2\/media?parent=5564"}],"curies":[{"name":"wp","href":"https:\/\/api.w.org\/{rel}","templated":true}]}}