{"id":5569,"date":"2022-09-09T20:59:54","date_gmt":"2022-09-09T20:59:54","guid":{"rendered":"https:\/\/victoriavynn.ca\/?page_id=5569"},"modified":"2023-10-09T19:07:59","modified_gmt":"2023-10-09T23:07:59","slug":"peinture-sur-ongles-en-gel","status":"publish","type":"page","link":"https:\/\/victoriavynn.ca\/fr\/nail-art-supplies\/nail-painting-gel\/","title":{"rendered":"Victoria VYNN Painter High Pigment Gel"},"content":{"rendered":"\n<h1 class=\"wp-block-heading has-text-align-center has-black-color has-text-color has-large-font-size\">Victoria VYNN Painter High Pigment. The Best Nail Painting Gel! Satisfaction Guaranteed!<\/h1>\n\n\n\n<p class=\"has-text-align-center has-black-color has-text-color\">Victoria VYNN <a href=\"https:\/\/victoriavynn.ca\/product\/painter-high-pigment-nail-paints\/\" target=\"_blank\" rel=\"noreferrer noopener\">Painter High Pigments<\/a> are high quality gel pigments with deep colors and thick consistency. Victoria VYNN Painter Gel can be used to create fantastic Ombre Nails.<\/p>\n\n\n\n<figure class=\"wp-block-image aligncenter size-large is-resized\"><a href=\"https:\/\/i0.wp.com\/victoriavynn.ca\/wp-content\/uploads\/2023\/10\/victoria-vynn-3d-high-pigment-gel-no-wipe-.webp?ssl=1\"><img data-recalc-dims=\"1\" loading=\"lazy\" decoding=\"async\" src=\"https:\/\/i0.wp.com\/victoriavynn.ca\/wp-content\/uploads\/2023\/10\/victoria-vynn-3d-high-pigment-gel-no-wipe-.webp?resize=472%2C629&#038;ssl=1\" alt=\"\" class=\"wp-image-15940\" style=\"width:472px;height:629px\" width=\"472\" height=\"629\" title=\"\" srcset=\"https:\/\/i0.wp.com\/victoriavynn.ca\/wp-content\/uploads\/2023\/10\/victoria-vynn-3d-high-pigment-gel-no-wipe-.webp?resize=768%2C1024&amp;ssl=1 768w, https:\/\/i0.wp.com\/victoriavynn.ca\/wp-content\/uploads\/2023\/10\/victoria-vynn-3d-high-pigment-gel-no-wipe-.webp?resize=324%2C432&amp;ssl=1 324w, https:\/\/i0.wp.com\/victoriavynn.ca\/wp-content\/uploads\/2023\/10\/victoria-vynn-3d-high-pigment-gel-no-wipe-.webp?resize=416%2C555&amp;ssl=1 416w, https:\/\/i0.wp.com\/victoriavynn.ca\/wp-content\/uploads\/2023\/10\/victoria-vynn-3d-high-pigment-gel-no-wipe-.webp?resize=64%2C85&amp;ssl=1 64w, https:\/\/i0.wp.com\/victoriavynn.ca\/wp-content\/uploads\/2023\/10\/victoria-vynn-3d-high-pigment-gel-no-wipe-.webp?resize=225%2C300&amp;ssl=1 225w, https:\/\/i0.wp.com\/victoriavynn.ca\/wp-content\/uploads\/2023\/10\/victoria-vynn-3d-high-pigment-gel-no-wipe-.webp?resize=9%2C12&amp;ssl=1 9w, https:\/\/i0.wp.com\/victoriavynn.ca\/wp-content\/uploads\/2023\/10\/victoria-vynn-3d-high-pigment-gel-no-wipe-.webp?w=780&amp;ssl=1 780w\" sizes=\"auto, (max-width: 472px) 100vw, 472px\" \/><\/a><figcaption><\/figcaption><\/figure>\n\n\n\n<h2 class=\"wp-block-heading has-text-align-center has-black-color has-text-color has-large-font-size\">Product Specifications of Our Best Nail Painting Gels<\/h2>\n\n\n\n<p class=\"has-text-align-center\">Thick consistency, saturated pigmentation, and full coverage are the key features of pigments for creating art decorations on nails. All colors can be freely mixed with each other, with hybrid polishes, as well as with a&nbsp;hybrid top, obtaining new shades.&nbsp;<a href=\"https:\/\/victoriavynn.ca\/product\/painter-high-pigment-nail-paints\/\" target=\"_blank\" rel=\"noreferrer noopener\">Painter High Pigments<\/a>&nbsp;are intended for decorating with all techniques. Cured in a&nbsp;UV and LED lamp.<\/p>\n\n\n\n<p class=\"has-text-align-center\"><div class=\"woocommerce columns-4 \"><div class=\"shoptimizer-sorting\"><div class=\"woocommerce-notices-wrapper\"><\/div><form class=\"woocommerce-ordering\" method=\"get\">\n\t\t<select\n\t\tname=\"orderby\"\n\t\tclass=\"orderby\"\n\t\t\t\t\taria-label=\"Commande\"\n\t\t\t>\n\t\t\t\t\t<option value=\"popularity\"  selected='selected'>Tri par popularit\u00e9<\/option>\n\t\t\t\t\t<option value=\"rating\" >Tri par notes moyennes<\/option>\n\t\t\t\t\t<option value=\"date\" >Trier du plus r\u00e9cent au plus ancien<\/option>\n\t\t\t\t\t<option value=\"price\" >Tri par tarif croissant<\/option>\n\t\t\t\t\t<option value=\"price-desc\" >Tri par tarif d\u00e9croissant<\/option>\n\t\t\t<\/select>\n\t<input type=\"hidden\" name=\"paged\" value=\"1\" \/>\n\t<\/form>\n<p class=\"woocommerce-result-count\" role=\"alert\" aria-relevant=\"all\" >\n\tVoici le seul r\u00e9sultat<\/p>\n<\/div><div class=\"columns-6\"><ul class=\"products columns-4\">\n<li class=\"product type-product post-1273 status-publish first instock product_cat-nail-painting-gel product_tag-nail-art product_tag-nail-paint-colors has-post-thumbnail taxable shipping-taxable purchasable product-type-variable\">\n\t<a href=\"https:\/\/victoriavynn.ca\/fr\/product\/painter-high-pigment-nail-paints\/\" class=\"woocommerce-LoopProduct-link woocommerce-loop-product__link\"><div class=\"wpcbm-wrapper wpcbm-wrapper-archive-image\"><div class=\"woocommerce-image__wrapper\"><a href=\"https:\/\/victoriavynn.ca\/fr\/product\/painter-high-pigment-nail-paints\/\" title=\"Painter High Pigment Nail Paints\" class=\"woocommerce-LoopProduct-link woocommerce-loop-product__link\"><div class=\"shoptimizer-plp-carousel-container\"><div class=\"shoptimizer-plp-image-wrapper\"><img loading=\"lazy\" decoding=\"async\" width=\"200\" height=\"200\" src=\"https:\/\/i0.wp.com\/victoriavynn.ca\/wp-content\/uploads\/2020\/03\/High-Pigment-Nail-Paint.png?fit=200%2C200&amp;ssl=1\" class=\"attachment-woocommerce_thumbnail size-woocommerce_thumbnail\" alt=\"High Pigment Nail Paint\" srcset=\"https:\/\/i0.wp.com\/victoriavynn.ca\/wp-content\/uploads\/2020\/03\/High-Pigment-Nail-Paint.png?w=1000&amp;ssl=1 1000w, https:\/\/i0.wp.com\/victoriavynn.ca\/wp-content\/uploads\/2020\/03\/High-Pigment-Nail-Paint.png?resize=100%2C100&amp;ssl=1 100w, https:\/\/i0.wp.com\/victoriavynn.ca\/wp-content\/uploads\/2020\/03\/High-Pigment-Nail-Paint.png?resize=416%2C416&amp;ssl=1 416w, https:\/\/i0.wp.com\/victoriavynn.ca\/wp-content\/uploads\/2020\/03\/High-Pigment-Nail-Paint.png?resize=300%2C300&amp;ssl=1 300w, https:\/\/i0.wp.com\/victoriavynn.ca\/wp-content\/uploads\/2020\/03\/High-Pigment-Nail-Paint.png?resize=150%2C150&amp;ssl=1 150w, https:\/\/i0.wp.com\/victoriavynn.ca\/wp-content\/uploads\/2020\/03\/High-Pigment-Nail-Paint.png?resize=768%2C768&amp;ssl=1 768w, https:\/\/i0.wp.com\/victoriavynn.ca\/wp-content\/uploads\/2020\/03\/High-Pigment-Nail-Paint.png?resize=32%2C32&amp;ssl=1 32w, https:\/\/i0.wp.com\/victoriavynn.ca\/wp-content\/uploads\/2020\/03\/High-Pigment-Nail-Paint.png?resize=50%2C50&amp;ssl=1 50w\" sizes=\"auto, (max-width: 360px) 147px, (max-width: 200px) 100vw, 200px\" title=\"\"><img decoding=\"async\" width=\"200\" height=\"200\" src=\"https:\/\/i0.wp.com\/victoriavynn.ca\/wp-content\/uploads\/2020\/03\/Nail-Paint-High-Pigment-1-5.png?fit=200%2C200&amp;ssl=1\" class=\"gallery-image\" alt=\"Nail Paint High Pigment\" loading=\"lazy\" srcset=\"https:\/\/i0.wp.com\/victoriavynn.ca\/wp-content\/uploads\/2020\/03\/Nail-Paint-High-Pigment-1-5.png?w=1000&amp;ssl=1 1000w, https:\/\/i0.wp.com\/victoriavynn.ca\/wp-content\/uploads\/2020\/03\/Nail-Paint-High-Pigment-1-5.png?resize=100%2C100&amp;ssl=1 100w, https:\/\/i0.wp.com\/victoriavynn.ca\/wp-content\/uploads\/2020\/03\/Nail-Paint-High-Pigment-1-5.png?resize=416%2C416&amp;ssl=1 416w, https:\/\/i0.wp.com\/victoriavynn.ca\/wp-content\/uploads\/2020\/03\/Nail-Paint-High-Pigment-1-5.png?resize=300%2C300&amp;ssl=1 300w, https:\/\/i0.wp.com\/victoriavynn.ca\/wp-content\/uploads\/2020\/03\/Nail-Paint-High-Pigment-1-5.png?resize=150%2C150&amp;ssl=1 150w, https:\/\/i0.wp.com\/victoriavynn.ca\/wp-content\/uploads\/2020\/03\/Nail-Paint-High-Pigment-1-5.png?resize=768%2C768&amp;ssl=1 768w, https:\/\/i0.wp.com\/victoriavynn.ca\/wp-content\/uploads\/2020\/03\/Nail-Paint-High-Pigment-1-5.png?resize=32%2C32&amp;ssl=1 32w, https:\/\/i0.wp.com\/victoriavynn.ca\/wp-content\/uploads\/2020\/03\/Nail-Paint-High-Pigment-1-5.png?resize=50%2C50&amp;ssl=1 50w\" sizes=\"auto, (max-width: 360px) 147px, auto, (max-width: 200px) 100vw, 200px\" title=\"\">\t\t\t\n\t<\/div><\/div><\/a><div class=\"shoptimizer-plp-carousel--pagination\">\n      \t\t\t<span class=\"shoptimizer-plp-carousel--dot active\"><\/span>\n      \t\t\t<span class=\"shoptimizer-plp-carousel--dot\"><\/span>\n    \t\t<\/div><\/div><\/div><div class=\"woocommerce-card__header\">\t\t\t\t\t<p class=\"product__categories\"><a href=\"https:\/\/victoriavynn.ca\/fr\/category\/nail-art-supplies\/nail-painting-gel\/\" rel=\"tag\">Painter High Pigment<\/a><\/p>\t\t\t\t<div class=\"woocommerce-loop-product__title\"><a tabindex=\"0\" href=\"https:\/\/victoriavynn.ca\/fr\/product\/painter-high-pigment-nail-paints\/\" aria-label=\"Painter High Pigment Nail Paints\" class=\"woocommerce-LoopProduct-link woocommerce-loop-product__link\">Painter High Pigment Nail Paints<\/a><\/div><div class=\"cgkit-as-variation-price \">\n\t<span class=\"price\"><span class=\"woocommerce-Price-amount amount\"><bdi><span class=\"woocommerce-Price-currencySymbol\">CAD$<\/span>&nbsp;20.99<\/bdi><\/span><\/span>\n<\/div><\/a><a href=\"https:\/\/victoriavynn.ca\/fr\/product\/painter-high-pigment-nail-paints\/\" aria-describedby=\"woocommerce_loop_add_to_cart_link_describedby_1273\" data-quantity=\"1\" class=\"button product_type_variable add_to_cart_button\" data-product_id=\"1273\" data-product_sku=\"\" aria-label=\"S\u00e9lectionner les options pour &ldquo;Painter High Pigment Nail Paints&rdquo;\" rel=\"nofollow\">Choix des options<\/a>\t<span id=\"woocommerce_loop_add_to_cart_link_describedby_1273\" class=\"screen-reader-text\">\n\t\tCe produit a plusieurs variantes. Les options peuvent \u00eatre choisies sur la page du produit\t<\/span>\n\t\t\t<input type=\"hidden\" class=\"wpmProductId\" data-id=\"1273\">\n\t\t\t\t\t<script>\n\t\t\t(window.wpmDataLayer = window.wpmDataLayer || {}).products             = window.wpmDataLayer.products || {};\n\t\t\twindow.wpmDataLayer.products[1273] = {\"id\":\"1273\",\"sku\":\"\",\"price\":20.99,\"brand\":\"\",\"quantity\":1,\"dyn_r_ids\":{\"post_id\":\"1273\",\"sku\":1273,\"gpf\":\"woocommerce_gpf_1273\",\"gla\":\"gla_1273\"},\"is_variable\":true,\"type\":\"variable\",\"name\":\"Painter High Pigment Nail Paints\",\"category\":[\"Painter High Pigment\"],\"is_variation\":false};\n\t\t\t\t\twindow.pmw_product_position = window.pmw_product_position || 1;\n\t\twindow.wpmDataLayer.products[1273]['position'] = window.pmw_product_position++;\n\t\t\t\t<\/script>\n\t\t<\/div><\/li>\n<\/ul>\n<div class=\"shoptimizer-sorting sorting-end\"><form class=\"woocommerce-ordering\" method=\"get\">\n\t\t<select\n\t\tname=\"orderby\"\n\t\tclass=\"orderby\"\n\t\t\t\t\taria-label=\"Commande\"\n\t\t\t>\n\t\t\t\t\t<option value=\"popularity\"  selected='selected'>Tri par popularit\u00e9<\/option>\n\t\t\t\t\t<option value=\"rating\" >Tri par notes moyennes<\/option>\n\t\t\t\t\t<option value=\"date\" >Trier du plus r\u00e9cent au plus ancien<\/option>\n\t\t\t\t\t<option value=\"price\" >Tri par tarif croissant<\/option>\n\t\t\t\t\t<option value=\"price-desc\" >Tri par tarif d\u00e9croissant<\/option>\n\t\t\t<\/select>\n\t<input type=\"hidden\" name=\"paged\" value=\"1\" \/>\n\t<\/form>\n<p class=\"woocommerce-result-count\" role=\"alert\" aria-relevant=\"all\" >\n\tVoici le seul r\u00e9sultat<\/p>\n<\/div><\/div><\/div><\/p>\n\n\n\n<p class=\"has-text-align-center\"><a href=\"https:\/\/victoriavynn.com\/en\/painter-high-pigment.html\" target=\"_blank\" rel=\"noreferrer noopener\">New Painter High Pigments Coming Out Soon!<\/a><\/p>\n","protected":false},"excerpt":{"rendered":"<p>Victoria VYNN Painter High Pigment. The Best Nail Painting Gel! Satisfaction Guaranteed! Victoria VYNN Painter High Pigments are high quality gel pigments with deep colors and thick consistency. Victoria VYNN Painter Gel can be used to create fantastic Ombre Nails. Product Specifications of Our Best Nail Painting Gels Thick consistency, saturated pigmentation, and full coverage [&hellip;]<\/p>\n","protected":false},"author":1,"featured_media":0,"parent":5530,"menu_order":0,"comment_status":"closed","ping_status":"closed","template":"","meta":{"jetpack_post_was_ever_published":false,"footnotes":""},"class_list":["post-5569","page","type-page","status-publish","hentry"],"jetpack-related-posts":[{"id":5530,"url":"https:\/\/victoriavynn.ca\/fr\/nail-art-supplies\/","url_meta":{"origin":5569,"position":0},"title":"Victoria VYNN Nail Art","author":"Serge Sahakian","date":"septembre 9, 2022","format":false,"excerpt":"Fournitures professionnelles pour l'art de l'ongle. Simply Amazing La d\u00e9coration des ongles n\u00e9cessite \"seulement, et autant que\" de l'imagination, de la pr\u00e9cision et des produits bien choisis. La manucure hybride unicolore est un classique, mais les d\u00e9corations sont \u00e9galement \u00e0 la mode. Consultez nos produits professionnels Victoria VYNN Nail Art et choisissez les produits qui vous permettront de cr\u00e9er des \u0153uvres d'art peintes par vous-m\u00eame sur...","rel":"","context":"Similar post","block_context":{"text":"Similar post","link":""},"img":{"alt_text":"victoria vynn nail art high pigment gel 3d gel spider gel","src":"https:\/\/i0.wp.com\/victoriavynn.ca\/wp-content\/uploads\/2023\/10\/victoria-vynn-nail-art-high-pigment-gel-3d-gel-spider-gel-.webp?resize=350%2C200&ssl=1","width":350,"height":200,"srcset":"https:\/\/i0.wp.com\/victoriavynn.ca\/wp-content\/uploads\/2023\/10\/victoria-vynn-nail-art-high-pigment-gel-3d-gel-spider-gel-.webp?resize=350%2C200&ssl=1 1x, https:\/\/i0.wp.com\/victoriavynn.ca\/wp-content\/uploads\/2023\/10\/victoria-vynn-nail-art-high-pigment-gel-3d-gel-spider-gel-.webp?resize=525%2C300&ssl=1 1.5x, https:\/\/i0.wp.com\/victoriavynn.ca\/wp-content\/uploads\/2023\/10\/victoria-vynn-nail-art-high-pigment-gel-3d-gel-spider-gel-.webp?resize=700%2C400&ssl=1 2x"},"classes":[]},{"id":5581,"url":"https:\/\/victoriavynn.ca\/fr\/nail-art-supplies\/3d-nail-art-gel\/","url_meta":{"origin":5569,"position":1},"title":"Victoria VYNN Salon Art Gel 3D UV\/LED","author":"Serge Sahakian","date":"septembre 9, 2022","format":false,"excerpt":"Gel d'art de salon Victoria VYNN. Le meilleur gel 3D pour l'art de l'ongle ! Les gels Victoria VYNN 3D UV\/LED sont des gels d'art \u00e0 forte pigmentation, recommand\u00e9s pour divers types de d\u00e9corations ou comme couche uniforme sur les ongles. L'offre comprend des gels avec une couche de dispersion : Art Gel 3D, Art Gel 3D Smart...","rel":"","context":"Similar post","block_context":{"text":"Similar post","link":""},"img":{"alt_text":"","src":"https:\/\/i0.wp.com\/victoriavynn.ca\/wp-content\/uploads\/2023\/10\/victoria-vynn-3d-high-pigment-gel-no-wipe.webp?resize=350%2C200&ssl=1","width":350,"height":200,"srcset":"https:\/\/i0.wp.com\/victoriavynn.ca\/wp-content\/uploads\/2023\/10\/victoria-vynn-3d-high-pigment-gel-no-wipe.webp?resize=350%2C200&ssl=1 1x, https:\/\/i0.wp.com\/victoriavynn.ca\/wp-content\/uploads\/2023\/10\/victoria-vynn-3d-high-pigment-gel-no-wipe.webp?resize=525%2C300&ssl=1 1.5x, https:\/\/i0.wp.com\/victoriavynn.ca\/wp-content\/uploads\/2023\/10\/victoria-vynn-3d-high-pigment-gel-no-wipe.webp?resize=700%2C400&ssl=1 2x"},"classes":[]},{"id":5633,"url":"https:\/\/victoriavynn.ca\/fr\/nail-extension-gel\/","url_meta":{"origin":5569,"position":2},"title":"Victoria VYNN Nail Gel Extension","author":"Serge Sahakian","date":"septembre 10, 2022","format":false,"excerpt":"Produits d'extension d'ongles en gel de premi\u00e8re qualit\u00e9 Nos fournitures d'extension d'ongles en gel offrent une large gamme de produits \u00e0 base de gel qui donnent \u00e0 vos ongles un aspect super propre et naturel ! Sans parler de la protection suppl\u00e9mentaire que vos ongles obtiendront gr\u00e2ce aux ingr\u00e9dients de haute qualit\u00e9. Notre riche portefeuille de produits d'extension d'ongles en gel...","rel":"","context":"Similar post","block_context":{"text":"Similar post","link":""},"img":{"alt_text":"victoria vynn salon builder gel hard and strong self leveling build gel","src":"https:\/\/i0.wp.com\/victoriavynn.ca\/wp-content\/uploads\/2023\/10\/victoria-vynn-salon-builder-gel-hard-and-strong-self-leveling-build-gel-.webp?resize=350%2C200&ssl=1","width":350,"height":200,"srcset":"https:\/\/i0.wp.com\/victoriavynn.ca\/wp-content\/uploads\/2023\/10\/victoria-vynn-salon-builder-gel-hard-and-strong-self-leveling-build-gel-.webp?resize=350%2C200&ssl=1 1x, https:\/\/i0.wp.com\/victoriavynn.ca\/wp-content\/uploads\/2023\/10\/victoria-vynn-salon-builder-gel-hard-and-strong-self-leveling-build-gel-.webp?resize=525%2C300&ssl=1 1.5x, https:\/\/i0.wp.com\/victoriavynn.ca\/wp-content\/uploads\/2023\/10\/victoria-vynn-salon-builder-gel-hard-and-strong-self-leveling-build-gel-.webp?resize=700%2C400&ssl=1 2x"},"classes":[]},{"id":5564,"url":"https:\/\/victoriavynn.ca\/fr\/nail-art-supplies\/marble-nail-blur-ink\/","url_meta":{"origin":5569,"position":3},"title":"Victoria VYNN Encre floue","author":"Serge Sahakian","date":"septembre 9, 2022","format":false,"excerpt":"Les meilleures fournitures pour le dessin d'ongles en marbre ! Encre floue ! Victoria VYNN Blur Ink est une collection fantastique de seize encres color\u00e9es pour les d\u00e9corations de nail art. Parfait pour les dessins de marbre, de fum\u00e9e, de tache et d'aquarelle. Vous voulez en savoir plus sur les ongles marbr\u00e9s ? Victoria VYNN Blur Ink est parfaite pour les dessins de marbre, de fum\u00e9e, de...","rel":"","context":"Similar post","block_context":{"text":"Similar post","link":""},"img":{"alt_text":"victoria vynn blur ink tatoo ink marble ink nails","src":"https:\/\/i0.wp.com\/victoriavynn.ca\/wp-content\/uploads\/2023\/10\/victoria-vynn-blur-ink-tatoo-ink-marble-ink-nails.webp?resize=350%2C200&ssl=1","width":350,"height":200,"srcset":"https:\/\/i0.wp.com\/victoriavynn.ca\/wp-content\/uploads\/2023\/10\/victoria-vynn-blur-ink-tatoo-ink-marble-ink-nails.webp?resize=350%2C200&ssl=1 1x, https:\/\/i0.wp.com\/victoriavynn.ca\/wp-content\/uploads\/2023\/10\/victoria-vynn-blur-ink-tatoo-ink-marble-ink-nails.webp?resize=525%2C300&ssl=1 1.5x, https:\/\/i0.wp.com\/victoriavynn.ca\/wp-content\/uploads\/2023\/10\/victoria-vynn-blur-ink-tatoo-ink-marble-ink-nails.webp?resize=700%2C400&ssl=1 2x"},"classes":[]},{"id":5622,"url":"https:\/\/victoriavynn.ca\/fr\/hybrid-nail-gel-polishes\/","url_meta":{"origin":5569,"position":4},"title":"Victoria VYNN Pure Creamy Hybrid","author":"Serge Sahakian","date":"septembre 10, 2022","format":false,"excerpt":"Victoria VYNN Pure Creamy Hybrid. Gel \u00e0 ongles hybride longue dur\u00e9e ! Les vernis hybrides Pure r\u00e9pondent aux attentes des femmes du monde entier ! Nous cr\u00e9ons nos collections en fonction des derni\u00e8res tendances, nous r\u00e9pondons aux besoins de nos clientes et nous mettons en valeur la beaut\u00e9 de leurs mains ! Hybride professionnel \u00e0 utiliser en salon...","rel":"","context":"Similar post","block_context":{"text":"Similar post","link":""},"img":{"alt_text":"victoria vynn pure creamy hybrid long lasting super shine gel polish","src":"https:\/\/i0.wp.com\/victoriavynn.ca\/wp-content\/uploads\/2023\/10\/victoria-vynn-pure-creamy-hybrid-long-lasting-super-shine-gel-polish.webp?resize=350%2C200&ssl=1","width":350,"height":200,"srcset":"https:\/\/i0.wp.com\/victoriavynn.ca\/wp-content\/uploads\/2023\/10\/victoria-vynn-pure-creamy-hybrid-long-lasting-super-shine-gel-polish.webp?resize=350%2C200&ssl=1 1x, https:\/\/i0.wp.com\/victoriavynn.ca\/wp-content\/uploads\/2023\/10\/victoria-vynn-pure-creamy-hybrid-long-lasting-super-shine-gel-polish.webp?resize=525%2C300&ssl=1 1.5x, https:\/\/i0.wp.com\/victoriavynn.ca\/wp-content\/uploads\/2023\/10\/victoria-vynn-pure-creamy-hybrid-long-lasting-super-shine-gel-polish.webp?resize=700%2C400&ssl=1 2x"},"classes":[]},{"id":5304,"url":"https:\/\/victoriavynn.ca\/fr\/professional-gel-nail-polish\/gel-nail-preps\/","url_meta":{"origin":5569,"position":5},"title":"Pr\u00e9parations pour le vernis gel du salon Victoria VYNN","author":"Serge Sahakian","date":"septembre 4, 2022","format":false,"excerpt":"Les pr\u00e9parations professionnelles les plus efficaces pour les ongles en gel Voulez-vous profiter d'un dessin d'ongle durable et parfait ? N'oubliez pas de pr\u00e9parer correctement la plaque de l'ongle avant de proc\u00e9der. Choisissez les pr\u00e9parations et les liquides n\u00e9cessaires \u00e0 la cr\u00e9ation d'une manucure et d'une p\u00e9dicure magnifiques et durables. Un produit unique pour commencer est Nail Prep pour d\u00e9graisser les ongles...","rel":"","context":"Similar post","block_context":{"text":"Similar post","link":""},"img":{"alt_text":"victoria vynn best salon nail preparation products","src":"https:\/\/i0.wp.com\/victoriavynn.ca\/wp-content\/uploads\/2023\/10\/victoria-vynn-best-salon-nail-preparation-products.webp?resize=350%2C200&ssl=1","width":350,"height":200,"srcset":"https:\/\/i0.wp.com\/victoriavynn.ca\/wp-content\/uploads\/2023\/10\/victoria-vynn-best-salon-nail-preparation-products.webp?resize=350%2C200&ssl=1 1x, https:\/\/i0.wp.com\/victoriavynn.ca\/wp-content\/uploads\/2023\/10\/victoria-vynn-best-salon-nail-preparation-products.webp?resize=525%2C300&ssl=1 1.5x, https:\/\/i0.wp.com\/victoriavynn.ca\/wp-content\/uploads\/2023\/10\/victoria-vynn-best-salon-nail-preparation-products.webp?resize=700%2C400&ssl=1 2x"},"classes":[]}],"jetpack_sharing_enabled":true,"_links":{"self":[{"href":"https:\/\/victoriavynn.ca\/fr\/wp-json\/wp\/v2\/pages\/5569","targetHints":{"allow":["GET"]}}],"collection":[{"href":"https:\/\/victoriavynn.ca\/fr\/wp-json\/wp\/v2\/pages"}],"about":[{"href":"https:\/\/victoriavynn.ca\/fr\/wp-json\/wp\/v2\/types\/page"}],"author":[{"embeddable":true,"href":"https:\/\/victoriavynn.ca\/fr\/wp-json\/wp\/v2\/users\/1"}],"replies":[{"embeddable":true,"href":"https:\/\/victoriavynn.ca\/fr\/wp-json\/wp\/v2\/comments?post=5569"}],"version-history":[{"count":0,"href":"https:\/\/victoriavynn.ca\/fr\/wp-json\/wp\/v2\/pages\/5569\/revisions"}],"up":[{"embeddable":true,"href":"https:\/\/victoriavynn.ca\/fr\/wp-json\/wp\/v2\/pages\/5530"}],"wp:attachment":[{"href":"https:\/\/victoriavynn.ca\/fr\/wp-json\/wp\/v2\/media?parent=5569"}],"curies":[{"name":"wp","href":"https:\/\/api.w.org\/{rel}","templated":true}]}}