{"id":5622,"date":"2022-09-10T00:25:15","date_gmt":"2022-09-10T00:25:15","guid":{"rendered":"https:\/\/victoriavynn.ca\/?page_id=5622"},"modified":"2024-09-24T16:35:12","modified_gmt":"2024-09-24T20:35:12","slug":"vernis-a-ongles-hybrides","status":"publish","type":"page","link":"https:\/\/victoriavynn.ca\/fr\/hybrid-nail-gel-polishes\/","title":{"rendered":"Victoria VYNN Pure Creamy Hybrid"},"content":{"rendered":"<h1 class=\"wp-block-heading has-text-align-center has-black-color has-text-color has-large-font-size\">Victoria VYNN Pure Creamy Hybrid. Gel hybride longue dur\u00e9e pour les ongles !<\/h1><p class=\"has-text-align-center has-black-color has-text-color\">Les vernis hybrides Pure r\u00e9pondent aux attentes des femmes du monde entier ! Nous cr\u00e9ons nos collections en fonction des derni\u00e8res tendances, nous r\u00e9pondons aux besoins de nos clientes et nous mettons en valeur la beaut\u00e9 de leurs mains !<\/p><div class=\"wp-block-jetpack-slideshow aligncenter\" data-effect=\"slide\"><div class=\"wp-block-jetpack-slideshow_container swiper-container\"><ul class=\"wp-block-jetpack-slideshow_swiper-wrapper swiper-wrapper\"><li class=\"wp-block-jetpack-slideshow_slide swiper-slide\"><figure><img data-recalc-dims=\"1\" loading=\"lazy\" decoding=\"async\" width=\"768\" height=\"1024\" alt=\"victoria vynn pure creamy hybrid long lasting super shine gel polish\" class=\"wp-block-jetpack-slideshow_image wp-image-15874\" data-id=\"15874\" src=\"https:\/\/i0.wp.com\/victoriavynn.ca\/wp-content\/uploads\/2023\/10\/victoria-vynn-pure-creamy-hybrid-long-lasting-super-shine-gel-polish.webp?resize=768%2C1024&#038;ssl=1\" title=\"\" srcset=\"https:\/\/i0.wp.com\/victoriavynn.ca\/wp-content\/uploads\/2023\/10\/victoria-vynn-pure-creamy-hybrid-long-lasting-super-shine-gel-polish.webp?resize=768%2C1024&amp;ssl=1 768w, https:\/\/i0.wp.com\/victoriavynn.ca\/wp-content\/uploads\/2023\/10\/victoria-vynn-pure-creamy-hybrid-long-lasting-super-shine-gel-polish.webp?resize=324%2C432&amp;ssl=1 324w, https:\/\/i0.wp.com\/victoriavynn.ca\/wp-content\/uploads\/2023\/10\/victoria-vynn-pure-creamy-hybrid-long-lasting-super-shine-gel-polish.webp?resize=150%2C200&amp;ssl=1 150w, https:\/\/i0.wp.com\/victoriavynn.ca\/wp-content\/uploads\/2023\/10\/victoria-vynn-pure-creamy-hybrid-long-lasting-super-shine-gel-polish.webp?resize=416%2C555&amp;ssl=1 416w, https:\/\/i0.wp.com\/victoriavynn.ca\/wp-content\/uploads\/2023\/10\/victoria-vynn-pure-creamy-hybrid-long-lasting-super-shine-gel-polish.webp?resize=64%2C85&amp;ssl=1 64w, https:\/\/i0.wp.com\/victoriavynn.ca\/wp-content\/uploads\/2023\/10\/victoria-vynn-pure-creamy-hybrid-long-lasting-super-shine-gel-polish.webp?resize=225%2C300&amp;ssl=1 225w, https:\/\/i0.wp.com\/victoriavynn.ca\/wp-content\/uploads\/2023\/10\/victoria-vynn-pure-creamy-hybrid-long-lasting-super-shine-gel-polish.webp?resize=9%2C12&amp;ssl=1 9w, https:\/\/i0.wp.com\/victoriavynn.ca\/wp-content\/uploads\/2023\/10\/victoria-vynn-pure-creamy-hybrid-long-lasting-super-shine-gel-polish.webp?w=780&amp;ssl=1 780w\" sizes=\"(max-width: 768px) 100vw, 768px\" \/><\/figure><\/li><li class=\"wp-block-jetpack-slideshow_slide swiper-slide\"><figure><img data-recalc-dims=\"1\" loading=\"lazy\" decoding=\"async\" width=\"768\" height=\"1024\" alt=\"victoria vynn pure creamy hybrid long lasting super shine gel polish\" class=\"wp-block-jetpack-slideshow_image wp-image-15873\" data-id=\"15873\" src=\"https:\/\/i0.wp.com\/victoriavynn.ca\/wp-content\/uploads\/2023\/10\/victoria-vynn-pure-creamy-hybrid-long-lasting-super-shine-gel-polish-.webp?resize=768%2C1024&#038;ssl=1\" title=\"\" srcset=\"https:\/\/i0.wp.com\/victoriavynn.ca\/wp-content\/uploads\/2023\/10\/victoria-vynn-pure-creamy-hybrid-long-lasting-super-shine-gel-polish-.webp?resize=768%2C1024&amp;ssl=1 768w, https:\/\/i0.wp.com\/victoriavynn.ca\/wp-content\/uploads\/2023\/10\/victoria-vynn-pure-creamy-hybrid-long-lasting-super-shine-gel-polish-.webp?resize=324%2C432&amp;ssl=1 324w, https:\/\/i0.wp.com\/victoriavynn.ca\/wp-content\/uploads\/2023\/10\/victoria-vynn-pure-creamy-hybrid-long-lasting-super-shine-gel-polish-.webp?resize=150%2C200&amp;ssl=1 150w, https:\/\/i0.wp.com\/victoriavynn.ca\/wp-content\/uploads\/2023\/10\/victoria-vynn-pure-creamy-hybrid-long-lasting-super-shine-gel-polish-.webp?resize=416%2C555&amp;ssl=1 416w, https:\/\/i0.wp.com\/victoriavynn.ca\/wp-content\/uploads\/2023\/10\/victoria-vynn-pure-creamy-hybrid-long-lasting-super-shine-gel-polish-.webp?resize=64%2C85&amp;ssl=1 64w, https:\/\/i0.wp.com\/victoriavynn.ca\/wp-content\/uploads\/2023\/10\/victoria-vynn-pure-creamy-hybrid-long-lasting-super-shine-gel-polish-.webp?resize=225%2C300&amp;ssl=1 225w, https:\/\/i0.wp.com\/victoriavynn.ca\/wp-content\/uploads\/2023\/10\/victoria-vynn-pure-creamy-hybrid-long-lasting-super-shine-gel-polish-.webp?resize=9%2C12&amp;ssl=1 9w, https:\/\/i0.wp.com\/victoriavynn.ca\/wp-content\/uploads\/2023\/10\/victoria-vynn-pure-creamy-hybrid-long-lasting-super-shine-gel-polish-.webp?w=780&amp;ssl=1 780w\" sizes=\"(max-width: 768px) 100vw, 768px\" \/><\/figure><\/li><li class=\"wp-block-jetpack-slideshow_slide swiper-slide\"><figure><img data-recalc-dims=\"1\" loading=\"lazy\" decoding=\"async\" width=\"768\" height=\"1024\" alt=\"victoria vynn salon gel polish meilleur gel polish pour salons de beaut\u00e9\" class=\"wp-block-jetpack-slideshow_image wp-image-15842\" data-id=\"15842\" src=\"https:\/\/i0.wp.com\/victoriavynn.ca\/wp-content\/uploads\/2023\/10\/victoria-vynn-salon-gel-polish-best-gel-polish-for-beauty-salons-.webp?resize=768%2C1024&#038;ssl=1\" title=\"\" srcset=\"https:\/\/i0.wp.com\/victoriavynn.ca\/wp-content\/uploads\/2023\/10\/victoria-vynn-salon-gel-polish-best-gel-polish-for-beauty-salons-.webp?resize=768%2C1024&amp;ssl=1 768w, https:\/\/i0.wp.com\/victoriavynn.ca\/wp-content\/uploads\/2023\/10\/victoria-vynn-salon-gel-polish-best-gel-polish-for-beauty-salons-.webp?resize=324%2C432&amp;ssl=1 324w, https:\/\/i0.wp.com\/victoriavynn.ca\/wp-content\/uploads\/2023\/10\/victoria-vynn-salon-gel-polish-best-gel-polish-for-beauty-salons-.webp?resize=150%2C200&amp;ssl=1 150w, https:\/\/i0.wp.com\/victoriavynn.ca\/wp-content\/uploads\/2023\/10\/victoria-vynn-salon-gel-polish-best-gel-polish-for-beauty-salons-.webp?resize=416%2C555&amp;ssl=1 416w, https:\/\/i0.wp.com\/victoriavynn.ca\/wp-content\/uploads\/2023\/10\/victoria-vynn-salon-gel-polish-best-gel-polish-for-beauty-salons-.webp?resize=64%2C85&amp;ssl=1 64w, https:\/\/i0.wp.com\/victoriavynn.ca\/wp-content\/uploads\/2023\/10\/victoria-vynn-salon-gel-polish-best-gel-polish-for-beauty-salons-.webp?resize=225%2C300&amp;ssl=1 225w, https:\/\/i0.wp.com\/victoriavynn.ca\/wp-content\/uploads\/2023\/10\/victoria-vynn-salon-gel-polish-best-gel-polish-for-beauty-salons-.webp?resize=9%2C12&amp;ssl=1 9w, https:\/\/i0.wp.com\/victoriavynn.ca\/wp-content\/uploads\/2023\/10\/victoria-vynn-salon-gel-polish-best-gel-polish-for-beauty-salons-.webp?w=780&amp;ssl=1 780w\" sizes=\"(max-width: 768px) 100vw, 768px\" \/><\/figure><\/li><\/ul><a class=\"wp-block-jetpack-slideshow_button-prev swiper-button-prev swiper-button-white\" role=\"button\"><\/a><a class=\"wp-block-jetpack-slideshow_button-next swiper-button-next swiper-button-white\" role=\"button\"><\/a><a aria-label=\"Pause du diaporama\" class=\"wp-block-jetpack-slideshow_button-pause\" role=\"button\"><\/a><div class=\"wp-block-jetpack-slideshow_pagination swiper-pagination swiper-pagination-white\"><\/div><\/div><\/div><h2 class=\"wp-block-heading has-text-align-center has-black-color has-text-color has-large-font-size\">Gel hybride professionnel pour ongles \u00e0 usage professionnel<\/h2><p class=\"has-text-align-center has-black-color has-text-color\">Le syst\u00e8me Victoria VYNN Pure Creamy Hybrid comprend des vernis hybrides cr\u00e9meux d'une excellente couverture et durabilit\u00e9. Il s'agit d'une formule \u00e0 haut indice de s\u00e9curit\u00e9, sans odeur irritante et \u00e9liminable avec de l'alcool cosm\u00e9tique. Le pinceau court et plat, con\u00e7u sp\u00e9cialement pour la ligne de produits Pure, facilite une application uniforme. Il permet de cr\u00e9er des manucures hybrides ultrafines. Durcissement uniquement dans des lampes LED.<\/p><p class=\"has-text-align-center has-black-color has-text-color\">D\u00e9couvrez plus de 200 couleurs de vernis \u00e0 ongles Pure Creamy Hybrid et sentez la satisfaction d\u00e8s la premi\u00e8re couche durcie !<\/p><p class=\"has-text-align-center\"><div class=\"woocommerce columns-6\"><ul class=\"products columns-6\">\n<li class=\"product-category product first\">\n\t<a aria-label=\"Voir la cat\u00e9gorie de produit Pure Creamy Hybrid Colors\" href=\"https:\/\/victoriavynn.ca\/fr\/category\/hybrid-nail-gel-polishes\/hybrid-gel-nail-colors\/\" data-no-translation-aria-label=\"\"><span class=\"cat-image-wrapper\"><img decoding=\"async\" src=\"https:\/\/i0.wp.com\/victoriavynn.ca\/wp-content\/uploads\/2022\/09\/pure-creamy-hybrid-010-pink-glamour-8ml.jpeg?fit=200%2C200&#038;ssl=1\" alt=\"Couleurs hybrides pures et cr\u00e9meuses\" width=\"200\" height=\"\" srcset=\"https:\/\/i0.wp.com\/victoriavynn.ca\/wp-content\/uploads\/2022\/09\/pure-creamy-hybrid-010-pink-glamour-8ml.jpeg?w=753&amp;ssl=1 753w, https:\/\/i0.wp.com\/victoriavynn.ca\/wp-content\/uploads\/2022\/09\/pure-creamy-hybrid-010-pink-glamour-8ml.jpeg?resize=100%2C100&amp;ssl=1 100w, https:\/\/i0.wp.com\/victoriavynn.ca\/wp-content\/uploads\/2022\/09\/pure-creamy-hybrid-010-pink-glamour-8ml.jpeg?resize=416%2C416&amp;ssl=1 416w, https:\/\/i0.wp.com\/victoriavynn.ca\/wp-content\/uploads\/2022\/09\/pure-creamy-hybrid-010-pink-glamour-8ml.jpeg?resize=300%2C300&amp;ssl=1 300w, https:\/\/i0.wp.com\/victoriavynn.ca\/wp-content\/uploads\/2022\/09\/pure-creamy-hybrid-010-pink-glamour-8ml.jpeg?resize=150%2C150&amp;ssl=1 150w, https:\/\/i0.wp.com\/victoriavynn.ca\/wp-content\/uploads\/2022\/09\/pure-creamy-hybrid-010-pink-glamour-8ml.jpeg?resize=32%2C32&amp;ssl=1 32w, https:\/\/i0.wp.com\/victoriavynn.ca\/wp-content\/uploads\/2022\/09\/pure-creamy-hybrid-010-pink-glamour-8ml.jpeg?resize=50%2C50&amp;ssl=1 50w\" sizes=\"(max-width: 200px) 100vw, 200px\" title=\"\"><\/span>\t\t<h2 class=\"woocommerce-loop-category__title\">\n\t\t\tCouleurs hybrides pures et cr\u00e9meuses <mark class=\"count\">(221)<\/mark>\t\t<\/h2>\n\t\t<\/a><\/li>\n<li class=\"product-category product\">\n\t<a aria-label=\"Voir la cat\u00e9gorie de produit Pure Creamy Hybrid Preparations\" href=\"https:\/\/victoriavynn.ca\/fr\/category\/hybrid-nail-gel-polishes\/gel-manicure-preparations\/\" data-no-translation-aria-label=\"\"><span class=\"cat-image-wrapper\"><img decoding=\"async\" src=\"https:\/\/i0.wp.com\/victoriavynn.ca\/wp-content\/uploads\/2019\/11\/pure-salon-base.jpg?fit=200%2C200&#038;ssl=1\" alt=\"Pr\u00e9parations hybrides pures et cr\u00e9meuses\" width=\"200\" height=\"\" title=\"\"><\/span>\t\t<h2 class=\"woocommerce-loop-category__title\">\n\t\t\tPr\u00e9parations hybrides pures et cr\u00e9meuses <mark class=\"count\">(5)<\/mark>\t\t<\/h2>\n\t\t<\/a><\/li>\n<\/ul>\n<\/div><\/p><p class=\"has-text-align-center\"><a href=\"https:\/\/victoriavynn.com\/en\/pure.html\" target=\"_blank\" rel=\"noreferrer noopener\">Nouveaux vernis \u00e0 ongles hybrides bient\u00f4t disponibles !<\/a><\/p>","protected":false},"excerpt":{"rendered":"<p>Victoria VYNN Pure Creamy Hybrid. Long Lasting Hybrid Nail Gel! The&nbsp;Pure&nbsp;hybrid polishes meet the expectations of women in the whole world! We create our collections in accordance with the latest trends, we respond to&nbsp;the needs of our customers and we emphasize the beauty of their hands! Salon Use Professional Hybrid Nail Gel Victoria VYNN Pure [&hellip;]<\/p>\n","protected":false},"author":1,"featured_media":0,"parent":0,"menu_order":0,"comment_status":"closed","ping_status":"closed","template":"","meta":{"jetpack_post_was_ever_published":false,"footnotes":""},"class_list":["post-5622","page","type-page","status-publish","hentry"],"jetpack-related-posts":[{"id":5628,"url":"https:\/\/victoriavynn.ca\/fr\/hybrid-nail-gel-polishes\/hybrid-gel-nail-colors\/","url_meta":{"origin":5622,"position":0},"title":"Victoria VYNN Couleurs hybrides pures et cr\u00e9meuses","author":"Serge Sahakian","date":"septembre 10, 2022","format":false,"excerpt":"Vernis \u00e0 ongles hybrides professionnels de longue dur\u00e9e Victoria VYNN Les vernis hybrides purs r\u00e9pondent aux attentes des femmes du monde entier ! Nous cr\u00e9ons nos collections en fonction des derni\u00e8res tendances, nous r\u00e9pondons aux besoins de nos clientes et nous mettons en valeur la beaut\u00e9 de leurs mains ! Laissez-vous aller...","rel":"","context":"Similar post","block_context":{"text":"Similar post","link":""},"img":{"alt_text":"victoria vynn pure creamy hybrid long lasting super shine gel polish","src":"https:\/\/i0.wp.com\/victoriavynn.ca\/wp-content\/uploads\/2023\/10\/victoria-vynn-pure-creamy-hybrid-long-lasting-super-shine-gel-polish-.webp?resize=350%2C200&ssl=1","width":350,"height":200,"srcset":"https:\/\/i0.wp.com\/victoriavynn.ca\/wp-content\/uploads\/2023\/10\/victoria-vynn-pure-creamy-hybrid-long-lasting-super-shine-gel-polish-.webp?resize=350%2C200&ssl=1 1x, https:\/\/i0.wp.com\/victoriavynn.ca\/wp-content\/uploads\/2023\/10\/victoria-vynn-pure-creamy-hybrid-long-lasting-super-shine-gel-polish-.webp?resize=525%2C300&ssl=1 1.5x, https:\/\/i0.wp.com\/victoriavynn.ca\/wp-content\/uploads\/2023\/10\/victoria-vynn-pure-creamy-hybrid-long-lasting-super-shine-gel-polish-.webp?resize=700%2C400&ssl=1 2x"},"classes":[]},{"id":17562,"url":"https:\/\/victoriavynn.ca\/fr\/pure-creamy-hybrid-awakening-collection\/","url_meta":{"origin":5622,"position":1},"title":"Collection Pure Creamy Hybrid Awakening","author":"Serge Sahakian","date":"avril 10, 2024","format":false,"excerpt":"Une palette s\u00e9duisante de couleurs naturelles qui prennent vie. Voici la derni\u00e8re collection AWAKENING de vernis pastel Pure Creamy Hybrid de VICTORIA VYNN. Une offre extr\u00eamement sensuelle et pleine de fra\u00eecheur printani\u00e8re de 12 teintes de PURE CREAMY HYBRID....","rel":"","context":"Similar post","block_context":{"text":"Similar post","link":""},"img":{"alt_text":"Victoria VYNN New Pure Creamy Hybrid Collection Awakening 12 Spring Colors","src":"https:\/\/i0.wp.com\/victoriavynn.ca\/wp-content\/uploads\/2024\/04\/victoria-vynn-new-pure-creamy-hybrid-collection-awakening-12-spring-colors.webp?resize=350%2C200&ssl=1","width":350,"height":200,"srcset":"https:\/\/i0.wp.com\/victoriavynn.ca\/wp-content\/uploads\/2024\/04\/victoria-vynn-new-pure-creamy-hybrid-collection-awakening-12-spring-colors.webp?resize=350%2C200&ssl=1 1x, https:\/\/i0.wp.com\/victoriavynn.ca\/wp-content\/uploads\/2024\/04\/victoria-vynn-new-pure-creamy-hybrid-collection-awakening-12-spring-colors.webp?resize=525%2C300&ssl=1 1.5x, https:\/\/i0.wp.com\/victoriavynn.ca\/wp-content\/uploads\/2024\/04\/victoria-vynn-new-pure-creamy-hybrid-collection-awakening-12-spring-colors.webp?resize=700%2C400&ssl=1 2x, https:\/\/i0.wp.com\/victoriavynn.ca\/wp-content\/uploads\/2024\/04\/victoria-vynn-new-pure-creamy-hybrid-collection-awakening-12-spring-colors.webp?resize=1050%2C600&ssl=1 3x"},"classes":[]},{"id":5513,"url":"https:\/\/victoriavynn.ca\/fr\/gel-nail-polish-hybrid-victoria-vynn\/","url_meta":{"origin":5622,"position":2},"title":"Victoria VYNN Gel Polish &amp; Hybride","author":"Serge Sahakian","date":"septembre 9, 2022","format":false,"excerpt":"Vernis \u00e0 ongles en gel de qualit\u00e9 salon Nous r\u00e9pondons aux besoins de nos clients en offrant une riche vari\u00e9t\u00e9 de couleurs avec des vernis \u00e0 ongles en gel hybrides de diff\u00e9rentes couvertures et effets, dans plus de 250 couleurs. Les vernis hybrides Pure r\u00e9pondent aux attentes des femmes du monde entier ! Nous cr\u00e9ons nos collections en accord avec...","rel":"","context":"Similar post","block_context":{"text":"Similar post","link":""},"img":{"alt_text":"victoria vynn salon gel polish best gel polish for beauty salons","src":"https:\/\/i0.wp.com\/victoriavynn.ca\/wp-content\/uploads\/2023\/10\/victoria-vynn-salon-gel-polish-best-gel-polish-for-beauty-salons.webp?resize=350%2C200&ssl=1","width":350,"height":200,"srcset":"https:\/\/i0.wp.com\/victoriavynn.ca\/wp-content\/uploads\/2023\/10\/victoria-vynn-salon-gel-polish-best-gel-polish-for-beauty-salons.webp?resize=350%2C200&ssl=1 1x, https:\/\/i0.wp.com\/victoriavynn.ca\/wp-content\/uploads\/2023\/10\/victoria-vynn-salon-gel-polish-best-gel-polish-for-beauty-salons.webp?resize=525%2C300&ssl=1 1.5x, https:\/\/i0.wp.com\/victoriavynn.ca\/wp-content\/uploads\/2023\/10\/victoria-vynn-salon-gel-polish-best-gel-polish-for-beauty-salons.webp?resize=700%2C400&ssl=1 2x"},"classes":[]},{"id":15314,"url":"https:\/\/victoriavynn.ca\/fr\/gel-nail-polish-hybrid-victoria-vynn-mobile\/","url_meta":{"origin":5622,"position":3},"title":"Victoria VYNN Gel Polish &amp; Hybride","author":"Serge Sahakian","date":"septembre 24, 2023","format":false,"excerpt":"Vernis \u00e0 ongles en gel de qualit\u00e9 salon Nous r\u00e9pondons aux besoins de nos clients en offrant une riche vari\u00e9t\u00e9 de couleurs avec des vernis \u00e0 ongles en gel hybrides de diff\u00e9rentes couvertures et effets, dans plus de 250 couleurs. Les vernis hybrides Pure r\u00e9pondent aux attentes des femmes du monde entier ! Nous cr\u00e9ons nos collections en accord avec...","rel":"","context":"Similar post","block_context":{"text":"Similar post","link":""},"img":{"alt_text":"professional gel nail polish colours","src":"https:\/\/i0.wp.com\/victoriavynn.ca\/wp-content\/uploads\/2022\/09\/gallery2_4_mini-1.jpeg?resize=350%2C200&ssl=1","width":350,"height":200,"srcset":"https:\/\/i0.wp.com\/victoriavynn.ca\/wp-content\/uploads\/2022\/09\/gallery2_4_mini-1.jpeg?resize=350%2C200&ssl=1 1x, https:\/\/i0.wp.com\/victoriavynn.ca\/wp-content\/uploads\/2022\/09\/gallery2_4_mini-1.jpeg?resize=525%2C300&ssl=1 1.5x, https:\/\/i0.wp.com\/victoriavynn.ca\/wp-content\/uploads\/2022\/09\/gallery2_4_mini-1.jpeg?resize=700%2C400&ssl=1 2x"},"classes":[]},{"id":17586,"url":"https:\/\/victoriavynn.ca\/fr\/new-collections\/","url_meta":{"origin":5622,"position":4},"title":"Nouvelles collections","author":"Serge Sahakian","date":"avril 10, 2024","format":false,"excerpt":"Cliquer pour acheter Cliquer pour acheter Cliquer pour acheter Cliquer pour acheter Cliquer pour acheter","rel":"","context":"Similar post","block_context":{"text":"Similar post","link":""},"img":{"alt_text":"Victoria VYNN Brocaciello Collection Slider","src":"https:\/\/i0.wp.com\/victoriavynn.ca\/wp-content\/uploads\/2024\/04\/victoria-vynn-brocaciello-collection-slider.webp?resize=350%2C200","width":350,"height":200,"srcset":"https:\/\/i0.wp.com\/victoriavynn.ca\/wp-content\/uploads\/2024\/04\/victoria-vynn-brocaciello-collection-slider.webp?resize=350%2C200 1x, https:\/\/i0.wp.com\/victoriavynn.ca\/wp-content\/uploads\/2024\/04\/victoria-vynn-brocaciello-collection-slider.webp?resize=525%2C300 1.5x, https:\/\/i0.wp.com\/victoriavynn.ca\/wp-content\/uploads\/2024\/04\/victoria-vynn-brocaciello-collection-slider.webp?resize=700%2C400 2x, https:\/\/i0.wp.com\/victoriavynn.ca\/wp-content\/uploads\/2024\/04\/victoria-vynn-brocaciello-collection-slider.webp?resize=1050%2C600 3x"},"classes":[]},{"id":5462,"url":"https:\/\/victoriavynn.ca\/fr\/iq-salon-vegan-nail-polish\/vegan-nail-colors\/","url_meta":{"origin":5622,"position":5},"title":"Couleurs de vernis \u00e0 ongles Victoria VYNN iQ Salon","author":"Serge Sahakian","date":"septembre 8, 2022","format":false,"excerpt":"Vernis \u00e0 ongles iQ Vegan de qualit\u00e9 salon Toutes les couleurs de vernis \u00e0 ongles Victoria VYNN IQ Salon sont les \u00e9quivalents des teintes les plus populaires des vernis gel hybrides et des vernis hybrides Pure Creamy.","rel":"","context":"Similar post","block_context":{"text":"Similar post","link":""},"img":{"alt_text":"victoria vynn vegan nail colors iq nail polish","src":"https:\/\/i0.wp.com\/victoriavynn.ca\/wp-content\/uploads\/2023\/10\/victoria-vynn-vegan-nail-colors-iq-nail-polish.webp?resize=350%2C200&ssl=1","width":350,"height":200,"srcset":"https:\/\/i0.wp.com\/victoriavynn.ca\/wp-content\/uploads\/2023\/10\/victoria-vynn-vegan-nail-colors-iq-nail-polish.webp?resize=350%2C200&ssl=1 1x, https:\/\/i0.wp.com\/victoriavynn.ca\/wp-content\/uploads\/2023\/10\/victoria-vynn-vegan-nail-colors-iq-nail-polish.webp?resize=525%2C300&ssl=1 1.5x, https:\/\/i0.wp.com\/victoriavynn.ca\/wp-content\/uploads\/2023\/10\/victoria-vynn-vegan-nail-colors-iq-nail-polish.webp?resize=700%2C400&ssl=1 2x"},"classes":[]}],"jetpack_sharing_enabled":true,"_links":{"self":[{"href":"https:\/\/victoriavynn.ca\/fr\/wp-json\/wp\/v2\/pages\/5622","targetHints":{"allow":["GET"]}}],"collection":[{"href":"https:\/\/victoriavynn.ca\/fr\/wp-json\/wp\/v2\/pages"}],"about":[{"href":"https:\/\/victoriavynn.ca\/fr\/wp-json\/wp\/v2\/types\/page"}],"author":[{"embeddable":true,"href":"https:\/\/victoriavynn.ca\/fr\/wp-json\/wp\/v2\/users\/1"}],"replies":[{"embeddable":true,"href":"https:\/\/victoriavynn.ca\/fr\/wp-json\/wp\/v2\/comments?post=5622"}],"version-history":[{"count":0,"href":"https:\/\/victoriavynn.ca\/fr\/wp-json\/wp\/v2\/pages\/5622\/revisions"}],"wp:attachment":[{"href":"https:\/\/victoriavynn.ca\/fr\/wp-json\/wp\/v2\/media?parent=5622"}],"curies":[{"name":"wp","href":"https:\/\/api.w.org\/{rel}","templated":true}]}}