{"id":5692,"date":"2022-09-10T16:19:08","date_gmt":"2022-09-10T16:19:08","guid":{"rendered":"https:\/\/victoriavynn.ca\/?page_id=5692"},"modified":"2023-10-09T20:30:10","modified_gmt":"2023-10-10T00:30:10","slug":"ongles-en-gel","status":"publish","type":"page","link":"https:\/\/victoriavynn.ca\/fr\/gel-toenails\/","title":{"rendered":"Victoria VYNN Pedi Base"},"content":{"rendered":"\n<h1 class=\"wp-block-heading has-text-align-center has-black-color has-text-color has-large-font-size\">Gel Toenails? Victoria VYNN Pedi Base will get you covered!<\/h1>\n\n\n\n<p class=\"has-text-align-center has-black-color has-text-color\">Hybrid Base For Cosmetic Pedicure. A unique product from Victoria VYNN for styling feet in Light Rose color. <a href=\"https:\/\/victoriavynn.ca\/product\/pedi-base\/\" target=\"_blank\" rel=\"noreferrer noopener\">Pedi Base<\/a> is a light-cured product for durable nail design. <\/p>\n\n\n\n<p class=\"has-text-align-center has-black-color has-text-color\">The base is resistant to mechanical damage, protects the toenails against breaking and cracking. A Pedi Base pedicure finished off with only a UV \/ LED top will give your toenails a natural effect of a healthy, well-groomed nail plate.<\/p>\n\n\n\n<div class=\"wp-block-jetpack-slideshow aligncenter\" data-effect=\"slide\"><div class=\"wp-block-jetpack-slideshow_container swiper-container\"><ul class=\"wp-block-jetpack-slideshow_swiper-wrapper swiper-wrapper\"><li class=\"wp-block-jetpack-slideshow_slide swiper-slide\"><figure><img data-recalc-dims=\"1\" loading=\"lazy\" decoding=\"async\" width=\"768\" height=\"1024\" alt=\"victoria vynn pedi base pedicyre gel base coat\" class=\"wp-block-jetpack-slideshow_image wp-image-15974\" data-id=\"15974\" src=\"https:\/\/i0.wp.com\/victoriavynn.ca\/wp-content\/uploads\/2023\/10\/victoria-vynn-pedi-base-pedicyre-gel-base-coat-3.webp?resize=768%2C1024&#038;ssl=1\" title=\"\" srcset=\"https:\/\/i0.wp.com\/victoriavynn.ca\/wp-content\/uploads\/2023\/10\/victoria-vynn-pedi-base-pedicyre-gel-base-coat-3.webp?resize=768%2C1024&amp;ssl=1 768w, https:\/\/i0.wp.com\/victoriavynn.ca\/wp-content\/uploads\/2023\/10\/victoria-vynn-pedi-base-pedicyre-gel-base-coat-3.webp?resize=324%2C432&amp;ssl=1 324w, https:\/\/i0.wp.com\/victoriavynn.ca\/wp-content\/uploads\/2023\/10\/victoria-vynn-pedi-base-pedicyre-gel-base-coat-3.webp?resize=416%2C555&amp;ssl=1 416w, https:\/\/i0.wp.com\/victoriavynn.ca\/wp-content\/uploads\/2023\/10\/victoria-vynn-pedi-base-pedicyre-gel-base-coat-3.webp?resize=64%2C85&amp;ssl=1 64w, https:\/\/i0.wp.com\/victoriavynn.ca\/wp-content\/uploads\/2023\/10\/victoria-vynn-pedi-base-pedicyre-gel-base-coat-3.webp?resize=225%2C300&amp;ssl=1 225w, https:\/\/i0.wp.com\/victoriavynn.ca\/wp-content\/uploads\/2023\/10\/victoria-vynn-pedi-base-pedicyre-gel-base-coat-3.webp?resize=9%2C12&amp;ssl=1 9w, https:\/\/i0.wp.com\/victoriavynn.ca\/wp-content\/uploads\/2023\/10\/victoria-vynn-pedi-base-pedicyre-gel-base-coat-3.webp?w=780&amp;ssl=1 780w\" sizes=\"(max-width: 768px) 100vw, 768px\" \/><\/figure><\/li><li class=\"wp-block-jetpack-slideshow_slide swiper-slide\"><figure><img data-recalc-dims=\"1\" loading=\"lazy\" decoding=\"async\" width=\"768\" height=\"1024\" alt=\"victoria vynn pedi base pedicyre gel base coat\" class=\"wp-block-jetpack-slideshow_image wp-image-15973\" data-id=\"15973\" src=\"https:\/\/i0.wp.com\/victoriavynn.ca\/wp-content\/uploads\/2023\/10\/victoria-vynn-pedi-base-pedicyre-gel-base-coat-1-2.webp?resize=768%2C1024&#038;ssl=1\" title=\"\" srcset=\"https:\/\/i0.wp.com\/victoriavynn.ca\/wp-content\/uploads\/2023\/10\/victoria-vynn-pedi-base-pedicyre-gel-base-coat-1-2.webp?resize=768%2C1024&amp;ssl=1 768w, https:\/\/i0.wp.com\/victoriavynn.ca\/wp-content\/uploads\/2023\/10\/victoria-vynn-pedi-base-pedicyre-gel-base-coat-1-2.webp?resize=324%2C432&amp;ssl=1 324w, https:\/\/i0.wp.com\/victoriavynn.ca\/wp-content\/uploads\/2023\/10\/victoria-vynn-pedi-base-pedicyre-gel-base-coat-1-2.webp?resize=416%2C555&amp;ssl=1 416w, https:\/\/i0.wp.com\/victoriavynn.ca\/wp-content\/uploads\/2023\/10\/victoria-vynn-pedi-base-pedicyre-gel-base-coat-1-2.webp?resize=64%2C85&amp;ssl=1 64w, https:\/\/i0.wp.com\/victoriavynn.ca\/wp-content\/uploads\/2023\/10\/victoria-vynn-pedi-base-pedicyre-gel-base-coat-1-2.webp?resize=225%2C300&amp;ssl=1 225w, https:\/\/i0.wp.com\/victoriavynn.ca\/wp-content\/uploads\/2023\/10\/victoria-vynn-pedi-base-pedicyre-gel-base-coat-1-2.webp?resize=9%2C12&amp;ssl=1 9w, https:\/\/i0.wp.com\/victoriavynn.ca\/wp-content\/uploads\/2023\/10\/victoria-vynn-pedi-base-pedicyre-gel-base-coat-1-2.webp?w=780&amp;ssl=1 780w\" sizes=\"(max-width: 768px) 100vw, 768px\" \/><\/figure><\/li><\/ul><a class=\"wp-block-jetpack-slideshow_button-prev swiper-button-prev swiper-button-white\" role=\"button\"><\/a><a class=\"wp-block-jetpack-slideshow_button-next swiper-button-next swiper-button-white\" role=\"button\"><\/a><a aria-label=\"Pause Slideshow\" class=\"wp-block-jetpack-slideshow_button-pause\" role=\"button\"><\/a><div class=\"wp-block-jetpack-slideshow_pagination swiper-pagination swiper-pagination-white\"><\/div><\/div><\/div>\n\n\n\n<h2 class=\"wp-block-heading has-text-align-center has-black-color has-text-color has-large-font-size\">The benefits of our Pedi Base for the perfect Looking Gel Toenails!<\/h2>\n\n\n\n<p class=\"has-text-align-center has-black-color has-text-color\">It can be as a&nbsp;base for the <a href=\"https:\/\/victoriavynn.ca\/iq-salon-vegan-nail-polish\/\" target=\"_blank\" rel=\"noreferrer noopener\">iQ classic nail polishes<\/a> or for Pure and Gel Polish colors. The consistency of the base allows for the application in thin layers as a&nbsp;base product, or for application in thicker layers to&nbsp;even out any imperfections of the nail plate.<\/p>\n\n\n\n<p class=\"has-text-align-center has-black-color has-text-color\">The product is available in natural shade of light pink.<\/p>\n\n\n\n<p class=\"has-text-align-center\"><div class=\"woocommerce columns-6 \"><div class=\"shoptimizer-sorting\"><div class=\"woocommerce-notices-wrapper\"><\/div><form class=\"woocommerce-ordering\" method=\"get\">\n\t\t<select\n\t\tname=\"orderby\"\n\t\tclass=\"orderby\"\n\t\t\t\t\taria-label=\"Commande\"\n\t\t\t>\n\t\t\t\t\t<option value=\"popularity\"  selected='selected'>Tri par popularit\u00e9<\/option>\n\t\t\t\t\t<option value=\"rating\" >Tri par notes moyennes<\/option>\n\t\t\t\t\t<option value=\"date\" >Trier du plus r\u00e9cent au plus ancien<\/option>\n\t\t\t\t\t<option value=\"price\" >Tri par tarif croissant<\/option>\n\t\t\t\t\t<option value=\"price-desc\" >Tri par tarif d\u00e9croissant<\/option>\n\t\t\t<\/select>\n\t<input type=\"hidden\" name=\"paged\" value=\"1\" \/>\n\t<\/form>\n<p class=\"woocommerce-result-count\" role=\"alert\" aria-relevant=\"all\" >\n\tVoici le seul r\u00e9sultat<\/p>\n<\/div><div class=\"columns-6\"><ul class=\"products columns-6\">\n<li class=\"product type-product post-2037 status-publish first outofstock product_cat-gel-toenails product_tag-pedi-base-colors product_tag-rubber-base has-post-thumbnail taxable shipping-taxable purchasable product-type-variable\">\n\t<a href=\"https:\/\/victoriavynn.ca\/fr\/product\/pedi-base\/\" class=\"woocommerce-LoopProduct-link woocommerce-loop-product__link\"><div class=\"wpcbm-wrapper wpcbm-wrapper-archive-image\"><div class=\"woocommerce-image__wrapper\"><a href=\"https:\/\/victoriavynn.ca\/fr\/product\/pedi-base\/\" title=\"Pedi Base\" class=\"woocommerce-LoopProduct-link woocommerce-loop-product__link\">\t\t\t<span class=\"product-out-of-stock\"><em>Out of stock<\/em><\/span>\n\t\t\t<div class=\"shoptimizer-plp-carousel-container\"><div class=\"shoptimizer-plp-image-wrapper\"><img loading=\"lazy\" decoding=\"async\" width=\"200\" height=\"200\" src=\"https:\/\/i0.wp.com\/victoriavynn.ca\/wp-content\/uploads\/2021\/07\/Pedi-Base.png?fit=200%2C200&amp;ssl=1\" class=\"attachment-woocommerce_thumbnail size-woocommerce_thumbnail\" alt=\"Pedi Base\" srcset=\"https:\/\/i0.wp.com\/victoriavynn.ca\/wp-content\/uploads\/2021\/07\/Pedi-Base.png?w=1000&amp;ssl=1 1000w, https:\/\/i0.wp.com\/victoriavynn.ca\/wp-content\/uploads\/2021\/07\/Pedi-Base.png?resize=100%2C100&amp;ssl=1 100w, https:\/\/i0.wp.com\/victoriavynn.ca\/wp-content\/uploads\/2021\/07\/Pedi-Base.png?resize=416%2C416&amp;ssl=1 416w, https:\/\/i0.wp.com\/victoriavynn.ca\/wp-content\/uploads\/2021\/07\/Pedi-Base.png?resize=300%2C300&amp;ssl=1 300w, https:\/\/i0.wp.com\/victoriavynn.ca\/wp-content\/uploads\/2021\/07\/Pedi-Base.png?resize=150%2C150&amp;ssl=1 150w, https:\/\/i0.wp.com\/victoriavynn.ca\/wp-content\/uploads\/2021\/07\/Pedi-Base.png?resize=768%2C768&amp;ssl=1 768w, https:\/\/i0.wp.com\/victoriavynn.ca\/wp-content\/uploads\/2021\/07\/Pedi-Base.png?resize=32%2C32&amp;ssl=1 32w, https:\/\/i0.wp.com\/victoriavynn.ca\/wp-content\/uploads\/2021\/07\/Pedi-Base.png?resize=50%2C50&amp;ssl=1 50w, https:\/\/i0.wp.com\/victoriavynn.ca\/wp-content\/uploads\/2021\/07\/Pedi-Base.png?resize=200%2C200&amp;ssl=1 200w\" sizes=\"auto, (max-width: 360px) 147px, (max-width: 200px) 100vw, 200px\" title=\"\"><img decoding=\"async\" width=\"200\" height=\"200\" src=\"https:\/\/i0.wp.com\/victoriavynn.ca\/wp-content\/uploads\/2021\/07\/Pedi-Base-1-7.png?fit=200%2C200&amp;ssl=1\" class=\"gallery-image\" alt=\"Pedi Base\" loading=\"lazy\" srcset=\"https:\/\/i0.wp.com\/victoriavynn.ca\/wp-content\/uploads\/2021\/07\/Pedi-Base-1-7.png?w=1000&amp;ssl=1 1000w, https:\/\/i0.wp.com\/victoriavynn.ca\/wp-content\/uploads\/2021\/07\/Pedi-Base-1-7.png?resize=100%2C100&amp;ssl=1 100w, https:\/\/i0.wp.com\/victoriavynn.ca\/wp-content\/uploads\/2021\/07\/Pedi-Base-1-7.png?resize=416%2C416&amp;ssl=1 416w, https:\/\/i0.wp.com\/victoriavynn.ca\/wp-content\/uploads\/2021\/07\/Pedi-Base-1-7.png?resize=300%2C300&amp;ssl=1 300w, https:\/\/i0.wp.com\/victoriavynn.ca\/wp-content\/uploads\/2021\/07\/Pedi-Base-1-7.png?resize=150%2C150&amp;ssl=1 150w, https:\/\/i0.wp.com\/victoriavynn.ca\/wp-content\/uploads\/2021\/07\/Pedi-Base-1-7.png?resize=768%2C768&amp;ssl=1 768w, https:\/\/i0.wp.com\/victoriavynn.ca\/wp-content\/uploads\/2021\/07\/Pedi-Base-1-7.png?resize=32%2C32&amp;ssl=1 32w, https:\/\/i0.wp.com\/victoriavynn.ca\/wp-content\/uploads\/2021\/07\/Pedi-Base-1-7.png?resize=50%2C50&amp;ssl=1 50w\" sizes=\"auto, (max-width: 360px) 147px, auto, (max-width: 200px) 100vw, 200px\" title=\"\">\t\t\t\n\t<\/div><\/div><\/a><div class=\"shoptimizer-plp-carousel--pagination\">\n      \t\t\t<span class=\"shoptimizer-plp-carousel--dot active\"><\/span>\n      \t\t\t<span class=\"shoptimizer-plp-carousel--dot\"><\/span>\n    \t\t<\/div><\/div><\/div><div class=\"woocommerce-card__header\">\t\t\t\t\t<p class=\"product__categories\"><a href=\"https:\/\/victoriavynn.ca\/fr\/category\/gel-toenails\/\" rel=\"tag\">Pedi Base<\/a><\/p>\t\t\t\t<div class=\"woocommerce-loop-product__title\"><a tabindex=\"0\" href=\"https:\/\/victoriavynn.ca\/fr\/product\/pedi-base\/\" aria-label=\"Pedi Base\" class=\"woocommerce-LoopProduct-link woocommerce-loop-product__link\">Pedi Base<\/a><\/div><div class=\"cgkit-as-variation-price \">\n\t<span class=\"price\"><span class=\"woocommerce-Price-amount amount\"><bdi><span class=\"woocommerce-Price-currencySymbol\">CAD$<\/span>&nbsp;26.99<\/bdi><\/span><\/span>\n<\/div><\/a><a href=\"https:\/\/victoriavynn.ca\/fr\/product\/pedi-base\/\" aria-describedby=\"woocommerce_loop_add_to_cart_link_describedby_2037\" data-quantity=\"1\" class=\"button product_type_variable\" data-product_id=\"2037\" data-product_sku=\"\" aria-label=\"S\u00e9lectionner les options pour &ldquo;Pedi Base&rdquo;\" rel=\"nofollow\">Get notified<\/a>\t<span id=\"woocommerce_loop_add_to_cart_link_describedby_2037\" class=\"screen-reader-text\">\n\t\tCe produit a plusieurs variantes. Les options peuvent \u00eatre choisies sur la page du produit\t<\/span>\n<p class=\"stock out-of-stock\">En rupture d'inventaire<\/p>\n\t\t\t<input type=\"hidden\" class=\"wpmProductId\" data-id=\"2037\">\n\t\t\t\t\t<script>\n\t\t\t(window.wpmDataLayer = window.wpmDataLayer || {}).products             = window.wpmDataLayer.products || {};\n\t\t\twindow.wpmDataLayer.products[2037] = {\"id\":\"2037\",\"sku\":\"\",\"price\":26.99,\"brand\":\"\",\"quantity\":1,\"dyn_r_ids\":{\"post_id\":\"2037\",\"sku\":2037,\"gpf\":\"woocommerce_gpf_2037\",\"gla\":\"gla_2037\"},\"is_variable\":true,\"type\":\"variable\",\"name\":\"Pedi Base\",\"category\":[\"Pedi Base\"],\"is_variation\":false};\n\t\t\t\t\twindow.pmw_product_position = window.pmw_product_position || 1;\n\t\twindow.wpmDataLayer.products[2037]['position'] = window.pmw_product_position++;\n\t\t\t\t<\/script>\n\t\t<\/div><\/li>\n<\/ul>\n<div class=\"shoptimizer-sorting sorting-end\"><form class=\"woocommerce-ordering\" method=\"get\">\n\t\t<select\n\t\tname=\"orderby\"\n\t\tclass=\"orderby\"\n\t\t\t\t\taria-label=\"Commande\"\n\t\t\t>\n\t\t\t\t\t<option value=\"popularity\"  selected='selected'>Tri par popularit\u00e9<\/option>\n\t\t\t\t\t<option value=\"rating\" >Tri par notes moyennes<\/option>\n\t\t\t\t\t<option value=\"date\" >Trier du plus r\u00e9cent au plus ancien<\/option>\n\t\t\t\t\t<option value=\"price\" >Tri par tarif croissant<\/option>\n\t\t\t\t\t<option value=\"price-desc\" >Tri par tarif d\u00e9croissant<\/option>\n\t\t\t<\/select>\n\t<input type=\"hidden\" name=\"paged\" value=\"1\" \/>\n\t<\/form>\n<p class=\"woocommerce-result-count\" role=\"alert\" aria-relevant=\"all\" >\n\tVoici le seul r\u00e9sultat<\/p>\n<\/div><\/div><\/div><\/p>\n\n\n\n<p class=\"has-text-align-center\"><a href=\"https:\/\/victoriavynn.com\/en\/pedi-base.html\" target=\"_blank\" rel=\"noreferrer noopener\">New Pedi Base Gels Coming Out Soon!<\/a><\/p>\n","protected":false},"excerpt":{"rendered":"<p>Gel Toenails? Victoria VYNN Pedi Base will get you covered! Hybrid Base For Cosmetic Pedicure. A unique product from Victoria VYNN for styling feet in Light Rose color. Pedi Base is a light-cured product for durable nail design. The base is resistant to mechanical damage, protects the toenails against breaking and cracking. A Pedi Base [&hellip;]<\/p>\n","protected":false},"author":1,"featured_media":0,"parent":0,"menu_order":0,"comment_status":"closed","ping_status":"closed","template":"","meta":{"jetpack_post_was_ever_published":false,"footnotes":""},"class_list":["post-5692","page","type-page","status-publish","hentry"],"jetpack-related-posts":[{"id":11690,"url":"https:\/\/victoriavynn.ca\/fr\/victoria-vynn-professional-nail-drill-bits\/","url_meta":{"origin":5692,"position":0},"title":"M\u00e8ches Victoria VYNN","author":"Serge Sahakian","date":"mai 1, 2023","format":false,"excerpt":"Victoria VYNN Professional Nail Drill Bits Les forets sont des outils professionnels pour le stylisme des ongles. L'objectif de la styliste d'ongles est la satisfaction du client avec un service de manucure et de p\u00e9dicure soigneusement ex\u00e9cut\u00e9. D\u00e9sormais, les fraises \u00e0 cuticules sont disponibles sous la marque Victoria Vynn, ainsi que pour le travail sur et...","rel":"","context":"Similar post","block_context":{"text":"Similar post","link":""},"img":{"alt_text":"Victoria VYNN professional nail drill Bits","src":"https:\/\/i0.wp.com\/victoriavynn.ca\/wp-content\/uploads\/2023\/05\/Victoria-VYNN-drill-Bits.webp?resize=350%2C200&ssl=1","width":350,"height":200,"srcset":"https:\/\/i0.wp.com\/victoriavynn.ca\/wp-content\/uploads\/2023\/05\/Victoria-VYNN-drill-Bits.webp?resize=350%2C200&ssl=1 1x, https:\/\/i0.wp.com\/victoriavynn.ca\/wp-content\/uploads\/2023\/05\/Victoria-VYNN-drill-Bits.webp?resize=525%2C300&ssl=1 1.5x, https:\/\/i0.wp.com\/victoriavynn.ca\/wp-content\/uploads\/2023\/05\/Victoria-VYNN-drill-Bits.webp?resize=700%2C400&ssl=1 2x, https:\/\/i0.wp.com\/victoriavynn.ca\/wp-content\/uploads\/2023\/05\/Victoria-VYNN-drill-Bits.webp?resize=1050%2C600&ssl=1 3x"},"classes":[]},{"id":5304,"url":"https:\/\/victoriavynn.ca\/fr\/professional-gel-nail-polish\/gel-nail-preps\/","url_meta":{"origin":5692,"position":1},"title":"Pr\u00e9parations pour le vernis gel du salon Victoria VYNN","author":"Serge Sahakian","date":"septembre 4, 2022","format":false,"excerpt":"Les pr\u00e9parations professionnelles les plus efficaces pour les ongles en gel Voulez-vous profiter d'un dessin d'ongle durable et parfait ? N'oubliez pas de pr\u00e9parer correctement la plaque de l'ongle avant de proc\u00e9der. Choisissez les pr\u00e9parations et les liquides n\u00e9cessaires \u00e0 la cr\u00e9ation d'une manucure et d'une p\u00e9dicure magnifiques et durables. Un produit unique pour commencer est Nail Prep pour d\u00e9graisser les ongles...","rel":"","context":"Similar post","block_context":{"text":"Similar post","link":""},"img":{"alt_text":"victoria vynn best salon nail preparation products","src":"https:\/\/i0.wp.com\/victoriavynn.ca\/wp-content\/uploads\/2023\/10\/victoria-vynn-best-salon-nail-preparation-products.webp?resize=350%2C200&ssl=1","width":350,"height":200,"srcset":"https:\/\/i0.wp.com\/victoriavynn.ca\/wp-content\/uploads\/2023\/10\/victoria-vynn-best-salon-nail-preparation-products.webp?resize=350%2C200&ssl=1 1x, https:\/\/i0.wp.com\/victoriavynn.ca\/wp-content\/uploads\/2023\/10\/victoria-vynn-best-salon-nail-preparation-products.webp?resize=525%2C300&ssl=1 1.5x, https:\/\/i0.wp.com\/victoriavynn.ca\/wp-content\/uploads\/2023\/10\/victoria-vynn-best-salon-nail-preparation-products.webp?resize=700%2C400&ssl=1 2x"},"classes":[]},{"id":5673,"url":"https:\/\/victoriavynn.ca\/fr\/nail-tools-and-accessories\/","url_meta":{"origin":5692,"position":2},"title":"Accessoires Victoria VYNN","author":"Serge Sahakian","date":"septembre 10, 2022","format":false,"excerpt":"Outils et accessoires professionnels pour les ongles Le travail d'une styliste n\u00e9cessite l'utilisation d'outils et d'accessoires appropri\u00e9s pour les ongles. Cette cat\u00e9gorie comprend des formes fiables pour construire les ongles, ainsi que des produits qui embelliront votre lieu de travail : de belles serviettes, des nappes, des tabliers dans vos couleurs pr\u00e9f\u00e9r\u00e9es. Pr\u00e9paration de la plaque de l'ongle...","rel":"","context":"Similar post","block_context":{"text":"Similar post","link":""},"img":{"alt_text":"victoria vynn nail accessories salon tools and accessories","src":"https:\/\/i0.wp.com\/victoriavynn.ca\/wp-content\/uploads\/2023\/10\/victoria-vynn-nail-accessories-salon-tools-and-accessories.webp?resize=350%2C200&ssl=1","width":350,"height":200,"srcset":"https:\/\/i0.wp.com\/victoriavynn.ca\/wp-content\/uploads\/2023\/10\/victoria-vynn-nail-accessories-salon-tools-and-accessories.webp?resize=350%2C200&ssl=1 1x, https:\/\/i0.wp.com\/victoriavynn.ca\/wp-content\/uploads\/2023\/10\/victoria-vynn-nail-accessories-salon-tools-and-accessories.webp?resize=525%2C300&ssl=1 1.5x, https:\/\/i0.wp.com\/victoriavynn.ca\/wp-content\/uploads\/2023\/10\/victoria-vynn-nail-accessories-salon-tools-and-accessories.webp?resize=700%2C400&ssl=1 2x"},"classes":[]},{"id":5458,"url":"https:\/\/victoriavynn.ca\/fr\/iq-salon-vegan-nail-polish\/base-top-vegan-nails\/","url_meta":{"origin":5692,"position":3},"title":"Pr\u00e9parations pour vernis \u00e0 ongles du salon Victoria VYNN iQ","author":"Serge Sahakian","date":"septembre 8, 2022","format":false,"excerpt":"iQ Salon Nail Polish Preparations for Vegan Nails La formule du Victoria VYNN IQ Base Coat, riche en ingr\u00e9dients v\u00e9g\u00e9taliens de haute qualit\u00e9, assure une adh\u00e9sion durable \u00e0 la plaque de l'ongle et garantit une manucure de qualit\u00e9 salon. Victoria VYNN IQ Top Coat est un top transparent d\u00e9di\u00e9 \u00e0 la protection de la coiffure classique faite...","rel":"","context":"Similar post","block_context":{"text":"Similar post","link":""},"img":{"alt_text":"","src":"https:\/\/i0.wp.com\/victoriavynn.ca\/wp-content\/uploads\/2023\/10\/victoria-vynn-vegan-nail-colors-iq-nail-polish-base-coat-and-top-coat-.webp?resize=350%2C200&ssl=1","width":350,"height":200,"srcset":"https:\/\/i0.wp.com\/victoriavynn.ca\/wp-content\/uploads\/2023\/10\/victoria-vynn-vegan-nail-colors-iq-nail-polish-base-coat-and-top-coat-.webp?resize=350%2C200&ssl=1 1x, https:\/\/i0.wp.com\/victoriavynn.ca\/wp-content\/uploads\/2023\/10\/victoria-vynn-vegan-nail-colors-iq-nail-polish-base-coat-and-top-coat-.webp?resize=525%2C300&ssl=1 1.5x, https:\/\/i0.wp.com\/victoriavynn.ca\/wp-content\/uploads\/2023\/10\/victoria-vynn-vegan-nail-colors-iq-nail-polish-base-coat-and-top-coat-.webp?resize=700%2C400&ssl=1 2x"},"classes":[]},{"id":5686,"url":"https:\/\/victoriavynn.ca\/fr\/rubber-base-gel\/","url_meta":{"origin":5692,"position":4},"title":"Victoria VYNN Mega Flexible System","author":"Serge Sahakian","date":"septembre 10, 2022","format":false,"excerpt":"Mega Flexible System, Mega Rubber Base Gel ! La base, c'est l'essentiel ! Commencez par la base ! \u00cates-vous une d\u00e9butante ou peut-\u00eatre une technicienne en ongles exp\u00e9riment\u00e9e ? Si vous avez r\u00e9pondu \"OUI\" - Victoria VYNN Mega Rubber Base est essentiel pour vous ! Vous pouvez choisir parmi plusieurs couleurs. Pourquoi choisir Mega Rubber Base Gel ? Que faire si votre cliente aime...","rel":"","context":"Similar post","block_context":{"text":"Similar post","link":""},"img":{"alt_text":"victoria vynn mega base rubber base coat salon base coat long lasting base coat rubber","src":"https:\/\/i0.wp.com\/victoriavynn.ca\/wp-content\/uploads\/2023\/10\/victoria-vynn-mega-base-rubber-base-coat-salon-base-coat-long-lasting-base-coat-rubber-1-1.webp?resize=350%2C200&ssl=1","width":350,"height":200,"srcset":"https:\/\/i0.wp.com\/victoriavynn.ca\/wp-content\/uploads\/2023\/10\/victoria-vynn-mega-base-rubber-base-coat-salon-base-coat-long-lasting-base-coat-rubber-1-1.webp?resize=350%2C200&ssl=1 1x, https:\/\/i0.wp.com\/victoriavynn.ca\/wp-content\/uploads\/2023\/10\/victoria-vynn-mega-base-rubber-base-coat-salon-base-coat-long-lasting-base-coat-rubber-1-1.webp?resize=525%2C300&ssl=1 1.5x, https:\/\/i0.wp.com\/victoriavynn.ca\/wp-content\/uploads\/2023\/10\/victoria-vynn-mega-base-rubber-base-coat-salon-base-coat-long-lasting-base-coat-rubber-1-1.webp?resize=700%2C400&ssl=1 2x"},"classes":[]},{"id":9761,"url":"https:\/\/victoriavynn.ca\/fr\/victoria-vynn-usa-and-canada-official-store\/","url_meta":{"origin":5692,"position":5},"title":"Boutique officielle Victoria VYNN USA &amp; Canada","author":"Serge Sahakian","date":"novembre 23, 2019","format":false,"excerpt":"[smartslider3 slider=\"2\"] Official Victoria VYNN USA & Canada Store Premium Nail Supplies for Professionals, Nail Techs & Beauty Salons! In the product portfolio, the brand has a wide range of victoria vynn gel polish colors of hybrid polishes, builder gels, builderbases, acrylic-gels, various decorative products, a wide selection of classic\u2026","rel":"","context":"Similar post","block_context":{"text":"Similar post","link":""},"img":{"alt_text":"","src":"https:\/\/i0.wp.com\/victoriavynn.ca\/wp-content\/uploads\/2023\/01\/image-1.png?resize=350%2C200&ssl=1","width":350,"height":200,"srcset":"https:\/\/i0.wp.com\/victoriavynn.ca\/wp-content\/uploads\/2023\/01\/image-1.png?resize=350%2C200&ssl=1 1x, https:\/\/i0.wp.com\/victoriavynn.ca\/wp-content\/uploads\/2023\/01\/image-1.png?resize=525%2C300&ssl=1 1.5x"},"classes":[]}],"jetpack_sharing_enabled":true,"_links":{"self":[{"href":"https:\/\/victoriavynn.ca\/fr\/wp-json\/wp\/v2\/pages\/5692","targetHints":{"allow":["GET"]}}],"collection":[{"href":"https:\/\/victoriavynn.ca\/fr\/wp-json\/wp\/v2\/pages"}],"about":[{"href":"https:\/\/victoriavynn.ca\/fr\/wp-json\/wp\/v2\/types\/page"}],"author":[{"embeddable":true,"href":"https:\/\/victoriavynn.ca\/fr\/wp-json\/wp\/v2\/users\/1"}],"replies":[{"embeddable":true,"href":"https:\/\/victoriavynn.ca\/fr\/wp-json\/wp\/v2\/comments?post=5692"}],"version-history":[{"count":0,"href":"https:\/\/victoriavynn.ca\/fr\/wp-json\/wp\/v2\/pages\/5692\/revisions"}],"wp:attachment":[{"href":"https:\/\/victoriavynn.ca\/fr\/wp-json\/wp\/v2\/media?parent=5692"}],"curies":[{"name":"wp","href":"https:\/\/api.w.org\/{rel}","templated":true}]}}