{"id":6308,"date":"2022-09-17T02:52:20","date_gmt":"2022-09-17T02:52:20","guid":{"rendered":"https:\/\/victoriavynn.ca\/?page_id=6308"},"modified":"2025-04-21T14:58:33","modified_gmt":"2025-04-21T18:58:33","slug":"merci-votre-commande-est-confirmee","status":"publish","type":"page","link":"https:\/\/victoriavynn.ca\/fr\/thank-you-your-order-is-confirmed\/","title":{"rendered":"Merci de votre attention !"},"content":{"rendered":"<h1 class=\"wp-block-heading has-text-align-center\">Merci !<\/h1>\n\n\n\n<h1 class=\"wp-block-heading has-text-align-center has-black-color has-text-color has-medium-font-size\">Votre commande est confirm\u00e9e !<\/h1>\n\n\n\n<figure class=\"wp-block-image aligncenter size-full is-resized\"><img data-recalc-dims=\"1\" loading=\"lazy\" decoding=\"async\" width=\"400\" height=\"300\" src=\"https:\/\/i0.wp.com\/victoriavynn.ca\/wp-content\/uploads\/2025\/04\/confirm.gif?resize=400%2C300&#038;ssl=1\" alt=\"\" class=\"wp-image-21491\" style=\"width:327px;height:auto\" title=\"\"><figcaption class=\"wp-element-caption\">  <\/figcaption><\/figure>\n\n\n\n<div class=\"wp-block-columns is-layout-flex wp-container-core-columns-is-layout-28f84493 wp-block-columns-is-layout-flex\">\n<div class=\"wp-block-column is-layout-flow wp-block-column-is-layout-flow\" style=\"flex-basis:100%\">\n<figure class=\"wp-block-table aligncenter is-style-stripes\"><table><tbody><tr><td>Num\u00e9ro de commande :<\/td><td><\/td><\/tr><tr><td>Date de commande :<\/td><td><\/td><\/tr><tr><td>Montant total :<\/td><td><\/td><\/tr><tr><td>Mode de paiement :<\/td><td><\/td><\/tr><tr><td>Statut :<\/td><td><\/td><\/tr><tr><td>Adresse d'exp\u00e9dition :<\/td><td><\/td><\/tr><tr><td><\/td><td><\/td><\/tr><tr><td><\/td><td><\/td><\/tr><\/tbody><\/table><\/figure>\n<\/div>\n<\/div>\n\n\n\n<p class=\"has-text-align-left\"><\/p>\n\n\n\n<p><\/p>","protected":false},"excerpt":{"rendered":"<p>Thank You! Your Order is Confirmed! Order Number: Order Date: Total Amount: Payment Method: Status: Shipping Address:<\/p>","protected":false},"author":1,"featured_media":0,"parent":0,"menu_order":0,"comment_status":"closed","ping_status":"closed","template":"","meta":{"jetpack_post_was_ever_published":false,"footnotes":""},"class_list":["post-6308","page","type-page","status-publish","hentry"],"jetpack-related-posts":[{"id":5645,"url":"https:\/\/victoriavynn.ca\/fr\/nail-extension-gel\/hard-nail-gel\/","url_meta":{"origin":6308,"position":0},"title":"Victoria VYNN Salon Build Gel","author":"Serge Sahakian","date":"septembre 10, 2022","format":false,"excerpt":"Gel Victoria VYNN Salon Build. Le best-seller de tous les temps en mati\u00e8re de gel pour ongles durs ! \u00cates-vous une adepte de la m\u00e9thode du gel ? Que vous souhaitiez construire une forme, des pointes ou renforcer la plaque naturelle de l'ongle... Le gel Victoria VYNN Build est fait pour vous ! Gel flexible et auto-nivelant pour...","rel":"","context":"Similar post","block_context":{"text":"Similar post","link":""},"img":{"alt_text":"victoria vynn hard nail gel builder gel self leveling","src":"https:\/\/i0.wp.com\/victoriavynn.ca\/wp-content\/uploads\/2023\/10\/victoria-vynn-hard-nail-gel-builder-gel-self-leveling-.webp?resize=350%2C200&ssl=1","width":350,"height":200,"srcset":"https:\/\/i0.wp.com\/victoriavynn.ca\/wp-content\/uploads\/2023\/10\/victoria-vynn-hard-nail-gel-builder-gel-self-leveling-.webp?resize=350%2C200&ssl=1 1x, https:\/\/i0.wp.com\/victoriavynn.ca\/wp-content\/uploads\/2023\/10\/victoria-vynn-hard-nail-gel-builder-gel-self-leveling-.webp?resize=525%2C300&ssl=1 1.5x, https:\/\/i0.wp.com\/victoriavynn.ca\/wp-content\/uploads\/2023\/10\/victoria-vynn-hard-nail-gel-builder-gel-self-leveling-.webp?resize=700%2C400&ssl=1 2x"},"classes":[]},{"id":2,"url":"https:\/\/victoriavynn.ca\/fr\/","url_meta":{"origin":6308,"position":1},"title":"Victoria VYNN Canada","author":"Serge Sahakian","date":"janvier 29, 2019","format":false,"excerpt":"Le magasin de fournitures pour ongles pr\u00e9f\u00e9r\u00e9 ! Satisfaction garantie ! Vente Flash Quelques faits sur notre magasin \"unique\" de fournitures pour les ongles \"La beaut\u00e9 est la v\u00e9rit\u00e9, la v\u00e9rit\u00e9 est la beaut\u00e9. \"John Keats Nous sommes convaincus que chaque femme poss\u00e8de un \u00e9norme potentiel que nous voulons lib\u00e9rer. Nous nous assurons que gr\u00e2ce \u00e0 des ongles magnifiques, les femmes d\u00e9couvrent ce pouvoir en elles...","rel":"","context":"Similar post","block_context":{"text":"Similar post","link":""},"img":{"alt_text":"","src":"https:\/\/i0.wp.com\/victoriavynn.ca\/wp-content\/uploads\/2023\/10\/explore-the-world.webp?resize=350%2C200&ssl=1","width":350,"height":200},"classes":[]},{"id":5686,"url":"https:\/\/victoriavynn.ca\/fr\/rubber-base-gel\/","url_meta":{"origin":6308,"position":2},"title":"Victoria VYNN Mega Flexible System","author":"Serge Sahakian","date":"septembre 10, 2022","format":false,"excerpt":"Mega Flexible System, Mega Rubber Base Gel ! La base, c'est l'essentiel ! Commencez par la base ! \u00cates-vous une d\u00e9butante ou peut-\u00eatre une technicienne en ongles exp\u00e9riment\u00e9e ? Si vous avez r\u00e9pondu \"OUI\" - Victoria VYNN Mega Rubber Base est essentiel pour vous ! Vous pouvez choisir parmi plusieurs couleurs. Pourquoi choisir Mega Rubber Base Gel ? Que faire si votre cliente aime...","rel":"","context":"Similar post","block_context":{"text":"Similar post","link":""},"img":{"alt_text":"victoria vynn mega base rubber base coat salon base coat long lasting base coat rubber","src":"https:\/\/i0.wp.com\/victoriavynn.ca\/wp-content\/uploads\/2023\/10\/victoria-vynn-mega-base-rubber-base-coat-salon-base-coat-long-lasting-base-coat-rubber-1-1.webp?resize=350%2C200&ssl=1","width":350,"height":200,"srcset":"https:\/\/i0.wp.com\/victoriavynn.ca\/wp-content\/uploads\/2023\/10\/victoria-vynn-mega-base-rubber-base-coat-salon-base-coat-long-lasting-base-coat-rubber-1-1.webp?resize=350%2C200&ssl=1 1x, https:\/\/i0.wp.com\/victoriavynn.ca\/wp-content\/uploads\/2023\/10\/victoria-vynn-mega-base-rubber-base-coat-salon-base-coat-long-lasting-base-coat-rubber-1-1.webp?resize=525%2C300&ssl=1 1.5x, https:\/\/i0.wp.com\/victoriavynn.ca\/wp-content\/uploads\/2023\/10\/victoria-vynn-mega-base-rubber-base-coat-salon-base-coat-long-lasting-base-coat-rubber-1-1.webp?resize=700%2C400&ssl=1 2x"},"classes":[]},{"id":12389,"url":"https:\/\/victoriavynn.ca\/fr\/nailly-professional-salon-essentials\/nailly-e-file-machines\/","url_meta":{"origin":6308,"position":3},"title":"Machines de d\u00e9p\u00f4t \u00e9lectronique Nailly","author":"Serge Sahakian","date":"juin 6, 2023","format":false,"excerpt":"Nos machines de d\u00e9p\u00f4t \u00e9lectronique sauvent des vies ! Le d\u00e9p\u00f4t \u00e9lectronique est un excellent moyen de permettre \u00e0 un outil perfectionn\u00e9 de faire le travail \u00e0 votre place. Non seulement cela, mais vous pouvez \u00eatre beaucoup plus pr\u00e9cis et efficace. Les machines de d\u00e9p\u00f4t \u00e9lectronique et les bits \u00e9tant devenus si sp\u00e9cialis\u00e9s, nous sommes d\u00e9sormais en mesure d'effectuer une...","rel":"","context":"Similar post","block_context":{"text":"Similar post","link":""},"img":{"alt_text":"Nailly professional E-file Machine US-809 35,000 RPM Salon Essentials","src":"https:\/\/i0.wp.com\/victoriavynn.ca\/wp-content\/uploads\/2023\/06\/Nailly-professional-E-file-Machine-US-809-35000-RPM.webp?resize=350%2C200&ssl=1","width":350,"height":200,"srcset":"https:\/\/i0.wp.com\/victoriavynn.ca\/wp-content\/uploads\/2023\/06\/Nailly-professional-E-file-Machine-US-809-35000-RPM.webp?resize=350%2C200&ssl=1 1x, https:\/\/i0.wp.com\/victoriavynn.ca\/wp-content\/uploads\/2023\/06\/Nailly-professional-E-file-Machine-US-809-35000-RPM.webp?resize=525%2C300&ssl=1 1.5x, https:\/\/i0.wp.com\/victoriavynn.ca\/wp-content\/uploads\/2023\/06\/Nailly-professional-E-file-Machine-US-809-35000-RPM.webp?resize=700%2C400&ssl=1 2x"},"classes":[]},{"id":5705,"url":"https:\/\/victoriavynn.ca\/fr\/nail-gel-kit\/","url_meta":{"origin":6308,"position":4},"title":"Victoria VYNN Promo Sets","author":"Serge Sahakian","date":"septembre 10, 2022","format":false,"excerpt":"Victoria VYNN Nail Gel Kits B\u00e9n\u00e9ficiez de remises suppl\u00e9mentaires en achetant nos produits Victoria VYNN en kits ! Ne manquez pas l'occasion ! Nous sommes convaincus que chaque femme poss\u00e8de un \u00e9norme potentiel que nous voulons lib\u00e9rer. Nous nous assurons que gr\u00e2ce \u00e0 des ongles magnifiques, les femmes d\u00e9couvrent ce pouvoir en elles et sont pr\u00e9par\u00e9es...","rel":"","context":"Similar post","block_context":{"text":"Similar post","link":""},"img":{"alt_text":"nail gel kit","src":"https:\/\/i0.wp.com\/victoriavynn.ca\/wp-content\/uploads\/2022\/12\/Promo-Sets.webp?resize=350%2C200&ssl=1","width":350,"height":200,"srcset":"https:\/\/i0.wp.com\/victoriavynn.ca\/wp-content\/uploads\/2022\/12\/Promo-Sets.webp?resize=350%2C200&ssl=1 1x, https:\/\/i0.wp.com\/victoriavynn.ca\/wp-content\/uploads\/2022\/12\/Promo-Sets.webp?resize=525%2C300&ssl=1 1.5x, https:\/\/i0.wp.com\/victoriavynn.ca\/wp-content\/uploads\/2022\/12\/Promo-Sets.webp?resize=700%2C400&ssl=1 2x"},"classes":[]},{"id":21283,"url":"https:\/\/victoriavynn.ca\/fr\/senso-nail-care-oil\/","url_meta":{"origin":6308,"position":5},"title":"Senso Huile de soin des ongles,Victoria VYNN Senso Huile de soin des ongles Love Me 1,Victoria VYNN Senso Huile de soin des ongles Love Me 2","author":"Serge Sahakian","date":"mars 19, 2025","format":false,"excerpt":"Un rituel luxueux qui changera votre manucure ! Plein d'huiles puissantes et nourrissantes avec des particules illuminatrices pour les cuticules et les ongles. Choisissez votre fragrance pr\u00e9f\u00e9r\u00e9e inspir\u00e9e des parfums de luxe. Chaque goutte est un effet imm\u00e9diat ! Gr\u00e2ce \u00e0 des huiles et des vitamines soigneusement s\u00e9lectionn\u00e9es, vos ongles auront l'air en bonne sant\u00e9 et vos cuticules deviendront douces et soign\u00e9es. Appr\u00e9ciez...","rel":"","context":"Similar post","block_context":{"text":"Similar post","link":""},"img":{"alt_text":"","src":"https:\/\/i0.wp.com\/victoriavynn.ca\/wp-content\/uploads\/2025\/03\/vynn2_vv_senso_oil_1920x1080_gbe-dystry-copy.webp?resize=350%2C200&ssl=1","width":350,"height":200,"srcset":"https:\/\/i0.wp.com\/victoriavynn.ca\/wp-content\/uploads\/2025\/03\/vynn2_vv_senso_oil_1920x1080_gbe-dystry-copy.webp?resize=350%2C200&ssl=1 1x, https:\/\/i0.wp.com\/victoriavynn.ca\/wp-content\/uploads\/2025\/03\/vynn2_vv_senso_oil_1920x1080_gbe-dystry-copy.webp?resize=525%2C300&ssl=1 1.5x, https:\/\/i0.wp.com\/victoriavynn.ca\/wp-content\/uploads\/2025\/03\/vynn2_vv_senso_oil_1920x1080_gbe-dystry-copy.webp?resize=700%2C400&ssl=1 2x, https:\/\/i0.wp.com\/victoriavynn.ca\/wp-content\/uploads\/2025\/03\/vynn2_vv_senso_oil_1920x1080_gbe-dystry-copy.webp?resize=1050%2C600&ssl=1 3x, https:\/\/i0.wp.com\/victoriavynn.ca\/wp-content\/uploads\/2025\/03\/vynn2_vv_senso_oil_1920x1080_gbe-dystry-copy.webp?resize=1400%2C800&ssl=1 4x"},"classes":[]}],"jetpack_sharing_enabled":true,"_links":{"self":[{"href":"https:\/\/victoriavynn.ca\/fr\/wp-json\/wp\/v2\/pages\/6308","targetHints":{"allow":["GET"]}}],"collection":[{"href":"https:\/\/victoriavynn.ca\/fr\/wp-json\/wp\/v2\/pages"}],"about":[{"href":"https:\/\/victoriavynn.ca\/fr\/wp-json\/wp\/v2\/types\/page"}],"author":[{"embeddable":true,"href":"https:\/\/victoriavynn.ca\/fr\/wp-json\/wp\/v2\/users\/1"}],"replies":[{"embeddable":true,"href":"https:\/\/victoriavynn.ca\/fr\/wp-json\/wp\/v2\/comments?post=6308"}],"version-history":[{"count":0,"href":"https:\/\/victoriavynn.ca\/fr\/wp-json\/wp\/v2\/pages\/6308\/revisions"}],"wp:attachment":[{"href":"https:\/\/victoriavynn.ca\/fr\/wp-json\/wp\/v2\/media?parent=6308"}],"curies":[{"name":"wp","href":"https:\/\/api.w.org\/{rel}","templated":true}]}}