{"id":7947,"date":"2022-11-30T17:14:37","date_gmt":"2022-11-30T22:14:37","guid":{"rendered":"https:\/\/victoriavynn.ca\/?page_id=7947"},"modified":"2024-09-24T19:56:19","modified_gmt":"2024-09-24T23:56:19","slug":"rabais-sur-la-fourniture-dongles","status":"publish","type":"page","link":"https:\/\/victoriavynn.ca\/fr\/nail-supply-discount\/","title":{"rendered":"Vente flash"},"content":{"rendered":"<h1 class=\"wp-block-heading has-text-align-center has-large-font-size\">Victoria VYNN's Nail Supply - Vente flash \u00e0 prix r\u00e9duit<\/h1>\n\n\n\n<figure class=\"wp-block-image aligncenter size-full is-resized\"><img data-recalc-dims=\"1\" loading=\"lazy\" decoding=\"async\" width=\"750\" height=\"1000\" src=\"https:\/\/i0.wp.com\/victoriavynn.ca\/wp-content\/uploads\/2022\/12\/Flash-Sale-.webp?resize=750%2C1000&#038;ssl=1\" alt=\"rabais sur la fourniture d&#039;ongles\" class=\"wp-image-9040\" style=\"width:154px;height:206px\" title=\"\" srcset=\"https:\/\/i0.wp.com\/victoriavynn.ca\/wp-content\/uploads\/2022\/12\/Flash-Sale-.webp?w=750&amp;ssl=1 750w, https:\/\/i0.wp.com\/victoriavynn.ca\/wp-content\/uploads\/2022\/12\/Flash-Sale-.webp?resize=324%2C432&amp;ssl=1 324w, https:\/\/i0.wp.com\/victoriavynn.ca\/wp-content\/uploads\/2022\/12\/Flash-Sale-.webp?resize=416%2C555&amp;ssl=1 416w, https:\/\/i0.wp.com\/victoriavynn.ca\/wp-content\/uploads\/2022\/12\/Flash-Sale-.webp?resize=225%2C300&amp;ssl=1 225w\" sizes=\"auto, (max-width: 750px) 100vw, 750px\" \/><figcaption><\/figcaption><\/figure>\n\n\n\n<h2 class=\"wp-block-heading has-text-align-center has-medium-font-size\">Consultez fr\u00e9quemment cette page pour b\u00e9n\u00e9ficier de nos r\u00e9ductions sur les fournitures d'ongles !!! Certaines offres peuvent durer jusqu'\u00e0 <strong><em>Semaines<\/em><\/strong>Certains pour <strong><em>Jours<\/em><\/strong> et d'autres pour <strong><em>Quelques heures<\/em><\/strong>! !! Ne manquez pas votre chance ! !!<\/h2>\n\n\n\n\n\n<p class=\"has-text-align-center\">Nous sommes convaincus que chaque femme poss\u00e8de un \u00e9norme potentiel que nous voulons lib\u00e9rer. Nous veillons \u00e0 ce que, gr\u00e2ce \u00e0 des ongles \u00e9tonnants, les femmes d\u00e9couvrent ce pouvoir en elles et soient pr\u00eates \u00e0 toutes les situations, courageuses et belles !<\/p>\n\n\n\n<p class=\"has-text-align-center\"><a href=\"https:\/\/victoriavynn.ca\/fr\/kit-de-gel-pour-les-ongles\/\" target=\"_blank\" rel=\"noreferrer noopener\">N'oubliez pas de consulter nos jeux de promotion pour obtenir d'autres r\u00e9ductions sur les offres group\u00e9es !<\/a><\/p>\n\n\n\n<p class=\"has-text-align-center\">Achetez des kits et b\u00e9n\u00e9ficiez de remises jusqu'\u00e0 50%<\/p>\n\n\n\n<p class=\"has-text-align-center\"><a href=\"https:\/\/victoriavynn.com\/en\/news.html\" target=\"_blank\" rel=\"noreferrer noopener\">Nouveaux produits bient\u00f4t disponibles !<\/a><\/p>","protected":false},"excerpt":{"rendered":"<p>Victoria VYNN&#8217;s Nail Supply Discount Flash Sale Frequently check this page to benefit from our Nail Supply Discounts!!! Some Offers May Last for Weeks, Some for Days and some for Couple of Hours!!! Do not miss your chance!!! We are convinced that every woman has a&nbsp;huge potential that we want to&nbsp;release. We make sure that [&hellip;]<\/p>\n","protected":false},"author":1,"featured_media":0,"parent":0,"menu_order":0,"comment_status":"closed","ping_status":"closed","template":"","meta":{"jetpack_post_was_ever_published":false,"footnotes":""},"class_list":["post-7947","page","type-page","status-publish","hentry"],"jetpack_sharing_enabled":true,"_links":{"self":[{"href":"https:\/\/victoriavynn.ca\/fr\/wp-json\/wp\/v2\/pages\/7947","targetHints":{"allow":["GET"]}}],"collection":[{"href":"https:\/\/victoriavynn.ca\/fr\/wp-json\/wp\/v2\/pages"}],"about":[{"href":"https:\/\/victoriavynn.ca\/fr\/wp-json\/wp\/v2\/types\/page"}],"author":[{"embeddable":true,"href":"https:\/\/victoriavynn.ca\/fr\/wp-json\/wp\/v2\/users\/1"}],"replies":[{"embeddable":true,"href":"https:\/\/victoriavynn.ca\/fr\/wp-json\/wp\/v2\/comments?post=7947"}],"version-history":[{"count":0,"href":"https:\/\/victoriavynn.ca\/fr\/wp-json\/wp\/v2\/pages\/7947\/revisions"}],"wp:attachment":[{"href":"https:\/\/victoriavynn.ca\/fr\/wp-json\/wp\/v2\/media?parent=7947"}],"curies":[{"name":"wp","href":"https:\/\/api.w.org\/{rel}","templated":true}]}}