{"id":10188,"date":"2023-01-22T17:52:09","date_gmt":"2023-01-22T22:52:09","guid":{"rendered":"https:\/\/victoriavynn.ca\/?post_type=product&#038;p=10188"},"modified":"2026-03-04T18:50:14","modified_gmt":"2026-03-04T23:50:14","slug":"staleks-best-manicure-scapula-smart-60-1","status":"publish","type":"product","link":"https:\/\/victoriavynn.ca\/fr\/product\/staleks-best-manicure-scapula-smart-60-1\/","title":{"rendered":"Staleks Smart 60 Type 1 Manucure plate et effil\u00e9e Scapula"},"content":{"rendered":"<div class=\"elementor-element elementor-element-ccfb871 elementor-widget elementor-widget-heading\" data-id=\"ccfb871\" data-element_type=\"widget\" data-widget_type=\"heading.default\">\n<div class=\"elementor-widget-container\">\n<p>Professionnel Smart Best Manicure Scapula.<\/p>\n<p class=\"elementor-heading-title elementor-size-default\">Qualit\u00e9 des produits Staleks<\/p>\n<\/div>\n<\/div>\n<div class=\"elementor-element elementor-element-145f648 u-links-anim-ul elementor-widget elementor-widget-text-editor\" data-id=\"145f648\" data-element_type=\"widget\" data-widget_type=\"text-editor.default\">\n<div class=\"elementor-widget-container\">\n<p>Staleks se consacre \u00e0 la qualit\u00e9 du produit. Le cycle de production comprend des processus d'assurance qualit\u00e9 \u00e0 l'entr\u00e9e et \u00e0 la sortie. La qualit\u00e9 des mati\u00e8res premi\u00e8res entrantes est v\u00e9rifi\u00e9e dans les laboratoires certifi\u00e9s o\u00f9 les aspects physiques et chimiques de l'acier sont analys\u00e9s. Un acier inoxydable de qualit\u00e9 m\u00e9dicale import\u00e9 d'Espagne est utilis\u00e9 pour la fabrication de tous les instruments. Ce type d'acier est exceptionnellement r\u00e9sistant \u00e0 la corrosion et poss\u00e8de une duret\u00e9 in\u00e9gal\u00e9e, garantissant un tranchant durable. L'acier est utilis\u00e9 pour les gammes d'instruments \u00e0 usage professionnel et domestique.<\/p>\n<p>L'assurance qualit\u00e9 de la production est assur\u00e9e par le d\u00e9partement CQ. Les sp\u00e9cialistes du CQ v\u00e9rifient la conformit\u00e9 de tous les produits aux r\u00e8glements et aux normes. Si des d\u00e9fauts sont constat\u00e9s, l'instrument est renvoy\u00e9 pour \u00eatre retravaill\u00e9. Cette approche m\u00e9ticuleuse garantit que seuls les produits de haute qualit\u00e9 r\u00e9pondant \u00e0 toutes les normes sont mis sur le march\u00e9.<\/p>\n<p>Staleks a mis en place la norme ISO 9001:2015, un syst\u00e8me de gestion de la qualit\u00e9 efficace et conforme aux normes internationales. Une gestion comp\u00e9tente du cycle de travail est le facteur cl\u00e9 de la fabrication de produits de premier ordre.<\/p>\n<p>Qualit\u00e9 sup\u00e9rieure Professionnel Smart Best Manucure Scapula.<\/p>\n<\/div>\n<\/div>","protected":false},"excerpt":{"rendered":"<p>Professionnel Smart Best Manicure Scapula.<\/p>\n<p>Staleks se consacre \u00e0 la qualit\u00e9 de ses produits. L'acier utilis\u00e9 pour la production des embouts est exceptionnellement r\u00e9sistant \u00e0 la corrosion et poss\u00e8de une duret\u00e9 in\u00e9gal\u00e9e, garantissant un tranchant durable.<\/p>\n<p>Nous nous sommes associ\u00e9s \u00e0 Staleks au Canada pour fournir un ensemble complet de produits professionnels destin\u00e9s \u00e0 rendre le travail du proth\u00e9siste ongulaire totalement id\u00e9al.<\/p>","protected":false},"featured_media":10190,"comment_status":"open","ping_status":"closed","template":"","meta":{"jetpack_post_was_ever_published":false,"jetpack_publicize_message":"","jetpack_publicize_feature_enabled":true,"jetpack_social_post_already_shared":false,"jetpack_social_options":{"image_generator_settings":{"template":"highway","default_image_id":0,"font":"","enabled":false},"version":2}},"product_brand":[935],"product_cat":[362],"product_tag":[606,368],"class_list":{"0":"post-10188","1":"product","2":"type-product","3":"status-publish","4":"has-post-thumbnail","6":"product_brand-staleks","7":"product_cat-staleks-cuticle-pushers","8":"product_tag-cuticle-pushers","9":"product_tag-staleks-smart-series","10":"product_shipping_class-cardboard-box","11":"pa_size-type-1","13":"first","14":"instock","15":"taxable","16":"shipping-taxable","17":"purchasable","18":"product-type-simple"},"jetpack_publicize_connections":[],"jetpack-related-posts":[{"id":43028,"url":"https:\/\/victoriavynn.ca\/fr\/product\/ulka-diamond-ball-bit-blue-4mm-b040-m\/","url_meta":{"origin":10188,"position":0},"title":"\u00dcLKA M\u00e8che \u00e0 clous diamant\u00e9e t\u00eate bleue diam\u00e8tre 4 mm (B040-M)","author":"Serge Sahakian","date":"D\u00e9cembre 10, 2025","format":false,"excerpt":"L'embout \u00e0 bille \u00dcLKA Diamond en marquage bleu est id\u00e9al pour traiter la zone de la cuticule et les parois lat\u00e9rales. Son grain moyen permet d'\u00e9quilibrer la pr\u00e9cision et l'efficacit\u00e9, garantissant une performance contr\u00f4l\u00e9e et fiable. Sp\u00e9cifications du produit : Forme : Boule Grain : Diam\u00e8tre moyen de la t\u00eate : 4,0 mm Mat\u00e9riau : Rev\u00eatement en diamant de haute qualit\u00e9 Couleur du grain : Bleu Code produit : B040-M","rel":"","context":"Similar post","block_context":{"text":"Similar post","link":""},"img":{"alt_text":"U\u0308LKA Diamond Nail Drill Bit Ball Blue Head 4 mm \u2013 B040-M","src":"https:\/\/i0.wp.com\/victoriavynn.ca\/wp-content\/uploads\/2025\/12\/ulka-diamond-nail-drill-bit-ball-blue-head-4-mm-%E2%80%93-b040-m.webp?fit=750%2C1000&ssl=1&resize=350%2C200","width":350,"height":200,"srcset":"https:\/\/i0.wp.com\/victoriavynn.ca\/wp-content\/uploads\/2025\/12\/ulka-diamond-nail-drill-bit-ball-blue-head-4-mm-%E2%80%93-b040-m.webp?fit=750%2C1000&ssl=1&resize=350%2C200 1x, https:\/\/i0.wp.com\/victoriavynn.ca\/wp-content\/uploads\/2025\/12\/ulka-diamond-nail-drill-bit-ball-blue-head-4-mm-%E2%80%93-b040-m.webp?fit=750%2C1000&ssl=1&resize=525%2C300 1.5x, https:\/\/i0.wp.com\/victoriavynn.ca\/wp-content\/uploads\/2025\/12\/ulka-diamond-nail-drill-bit-ball-blue-head-4-mm-%E2%80%93-b040-m.webp?fit=750%2C1000&ssl=1&resize=700%2C400 2x"},"classes":[]},{"id":42957,"url":"https:\/\/victoriavynn.ca\/fr\/product\/ulka-dry-heat-sterilizer-mercury-2v\/","url_meta":{"origin":10188,"position":1},"title":"\u00dcLKA St\u00e9rilisateur \u00e0 chaleur s\u00e8che Mercure 2V","author":"Serge Sahakian","date":"D\u00e9cembre 10, 2025","format":false,"excerpt":"L'\u00dcLKA Mercury 2V est un st\u00e9rilisateur \u00e0 chaleur s\u00e8che haute performance con\u00e7u pour les salons professionnels. Il offre une st\u00e9rilisation rapide et sans produits chimiques qui prot\u00e8ge les outils m\u00e9talliques, \u00e9limine les bact\u00e9ries et garantit une hygi\u00e8ne compl\u00e8te \u00e0 chaque cycle. Sp\u00e9cifications du produit : St\u00e9rilisation par chaleur s\u00e8che \u00e0 haute temp\u00e9rature pour une hygi\u00e8ne s\u00fbre et sans produits chimiques Parfait pour les outils m\u00e9talliques de manucure, de p\u00e9dicure et de cosm\u00e9tique...","rel":"","context":"Similar post","block_context":{"text":"Similar post","link":""},"img":{"alt_text":"ulka dry hear sterilizer mercury 2v","src":"https:\/\/i0.wp.com\/victoriavynn.ca\/wp-content\/uploads\/2025\/12\/ulka-dry-hear-sterilizer-mercury-2v-1-1.webp?fit=750%2C1000&ssl=1&resize=350%2C200","width":350,"height":200,"srcset":"https:\/\/i0.wp.com\/victoriavynn.ca\/wp-content\/uploads\/2025\/12\/ulka-dry-hear-sterilizer-mercury-2v-1-1.webp?fit=750%2C1000&ssl=1&resize=350%2C200 1x, https:\/\/i0.wp.com\/victoriavynn.ca\/wp-content\/uploads\/2025\/12\/ulka-dry-hear-sterilizer-mercury-2v-1-1.webp?fit=750%2C1000&ssl=1&resize=525%2C300 1.5x, https:\/\/i0.wp.com\/victoriavynn.ca\/wp-content\/uploads\/2025\/12\/ulka-dry-hear-sterilizer-mercury-2v-1-1.webp?fit=750%2C1000&ssl=1&resize=700%2C400 2x"},"classes":[]},{"id":42959,"url":"https:\/\/victoriavynn.ca\/fr\/product\/ulka-dry-heat-sterilizer-jupiter-10v\/","url_meta":{"origin":10188,"position":2},"title":"\u00dcLKA St\u00e9rilisateur \u00e0 chaleur s\u00e8che Jupiter 10V","author":"Serge Sahakian","date":"D\u00e9cembre 10, 2025","format":false,"excerpt":"L'\u00dcLKA Jupiter 10V est un st\u00e9rilisateur \u00e0 chaleur s\u00e8che de grande capacit\u00e9 con\u00e7u pour les salons de coiffure tr\u00e8s fr\u00e9quent\u00e9s. Il permet une st\u00e9rilisation rapide et sans produits chimiques, prot\u00e8ge les outils m\u00e9talliques et garantit une hygi\u00e8ne compl\u00e8te \u00e0 chaque cycle. Sp\u00e9cifications du produit : St\u00e9rilisateur \u00e0 chaleur s\u00e8che de grande capacit\u00e9 pour les salons de coiffure \u00e0 grand volume Chauffage rapide et contr\u00f4le stable de la temp\u00e9rature St\u00e9rilisation sans produits chimiques - pas de corrosion ni d'humidit\u00e9 Durable....","rel":"","context":"Similar post","block_context":{"text":"Similar post","link":""},"img":{"alt_text":"ulka dry heat sterilzier jupiter 10v","src":"https:\/\/i0.wp.com\/victoriavynn.ca\/wp-content\/uploads\/2025\/12\/ulka-dry-heat-sterilzier-jupiter-10v.webp?fit=750%2C1000&ssl=1&resize=350%2C200","width":350,"height":200,"srcset":"https:\/\/i0.wp.com\/victoriavynn.ca\/wp-content\/uploads\/2025\/12\/ulka-dry-heat-sterilzier-jupiter-10v.webp?fit=750%2C1000&ssl=1&resize=350%2C200 1x, https:\/\/i0.wp.com\/victoriavynn.ca\/wp-content\/uploads\/2025\/12\/ulka-dry-heat-sterilzier-jupiter-10v.webp?fit=750%2C1000&ssl=1&resize=525%2C300 1.5x, https:\/\/i0.wp.com\/victoriavynn.ca\/wp-content\/uploads\/2025\/12\/ulka-dry-heat-sterilzier-jupiter-10v.webp?fit=750%2C1000&ssl=1&resize=700%2C400 2x"},"classes":[]},{"id":42998,"url":"https:\/\/victoriavynn.ca\/fr\/product\/ulka-carbide-corn-bit-blue-5mm-c513-m\/","url_meta":{"origin":10188,"position":3},"title":"\u00dcLKA M\u00e8che \u00e0 clous en carbure de ma\u00efs bleu diam\u00e8tre de la t\u00eate 5,0 mm \/ partie travaillante 13 mm (C513-M)","author":"Serge Sahakian","date":"D\u00e9cembre 10, 2025","format":false,"excerpt":"La m\u00e8che \u00dcLKA en carbure \u201cCorn\u201d est con\u00e7ue pour un travail stable et contr\u00f4l\u00e9. Sa forme droite assure un limage en douceur sans pression excessive, tandis que le grain moyen permet d'enlever rapidement et confortablement les rev\u00eatements. Il s'agit d'un outil id\u00e9al pour une utilisation r\u00e9guli\u00e8re en salon, o\u00f9 l'efficacit\u00e9 et le confort du client sont tout aussi importants. Produit...","rel":"","context":"Similar post","block_context":{"text":"Similar post","link":""},"img":{"alt_text":"U\u0308LKA Carbide nail drill bit corn blue head diameter 5.0 mm : working part 13 mm (C513-M)","src":"https:\/\/i0.wp.com\/victoriavynn.ca\/wp-content\/uploads\/2025\/12\/ulka-carbide-nail-drill-bit-corn-blue-head-diameter-5.0-mm-working-part-13-mm-c513-m.webp?fit=750%2C1000&ssl=1&resize=350%2C200","width":350,"height":200,"srcset":"https:\/\/i0.wp.com\/victoriavynn.ca\/wp-content\/uploads\/2025\/12\/ulka-carbide-nail-drill-bit-corn-blue-head-diameter-5.0-mm-working-part-13-mm-c513-m.webp?fit=750%2C1000&ssl=1&resize=350%2C200 1x, https:\/\/i0.wp.com\/victoriavynn.ca\/wp-content\/uploads\/2025\/12\/ulka-carbide-nail-drill-bit-corn-blue-head-diameter-5.0-mm-working-part-13-mm-c513-m.webp?fit=750%2C1000&ssl=1&resize=525%2C300 1.5x, https:\/\/i0.wp.com\/victoriavynn.ca\/wp-content\/uploads\/2025\/12\/ulka-carbide-nail-drill-bit-corn-blue-head-diameter-5.0-mm-working-part-13-mm-c513-m.webp?fit=750%2C1000&ssl=1&resize=700%2C400 2x"},"classes":[]},{"id":43004,"url":"https:\/\/victoriavynn.ca\/fr\/product\/ulka-carbide-cone-bit-green-6mm-c615-c\/","url_meta":{"origin":10188,"position":4},"title":"\u00dcLKA M\u00e8che \u00e0 clouer en carbure, c\u00f4ne vert t\u00eate diam\u00e8tre 6.0 mm \/ partie travaillante 15 mm (C615-C)","author":"Serge Sahakian","date":"D\u00e9cembre 10, 2025","format":false,"excerpt":"L'embout \u201cCone\u201d en carbure \u00dcLKA avec marquage vert est destin\u00e9 aux travaux intensifs en salon. Il permet de retirer rapidement les mat\u00e9riaux durables tels que les gels et les acryliques, tout en maintenant la stabilit\u00e9 et le contr\u00f4le tout au long du processus. Sp\u00e9cifications du produit : Forme : C\u00f4ne Grain : Grossi\u00e8re Diam\u00e8tre de la t\u00eate : 6,0 mm Longueur de la t\u00eate : 15 mm Mat\u00e9riau : Carbure de tungst\u00e8ne de haute qualit\u00e9 : Carbure de tungst\u00e8ne de haute qualit\u00e9...","rel":"","context":"Similar post","block_context":{"text":"Similar post","link":""},"img":{"alt_text":"U\u0308LKA Carbide nail drill bit cone green head diameter 6.0 mm : working part 15 mm (C615-C)","src":"https:\/\/i0.wp.com\/victoriavynn.ca\/wp-content\/uploads\/2025\/12\/ulka-carbide-nail-drill-bit-cone-green-head-diameter-6.0-mm-working-part-15-mm-c615-c-.webp?fit=750%2C1000&ssl=1&resize=350%2C200","width":350,"height":200,"srcset":"https:\/\/i0.wp.com\/victoriavynn.ca\/wp-content\/uploads\/2025\/12\/ulka-carbide-nail-drill-bit-cone-green-head-diameter-6.0-mm-working-part-15-mm-c615-c-.webp?fit=750%2C1000&ssl=1&resize=350%2C200 1x, https:\/\/i0.wp.com\/victoriavynn.ca\/wp-content\/uploads\/2025\/12\/ulka-carbide-nail-drill-bit-cone-green-head-diameter-6.0-mm-working-part-15-mm-c615-c-.webp?fit=750%2C1000&ssl=1&resize=525%2C300 1.5x, https:\/\/i0.wp.com\/victoriavynn.ca\/wp-content\/uploads\/2025\/12\/ulka-carbide-nail-drill-bit-cone-green-head-diameter-6.0-mm-working-part-15-mm-c615-c-.webp?fit=750%2C1000&ssl=1&resize=700%2C400 2x"},"classes":[]},{"id":43006,"url":"https:\/\/victoriavynn.ca\/fr\/product\/ulka-carbide-nail-drill-bit-needle-blue-head-diameter-2-3-mm-working-part-14-mm-c2314-m-2\/","url_meta":{"origin":10188,"position":5},"title":"\u00dcLKA M\u00e8che \u00e0 clou en carbure aiguille bleu diam\u00e8tre t\u00eate 2.3 mm \/ partie travaillante 14 mm (C2314-M)","author":"Serge Sahakian","date":"D\u00e9cembre 10, 2025","format":false,"excerpt":"L'aiguille en carbure \u00dcLKA avec une partie travaillante de 14 mm est con\u00e7ue pour un nettoyage d\u00e9taill\u00e9 et pr\u00e9cis des parois lat\u00e9rales et des d\u00e9collements apr\u00e8s la polym\u00e9risation. Gr\u00e2ce \u00e0 sa forme allong\u00e9e et \u00e0 sa pointe arrondie, il travaille en douceur et en toute s\u00e9curit\u00e9 sans endommager la plaque de l'ongle. Le grain moyen permet de travailler...","rel":"","context":"Similar post","block_context":{"text":"Similar post","link":""},"img":{"alt_text":"U\u0308LKA Carbide nail drill bit needle blue head diameter 2.3 mm : working part 14 mm (C2314-M)","src":"https:\/\/i0.wp.com\/victoriavynn.ca\/wp-content\/uploads\/2025\/12\/ulka-carbide-nail-drill-bit-needle-blue-head-diameter-2.3-mm-working-part-14-mm-c2314-m-1.webp?fit=750%2C1000&ssl=1&resize=350%2C200","width":350,"height":200,"srcset":"https:\/\/i0.wp.com\/victoriavynn.ca\/wp-content\/uploads\/2025\/12\/ulka-carbide-nail-drill-bit-needle-blue-head-diameter-2.3-mm-working-part-14-mm-c2314-m-1.webp?fit=750%2C1000&ssl=1&resize=350%2C200 1x, https:\/\/i0.wp.com\/victoriavynn.ca\/wp-content\/uploads\/2025\/12\/ulka-carbide-nail-drill-bit-needle-blue-head-diameter-2.3-mm-working-part-14-mm-c2314-m-1.webp?fit=750%2C1000&ssl=1&resize=525%2C300 1.5x, https:\/\/i0.wp.com\/victoriavynn.ca\/wp-content\/uploads\/2025\/12\/ulka-carbide-nail-drill-bit-needle-blue-head-diameter-2.3-mm-working-part-14-mm-c2314-m-1.webp?fit=750%2C1000&ssl=1&resize=700%2C400 2x"},"classes":[]}],"jetpack_sharing_enabled":true,"_links":{"self":[{"href":"https:\/\/victoriavynn.ca\/fr\/wp-json\/wp\/v2\/product\/10188","targetHints":{"allow":["GET"]}}],"collection":[{"href":"https:\/\/victoriavynn.ca\/fr\/wp-json\/wp\/v2\/product"}],"about":[{"href":"https:\/\/victoriavynn.ca\/fr\/wp-json\/wp\/v2\/types\/product"}],"replies":[{"embeddable":true,"href":"https:\/\/victoriavynn.ca\/fr\/wp-json\/wp\/v2\/comments?post=10188"}],"wp:featuredmedia":[{"embeddable":true,"href":"https:\/\/victoriavynn.ca\/fr\/wp-json\/wp\/v2\/media\/10190"}],"wp:attachment":[{"href":"https:\/\/victoriavynn.ca\/fr\/wp-json\/wp\/v2\/media?parent=10188"}],"wp:term":[{"taxonomy":"product_brand","embeddable":true,"href":"https:\/\/victoriavynn.ca\/fr\/wp-json\/wp\/v2\/product_brand?post=10188"},{"taxonomy":"product_cat","embeddable":true,"href":"https:\/\/victoriavynn.ca\/fr\/wp-json\/wp\/v2\/product_cat?post=10188"},{"taxonomy":"product_tag","embeddable":true,"href":"https:\/\/victoriavynn.ca\/fr\/wp-json\/wp\/v2\/product_tag?post=10188"}],"curies":[{"name":"wp","href":"https:\/\/api.w.org\/{rel}","templated":true}]}}