{"id":10607,"date":"2023-02-06T18:58:05","date_gmt":"2023-02-06T23:58:05","guid":{"rendered":"https:\/\/victoriavynn.ca\/?post_type=product&#038;p=10607"},"modified":"2026-04-01T14:42:40","modified_gmt":"2026-04-01T18:42:40","slug":"ciseaux-a-cuticules-super-fins-et-courbes-sx-21","status":"publish","type":"product","link":"https:\/\/victoriavynn.ca\/fr\/product\/super-fine-curved-cuticle-scissors-sx-21\/","title":{"rendered":"Staleks Exclusive 21 Ciseaux \u00e0 cuticules professionnels (Magnolia Design)"},"content":{"rendered":"<div class=\"elementor-element elementor-element-ccfb871 elementor-widget elementor-widget-heading\" data-id=\"ccfb871\" data-element_type=\"widget\" data-widget_type=\"heading.default\">\n<div class=\"elementor-widget-container\">\n<p>Ciseaux \u00e0 cuticules professionnels super fins et courb\u00e9s.<\/p>\n<p class=\"elementor-heading-title elementor-size-default\">Qualit\u00e9 des produits Staleks<\/p>\n<\/div>\n<\/div>\n<div class=\"elementor-element elementor-element-145f648 u-links-anim-ul elementor-widget elementor-widget-text-editor\" data-id=\"145f648\" data-element_type=\"widget\" data-widget_type=\"text-editor.default\">\n<div class=\"elementor-widget-container\">\n<p>Staleks se consacre \u00e0 la qualit\u00e9 du produit. Le cycle de production comprend des processus d'assurance qualit\u00e9 \u00e0 l'entr\u00e9e et \u00e0 la sortie. La qualit\u00e9 des mati\u00e8res premi\u00e8res entrantes est v\u00e9rifi\u00e9e dans les laboratoires certifi\u00e9s o\u00f9 les aspects physiques et chimiques de l'acier sont analys\u00e9s. Un acier inoxydable de qualit\u00e9 m\u00e9dicale import\u00e9 d'Espagne est utilis\u00e9 pour la fabrication de tous les instruments. Ce type d'acier est exceptionnellement r\u00e9sistant \u00e0 la corrosion et poss\u00e8de une duret\u00e9 in\u00e9gal\u00e9e, garantissant un tranchant durable. L'acier est utilis\u00e9 pour les gammes d'instruments \u00e0 usage professionnel et domestique.<\/p>\n<p>L'assurance qualit\u00e9 de la production est assur\u00e9e par le d\u00e9partement CQ. Les sp\u00e9cialistes du CQ v\u00e9rifient la conformit\u00e9 de tous les produits aux r\u00e8glements et aux normes. Si des d\u00e9fauts sont constat\u00e9s, l'instrument est renvoy\u00e9 pour \u00eatre retravaill\u00e9. Cette approche m\u00e9ticuleuse garantit que seuls les produits de haute qualit\u00e9 r\u00e9pondant \u00e0 toutes les normes sont mis sur le march\u00e9.<\/p>\n<p>Staleks a mis en place la norme ISO 9001:2015, un syst\u00e8me de gestion de la qualit\u00e9 efficace et conforme aux normes internationales. Une gestion comp\u00e9tente du cycle de travail est le facteur cl\u00e9 de la fabrication de produits de premier ordre.<\/p>\n<p>Ciseaux \u00e0 cuticules professionnels super fins et courb\u00e9s.<\/p>\n<\/div>\n<\/div>","protected":false},"excerpt":{"rendered":"<p>Ciseaux \u00e0 cuticules professionnels super fins et courb\u00e9s.<\/p>\n<p>Staleks se consacre \u00e0 la qualit\u00e9 de ses produits. L'acier utilis\u00e9 pour la production des embouts est exceptionnellement r\u00e9sistant \u00e0 la corrosion et poss\u00e8de une duret\u00e9 in\u00e9gal\u00e9e, garantissant un tranchant durable.<\/p>\n<p>Nous nous sommes associ\u00e9s \u00e0 Staleks au Canada pour fournir un ensemble complet de produits professionnels destin\u00e9s \u00e0 rendre le travail du proth\u00e9siste ongulaire totalement id\u00e9al.<\/p>","protected":false},"featured_media":10610,"comment_status":"open","ping_status":"closed","template":"","meta":{"jetpack_post_was_ever_published":false,"jetpack_publicize_message":"","jetpack_publicize_feature_enabled":true,"jetpack_social_post_already_shared":false,"jetpack_social_options":{"image_generator_settings":{"template":"highway","default_image_id":0,"font":"","enabled":false},"version":2}},"product_brand":[935],"product_cat":[540],"product_tag":[609,543],"class_list":{"0":"post-10607","1":"product","2":"type-product","3":"status-publish","4":"has-post-thumbnail","6":"product_brand-staleks","7":"product_cat-staleks-cuticle-scissors","8":"product_tag-cuticle-scissors","9":"product_tag-staleks-exclusive-series","10":"product_shipping_class-cardboard-box","11":"pa_size-type-1","12":"pa_size-type-2","14":"first","15":"instock","16":"taxable","17":"shipping-taxable","18":"purchasable","19":"product-type-variable","20":"wvs-archive-product-wrapper"},"jetpack_publicize_connections":[],"jetpack-related-posts":[{"id":10448,"url":"https:\/\/victoriavynn.ca\/fr\/product\/staleks-curved-cuticle-scissors-classic-11\/","url_meta":{"origin":10607,"position":0},"title":"Staleks Classic 11 Type 1 Ciseaux \u00e0 cuticules","author":"Serge Sahakian","date":"f\u00e9vrier 4, 2023","format":false,"excerpt":"Ciseaux \u00e0 cuticules courb\u00e9s professionnels de haute qualit\u00e9. Staleks se consacre \u00e0 la qualit\u00e9 de ses produits. L'acier utilis\u00e9 pour la production des embouts est exceptionnellement r\u00e9sistant \u00e0 la corrosion et d'une duret\u00e9 in\u00e9gal\u00e9e, garantissant un tranchant durable. Nous nous sommes associ\u00e9s \u00e0 Staleks au Canada pour fournir un ensemble complet de produits professionnels...","rel":"","context":"Similar post","block_context":{"text":"Similar post","link":""},"img":{"alt_text":"Staleks Best Classic 11 Curved Cuticle Scissors Type 1","src":"https:\/\/i0.wp.com\/victoriavynn.ca\/wp-content\/uploads\/2023\/02\/Staleks-Best-Classic-11-Curved-Cuticle-Scissors-Type-1.webp?fit=750%2C1000&ssl=1&resize=350%2C200","width":350,"height":200,"srcset":"https:\/\/i0.wp.com\/victoriavynn.ca\/wp-content\/uploads\/2023\/02\/Staleks-Best-Classic-11-Curved-Cuticle-Scissors-Type-1.webp?fit=750%2C1000&ssl=1&resize=350%2C200 1x, https:\/\/i0.wp.com\/victoriavynn.ca\/wp-content\/uploads\/2023\/02\/Staleks-Best-Classic-11-Curved-Cuticle-Scissors-Type-1.webp?fit=750%2C1000&ssl=1&resize=525%2C300 1.5x, https:\/\/i0.wp.com\/victoriavynn.ca\/wp-content\/uploads\/2023\/02\/Staleks-Best-Classic-11-Curved-Cuticle-Scissors-Type-1.webp?fit=750%2C1000&ssl=1&resize=700%2C400 2x"},"classes":[]},{"id":10481,"url":"https:\/\/victoriavynn.ca\/fr\/product\/staleks-cuticle-scissors-curved-bc-10\/","url_meta":{"origin":10607,"position":1},"title":"Staleks Beauty &amp; Care 10 Type 1 Matte Ciseaux \u00e0 cuticules","author":"Serge Sahakian","date":"f\u00e9vrier 4, 2023","format":false,"excerpt":"Ciseaux \u00e0 cuticules professionnels de haute qualit\u00e9, courb\u00e9s. Staleks se consacre \u00e0 la qualit\u00e9 de ses produits. L'acier utilis\u00e9 pour la production des embouts est exceptionnellement r\u00e9sistant \u00e0 la corrosion et d'une duret\u00e9 in\u00e9gal\u00e9e, garantissant un tranchant durable. Nous nous sommes associ\u00e9s \u00e0 Staleks au Canada pour fournir un ensemble complet de produits professionnels...","rel":"","context":"Similar post","block_context":{"text":"Similar post","link":""},"img":{"alt_text":"STALEKS BEAUTY & CARE Nail Cuticle Scissors Curved 10 Type 1","src":"https:\/\/i0.wp.com\/victoriavynn.ca\/wp-content\/uploads\/2023\/02\/STALEKS-BEAUTY-CARE-Nail-Cuticle-Scissors-Curved-10-Type-1-.webp?fit=750%2C1000&ssl=1&resize=350%2C200","width":350,"height":200,"srcset":"https:\/\/i0.wp.com\/victoriavynn.ca\/wp-content\/uploads\/2023\/02\/STALEKS-BEAUTY-CARE-Nail-Cuticle-Scissors-Curved-10-Type-1-.webp?fit=750%2C1000&ssl=1&resize=350%2C200 1x, https:\/\/i0.wp.com\/victoriavynn.ca\/wp-content\/uploads\/2023\/02\/STALEKS-BEAUTY-CARE-Nail-Cuticle-Scissors-Curved-10-Type-1-.webp?fit=750%2C1000&ssl=1&resize=525%2C300 1.5x, https:\/\/i0.wp.com\/victoriavynn.ca\/wp-content\/uploads\/2023\/02\/STALEKS-BEAUTY-CARE-Nail-Cuticle-Scissors-Curved-10-Type-1-.webp?fit=750%2C1000&ssl=1&resize=700%2C400 2x"},"classes":[]},{"id":10555,"url":"https:\/\/victoriavynn.ca\/fr\/product\/best-curved-cuticle-scissors-smart-41\/","url_meta":{"origin":10607,"position":2},"title":"Staleks Smart 41 Type 3 Ciseaux \u00e0 cuticules professionnels","author":"Serge Sahakian","date":"f\u00e9vrier 5, 2023","format":false,"excerpt":"Ciseaux \u00e0 cuticules courb\u00e9s de haute qualit\u00e9 professionnelle. Staleks se consacre \u00e0 la qualit\u00e9 de ses produits. L'acier utilis\u00e9 pour la production des embouts est exceptionnellement r\u00e9sistant \u00e0 la corrosion et d'une duret\u00e9 in\u00e9gal\u00e9e, garantissant un tranchant durable. Nous nous sommes associ\u00e9s \u00e0 Staleks au Canada pour fournir un ensemble complet de produits professionnels...","rel":"","context":"Similar post","block_context":{"text":"Similar post","link":""},"img":{"alt_text":"Staleks Best Curved Cuticle Scissors Smart 41 Type 3","src":"https:\/\/i0.wp.com\/victoriavynn.ca\/wp-content\/uploads\/2023\/02\/Staleks-Best-Curved-Cuticle-Scissors-Smart-41-Type-3-.webp?fit=750%2C1000&ssl=1&resize=350%2C200","width":350,"height":200,"srcset":"https:\/\/i0.wp.com\/victoriavynn.ca\/wp-content\/uploads\/2023\/02\/Staleks-Best-Curved-Cuticle-Scissors-Smart-41-Type-3-.webp?fit=750%2C1000&ssl=1&resize=350%2C200 1x, https:\/\/i0.wp.com\/victoriavynn.ca\/wp-content\/uploads\/2023\/02\/Staleks-Best-Curved-Cuticle-Scissors-Smart-41-Type-3-.webp?fit=750%2C1000&ssl=1&resize=525%2C300 1.5x, https:\/\/i0.wp.com\/victoriavynn.ca\/wp-content\/uploads\/2023\/02\/Staleks-Best-Curved-Cuticle-Scissors-Smart-41-Type-3-.webp?fit=750%2C1000&ssl=1&resize=700%2C400 2x"},"classes":[]},{"id":10593,"url":"https:\/\/victoriavynn.ca\/fr\/product\/staleks-thin-cuticle-scissors-exclusive-20\/","url_meta":{"origin":10607,"position":3},"title":"Staleks Exclusive 20 Ciseaux \u00e0 cuticules professionnels (Magnolia Design)","author":"Serge Sahakian","date":"f\u00e9vrier 6, 2023","format":false,"excerpt":"Ciseaux \u00e0 cuticules professionnels minces de tr\u00e8s haute qualit\u00e9. Staleks se consacre \u00e0 la qualit\u00e9 de ses produits. L'acier utilis\u00e9 pour la production des embouts est exceptionnellement r\u00e9sistant \u00e0 la corrosion et d'une duret\u00e9 in\u00e9gal\u00e9e, garantissant un tranchant durable. Nous nous sommes associ\u00e9s \u00e0 Staleks au Canada pour fournir un ensemble professionnel complet de...","rel":"","context":"Similar post","block_context":{"text":"Similar post","link":""},"img":{"alt_text":"Staleks Thin Cuticle Scissors Exclusive 20","src":"https:\/\/i0.wp.com\/victoriavynn.ca\/wp-content\/uploads\/2023\/02\/Staleks-Thin-Cuticle-Scissors-Exclusive-20-2.webp?fit=750%2C1000&ssl=1&resize=350%2C200","width":350,"height":200,"srcset":"https:\/\/i0.wp.com\/victoriavynn.ca\/wp-content\/uploads\/2023\/02\/Staleks-Thin-Cuticle-Scissors-Exclusive-20-2.webp?fit=750%2C1000&ssl=1&resize=350%2C200 1x, https:\/\/i0.wp.com\/victoriavynn.ca\/wp-content\/uploads\/2023\/02\/Staleks-Thin-Cuticle-Scissors-Exclusive-20-2.webp?fit=750%2C1000&ssl=1&resize=525%2C300 1.5x, https:\/\/i0.wp.com\/victoriavynn.ca\/wp-content\/uploads\/2023\/02\/Staleks-Thin-Cuticle-Scissors-Exclusive-20-2.webp?fit=750%2C1000&ssl=1&resize=700%2C400 2x"},"classes":[]},{"id":10638,"url":"https:\/\/victoriavynn.ca\/fr\/product\/extra-fine-cuticle-scissors-exclusive-23\/","url_meta":{"origin":10607,"position":4},"title":"Staleks Exclusive 23 Ciseaux \u00e0 cuticules professionnels (Magnolia Design)","author":"Serge Sahakian","date":"f\u00e9vrier 6, 2023","format":false,"excerpt":"Professional High Quality Extra Fine Cuticle Scissors. Staleks dedicates itself to the product quality. The Steel used for the production of the bits is exceptionally resistant to corrosion and has unmatched hardness, ensuring long-lasting sharpness. We have Partnered with Staleks in Canada to provide a Full Professional Package of Products\u2026","rel":"","context":"Similar post","block_context":{"text":"Similar post","link":""},"img":{"alt_text":"Staleks Extra Fine Cuticle Scissors Exclusive 23","src":"https:\/\/i0.wp.com\/victoriavynn.ca\/wp-content\/uploads\/2023\/02\/Staleks-High-Quality-Cuticle-Scissors-Exclusive-23.webp?fit=750%2C1000&ssl=1&resize=350%2C200","width":350,"height":200,"srcset":"https:\/\/i0.wp.com\/victoriavynn.ca\/wp-content\/uploads\/2023\/02\/Staleks-High-Quality-Cuticle-Scissors-Exclusive-23.webp?fit=750%2C1000&ssl=1&resize=350%2C200 1x, https:\/\/i0.wp.com\/victoriavynn.ca\/wp-content\/uploads\/2023\/02\/Staleks-High-Quality-Cuticle-Scissors-Exclusive-23.webp?fit=750%2C1000&ssl=1&resize=525%2C300 1.5x, https:\/\/i0.wp.com\/victoriavynn.ca\/wp-content\/uploads\/2023\/02\/Staleks-High-Quality-Cuticle-Scissors-Exclusive-23.webp?fit=750%2C1000&ssl=1&resize=700%2C400 2x"},"classes":[]},{"id":10536,"url":"https:\/\/victoriavynn.ca\/fr\/product\/staleks-curved-manicure-scissors-smart-22\/","url_meta":{"origin":10607,"position":5},"title":"Staleks Smart 22 Type 1 Ciseaux \u00e0 cuticules professionnels","author":"Serge Sahakian","date":"f\u00e9vrier 4, 2023","format":false,"excerpt":"Ciseaux de manucure courbes professionnels de haute qualit\u00e9. Staleks se consacre \u00e0 la qualit\u00e9 de ses produits. L'acier utilis\u00e9 pour la production des embouts est exceptionnellement r\u00e9sistant \u00e0 la corrosion et d'une duret\u00e9 in\u00e9gal\u00e9e, garantissant un tranchant durable. Nous nous sommes associ\u00e9s \u00e0 Staleks au Canada pour fournir un ensemble complet de produits professionnels \u00e0...","rel":"","context":"Similar post","block_context":{"text":"Similar post","link":""},"img":{"alt_text":"Staleks Best Curved Manicure Scissors Smart 22 Type 1","src":"https:\/\/i0.wp.com\/victoriavynn.ca\/wp-content\/uploads\/2023\/02\/Staleks-Best-Curved-Manicure-Scissors-Smart-22-Type-1.webp?fit=750%2C1000&ssl=1&resize=350%2C200","width":350,"height":200,"srcset":"https:\/\/i0.wp.com\/victoriavynn.ca\/wp-content\/uploads\/2023\/02\/Staleks-Best-Curved-Manicure-Scissors-Smart-22-Type-1.webp?fit=750%2C1000&ssl=1&resize=350%2C200 1x, https:\/\/i0.wp.com\/victoriavynn.ca\/wp-content\/uploads\/2023\/02\/Staleks-Best-Curved-Manicure-Scissors-Smart-22-Type-1.webp?fit=750%2C1000&ssl=1&resize=525%2C300 1.5x, https:\/\/i0.wp.com\/victoriavynn.ca\/wp-content\/uploads\/2023\/02\/Staleks-Best-Curved-Manicure-Scissors-Smart-22-Type-1.webp?fit=750%2C1000&ssl=1&resize=700%2C400 2x"},"classes":[]}],"jetpack_sharing_enabled":true,"_links":{"self":[{"href":"https:\/\/victoriavynn.ca\/fr\/wp-json\/wp\/v2\/product\/10607","targetHints":{"allow":["GET"]}}],"collection":[{"href":"https:\/\/victoriavynn.ca\/fr\/wp-json\/wp\/v2\/product"}],"about":[{"href":"https:\/\/victoriavynn.ca\/fr\/wp-json\/wp\/v2\/types\/product"}],"replies":[{"embeddable":true,"href":"https:\/\/victoriavynn.ca\/fr\/wp-json\/wp\/v2\/comments?post=10607"}],"wp:featuredmedia":[{"embeddable":true,"href":"https:\/\/victoriavynn.ca\/fr\/wp-json\/wp\/v2\/media\/10610"}],"wp:attachment":[{"href":"https:\/\/victoriavynn.ca\/fr\/wp-json\/wp\/v2\/media?parent=10607"}],"wp:term":[{"taxonomy":"product_brand","embeddable":true,"href":"https:\/\/victoriavynn.ca\/fr\/wp-json\/wp\/v2\/product_brand?post=10607"},{"taxonomy":"product_cat","embeddable":true,"href":"https:\/\/victoriavynn.ca\/fr\/wp-json\/wp\/v2\/product_cat?post=10607"},{"taxonomy":"product_tag","embeddable":true,"href":"https:\/\/victoriavynn.ca\/fr\/wp-json\/wp\/v2\/product_tag?post=10607"}],"curies":[{"name":"wp","href":"https:\/\/api.w.org\/{rel}","templated":true}]}}