{"id":10819,"date":"2023-03-01T23:32:14","date_gmt":"2023-03-02T04:32:14","guid":{"rendered":"https:\/\/victoriavynn.ca\/product\/pharm-foot-ozon-guard-150ml-ozone-oil-line\/"},"modified":"2026-04-02T22:50:35","modified_gmt":"2026-04-03T02:50:35","slug":"ozon-guard-150ml-spray-contre-les-odeurs-de-pieds","status":"publish","type":"product","link":"https:\/\/victoriavynn.ca\/fr\/product\/ozon-guard-150ml-spray-for-foot-odor\/","title":{"rendered":"Pharm Foot OZON GUARD 150ml (Ozone Oil Line)"},"content":{"rendered":"<div class=\"title\">\n<p>Pharm Foot <strong>OZONE GUARD - <\/strong>Le SPRAY PROTECTEUR \u00e0 l'huile d'olive ozon\u00e9e est vraiment le meilleur spray contre les odeurs de pieds. Caract\u00e9ris\u00e9 par ses propri\u00e9t\u00e9s antimicrobiennes et antibact\u00e9riennes, OZONE GUARD r\u00e9duit la transpiration et rafra\u00eechit les pieds. Il ne dess\u00e8che pas la peau et peut \u00eatre utilis\u00e9 sur une peau s\u00e8che. Recommand\u00e9 pour les personnes qui fr\u00e9quentent les piscines et font du sport.<\/p>\n<p>Pour le salon et la maison - Capacit\u00e9\u00a0<strong>150ml<\/strong><br \/>\n(environ 150 traitements)<\/p>\n<p>&nbsp;<\/p>\n<p>RECOMMANDATIONS<br \/>\n<strong>OZONE GUARD<\/strong><\/p>\n<\/div>\n<div class=\"text text-2\">\n<ul>\n<li>spray pour les pieds avec un microbiome cutan\u00e9 d\u00e9s\u00e9quilibr\u00e9<\/li>\n<li>l'hyperhidrose et l'odeur d\u00e9sagr\u00e9able des pieds<\/li>\n<li>recommand\u00e9 pour les personnes qui fr\u00e9quentent les piscines et font du sport<\/li>\n<li>\u00e9galement pour les diab\u00e9tiques<\/li>\n<\/ul>\n<div class=\"title\">\n<p>&nbsp;<\/p>\n<p>EFFET<br \/>\n<strong>OZONE GUARD<\/strong><\/p>\n<\/div>\n<div class=\"text text-2\">\n<ul>\n<li>r\u00e9duit la transpiration et rafra\u00eechit les pieds<\/li>\n<li>apaise et soulage<\/li>\n<li>ne dess\u00e8che pas la peau, peut \u00eatre utilis\u00e9 sur une peau s\u00e8che<\/li>\n<li>laisse un film d\u00e9licat sur la peau<\/li>\n<li>poss\u00e8de des propri\u00e9t\u00e9s antimicrobiennes et antibact\u00e9riennes<\/li>\n<\/ul>\n<div class=\"title\">\n<p>&nbsp;<\/p>\n<p>MODE D'EMPLOI<br \/>\n<strong>OZONE GUARD<\/strong><\/p>\n<\/div>\n<div class=\"text text-2\">\n<ul>\n<li>pulv\u00e9riser les pieds \u00e0 une distance de 10 cm<\/li>\n<li>appliquer apr\u00e8s un soin de p\u00e9dicure et utiliser plusieurs fois par jour en prophylaxie<\/li>\n<\/ul>\n<p>&nbsp;<\/p>\n<p>INGREDIENTS<br \/>\n<strong>OZONE GUARD<\/strong><\/p>\n<p>Alcohol Denat, Aqua, Aluminum Chlorohydrate, Propylene Glycol, PEG-40 Hydrogenated Castor Oil, Propanediol, Rhamnose, Glucose, Glucuronic Acid, Panthenol, Citric Acid, Phenoxyethanol, Ethylhexylglycerin, Allantoin, Ozonized Olive Oil, Menthol, 4-Climbazoline , Parfum.<\/p>\n<\/div>\n<\/div>\n<\/div>","protected":false},"excerpt":{"rendered":"<p>Pharm Foot <strong>OZONE GUARD - <\/strong>Le SPRAY PROTECTEUR \u00e0 l'huile d'olive ozon\u00e9e est vraiment le meilleur spray contre les odeurs de pieds. Caract\u00e9ris\u00e9 par ses propri\u00e9t\u00e9s antimicrobiennes et antibact\u00e9riennes, OZONE GUARD r\u00e9duit la transpiration et rafra\u00eechit les pieds. Il ne dess\u00e8che pas la peau et peut \u00eatre utilis\u00e9 sur une peau s\u00e8che. Recommand\u00e9 pour les personnes qui fr\u00e9quentent les piscines et font du sport.<\/p>\n<p>Pour le salon et la maison - Capacit\u00e9\u00a0<strong>150ml<\/strong><br \/>\n(environ 150 traitements)<\/p>\n<p>Sp\u00e9cifications des produits :<\/p>\n<p><img loading=\"lazy\" decoding=\"async\" class=\"size-full wp-image-11783\" src=\"https:\/\/victoriavynn.ca\/wp-content\/uploads\/2023\/04\/SOOTHING-EFFECT-PHARM-FOOT.webp\" alt=\"EFFET APAISANT PHARM PIED\" width=\"125\" height=\"150\" srcset=\"https:\/\/i0.wp.com\/victoriavynn.ca\/wp-content\/uploads\/2023\/04\/SOOTHING-EFFECT-PHARM-FOOT.webp?w=125&amp;ssl=1 125w, https:\/\/i0.wp.com\/victoriavynn.ca\/wp-content\/uploads\/2023\/04\/SOOTHING-EFFECT-PHARM-FOOT.webp?resize=10%2C12&amp;ssl=1 10w\" sizes=\"auto, (max-width: 125px) 100vw, 125px\" \/><\/p>\n<p><img loading=\"lazy\" decoding=\"async\" class=\"size-full wp-image-11909\" src=\"https:\/\/victoriavynn.ca\/wp-content\/uploads\/2023\/03\/pharm-foot-best-spray-for-foot-odor-Ozone-Guard-150ml.webp\" alt=\"pharm foot meilleur spray pour les odeurs de pieds Ozone Guard 150ml\" width=\"125\" height=\"150\" srcset=\"https:\/\/i0.wp.com\/victoriavynn.ca\/wp-content\/uploads\/2023\/03\/pharm-foot-best-spray-for-foot-odor-Ozone-Guard-150ml.webp?w=125&amp;ssl=1 125w, https:\/\/i0.wp.com\/victoriavynn.ca\/wp-content\/uploads\/2023\/03\/pharm-foot-best-spray-for-foot-odor-Ozone-Guard-150ml.webp?resize=10%2C12&amp;ssl=1 10w\" sizes=\"auto, (max-width: 125px) 100vw, 125px\" \/><\/p>\n<p><img loading=\"lazy\" decoding=\"async\" class=\"size-full wp-image-11815\" src=\"https:\/\/victoriavynn.ca\/wp-content\/uploads\/2023\/04\/ANTIBACTERIAL.webp\" alt=\"ANTIBACTERIEN\" width=\"125\" height=\"150\" srcset=\"https:\/\/i0.wp.com\/victoriavynn.ca\/wp-content\/uploads\/2023\/04\/ANTIBACTERIAL.webp?w=125&amp;ssl=1 125w, https:\/\/i0.wp.com\/victoriavynn.ca\/wp-content\/uploads\/2023\/04\/ANTIBACTERIAL.webp?resize=10%2C12&amp;ssl=1 10w\" sizes=\"auto, (max-width: 125px) 100vw, 125px\" \/><\/p>","protected":false},"featured_media":11914,"comment_status":"open","ping_status":"closed","template":"","meta":[],"product_brand":[],"product_cat":[551],"product_tag":[586],"class_list":{"0":"post-10819","1":"product","2":"type-product","3":"status-publish","4":"has-post-thumbnail","6":"product_cat-ozone-oil-line","7":"product_tag-spray","8":"product_shipping_class-cardboard-box","9":"pa_size-150-ml","11":"first","12":"instock","13":"taxable","14":"shipping-taxable","15":"purchasable","16":"product-type-simple"},"jetpack_sharing_enabled":true,"_links":{"self":[{"href":"https:\/\/victoriavynn.ca\/fr\/wp-json\/wp\/v2\/product\/10819","targetHints":{"allow":["GET"]}}],"collection":[{"href":"https:\/\/victoriavynn.ca\/fr\/wp-json\/wp\/v2\/product"}],"about":[{"href":"https:\/\/victoriavynn.ca\/fr\/wp-json\/wp\/v2\/types\/product"}],"replies":[{"embeddable":true,"href":"https:\/\/victoriavynn.ca\/fr\/wp-json\/wp\/v2\/comments?post=10819"}],"wp:featuredmedia":[{"embeddable":true,"href":"https:\/\/victoriavynn.ca\/fr\/wp-json\/wp\/v2\/media\/11914"}],"wp:attachment":[{"href":"https:\/\/victoriavynn.ca\/fr\/wp-json\/wp\/v2\/media?parent=10819"}],"wp:term":[{"taxonomy":"product_brand","embeddable":true,"href":"https:\/\/victoriavynn.ca\/fr\/wp-json\/wp\/v2\/product_brand?post=10819"},{"taxonomy":"product_cat","embeddable":true,"href":"https:\/\/victoriavynn.ca\/fr\/wp-json\/wp\/v2\/product_cat?post=10819"},{"taxonomy":"product_tag","embeddable":true,"href":"https:\/\/victoriavynn.ca\/fr\/wp-json\/wp\/v2\/product_tag?post=10819"}],"curies":[{"name":"wp","href":"https:\/\/api.w.org\/{rel}","templated":true}]}}