{"id":10823,"date":"2023-03-01T23:34:16","date_gmt":"2023-03-02T04:34:16","guid":{"rendered":"https:\/\/victoriavynn.ca\/product\/pharm-foot-ozone-rebuilder-400ml-ozone-oil-line\/"},"modified":"2026-02-13T18:52:59","modified_gmt":"2026-02-13T23:52:59","slug":"pharm-foot-ozone-rebuilder-400ml-ozone-oil-line","status":"publish","type":"product","link":"https:\/\/victoriavynn.ca\/fr\/product\/pharm-foot-ozone-rebuilder-400ml-ozone-oil-line\/","title":{"rendered":"Pharm Foot OZONE reBUILDER 400ml (Ozone Oil Line)"},"content":{"rendered":"","protected":false},"excerpt":{"rendered":"<p>CREME REBONDISSANTE &amp; PROTECTRICE \u00e0 l'huile d'ozone 400ml<\/p>","protected":false},"featured_media":11066,"comment_status":"open","ping_status":"closed","template":"","meta":{"jetpack_post_was_ever_published":false,"jetpack_publicize_message":"","jetpack_publicize_feature_enabled":true,"jetpack_social_post_already_shared":false,"jetpack_social_options":{"image_generator_settings":{"template":"highway","default_image_id":0,"font":"","enabled":false},"version":2}},"product_brand":[],"product_cat":[551],"product_tag":[],"class_list":{"0":"post-10823","1":"product","2":"type-product","3":"status-publish","4":"has-post-thumbnail","6":"product_cat-ozone-oil-line","8":"first","9":"outofstock","10":"taxable","11":"shipping-taxable","12":"purchasable","13":"product-type-simple"},"jetpack_publicize_connections":[],"jetpack-related-posts":[{"id":10993,"url":"https:\/\/victoriavynn.ca\/fr\/product\/best-hand-and-body-moisturizer-for-dry-skin\/","url_meta":{"origin":10823,"position":0},"title":"Pharm Foot O3 CONCENTRATE 400ml (Ozone Oil Line)","author":"Serge Sahakian","date":"mars 9, 2023","format":false,"excerpt":"Pharm Foot O3 CONCENTRE - BEURRE PROTECTEUR POUR LE CORPS ET LES MAINS \u00e0 l'huile d'ozone et au beurre de karit\u00e9 est nomm\u00e9 parmi les meilleurs hydratants pour les mains et le corps pour les peaux s\u00e8ches. O3 CONCENTRE reconstruit l'\u00e9piderme et apaise les irritations. Il prot\u00e8ge \u00e9galement contre le dess\u00e8chement et les effets n\u00e9fastes des facteurs externes. Pour...","rel":"","context":"Similar post","block_context":{"text":"Similar post","link":""},"img":{"alt_text":"Pharm Foot best hand and body moisturizer for dry skin Ozone Oil o3 Concentre Butter","src":"https:\/\/i0.wp.com\/victoriavynn.ca\/wp-content\/uploads\/2023\/03\/Pharm-Foot-best-hand-and-body-moisturizer-for-dry-skin-Ozone-Oil-o3-Concentre-Butter.webp?fit=750%2C1000&ssl=1&resize=350%2C200","width":350,"height":200,"srcset":"https:\/\/i0.wp.com\/victoriavynn.ca\/wp-content\/uploads\/2023\/03\/Pharm-Foot-best-hand-and-body-moisturizer-for-dry-skin-Ozone-Oil-o3-Concentre-Butter.webp?fit=750%2C1000&ssl=1&resize=350%2C200 1x, https:\/\/i0.wp.com\/victoriavynn.ca\/wp-content\/uploads\/2023\/03\/Pharm-Foot-best-hand-and-body-moisturizer-for-dry-skin-Ozone-Oil-o3-Concentre-Butter.webp?fit=750%2C1000&ssl=1&resize=525%2C300 1.5x, https:\/\/i0.wp.com\/victoriavynn.ca\/wp-content\/uploads\/2023\/03\/Pharm-Foot-best-hand-and-body-moisturizer-for-dry-skin-Ozone-Oil-o3-Concentre-Butter.webp?fit=750%2C1000&ssl=1&resize=700%2C400 2x"},"classes":[]},{"id":10821,"url":"https:\/\/victoriavynn.ca\/fr\/product\/pharm-foot-ozone-rebuilder-75ml-ozone-oil-line\/","url_meta":{"origin":10823,"position":1},"title":"Pharm Foot OZONE reBUILDER 75ml (Ozone Oil Line)","author":"Serge Sahakian","date":"mars 1, 2023","format":false,"excerpt":"CR\u00c8ME R\u00c9FECTION ET PROTECTION \u00e0 l'huile d'ozone 75ml","rel":"","context":"Similar post","block_context":{"text":"Similar post","link":""},"img":{"alt_text":"vynn_pf_ozone_rebuilder_75ml_kart","src":"https:\/\/i0.wp.com\/victoriavynn.ca\/wp-content\/uploads\/2023\/03\/vynn_pf_ozone_rebuilder_75ml_kart.webp?fit=750%2C1000&ssl=1&resize=350%2C200","width":350,"height":200,"srcset":"https:\/\/i0.wp.com\/victoriavynn.ca\/wp-content\/uploads\/2023\/03\/vynn_pf_ozone_rebuilder_75ml_kart.webp?fit=750%2C1000&ssl=1&resize=350%2C200 1x, https:\/\/i0.wp.com\/victoriavynn.ca\/wp-content\/uploads\/2023\/03\/vynn_pf_ozone_rebuilder_75ml_kart.webp?fit=750%2C1000&ssl=1&resize=525%2C300 1.5x, https:\/\/i0.wp.com\/victoriavynn.ca\/wp-content\/uploads\/2023\/03\/vynn_pf_ozone_rebuilder_75ml_kart.webp?fit=750%2C1000&ssl=1&resize=700%2C400 2x"},"classes":[]},{"id":20119,"url":"https:\/\/victoriavynn.ca\/fr\/product\/pharm-foot-ozon-guard-400ml-ozone-oil-line\/","url_meta":{"origin":10823,"position":2},"title":"Pharm Foot OZON GUARD 400ml (Ozone Oil Line)","author":"Serge Sahakian","date":"D\u00e9cembre 4, 2024","format":false,"excerpt":"","rel":"","context":"Similar post","block_context":{"text":"Similar post","link":""},"img":{"alt_text":"","src":"https:\/\/i0.wp.com\/victoriavynn.ca\/wp-content\/uploads\/2024\/12\/ozone-guard-2f-400ml.jpg?fit=1200%2C1200&ssl=1&resize=350%2C200","width":350,"height":200,"srcset":"https:\/\/i0.wp.com\/victoriavynn.ca\/wp-content\/uploads\/2024\/12\/ozone-guard-2f-400ml.jpg?fit=1200%2C1200&ssl=1&resize=350%2C200 1x, https:\/\/i0.wp.com\/victoriavynn.ca\/wp-content\/uploads\/2024\/12\/ozone-guard-2f-400ml.jpg?fit=1200%2C1200&ssl=1&resize=525%2C300 1.5x, https:\/\/i0.wp.com\/victoriavynn.ca\/wp-content\/uploads\/2024\/12\/ozone-guard-2f-400ml.jpg?fit=1200%2C1200&ssl=1&resize=700%2C400 2x, https:\/\/i0.wp.com\/victoriavynn.ca\/wp-content\/uploads\/2024\/12\/ozone-guard-2f-400ml.jpg?fit=1200%2C1200&ssl=1&resize=1050%2C600 3x"},"classes":[]},{"id":10987,"url":"https:\/\/victoriavynn.ca\/fr\/product\/hand-and-body-balm-for-dry-skin-400ml\/","url_meta":{"origin":10823,"position":3},"title":"Pharm Foot AgSPECIALIST 400ml (Ligne Microsilver)","author":"Serge Sahakian","date":"mars 9, 2023","format":false,"excerpt":"Pharm Foot AgSPECIALIST - BAUME ADOUCISSANT POUR LE CORPS ET LES MAINS au micro-argent et au beurre de karit\u00e9 est nomm\u00e9 parmi les meilleurs baume pour les mains et le corps pour les peaux s\u00e8ches. AgSPECIALIST apaise les irritations et prot\u00e8ge contre le dess\u00e8chement et les effets n\u00e9fastes des facteurs externes.Pour le salon et la maison - Capacit\u00e9 400ml (environ 50 traitements...","rel":"","context":"Similar post","block_context":{"text":"Similar post","link":""},"img":{"alt_text":"Pharm Foot Best Hand and Body Balm for dry Skin Microsilver Agspecialist","src":"https:\/\/i0.wp.com\/victoriavynn.ca\/wp-content\/uploads\/2023\/03\/Pharm-Foot-Best-Hand-and-Body-Balm-for-dry-Skin-Microsilver-Agspecialist.webp?fit=750%2C1000&ssl=1&resize=350%2C200","width":350,"height":200,"srcset":"https:\/\/i0.wp.com\/victoriavynn.ca\/wp-content\/uploads\/2023\/03\/Pharm-Foot-Best-Hand-and-Body-Balm-for-dry-Skin-Microsilver-Agspecialist.webp?fit=750%2C1000&ssl=1&resize=350%2C200 1x, https:\/\/i0.wp.com\/victoriavynn.ca\/wp-content\/uploads\/2023\/03\/Pharm-Foot-Best-Hand-and-Body-Balm-for-dry-Skin-Microsilver-Agspecialist.webp?fit=750%2C1000&ssl=1&resize=525%2C300 1.5x, https:\/\/i0.wp.com\/victoriavynn.ca\/wp-content\/uploads\/2023\/03\/Pharm-Foot-Best-Hand-and-Body-Balm-for-dry-Skin-Microsilver-Agspecialist.webp?fit=750%2C1000&ssl=1&resize=700%2C400 2x"},"classes":[]},{"id":10981,"url":"https:\/\/victoriavynn.ca\/fr\/product\/hand-and-body-serum-for-dry-skin\/","url_meta":{"origin":10823,"position":4},"title":"Pharm Foot bioACTIVATOR 400ml (Ligne Colostrum)","author":"Serge Sahakian","date":"mars 9, 2023","format":false,"excerpt":"Pharm Foot bioACTIVATOR - S\u00c9RUM R\u00c9G\u00c9N\u00c9RATEUR POUR LE CORPS ET LES MAINS au colostrum et au beurre de karit\u00e9 est d\u00e9sign\u00e9 comme le meilleur s\u00e9rum pour les mains et le corps pour les peaux s\u00e8ches. bioACTIVATOR apaise les irritations, adoucit et \u00e9claircit l'\u00e9piderme. Il renforce et am\u00e9liore visiblement l'\u00e9tat de la peau. Pour les salons et...","rel":"","context":"Similar post","block_context":{"text":"Similar post","link":""},"img":{"alt_text":"Pharm Foot Best Hand and Body Serum for dry Skin Colostrum BioActivator","src":"https:\/\/i0.wp.com\/victoriavynn.ca\/wp-content\/uploads\/2023\/03\/Pharm-Foot-Best-Hand-and-Body-Serum-for-dry-Skin-Colostrum-BioActivator-.webp?fit=750%2C1000&ssl=1&resize=350%2C200","width":350,"height":200,"srcset":"https:\/\/i0.wp.com\/victoriavynn.ca\/wp-content\/uploads\/2023\/03\/Pharm-Foot-Best-Hand-and-Body-Serum-for-dry-Skin-Colostrum-BioActivator-.webp?fit=750%2C1000&ssl=1&resize=350%2C200 1x, https:\/\/i0.wp.com\/victoriavynn.ca\/wp-content\/uploads\/2023\/03\/Pharm-Foot-Best-Hand-and-Body-Serum-for-dry-Skin-Colostrum-BioActivator-.webp?fit=750%2C1000&ssl=1&resize=525%2C300 1.5x, https:\/\/i0.wp.com\/victoriavynn.ca\/wp-content\/uploads\/2023\/03\/Pharm-Foot-Best-Hand-and-Body-Serum-for-dry-Skin-Colostrum-BioActivator-.webp?fit=750%2C1000&ssl=1&resize=700%2C400 2x"},"classes":[]},{"id":17507,"url":"https:\/\/victoriavynn.ca\/fr\/product\/pharm-foot-ozone-safe-250-ml-ozone-oil-line\/","url_meta":{"origin":10823,"position":5},"title":"Pharm Foot OZONE SAFE 250 ml (Ozone Oil Line)","author":"Serge Sahakian","date":"avril 7, 2024","format":false,"excerpt":"","rel":"","context":"Similar post","block_context":{"text":"Similar post","link":""},"img":{"alt_text":"","src":"https:\/\/i0.wp.com\/victoriavynn.ca\/wp-content\/uploads\/2024\/04\/ozone-safe-250-ml.jpg?fit=800%2C800&ssl=1&resize=350%2C200","width":350,"height":200,"srcset":"https:\/\/i0.wp.com\/victoriavynn.ca\/wp-content\/uploads\/2024\/04\/ozone-safe-250-ml.jpg?fit=800%2C800&ssl=1&resize=350%2C200 1x, https:\/\/i0.wp.com\/victoriavynn.ca\/wp-content\/uploads\/2024\/04\/ozone-safe-250-ml.jpg?fit=800%2C800&ssl=1&resize=525%2C300 1.5x, https:\/\/i0.wp.com\/victoriavynn.ca\/wp-content\/uploads\/2024\/04\/ozone-safe-250-ml.jpg?fit=800%2C800&ssl=1&resize=700%2C400 2x"},"classes":[]}],"jetpack_sharing_enabled":true,"_links":{"self":[{"href":"https:\/\/victoriavynn.ca\/fr\/wp-json\/wp\/v2\/product\/10823","targetHints":{"allow":["GET"]}}],"collection":[{"href":"https:\/\/victoriavynn.ca\/fr\/wp-json\/wp\/v2\/product"}],"about":[{"href":"https:\/\/victoriavynn.ca\/fr\/wp-json\/wp\/v2\/types\/product"}],"replies":[{"embeddable":true,"href":"https:\/\/victoriavynn.ca\/fr\/wp-json\/wp\/v2\/comments?post=10823"}],"wp:featuredmedia":[{"embeddable":true,"href":"https:\/\/victoriavynn.ca\/fr\/wp-json\/wp\/v2\/media\/11066"}],"wp:attachment":[{"href":"https:\/\/victoriavynn.ca\/fr\/wp-json\/wp\/v2\/media?parent=10823"}],"wp:term":[{"taxonomy":"product_brand","embeddable":true,"href":"https:\/\/victoriavynn.ca\/fr\/wp-json\/wp\/v2\/product_brand?post=10823"},{"taxonomy":"product_cat","embeddable":true,"href":"https:\/\/victoriavynn.ca\/fr\/wp-json\/wp\/v2\/product_cat?post=10823"},{"taxonomy":"product_tag","embeddable":true,"href":"https:\/\/victoriavynn.ca\/fr\/wp-json\/wp\/v2\/product_tag?post=10823"}],"curies":[{"name":"wp","href":"https:\/\/api.w.org\/{rel}","templated":true}]}}