{"id":10878,"date":"2023-03-08T20:00:44","date_gmt":"2023-03-09T01:00:44","guid":{"rendered":"https:\/\/victoriavynn.ca\/product\/pharm-foot-silver-booster-15ml-microsilver-line\/"},"modified":"2026-04-06T15:50:05","modified_gmt":"2026-04-06T19:50:05","slug":"pharm-foot-silver-booster-15ml-microsilver-line","status":"publish","type":"product","link":"https:\/\/victoriavynn.ca\/fr\/product\/pharm-foot-silver-booster-15ml-microsilver-line\/","title":{"rendered":"Pharm Foot SILVER BOOSTER 15ml (Ligne Microsilver)"},"content":{"rendered":"<h2 class=\"wp-block-heading\">RECOMMANDATIONS<br><strong>BOOSTER D'ARGENT<\/strong><\/h2>\n\n\n\n<ul class=\"wp-block-list\">\n<li>teinture pour le soin des ongles et de la zone autour des ongles pendant le traitement de la mycose<\/li>\n\n\n\n<li>soutient la prophylaxie antimicrobienne<\/li>\n\n\n\n<li>\u00e9galement recommand\u00e9 pour les diab\u00e9tiques<\/li>\n<\/ul>\n\n\n\n<h2 class=\"wp-block-heading\">EFFET<br><strong>BOOSTER D'ARGENT<\/strong><\/h2>\n\n\n\n<ul class=\"wp-block-list\">\n<li>poss\u00e8de des propri\u00e9t\u00e9s antibact\u00e9riennes et antimicrobiennes<\/li>\n\n\n\n<li>agit \u00e0 plusieurs niveaux gr\u00e2ce \u00e0 la richesse des principes actifs<\/li>\n\n\n\n<li>apaise les irritations<\/li>\n\n\n\n<li>prot\u00e8ge contre les facteurs externes<\/li>\n<\/ul>\n\n\n\n<h2 class=\"wp-block-heading\">MODE D'EMPLOI<br><strong>BOOSTER D'ARGENT<\/strong><\/h2>\n\n\n\n<ul class=\"wp-block-list\">\n<li>appliquer sur la tige et la plaque de l'ongle \u00e0 la fin du traitement<\/li>\n\n\n\n<li>poursuivre le traitement \u00e0 domicile, en appliquant le produit matin et soir<\/li>\n\n\n\n<li>jusqu'\u00e0 l'obtention de r\u00e9sultats satisfaisants et \u00e0 titre prophylactique<\/li>\n<\/ul>\n\n\n\n<h2 class=\"wp-block-heading\">INGREDIENTS<br><strong>BOOSTER D'ARGENT<\/strong><\/h2>\n\n\n\n<p>Glyc\u00e9rine, Aqua, Polysorbate 80, Propyl\u00e8ne Glycol, Pentylene Glycol, Sodium Caproyl \/ Lauroyl Lactylate, Triethyl Citrate, Carbomer, Eugenia Caryophyllus Bud Oil, Eugenol, Lavandula Angustifolia Oil, Citrus Limon Fruit Extract, Rosmarinus Officinalisinalis Extractis, Salvia Officinalis Extract, Salvia Officinalis Extract, Salvia Officinalis Extract. Extrait de Salvia Officinalis, Ethylhexylglyc\u00e9rine, 4-Terpineol, Extrait de racine d'Althaea Officinalis, Huile de feuille de Melaleuca Alternifolia, Extrait d'\u00e9corce de Salix Alba, Argent, Ph\u00e9noxy\u00e9thanol, Hydroxyde de sodium, Benzoate de sodium, Sorbate de potassium, Limonene, Isoeugenol, Geraniol.<\/p>\n\n\n\n<p><\/p>","protected":false},"excerpt":{"rendered":"<h2>S\u00e9rum au micro-argent aux propri\u00e9t\u00e9s antibact\u00e9riennes et antimicrobiennes<\/h2>\n<p>Ingr\u00e9dients actifs : \u00a0<\/p>\n<p><img loading=\"lazy\" decoding=\"async\" class=\"size-full wp-image-20399 alignleft\" src=\"http:\/\/victoriavynn.ca\/wp-content\/uploads\/2023\/03\/microsilver-silver-booster-ingredient.webp\" alt=\"MICROSILVER SILVER BOOSTER INGREDIENT\" width=\"150\" height=\"150\" srcset=\"https:\/\/i0.wp.com\/victoriavynn.ca\/wp-content\/uploads\/2023\/03\/microsilver-silver-booster-ingredient.webp?w=150&amp;ssl=1 150w, https:\/\/i0.wp.com\/victoriavynn.ca\/wp-content\/uploads\/2023\/03\/microsilver-silver-booster-ingredient.webp?resize=12%2C12&amp;ssl=1 12w, https:\/\/i0.wp.com\/victoriavynn.ca\/wp-content\/uploads\/2023\/03\/microsilver-silver-booster-ingredient.webp?resize=32%2C32&amp;ssl=1 32w, https:\/\/i0.wp.com\/victoriavynn.ca\/wp-content\/uploads\/2023\/03\/microsilver-silver-booster-ingredient.webp?resize=50%2C50&amp;ssl=1 50w, https:\/\/i0.wp.com\/victoriavynn.ca\/wp-content\/uploads\/2023\/03\/microsilver-silver-booster-ingredient.webp?resize=100%2C100&amp;ssl=1 100w, https:\/\/i0.wp.com\/victoriavynn.ca\/wp-content\/uploads\/2023\/03\/microsilver-silver-booster-ingredient.webp?resize=64%2C64&amp;ssl=1 64w\" sizes=\"auto, (max-width: 150px) 100vw, 150px\" \/> <img loading=\"lazy\" decoding=\"async\" class=\"size-full wp-image-20400 alignleft\" src=\"http:\/\/victoriavynn.ca\/wp-content\/uploads\/2023\/03\/tea-tree-oil-silver-booster-ingredient.webp\" alt=\"HUILE D&#039;ARBRE \u00c0 TH\u00c9 INGR\u00c9DIENT BOOSTER D&#039;ARGENT\" width=\"150\" height=\"150\" srcset=\"https:\/\/i0.wp.com\/victoriavynn.ca\/wp-content\/uploads\/2023\/03\/tea-tree-oil-silver-booster-ingredient.webp?w=150&amp;ssl=1 150w, https:\/\/i0.wp.com\/victoriavynn.ca\/wp-content\/uploads\/2023\/03\/tea-tree-oil-silver-booster-ingredient.webp?resize=12%2C12&amp;ssl=1 12w, https:\/\/i0.wp.com\/victoriavynn.ca\/wp-content\/uploads\/2023\/03\/tea-tree-oil-silver-booster-ingredient.webp?resize=32%2C32&amp;ssl=1 32w, https:\/\/i0.wp.com\/victoriavynn.ca\/wp-content\/uploads\/2023\/03\/tea-tree-oil-silver-booster-ingredient.webp?resize=50%2C50&amp;ssl=1 50w, https:\/\/i0.wp.com\/victoriavynn.ca\/wp-content\/uploads\/2023\/03\/tea-tree-oil-silver-booster-ingredient.webp?resize=100%2C100&amp;ssl=1 100w, https:\/\/i0.wp.com\/victoriavynn.ca\/wp-content\/uploads\/2023\/03\/tea-tree-oil-silver-booster-ingredient.webp?resize=64%2C64&amp;ssl=1 64w\" sizes=\"auto, (max-width: 150px) 100vw, 150px\" \/> <img loading=\"lazy\" decoding=\"async\" class=\"size-full wp-image-20401 alignleft\" src=\"http:\/\/victoriavynn.ca\/wp-content\/uploads\/2023\/03\/lemon-extract-silver-booster-ingredient.webp\" alt=\"EXTRAIT DE CITRON INGR\u00c9DIENT BOOSTER D&#039;ARGENT\" width=\"150\" height=\"150\" srcset=\"https:\/\/i0.wp.com\/victoriavynn.ca\/wp-content\/uploads\/2023\/03\/lemon-extract-silver-booster-ingredient.webp?w=150&amp;ssl=1 150w, https:\/\/i0.wp.com\/victoriavynn.ca\/wp-content\/uploads\/2023\/03\/lemon-extract-silver-booster-ingredient.webp?resize=12%2C12&amp;ssl=1 12w, https:\/\/i0.wp.com\/victoriavynn.ca\/wp-content\/uploads\/2023\/03\/lemon-extract-silver-booster-ingredient.webp?resize=32%2C32&amp;ssl=1 32w, https:\/\/i0.wp.com\/victoriavynn.ca\/wp-content\/uploads\/2023\/03\/lemon-extract-silver-booster-ingredient.webp?resize=50%2C50&amp;ssl=1 50w, https:\/\/i0.wp.com\/victoriavynn.ca\/wp-content\/uploads\/2023\/03\/lemon-extract-silver-booster-ingredient.webp?resize=100%2C100&amp;ssl=1 100w, https:\/\/i0.wp.com\/victoriavynn.ca\/wp-content\/uploads\/2023\/03\/lemon-extract-silver-booster-ingredient.webp?resize=64%2C64&amp;ssl=1 64w\" sizes=\"auto, (max-width: 150px) 100vw, 150px\" \/> <img loading=\"lazy\" decoding=\"async\" class=\"size-full wp-image-20402 alignleft\" src=\"http:\/\/victoriavynn.ca\/wp-content\/uploads\/2023\/03\/lavender-oil-silver-booster-ingredient.webp\" alt=\"HUILE DE LAVANDE INGR\u00c9DIENT BOOSTER D&#039;ARGENT\" width=\"150\" height=\"150\" srcset=\"https:\/\/i0.wp.com\/victoriavynn.ca\/wp-content\/uploads\/2023\/03\/lavender-oil-silver-booster-ingredient.webp?w=150&amp;ssl=1 150w, https:\/\/i0.wp.com\/victoriavynn.ca\/wp-content\/uploads\/2023\/03\/lavender-oil-silver-booster-ingredient.webp?resize=12%2C12&amp;ssl=1 12w, https:\/\/i0.wp.com\/victoriavynn.ca\/wp-content\/uploads\/2023\/03\/lavender-oil-silver-booster-ingredient.webp?resize=32%2C32&amp;ssl=1 32w, https:\/\/i0.wp.com\/victoriavynn.ca\/wp-content\/uploads\/2023\/03\/lavender-oil-silver-booster-ingredient.webp?resize=50%2C50&amp;ssl=1 50w, https:\/\/i0.wp.com\/victoriavynn.ca\/wp-content\/uploads\/2023\/03\/lavender-oil-silver-booster-ingredient.webp?resize=100%2C100&amp;ssl=1 100w, https:\/\/i0.wp.com\/victoriavynn.ca\/wp-content\/uploads\/2023\/03\/lavender-oil-silver-booster-ingredient.webp?resize=64%2C64&amp;ssl=1 64w\" sizes=\"auto, (max-width: 150px) 100vw, 150px\" \/> <img loading=\"lazy\" decoding=\"async\" class=\"size-full wp-image-20403 alignleft\" src=\"http:\/\/victoriavynn.ca\/wp-content\/uploads\/2023\/03\/clove-oil-silver-booster-ingredient.webp\" alt=\"HUILE DE CLOU DE GIROFLE INGR\u00c9DIENT BOOSTER D&#039;ARGENT\" width=\"150\" height=\"150\" srcset=\"https:\/\/i0.wp.com\/victoriavynn.ca\/wp-content\/uploads\/2023\/03\/clove-oil-silver-booster-ingredient.webp?w=150&amp;ssl=1 150w, https:\/\/i0.wp.com\/victoriavynn.ca\/wp-content\/uploads\/2023\/03\/clove-oil-silver-booster-ingredient.webp?resize=12%2C12&amp;ssl=1 12w, https:\/\/i0.wp.com\/victoriavynn.ca\/wp-content\/uploads\/2023\/03\/clove-oil-silver-booster-ingredient.webp?resize=32%2C32&amp;ssl=1 32w, https:\/\/i0.wp.com\/victoriavynn.ca\/wp-content\/uploads\/2023\/03\/clove-oil-silver-booster-ingredient.webp?resize=50%2C50&amp;ssl=1 50w, https:\/\/i0.wp.com\/victoriavynn.ca\/wp-content\/uploads\/2023\/03\/clove-oil-silver-booster-ingredient.webp?resize=100%2C100&amp;ssl=1 100w, https:\/\/i0.wp.com\/victoriavynn.ca\/wp-content\/uploads\/2023\/03\/clove-oil-silver-booster-ingredient.webp?resize=64%2C64&amp;ssl=1 64w\" sizes=\"auto, (max-width: 150px) 100vw, 150px\" \/><\/p>\n<p>&nbsp;<\/p>\n<p>&nbsp;<\/p>\n<p>&nbsp;<\/p>\n<p>&nbsp;<\/p>\n<p>&nbsp;<\/p>\n<p>&nbsp;<\/p>","protected":false},"featured_media":20389,"comment_status":"open","ping_status":"closed","template":"","meta":{"jetpack_post_was_ever_published":false,"jetpack_publicize_message":"","jetpack_publicize_feature_enabled":true,"jetpack_social_post_already_shared":false,"jetpack_social_options":{"image_generator_settings":{"template":"highway","default_image_id":0,"font":"","enabled":false},"version":2}},"product_brand":[],"product_cat":[552],"product_tag":[],"class_list":{"0":"post-10878","1":"product","2":"type-product","3":"status-publish","4":"has-post-thumbnail","6":"product_cat-microsilver-line","8":"first","9":"instock","10":"taxable","11":"shipping-taxable","12":"purchasable","13":"product-type-simple"},"jetpack_publicize_connections":[],"jetpack-related-posts":[{"id":37100,"url":"https:\/\/victoriavynn.ca\/fr\/product\/victoria-vynn-liquid-polygel-color-chart-01-06\/","url_meta":{"origin":10878,"position":0},"title":"Victoria VYNN Liquid Polygel Color Chart 01-06","author":"Serge Sahakian","date":"octobre 18, 2025","format":false,"excerpt":"D\u00e9couvrez les six nuances de r\u00eave de Victoria Vynn Liquid PolyGel - des tons laiteux doux aux roses d\u00e9licats. Chaque couleur offre une force et une flexibilit\u00e9 parfaites pour le salon, ainsi qu'un fini naturel et impeccable.\u2728 Le syst\u00e8me hybride ultime pour une beaut\u00e9 sans effort dans toutes les nuances.","rel":"","context":"Similar post","block_context":{"text":"Similar post","link":""},"img":{"alt_text":"liquid plygel color chart","src":"https:\/\/i0.wp.com\/victoriavynn.ca\/wp-content\/uploads\/2025\/10\/liquid-plygel-color-chart.webp?fit=750%2C1000&ssl=1&resize=350%2C200","width":350,"height":200,"srcset":"https:\/\/i0.wp.com\/victoriavynn.ca\/wp-content\/uploads\/2025\/10\/liquid-plygel-color-chart.webp?fit=750%2C1000&ssl=1&resize=350%2C200 1x, https:\/\/i0.wp.com\/victoriavynn.ca\/wp-content\/uploads\/2025\/10\/liquid-plygel-color-chart.webp?fit=750%2C1000&ssl=1&resize=525%2C300 1.5x, https:\/\/i0.wp.com\/victoriavynn.ca\/wp-content\/uploads\/2025\/10\/liquid-plygel-color-chart.webp?fit=750%2C1000&ssl=1&resize=700%2C400 2x"},"classes":[]},{"id":37081,"url":"https:\/\/victoriavynn.ca\/fr\/product\/victoria-vynn-liquid-polygel-15ml\/","url_meta":{"origin":10878,"position":1},"title":"Victoria VYNN Polygel liquide 15ml","author":"Serge Sahakian","date":"octobre 18, 2025","format":false,"excerpt":"D\u00e9couvrez l'avenir de l'architecture des ongles avec Victoria Vynn Liquid PolyGel - la fusion parfaite de la flexibilit\u00e9 du gel et de la r\u00e9sistance de l'acrylique. Sa texture auto-nivelante d'\u00e9paisseur moyenne glisse sans effort pour des superpositions et des extensions parfaites, offrant des r\u00e9sultats l\u00e9gers mais durables avec une finition naturelle et \u00e9l\u00e9gante....","rel":"","context":"Similar post","block_context":{"text":"Similar post","link":""},"img":{"alt_text":"victoria vynn liquid polygel no. 1","src":"https:\/\/i0.wp.com\/victoriavynn.ca\/wp-content\/uploads\/2025\/10\/victoria-vynn-liquid-polygel-no.-1.webp?fit=750%2C1000&ssl=1&resize=350%2C200","width":350,"height":200,"srcset":"https:\/\/i0.wp.com\/victoriavynn.ca\/wp-content\/uploads\/2025\/10\/victoria-vynn-liquid-polygel-no.-1.webp?fit=750%2C1000&ssl=1&resize=350%2C200 1x, https:\/\/i0.wp.com\/victoriavynn.ca\/wp-content\/uploads\/2025\/10\/victoria-vynn-liquid-polygel-no.-1.webp?fit=750%2C1000&ssl=1&resize=525%2C300 1.5x, https:\/\/i0.wp.com\/victoriavynn.ca\/wp-content\/uploads\/2025\/10\/victoria-vynn-liquid-polygel-no.-1.webp?fit=750%2C1000&ssl=1&resize=700%2C400 2x"},"classes":[]},{"id":52724,"url":"https:\/\/victoriavynn.ca\/fr\/product\/victoria-vynn-gel-polish-hello-base-aloha-glow\/","url_meta":{"origin":10878,"position":2},"title":"Victoria VYNN Gel Polish Hello Base","author":"Serge Sahakian","date":"mars 20, 2026","format":false,"excerpt":"Cr\u00e9ez des ongles impeccables et brillants en quelques secondes avec la base Hello de Victoria VYNN - une base paillet\u00e9e autonivelante infus\u00e9e de millions de particules scintillantes pour un effet diamant flash \u00e9poustouflant. Parfaite pour le travail rapide en salon, les looks nus et les mod\u00e8les de mariage. Sp\u00e9cifications du produit : \u00a0 \u00a0 \u00a0 \u00a0 \u00a0 \u00a0","rel":"","context":"Similar post","block_context":{"text":"Similar post","link":""},"img":{"alt_text":"HELLO BASE ALOHA","src":"https:\/\/i0.wp.com\/victoriavynn.ca\/wp-content\/uploads\/2026\/03\/hello-base-aloha-1.webp?fit=750%2C1000&ssl=1&resize=350%2C200","width":350,"height":200,"srcset":"https:\/\/i0.wp.com\/victoriavynn.ca\/wp-content\/uploads\/2026\/03\/hello-base-aloha-1.webp?fit=750%2C1000&ssl=1&resize=350%2C200 1x, https:\/\/i0.wp.com\/victoriavynn.ca\/wp-content\/uploads\/2026\/03\/hello-base-aloha-1.webp?fit=750%2C1000&ssl=1&resize=525%2C300 1.5x, https:\/\/i0.wp.com\/victoriavynn.ca\/wp-content\/uploads\/2026\/03\/hello-base-aloha-1.webp?fit=750%2C1000&ssl=1&resize=700%2C400 2x"},"classes":[]},{"id":52734,"url":"https:\/\/victoriavynn.ca\/fr\/product\/victoria-vynn-5-pack-inside-color-pure-vegan-creamy-273-277-pastel\/","url_meta":{"origin":10878,"position":3},"title":"Victoria VYNN 5 Pack Inside Color Pure Vegan Creamy 273-277 (Pastel)","author":"Serge Sahakian","date":"mars 20, 2026","format":false,"excerpt":"\ud83c\udf38 Pure Vegan Creamy Hybrid \u2013 Pastel Collection (5-Pack Sets) Step into a world of softness, elegance, and modern nail artistry with the Pure Vegan Creamy Hybrid Pastel Collection by Victoria VYNN. Designed for professionals and beauty lovers alike, these curated 5-piece pastel sets deliver a perfectly balanced palette of\u2026","rel":"","context":"Similar post","block_context":{"text":"Similar post","link":""},"img":{"alt_text":"pastel final 5 pack in the lan ionside collection","src":"https:\/\/i0.wp.com\/victoriavynn.ca\/wp-content\/uploads\/2026\/03\/pastel-final-5-pack-in-the-lan-ionside-collection.webp?fit=750%2C1000&ssl=1&resize=350%2C200","width":350,"height":200,"srcset":"https:\/\/i0.wp.com\/victoriavynn.ca\/wp-content\/uploads\/2026\/03\/pastel-final-5-pack-in-the-lan-ionside-collection.webp?fit=750%2C1000&ssl=1&resize=350%2C200 1x, https:\/\/i0.wp.com\/victoriavynn.ca\/wp-content\/uploads\/2026\/03\/pastel-final-5-pack-in-the-lan-ionside-collection.webp?fit=750%2C1000&ssl=1&resize=525%2C300 1.5x, https:\/\/i0.wp.com\/victoriavynn.ca\/wp-content\/uploads\/2026\/03\/pastel-final-5-pack-in-the-lan-ionside-collection.webp?fit=750%2C1000&ssl=1&resize=700%2C400 2x"},"classes":[]},{"id":43028,"url":"https:\/\/victoriavynn.ca\/fr\/product\/ulka-diamond-ball-bit-blue-4mm-b040-m\/","url_meta":{"origin":10878,"position":4},"title":"\u00dcLKA M\u00e8che \u00e0 clous diamant\u00e9e t\u00eate bleue diam\u00e8tre 4 mm (B040-M)","author":"Serge Sahakian","date":"D\u00e9cembre 10, 2025","format":false,"excerpt":"L'embout \u00e0 bille \u00dcLKA Diamond en marquage bleu est id\u00e9al pour traiter la zone de la cuticule et les parois lat\u00e9rales. Son grain moyen permet d'\u00e9quilibrer la pr\u00e9cision et l'efficacit\u00e9, garantissant une performance contr\u00f4l\u00e9e et fiable. Sp\u00e9cifications du produit : Forme : Boule Grain : Diam\u00e8tre moyen de la t\u00eate : 4,0 mm Mat\u00e9riau : Rev\u00eatement en diamant de haute qualit\u00e9 Couleur du grain : Bleu Code produit : B040-M","rel":"","context":"Similar post","block_context":{"text":"Similar post","link":""},"img":{"alt_text":"U\u0308LKA Diamond Nail Drill Bit Ball Blue Head 4 mm \u2013 B040-M","src":"https:\/\/i0.wp.com\/victoriavynn.ca\/wp-content\/uploads\/2025\/12\/ulka-diamond-nail-drill-bit-ball-blue-head-4-mm-%E2%80%93-b040-m.webp?fit=750%2C1000&ssl=1&resize=350%2C200","width":350,"height":200,"srcset":"https:\/\/i0.wp.com\/victoriavynn.ca\/wp-content\/uploads\/2025\/12\/ulka-diamond-nail-drill-bit-ball-blue-head-4-mm-%E2%80%93-b040-m.webp?fit=750%2C1000&ssl=1&resize=350%2C200 1x, https:\/\/i0.wp.com\/victoriavynn.ca\/wp-content\/uploads\/2025\/12\/ulka-diamond-nail-drill-bit-ball-blue-head-4-mm-%E2%80%93-b040-m.webp?fit=750%2C1000&ssl=1&resize=525%2C300 1.5x, https:\/\/i0.wp.com\/victoriavynn.ca\/wp-content\/uploads\/2025\/12\/ulka-diamond-nail-drill-bit-ball-blue-head-4-mm-%E2%80%93-b040-m.webp?fit=750%2C1000&ssl=1&resize=700%2C400 2x"},"classes":[]},{"id":42975,"url":"https:\/\/victoriavynn.ca\/fr\/product\/ulka-elbow-support-white\/","url_meta":{"origin":10878,"position":5},"title":"\u00dcLKA Coudi\u00e8re","author":"Serge Sahakian","date":"D\u00e9cembre 10, 2025","format":false,"excerpt":"Un coussin moelleux sauve les coudes du ma\u00eetre des ongles de la peau rugueuse et de la fatigue des mains. Il a une structure confortable, des accessoires de haute qualit\u00e9 et une large palette de couleurs. Il deviendra un assistant indispensable pour la manucure et la cliente. Ce petit coussin pour...","rel":"","context":"Similar post","block_context":{"text":"Similar post","link":""},"img":{"alt_text":"ulka White round elbow support cushion","src":"https:\/\/i0.wp.com\/victoriavynn.ca\/wp-content\/uploads\/2025\/12\/ulka-elbow-support-white.webp?fit=750%2C1000&ssl=1&resize=350%2C200","width":350,"height":200,"srcset":"https:\/\/i0.wp.com\/victoriavynn.ca\/wp-content\/uploads\/2025\/12\/ulka-elbow-support-white.webp?fit=750%2C1000&ssl=1&resize=350%2C200 1x, https:\/\/i0.wp.com\/victoriavynn.ca\/wp-content\/uploads\/2025\/12\/ulka-elbow-support-white.webp?fit=750%2C1000&ssl=1&resize=525%2C300 1.5x, https:\/\/i0.wp.com\/victoriavynn.ca\/wp-content\/uploads\/2025\/12\/ulka-elbow-support-white.webp?fit=750%2C1000&ssl=1&resize=700%2C400 2x"},"classes":[]}],"jetpack_sharing_enabled":true,"_links":{"self":[{"href":"https:\/\/victoriavynn.ca\/fr\/wp-json\/wp\/v2\/product\/10878","targetHints":{"allow":["GET"]}}],"collection":[{"href":"https:\/\/victoriavynn.ca\/fr\/wp-json\/wp\/v2\/product"}],"about":[{"href":"https:\/\/victoriavynn.ca\/fr\/wp-json\/wp\/v2\/types\/product"}],"replies":[{"embeddable":true,"href":"https:\/\/victoriavynn.ca\/fr\/wp-json\/wp\/v2\/comments?post=10878"}],"wp:featuredmedia":[{"embeddable":true,"href":"https:\/\/victoriavynn.ca\/fr\/wp-json\/wp\/v2\/media\/20389"}],"wp:attachment":[{"href":"https:\/\/victoriavynn.ca\/fr\/wp-json\/wp\/v2\/media?parent=10878"}],"wp:term":[{"taxonomy":"product_brand","embeddable":true,"href":"https:\/\/victoriavynn.ca\/fr\/wp-json\/wp\/v2\/product_brand?post=10878"},{"taxonomy":"product_cat","embeddable":true,"href":"https:\/\/victoriavynn.ca\/fr\/wp-json\/wp\/v2\/product_cat?post=10878"},{"taxonomy":"product_tag","embeddable":true,"href":"https:\/\/victoriavynn.ca\/fr\/wp-json\/wp\/v2\/product_tag?post=10878"}],"curies":[{"name":"wp","href":"https:\/\/api.w.org\/{rel}","templated":true}]}}