{"id":10903,"date":"2023-03-08T21:31:34","date_gmt":"2023-03-09T02:31:34","guid":{"rendered":"https:\/\/victoriavynn.ca\/product\/pharm-foot-bamboo-socks-after-treatment-with-microsilver-size-43-46\/"},"modified":"2026-03-04T17:40:14","modified_gmt":"2026-03-04T22:40:14","slug":"pharm-foot-bamboo-socks-after-treatment-with-microsilver-size-43-46","status":"publish","type":"product","link":"https:\/\/victoriavynn.ca\/fr\/product\/pharm-foot-bamboo-socks-after-treatment-with-microsilver-size-43-46\/","title":{"rendered":"Pharm Foot Chaussettes en bambou apr\u00e8s traitement avec Microsilver Taille 43-46"},"content":{"rendered":"","protected":false},"excerpt":{"rendered":"","protected":false},"featured_media":10904,"comment_status":"open","ping_status":"closed","template":"","meta":{"jetpack_post_was_ever_published":false,"jetpack_publicize_message":"","jetpack_publicize_feature_enabled":true,"jetpack_social_post_already_shared":false,"jetpack_social_options":{"image_generator_settings":{"template":"highway","default_image_id":0,"font":"","enabled":false},"version":2}},"product_brand":[],"product_cat":[553],"product_tag":[],"class_list":{"0":"post-10903","1":"product","2":"type-product","3":"status-publish","4":"has-post-thumbnail","6":"product_cat-pharm-foot-tools-accessories","8":"first","9":"instock","10":"taxable","11":"shipping-taxable","12":"purchasable","13":"product-type-simple"},"jetpack_publicize_connections":[],"jetpack-related-posts":[{"id":41600,"url":"https:\/\/victoriavynn.ca\/fr\/product\/pharm-foot-spa-ritual-orange-clove-scrub-and-butter-for-feet-hands-and-body-with-natural-oils\/","url_meta":{"origin":10903,"position":0},"title":"Pharm Foot SPA Ritual Orange &amp; Clove Scrub and Butter for Feet Hands and body with natural oils (gommage et beurre pour les pieds, les mains et le corps avec des huiles naturelles)","author":"Serge Sahakian","date":"novembre 19, 2025","format":false,"excerpt":"","rel":"","context":"Similar post","block_context":{"text":"Similar post","link":""},"img":{"alt_text":"","src":"https:\/\/i0.wp.com\/victoriavynn.ca\/wp-content\/uploads\/2025\/11\/spa-ritual-set-orange-clove-4.jpg?fit=1200%2C1200&ssl=1&resize=350%2C200","width":350,"height":200,"srcset":"https:\/\/i0.wp.com\/victoriavynn.ca\/wp-content\/uploads\/2025\/11\/spa-ritual-set-orange-clove-4.jpg?fit=1200%2C1200&ssl=1&resize=350%2C200 1x, https:\/\/i0.wp.com\/victoriavynn.ca\/wp-content\/uploads\/2025\/11\/spa-ritual-set-orange-clove-4.jpg?fit=1200%2C1200&ssl=1&resize=525%2C300 1.5x, https:\/\/i0.wp.com\/victoriavynn.ca\/wp-content\/uploads\/2025\/11\/spa-ritual-set-orange-clove-4.jpg?fit=1200%2C1200&ssl=1&resize=700%2C400 2x, https:\/\/i0.wp.com\/victoriavynn.ca\/wp-content\/uploads\/2025\/11\/spa-ritual-set-orange-clove-4.jpg?fit=1200%2C1200&ssl=1&resize=1050%2C600 3x"},"classes":[]},{"id":41569,"url":"https:\/\/victoriavynn.ca\/fr\/product\/pharm-foot-luxury-touch-100ml\/","url_meta":{"origin":10903,"position":1},"title":"Pharm Foot Luxury Touch 100ml","author":"Serge Sahakian","date":"novembre 19, 2025","format":false,"excerpt":"","rel":"","context":"Similar post","block_context":{"text":"Similar post","link":""},"img":{"alt_text":"","src":"https:\/\/i0.wp.com\/victoriavynn.ca\/wp-content\/uploads\/2025\/11\/luxury-touch-2f-100-ml.jpg?fit=1200%2C1200&ssl=1&resize=350%2C200","width":350,"height":200,"srcset":"https:\/\/i0.wp.com\/victoriavynn.ca\/wp-content\/uploads\/2025\/11\/luxury-touch-2f-100-ml.jpg?fit=1200%2C1200&ssl=1&resize=350%2C200 1x, https:\/\/i0.wp.com\/victoriavynn.ca\/wp-content\/uploads\/2025\/11\/luxury-touch-2f-100-ml.jpg?fit=1200%2C1200&ssl=1&resize=525%2C300 1.5x, https:\/\/i0.wp.com\/victoriavynn.ca\/wp-content\/uploads\/2025\/11\/luxury-touch-2f-100-ml.jpg?fit=1200%2C1200&ssl=1&resize=700%2C400 2x, https:\/\/i0.wp.com\/victoriavynn.ca\/wp-content\/uploads\/2025\/11\/luxury-touch-2f-100-ml.jpg?fit=1200%2C1200&ssl=1&resize=1050%2C600 3x"},"classes":[]},{"id":41598,"url":"https:\/\/victoriavynn.ca\/fr\/product\/pharm-foot-spa-ritual-rice-milk-cherry-blossom-scrub-and-butter-for-feet-hands-and-body\/","url_meta":{"origin":10903,"position":2},"title":"Pharm Foot SPA Ritual Rice Milk &amp; Cherry Blossom Scrub and Butter for Feet Hands and body (gommage et beurre pour les pieds, les mains et le corps)","author":"Serge Sahakian","date":"novembre 19, 2025","format":false,"excerpt":"","rel":"","context":"Similar post","block_context":{"text":"Similar post","link":""},"img":{"alt_text":"","src":"https:\/\/i0.wp.com\/victoriavynn.ca\/wp-content\/uploads\/2025\/11\/spa-ritual-set-rice-milk-cherry-blossom-4.jpg?fit=1200%2C1200&ssl=1&resize=350%2C200","width":350,"height":200,"srcset":"https:\/\/i0.wp.com\/victoriavynn.ca\/wp-content\/uploads\/2025\/11\/spa-ritual-set-rice-milk-cherry-blossom-4.jpg?fit=1200%2C1200&ssl=1&resize=350%2C200 1x, https:\/\/i0.wp.com\/victoriavynn.ca\/wp-content\/uploads\/2025\/11\/spa-ritual-set-rice-milk-cherry-blossom-4.jpg?fit=1200%2C1200&ssl=1&resize=525%2C300 1.5x, https:\/\/i0.wp.com\/victoriavynn.ca\/wp-content\/uploads\/2025\/11\/spa-ritual-set-rice-milk-cherry-blossom-4.jpg?fit=1200%2C1200&ssl=1&resize=700%2C400 2x, https:\/\/i0.wp.com\/victoriavynn.ca\/wp-content\/uploads\/2025\/11\/spa-ritual-set-rice-milk-cherry-blossom-4.jpg?fit=1200%2C1200&ssl=1&resize=1050%2C600 3x"},"classes":[]},{"id":42982,"url":"https:\/\/victoriavynn.ca\/fr\/product\/ulka-hand-rest-without-legs-white\/","url_meta":{"origin":10903,"position":3},"title":"\u00dcLKA Repose-mains sans pieds","author":"Serge Sahakian","date":"D\u00e9cembre 10, 2025","format":false,"excerpt":"Repose-mains ergonomique sans pieds, con\u00e7u pour un travail de pr\u00e9cision et le confort du client. Parfait pour les services professionnels d'onglerie. Dimensions nettes : 400mm x 150 mm x 30 mm Poids net : 0.536 Kg","rel":"","context":"Similar post","block_context":{"text":"Similar post","link":""},"img":{"alt_text":"ulka without legs hand rest white","src":"https:\/\/i0.wp.com\/victoriavynn.ca\/wp-content\/uploads\/2025\/12\/ulka-without-legs-hand-rest-white-.webp?fit=750%2C1000&ssl=1&resize=350%2C200","width":350,"height":200,"srcset":"https:\/\/i0.wp.com\/victoriavynn.ca\/wp-content\/uploads\/2025\/12\/ulka-without-legs-hand-rest-white-.webp?fit=750%2C1000&ssl=1&resize=350%2C200 1x, https:\/\/i0.wp.com\/victoriavynn.ca\/wp-content\/uploads\/2025\/12\/ulka-without-legs-hand-rest-white-.webp?fit=750%2C1000&ssl=1&resize=525%2C300 1.5x, https:\/\/i0.wp.com\/victoriavynn.ca\/wp-content\/uploads\/2025\/12\/ulka-without-legs-hand-rest-white-.webp?fit=750%2C1000&ssl=1&resize=700%2C400 2x"},"classes":[]},{"id":42975,"url":"https:\/\/victoriavynn.ca\/fr\/product\/ulka-elbow-support-white\/","url_meta":{"origin":10903,"position":4},"title":"\u00dcLKA Coudi\u00e8re","author":"Serge Sahakian","date":"D\u00e9cembre 10, 2025","format":false,"excerpt":"Un coussin moelleux sauve les coudes du ma\u00eetre des ongles de la peau rugueuse et de la fatigue des mains. Il a une structure confortable, des accessoires de haute qualit\u00e9 et une large palette de couleurs. Il deviendra un assistant indispensable pour la manucure et la cliente. Ce petit coussin pour...","rel":"","context":"Similar post","block_context":{"text":"Similar post","link":""},"img":{"alt_text":"ulka White round elbow support cushion","src":"https:\/\/i0.wp.com\/victoriavynn.ca\/wp-content\/uploads\/2025\/12\/ulka-elbow-support-white.webp?fit=750%2C1000&ssl=1&resize=350%2C200","width":350,"height":200,"srcset":"https:\/\/i0.wp.com\/victoriavynn.ca\/wp-content\/uploads\/2025\/12\/ulka-elbow-support-white.webp?fit=750%2C1000&ssl=1&resize=350%2C200 1x, https:\/\/i0.wp.com\/victoriavynn.ca\/wp-content\/uploads\/2025\/12\/ulka-elbow-support-white.webp?fit=750%2C1000&ssl=1&resize=525%2C300 1.5x, https:\/\/i0.wp.com\/victoriavynn.ca\/wp-content\/uploads\/2025\/12\/ulka-elbow-support-white.webp?fit=750%2C1000&ssl=1&resize=700%2C400 2x"},"classes":[]},{"id":42961,"url":"https:\/\/victoriavynn.ca\/fr\/product\/ulka-sterilization-pouches-with-indicator-100mmx60mm-100-pcs\/","url_meta":{"origin":10903,"position":5},"title":"\u00dcLKA Sachets de st\u00e9rilisation avec indicateur 100mmx60mm (100 pcs)","author":"Serge Sahakian","date":"D\u00e9cembre 10, 2025","format":false,"excerpt":"Les sachets de st\u00e9rilisation \u00dcLKA avec indicateur (100 mm x 60 mm) assurent un stockage s\u00fbr et st\u00e9rile des petits outils. R\u00e9sistantes aux temp\u00e9ratures \u00e9lev\u00e9es, elles sont parfaites pour les st\u00e9rilisateurs \u00e0 chaleur s\u00e8che. Sp\u00e9cifications du produit : Pochettes de st\u00e9rilisation de 100 mm x 60 mm (100 pi\u00e8ces par paquet) Indicateur de couleur int\u00e9gr\u00e9 confirmant la st\u00e9rilisation R\u00e9sistant aux temp\u00e9ratures \u00e9lev\u00e9es, id\u00e9al pour les st\u00e9rilisateurs \u00e0 chaleur s\u00e8che Fermeture auto-scell\u00e9e solide pour une...","rel":"","context":"Similar post","block_context":{"text":"Similar post","link":""},"img":{"alt_text":"sterilization pouche 60mmx100m","src":"https:\/\/i0.wp.com\/victoriavynn.ca\/wp-content\/uploads\/2025\/12\/sterilization-pouche-60mmx100m-.webp?fit=750%2C1000&ssl=1&resize=350%2C200","width":350,"height":200,"srcset":"https:\/\/i0.wp.com\/victoriavynn.ca\/wp-content\/uploads\/2025\/12\/sterilization-pouche-60mmx100m-.webp?fit=750%2C1000&ssl=1&resize=350%2C200 1x, https:\/\/i0.wp.com\/victoriavynn.ca\/wp-content\/uploads\/2025\/12\/sterilization-pouche-60mmx100m-.webp?fit=750%2C1000&ssl=1&resize=525%2C300 1.5x, https:\/\/i0.wp.com\/victoriavynn.ca\/wp-content\/uploads\/2025\/12\/sterilization-pouche-60mmx100m-.webp?fit=750%2C1000&ssl=1&resize=700%2C400 2x"},"classes":[]}],"jetpack_sharing_enabled":true,"_links":{"self":[{"href":"https:\/\/victoriavynn.ca\/fr\/wp-json\/wp\/v2\/product\/10903","targetHints":{"allow":["GET"]}}],"collection":[{"href":"https:\/\/victoriavynn.ca\/fr\/wp-json\/wp\/v2\/product"}],"about":[{"href":"https:\/\/victoriavynn.ca\/fr\/wp-json\/wp\/v2\/types\/product"}],"replies":[{"embeddable":true,"href":"https:\/\/victoriavynn.ca\/fr\/wp-json\/wp\/v2\/comments?post=10903"}],"wp:featuredmedia":[{"embeddable":true,"href":"https:\/\/victoriavynn.ca\/fr\/wp-json\/wp\/v2\/media\/10904"}],"wp:attachment":[{"href":"https:\/\/victoriavynn.ca\/fr\/wp-json\/wp\/v2\/media?parent=10903"}],"wp:term":[{"taxonomy":"product_brand","embeddable":true,"href":"https:\/\/victoriavynn.ca\/fr\/wp-json\/wp\/v2\/product_brand?post=10903"},{"taxonomy":"product_cat","embeddable":true,"href":"https:\/\/victoriavynn.ca\/fr\/wp-json\/wp\/v2\/product_cat?post=10903"},{"taxonomy":"product_tag","embeddable":true,"href":"https:\/\/victoriavynn.ca\/fr\/wp-json\/wp\/v2\/product_tag?post=10903"}],"curies":[{"name":"wp","href":"https:\/\/api.w.org\/{rel}","templated":true}]}}