{"id":10907,"date":"2023-03-08T21:31:36","date_gmt":"2023-03-09T02:31:36","guid":{"rendered":"https:\/\/victoriavynn.ca\/product\/pharm-foot-pedicure-file-150-100\/"},"modified":"2026-02-13T18:52:46","modified_gmt":"2026-02-13T23:52:46","slug":"pharm-pedicure-file-150-100","status":"publish","type":"product","link":"https:\/\/victoriavynn.ca\/fr\/product\/pharm-foot-pedicure-file-150-100\/","title":{"rendered":"Lime de p\u00e9dicure Pharm Foot 150\/100"},"content":{"rendered":"","protected":false},"excerpt":{"rendered":"","protected":false},"featured_media":10908,"comment_status":"open","ping_status":"closed","template":"","meta":{"jetpack_post_was_ever_published":false,"jetpack_publicize_message":"","jetpack_publicize_feature_enabled":true,"jetpack_social_post_already_shared":false,"jetpack_social_options":{"image_generator_settings":{"template":"highway","default_image_id":0,"font":"","enabled":false},"version":2}},"product_brand":[],"product_cat":[553],"product_tag":[],"class_list":{"0":"post-10907","1":"product","2":"type-product","3":"status-publish","4":"has-post-thumbnail","6":"product_cat-pharm-foot-tools-accessories","8":"first","9":"instock","10":"taxable","11":"shipping-taxable","12":"purchasable","13":"product-type-simple"},"jetpack_publicize_connections":[],"jetpack-related-posts":[{"id":10909,"url":"https:\/\/victoriavynn.ca\/fr\/product\/pharm-foot-pedicure-file-150-100-single-use\/","url_meta":{"origin":10907,"position":0},"title":"Lime de p\u00e9dicure Pharm Foot 150\/100 (usage unique)","author":"Serge Sahakian","date":"mars 8, 2023","format":false,"excerpt":"","rel":"","context":"Similar post","block_context":{"text":"Similar post","link":""},"img":{"alt_text":"","src":"https:\/\/i0.wp.com\/victoriavynn.ca\/wp-content\/uploads\/2023\/03\/tarka-jednorazowa-do-pedicure-150-100.jpeg?fit=753%2C753&ssl=1&resize=350%2C200","width":350,"height":200,"srcset":"https:\/\/i0.wp.com\/victoriavynn.ca\/wp-content\/uploads\/2023\/03\/tarka-jednorazowa-do-pedicure-150-100.jpeg?fit=753%2C753&ssl=1&resize=350%2C200 1x, https:\/\/i0.wp.com\/victoriavynn.ca\/wp-content\/uploads\/2023\/03\/tarka-jednorazowa-do-pedicure-150-100.jpeg?fit=753%2C753&ssl=1&resize=525%2C300 1.5x, https:\/\/i0.wp.com\/victoriavynn.ca\/wp-content\/uploads\/2023\/03\/tarka-jednorazowa-do-pedicure-150-100.jpeg?fit=753%2C753&ssl=1&resize=700%2C400 2x"},"classes":[]},{"id":11001,"url":"https:\/\/victoriavynn.ca\/fr\/product\/pharm-foot-pedicure-toe-reconstruction-kit\/","url_meta":{"origin":10907,"position":1},"title":"Pharm Foot reCONSTRUCTOR PODO NAIL SET UV\/LED","author":"Serge Sahakian","date":"mars 9, 2023","format":false,"excerpt":"Pharm Foot reCONSTRUCTOR PODO NAIL SET UV\/LED est le kit ultime de reconstruction des orteils pour la p\u00e9dicure. Le \"nouvel ongle\" cr\u00e9\u00e9 \u00e0 la suite de la reconstruction est con\u00e7u pour prot\u00e9ger la nouvelle plaque d'ongle saine en croissance et le lit de l'ongle contre les facteurs externes. Pour utilisation en salon - Capacit\u00e9 30g \/ 27ml (environ...","rel":"","context":"Similar post","block_context":{"text":"Similar post","link":""},"img":{"alt_text":"Pharm Foot pedicure toe reconstruction kit reCONSTRUCTOR 30ml","src":"https:\/\/i0.wp.com\/victoriavynn.ca\/wp-content\/uploads\/2023\/03\/Pharm-Foot-pedicure-toe-reconstruction-kit-reCONSTRUCTOR-30ml.webp?fit=750%2C1000&ssl=1&resize=350%2C200","width":350,"height":200,"srcset":"https:\/\/i0.wp.com\/victoriavynn.ca\/wp-content\/uploads\/2023\/03\/Pharm-Foot-pedicure-toe-reconstruction-kit-reCONSTRUCTOR-30ml.webp?fit=750%2C1000&ssl=1&resize=350%2C200 1x, https:\/\/i0.wp.com\/victoriavynn.ca\/wp-content\/uploads\/2023\/03\/Pharm-Foot-pedicure-toe-reconstruction-kit-reCONSTRUCTOR-30ml.webp?fit=750%2C1000&ssl=1&resize=525%2C300 1.5x, https:\/\/i0.wp.com\/victoriavynn.ca\/wp-content\/uploads\/2023\/03\/Pharm-Foot-pedicure-toe-reconstruction-kit-reCONSTRUCTOR-30ml.webp?fit=750%2C1000&ssl=1&resize=700%2C400 2x"},"classes":[]},{"id":16597,"url":"https:\/\/victoriavynn.ca\/fr\/product\/pharm-foot-pedicure-ready-set\/","url_meta":{"origin":10907,"position":2},"title":"Pharm Foot Pedicure Ready Set","author":"Serge Sahakian","date":"D\u00e9cembre 11, 2023","format":false,"excerpt":"","rel":"","context":"Similar post","block_context":{"text":"Similar post","link":""},"img":{"alt_text":"","src":"https:\/\/i0.wp.com\/victoriavynn.ca\/wp-content\/uploads\/2023\/12\/pedicure-ready-set.jpg?fit=1200%2C1200&ssl=1&resize=350%2C200","width":350,"height":200,"srcset":"https:\/\/i0.wp.com\/victoriavynn.ca\/wp-content\/uploads\/2023\/12\/pedicure-ready-set.jpg?fit=1200%2C1200&ssl=1&resize=350%2C200 1x, https:\/\/i0.wp.com\/victoriavynn.ca\/wp-content\/uploads\/2023\/12\/pedicure-ready-set.jpg?fit=1200%2C1200&ssl=1&resize=525%2C300 1.5x, https:\/\/i0.wp.com\/victoriavynn.ca\/wp-content\/uploads\/2023\/12\/pedicure-ready-set.jpg?fit=1200%2C1200&ssl=1&resize=700%2C400 2x, https:\/\/i0.wp.com\/victoriavynn.ca\/wp-content\/uploads\/2023\/12\/pedicure-ready-set.jpg?fit=1200%2C1200&ssl=1&resize=1050%2C600 3x"},"classes":[]},{"id":10882,"url":"https:\/\/victoriavynn.ca\/fr\/product\/pharm-foot-one-shot-pedicure-multi-treatment-single-use\/","url_meta":{"origin":10907,"position":3},"title":"Pharm Foot One Shot Pedicure Multi Treatment (usage unique)","author":"Serge Sahakian","date":"mars 8, 2023","format":false,"excerpt":"","rel":"","context":"Similar post","block_context":{"text":"Similar post","link":""},"img":{"alt_text":"","src":"https:\/\/i0.wp.com\/victoriavynn.ca\/wp-content\/uploads\/2023\/03\/single-use-multi-treatmnent-for-pedicure.jpeg?fit=1000%2C1000&ssl=1&resize=350%2C200","width":350,"height":200,"srcset":"https:\/\/i0.wp.com\/victoriavynn.ca\/wp-content\/uploads\/2023\/03\/single-use-multi-treatmnent-for-pedicure.jpeg?fit=1000%2C1000&ssl=1&resize=350%2C200 1x, https:\/\/i0.wp.com\/victoriavynn.ca\/wp-content\/uploads\/2023\/03\/single-use-multi-treatmnent-for-pedicure.jpeg?fit=1000%2C1000&ssl=1&resize=525%2C300 1.5x, https:\/\/i0.wp.com\/victoriavynn.ca\/wp-content\/uploads\/2023\/03\/single-use-multi-treatmnent-for-pedicure.jpeg?fit=1000%2C1000&ssl=1&resize=700%2C400 2x"},"classes":[]},{"id":11342,"url":"https:\/\/victoriavynn.ca\/fr\/product\/best-pedicure-relaxing-salt-herbal-remedy\/","url_meta":{"origin":10907,"position":4},"title":"Pharm Foot Herbal reMEDY 500g (Ligne Ozone Oil &amp; Herbs)","author":"Serge Sahakian","date":"avril 13, 2023","format":false,"excerpt":"Le meilleur sel de p\u00e9dicure relaxant. Pharm Foot Herbal reMEDY est un produit tr\u00e8s bien class\u00e9 en mati\u00e8re de soulagement.  Herbal reMEDY soulage les pieds fatigu\u00e9s et lourds et r\u00e9duit leur gonflement. Pour usage domestique - Capacit\u00e9 500g (environ 12 traitements) Sp\u00e9cifications des produits : \u00a0 \u00a0 \u00a0 \u00a0 \u00a0 \u00a0","rel":"","context":"Similar post","block_context":{"text":"Similar post","link":""},"img":{"alt_text":"Pharm Foot best pedicure relaxing salt Pharm Foot 500g","src":"https:\/\/i0.wp.com\/victoriavynn.ca\/wp-content\/uploads\/2023\/04\/Pharm-Foot-best-pedicure-relaxing-salt-Pharm-Foot-500g.webp?fit=750%2C1000&ssl=1&resize=350%2C200","width":350,"height":200,"srcset":"https:\/\/i0.wp.com\/victoriavynn.ca\/wp-content\/uploads\/2023\/04\/Pharm-Foot-best-pedicure-relaxing-salt-Pharm-Foot-500g.webp?fit=750%2C1000&ssl=1&resize=350%2C200 1x, https:\/\/i0.wp.com\/victoriavynn.ca\/wp-content\/uploads\/2023\/04\/Pharm-Foot-best-pedicure-relaxing-salt-Pharm-Foot-500g.webp?fit=750%2C1000&ssl=1&resize=525%2C300 1.5x, https:\/\/i0.wp.com\/victoriavynn.ca\/wp-content\/uploads\/2023\/04\/Pharm-Foot-best-pedicure-relaxing-salt-Pharm-Foot-500g.webp?fit=750%2C1000&ssl=1&resize=700%2C400 2x"},"classes":[]},{"id":10999,"url":"https:\/\/victoriavynn.ca\/fr\/product\/pharm-foot-best-foot-antibacterial-spray\/","url_meta":{"origin":10907,"position":5},"title":"Pharm Foot SEPTI STARTER 300ml (All in Line)","author":"Serge Sahakian","date":"mars 9, 2023","format":false,"excerpt":"Pharm Foot SEPTI STARTER - REFRESHING SPRAY est class\u00e9 parmi les meilleures ventes de sprays antibact\u00e9riens pour les pieds. Gr\u00e2ce \u00e0 ses propri\u00e9t\u00e9s rafra\u00eechissantes et relaxantes, SEPTI STARTER procure une agr\u00e9able sensation de fra\u00eecheur.  En outre, il \u00e9limine les odeurs d\u00e9sagr\u00e9ables des pieds et tue les bact\u00e9ries. Pour utilisation en salon - Capacit\u00e9 300ml (environ 100...","rel":"","context":"Similar post","block_context":{"text":"Similar post","link":""},"img":{"alt_text":"Pharm Foot best foot antibacterial spray Septi Starter 300ml","src":"https:\/\/i0.wp.com\/victoriavynn.ca\/wp-content\/uploads\/2023\/03\/Pharm-Foot-best-foot-antibacterial-spray-Septi-Starter-300ml.webp?fit=750%2C1000&ssl=1&resize=350%2C200","width":350,"height":200,"srcset":"https:\/\/i0.wp.com\/victoriavynn.ca\/wp-content\/uploads\/2023\/03\/Pharm-Foot-best-foot-antibacterial-spray-Septi-Starter-300ml.webp?fit=750%2C1000&ssl=1&resize=350%2C200 1x, https:\/\/i0.wp.com\/victoriavynn.ca\/wp-content\/uploads\/2023\/03\/Pharm-Foot-best-foot-antibacterial-spray-Septi-Starter-300ml.webp?fit=750%2C1000&ssl=1&resize=525%2C300 1.5x, https:\/\/i0.wp.com\/victoriavynn.ca\/wp-content\/uploads\/2023\/03\/Pharm-Foot-best-foot-antibacterial-spray-Septi-Starter-300ml.webp?fit=750%2C1000&ssl=1&resize=700%2C400 2x"},"classes":[]}],"jetpack_sharing_enabled":true,"_links":{"self":[{"href":"https:\/\/victoriavynn.ca\/fr\/wp-json\/wp\/v2\/product\/10907","targetHints":{"allow":["GET"]}}],"collection":[{"href":"https:\/\/victoriavynn.ca\/fr\/wp-json\/wp\/v2\/product"}],"about":[{"href":"https:\/\/victoriavynn.ca\/fr\/wp-json\/wp\/v2\/types\/product"}],"replies":[{"embeddable":true,"href":"https:\/\/victoriavynn.ca\/fr\/wp-json\/wp\/v2\/comments?post=10907"}],"wp:featuredmedia":[{"embeddable":true,"href":"https:\/\/victoriavynn.ca\/fr\/wp-json\/wp\/v2\/media\/10908"}],"wp:attachment":[{"href":"https:\/\/victoriavynn.ca\/fr\/wp-json\/wp\/v2\/media?parent=10907"}],"wp:term":[{"taxonomy":"product_brand","embeddable":true,"href":"https:\/\/victoriavynn.ca\/fr\/wp-json\/wp\/v2\/product_brand?post=10907"},{"taxonomy":"product_cat","embeddable":true,"href":"https:\/\/victoriavynn.ca\/fr\/wp-json\/wp\/v2\/product_cat?post=10907"},{"taxonomy":"product_tag","embeddable":true,"href":"https:\/\/victoriavynn.ca\/fr\/wp-json\/wp\/v2\/product_tag?post=10907"}],"curies":[{"name":"wp","href":"https:\/\/api.w.org\/{rel}","templated":true}]}}