{"id":10957,"date":"2023-03-09T19:10:51","date_gmt":"2023-03-10T00:10:51","guid":{"rendered":"https:\/\/victoriavynn.ca\/product\/pharm-foot-foot-mousse-125ml-urea-line\/"},"modified":"2026-04-02T22:50:35","modified_gmt":"2026-04-03T02:50:35","slug":"pharm-foot-foot-mousse-125ml-urea-line","status":"publish","type":"product","link":"https:\/\/victoriavynn.ca\/fr\/product\/pharm-foot-foot-mousse-125ml-urea-line\/","title":{"rendered":"Pharm Foot MOUSSE POUR LES PIEDS 105ml (Ligne Ur\u00e9e)"},"content":{"rendered":"<h2 class=\"wp-block-heading\">RECOMMANDATIONS<br><strong>MOUSSE DES PIEDS<\/strong><\/h2>\n\n\n\n<ul class=\"wp-block-list\">\n<li>cr\u00e8me l\u00e9g\u00e8re sous forme de mousse pour le soin de la peau rugueuse et s\u00e8che des pieds<\/li>\n\n\n\n<li>recommand\u00e9 pour un usage quotidien et \u00e0 la fin du traitement<\/li>\n\n\n\n<li>recommand\u00e9 pour les personnes qui pratiquent un sport<\/li>\n\n\n\n<li>\u00e9galement recommand\u00e9 pour les diab\u00e9tiques<\/li>\n<\/ul>\n\n\n\n<h2 class=\"wp-block-heading\">EFFET<br><strong>MOUSSE DES PIEDS<\/strong><\/h2>\n\n\n\n<ul class=\"wp-block-list\">\n<li>maintient la peau en bon \u00e9tat<\/li>\n\n\n\n<li>hydrate et adoucit<\/li>\n\n\n\n<li>soulage les pieds fatigu\u00e9s<\/li>\n\n\n\n<li>absorbe tr\u00e8s rapidement<\/li>\n<\/ul>\n\n\n\n<h2 class=\"wp-block-heading\">MODE D'EMPLOI<br><strong>MOUSSE DES PIEDS<\/strong><\/h2>\n\n\n\n<ul class=\"wp-block-list\">\n<li>agiter avant utilisation<\/li>\n\n\n\n<li>maintenir l'emballage en position verticale<\/li>\n\n\n\n<li>presser la quantit\u00e9 de mousse souhait\u00e9e et masser la peau nettoy\u00e9e des pieds<\/li>\n\n\n\n<li>laisser absorber<\/li>\n\n\n\n<li>utiliser 1 \u00e0 2 fois par jour ou \u00e0 la fin du traitement<\/li>\n<\/ul>\n\n\n\n<h2 class=\"wp-block-heading\">INGREDIENTS<br><strong>MOUSSE DES PIEDS<\/strong><\/h2>\n\n\n\n<p>Aqua, Butane, Cocoglyc\u00e9rides, Ur\u00e9e, Propane, Glyc\u00e9rine, Coco-Glyc\u00e9rides hydrog\u00e9n\u00e9s, Squalane, Glyceryl Stearate Citrate, Cetearyl Alcohol, Glyceryl Stearate, Betaine, C10-18 Triglycerides, Olea Europaea Fruit Oil, Isobutane, Caesalposa hydrolys\u00e9, Caesalpinia Spinia Spinia Gum, Aloe Barbadensis Leaf Extract, Arginine, Ac\u00e9tate de tocoph\u00e9ryle, Allanto\u00efne, Panth\u00e9nol, Palmitate de c\u00e9tyle, Parfum, 4-Terpin\u00e9ol, Propyl\u00e8ne Glycol, Sorbate de potassium, Benzoate de sodium, Acide sorbique, Ph\u00e9noxy\u00e9thanol, Ethylhexylglycerin, Metricos Acetate, Lauramidyl Glycidabe, Lauramidyl Glycidabe Betaine, Lactic Acid, Disodium EDTA, BHA, Alpha-Isomethyl Ionone, Citronellol, Limonene, Geraniol.<\/p>","protected":false},"excerpt":{"rendered":"<div class=\"title\">\n<h2>MOUSSE - CR\u00c8ME EN FIN DE TRAITEMENT 5% ur\u00e9e<\/h2>\n<\/div>\n<div>\u00a0<\/div>\n<div class=\"product-box-1\">Capacit\u00e9\u00a0<strong>105ml<\/strong><\/div>\n<div class=\"product-box-1\">(environ 45 traitements)<\/div>\n<div>\u00a0<\/div>\n<div>\u00a0<\/div>\n<div>Ingr\u00e9dients actifs :<\/div>\n<div>\u00a0<\/div>\n<div><img loading=\"lazy\" decoding=\"async\" class=\"size-full wp-image-20425 alignleft\" src=\"http:\/\/victoriavynn.ca\/wp-content\/uploads\/2023\/03\/allantoin-final.webp\" alt=\"ALLANTO\u00cfNE FINALE\" width=\"150\" height=\"150\" srcset=\"https:\/\/i0.wp.com\/victoriavynn.ca\/wp-content\/uploads\/2023\/03\/allantoin-final.webp?w=150&amp;ssl=1 150w, https:\/\/i0.wp.com\/victoriavynn.ca\/wp-content\/uploads\/2023\/03\/allantoin-final.webp?resize=12%2C12&amp;ssl=1 12w, https:\/\/i0.wp.com\/victoriavynn.ca\/wp-content\/uploads\/2023\/03\/allantoin-final.webp?resize=32%2C32&amp;ssl=1 32w, https:\/\/i0.wp.com\/victoriavynn.ca\/wp-content\/uploads\/2023\/03\/allantoin-final.webp?resize=50%2C50&amp;ssl=1 50w, https:\/\/i0.wp.com\/victoriavynn.ca\/wp-content\/uploads\/2023\/03\/allantoin-final.webp?resize=100%2C100&amp;ssl=1 100w, https:\/\/i0.wp.com\/victoriavynn.ca\/wp-content\/uploads\/2023\/03\/allantoin-final.webp?resize=64%2C64&amp;ssl=1 64w\" sizes=\"auto, (max-width: 150px) 100vw, 150px\" \/> <img loading=\"lazy\" decoding=\"async\" class=\"size-full wp-image-20426 alignleft\" src=\"http:\/\/victoriavynn.ca\/wp-content\/uploads\/2023\/03\/vitamin-e-final.webp\" alt=\"VITAMINE E FINALE\" width=\"150\" height=\"150\" srcset=\"https:\/\/i0.wp.com\/victoriavynn.ca\/wp-content\/uploads\/2023\/03\/vitamin-e-final.webp?w=150&amp;ssl=1 150w, https:\/\/i0.wp.com\/victoriavynn.ca\/wp-content\/uploads\/2023\/03\/vitamin-e-final.webp?resize=12%2C12&amp;ssl=1 12w, https:\/\/i0.wp.com\/victoriavynn.ca\/wp-content\/uploads\/2023\/03\/vitamin-e-final.webp?resize=32%2C32&amp;ssl=1 32w, https:\/\/i0.wp.com\/victoriavynn.ca\/wp-content\/uploads\/2023\/03\/vitamin-e-final.webp?resize=50%2C50&amp;ssl=1 50w, https:\/\/i0.wp.com\/victoriavynn.ca\/wp-content\/uploads\/2023\/03\/vitamin-e-final.webp?resize=100%2C100&amp;ssl=1 100w, https:\/\/i0.wp.com\/victoriavynn.ca\/wp-content\/uploads\/2023\/03\/vitamin-e-final.webp?resize=64%2C64&amp;ssl=1 64w\" sizes=\"auto, (max-width: 150px) 100vw, 150px\" \/> <img loading=\"lazy\" decoding=\"async\" class=\"size-full wp-image-20427 alignleft\" src=\"http:\/\/victoriavynn.ca\/wp-content\/uploads\/2023\/03\/panthenol-final.webp\" alt=\"PANTH\u00c9NOL FINAL\" width=\"150\" height=\"150\" srcset=\"https:\/\/i0.wp.com\/victoriavynn.ca\/wp-content\/uploads\/2023\/03\/panthenol-final.webp?w=150&amp;ssl=1 150w, https:\/\/i0.wp.com\/victoriavynn.ca\/wp-content\/uploads\/2023\/03\/panthenol-final.webp?resize=12%2C12&amp;ssl=1 12w, https:\/\/i0.wp.com\/victoriavynn.ca\/wp-content\/uploads\/2023\/03\/panthenol-final.webp?resize=32%2C32&amp;ssl=1 32w, https:\/\/i0.wp.com\/victoriavynn.ca\/wp-content\/uploads\/2023\/03\/panthenol-final.webp?resize=50%2C50&amp;ssl=1 50w, https:\/\/i0.wp.com\/victoriavynn.ca\/wp-content\/uploads\/2023\/03\/panthenol-final.webp?resize=100%2C100&amp;ssl=1 100w, https:\/\/i0.wp.com\/victoriavynn.ca\/wp-content\/uploads\/2023\/03\/panthenol-final.webp?resize=64%2C64&amp;ssl=1 64w\" sizes=\"auto, (max-width: 150px) 100vw, 150px\" \/> <img loading=\"lazy\" decoding=\"async\" class=\"size-full wp-image-20428 alignleft\" src=\"http:\/\/victoriavynn.ca\/wp-content\/uploads\/2023\/03\/aloe-extract-final.webp\" alt=\"EXTRAIT D&#039;ALO\u00c8S FINAL\" width=\"150\" height=\"150\" srcset=\"https:\/\/i0.wp.com\/victoriavynn.ca\/wp-content\/uploads\/2023\/03\/aloe-extract-final.webp?w=150&amp;ssl=1 150w, https:\/\/i0.wp.com\/victoriavynn.ca\/wp-content\/uploads\/2023\/03\/aloe-extract-final.webp?resize=12%2C12&amp;ssl=1 12w, https:\/\/i0.wp.com\/victoriavynn.ca\/wp-content\/uploads\/2023\/03\/aloe-extract-final.webp?resize=32%2C32&amp;ssl=1 32w, https:\/\/i0.wp.com\/victoriavynn.ca\/wp-content\/uploads\/2023\/03\/aloe-extract-final.webp?resize=50%2C50&amp;ssl=1 50w, https:\/\/i0.wp.com\/victoriavynn.ca\/wp-content\/uploads\/2023\/03\/aloe-extract-final.webp?resize=100%2C100&amp;ssl=1 100w, https:\/\/i0.wp.com\/victoriavynn.ca\/wp-content\/uploads\/2023\/03\/aloe-extract-final.webp?resize=64%2C64&amp;ssl=1 64w\" sizes=\"auto, (max-width: 150px) 100vw, 150px\" \/> <img loading=\"lazy\" decoding=\"async\" class=\"size-full wp-image-20429 alignleft\" src=\"http:\/\/victoriavynn.ca\/wp-content\/uploads\/2023\/03\/polysaccharide-final.webp\" alt=\"POLYSACCHARIDE FINAL\" width=\"150\" height=\"150\" srcset=\"https:\/\/i0.wp.com\/victoriavynn.ca\/wp-content\/uploads\/2023\/03\/polysaccharide-final.webp?w=150&amp;ssl=1 150w, https:\/\/i0.wp.com\/victoriavynn.ca\/wp-content\/uploads\/2023\/03\/polysaccharide-final.webp?resize=12%2C12&amp;ssl=1 12w, https:\/\/i0.wp.com\/victoriavynn.ca\/wp-content\/uploads\/2023\/03\/polysaccharide-final.webp?resize=32%2C32&amp;ssl=1 32w, https:\/\/i0.wp.com\/victoriavynn.ca\/wp-content\/uploads\/2023\/03\/polysaccharide-final.webp?resize=50%2C50&amp;ssl=1 50w, https:\/\/i0.wp.com\/victoriavynn.ca\/wp-content\/uploads\/2023\/03\/polysaccharide-final.webp?resize=100%2C100&amp;ssl=1 100w, https:\/\/i0.wp.com\/victoriavynn.ca\/wp-content\/uploads\/2023\/03\/polysaccharide-final.webp?resize=64%2C64&amp;ssl=1 64w\" sizes=\"auto, (max-width: 150px) 100vw, 150px\" \/> <img loading=\"lazy\" decoding=\"async\" class=\"size-full wp-image-20430 alignleft\" src=\"http:\/\/victoriavynn.ca\/wp-content\/uploads\/2023\/03\/betaine-final.webp\" alt=\"BETAINE FINALE\" width=\"150\" height=\"150\" srcset=\"https:\/\/i0.wp.com\/victoriavynn.ca\/wp-content\/uploads\/2023\/03\/betaine-final.webp?w=150&amp;ssl=1 150w, https:\/\/i0.wp.com\/victoriavynn.ca\/wp-content\/uploads\/2023\/03\/betaine-final.webp?resize=12%2C12&amp;ssl=1 12w, https:\/\/i0.wp.com\/victoriavynn.ca\/wp-content\/uploads\/2023\/03\/betaine-final.webp?resize=32%2C32&amp;ssl=1 32w, https:\/\/i0.wp.com\/victoriavynn.ca\/wp-content\/uploads\/2023\/03\/betaine-final.webp?resize=50%2C50&amp;ssl=1 50w, https:\/\/i0.wp.com\/victoriavynn.ca\/wp-content\/uploads\/2023\/03\/betaine-final.webp?resize=100%2C100&amp;ssl=1 100w, https:\/\/i0.wp.com\/victoriavynn.ca\/wp-content\/uploads\/2023\/03\/betaine-final.webp?resize=64%2C64&amp;ssl=1 64w\" sizes=\"auto, (max-width: 150px) 100vw, 150px\" \/> <img loading=\"lazy\" decoding=\"async\" class=\"size-full wp-image-20431 alignleft\" src=\"http:\/\/victoriavynn.ca\/wp-content\/uploads\/2023\/03\/oilve-oil-final.webp\" alt=\"huile d&#039;olive huile FINAL\" width=\"150\" height=\"150\" srcset=\"https:\/\/i0.wp.com\/victoriavynn.ca\/wp-content\/uploads\/2023\/03\/oilve-oil-final.webp?w=150&amp;ssl=1 150w, https:\/\/i0.wp.com\/victoriavynn.ca\/wp-content\/uploads\/2023\/03\/oilve-oil-final.webp?resize=12%2C12&amp;ssl=1 12w, https:\/\/i0.wp.com\/victoriavynn.ca\/wp-content\/uploads\/2023\/03\/oilve-oil-final.webp?resize=32%2C32&amp;ssl=1 32w, https:\/\/i0.wp.com\/victoriavynn.ca\/wp-content\/uploads\/2023\/03\/oilve-oil-final.webp?resize=50%2C50&amp;ssl=1 50w, https:\/\/i0.wp.com\/victoriavynn.ca\/wp-content\/uploads\/2023\/03\/oilve-oil-final.webp?resize=100%2C100&amp;ssl=1 100w, https:\/\/i0.wp.com\/victoriavynn.ca\/wp-content\/uploads\/2023\/03\/oilve-oil-final.webp?resize=64%2C64&amp;ssl=1 64w\" sizes=\"auto, (max-width: 150px) 100vw, 150px\" \/> <img loading=\"lazy\" decoding=\"async\" class=\"size-full wp-image-20432 alignleft\" src=\"http:\/\/victoriavynn.ca\/wp-content\/uploads\/2023\/03\/urea-5-final-logo.webp\" alt=\"urea 5% FINAL LOGO\" width=\"150\" height=\"150\" srcset=\"https:\/\/i0.wp.com\/victoriavynn.ca\/wp-content\/uploads\/2023\/03\/urea-5-final-logo.webp?w=150&amp;ssl=1 150w, https:\/\/i0.wp.com\/victoriavynn.ca\/wp-content\/uploads\/2023\/03\/urea-5-final-logo.webp?resize=12%2C12&amp;ssl=1 12w, https:\/\/i0.wp.com\/victoriavynn.ca\/wp-content\/uploads\/2023\/03\/urea-5-final-logo.webp?resize=32%2C32&amp;ssl=1 32w, https:\/\/i0.wp.com\/victoriavynn.ca\/wp-content\/uploads\/2023\/03\/urea-5-final-logo.webp?resize=50%2C50&amp;ssl=1 50w, https:\/\/i0.wp.com\/victoriavynn.ca\/wp-content\/uploads\/2023\/03\/urea-5-final-logo.webp?resize=100%2C100&amp;ssl=1 100w, https:\/\/i0.wp.com\/victoriavynn.ca\/wp-content\/uploads\/2023\/03\/urea-5-final-logo.webp?resize=64%2C64&amp;ssl=1 64w\" sizes=\"auto, (max-width: 150px) 100vw, 150px\" \/><\/div>\n<div>\u00a0<\/div>\n<div>\u00a0<\/div>\n<div>\u00a0<\/div>\n<div>\u00a0<\/div>\n<div>\u00a0<\/div>\n<div>\u00a0<\/div>\n<div>\u00a0<\/div>\n<div>\u00a0<\/div>","protected":false},"featured_media":20897,"comment_status":"open","ping_status":"closed","template":"","meta":{"jetpack_post_was_ever_published":false,"jetpack_publicize_message":"","jetpack_publicize_feature_enabled":true,"jetpack_social_post_already_shared":false,"jetpack_social_options":{"image_generator_settings":{"template":"highway","default_image_id":0,"font":"","enabled":false},"version":2}},"product_brand":[],"product_cat":[548],"product_tag":[],"class_list":{"0":"post-10957","1":"product","2":"type-product","3":"status-publish","4":"has-post-thumbnail","6":"product_cat-urea-line","8":"first","9":"instock","10":"taxable","11":"shipping-taxable","12":"purchasable","13":"product-type-simple"},"jetpack_publicize_connections":[],"jetpack-related-posts":[{"id":11346,"url":"https:\/\/victoriavynn.ca\/fr\/product\/best-soothing-pedicure-foam-ozone-herbs\/","url_meta":{"origin":10957,"position":0},"title":"Pharm Foot reLIEF MOUSSE 105ml (Ozone Oil &amp; Herbs Line)","author":"Serge Sahakian","date":"avril 13, 2023","format":false,"excerpt":"Pharm Foot reLIEF MOUSSE figure parmi les meilleures mousses de p\u00e9dicure apaisantes. Gr\u00e2ce \u00e0 ses propri\u00e9t\u00e9s r\u00e9g\u00e9n\u00e9ratrices, apaisantes et calmantes, reLIEF MOUSSE donne la sensation de jambes l\u00e9g\u00e8res et repos\u00e9es. Elle am\u00e9liore \u00e9galement l'\u00e9tat de la peau et la renforce, tout en la rafra\u00eechissant en douceur....","rel":"","context":"Similar post","block_context":{"text":"Similar post","link":""},"img":{"alt_text":"Pharm Foot Best Soothing Pedicure Foam Victoria VYNN","src":"https:\/\/i0.wp.com\/victoriavynn.ca\/wp-content\/uploads\/2023\/04\/Pharm-Foot-Best-Soothing-Pedicure-Foam-Victoria-VYNN-.webp?fit=750%2C1000&ssl=1&resize=350%2C200","width":350,"height":200,"srcset":"https:\/\/i0.wp.com\/victoriavynn.ca\/wp-content\/uploads\/2023\/04\/Pharm-Foot-Best-Soothing-Pedicure-Foam-Victoria-VYNN-.webp?fit=750%2C1000&ssl=1&resize=350%2C200 1x, https:\/\/i0.wp.com\/victoriavynn.ca\/wp-content\/uploads\/2023\/04\/Pharm-Foot-Best-Soothing-Pedicure-Foam-Victoria-VYNN-.webp?fit=750%2C1000&ssl=1&resize=525%2C300 1.5x, https:\/\/i0.wp.com\/victoriavynn.ca\/wp-content\/uploads\/2023\/04\/Pharm-Foot-Best-Soothing-Pedicure-Foam-Victoria-VYNN-.webp?fit=750%2C1000&ssl=1&resize=700%2C400 2x"},"classes":[]},{"id":17496,"url":"https:\/\/victoriavynn.ca\/fr\/product\/pharm-foot-hydro-cream-250ml-urea-line\/","url_meta":{"origin":10957,"position":1},"title":"Pharm Foot Hydro Cream 250ml (Urea Line)","author":"Serge Sahakian","date":"avril 7, 2024","format":false,"excerpt":"Spray Hydratant Peau S\u00e8che avec 10% UREA &amp; Humectants Contenance 150ml Ingr\u00e9dients actifs :","rel":"","context":"Similar post","block_context":{"text":"Similar post","link":""},"img":{"alt_text":"PHARM FOOT HYDRO CREAM SPRAY","src":"https:\/\/i0.wp.com\/victoriavynn.ca\/wp-content\/uploads\/2024\/04\/pharm-foot-hydro-cream-spray-.webp?fit=750%2C1000&ssl=1&resize=350%2C200","width":350,"height":200,"srcset":"https:\/\/i0.wp.com\/victoriavynn.ca\/wp-content\/uploads\/2024\/04\/pharm-foot-hydro-cream-spray-.webp?fit=750%2C1000&ssl=1&resize=350%2C200 1x, https:\/\/i0.wp.com\/victoriavynn.ca\/wp-content\/uploads\/2024\/04\/pharm-foot-hydro-cream-spray-.webp?fit=750%2C1000&ssl=1&resize=525%2C300 1.5x, https:\/\/i0.wp.com\/victoriavynn.ca\/wp-content\/uploads\/2024\/04\/pharm-foot-hydro-cream-spray-.webp?fit=750%2C1000&ssl=1&resize=700%2C400 2x"},"classes":[]},{"id":10967,"url":"https:\/\/victoriavynn.ca\/fr\/product\/pharm-foot-dermo-resoftener-75ml-urea-line\/","url_meta":{"origin":10957,"position":2},"title":"Pharm Foot DERMO reSOFTENER 75ml (Ligne Ur\u00e9e)","author":"Serge Sahakian","date":"mars 9, 2023","format":false,"excerpt":"Cr\u00e8me adoucissante et hydratante \u00e0 l'ur\u00e9e 10% Contenance 75ml (environ 35 soins) Ingr\u00e9dients actifs :","rel":"","context":"Similar post","block_context":{"text":"Similar post","link":""},"img":{"alt_text":"pharm foot dermo resoftener 75ml","src":"https:\/\/i0.wp.com\/victoriavynn.ca\/wp-content\/uploads\/2023\/03\/pharm-foot-dermo-resoftener-75ml.webp?fit=750%2C1000&ssl=1&resize=350%2C200","width":350,"height":200,"srcset":"https:\/\/i0.wp.com\/victoriavynn.ca\/wp-content\/uploads\/2023\/03\/pharm-foot-dermo-resoftener-75ml.webp?fit=750%2C1000&ssl=1&resize=350%2C200 1x, https:\/\/i0.wp.com\/victoriavynn.ca\/wp-content\/uploads\/2023\/03\/pharm-foot-dermo-resoftener-75ml.webp?fit=750%2C1000&ssl=1&resize=525%2C300 1.5x, https:\/\/i0.wp.com\/victoriavynn.ca\/wp-content\/uploads\/2023\/03\/pharm-foot-dermo-resoftener-75ml.webp?fit=750%2C1000&ssl=1&resize=700%2C400 2x"},"classes":[]},{"id":17504,"url":"https:\/\/victoriavynn.ca\/fr\/product\/pharm-foot-urea-forte-75ml-urea-line\/","url_meta":{"origin":10957,"position":3},"title":"Pharm Foot Urea Forte 75ml (Ligne Urea)","author":"Serge Sahakian","date":"avril 7, 2024","format":false,"excerpt":"Pommade contre la k\u00e9ratisation de la peau avec UREA et \u00e9mollients Capacit\u00e9 75ml (environ 40 traitements) Ingr\u00e9dients actifs :","rel":"","context":"Similar post","block_context":{"text":"Similar post","link":""},"img":{"alt_text":"","src":"https:\/\/i0.wp.com\/victoriavynn.ca\/wp-content\/uploads\/2024\/04\/pharm-foot-urea-forte-1-5.webp?fit=750%2C1000&ssl=1&resize=350%2C200","width":350,"height":200,"srcset":"https:\/\/i0.wp.com\/victoriavynn.ca\/wp-content\/uploads\/2024\/04\/pharm-foot-urea-forte-1-5.webp?fit=750%2C1000&ssl=1&resize=350%2C200 1x, https:\/\/i0.wp.com\/victoriavynn.ca\/wp-content\/uploads\/2024\/04\/pharm-foot-urea-forte-1-5.webp?fit=750%2C1000&ssl=1&resize=525%2C300 1.5x, https:\/\/i0.wp.com\/victoriavynn.ca\/wp-content\/uploads\/2024\/04\/pharm-foot-urea-forte-1-5.webp?fit=750%2C1000&ssl=1&resize=700%2C400 2x"},"classes":[]},{"id":17502,"url":"https:\/\/victoriavynn.ca\/fr\/product\/pharm-foot-derma-scraper-200g-urea-line\/","url_meta":{"origin":10957,"position":4},"title":"Pharm Foot Derma Scraper 200g (Urea Line)","author":"Serge Sahakian","date":"avril 7, 2024","format":false,"excerpt":"GOMMAGE ASSOUPLISSANT SEL &amp; SUCRE \u00e0 l'UREA &amp; GOJI Contenance 200g (environ 20 soins) Ingr\u00e9dients actifs : \u00a0 \u00a0 \u00a0 \u00a0 \u00a0 \u00a0 \u00a0 \u00a0 \u00a0 \u00a0","rel":"","context":"Similar post","block_context":{"text":"Similar post","link":""},"img":{"alt_text":"pharm foot derma scraper salt & sugar Softening Scrub","src":"https:\/\/i0.wp.com\/victoriavynn.ca\/wp-content\/uploads\/2024\/04\/pharm-foot-derma-scraper-salt-sugar-softening-scrub.webp?fit=750%2C1000&ssl=1&resize=350%2C200","width":350,"height":200,"srcset":"https:\/\/i0.wp.com\/victoriavynn.ca\/wp-content\/uploads\/2024\/04\/pharm-foot-derma-scraper-salt-sugar-softening-scrub.webp?fit=750%2C1000&ssl=1&resize=350%2C200 1x, https:\/\/i0.wp.com\/victoriavynn.ca\/wp-content\/uploads\/2024\/04\/pharm-foot-derma-scraper-salt-sugar-softening-scrub.webp?fit=750%2C1000&ssl=1&resize=525%2C300 1.5x, https:\/\/i0.wp.com\/victoriavynn.ca\/wp-content\/uploads\/2024\/04\/pharm-foot-derma-scraper-salt-sugar-softening-scrub.webp?fit=750%2C1000&ssl=1&resize=700%2C400 2x"},"classes":[]},{"id":17500,"url":"https:\/\/victoriavynn.ca\/fr\/product\/pharm-foot-dermo-intense-250ml-urea-line\/","url_meta":{"origin":10957,"position":5},"title":"Pharm Foot Dermo Intense 250ml (Ligne Ur\u00e9e)","author":"Serge Sahakian","date":"avril 7, 2024","format":false,"excerpt":"CR\u00c8ME HYDRATANTE ANTI-CALLUS \u00c0 L'UREA ET AU COLLAG\u00c8NE Contenance 250 g Principes actifs : \u00a0","rel":"","context":"Similar post","block_context":{"text":"Similar post","link":""},"img":{"alt_text":"Pharm Foot Dermo Intense 250g","src":"https:\/\/i0.wp.com\/victoriavynn.ca\/wp-content\/uploads\/2024\/04\/pharm-foot-dermo-intense-250g-.webp?fit=750%2C1000&ssl=1&resize=350%2C200","width":350,"height":200,"srcset":"https:\/\/i0.wp.com\/victoriavynn.ca\/wp-content\/uploads\/2024\/04\/pharm-foot-dermo-intense-250g-.webp?fit=750%2C1000&ssl=1&resize=350%2C200 1x, https:\/\/i0.wp.com\/victoriavynn.ca\/wp-content\/uploads\/2024\/04\/pharm-foot-dermo-intense-250g-.webp?fit=750%2C1000&ssl=1&resize=525%2C300 1.5x, https:\/\/i0.wp.com\/victoriavynn.ca\/wp-content\/uploads\/2024\/04\/pharm-foot-dermo-intense-250g-.webp?fit=750%2C1000&ssl=1&resize=700%2C400 2x"},"classes":[]}],"jetpack_sharing_enabled":true,"_links":{"self":[{"href":"https:\/\/victoriavynn.ca\/fr\/wp-json\/wp\/v2\/product\/10957","targetHints":{"allow":["GET"]}}],"collection":[{"href":"https:\/\/victoriavynn.ca\/fr\/wp-json\/wp\/v2\/product"}],"about":[{"href":"https:\/\/victoriavynn.ca\/fr\/wp-json\/wp\/v2\/types\/product"}],"replies":[{"embeddable":true,"href":"https:\/\/victoriavynn.ca\/fr\/wp-json\/wp\/v2\/comments?post=10957"}],"wp:featuredmedia":[{"embeddable":true,"href":"https:\/\/victoriavynn.ca\/fr\/wp-json\/wp\/v2\/media\/20897"}],"wp:attachment":[{"href":"https:\/\/victoriavynn.ca\/fr\/wp-json\/wp\/v2\/media?parent=10957"}],"wp:term":[{"taxonomy":"product_brand","embeddable":true,"href":"https:\/\/victoriavynn.ca\/fr\/wp-json\/wp\/v2\/product_brand?post=10957"},{"taxonomy":"product_cat","embeddable":true,"href":"https:\/\/victoriavynn.ca\/fr\/wp-json\/wp\/v2\/product_cat?post=10957"},{"taxonomy":"product_tag","embeddable":true,"href":"https:\/\/victoriavynn.ca\/fr\/wp-json\/wp\/v2\/product_tag?post=10957"}],"curies":[{"name":"wp","href":"https:\/\/api.w.org\/{rel}","templated":true}]}}