{"id":10961,"date":"2023-03-09T19:10:53","date_gmt":"2023-03-10T00:10:53","guid":{"rendered":"https:\/\/victoriavynn.ca\/product\/pharm-foot-fresh-crystals-5000g-all-in-line\/"},"modified":"2026-03-04T17:40:16","modified_gmt":"2026-03-04T22:40:16","slug":"pharm-foot-fresh-crystals-5000g-all-in-line","status":"publish","type":"product","link":"https:\/\/victoriavynn.ca\/fr\/product\/pharm-foot-fresh-crystals-5000g-all-in-line\/","title":{"rendered":"Pharm Foot FRESH CRYSTALS 5000g (All in Line)"},"content":{"rendered":"","protected":false},"excerpt":{"rendered":"<p>Bain de pieds rafra\u00eechissant au collag\u00e8ne 5000 g<\/p>","protected":false},"featured_media":10962,"comment_status":"open","ping_status":"closed","template":"","meta":{"jetpack_post_was_ever_published":false,"jetpack_publicize_message":"","jetpack_publicize_feature_enabled":true,"jetpack_social_post_already_shared":false,"jetpack_social_options":{"image_generator_settings":{"template":"highway","default_image_id":0,"font":"","enabled":false},"version":2}},"product_brand":[],"product_cat":[550],"product_tag":[],"class_list":{"0":"post-10961","1":"product","2":"type-product","3":"status-publish","4":"has-post-thumbnail","6":"product_cat-all-in-line","8":"first","9":"outofstock","10":"taxable","11":"shipping-taxable","12":"purchasable","13":"product-type-simple"},"jetpack_publicize_connections":[],"jetpack-related-posts":[{"id":11003,"url":"https:\/\/victoriavynn.ca\/fr\/product\/pharm-foot-best-foot-bath-salts-1250g\/","url_meta":{"origin":10961,"position":0},"title":"Pharm Foot FRESH CRYSTALS 1250g (All in Line)","author":"Serge Sahakian","date":"mars 9, 2023","format":false,"excerpt":"Pharm Foot FRESH CRYSTALS - REFRESHING FOOT BATH SALT est nomm\u00e9 parmi les meilleurs sels de bain pour les pieds. Gr\u00e2ce \u00e0 ses propri\u00e9t\u00e9s rafra\u00eechissantes et relaxantes, FRESH CRYSTALS donne la sensation de jambes l\u00e9g\u00e8res et bien repos\u00e9es. Il am\u00e9liore \u00e9galement l'\u00e9tat de la peau et la renforce. A utiliser en salon...","rel":"","context":"Similar post","block_context":{"text":"Similar post","link":""},"img":{"alt_text":"Pharm Foot best foot bath salts refreshing crystals 1250g copy","src":"https:\/\/i0.wp.com\/victoriavynn.ca\/wp-content\/uploads\/2023\/03\/Pharm-Foot-best-foot-bath-salts-refreshinf-crystals-1250g-copy.webp?fit=750%2C1000&ssl=1&resize=350%2C200","width":350,"height":200,"srcset":"https:\/\/i0.wp.com\/victoriavynn.ca\/wp-content\/uploads\/2023\/03\/Pharm-Foot-best-foot-bath-salts-refreshinf-crystals-1250g-copy.webp?fit=750%2C1000&ssl=1&resize=350%2C200 1x, https:\/\/i0.wp.com\/victoriavynn.ca\/wp-content\/uploads\/2023\/03\/Pharm-Foot-best-foot-bath-salts-refreshinf-crystals-1250g-copy.webp?fit=750%2C1000&ssl=1&resize=525%2C300 1.5x, https:\/\/i0.wp.com\/victoriavynn.ca\/wp-content\/uploads\/2023\/03\/Pharm-Foot-best-foot-bath-salts-refreshinf-crystals-1250g-copy.webp?fit=750%2C1000&ssl=1&resize=700%2C400 2x"},"classes":[]},{"id":10880,"url":"https:\/\/victoriavynn.ca\/fr\/product\/pharm-foot-collagen-power-15ml-all-in-line\/","url_meta":{"origin":10961,"position":1},"title":"Pharm Foot COLLAGEN POWER 15ml (All in Line)","author":"Serge Sahakian","date":"mars 8, 2023","format":false,"excerpt":"S\u00c9RUM au collag\u00e8ne et \u00e0 l'huile d'arbre \u00e0 th\u00e9 15ml","rel":"","context":"Similar post","block_context":{"text":"Similar post","link":""},"img":{"alt_text":"vynn_pf_collagen_power_15ml_kart","src":"https:\/\/i0.wp.com\/victoriavynn.ca\/wp-content\/uploads\/2023\/03\/vynn_pf_collagen_power_15ml_kart.webp?fit=750%2C1000&ssl=1&resize=350%2C200","width":350,"height":200,"srcset":"https:\/\/i0.wp.com\/victoriavynn.ca\/wp-content\/uploads\/2023\/03\/vynn_pf_collagen_power_15ml_kart.webp?fit=750%2C1000&ssl=1&resize=350%2C200 1x, https:\/\/i0.wp.com\/victoriavynn.ca\/wp-content\/uploads\/2023\/03\/vynn_pf_collagen_power_15ml_kart.webp?fit=750%2C1000&ssl=1&resize=525%2C300 1.5x, https:\/\/i0.wp.com\/victoriavynn.ca\/wp-content\/uploads\/2023\/03\/vynn_pf_collagen_power_15ml_kart.webp?fit=750%2C1000&ssl=1&resize=700%2C400 2x"},"classes":[]},{"id":11342,"url":"https:\/\/victoriavynn.ca\/fr\/product\/best-pedicure-relaxing-salt-herbal-remedy\/","url_meta":{"origin":10961,"position":2},"title":"Pharm Foot Herbal reMEDY 500g (Ligne Ozone Oil &amp; Herbs)","author":"Serge Sahakian","date":"avril 13, 2023","format":false,"excerpt":"Le meilleur sel de p\u00e9dicure relaxant. Pharm Foot Herbal reMEDY est un produit tr\u00e8s bien class\u00e9 en mati\u00e8re de soulagement.  Herbal reMEDY soulage les pieds fatigu\u00e9s et lourds et r\u00e9duit leur gonflement. Pour usage domestique - Capacit\u00e9 500g (environ 12 traitements) Sp\u00e9cifications des produits : \u00a0 \u00a0 \u00a0 \u00a0 \u00a0 \u00a0","rel":"","context":"Similar post","block_context":{"text":"Similar post","link":""},"img":{"alt_text":"Pharm Foot best pedicure relaxing salt Pharm Foot 500g","src":"https:\/\/i0.wp.com\/victoriavynn.ca\/wp-content\/uploads\/2023\/04\/Pharm-Foot-best-pedicure-relaxing-salt-Pharm-Foot-500g.webp?fit=750%2C1000&ssl=1&resize=350%2C200","width":350,"height":200,"srcset":"https:\/\/i0.wp.com\/victoriavynn.ca\/wp-content\/uploads\/2023\/04\/Pharm-Foot-best-pedicure-relaxing-salt-Pharm-Foot-500g.webp?fit=750%2C1000&ssl=1&resize=350%2C200 1x, https:\/\/i0.wp.com\/victoriavynn.ca\/wp-content\/uploads\/2023\/04\/Pharm-Foot-best-pedicure-relaxing-salt-Pharm-Foot-500g.webp?fit=750%2C1000&ssl=1&resize=525%2C300 1.5x, https:\/\/i0.wp.com\/victoriavynn.ca\/wp-content\/uploads\/2023\/04\/Pharm-Foot-best-pedicure-relaxing-salt-Pharm-Foot-500g.webp?fit=750%2C1000&ssl=1&resize=700%2C400 2x"},"classes":[]},{"id":11340,"url":"https:\/\/victoriavynn.ca\/fr\/product\/salon-herbal-pedicure-salt-1250g\/","url_meta":{"origin":10961,"position":3},"title":"Pharm Foot Herbal reMEDY 1250g (Ligne Ozone Oil &amp; Herbs)","author":"Serge Sahakian","date":"avril 13, 2023","format":false,"excerpt":"Meilleur sel de p\u00e9dicure \u00e0 base de plantes de salon. Pharm Foot Herbal reMEDY est un produit tr\u00e8s bien class\u00e9 en mati\u00e8re de soulagement.  Herbal reMEDY soulage les pieds fatigu\u00e9s et lourds et r\u00e9duit leur gonflement. Pour le salon et la maison - Capacit\u00e9 1250g (environ 30 traitements) Sp\u00e9cifications des produits :          ...","rel":"","context":"Similar post","block_context":{"text":"Similar post","link":""},"img":{"alt_text":"Pharm Foot best salon herbal pedicure salt Pharm Foot 1250g","src":"https:\/\/i0.wp.com\/victoriavynn.ca\/wp-content\/uploads\/2023\/04\/Pharm-Foot-best-salon-herbal-pedicure-salt-Pharm-Foot-1250g.webp?fit=750%2C1000&ssl=1&resize=350%2C200","width":350,"height":200,"srcset":"https:\/\/i0.wp.com\/victoriavynn.ca\/wp-content\/uploads\/2023\/04\/Pharm-Foot-best-salon-herbal-pedicure-salt-Pharm-Foot-1250g.webp?fit=750%2C1000&ssl=1&resize=350%2C200 1x, https:\/\/i0.wp.com\/victoriavynn.ca\/wp-content\/uploads\/2023\/04\/Pharm-Foot-best-salon-herbal-pedicure-salt-Pharm-Foot-1250g.webp?fit=750%2C1000&ssl=1&resize=525%2C300 1.5x, https:\/\/i0.wp.com\/victoriavynn.ca\/wp-content\/uploads\/2023\/04\/Pharm-Foot-best-salon-herbal-pedicure-salt-Pharm-Foot-1250g.webp?fit=750%2C1000&ssl=1&resize=700%2C400 2x"},"classes":[]},{"id":10977,"url":"https:\/\/victoriavynn.ca\/fr\/product\/pharm-foot-foot-scraper-800g-all-in-line\/","url_meta":{"origin":10961,"position":4},"title":"Pharm Foot SCRAPER DE PIEDS 800g (All in Line)","author":"Serge Sahakian","date":"mars 9, 2023","format":false,"excerpt":"GOMMAGE LISSANT AU SEL ET AU SUCRE avec complexe d'huiles et beurre de karit\u00e9 800g","rel":"","context":"Similar post","block_context":{"text":"Similar post","link":""},"img":{"alt_text":"vynn_pf_foot_scraper_800g","src":"https:\/\/i0.wp.com\/victoriavynn.ca\/wp-content\/uploads\/2023\/03\/vynn_pf_foot_scraper_800g-1.webp?fit=750%2C1000&ssl=1&resize=350%2C200","width":350,"height":200,"srcset":"https:\/\/i0.wp.com\/victoriavynn.ca\/wp-content\/uploads\/2023\/03\/vynn_pf_foot_scraper_800g-1.webp?fit=750%2C1000&ssl=1&resize=350%2C200 1x, https:\/\/i0.wp.com\/victoriavynn.ca\/wp-content\/uploads\/2023\/03\/vynn_pf_foot_scraper_800g-1.webp?fit=750%2C1000&ssl=1&resize=525%2C300 1.5x, https:\/\/i0.wp.com\/victoriavynn.ca\/wp-content\/uploads\/2023\/03\/vynn_pf_foot_scraper_800g-1.webp?fit=750%2C1000&ssl=1&resize=700%2C400 2x"},"classes":[]},{"id":10975,"url":"https:\/\/victoriavynn.ca\/fr\/product\/pharm-foot-foot-scraper-200g-all-in-line\/","url_meta":{"origin":10961,"position":5},"title":"Pharm Foot \u00c9CRAPTEUR DE PIEDS 200g (All in Line)","author":"Serge Sahakian","date":"mars 9, 2023","format":false,"excerpt":"GOMMAGE LISSANT SEL &amp; SUCRE avec complexe d'huiles et beurre de karit\u00e9 200g","rel":"","context":"Similar post","block_context":{"text":"Similar post","link":""},"img":{"alt_text":"vynn_pf_foot_scraper_200g","src":"https:\/\/i0.wp.com\/victoriavynn.ca\/wp-content\/uploads\/2023\/03\/vynn_pf_foot_scraper_200g.webp?fit=750%2C1000&ssl=1&resize=350%2C200","width":350,"height":200,"srcset":"https:\/\/i0.wp.com\/victoriavynn.ca\/wp-content\/uploads\/2023\/03\/vynn_pf_foot_scraper_200g.webp?fit=750%2C1000&ssl=1&resize=350%2C200 1x, https:\/\/i0.wp.com\/victoriavynn.ca\/wp-content\/uploads\/2023\/03\/vynn_pf_foot_scraper_200g.webp?fit=750%2C1000&ssl=1&resize=525%2C300 1.5x, https:\/\/i0.wp.com\/victoriavynn.ca\/wp-content\/uploads\/2023\/03\/vynn_pf_foot_scraper_200g.webp?fit=750%2C1000&ssl=1&resize=700%2C400 2x"},"classes":[]}],"jetpack_sharing_enabled":true,"_links":{"self":[{"href":"https:\/\/victoriavynn.ca\/fr\/wp-json\/wp\/v2\/product\/10961","targetHints":{"allow":["GET"]}}],"collection":[{"href":"https:\/\/victoriavynn.ca\/fr\/wp-json\/wp\/v2\/product"}],"about":[{"href":"https:\/\/victoriavynn.ca\/fr\/wp-json\/wp\/v2\/types\/product"}],"replies":[{"embeddable":true,"href":"https:\/\/victoriavynn.ca\/fr\/wp-json\/wp\/v2\/comments?post=10961"}],"wp:featuredmedia":[{"embeddable":true,"href":"https:\/\/victoriavynn.ca\/fr\/wp-json\/wp\/v2\/media\/10962"}],"wp:attachment":[{"href":"https:\/\/victoriavynn.ca\/fr\/wp-json\/wp\/v2\/media?parent=10961"}],"wp:term":[{"taxonomy":"product_brand","embeddable":true,"href":"https:\/\/victoriavynn.ca\/fr\/wp-json\/wp\/v2\/product_brand?post=10961"},{"taxonomy":"product_cat","embeddable":true,"href":"https:\/\/victoriavynn.ca\/fr\/wp-json\/wp\/v2\/product_cat?post=10961"},{"taxonomy":"product_tag","embeddable":true,"href":"https:\/\/victoriavynn.ca\/fr\/wp-json\/wp\/v2\/product_tag?post=10961"}],"curies":[{"name":"wp","href":"https:\/\/api.w.org\/{rel}","templated":true}]}}