{"id":10967,"date":"2023-03-09T19:10:57","date_gmt":"2023-03-10T00:10:57","guid":{"rendered":"https:\/\/victoriavynn.ca\/product\/pharm-foot-dermo-resoftener-75ml-urea-line\/"},"modified":"2026-04-04T18:11:59","modified_gmt":"2026-04-04T22:11:59","slug":"pharm-foot-dermo-resoftener-75ml-urea-line","status":"publish","type":"product","link":"https:\/\/victoriavynn.ca\/fr\/product\/pharm-foot-dermo-resoftener-75ml-urea-line\/","title":{"rendered":"Pharm Foot DERMO reSOFTENER 75ml (Ligne Ur\u00e9e)"},"content":{"rendered":"<h2 class=\"wp-block-heading\">RECOMMANDATIONS<br><strong>DERMO reSOFTENER<\/strong><\/h2>\n\n\n\n<ul class=\"wp-block-list\">\n<li>cr\u00e8me pour le soin de la peau tr\u00e8s s\u00e8che des pieds avec une tendance \u00e0 la fissuration et une k\u00e9ratinisation excessive de l'\u00e9piderme<\/li>\n\n\n\n<li>\u00e9galement recommand\u00e9 pour les diab\u00e9tiques<\/li>\n<\/ul>\n\n\n\n<h2 class=\"wp-block-heading\">EFFET<br><strong>DERMO reSOFTENER<\/strong><\/h2>\n\n\n\n<ul class=\"wp-block-list\">\n<li>acc\u00e9l\u00e8re la r\u00e9g\u00e9n\u00e9ration de l'\u00e9piderme<\/li>\n\n\n\n<li>aide \u00e0 maintenir un niveau d'hydratation ad\u00e9quat<\/li>\n\n\n\n<li>rend la peau douce et lisse<\/li>\n<\/ul>\n\n\n\n<h2 class=\"wp-block-heading\">MODE D'EMPLOI<br><strong>DERMO reSOFTENER<\/strong><\/h2>\n\n\n\n<ul class=\"wp-block-list\">\n<li>appliquer sur des pieds propres<\/li>\n\n\n\n<li>masser et laisser absorber<\/li>\n\n\n\n<li>utiliser 1 ou 2 fois par jour<\/li>\n<\/ul>\n\n\n\n<h2 class=\"wp-block-heading\">INGREDIENTS<br><strong>DERMO reSOFTENER<\/strong><\/h2>\n\n\n\n<p>Aqua, Urea, Petrolatum, Caprylic \/ Capric Triglyceride, Glycerin, Cetearyl Alcohol, Glyceryl Stearates, Butyrospermum parkii Butter, Cetyl Alcohol, Lanolin, Prunus Amygdalus Dulcisamine Oil, Olus Oil, Tocopherol, Ceteareth-20, Lactic Acid, Trieolthanol Acid, Panthenolthanolin , Propylene Glycol, Cera Microcristallina, huile v\u00e9g\u00e9tale hydrog\u00e9n\u00e9e, Cera Alba, huile de feuille de Cymbopogon Schoenanthus, acide palmique hydrog\u00e9n\u00e9, st\u00e9arate de st\u00e9aryle, extrait de Mentha Aquatica, ph\u00e9noxy\u00e9thanol, \u00e9thylhexylglyc\u00e9rine, DMDM, hydanto\u00efne, BHT, acide citumine, 4 , citronellol, limon\u00e8ne, alpha-isom\u00e9thyl ionone, g\u00e9raniol, linalol.<\/p>","protected":false},"excerpt":{"rendered":"<h2>Cr\u00e8me adoucissante et hydratante avec 10% UREA<\/h2>\n<div class=\"product-box-1\">Capacit\u00e9\u00a0<strong>75ml<\/strong><\/div>\n<div class=\"product-box-1\">(environ 35 traitements)<\/div>\n<div><\/div>\n<div>Ingr\u00e9dients actifs :<\/div>\n<div><img loading=\"lazy\" decoding=\"async\" class=\"alignnone size-full wp-image-20442\" src=\"http:\/\/victoriavynn.ca\/wp-content\/uploads\/2024\/04\/urea-final.webp\" alt=\"UREA FINALE\" width=\"150\" height=\"150\" srcset=\"https:\/\/i0.wp.com\/victoriavynn.ca\/wp-content\/uploads\/2024\/04\/urea-final.webp?w=150&amp;ssl=1 150w, https:\/\/i0.wp.com\/victoriavynn.ca\/wp-content\/uploads\/2024\/04\/urea-final.webp?resize=12%2C12&amp;ssl=1 12w, https:\/\/i0.wp.com\/victoriavynn.ca\/wp-content\/uploads\/2024\/04\/urea-final.webp?resize=32%2C32&amp;ssl=1 32w, https:\/\/i0.wp.com\/victoriavynn.ca\/wp-content\/uploads\/2024\/04\/urea-final.webp?resize=50%2C50&amp;ssl=1 50w, https:\/\/i0.wp.com\/victoriavynn.ca\/wp-content\/uploads\/2024\/04\/urea-final.webp?resize=100%2C100&amp;ssl=1 100w, https:\/\/i0.wp.com\/victoriavynn.ca\/wp-content\/uploads\/2024\/04\/urea-final.webp?resize=64%2C64&amp;ssl=1 64w\" sizes=\"auto, (max-width: 150px) 100vw, 150px\" \/><img loading=\"lazy\" decoding=\"async\" class=\"alignnone size-full wp-image-20458\" src=\"http:\/\/victoriavynn.ca\/wp-content\/uploads\/2023\/03\/almond-oil-final.webp\" alt=\"Huile d&#039;amande finale\" width=\"150\" height=\"150\" srcset=\"https:\/\/i0.wp.com\/victoriavynn.ca\/wp-content\/uploads\/2023\/03\/almond-oil-final.webp?w=150&amp;ssl=1 150w, https:\/\/i0.wp.com\/victoriavynn.ca\/wp-content\/uploads\/2023\/03\/almond-oil-final.webp?resize=12%2C12&amp;ssl=1 12w, https:\/\/i0.wp.com\/victoriavynn.ca\/wp-content\/uploads\/2023\/03\/almond-oil-final.webp?resize=32%2C32&amp;ssl=1 32w, https:\/\/i0.wp.com\/victoriavynn.ca\/wp-content\/uploads\/2023\/03\/almond-oil-final.webp?resize=50%2C50&amp;ssl=1 50w, https:\/\/i0.wp.com\/victoriavynn.ca\/wp-content\/uploads\/2023\/03\/almond-oil-final.webp?resize=100%2C100&amp;ssl=1 100w, https:\/\/i0.wp.com\/victoriavynn.ca\/wp-content\/uploads\/2023\/03\/almond-oil-final.webp?resize=64%2C64&amp;ssl=1 64w\" sizes=\"auto, (max-width: 150px) 100vw, 150px\" \/><img loading=\"lazy\" decoding=\"async\" class=\"alignnone size-full wp-image-20447\" src=\"http:\/\/victoriavynn.ca\/wp-content\/uploads\/2024\/04\/shea-butter-final.webp\" alt=\"Beurre de karit\u00e9\" width=\"150\" height=\"150\" srcset=\"https:\/\/i0.wp.com\/victoriavynn.ca\/wp-content\/uploads\/2024\/04\/shea-butter-final.webp?w=150&amp;ssl=1 150w, https:\/\/i0.wp.com\/victoriavynn.ca\/wp-content\/uploads\/2024\/04\/shea-butter-final.webp?resize=12%2C12&amp;ssl=1 12w, https:\/\/i0.wp.com\/victoriavynn.ca\/wp-content\/uploads\/2024\/04\/shea-butter-final.webp?resize=32%2C32&amp;ssl=1 32w, https:\/\/i0.wp.com\/victoriavynn.ca\/wp-content\/uploads\/2024\/04\/shea-butter-final.webp?resize=50%2C50&amp;ssl=1 50w, https:\/\/i0.wp.com\/victoriavynn.ca\/wp-content\/uploads\/2024\/04\/shea-butter-final.webp?resize=100%2C100&amp;ssl=1 100w, https:\/\/i0.wp.com\/victoriavynn.ca\/wp-content\/uploads\/2024\/04\/shea-butter-final.webp?resize=64%2C64&amp;ssl=1 64w\" sizes=\"auto, (max-width: 150px) 100vw, 150px\" \/><img loading=\"lazy\" decoding=\"async\" class=\"alignnone size-full wp-image-20427\" src=\"http:\/\/victoriavynn.ca\/wp-content\/uploads\/2023\/03\/panthenol-final.webp\" alt=\"PANTH\u00c9NOL FINAL\" width=\"150\" height=\"150\" srcset=\"https:\/\/i0.wp.com\/victoriavynn.ca\/wp-content\/uploads\/2023\/03\/panthenol-final.webp?w=150&amp;ssl=1 150w, https:\/\/i0.wp.com\/victoriavynn.ca\/wp-content\/uploads\/2023\/03\/panthenol-final.webp?resize=12%2C12&amp;ssl=1 12w, https:\/\/i0.wp.com\/victoriavynn.ca\/wp-content\/uploads\/2023\/03\/panthenol-final.webp?resize=32%2C32&amp;ssl=1 32w, https:\/\/i0.wp.com\/victoriavynn.ca\/wp-content\/uploads\/2023\/03\/panthenol-final.webp?resize=50%2C50&amp;ssl=1 50w, https:\/\/i0.wp.com\/victoriavynn.ca\/wp-content\/uploads\/2023\/03\/panthenol-final.webp?resize=100%2C100&amp;ssl=1 100w, https:\/\/i0.wp.com\/victoriavynn.ca\/wp-content\/uploads\/2023\/03\/panthenol-final.webp?resize=64%2C64&amp;ssl=1 64w\" sizes=\"auto, (max-width: 150px) 100vw, 150px\" \/><img loading=\"lazy\" decoding=\"async\" class=\"alignnone size-full wp-image-20425\" src=\"http:\/\/victoriavynn.ca\/wp-content\/uploads\/2023\/03\/allantoin-final.webp\" alt=\"ALLANTO\u00cfNE FINALE\" width=\"150\" height=\"150\" srcset=\"https:\/\/i0.wp.com\/victoriavynn.ca\/wp-content\/uploads\/2023\/03\/allantoin-final.webp?w=150&amp;ssl=1 150w, https:\/\/i0.wp.com\/victoriavynn.ca\/wp-content\/uploads\/2023\/03\/allantoin-final.webp?resize=12%2C12&amp;ssl=1 12w, https:\/\/i0.wp.com\/victoriavynn.ca\/wp-content\/uploads\/2023\/03\/allantoin-final.webp?resize=32%2C32&amp;ssl=1 32w, https:\/\/i0.wp.com\/victoriavynn.ca\/wp-content\/uploads\/2023\/03\/allantoin-final.webp?resize=50%2C50&amp;ssl=1 50w, https:\/\/i0.wp.com\/victoriavynn.ca\/wp-content\/uploads\/2023\/03\/allantoin-final.webp?resize=100%2C100&amp;ssl=1 100w, https:\/\/i0.wp.com\/victoriavynn.ca\/wp-content\/uploads\/2023\/03\/allantoin-final.webp?resize=64%2C64&amp;ssl=1 64w\" sizes=\"auto, (max-width: 150px) 100vw, 150px\" \/><img loading=\"lazy\" decoding=\"async\" class=\"alignnone size-full wp-image-20881\" src=\"http:\/\/victoriavynn.ca\/wp-content\/uploads\/2024\/04\/wild-water-mind-extract.webp\" alt=\"EXTRAIT D&#039;ESPRIT D&#039;EAU SAUVAGE\" width=\"150\" height=\"150\" srcset=\"https:\/\/i0.wp.com\/victoriavynn.ca\/wp-content\/uploads\/2024\/04\/wild-water-mind-extract.webp?w=150&amp;ssl=1 150w, https:\/\/i0.wp.com\/victoriavynn.ca\/wp-content\/uploads\/2024\/04\/wild-water-mind-extract.webp?resize=12%2C12&amp;ssl=1 12w, https:\/\/i0.wp.com\/victoriavynn.ca\/wp-content\/uploads\/2024\/04\/wild-water-mind-extract.webp?resize=32%2C32&amp;ssl=1 32w, https:\/\/i0.wp.com\/victoriavynn.ca\/wp-content\/uploads\/2024\/04\/wild-water-mind-extract.webp?resize=50%2C50&amp;ssl=1 50w, https:\/\/i0.wp.com\/victoriavynn.ca\/wp-content\/uploads\/2024\/04\/wild-water-mind-extract.webp?resize=100%2C100&amp;ssl=1 100w, https:\/\/i0.wp.com\/victoriavynn.ca\/wp-content\/uploads\/2024\/04\/wild-water-mind-extract.webp?resize=64%2C64&amp;ssl=1 64w\" sizes=\"auto, (max-width: 150px) 100vw, 150px\" \/><img loading=\"lazy\" decoding=\"async\" class=\"alignnone size-full wp-image-20400\" src=\"http:\/\/victoriavynn.ca\/wp-content\/uploads\/2023\/03\/tea-tree-oil-silver-booster-ingredient.webp\" alt=\"HUILE D&#039;ARBRE \u00c0 TH\u00c9 INGR\u00c9DIENT BOOSTER D&#039;ARGENT\" width=\"150\" height=\"150\" srcset=\"https:\/\/i0.wp.com\/victoriavynn.ca\/wp-content\/uploads\/2023\/03\/tea-tree-oil-silver-booster-ingredient.webp?w=150&amp;ssl=1 150w, https:\/\/i0.wp.com\/victoriavynn.ca\/wp-content\/uploads\/2023\/03\/tea-tree-oil-silver-booster-ingredient.webp?resize=12%2C12&amp;ssl=1 12w, https:\/\/i0.wp.com\/victoriavynn.ca\/wp-content\/uploads\/2023\/03\/tea-tree-oil-silver-booster-ingredient.webp?resize=32%2C32&amp;ssl=1 32w, https:\/\/i0.wp.com\/victoriavynn.ca\/wp-content\/uploads\/2023\/03\/tea-tree-oil-silver-booster-ingredient.webp?resize=50%2C50&amp;ssl=1 50w, https:\/\/i0.wp.com\/victoriavynn.ca\/wp-content\/uploads\/2023\/03\/tea-tree-oil-silver-booster-ingredient.webp?resize=100%2C100&amp;ssl=1 100w, https:\/\/i0.wp.com\/victoriavynn.ca\/wp-content\/uploads\/2023\/03\/tea-tree-oil-silver-booster-ingredient.webp?resize=64%2C64&amp;ssl=1 64w\" sizes=\"auto, (max-width: 150px) 100vw, 150px\" \/><\/div>\n<div><\/div>","protected":false},"featured_media":20894,"comment_status":"open","ping_status":"closed","template":"","meta":{"jetpack_post_was_ever_published":false,"jetpack_publicize_message":"","jetpack_publicize_feature_enabled":true,"jetpack_social_post_already_shared":false,"jetpack_social_options":{"image_generator_settings":{"template":"highway","default_image_id":0,"font":"","enabled":false},"version":2}},"product_brand":[],"product_cat":[548],"product_tag":[],"class_list":{"0":"post-10967","1":"product","2":"type-product","3":"status-publish","4":"has-post-thumbnail","6":"product_cat-urea-line","8":"first","9":"instock","10":"taxable","11":"shipping-taxable","12":"purchasable","13":"product-type-simple"},"jetpack_publicize_connections":[],"jetpack-related-posts":[{"id":17504,"url":"https:\/\/victoriavynn.ca\/fr\/product\/pharm-foot-urea-forte-75ml-urea-line\/","url_meta":{"origin":10967,"position":0},"title":"Pharm Foot Urea Forte 75ml (Ligne Urea)","author":"Serge Sahakian","date":"avril 7, 2024","format":false,"excerpt":"Pommade contre la k\u00e9ratisation de la peau avec UREA et \u00e9mollients Capacit\u00e9 75ml (environ 40 traitements) Ingr\u00e9dients actifs :","rel":"","context":"Similar post","block_context":{"text":"Similar post","link":""},"img":{"alt_text":"","src":"https:\/\/i0.wp.com\/victoriavynn.ca\/wp-content\/uploads\/2024\/04\/pharm-foot-urea-forte-1-5.webp?fit=750%2C1000&ssl=1&resize=350%2C200","width":350,"height":200,"srcset":"https:\/\/i0.wp.com\/victoriavynn.ca\/wp-content\/uploads\/2024\/04\/pharm-foot-urea-forte-1-5.webp?fit=750%2C1000&ssl=1&resize=350%2C200 1x, https:\/\/i0.wp.com\/victoriavynn.ca\/wp-content\/uploads\/2024\/04\/pharm-foot-urea-forte-1-5.webp?fit=750%2C1000&ssl=1&resize=525%2C300 1.5x, https:\/\/i0.wp.com\/victoriavynn.ca\/wp-content\/uploads\/2024\/04\/pharm-foot-urea-forte-1-5.webp?fit=750%2C1000&ssl=1&resize=700%2C400 2x"},"classes":[]},{"id":17500,"url":"https:\/\/victoriavynn.ca\/fr\/product\/pharm-foot-dermo-intense-250ml-urea-line\/","url_meta":{"origin":10967,"position":1},"title":"Pharm Foot Dermo Intense 250ml (Ligne Ur\u00e9e)","author":"Serge Sahakian","date":"avril 7, 2024","format":false,"excerpt":"CR\u00c8ME HYDRATANTE ANTI-CALLUS \u00c0 L'UREA ET AU COLLAG\u00c8NE Contenance 250 g Principes actifs : \u00a0","rel":"","context":"Similar post","block_context":{"text":"Similar post","link":""},"img":{"alt_text":"Pharm Foot Dermo Intense 250g","src":"https:\/\/i0.wp.com\/victoriavynn.ca\/wp-content\/uploads\/2024\/04\/pharm-foot-dermo-intense-250g-.webp?fit=750%2C1000&ssl=1&resize=350%2C200","width":350,"height":200,"srcset":"https:\/\/i0.wp.com\/victoriavynn.ca\/wp-content\/uploads\/2024\/04\/pharm-foot-dermo-intense-250g-.webp?fit=750%2C1000&ssl=1&resize=350%2C200 1x, https:\/\/i0.wp.com\/victoriavynn.ca\/wp-content\/uploads\/2024\/04\/pharm-foot-dermo-intense-250g-.webp?fit=750%2C1000&ssl=1&resize=525%2C300 1.5x, https:\/\/i0.wp.com\/victoriavynn.ca\/wp-content\/uploads\/2024\/04\/pharm-foot-dermo-intense-250g-.webp?fit=750%2C1000&ssl=1&resize=700%2C400 2x"},"classes":[]},{"id":10995,"url":"https:\/\/victoriavynn.ca\/fr\/product\/pharm-foot-cracked-heel-balm-75ml\/","url_meta":{"origin":10967,"position":2},"title":"Pharm Foot CRACKED HEEL PROTECTOR 75ml (Ozone Oil Line)","author":"Serge Sahakian","date":"mars 9, 2023","format":false,"excerpt":"Pharm Foot CRACKED HEEL PROTECTOR est vraiment la meilleure pommade pour r\u00e9parer les talons crevass\u00e9s. Gr\u00e2ce \u00e0 son puissant effet r\u00e9g\u00e9n\u00e9rant, CRACKED HEEL PROTECTOR soutient les processus de r\u00e9paration de la peau et cr\u00e9e une couche occlusive, emp\u00eachant la perte excessive d'eau. Il apaise, donne \u00e0 la peau \u00e9lasticit\u00e9, douceur et souplesse et assure une protection antimicrobienne....","rel":"","context":"Similar post","block_context":{"text":"Similar post","link":""},"img":{"alt_text":"Pharm Foot Best Cracked Heel Balm Ointment Cracked Heel Protector 75ml","src":"https:\/\/i0.wp.com\/victoriavynn.ca\/wp-content\/uploads\/2023\/03\/Pharm-Foot-Best-Cracked-Heel-Repair-Ointment-Cracked-Heel-Protector-75ml-.webp?fit=750%2C1000&ssl=1&resize=350%2C200","width":350,"height":200,"srcset":"https:\/\/i0.wp.com\/victoriavynn.ca\/wp-content\/uploads\/2023\/03\/Pharm-Foot-Best-Cracked-Heel-Repair-Ointment-Cracked-Heel-Protector-75ml-.webp?fit=750%2C1000&ssl=1&resize=350%2C200 1x, https:\/\/i0.wp.com\/victoriavynn.ca\/wp-content\/uploads\/2023\/03\/Pharm-Foot-Best-Cracked-Heel-Repair-Ointment-Cracked-Heel-Protector-75ml-.webp?fit=750%2C1000&ssl=1&resize=525%2C300 1.5x, https:\/\/i0.wp.com\/victoriavynn.ca\/wp-content\/uploads\/2023\/03\/Pharm-Foot-Best-Cracked-Heel-Repair-Ointment-Cracked-Heel-Protector-75ml-.webp?fit=750%2C1000&ssl=1&resize=700%2C400 2x"},"classes":[]},{"id":10993,"url":"https:\/\/victoriavynn.ca\/fr\/product\/best-hand-and-body-moisturizer-for-dry-skin\/","url_meta":{"origin":10967,"position":3},"title":"Pharm Foot O3 CONCENTRATE 400ml (Ozone Oil Line)","author":"Serge Sahakian","date":"mars 9, 2023","format":false,"excerpt":"Pharm Foot O3 CONCENTRE - BEURRE PROTECTEUR POUR LE CORPS ET LES MAINS \u00e0 l'huile d'ozone et au beurre de karit\u00e9 est nomm\u00e9 parmi les meilleurs hydratants pour les mains et le corps pour les peaux s\u00e8ches. O3 CONCENTRE reconstruit l'\u00e9piderme et apaise les irritations. Il prot\u00e8ge \u00e9galement contre le dess\u00e8chement et les effets n\u00e9fastes des facteurs externes. Pour...","rel":"","context":"Similar post","block_context":{"text":"Similar post","link":""},"img":{"alt_text":"Pharm Foot best hand and body moisturizer for dry skin Ozone Oil o3 Concentre Butter","src":"https:\/\/i0.wp.com\/victoriavynn.ca\/wp-content\/uploads\/2023\/03\/Pharm-Foot-best-hand-and-body-moisturizer-for-dry-skin-Ozone-Oil-o3-Concentre-Butter.webp?fit=750%2C1000&ssl=1&resize=350%2C200","width":350,"height":200,"srcset":"https:\/\/i0.wp.com\/victoriavynn.ca\/wp-content\/uploads\/2023\/03\/Pharm-Foot-best-hand-and-body-moisturizer-for-dry-skin-Ozone-Oil-o3-Concentre-Butter.webp?fit=750%2C1000&ssl=1&resize=350%2C200 1x, https:\/\/i0.wp.com\/victoriavynn.ca\/wp-content\/uploads\/2023\/03\/Pharm-Foot-best-hand-and-body-moisturizer-for-dry-skin-Ozone-Oil-o3-Concentre-Butter.webp?fit=750%2C1000&ssl=1&resize=525%2C300 1.5x, https:\/\/i0.wp.com\/victoriavynn.ca\/wp-content\/uploads\/2023\/03\/Pharm-Foot-best-hand-and-body-moisturizer-for-dry-skin-Ozone-Oil-o3-Concentre-Butter.webp?fit=750%2C1000&ssl=1&resize=700%2C400 2x"},"classes":[]},{"id":17496,"url":"https:\/\/victoriavynn.ca\/fr\/product\/pharm-foot-hydro-cream-250ml-urea-line\/","url_meta":{"origin":10967,"position":4},"title":"Pharm Foot Hydro Cream 250ml (Urea Line)","author":"Serge Sahakian","date":"avril 7, 2024","format":false,"excerpt":"Spray Hydratant Peau S\u00e8che avec 10% UREA &amp; Humectants Contenance 150ml Ingr\u00e9dients actifs :","rel":"","context":"Similar post","block_context":{"text":"Similar post","link":""},"img":{"alt_text":"PHARM FOOT HYDRO CREAM SPRAY","src":"https:\/\/i0.wp.com\/victoriavynn.ca\/wp-content\/uploads\/2024\/04\/pharm-foot-hydro-cream-spray-.webp?fit=750%2C1000&ssl=1&resize=350%2C200","width":350,"height":200,"srcset":"https:\/\/i0.wp.com\/victoriavynn.ca\/wp-content\/uploads\/2024\/04\/pharm-foot-hydro-cream-spray-.webp?fit=750%2C1000&ssl=1&resize=350%2C200 1x, https:\/\/i0.wp.com\/victoriavynn.ca\/wp-content\/uploads\/2024\/04\/pharm-foot-hydro-cream-spray-.webp?fit=750%2C1000&ssl=1&resize=525%2C300 1.5x, https:\/\/i0.wp.com\/victoriavynn.ca\/wp-content\/uploads\/2024\/04\/pharm-foot-hydro-cream-spray-.webp?fit=750%2C1000&ssl=1&resize=700%2C400 2x"},"classes":[]},{"id":10983,"url":"https:\/\/victoriavynn.ca\/fr\/product\/pharm-foot-nutri-regenerator-75ml-colostrum-line\/","url_meta":{"origin":10967,"position":5},"title":"Pharm Foot NUTRI reGENERATOR 75ml (Ligne Colostrum)","author":"Serge Sahakian","date":"mars 9, 2023","format":false,"excerpt":"CR\u00c8ME NOURRISSANTE ET R\u00c9G\u00c9N\u00c9RATRICE au colostrum 75ml","rel":"","context":"Similar post","block_context":{"text":"Similar post","link":""},"img":{"alt_text":"vynn_pf_nutri_regenerator_75ml_kart","src":"https:\/\/i0.wp.com\/victoriavynn.ca\/wp-content\/uploads\/2023\/03\/vynn_pf_nutri_regenerator_75ml_kart.webp?fit=750%2C1000&ssl=1&resize=350%2C200","width":350,"height":200,"srcset":"https:\/\/i0.wp.com\/victoriavynn.ca\/wp-content\/uploads\/2023\/03\/vynn_pf_nutri_regenerator_75ml_kart.webp?fit=750%2C1000&ssl=1&resize=350%2C200 1x, https:\/\/i0.wp.com\/victoriavynn.ca\/wp-content\/uploads\/2023\/03\/vynn_pf_nutri_regenerator_75ml_kart.webp?fit=750%2C1000&ssl=1&resize=525%2C300 1.5x, https:\/\/i0.wp.com\/victoriavynn.ca\/wp-content\/uploads\/2023\/03\/vynn_pf_nutri_regenerator_75ml_kart.webp?fit=750%2C1000&ssl=1&resize=700%2C400 2x"},"classes":[]}],"jetpack_sharing_enabled":true,"_links":{"self":[{"href":"https:\/\/victoriavynn.ca\/fr\/wp-json\/wp\/v2\/product\/10967","targetHints":{"allow":["GET"]}}],"collection":[{"href":"https:\/\/victoriavynn.ca\/fr\/wp-json\/wp\/v2\/product"}],"about":[{"href":"https:\/\/victoriavynn.ca\/fr\/wp-json\/wp\/v2\/types\/product"}],"replies":[{"embeddable":true,"href":"https:\/\/victoriavynn.ca\/fr\/wp-json\/wp\/v2\/comments?post=10967"}],"wp:featuredmedia":[{"embeddable":true,"href":"https:\/\/victoriavynn.ca\/fr\/wp-json\/wp\/v2\/media\/20894"}],"wp:attachment":[{"href":"https:\/\/victoriavynn.ca\/fr\/wp-json\/wp\/v2\/media?parent=10967"}],"wp:term":[{"taxonomy":"product_brand","embeddable":true,"href":"https:\/\/victoriavynn.ca\/fr\/wp-json\/wp\/v2\/product_brand?post=10967"},{"taxonomy":"product_cat","embeddable":true,"href":"https:\/\/victoriavynn.ca\/fr\/wp-json\/wp\/v2\/product_cat?post=10967"},{"taxonomy":"product_tag","embeddable":true,"href":"https:\/\/victoriavynn.ca\/fr\/wp-json\/wp\/v2\/product_tag?post=10967"}],"curies":[{"name":"wp","href":"https:\/\/api.w.org\/{rel}","templated":true}]}}