{"id":10979,"date":"2023-03-09T19:11:04","date_gmt":"2023-03-10T00:11:04","guid":{"rendered":"https:\/\/victoriavynn.ca\/product\/pharm-foot-keratosis-exterminator-400ml-all-in-line\/"},"modified":"2026-04-14T14:09:53","modified_gmt":"2026-04-14T18:09:53","slug":"pharm-foot-keratosis-exterminator-400ml-all-in-line","status":"publish","type":"product","link":"https:\/\/victoriavynn.ca\/fr\/product\/pharm-foot-keratosis-exterminator-400ml-all-in-line\/","title":{"rendered":"Pharm Foot KERATOSIS exTERMINATOR 300ml (All in Line)"},"content":{"rendered":"","protected":false},"excerpt":{"rendered":"<p>GEL ADOUCISSANT INSTANTAN\u00c9 ET \u00c9LIMINANT LES CALLOSES 300ml<\/p>","protected":false},"featured_media":11047,"comment_status":"open","ping_status":"closed","template":"","meta":{"jetpack_post_was_ever_published":false,"jetpack_publicize_message":"","jetpack_publicize_feature_enabled":true,"jetpack_social_post_already_shared":false,"jetpack_social_options":{"image_generator_settings":{"template":"highway","default_image_id":0,"font":"","enabled":false},"version":2}},"product_brand":[],"product_cat":[550],"product_tag":[],"class_list":{"0":"post-10979","1":"product","2":"type-product","3":"status-publish","4":"has-post-thumbnail","6":"product_cat-all-in-line","8":"first","9":"instock","10":"taxable","11":"shipping-taxable","12":"purchasable","13":"product-type-simple"},"jetpack_publicize_connections":[],"jetpack-related-posts":[{"id":10999,"url":"https:\/\/victoriavynn.ca\/fr\/product\/pharm-foot-best-foot-antibacterial-spray\/","url_meta":{"origin":10979,"position":0},"title":"Pharm Foot SEPTI STARTER 300ml (All in Line)","author":"Serge Sahakian","date":"mars 9, 2023","format":false,"excerpt":"Pharm Foot SEPTI STARTER - REFRESHING SPRAY est class\u00e9 parmi les meilleures ventes de sprays antibact\u00e9riens pour les pieds. Gr\u00e2ce \u00e0 ses propri\u00e9t\u00e9s rafra\u00eechissantes et relaxantes, SEPTI STARTER procure une agr\u00e9able sensation de fra\u00eecheur.  En outre, il \u00e9limine les odeurs d\u00e9sagr\u00e9ables des pieds et tue les bact\u00e9ries. Pour utilisation en salon - Capacit\u00e9 300ml (environ 100...","rel":"","context":"Similar post","block_context":{"text":"Similar post","link":""},"img":{"alt_text":"Pharm Foot best foot antibacterial spray Septi Starter 300ml","src":"https:\/\/i0.wp.com\/victoriavynn.ca\/wp-content\/uploads\/2023\/03\/Pharm-Foot-best-foot-antibacterial-spray-Septi-Starter-300ml.webp?fit=750%2C1000&ssl=1&resize=350%2C200","width":350,"height":200,"srcset":"https:\/\/i0.wp.com\/victoriavynn.ca\/wp-content\/uploads\/2023\/03\/Pharm-Foot-best-foot-antibacterial-spray-Septi-Starter-300ml.webp?fit=750%2C1000&ssl=1&resize=350%2C200 1x, https:\/\/i0.wp.com\/victoriavynn.ca\/wp-content\/uploads\/2023\/03\/Pharm-Foot-best-foot-antibacterial-spray-Septi-Starter-300ml.webp?fit=750%2C1000&ssl=1&resize=525%2C300 1.5x, https:\/\/i0.wp.com\/victoriavynn.ca\/wp-content\/uploads\/2023\/03\/Pharm-Foot-best-foot-antibacterial-spray-Septi-Starter-300ml.webp?fit=750%2C1000&ssl=1&resize=700%2C400 2x"},"classes":[]},{"id":11003,"url":"https:\/\/victoriavynn.ca\/fr\/product\/pharm-foot-best-foot-bath-salts-1250g\/","url_meta":{"origin":10979,"position":1},"title":"Pharm Foot FRESH CRYSTALS 1250g (All in Line)","author":"Serge Sahakian","date":"mars 9, 2023","format":false,"excerpt":"Pharm Foot FRESH CRYSTALS - REFRESHING FOOT BATH SALT est nomm\u00e9 parmi les meilleurs sels de bain pour les pieds. Gr\u00e2ce \u00e0 ses propri\u00e9t\u00e9s rafra\u00eechissantes et relaxantes, FRESH CRYSTALS donne la sensation de jambes l\u00e9g\u00e8res et bien repos\u00e9es. Il am\u00e9liore \u00e9galement l'\u00e9tat de la peau et la renforce. A utiliser en salon...","rel":"","context":"Similar post","block_context":{"text":"Similar post","link":""},"img":{"alt_text":"Pharm Foot best foot bath salts refreshing crystals 1250g copy","src":"https:\/\/i0.wp.com\/victoriavynn.ca\/wp-content\/uploads\/2023\/03\/Pharm-Foot-best-foot-bath-salts-refreshinf-crystals-1250g-copy.webp?fit=750%2C1000&ssl=1&resize=350%2C200","width":350,"height":200,"srcset":"https:\/\/i0.wp.com\/victoriavynn.ca\/wp-content\/uploads\/2023\/03\/Pharm-Foot-best-foot-bath-salts-refreshinf-crystals-1250g-copy.webp?fit=750%2C1000&ssl=1&resize=350%2C200 1x, https:\/\/i0.wp.com\/victoriavynn.ca\/wp-content\/uploads\/2023\/03\/Pharm-Foot-best-foot-bath-salts-refreshinf-crystals-1250g-copy.webp?fit=750%2C1000&ssl=1&resize=525%2C300 1.5x, https:\/\/i0.wp.com\/victoriavynn.ca\/wp-content\/uploads\/2023\/03\/Pharm-Foot-best-foot-bath-salts-refreshinf-crystals-1250g-copy.webp?fit=750%2C1000&ssl=1&resize=700%2C400 2x"},"classes":[]},{"id":17500,"url":"https:\/\/victoriavynn.ca\/fr\/product\/pharm-foot-dermo-intense-250ml-urea-line\/","url_meta":{"origin":10979,"position":2},"title":"Pharm Foot Dermo Intense 250ml (Ligne Ur\u00e9e)","author":"Serge Sahakian","date":"avril 7, 2024","format":false,"excerpt":"CR\u00c8ME HYDRATANTE ANTI-CALLUS \u00c0 L'UREA ET AU COLLAG\u00c8NE Contenance 250 g Principes actifs : \u00a0","rel":"","context":"Similar post","block_context":{"text":"Similar post","link":""},"img":{"alt_text":"Pharm Foot Dermo Intense 250g","src":"https:\/\/i0.wp.com\/victoriavynn.ca\/wp-content\/uploads\/2024\/04\/pharm-foot-dermo-intense-250g-.webp?fit=750%2C1000&ssl=1&resize=350%2C200","width":350,"height":200,"srcset":"https:\/\/i0.wp.com\/victoriavynn.ca\/wp-content\/uploads\/2024\/04\/pharm-foot-dermo-intense-250g-.webp?fit=750%2C1000&ssl=1&resize=350%2C200 1x, https:\/\/i0.wp.com\/victoriavynn.ca\/wp-content\/uploads\/2024\/04\/pharm-foot-dermo-intense-250g-.webp?fit=750%2C1000&ssl=1&resize=525%2C300 1.5x, https:\/\/i0.wp.com\/victoriavynn.ca\/wp-content\/uploads\/2024\/04\/pharm-foot-dermo-intense-250g-.webp?fit=750%2C1000&ssl=1&resize=700%2C400 2x"},"classes":[]},{"id":17502,"url":"https:\/\/victoriavynn.ca\/fr\/product\/pharm-foot-derma-scraper-200g-urea-line\/","url_meta":{"origin":10979,"position":3},"title":"Pharm Foot Derma Scraper 200g (Urea Line)","author":"Serge Sahakian","date":"avril 7, 2024","format":false,"excerpt":"GOMMAGE ASSOUPLISSANT SEL &amp; SUCRE \u00e0 l'UREA &amp; GOJI Contenance 200g (environ 20 soins) Ingr\u00e9dients actifs : \u00a0 \u00a0 \u00a0 \u00a0 \u00a0 \u00a0 \u00a0 \u00a0 \u00a0 \u00a0","rel":"","context":"Similar post","block_context":{"text":"Similar post","link":""},"img":{"alt_text":"pharm foot derma scraper salt & sugar Softening Scrub","src":"https:\/\/i0.wp.com\/victoriavynn.ca\/wp-content\/uploads\/2024\/04\/pharm-foot-derma-scraper-salt-sugar-softening-scrub.webp?fit=750%2C1000&ssl=1&resize=350%2C200","width":350,"height":200,"srcset":"https:\/\/i0.wp.com\/victoriavynn.ca\/wp-content\/uploads\/2024\/04\/pharm-foot-derma-scraper-salt-sugar-softening-scrub.webp?fit=750%2C1000&ssl=1&resize=350%2C200 1x, https:\/\/i0.wp.com\/victoriavynn.ca\/wp-content\/uploads\/2024\/04\/pharm-foot-derma-scraper-salt-sugar-softening-scrub.webp?fit=750%2C1000&ssl=1&resize=525%2C300 1.5x, https:\/\/i0.wp.com\/victoriavynn.ca\/wp-content\/uploads\/2024\/04\/pharm-foot-derma-scraper-salt-sugar-softening-scrub.webp?fit=750%2C1000&ssl=1&resize=700%2C400 2x"},"classes":[]},{"id":10981,"url":"https:\/\/victoriavynn.ca\/fr\/product\/hand-and-body-serum-for-dry-skin\/","url_meta":{"origin":10979,"position":4},"title":"Pharm Foot bioACTIVATOR 400ml (Ligne Colostrum)","author":"Serge Sahakian","date":"mars 9, 2023","format":false,"excerpt":"Pharm Foot bioACTIVATOR - S\u00c9RUM R\u00c9G\u00c9N\u00c9RATEUR POUR LE CORPS ET LES MAINS au colostrum et au beurre de karit\u00e9 est d\u00e9sign\u00e9 comme le meilleur s\u00e9rum pour les mains et le corps pour les peaux s\u00e8ches. bioACTIVATOR apaise les irritations, adoucit et \u00e9claircit l'\u00e9piderme. Il renforce et am\u00e9liore visiblement l'\u00e9tat de la peau. Pour les salons et...","rel":"","context":"Similar post","block_context":{"text":"Similar post","link":""},"img":{"alt_text":"Pharm Foot Best Hand and Body Serum for dry Skin Colostrum BioActivator","src":"https:\/\/i0.wp.com\/victoriavynn.ca\/wp-content\/uploads\/2023\/03\/Pharm-Foot-Best-Hand-and-Body-Serum-for-dry-Skin-Colostrum-BioActivator-.webp?fit=750%2C1000&ssl=1&resize=350%2C200","width":350,"height":200,"srcset":"https:\/\/i0.wp.com\/victoriavynn.ca\/wp-content\/uploads\/2023\/03\/Pharm-Foot-Best-Hand-and-Body-Serum-for-dry-Skin-Colostrum-BioActivator-.webp?fit=750%2C1000&ssl=1&resize=350%2C200 1x, https:\/\/i0.wp.com\/victoriavynn.ca\/wp-content\/uploads\/2023\/03\/Pharm-Foot-Best-Hand-and-Body-Serum-for-dry-Skin-Colostrum-BioActivator-.webp?fit=750%2C1000&ssl=1&resize=525%2C300 1.5x, https:\/\/i0.wp.com\/victoriavynn.ca\/wp-content\/uploads\/2023\/03\/Pharm-Foot-Best-Hand-and-Body-Serum-for-dry-Skin-Colostrum-BioActivator-.webp?fit=750%2C1000&ssl=1&resize=700%2C400 2x"},"classes":[]},{"id":10977,"url":"https:\/\/victoriavynn.ca\/fr\/product\/pharm-foot-foot-scraper-800g-all-in-line\/","url_meta":{"origin":10979,"position":5},"title":"Pharm Foot SCRAPER DE PIEDS 800g (All in Line)","author":"Serge Sahakian","date":"mars 9, 2023","format":false,"excerpt":"GOMMAGE LISSANT AU SEL ET AU SUCRE avec complexe d'huiles et beurre de karit\u00e9 800g","rel":"","context":"Similar post","block_context":{"text":"Similar post","link":""},"img":{"alt_text":"vynn_pf_foot_scraper_800g","src":"https:\/\/i0.wp.com\/victoriavynn.ca\/wp-content\/uploads\/2023\/03\/vynn_pf_foot_scraper_800g-1.webp?fit=750%2C1000&ssl=1&resize=350%2C200","width":350,"height":200,"srcset":"https:\/\/i0.wp.com\/victoriavynn.ca\/wp-content\/uploads\/2023\/03\/vynn_pf_foot_scraper_800g-1.webp?fit=750%2C1000&ssl=1&resize=350%2C200 1x, https:\/\/i0.wp.com\/victoriavynn.ca\/wp-content\/uploads\/2023\/03\/vynn_pf_foot_scraper_800g-1.webp?fit=750%2C1000&ssl=1&resize=525%2C300 1.5x, https:\/\/i0.wp.com\/victoriavynn.ca\/wp-content\/uploads\/2023\/03\/vynn_pf_foot_scraper_800g-1.webp?fit=750%2C1000&ssl=1&resize=700%2C400 2x"},"classes":[]}],"jetpack_sharing_enabled":true,"_links":{"self":[{"href":"https:\/\/victoriavynn.ca\/fr\/wp-json\/wp\/v2\/product\/10979","targetHints":{"allow":["GET"]}}],"collection":[{"href":"https:\/\/victoriavynn.ca\/fr\/wp-json\/wp\/v2\/product"}],"about":[{"href":"https:\/\/victoriavynn.ca\/fr\/wp-json\/wp\/v2\/types\/product"}],"replies":[{"embeddable":true,"href":"https:\/\/victoriavynn.ca\/fr\/wp-json\/wp\/v2\/comments?post=10979"}],"wp:featuredmedia":[{"embeddable":true,"href":"https:\/\/victoriavynn.ca\/fr\/wp-json\/wp\/v2\/media\/11047"}],"wp:attachment":[{"href":"https:\/\/victoriavynn.ca\/fr\/wp-json\/wp\/v2\/media?parent=10979"}],"wp:term":[{"taxonomy":"product_brand","embeddable":true,"href":"https:\/\/victoriavynn.ca\/fr\/wp-json\/wp\/v2\/product_brand?post=10979"},{"taxonomy":"product_cat","embeddable":true,"href":"https:\/\/victoriavynn.ca\/fr\/wp-json\/wp\/v2\/product_cat?post=10979"},{"taxonomy":"product_tag","embeddable":true,"href":"https:\/\/victoriavynn.ca\/fr\/wp-json\/wp\/v2\/product_tag?post=10979"}],"curies":[{"name":"wp","href":"https:\/\/api.w.org\/{rel}","templated":true}]}}