{"id":10981,"date":"2023-03-09T19:11:05","date_gmt":"2023-03-10T00:11:05","guid":{"rendered":"https:\/\/victoriavynn.ca\/product\/pharm-foot-bioactivator-400ml-colostrum-line\/"},"modified":"2026-02-13T18:52:36","modified_gmt":"2026-02-13T23:52:36","slug":"serum-pour-les-mains-et-le-corps-pour-les-peaux-seches","status":"publish","type":"product","link":"https:\/\/victoriavynn.ca\/fr\/product\/hand-and-body-serum-for-dry-skin\/","title":{"rendered":"Pharm Foot bioACTIVATOR 400ml (Ligne Colostrum)"},"content":{"rendered":"<div class=\"title\">\n<p>Pharm Foot <strong>bioACTIVATEUR <\/strong>- Le S\u00c9RUM R\u00c9G\u00c9N\u00c9RANT POUR LE CORPS ET LES MAINS au colostrum et au beurre de karit\u00e9 est d\u00e9sign\u00e9 comme le meilleur s\u00e9rum pour les mains et le corps pour les peaux s\u00e8ches. bioACTIVATOR apaise les irritations, adoucit et \u00e9claircit l'\u00e9piderme. Il renforce et am\u00e9liore visiblement l'\u00e9tat de la peau.<\/p>\n<p>Pour le salon et la maison - Capacit\u00e9\u00a0<strong>400ml<\/strong><br \/>\n(environ 50 traitements corps \/ 250 mains)<\/p>\n<p>\u00c9galement disponible sous forme de cr\u00e8mes pour le corps et les mains,<\/p>\n<ul>\n<li><a href=\"https:\/\/victoriavynn.ca\/fr\/produit\/baume-pour-les-mains-et-le-corps-pour-les-peaux-seches-400ml\/\">Pharm Foot AgSPECIALIST 400ml (Ligne Microsilver)<\/a><\/li>\n<li><a href=\"https:\/\/victoriavynn.ca\/fr\/produit\/meilleure-creme-hydratante-pour-les-mains-et-le-corps-pour-les-peaux-seches\/\">Pharm Foot O3 CONCENTRATE 400ml (Ozone Oil Line)<\/a><\/li>\n<\/ul>\n<p>&nbsp;<\/p>\n<p>RECOMMANDATIONS<br \/>\n<strong>bioACTIVATEUR<\/strong><\/p>\n<div class=\"col-box col-box-1\">\n<div class=\"description\">\n<div class=\"text text-2\">\n<ul>\n<li>un baume sp\u00e9cialis\u00e9 pour le corps et les mains<\/li>\n<li>pour les peaux tr\u00e8s s\u00e8ches qui ont besoin d'\u00eatre apais\u00e9es et hydrat\u00e9es<\/li>\n<\/ul>\n<p>&nbsp;<\/p>\n<\/div>\n<\/div>\n<\/div>\n<\/div>\n<div class=\"title\">\n<p>EFFET<br \/>\n<strong>bioACTIVATEUR<\/strong><\/p>\n<\/div>\n<div class=\"text text-2\">\n<ul>\n<li>le baume a un fort effet hydratant<\/li>\n<li>apaise les irritations de la peau<\/li>\n<li>prot\u00e8ge contre les effets n\u00e9fastes des facteurs externes<\/li>\n<\/ul>\n<div class=\"title\">\n<p>&nbsp;<\/p>\n<p>MODE D'EMPLOI<br \/>\n<strong>bioACTIVATEUR<\/strong><\/p>\n<\/div>\n<div class=\"text text-2\">\n<ul>\n<li>masser d\u00e9licatement la peau et attendre l'absorption<\/li>\n<li>\u00e0 utiliser apr\u00e8s les soins du corps et des mains dans le salon<\/li>\n<li>pour la poursuite des soins \u00e0 domicile<\/li>\n<li>appliquer 1 \u00e0 2 fois par jour<\/li>\n<li>parfait apr\u00e8s un bain de soleil et une \u00e9pilation<\/li>\n<\/ul>\n<p>&nbsp;<\/p>\n<p>INGREDIENTS<br \/>\n<strong>bioACTIVATEUR<\/strong><\/p>\n<p>Aqua, Ethylhexyl Cocoate, Butyrospermum Parkii Butter, Glycerin, Dimethicone, Gossypium Herbaceum Seed Oil, Glyceryl Stearates, Cetearyl Alcohol, Lanolin, Ceteareth-20, Colostrum, Allantoin, Camellia Sinensis Leaf Extract, Xylitylglucoside, Anhydroxylitol, Xylitol, Glucose, Biosaccharide Gum-1, Sodium Polyacrylate, Cera Microcristallina, Hydrogenated Vegetable Oil, Cera Alba, Hydrogenated Palm Acid, Stearyl Stearate, PEG-8, Propylene Glycol, Tocopherol, Ascorbyl Palmitate, Ascorbic Acid, Citric Acid, Sodium Benzoate, Phenoxyethanol, Ethylhexylglycerin, Parfum.<\/p>\n<\/div>\n<\/div>","protected":false},"excerpt":{"rendered":"<p>Pharm Foot <strong>bioACTIVATEUR <\/strong>- Le S\u00c9RUM R\u00c9G\u00c9N\u00c9RANT POUR LE CORPS ET LES MAINS au colostrum et au beurre de karit\u00e9 est d\u00e9sign\u00e9 comme le meilleur s\u00e9rum pour les mains et le corps pour les peaux s\u00e8ches. bioACTIVATOR apaise les irritations, adoucit et \u00e9claircit l'\u00e9piderme. Il renforce et am\u00e9liore visiblement l'\u00e9tat de la peau.<\/p>\n<p>Pour le salon et la maison - Capacit\u00e9\u00a0<strong>400ml<\/strong><br \/>\n(environ 50 traitements corps \/ 250 mains)<\/p>\n<p>\u00c9galement disponible sous forme de cr\u00e8mes pour le corps et les mains,<\/p>\n<ul>\n<li><a href=\"https:\/\/victoriavynn.ca\/fr\/produit\/baume-pour-les-mains-et-le-corps-pour-les-peaux-seches-400ml\/\">Pharm Foot AgSPECIALIST 400ml (Ligne Microsilver)<\/a><\/li>\n<li><a href=\"https:\/\/victoriavynn.ca\/fr\/produit\/meilleure-creme-hydratante-pour-les-mains-et-le-corps-pour-les-peaux-seches\/\">Pharm Foot O3 CONCENTRATE 400ml (Ozone Oil Line)<\/a><\/li>\n<\/ul>\n<p>Sp\u00e9cifications des produits :<\/p>\n<p><img loading=\"lazy\" decoding=\"async\" class=\"size-full wp-image-8446 alignleft\" src=\"https:\/\/victoriavynn.ca\/wp-content\/uploads\/2022\/12\/SUPER-MOISTURISER.png\" alt=\"\" width=\"125\" height=\"125\" srcset=\"https:\/\/i0.wp.com\/victoriavynn.ca\/wp-content\/uploads\/2022\/12\/SUPER-MOISTURISER.png?w=125&amp;ssl=1 125w, https:\/\/i0.wp.com\/victoriavynn.ca\/wp-content\/uploads\/2022\/12\/SUPER-MOISTURISER.png?resize=100%2C100&amp;ssl=1 100w, https:\/\/i0.wp.com\/victoriavynn.ca\/wp-content\/uploads\/2022\/12\/SUPER-MOISTURISER.png?resize=32%2C32&amp;ssl=1 32w, https:\/\/i0.wp.com\/victoriavynn.ca\/wp-content\/uploads\/2022\/12\/SUPER-MOISTURISER.png?resize=50%2C50&amp;ssl=1 50w\" sizes=\"auto, (max-width: 125px) 100vw, 125px\" \/><\/p>\n<p><img loading=\"lazy\" decoding=\"async\" class=\"size-full wp-image-11890 alignleft\" src=\"https:\/\/victoriavynn.ca\/wp-content\/uploads\/2023\/03\/SOOTHES-IRRITATION.webp\" alt=\"APAISE LES IRRITATIONS\" width=\"125\" height=\"150\" srcset=\"https:\/\/i0.wp.com\/victoriavynn.ca\/wp-content\/uploads\/2023\/03\/SOOTHES-IRRITATION.webp?w=125&amp;ssl=1 125w, https:\/\/i0.wp.com\/victoriavynn.ca\/wp-content\/uploads\/2023\/03\/SOOTHES-IRRITATION.webp?resize=10%2C12&amp;ssl=1 10w\" sizes=\"auto, (max-width: 125px) 100vw, 125px\" \/><\/p>\n<p><img loading=\"lazy\" decoding=\"async\" class=\"size-full wp-image-11891 alignleft\" src=\"https:\/\/victoriavynn.ca\/wp-content\/uploads\/2023\/03\/NOURISHING-EFFECT.webp\" alt=\"EFFET NOURRISSANT\" width=\"125\" height=\"150\" srcset=\"https:\/\/i0.wp.com\/victoriavynn.ca\/wp-content\/uploads\/2023\/03\/NOURISHING-EFFECT.webp?w=125&amp;ssl=1 125w, https:\/\/i0.wp.com\/victoriavynn.ca\/wp-content\/uploads\/2023\/03\/NOURISHING-EFFECT.webp?resize=10%2C12&amp;ssl=1 10w\" sizes=\"auto, (max-width: 125px) 100vw, 125px\" \/><\/p>\n<p><img loading=\"lazy\" decoding=\"async\" class=\"size-full wp-image-11892 alignleft\" src=\"https:\/\/victoriavynn.ca\/wp-content\/uploads\/2023\/03\/FOR-DRY-SKIN.webp\" alt=\"POUR LES PEAUX S\u00c8CHES\" width=\"125\" height=\"150\" srcset=\"https:\/\/i0.wp.com\/victoriavynn.ca\/wp-content\/uploads\/2023\/03\/FOR-DRY-SKIN.webp?w=125&amp;ssl=1 125w, https:\/\/i0.wp.com\/victoriavynn.ca\/wp-content\/uploads\/2023\/03\/FOR-DRY-SKIN.webp?resize=10%2C12&amp;ssl=1 10w\" sizes=\"auto, (max-width: 125px) 100vw, 125px\" \/><\/p>\n<p>&nbsp;<\/p>\n<p>&nbsp;<\/p>\n<p>&nbsp;<\/p>\n<p>&nbsp;<\/p>","protected":false},"featured_media":11903,"comment_status":"open","ping_status":"closed","template":"","meta":[],"product_brand":[],"product_cat":[549],"product_tag":[589],"class_list":{"0":"post-10981","1":"product","2":"type-product","3":"status-publish","4":"has-post-thumbnail","6":"product_cat-colostrum-line","7":"product_tag-hand-body-cream","8":"product_shipping_class-cardboard-box","9":"pa_size-400-ml","11":"first","12":"outofstock","13":"taxable","14":"shipping-taxable","15":"purchasable","16":"product-type-simple"},"jetpack_sharing_enabled":true,"_links":{"self":[{"href":"https:\/\/victoriavynn.ca\/fr\/wp-json\/wp\/v2\/product\/10981","targetHints":{"allow":["GET"]}}],"collection":[{"href":"https:\/\/victoriavynn.ca\/fr\/wp-json\/wp\/v2\/product"}],"about":[{"href":"https:\/\/victoriavynn.ca\/fr\/wp-json\/wp\/v2\/types\/product"}],"replies":[{"embeddable":true,"href":"https:\/\/victoriavynn.ca\/fr\/wp-json\/wp\/v2\/comments?post=10981"}],"wp:featuredmedia":[{"embeddable":true,"href":"https:\/\/victoriavynn.ca\/fr\/wp-json\/wp\/v2\/media\/11903"}],"wp:attachment":[{"href":"https:\/\/victoriavynn.ca\/fr\/wp-json\/wp\/v2\/media?parent=10981"}],"wp:term":[{"taxonomy":"product_brand","embeddable":true,"href":"https:\/\/victoriavynn.ca\/fr\/wp-json\/wp\/v2\/product_brand?post=10981"},{"taxonomy":"product_cat","embeddable":true,"href":"https:\/\/victoriavynn.ca\/fr\/wp-json\/wp\/v2\/product_cat?post=10981"},{"taxonomy":"product_tag","embeddable":true,"href":"https:\/\/victoriavynn.ca\/fr\/wp-json\/wp\/v2\/product_tag?post=10981"}],"curies":[{"name":"wp","href":"https:\/\/api.w.org\/{rel}","templated":true}]}}