{"id":10987,"date":"2023-03-09T19:11:08","date_gmt":"2023-03-10T00:11:08","guid":{"rendered":"https:\/\/victoriavynn.ca\/product\/pharm-foot-agspecialist-400ml-microsilver-line\/"},"modified":"2026-04-16T14:35:38","modified_gmt":"2026-04-16T18:35:38","slug":"baume-pour-les-mains-et-le-corps-pour-les-peaux-seches-400ml","status":"publish","type":"product","link":"https:\/\/victoriavynn.ca\/fr\/product\/hand-and-body-balm-for-dry-skin-400ml\/","title":{"rendered":"Pharm Foot AgSPECIALIST 400ml (Ligne Microsilver)"},"content":{"rendered":"<div class=\"title\">\n<p>Pharm Foot <strong>AgSPECIALIST<\/strong> - Le BAUME ADOUCISSANT POUR LE CORPS ET LES MAINS au micro-argent et au beurre de karit\u00e9 est nomm\u00e9 parmi les meilleurs baume pour les mains et le corps pour les peaux s\u00e8ches. AgSPECIALIST apaise les irritations et prot\u00e8ge contre le dess\u00e8chement et les effets n\u00e9fastes des facteurs externes.<\/p>\n<p>Pour le salon et la maison - Capacit\u00e9\u00a0<strong>400ml<\/strong><br \/>\n(environ 50 traitements corps \/ 250 mains)<\/p>\n<p>\u00c9galement disponible sous forme de cr\u00e8mes pour le corps et les mains,<\/p>\n<ul>\n<li><a href=\"https:\/\/victoriavynn.ca\/fr\/produit\/serum-pour-les-mains-et-le-corps-pour-les-peaux-seches\/\">Pharm Foot bioACTIVATOR 400ml (Ligne Colostrum)<\/a><\/li>\n<li><a href=\"https:\/\/victoriavynn.ca\/fr\/produit\/meilleure-creme-hydratante-pour-les-mains-et-le-corps-pour-les-peaux-seches\/\">Pharm Foot O3 CONCENTRATE 400ml (Ozone Oil Line)<\/a><\/li>\n<\/ul>\n<p>&nbsp;<\/p>\n<p>RECOMMANDATIONS<br \/>\n<strong>AgSPECIALIST<\/strong><\/p>\n<div class=\"col-box col-box-1\">\n<div class=\"description\">\n<div class=\"text text-2\">\n<ul>\n<li>un baume sp\u00e9cialis\u00e9 pour le corps et les mains<\/li>\n<li>pour les peaux tr\u00e8s s\u00e8ches qui ont besoin d'\u00eatre apais\u00e9es et hydrat\u00e9es<\/li>\n<\/ul>\n<p>&nbsp;<\/p>\n<\/div>\n<\/div>\n<\/div>\n<\/div>\n<div class=\"title\">\n<p>EFFET<br \/>\n<strong>AgSPECIALIST<\/strong><\/p>\n<\/div>\n<div class=\"text text-2\">\n<ul>\n<li>le baume a un fort effet hydratant<\/li>\n<li>apaise les irritations de la peau<\/li>\n<li>prot\u00e8ge contre les effets n\u00e9fastes des facteurs externes<\/li>\n<\/ul>\n<div class=\"title\">\n<p>&nbsp;<\/p>\n<p>MODE D'EMPLOI<br \/>\n<strong>AgSPECIALIST<\/strong><\/p>\n<\/div>\n<div class=\"text text-2\">\n<ul>\n<li>masser d\u00e9licatement la peau et attendre l'absorption<\/li>\n<li>\u00e0 utiliser apr\u00e8s les soins du corps et des mains dans le salon<\/li>\n<li>pour la poursuite des soins \u00e0 domicile<\/li>\n<li>appliquer 1 \u00e0 2 fois par jour<\/li>\n<li>parfait apr\u00e8s un bain de soleil et une \u00e9pilation<\/li>\n<\/ul>\n<p>&nbsp;<\/p>\n<p>INGREDIENTS<br \/>\n<strong>AgSPECIALIST<\/strong><\/p>\n<p>Aqua, Isopropyl Palmitate, Glyc\u00e9rine, Cetearyl Alcohol, Caprylic\/Capric Triglyceride, Glyceryl Stearate, PEG-100 Stearate, Sodium Caproyl\/Lauroyl Lactylate, Butyrospermum Parkii Butter, Triethyl Citrate, Cera Microcristallina, Hydrogenated Vegetable Oil, Lanolin, Propylene Glycol, Silver, Allantoin, Citrus Grandis Fruit Extract, Cera Alba, Hydrogenated Palm Acid, Stearyl Stearate, Xanthan Gum, Carbomer, Tocopherol, Lecithin, Ascorbyl Palmitate, Glyceryl Oleate, Citric Acid, Sodium Hydroxide, Disodium EDTA, BHT, Phenoxyethanol, Ethylhexylglycerin, Parfum, Citral, Citronellol, Limonene, Geraniol, Linalool.<\/p>\n<\/div>\n<\/div>","protected":false},"excerpt":{"rendered":"<p>Pharm Foot <strong>AgSPECIALIST<\/strong> - Le BAUME ADOUCISSANT POUR LE CORPS ET LES MAINS au micro-argent et au beurre de karit\u00e9 est nomm\u00e9 parmi les meilleurs baume pour les mains et le corps pour les peaux s\u00e8ches. AgSPECIALIST apaise les irritations et prot\u00e8ge contre le dess\u00e8chement et les effets n\u00e9fastes des facteurs externes.\u00a0<strong>400ml<\/strong><br \/>\n(environ 50 traitements corps \/ 250 mains)<\/p>\n<p>\u00c9galement disponible sous forme de cr\u00e8mes pour le corps et les mains,<\/p>\n<ul>\n<li style=\"list-style-type: none;\">\n<ul>\n<li><a href=\"https:\/\/victoriavynn.ca\/fr\/produit\/serum-pour-les-mains-et-le-corps-pour-les-peaux-seches\/\">Pharm Foot bioACTIVATOR 400ml (Ligne Colostrum)<\/a><\/li>\n<li><a href=\"https:\/\/victoriavynn.ca\/fr\/produit\/meilleure-creme-hydratante-pour-les-mains-et-le-corps-pour-les-peaux-seches\/\">Pharm Foot O3 CONCENTRATE 400ml (Ozone Oil Line)<\/a><\/li>\n<\/ul>\n<\/li>\n<\/ul>\n<p>Sp\u00e9cifications des produits :<\/p>\n<p><img loading=\"lazy\" decoding=\"async\" class=\"size-full wp-image-8446 alignleft\" src=\"https:\/\/victoriavynn.ca\/wp-content\/uploads\/2022\/12\/SUPER-MOISTURISER.png\" alt=\"\" width=\"125\" height=\"125\" srcset=\"https:\/\/i0.wp.com\/victoriavynn.ca\/wp-content\/uploads\/2022\/12\/SUPER-MOISTURISER.png?w=125&amp;ssl=1 125w, https:\/\/i0.wp.com\/victoriavynn.ca\/wp-content\/uploads\/2022\/12\/SUPER-MOISTURISER.png?resize=100%2C100&amp;ssl=1 100w, https:\/\/i0.wp.com\/victoriavynn.ca\/wp-content\/uploads\/2022\/12\/SUPER-MOISTURISER.png?resize=32%2C32&amp;ssl=1 32w, https:\/\/i0.wp.com\/victoriavynn.ca\/wp-content\/uploads\/2022\/12\/SUPER-MOISTURISER.png?resize=50%2C50&amp;ssl=1 50w\" sizes=\"auto, (max-width: 125px) 100vw, 125px\" \/><\/p>\n<p><img loading=\"lazy\" decoding=\"async\" class=\"size-full wp-image-11890 alignleft\" src=\"https:\/\/victoriavynn.ca\/wp-content\/uploads\/2023\/03\/SOOTHES-IRRITATION.webp\" alt=\"APAISE LES IRRITATIONS\" width=\"125\" height=\"150\" srcset=\"https:\/\/i0.wp.com\/victoriavynn.ca\/wp-content\/uploads\/2023\/03\/SOOTHES-IRRITATION.webp?w=125&amp;ssl=1 125w, https:\/\/i0.wp.com\/victoriavynn.ca\/wp-content\/uploads\/2023\/03\/SOOTHES-IRRITATION.webp?resize=10%2C12&amp;ssl=1 10w\" sizes=\"auto, (max-width: 125px) 100vw, 125px\" \/><\/p>\n<p><img loading=\"lazy\" decoding=\"async\" class=\"size-full wp-image-11891 alignleft\" src=\"https:\/\/victoriavynn.ca\/wp-content\/uploads\/2023\/03\/NOURISHING-EFFECT.webp\" alt=\"EFFET NOURRISSANT\" width=\"125\" height=\"150\" srcset=\"https:\/\/i0.wp.com\/victoriavynn.ca\/wp-content\/uploads\/2023\/03\/NOURISHING-EFFECT.webp?w=125&amp;ssl=1 125w, https:\/\/i0.wp.com\/victoriavynn.ca\/wp-content\/uploads\/2023\/03\/NOURISHING-EFFECT.webp?resize=10%2C12&amp;ssl=1 10w\" sizes=\"auto, (max-width: 125px) 100vw, 125px\" \/><\/p>\n<p><img loading=\"lazy\" decoding=\"async\" class=\"size-full wp-image-11892 alignleft\" src=\"https:\/\/victoriavynn.ca\/wp-content\/uploads\/2023\/03\/FOR-DRY-SKIN.webp\" alt=\"POUR LES PEAUX S\u00c8CHES\" width=\"125\" height=\"150\" srcset=\"https:\/\/i0.wp.com\/victoriavynn.ca\/wp-content\/uploads\/2023\/03\/FOR-DRY-SKIN.webp?w=125&amp;ssl=1 125w, https:\/\/i0.wp.com\/victoriavynn.ca\/wp-content\/uploads\/2023\/03\/FOR-DRY-SKIN.webp?resize=10%2C12&amp;ssl=1 10w\" sizes=\"auto, (max-width: 125px) 100vw, 125px\" \/><\/p>\n<p>&nbsp;<\/p>\n<p>&nbsp;<\/p>\n<p>&nbsp;<\/p>\n<p>&nbsp;<\/p>","protected":false},"featured_media":11899,"comment_status":"open","ping_status":"closed","template":"","meta":{"jetpack_post_was_ever_published":false,"jetpack_publicize_message":"","jetpack_publicize_feature_enabled":true,"jetpack_social_post_already_shared":false,"jetpack_social_options":{"image_generator_settings":{"template":"highway","default_image_id":0,"font":"","enabled":false},"version":2}},"product_brand":[],"product_cat":[552],"product_tag":[589],"class_list":{"0":"post-10987","1":"product","2":"type-product","3":"status-publish","4":"has-post-thumbnail","6":"product_cat-microsilver-line","7":"product_tag-hand-body-cream","8":"product_shipping_class-cardboard-box","9":"pa_size-400-ml","11":"first","12":"outofstock","13":"taxable","14":"shipping-taxable","15":"purchasable","16":"product-type-simple"},"jetpack_publicize_connections":[],"jetpack-related-posts":[{"id":10981,"url":"https:\/\/victoriavynn.ca\/fr\/product\/hand-and-body-serum-for-dry-skin\/","url_meta":{"origin":10987,"position":0},"title":"Pharm Foot bioACTIVATOR 400ml (Ligne Colostrum)","author":"Serge Sahakian","date":"mars 9, 2023","format":false,"excerpt":"Pharm Foot bioACTIVATOR - S\u00c9RUM R\u00c9G\u00c9N\u00c9RATEUR POUR LE CORPS ET LES MAINS au colostrum et au beurre de karit\u00e9 est d\u00e9sign\u00e9 comme le meilleur s\u00e9rum pour les mains et le corps pour les peaux s\u00e8ches. bioACTIVATOR apaise les irritations, adoucit et \u00e9claircit l'\u00e9piderme. Il renforce et am\u00e9liore visiblement l'\u00e9tat de la peau. Pour les salons et...","rel":"","context":"Similar post","block_context":{"text":"Similar post","link":""},"img":{"alt_text":"Pharm Foot Best Hand and Body Serum for dry Skin Colostrum BioActivator","src":"https:\/\/i0.wp.com\/victoriavynn.ca\/wp-content\/uploads\/2023\/03\/Pharm-Foot-Best-Hand-and-Body-Serum-for-dry-Skin-Colostrum-BioActivator-.webp?fit=750%2C1000&ssl=1&resize=350%2C200","width":350,"height":200,"srcset":"https:\/\/i0.wp.com\/victoriavynn.ca\/wp-content\/uploads\/2023\/03\/Pharm-Foot-Best-Hand-and-Body-Serum-for-dry-Skin-Colostrum-BioActivator-.webp?fit=750%2C1000&ssl=1&resize=350%2C200 1x, https:\/\/i0.wp.com\/victoriavynn.ca\/wp-content\/uploads\/2023\/03\/Pharm-Foot-Best-Hand-and-Body-Serum-for-dry-Skin-Colostrum-BioActivator-.webp?fit=750%2C1000&ssl=1&resize=525%2C300 1.5x, https:\/\/i0.wp.com\/victoriavynn.ca\/wp-content\/uploads\/2023\/03\/Pharm-Foot-Best-Hand-and-Body-Serum-for-dry-Skin-Colostrum-BioActivator-.webp?fit=750%2C1000&ssl=1&resize=700%2C400 2x"},"classes":[]},{"id":10993,"url":"https:\/\/victoriavynn.ca\/fr\/product\/best-hand-and-body-moisturizer-for-dry-skin\/","url_meta":{"origin":10987,"position":1},"title":"Pharm Foot O3 CONCENTRATE 400ml (Ozone Oil Line)","author":"Serge Sahakian","date":"mars 9, 2023","format":false,"excerpt":"Pharm Foot O3 CONCENTRE - BEURRE PROTECTEUR POUR LE CORPS ET LES MAINS \u00e0 l'huile d'ozone et au beurre de karit\u00e9 est nomm\u00e9 parmi les meilleurs hydratants pour les mains et le corps pour les peaux s\u00e8ches. O3 CONCENTRE reconstruit l'\u00e9piderme et apaise les irritations. Il prot\u00e8ge \u00e9galement contre le dess\u00e8chement et les effets n\u00e9fastes des facteurs externes. Pour...","rel":"","context":"Similar post","block_context":{"text":"Similar post","link":""},"img":{"alt_text":"Pharm Foot best hand and body moisturizer for dry skin Ozone Oil o3 Concentre Butter","src":"https:\/\/i0.wp.com\/victoriavynn.ca\/wp-content\/uploads\/2023\/03\/Pharm-Foot-best-hand-and-body-moisturizer-for-dry-skin-Ozone-Oil-o3-Concentre-Butter.webp?fit=750%2C1000&ssl=1&resize=350%2C200","width":350,"height":200,"srcset":"https:\/\/i0.wp.com\/victoriavynn.ca\/wp-content\/uploads\/2023\/03\/Pharm-Foot-best-hand-and-body-moisturizer-for-dry-skin-Ozone-Oil-o3-Concentre-Butter.webp?fit=750%2C1000&ssl=1&resize=350%2C200 1x, https:\/\/i0.wp.com\/victoriavynn.ca\/wp-content\/uploads\/2023\/03\/Pharm-Foot-best-hand-and-body-moisturizer-for-dry-skin-Ozone-Oil-o3-Concentre-Butter.webp?fit=750%2C1000&ssl=1&resize=525%2C300 1.5x, https:\/\/i0.wp.com\/victoriavynn.ca\/wp-content\/uploads\/2023\/03\/Pharm-Foot-best-hand-and-body-moisturizer-for-dry-skin-Ozone-Oil-o3-Concentre-Butter.webp?fit=750%2C1000&ssl=1&resize=700%2C400 2x"},"classes":[]},{"id":10991,"url":"https:\/\/victoriavynn.ca\/fr\/product\/pharm-foot-silver-renovator-400ml-microsilver-line\/","url_meta":{"origin":10987,"position":2},"title":"Pharm Foot SILVER reNOVATOR 400ml (Microsilver Line)","author":"Serge Sahakian","date":"mars 9, 2023","format":false,"excerpt":"MASQUE R\u00c9G\u00c9N\u00c9RANT ET ADOUCISSANT au microsilver 400ml","rel":"","context":"Similar post","block_context":{"text":"Similar post","link":""},"img":{"alt_text":"silver-renovator400ml","src":"https:\/\/i0.wp.com\/victoriavynn.ca\/wp-content\/uploads\/2023\/03\/silver-renovator400ml.webp?fit=750%2C1000&ssl=1&resize=350%2C200","width":350,"height":200,"srcset":"https:\/\/i0.wp.com\/victoriavynn.ca\/wp-content\/uploads\/2023\/03\/silver-renovator400ml.webp?fit=750%2C1000&ssl=1&resize=350%2C200 1x, https:\/\/i0.wp.com\/victoriavynn.ca\/wp-content\/uploads\/2023\/03\/silver-renovator400ml.webp?fit=750%2C1000&ssl=1&resize=525%2C300 1.5x, https:\/\/i0.wp.com\/victoriavynn.ca\/wp-content\/uploads\/2023\/03\/silver-renovator400ml.webp?fit=750%2C1000&ssl=1&resize=700%2C400 2x"},"classes":[]},{"id":10989,"url":"https:\/\/victoriavynn.ca\/fr\/product\/pharm-foot-silver-renovator-75ml-microsilver-line\/","url_meta":{"origin":10987,"position":3},"title":"Pharm Foot SILVER reNOVATOR 75ml (Microsilver Line)","author":"Serge Sahakian","date":"mars 9, 2023","format":false,"excerpt":"MASQUE R\u00c9G\u00c9N\u00c9RANT ET ADOUCISSANT au micro-argent 75ml","rel":"","context":"Similar post","block_context":{"text":"Similar post","link":""},"img":{"alt_text":"vynn_pf_silver_renovation_75ml","src":"https:\/\/i0.wp.com\/victoriavynn.ca\/wp-content\/uploads\/2023\/03\/vynn_pf_silver_renovation_75ml.webp?fit=750%2C1000&ssl=1&resize=350%2C200","width":350,"height":200,"srcset":"https:\/\/i0.wp.com\/victoriavynn.ca\/wp-content\/uploads\/2023\/03\/vynn_pf_silver_renovation_75ml.webp?fit=750%2C1000&ssl=1&resize=350%2C200 1x, https:\/\/i0.wp.com\/victoriavynn.ca\/wp-content\/uploads\/2023\/03\/vynn_pf_silver_renovation_75ml.webp?fit=750%2C1000&ssl=1&resize=525%2C300 1.5x, https:\/\/i0.wp.com\/victoriavynn.ca\/wp-content\/uploads\/2023\/03\/vynn_pf_silver_renovation_75ml.webp?fit=750%2C1000&ssl=1&resize=700%2C400 2x"},"classes":[]},{"id":10995,"url":"https:\/\/victoriavynn.ca\/fr\/product\/pharm-foot-cracked-heel-balm-75ml\/","url_meta":{"origin":10987,"position":4},"title":"Pharm Foot CRACKED HEEL PROTECTOR 75ml (Ozone Oil Line)","author":"Serge Sahakian","date":"mars 9, 2023","format":false,"excerpt":"Pharm Foot CRACKED HEEL PROTECTOR est vraiment la meilleure pommade pour r\u00e9parer les talons crevass\u00e9s. Gr\u00e2ce \u00e0 son puissant effet r\u00e9g\u00e9n\u00e9rant, CRACKED HEEL PROTECTOR soutient les processus de r\u00e9paration de la peau et cr\u00e9e une couche occlusive, emp\u00eachant la perte excessive d'eau. Il apaise, donne \u00e0 la peau \u00e9lasticit\u00e9, douceur et souplesse et assure une protection antimicrobienne....","rel":"","context":"Similar post","block_context":{"text":"Similar post","link":""},"img":{"alt_text":"Pharm Foot Best Cracked Heel Balm Ointment Cracked Heel Protector 75ml","src":"https:\/\/i0.wp.com\/victoriavynn.ca\/wp-content\/uploads\/2023\/03\/Pharm-Foot-Best-Cracked-Heel-Repair-Ointment-Cracked-Heel-Protector-75ml-.webp?fit=750%2C1000&ssl=1&resize=350%2C200","width":350,"height":200,"srcset":"https:\/\/i0.wp.com\/victoriavynn.ca\/wp-content\/uploads\/2023\/03\/Pharm-Foot-Best-Cracked-Heel-Repair-Ointment-Cracked-Heel-Protector-75ml-.webp?fit=750%2C1000&ssl=1&resize=350%2C200 1x, https:\/\/i0.wp.com\/victoriavynn.ca\/wp-content\/uploads\/2023\/03\/Pharm-Foot-Best-Cracked-Heel-Repair-Ointment-Cracked-Heel-Protector-75ml-.webp?fit=750%2C1000&ssl=1&resize=525%2C300 1.5x, https:\/\/i0.wp.com\/victoriavynn.ca\/wp-content\/uploads\/2023\/03\/Pharm-Foot-Best-Cracked-Heel-Repair-Ointment-Cracked-Heel-Protector-75ml-.webp?fit=750%2C1000&ssl=1&resize=700%2C400 2x"},"classes":[]},{"id":10878,"url":"https:\/\/victoriavynn.ca\/fr\/product\/pharm-foot-silver-booster-15ml-microsilver-line\/","url_meta":{"origin":10987,"position":5},"title":"Pharm Foot SILVER BOOSTER 15ml (Ligne Microsilver)","author":"Serge Sahakian","date":"mars 8, 2023","format":false,"excerpt":"S\u00e9rum avec Microsilver aux propri\u00e9t\u00e9s antibact\u00e9riennes et antimicrobiennes Ingr\u00e9dients actifs : \u00a0 \u00a0 \u00a0 \u00a0 \u00a0 \u00a0 \u00a0","rel":"","context":"Similar post","block_context":{"text":"Similar post","link":""},"img":{"alt_text":"pharm foot microsilver","src":"https:\/\/i0.wp.com\/victoriavynn.ca\/wp-content\/uploads\/2023\/03\/pharm-foot-microsilver.webp?fit=750%2C1000&ssl=1&resize=350%2C200","width":350,"height":200,"srcset":"https:\/\/i0.wp.com\/victoriavynn.ca\/wp-content\/uploads\/2023\/03\/pharm-foot-microsilver.webp?fit=750%2C1000&ssl=1&resize=350%2C200 1x, https:\/\/i0.wp.com\/victoriavynn.ca\/wp-content\/uploads\/2023\/03\/pharm-foot-microsilver.webp?fit=750%2C1000&ssl=1&resize=525%2C300 1.5x, https:\/\/i0.wp.com\/victoriavynn.ca\/wp-content\/uploads\/2023\/03\/pharm-foot-microsilver.webp?fit=750%2C1000&ssl=1&resize=700%2C400 2x"},"classes":[]}],"jetpack_sharing_enabled":true,"_links":{"self":[{"href":"https:\/\/victoriavynn.ca\/fr\/wp-json\/wp\/v2\/product\/10987","targetHints":{"allow":["GET"]}}],"collection":[{"href":"https:\/\/victoriavynn.ca\/fr\/wp-json\/wp\/v2\/product"}],"about":[{"href":"https:\/\/victoriavynn.ca\/fr\/wp-json\/wp\/v2\/types\/product"}],"replies":[{"embeddable":true,"href":"https:\/\/victoriavynn.ca\/fr\/wp-json\/wp\/v2\/comments?post=10987"}],"wp:featuredmedia":[{"embeddable":true,"href":"https:\/\/victoriavynn.ca\/fr\/wp-json\/wp\/v2\/media\/11899"}],"wp:attachment":[{"href":"https:\/\/victoriavynn.ca\/fr\/wp-json\/wp\/v2\/media?parent=10987"}],"wp:term":[{"taxonomy":"product_brand","embeddable":true,"href":"https:\/\/victoriavynn.ca\/fr\/wp-json\/wp\/v2\/product_brand?post=10987"},{"taxonomy":"product_cat","embeddable":true,"href":"https:\/\/victoriavynn.ca\/fr\/wp-json\/wp\/v2\/product_cat?post=10987"},{"taxonomy":"product_tag","embeddable":true,"href":"https:\/\/victoriavynn.ca\/fr\/wp-json\/wp\/v2\/product_tag?post=10987"}],"curies":[{"name":"wp","href":"https:\/\/api.w.org\/{rel}","templated":true}]}}