{"id":10999,"date":"2023-03-09T19:11:48","date_gmt":"2023-03-10T00:11:48","guid":{"rendered":"https:\/\/victoriavynn.ca\/product\/pharm-foot-septi-starter-300ml-all-in-line\/"},"modified":"2026-04-04T18:11:59","modified_gmt":"2026-04-04T22:11:59","slug":"pharm-foot-best-foot-spray-antibacterien","status":"publish","type":"product","link":"https:\/\/victoriavynn.ca\/fr\/product\/pharm-foot-best-foot-antibacterial-spray\/","title":{"rendered":"Pharm Foot SEPTI STARTER 300ml (All in Line)"},"content":{"rendered":"<div class=\"title\">\n<p>Pharm Foot <strong>SEPTI STARTER<\/strong> - REFRESHING SPRAY est class\u00e9 parmi les meilleures ventes de sprays antibact\u00e9riens pour les pieds. Gr\u00e2ce \u00e0 ses propri\u00e9t\u00e9s rafra\u00eechissantes et relaxantes, SEPTI STARTER procure une agr\u00e9able sensation de fra\u00eecheur.  En outre, il \u00e9limine les odeurs d\u00e9sagr\u00e9ables des pieds et tue les bact\u00e9ries.<\/p>\n<p>Pour les salons - Capacit\u00e9 <strong>300ml<\/strong><br \/>\n(environ 100 traitements)<\/p>\n<p>&nbsp;<\/p>\n<p>RECOMMANDATIONS<br \/>\n<strong>SEPTI STARTER<\/strong><\/p>\n<\/div>\n<div class=\"text text-2\">\n<ul>\n<li>spray pour rafra\u00eechir et d\u00e9sinfecter les pieds<\/li>\n<li>\u00e9galement recommand\u00e9 pour les diab\u00e9tiques<\/li>\n<\/ul>\n<div class=\"title\">\n<p>&nbsp;<\/p>\n<p>EFFET<br \/>\n<strong>SEPTI STARTER<\/strong><\/p>\n<\/div>\n<div class=\"text text-2\">\n<ul>\n<li>rafra\u00eechit les pieds avant les soins de p\u00e9dicure<\/li>\n<li>poss\u00e8de des propri\u00e9t\u00e9s antiseptiques et antibact\u00e9riennes<\/li>\n<li>procure une agr\u00e9able sensation de fra\u00eecheur<\/li>\n<li>a un effet apaisant<\/li>\n<li>\u00e9limine les odeurs d\u00e9sagr\u00e9ables des pieds<\/li>\n<\/ul>\n<div class=\"title\">\n<p>&nbsp;<\/p>\n<p>MODE D'EMPLOI<br \/>\n<strong>SEPTI STARTER<\/strong><\/p>\n<\/div>\n<div class=\"text text-2\">\n<ul>\n<li>pulv\u00e9riser les pieds \u00e0 une distance de 10 cm<\/li>\n<li>s'assurer d'atteindre les endroits difficiles d'acc\u00e8s<\/li>\n<li>\u00e0 utiliser avant et pendant les traitements<\/li>\n<\/ul>\n<p>&nbsp;<\/p>\n<p>INGREDIENTS<br \/>\n<strong>SEPTI STARTER<\/strong><\/p>\n<p>Alcohol Denat, Aqua, Isopropyl Alcohol, Melaleuca Alternifolia Leaf Oil, Parfum, Panthenol, Citric Acid, Citronellyl Methylcrotonate, Limonene, Citral, Citronellol, Geraniol, Linalool.<\/p>\n<\/div>\n<\/div>\n<\/div>","protected":false},"excerpt":{"rendered":"<p>Pharm Foot <strong>SEPTI STARTER<\/strong> - REFRESHING SPRAY est class\u00e9 parmi les meilleures ventes de sprays antibact\u00e9riens pour les pieds. Gr\u00e2ce \u00e0 ses propri\u00e9t\u00e9s rafra\u00eechissantes et relaxantes, SEPTI STARTER procure une agr\u00e9able sensation de fra\u00eecheur.  En outre, il \u00e9limine les odeurs d\u00e9sagr\u00e9ables des pieds et tue les bact\u00e9ries.<\/p>\n<p>Pour les salons - Capacit\u00e9 <strong>300ml<\/strong><br \/>\n(environ 100 traitements)<\/p>\n<p>Sp\u00e9cifications des produits :<\/p>\n<p><img loading=\"lazy\" decoding=\"async\" class=\"size-full wp-image-11838 alignleft\" src=\"https:\/\/victoriavynn.ca\/wp-content\/uploads\/2023\/04\/REFRESHING-EFFECT.webp\" alt=\"EFFET RAFRA\u00ceCHISSANT\" width=\"125\" height=\"150\" srcset=\"https:\/\/i0.wp.com\/victoriavynn.ca\/wp-content\/uploads\/2023\/04\/REFRESHING-EFFECT.webp?w=125&amp;ssl=1 125w, https:\/\/i0.wp.com\/victoriavynn.ca\/wp-content\/uploads\/2023\/04\/REFRESHING-EFFECT.webp?resize=10%2C12&amp;ssl=1 10w\" sizes=\"auto, (max-width: 125px) 100vw, 125px\" \/><\/p>\n<p><img loading=\"lazy\" decoding=\"async\" class=\"size-full wp-image-11815 alignleft\" src=\"https:\/\/victoriavynn.ca\/wp-content\/uploads\/2023\/04\/ANTIBACTERIAL.webp\" alt=\"ANTIBACTERIEN\" width=\"125\" height=\"150\" srcset=\"https:\/\/i0.wp.com\/victoriavynn.ca\/wp-content\/uploads\/2023\/04\/ANTIBACTERIAL.webp?w=125&amp;ssl=1 125w, https:\/\/i0.wp.com\/victoriavynn.ca\/wp-content\/uploads\/2023\/04\/ANTIBACTERIAL.webp?resize=10%2C12&amp;ssl=1 10w\" sizes=\"auto, (max-width: 125px) 100vw, 125px\" \/><\/p>\n<p><img loading=\"lazy\" decoding=\"async\" class=\"size-full wp-image-11783 alignleft\" src=\"https:\/\/victoriavynn.ca\/wp-content\/uploads\/2023\/04\/SOOTHING-EFFECT-PHARM-FOOT.webp\" alt=\"EFFET APAISANT PHARM PIED\" width=\"125\" height=\"150\" srcset=\"https:\/\/i0.wp.com\/victoriavynn.ca\/wp-content\/uploads\/2023\/04\/SOOTHING-EFFECT-PHARM-FOOT.webp?w=125&amp;ssl=1 125w, https:\/\/i0.wp.com\/victoriavynn.ca\/wp-content\/uploads\/2023\/04\/SOOTHING-EFFECT-PHARM-FOOT.webp?resize=10%2C12&amp;ssl=1 10w\" sizes=\"auto, (max-width: 125px) 100vw, 125px\" \/><\/p>\n<p>&nbsp;<\/p>\n<p>&nbsp;<\/p>\n<p>&nbsp;<\/p>\n<p>&nbsp;<\/p>\n<p>&nbsp;<\/p>\n<p>&nbsp;<\/p>","protected":false},"featured_media":11846,"comment_status":"open","ping_status":"closed","template":"","meta":{"jetpack_post_was_ever_published":false,"jetpack_publicize_message":"","jetpack_publicize_feature_enabled":true,"jetpack_social_post_already_shared":false,"jetpack_social_options":{"image_generator_settings":{"template":"highway","default_image_id":0,"font":"","enabled":false},"version":2}},"product_brand":[],"product_cat":[550],"product_tag":[586],"class_list":{"0":"post-10999","1":"product","2":"type-product","3":"status-publish","4":"has-post-thumbnail","6":"product_cat-all-in-line","7":"product_tag-spray","8":"product_shipping_class-cardboard-box","9":"pa_size-300-ml","11":"first","12":"instock","13":"taxable","14":"shipping-taxable","15":"purchasable","16":"product-type-simple"},"jetpack_publicize_connections":[],"jetpack-related-posts":[{"id":10819,"url":"https:\/\/victoriavynn.ca\/fr\/product\/ozon-guard-150ml-spray-for-foot-odor\/","url_meta":{"origin":10999,"position":0},"title":"Pharm Foot OZON GUARD 150ml (Ozone Oil Line)","author":"Serge Sahakian","date":"mars 1, 2023","format":false,"excerpt":"Pharm Foot OZONE GUARD - SPRAY PROTECTEUR \u00e0 l'huile d'olive ozon\u00e9e est vraiment le meilleur spray contre les odeurs de pieds. Caract\u00e9ris\u00e9 par ses propri\u00e9t\u00e9s antimicrobiennes et antibact\u00e9riennes, OZONE GUARD r\u00e9duit la transpiration et rafra\u00eechit les pieds. Ne dess\u00e8che pas la peau et peut \u00eatre utilis\u00e9 sur une peau s\u00e8che. Recommand\u00e9 pour les personnes...","rel":"","context":"Similar post","block_context":{"text":"Similar post","link":""},"img":{"alt_text":"pharm foot best spray for foot odor Ozone Guard 150ml","src":"https:\/\/i0.wp.com\/victoriavynn.ca\/wp-content\/uploads\/2023\/03\/pharm-foot-best-spray-for-foot-odor-Ozone-Guard-150ml-1-4.webp?fit=750%2C1000&ssl=1&resize=350%2C200","width":350,"height":200,"srcset":"https:\/\/i0.wp.com\/victoriavynn.ca\/wp-content\/uploads\/2023\/03\/pharm-foot-best-spray-for-foot-odor-Ozone-Guard-150ml-1-4.webp?fit=750%2C1000&ssl=1&resize=350%2C200 1x, https:\/\/i0.wp.com\/victoriavynn.ca\/wp-content\/uploads\/2023\/03\/pharm-foot-best-spray-for-foot-odor-Ozone-Guard-150ml-1-4.webp?fit=750%2C1000&ssl=1&resize=525%2C300 1.5x, https:\/\/i0.wp.com\/victoriavynn.ca\/wp-content\/uploads\/2023\/03\/pharm-foot-best-spray-for-foot-odor-Ozone-Guard-150ml-1-4.webp?fit=750%2C1000&ssl=1&resize=700%2C400 2x"},"classes":[]},{"id":11003,"url":"https:\/\/victoriavynn.ca\/fr\/product\/pharm-foot-best-foot-bath-salts-1250g\/","url_meta":{"origin":10999,"position":1},"title":"Pharm Foot FRESH CRYSTALS 1250g (All in Line)","author":"Serge Sahakian","date":"mars 9, 2023","format":false,"excerpt":"Pharm Foot FRESH CRYSTALS - REFRESHING FOOT BATH SALT est nomm\u00e9 parmi les meilleurs sels de bain pour les pieds. Gr\u00e2ce \u00e0 ses propri\u00e9t\u00e9s rafra\u00eechissantes et relaxantes, FRESH CRYSTALS donne la sensation de jambes l\u00e9g\u00e8res et bien repos\u00e9es. Il am\u00e9liore \u00e9galement l'\u00e9tat de la peau et la renforce. A utiliser en salon...","rel":"","context":"Similar post","block_context":{"text":"Similar post","link":""},"img":{"alt_text":"Pharm Foot best foot bath salts refreshing crystals 1250g copy","src":"https:\/\/i0.wp.com\/victoriavynn.ca\/wp-content\/uploads\/2023\/03\/Pharm-Foot-best-foot-bath-salts-refreshinf-crystals-1250g-copy.webp?fit=750%2C1000&ssl=1&resize=350%2C200","width":350,"height":200,"srcset":"https:\/\/i0.wp.com\/victoriavynn.ca\/wp-content\/uploads\/2023\/03\/Pharm-Foot-best-foot-bath-salts-refreshinf-crystals-1250g-copy.webp?fit=750%2C1000&ssl=1&resize=350%2C200 1x, https:\/\/i0.wp.com\/victoriavynn.ca\/wp-content\/uploads\/2023\/03\/Pharm-Foot-best-foot-bath-salts-refreshinf-crystals-1250g-copy.webp?fit=750%2C1000&ssl=1&resize=525%2C300 1.5x, https:\/\/i0.wp.com\/victoriavynn.ca\/wp-content\/uploads\/2023\/03\/Pharm-Foot-best-foot-bath-salts-refreshinf-crystals-1250g-copy.webp?fit=750%2C1000&ssl=1&resize=700%2C400 2x"},"classes":[]},{"id":17496,"url":"https:\/\/victoriavynn.ca\/fr\/product\/pharm-foot-hydro-cream-250ml-urea-line\/","url_meta":{"origin":10999,"position":2},"title":"Pharm Foot Hydro Cream 250ml (Urea Line)","author":"Serge Sahakian","date":"avril 7, 2024","format":false,"excerpt":"Spray Hydratant Peau S\u00e8che avec 10% UREA &amp; Humectants Contenance 150ml Ingr\u00e9dients actifs :","rel":"","context":"Similar post","block_context":{"text":"Similar post","link":""},"img":{"alt_text":"PHARM FOOT HYDRO CREAM SPRAY","src":"https:\/\/i0.wp.com\/victoriavynn.ca\/wp-content\/uploads\/2024\/04\/pharm-foot-hydro-cream-spray-.webp?fit=750%2C1000&ssl=1&resize=350%2C200","width":350,"height":200,"srcset":"https:\/\/i0.wp.com\/victoriavynn.ca\/wp-content\/uploads\/2024\/04\/pharm-foot-hydro-cream-spray-.webp?fit=750%2C1000&ssl=1&resize=350%2C200 1x, https:\/\/i0.wp.com\/victoriavynn.ca\/wp-content\/uploads\/2024\/04\/pharm-foot-hydro-cream-spray-.webp?fit=750%2C1000&ssl=1&resize=525%2C300 1.5x, https:\/\/i0.wp.com\/victoriavynn.ca\/wp-content\/uploads\/2024\/04\/pharm-foot-hydro-cream-spray-.webp?fit=750%2C1000&ssl=1&resize=700%2C400 2x"},"classes":[]},{"id":11274,"url":"https:\/\/victoriavynn.ca\/fr\/product\/antibacterial-serum-for-feet-mycoverrum-15\/","url_meta":{"origin":10999,"position":3},"title":"Pharm Foot mycoVERRUM 15ml (Ligne Ozone Oil &amp; Herbs)","author":"Serge Sahakian","date":"avril 13, 2023","format":false,"excerpt":"Pharm Foot mycoVERRUM - le meilleur s\u00e9rum antibact\u00e9rien pour les pieds qui soutient les th\u00e9rapies antifongiques et antivirales. Il a un fort effet r\u00e9g\u00e9n\u00e9rateur, am\u00e9liore l'\u00e9tat de la peau et la renforce. Pour les salons et l'usage domestique - Capacit\u00e9 15ml Sp\u00e9cifications du produit : \u00a0 \u00a0 \u00a0 \u00a0 \u00a0 \u00a0 \u00a0","rel":"","context":"Similar post","block_context":{"text":"Similar post","link":""},"img":{"alt_text":"Pharm Foot antibacterial serum for feet mycoVERRUM 15ml Victoria VYNN","src":"https:\/\/i0.wp.com\/victoriavynn.ca\/wp-content\/uploads\/2023\/04\/Pharm-Foot-antibacterial-serum-for-feet-mycoVERRUM-15ml-Victoria-VYNN.webp?fit=750%2C1000&ssl=1&resize=350%2C200","width":350,"height":200,"srcset":"https:\/\/i0.wp.com\/victoriavynn.ca\/wp-content\/uploads\/2023\/04\/Pharm-Foot-antibacterial-serum-for-feet-mycoVERRUM-15ml-Victoria-VYNN.webp?fit=750%2C1000&ssl=1&resize=350%2C200 1x, https:\/\/i0.wp.com\/victoriavynn.ca\/wp-content\/uploads\/2023\/04\/Pharm-Foot-antibacterial-serum-for-feet-mycoVERRUM-15ml-Victoria-VYNN.webp?fit=750%2C1000&ssl=1&resize=525%2C300 1.5x, https:\/\/i0.wp.com\/victoriavynn.ca\/wp-content\/uploads\/2023\/04\/Pharm-Foot-antibacterial-serum-for-feet-mycoVERRUM-15ml-Victoria-VYNN.webp?fit=750%2C1000&ssl=1&resize=700%2C400 2x"},"classes":[]},{"id":11342,"url":"https:\/\/victoriavynn.ca\/fr\/product\/best-pedicure-relaxing-salt-herbal-remedy\/","url_meta":{"origin":10999,"position":4},"title":"Pharm Foot Herbal reMEDY 500g (Ligne Ozone Oil &amp; Herbs)","author":"Serge Sahakian","date":"avril 13, 2023","format":false,"excerpt":"Le meilleur sel de p\u00e9dicure relaxant. Pharm Foot Herbal reMEDY est un produit tr\u00e8s bien class\u00e9 en mati\u00e8re de soulagement.  Herbal reMEDY soulage les pieds fatigu\u00e9s et lourds et r\u00e9duit leur gonflement. Pour usage domestique - Capacit\u00e9 500g (environ 12 traitements) Sp\u00e9cifications des produits : \u00a0 \u00a0 \u00a0 \u00a0 \u00a0 \u00a0","rel":"","context":"Similar post","block_context":{"text":"Similar post","link":""},"img":{"alt_text":"Pharm Foot best pedicure relaxing salt Pharm Foot 500g","src":"https:\/\/i0.wp.com\/victoriavynn.ca\/wp-content\/uploads\/2023\/04\/Pharm-Foot-best-pedicure-relaxing-salt-Pharm-Foot-500g.webp?fit=750%2C1000&ssl=1&resize=350%2C200","width":350,"height":200,"srcset":"https:\/\/i0.wp.com\/victoriavynn.ca\/wp-content\/uploads\/2023\/04\/Pharm-Foot-best-pedicure-relaxing-salt-Pharm-Foot-500g.webp?fit=750%2C1000&ssl=1&resize=350%2C200 1x, https:\/\/i0.wp.com\/victoriavynn.ca\/wp-content\/uploads\/2023\/04\/Pharm-Foot-best-pedicure-relaxing-salt-Pharm-Foot-500g.webp?fit=750%2C1000&ssl=1&resize=525%2C300 1.5x, https:\/\/i0.wp.com\/victoriavynn.ca\/wp-content\/uploads\/2023\/04\/Pharm-Foot-best-pedicure-relaxing-salt-Pharm-Foot-500g.webp?fit=750%2C1000&ssl=1&resize=700%2C400 2x"},"classes":[]},{"id":10961,"url":"https:\/\/victoriavynn.ca\/fr\/product\/pharm-foot-fresh-crystals-5000g-all-in-line\/","url_meta":{"origin":10999,"position":5},"title":"Pharm Foot FRESH CRYSTALS 5000g (All in Line)","author":"Serge Sahakian","date":"mars 9, 2023","format":false,"excerpt":"Bain de pieds rafra\u00eechissant au collag\u00e8ne 5000 g","rel":"","context":"Similar post","block_context":{"text":"Similar post","link":""},"img":{"alt_text":"","src":"https:\/\/i0.wp.com\/victoriavynn.ca\/wp-content\/uploads\/2023\/03\/fresh-crystals-5000-g.jpeg?fit=1200%2C1200&ssl=1&resize=350%2C200","width":350,"height":200,"srcset":"https:\/\/i0.wp.com\/victoriavynn.ca\/wp-content\/uploads\/2023\/03\/fresh-crystals-5000-g.jpeg?fit=1200%2C1200&ssl=1&resize=350%2C200 1x, https:\/\/i0.wp.com\/victoriavynn.ca\/wp-content\/uploads\/2023\/03\/fresh-crystals-5000-g.jpeg?fit=1200%2C1200&ssl=1&resize=525%2C300 1.5x, https:\/\/i0.wp.com\/victoriavynn.ca\/wp-content\/uploads\/2023\/03\/fresh-crystals-5000-g.jpeg?fit=1200%2C1200&ssl=1&resize=700%2C400 2x, https:\/\/i0.wp.com\/victoriavynn.ca\/wp-content\/uploads\/2023\/03\/fresh-crystals-5000-g.jpeg?fit=1200%2C1200&ssl=1&resize=1050%2C600 3x"},"classes":[]}],"jetpack_sharing_enabled":true,"_links":{"self":[{"href":"https:\/\/victoriavynn.ca\/fr\/wp-json\/wp\/v2\/product\/10999","targetHints":{"allow":["GET"]}}],"collection":[{"href":"https:\/\/victoriavynn.ca\/fr\/wp-json\/wp\/v2\/product"}],"about":[{"href":"https:\/\/victoriavynn.ca\/fr\/wp-json\/wp\/v2\/types\/product"}],"replies":[{"embeddable":true,"href":"https:\/\/victoriavynn.ca\/fr\/wp-json\/wp\/v2\/comments?post=10999"}],"wp:featuredmedia":[{"embeddable":true,"href":"https:\/\/victoriavynn.ca\/fr\/wp-json\/wp\/v2\/media\/11846"}],"wp:attachment":[{"href":"https:\/\/victoriavynn.ca\/fr\/wp-json\/wp\/v2\/media?parent=10999"}],"wp:term":[{"taxonomy":"product_brand","embeddable":true,"href":"https:\/\/victoriavynn.ca\/fr\/wp-json\/wp\/v2\/product_brand?post=10999"},{"taxonomy":"product_cat","embeddable":true,"href":"https:\/\/victoriavynn.ca\/fr\/wp-json\/wp\/v2\/product_cat?post=10999"},{"taxonomy":"product_tag","embeddable":true,"href":"https:\/\/victoriavynn.ca\/fr\/wp-json\/wp\/v2\/product_tag?post=10999"}],"curies":[{"name":"wp","href":"https:\/\/api.w.org\/{rel}","templated":true}]}}