{"id":11001,"date":"2023-03-09T19:11:49","date_gmt":"2023-03-10T00:11:49","guid":{"rendered":"https:\/\/victoriavynn.ca\/product\/pharm-foot-reconstructor-podo-nail-set-uv-led\/"},"modified":"2026-04-16T14:36:14","modified_gmt":"2026-04-16T18:36:14","slug":"pharmacie-pied-pedicure-kit-de-reconstruction-dorteils","status":"publish","type":"product","link":"https:\/\/victoriavynn.ca\/fr\/product\/pharm-foot-pedicure-toe-reconstruction-kit\/","title":{"rendered":"Pharm Foot reCONSTRUCTOR PODO NAIL SET UV\/LED"},"content":{"rendered":"<p>Pharm Foot <strong>reCONSTRUCTOR PODO NAIL SET UV\/LED<\/strong> est le kit ultime de reconstruction des orteils pour la p\u00e9dicure. Le \"nouvel ongle\" cr\u00e9\u00e9 \u00e0 la suite de la reconstruction est con\u00e7u pour prot\u00e9ger la nouvelle plaque d'ongle saine en croissance et le lit de l'ongle contre les facteurs externes.<\/p>\n<p>Capacit\u00e9\u00a0<strong>30g \/ 27ml<\/strong><br \/>\n(environ 100 traitements)<\/p>\n<div class=\"title\">\n<p>RECOMMANDATIONS<br \/>\n<strong>reCONSTRUCTOR PODO NAIL SET UV\/LED<\/strong><\/p>\n<\/div>\n<div class=\"text text-2\">\n<ul>\n<li>kit photopolym\u00e9risable pour le comblement des d\u00e9fauts de la plaque de l'ongle<\/li>\n<\/ul>\n<div class=\"title\">\n<p>&nbsp;<\/p>\n<p>EFFET<br \/>\n<strong>reCONSTRUCTOR PODO NAIL SET UV\/LED<\/strong><\/p>\n<\/div>\n<div class=\"text text-2\">\n<ul>\n<li>le \"nouvel ongle\" cr\u00e9\u00e9 \u00e0 la suite de la reconstruction est con\u00e7u pour prot\u00e9ger la nouvelle plaque d'ongle saine en croissance et le lit de l'ongle contre les facteurs externes<\/li>\n<li>la masse l\u00e9g\u00e8rement masquante permet d'observer la croissance et d'\u00e9valuer l'\u00e9tat de l'ongle naturel<\/li>\n<\/ul>\n<div class=\"title\">\n<p>&nbsp;<\/p>\n<p>MODE D'EMPLOI<br \/>\n<strong>reCONSTRUCTOR PODO NAIL SET UV\/LED<\/strong><\/p>\n<\/div>\n<div class=\"text text-2\">\n<ul>\n<li>nettoyer et d\u00e9graisser la zone d'application, puis fa\u00e7onner un \"nouvel ongle\"<\/li>\n<li>utiliser un liquide pour mod\u00e9liser la masse<\/li>\n<li>durcir dans une lampe UV pendant 120 sec. \/lampe LED pendant 60 secondes<\/li>\n<li>fa\u00e7onner le nouvel ongle \u00e0 l'aide d'un foret \u00e0 ongles ou d'une lime \u00e0 ongles<\/li>\n<\/ul>\n<p>&nbsp;<\/p>\n<p>INGREDIENTS<br \/>\n<strong>reCONSTRUCTOR PODO NAIL SET UV\/LED<\/strong><\/p>\n<p><strong>Masse<\/strong><br \/>\nCopolym\u00e8re d'acrylates, polym\u00e9thacrylate de m\u00e9thyle, copolym\u00e8re d'acrylates et de carbamates, triacrylate de trim\u00e9thylolpropane, silice, extrait de racine de Paeonia Suffruticosa, dim\u00e9thicone.<\/p>\n<p><strong>Liquide<\/strong><br \/>\nAlcohol Denat, Aqua, Parfum, Benzyl Benzoate, Citronellol, Geraniol, Hexyl Cinnamal, Limonene, Linalool, CI 42090.<\/p>\n<\/div>\n<\/div>\n<\/div>","protected":false},"excerpt":{"rendered":"<p>Pharm Foot <strong>reCONSTRUCTOR PODO NAIL SET UV\/LED<\/strong> est le kit ultime de reconstruction des orteils pour la p\u00e9dicure. Le \"nouvel ongle\" cr\u00e9\u00e9 \u00e0 la suite de la reconstruction est con\u00e7u pour prot\u00e9ger la nouvelle plaque d'ongle saine en croissance et le lit de l'ongle contre les facteurs externes.<\/p>\n<p>Pour les salons - Capacit\u00e9 <strong>30g \/ 27ml<\/strong><br \/>\n(environ 100 traitements)<\/p>\n<p>Sp\u00e9cifications des produits :<\/p>\n<p><img loading=\"lazy\" decoding=\"async\" class=\"size-full wp-image-11855 alignleft\" src=\"https:\/\/victoriavynn.ca\/wp-content\/uploads\/2023\/03\/STRONG-AND-DURABLE-1.webp\" alt=\"SOLIDE ET DURABLE\" width=\"125\" height=\"150\" srcset=\"https:\/\/i0.wp.com\/victoriavynn.ca\/wp-content\/uploads\/2023\/03\/STRONG-AND-DURABLE-1.webp?w=125&amp;ssl=1 125w, https:\/\/i0.wp.com\/victoriavynn.ca\/wp-content\/uploads\/2023\/03\/STRONG-AND-DURABLE-1.webp?resize=10%2C12&amp;ssl=1 10w\" sizes=\"auto, (max-width: 125px) 100vw, 125px\" \/><\/p>\n<p><img loading=\"lazy\" decoding=\"async\" class=\"size-full wp-image-11856 alignleft\" src=\"https:\/\/victoriavynn.ca\/wp-content\/uploads\/2023\/03\/LONG-LASTING-1.webp\" alt=\"LONGUE DUR\u00c9E\" width=\"125\" height=\"150\" srcset=\"https:\/\/i0.wp.com\/victoriavynn.ca\/wp-content\/uploads\/2023\/03\/LONG-LASTING-1.webp?w=125&amp;ssl=1 125w, https:\/\/i0.wp.com\/victoriavynn.ca\/wp-content\/uploads\/2023\/03\/LONG-LASTING-1.webp?resize=10%2C12&amp;ssl=1 10w\" sizes=\"auto, (max-width: 125px) 100vw, 125px\" \/><\/p>\n<p><img loading=\"lazy\" decoding=\"async\" class=\"size-full wp-image-11857 alignleft\" src=\"https:\/\/victoriavynn.ca\/wp-content\/uploads\/2023\/03\/RECONSTRUCTION-1.webp\" alt=\"RECONSTRUCTION\" width=\"125\" height=\"150\" srcset=\"https:\/\/i0.wp.com\/victoriavynn.ca\/wp-content\/uploads\/2023\/03\/RECONSTRUCTION-1.webp?w=125&amp;ssl=1 125w, https:\/\/i0.wp.com\/victoriavynn.ca\/wp-content\/uploads\/2023\/03\/RECONSTRUCTION-1.webp?resize=10%2C12&amp;ssl=1 10w\" sizes=\"auto, (max-width: 125px) 100vw, 125px\" \/><\/p>\n<p>&nbsp;<\/p>\n<p>&nbsp;<\/p>\n<p>&nbsp;<\/p>\n<p>&nbsp;<\/p>\n<p>&nbsp;<\/p>\n<p>&nbsp;<\/p>\n<p>&nbsp;<\/p>","protected":false},"featured_media":11861,"comment_status":"open","ping_status":"closed","template":"","meta":{"jetpack_post_was_ever_published":false,"jetpack_publicize_message":"","jetpack_publicize_feature_enabled":true,"jetpack_social_post_already_shared":false,"jetpack_social_options":{"image_generator_settings":{"template":"highway","default_image_id":0,"font":"","enabled":false},"version":2}},"product_brand":[],"product_cat":[550],"product_tag":[587],"class_list":{"0":"post-11001","1":"product","2":"type-product","3":"status-publish","4":"has-post-thumbnail","6":"product_cat-all-in-line","7":"product_tag-reconstructor","8":"product_shipping_class-cardboard-box","9":"pa_size-30ml","11":"first","12":"instock","13":"taxable","14":"shipping-taxable","15":"purchasable","16":"product-type-simple"},"jetpack_publicize_connections":[],"jetpack-related-posts":[{"id":13078,"url":"https:\/\/victoriavynn.ca\/fr\/product\/high-quality-staleks-pro-podo-disc-files\/","url_meta":{"origin":11001,"position":0},"title":"Staleks Pro Limes abrasives jetables pour p\u00e9dicure PodoDisc","author":"Serge Sahakian","date":"juin 27, 2023","format":false,"excerpt":"Les limes \u00e0 disques Ultimate Staleks PRO Podo sont parmi les outils les plus efficaces et les plus professionnels que tout technicien de l'ongle puisse avoir !  Une large gamme de tailles, de grains, de types et de couleurs est disponible dans cette cat\u00e9gorie. Victoria VYNN s'est associ\u00e9e \u00e0 Staleks au Canada pour fournir un ensemble professionnel complet de...","rel":"","context":"Similar post","block_context":{"text":"Similar post","link":""},"img":{"alt_text":"Staleks PRO podo disc files replaceable disposable file sponges and files","src":"https:\/\/i0.wp.com\/victoriavynn.ca\/wp-content\/uploads\/2023\/06\/staleks-pro-podo-disc-files-replaceable-disposable-files-.webp?fit=750%2C1000&ssl=1&resize=350%2C200","width":350,"height":200,"srcset":"https:\/\/i0.wp.com\/victoriavynn.ca\/wp-content\/uploads\/2023\/06\/staleks-pro-podo-disc-files-replaceable-disposable-files-.webp?fit=750%2C1000&ssl=1&resize=350%2C200 1x, https:\/\/i0.wp.com\/victoriavynn.ca\/wp-content\/uploads\/2023\/06\/staleks-pro-podo-disc-files-replaceable-disposable-files-.webp?fit=750%2C1000&ssl=1&resize=525%2C300 1.5x, https:\/\/i0.wp.com\/victoriavynn.ca\/wp-content\/uploads\/2023\/06\/staleks-pro-podo-disc-files-replaceable-disposable-files-.webp?fit=750%2C1000&ssl=1&resize=700%2C400 2x"},"classes":[]},{"id":13428,"url":"https:\/\/victoriavynn.ca\/fr\/product\/staleks-pro-pedicure-tool-podo-20\/","url_meta":{"origin":11001,"position":1},"title":"Staleks PRO Pedicure Tool Podo 20 Curette &amp; Rounded Pusher","author":"Serge Sahakian","date":"juin 29, 2023","format":false,"excerpt":"Staleks PRO Pedicure Tool - Curette &amp; Rounded Pusher. La marque d'outils de p\u00e9dicure pr\u00e9f\u00e9r\u00e9e des podiatres. Victoria VYNN s'est associ\u00e9e \u00e0 Staleks au Canada pour fournir un ensemble complet de produits professionnels afin de rendre le travail de la technicienne en ongles compl\u00e8tement id\u00e9al. Sp\u00e9cifications du produit : \u00a0 \u00a0 \u00a0 \u00a0 \u00a0","rel":"","context":"Similar post","block_context":{"text":"Similar post","link":""},"img":{"alt_text":"Staleks PRO Pedicure tool Podo 20 Curette & Rounded Pusher Type 1","src":"https:\/\/i0.wp.com\/victoriavynn.ca\/wp-content\/uploads\/2023\/06\/staleks-pro-pedicure-tool-podo-20-curette-rounded-pusher-type-1-1.webp?fit=750%2C1000&ssl=1&resize=350%2C200","width":350,"height":200,"srcset":"https:\/\/i0.wp.com\/victoriavynn.ca\/wp-content\/uploads\/2023\/06\/staleks-pro-pedicure-tool-podo-20-curette-rounded-pusher-type-1-1.webp?fit=750%2C1000&ssl=1&resize=350%2C200 1x, https:\/\/i0.wp.com\/victoriavynn.ca\/wp-content\/uploads\/2023\/06\/staleks-pro-pedicure-tool-podo-20-curette-rounded-pusher-type-1-1.webp?fit=750%2C1000&ssl=1&resize=525%2C300 1.5x, https:\/\/i0.wp.com\/victoriavynn.ca\/wp-content\/uploads\/2023\/06\/staleks-pro-pedicure-tool-podo-20-curette-rounded-pusher-type-1-1.webp?fit=750%2C1000&ssl=1&resize=700%2C400 2x"},"classes":[]},{"id":17993,"url":"https:\/\/victoriavynn.ca\/fr\/product\/staleks-pro-pedicure-nippers-podo-30-for-ingrown-nails\/","url_meta":{"origin":11001,"position":2},"title":"Staleks PRO Pince \u00e0 p\u00e9dicure PODO 30 (pour ongles incarn\u00e9s)","author":"Serge Sahakian","date":"mai 28, 2024","format":false,"excerpt":"NP-30-18","rel":"","context":"Similar post","block_context":{"text":"Similar post","link":""},"img":{"alt_text":"","src":"https:\/\/i0.wp.com\/victoriavynn.ca\/wp-content\/uploads\/2024\/05\/np-30-18-1_result-800x800-1.jpg?fit=800%2C800&ssl=1&resize=350%2C200","width":350,"height":200,"srcset":"https:\/\/i0.wp.com\/victoriavynn.ca\/wp-content\/uploads\/2024\/05\/np-30-18-1_result-800x800-1.jpg?fit=800%2C800&ssl=1&resize=350%2C200 1x, https:\/\/i0.wp.com\/victoriavynn.ca\/wp-content\/uploads\/2024\/05\/np-30-18-1_result-800x800-1.jpg?fit=800%2C800&ssl=1&resize=525%2C300 1.5x, https:\/\/i0.wp.com\/victoriavynn.ca\/wp-content\/uploads\/2024\/05\/np-30-18-1_result-800x800-1.jpg?fit=800%2C800&ssl=1&resize=700%2C400 2x"},"classes":[]},{"id":13265,"url":"https:\/\/victoriavynn.ca\/fr\/product\/staleks-pro-podo-disc-buffers-professional\/","url_meta":{"origin":11001,"position":3},"title":"Staleks Pro \u00c9ponges abrasives jetables (tampons) pour p\u00e9dicure PodoDisc","author":"Serge Sahakian","date":"juin 28, 2023","format":false,"excerpt":"Les tampons Ultimate Staleks PRO Podo Disc sont parmi les outils les plus efficaces et les plus professionnels qu'un technicien de l'ongle puisse avoir !  3 tailles diff\u00e9rentes sont disponibles dans cette cat\u00e9gorie. Victoria VYNN s'est associ\u00e9e \u00e0 Staleks au Canada pour fournir un ensemble complet de produits professionnels afin de rendre le travail de...","rel":"","context":"Similar post","block_context":{"text":"Similar post","link":""},"img":{"alt_text":"Staleks pro podo disc buffers replaceable disposable file sponges","src":"https:\/\/i0.wp.com\/victoriavynn.ca\/wp-content\/uploads\/2023\/06\/staleks-pro-podo-disc-buffers-replaceable-disposable-file-sponges.jpg?fit=750%2C1000&ssl=1&resize=350%2C200","width":350,"height":200,"srcset":"https:\/\/i0.wp.com\/victoriavynn.ca\/wp-content\/uploads\/2023\/06\/staleks-pro-podo-disc-buffers-replaceable-disposable-file-sponges.jpg?fit=750%2C1000&ssl=1&resize=350%2C200 1x, https:\/\/i0.wp.com\/victoriavynn.ca\/wp-content\/uploads\/2023\/06\/staleks-pro-podo-disc-buffers-replaceable-disposable-file-sponges.jpg?fit=750%2C1000&ssl=1&resize=525%2C300 1.5x, https:\/\/i0.wp.com\/victoriavynn.ca\/wp-content\/uploads\/2023\/06\/staleks-pro-podo-disc-buffers-replaceable-disposable-file-sponges.jpg?fit=750%2C1000&ssl=1&resize=700%2C400 2x"},"classes":[]},{"id":13048,"url":"https:\/\/victoriavynn.ca\/fr\/product\/staleks-podo-disc-professional-use\/","url_meta":{"origin":11001,"position":4},"title":"Staleks Pro Pedicure Disc PodoDisc Set complet","author":"Serge Sahakian","date":"juin 23, 2023","format":false,"excerpt":"Le PodoDisc Ultimate Staleks est un best-seller ! Le pack comprend le PodoDisc + 5 limes abrasives jetables avec un grain de 180. Victoria VYNN s'est associ\u00e9e \u00e0 Staleks au Canada pour fournir un ensemble complet de produits professionnels afin de rendre le travail de la technicienne en ongles compl\u00e8tement id\u00e9al. Compatible avec :...","rel":"","context":"Similar post","block_context":{"text":"Similar post","link":""},"img":{"alt_text":"Staleks podo disc PDset Professional Use Pedicure","src":"https:\/\/i0.wp.com\/victoriavynn.ca\/wp-content\/uploads\/2023\/06\/stalek-podo-disc-pdset-professional-use-pedicure-1-1.webp?fit=750%2C1000&ssl=1&resize=350%2C200","width":350,"height":200,"srcset":"https:\/\/i0.wp.com\/victoriavynn.ca\/wp-content\/uploads\/2023\/06\/stalek-podo-disc-pdset-professional-use-pedicure-1-1.webp?fit=750%2C1000&ssl=1&resize=350%2C200 1x, https:\/\/i0.wp.com\/victoriavynn.ca\/wp-content\/uploads\/2023\/06\/stalek-podo-disc-pdset-professional-use-pedicure-1-1.webp?fit=750%2C1000&ssl=1&resize=525%2C300 1.5x, https:\/\/i0.wp.com\/victoriavynn.ca\/wp-content\/uploads\/2023\/06\/stalek-podo-disc-pdset-professional-use-pedicure-1-1.webp?fit=750%2C1000&ssl=1&resize=700%2C400 2x"},"classes":[]},{"id":13434,"url":"https:\/\/victoriavynn.ca\/fr\/product\/staleks-pro-curette-pedicure-tool-podo-10\/","url_meta":{"origin":11001,"position":5},"title":"Staleks PRO Outil de p\u00e9dicure Podo 10 Curette \u00e0 double extr\u00e9mit\u00e9","author":"Serge Sahakian","date":"juin 29, 2023","format":false,"excerpt":"Staleks PRO Curette Pedicure Tool - Double Ended. La marque d'outils de p\u00e9dicure pr\u00e9f\u00e9r\u00e9e des podiatres. Victoria VYNN s'est associ\u00e9e \u00e0 Staleks au Canada pour fournir un ensemble complet de produits professionnels afin de rendre le travail de la technicienne en ongles compl\u00e8tement id\u00e9al. Sp\u00e9cifications du produit : \u00a0 \u00a0 \u00a0 \u00a0 \u00a0","rel":"","context":"Similar post","block_context":{"text":"Similar post","link":""},"img":{"alt_text":"Staleks PRO Pedicure tool Podo 10 Double Ended Curette Type 1","src":"https:\/\/i0.wp.com\/victoriavynn.ca\/wp-content\/uploads\/2023\/06\/staleks-pro-pedicure-tool-podo-10-double-ended-curette-type-1-1-3.webp?fit=750%2C1000&ssl=1&resize=350%2C200","width":350,"height":200,"srcset":"https:\/\/i0.wp.com\/victoriavynn.ca\/wp-content\/uploads\/2023\/06\/staleks-pro-pedicure-tool-podo-10-double-ended-curette-type-1-1-3.webp?fit=750%2C1000&ssl=1&resize=350%2C200 1x, https:\/\/i0.wp.com\/victoriavynn.ca\/wp-content\/uploads\/2023\/06\/staleks-pro-pedicure-tool-podo-10-double-ended-curette-type-1-1-3.webp?fit=750%2C1000&ssl=1&resize=525%2C300 1.5x, https:\/\/i0.wp.com\/victoriavynn.ca\/wp-content\/uploads\/2023\/06\/staleks-pro-pedicure-tool-podo-10-double-ended-curette-type-1-1-3.webp?fit=750%2C1000&ssl=1&resize=700%2C400 2x"},"classes":[]}],"jetpack_sharing_enabled":true,"_links":{"self":[{"href":"https:\/\/victoriavynn.ca\/fr\/wp-json\/wp\/v2\/product\/11001","targetHints":{"allow":["GET"]}}],"collection":[{"href":"https:\/\/victoriavynn.ca\/fr\/wp-json\/wp\/v2\/product"}],"about":[{"href":"https:\/\/victoriavynn.ca\/fr\/wp-json\/wp\/v2\/types\/product"}],"replies":[{"embeddable":true,"href":"https:\/\/victoriavynn.ca\/fr\/wp-json\/wp\/v2\/comments?post=11001"}],"wp:featuredmedia":[{"embeddable":true,"href":"https:\/\/victoriavynn.ca\/fr\/wp-json\/wp\/v2\/media\/11861"}],"wp:attachment":[{"href":"https:\/\/victoriavynn.ca\/fr\/wp-json\/wp\/v2\/media?parent=11001"}],"wp:term":[{"taxonomy":"product_brand","embeddable":true,"href":"https:\/\/victoriavynn.ca\/fr\/wp-json\/wp\/v2\/product_brand?post=11001"},{"taxonomy":"product_cat","embeddable":true,"href":"https:\/\/victoriavynn.ca\/fr\/wp-json\/wp\/v2\/product_cat?post=11001"},{"taxonomy":"product_tag","embeddable":true,"href":"https:\/\/victoriavynn.ca\/fr\/wp-json\/wp\/v2\/product_tag?post=11001"}],"curies":[{"name":"wp","href":"https:\/\/api.w.org\/{rel}","templated":true}]}}