{"id":1116,"date":"2020-03-11T19:39:02","date_gmt":"2020-03-11T23:39:02","guid":{"rendered":"https:\/\/victoriavynn.ca\/?post_type=product&#038;p=1116"},"modified":"2025-02-12T10:16:36","modified_gmt":"2025-02-12T15:16:36","slug":"gel-araignee","status":"publish","type":"product","link":"https:\/\/victoriavynn.ca\/fr\/product\/spider-gel\/","title":{"rendered":"Gel araign\u00e9e"},"content":{"rendered":"<p>Victoria VYNN Spider Gel est un gel flexible pour la d\u00e9coration, parfait pour r\u00e9aliser un nail art spectaculaire et, en m\u00eame temps, tr\u00e8s rapide. Sa consistance dense et caoutchouteuse vous permet de r\u00e9aliser des lignes parfaitement droites et tout motif g\u00e9om\u00e9trique. Il peut \u00eatre appliqu\u00e9 sur des vernis gel, gel acrylique et hybrides. Il poss\u00e8de une couche de dispersion, qui permet de faire p\u00e9n\u00e9trer la poussi\u00e8re. N\u00e9cessite une protection avec un top hybride. Le gel Victoria VYNN Spider est polym\u00e9ris\u00e9 sous lampe UV et LED.<\/p>\n<p>Victoria VYNN, la marque de vernis \u00e0 gel la plus vendue au Canada, fournit aux proth\u00e9sistes ongulaires et aux professionnels des produits de haute qualit\u00e9 pour cr\u00e9er des finitions \u00e9tonnantes de nail art. V\u00e9rifiez notre site fr\u00e9quemment pour les nouveaux produits !<\/p>\n<p>Nous sommes convaincus que chaque femme poss\u00e8de un \u00e9norme potentiel que nous voulons lib\u00e9rer. Nous veillons \u00e0 ce que, gr\u00e2ce \u00e0 des ongles \u00e9tonnants, les femmes d\u00e9couvrent ce pouvoir en elles et soient pr\u00eates \u00e0 toutes les situations, courageuses et belles !<\/p>","protected":false},"excerpt":{"rendered":"<p>Victoria VYNN Spider Gel est un gel flexible pour la d\u00e9coration, parfait pour r\u00e9aliser un nail art spectaculaire et, en m\u00eame temps, tr\u00e8s rapide. Sa consistance dense et caoutchouteuse vous permet de r\u00e9aliser des lignes parfaitement droites et tout motif g\u00e9om\u00e9trique. Il peut \u00eatre appliqu\u00e9 sur des vernis gel, gel acrylique et hybrides. Il poss\u00e8de une couche de dispersion, qui permet de faire p\u00e9n\u00e9trer la poussi\u00e8re. N\u00e9cessite une protection avec un top hybride. Le gel Victoria VYNN Spider est polym\u00e9ris\u00e9 sous lampe UV et LED.<\/p>\n<p>Victoria VYNN, la marque de vernis \u00e0 gel la plus vendue au Canada, fournit aux proth\u00e9sistes ongulaires et aux professionnels des produits de haute qualit\u00e9 pour cr\u00e9er des finitions \u00e9tonnantes de nail art. V\u00e9rifiez notre site fr\u00e9quemment pour les nouveaux produits !<\/p>","protected":false},"featured_media":7090,"comment_status":"open","ping_status":"closed","template":"","meta":{"jetpack_post_was_ever_published":false,"jetpack_publicize_message":"","jetpack_publicize_feature_enabled":true,"jetpack_social_post_already_shared":false,"jetpack_social_options":{"image_generator_settings":{"template":"highway","default_image_id":0,"font":"","enabled":false},"version":2}},"product_brand":[],"product_cat":[24],"product_tag":[604,86],"class_list":{"0":"post-1116","1":"product","2":"type-product","3":"status-publish","4":"has-post-thumbnail","6":"product_cat-spider-gel-nails","7":"product_tag-nail-art","8":"product_tag-spider-gel-colors","9":"product_shipping_class-cardboard-box","10":"pa_size-5ml","12":"first","13":"outofstock","14":"taxable","15":"shipping-taxable","16":"purchasable","17":"product-type-variable","18":"wvs-archive-product-wrapper"},"jetpack_publicize_connections":[],"jetpack-related-posts":[{"id":1706,"url":"https:\/\/victoriavynn.ca\/fr\/product\/nail-prep-nail-dehydrator\/","url_meta":{"origin":1116,"position":0},"title":"Pr\u00e9paration des ongles de salon (d\u00e9shydrateur d'ongles)","author":"Serge Sahakian","date":"mars 17, 2020","format":false,"excerpt":"Victoria VYNN Nail Prep est le d\u00e9shydrateur d'ongles le plus connu. Une pr\u00e9paration professionnelle pour d\u00e9graisser les ongles. Victoria VYNN, la marque de vernis gel la plus vendue au Canada, fournit aux proth\u00e9sistes ongulaires et aux professionnels des produits de haute qualit\u00e9 pour cr\u00e9er des finitions d'art de l'ongle \u00e9tonnantes. Consultez notre site fr\u00e9quemment pour les nouveaux produits !","rel":"","context":"Similar post","block_context":{"text":"Similar post","link":""},"img":{"alt_text":"victoria vynn nail prep salon dehydrator 15ml new","src":"https:\/\/i0.wp.com\/victoriavynn.ca\/wp-content\/uploads\/2020\/03\/victoria-vynn-nail-prep-salon-dehydrator-15ml-new.webp?fit=750%2C1000&ssl=1&resize=350%2C200","width":350,"height":200,"srcset":"https:\/\/i0.wp.com\/victoriavynn.ca\/wp-content\/uploads\/2020\/03\/victoria-vynn-nail-prep-salon-dehydrator-15ml-new.webp?fit=750%2C1000&ssl=1&resize=350%2C200 1x, https:\/\/i0.wp.com\/victoriavynn.ca\/wp-content\/uploads\/2020\/03\/victoria-vynn-nail-prep-salon-dehydrator-15ml-new.webp?fit=750%2C1000&ssl=1&resize=525%2C300 1.5x, https:\/\/i0.wp.com\/victoriavynn.ca\/wp-content\/uploads\/2020\/03\/victoria-vynn-nail-prep-salon-dehydrator-15ml-new.webp?fit=750%2C1000&ssl=1&resize=700%2C400 2x"},"classes":[]},{"id":1694,"url":"https:\/\/victoriavynn.ca\/fr\/product\/non-acid-bonder\/","url_meta":{"origin":1116,"position":1},"title":"Ruban adh\u00e9sif pour vernis \u00e0 ongles de salon","author":"Serge Sahakian","date":"mars 17, 2020","format":false,"excerpt":"Victoria VYNN Tape Bond est un produit sans acide qui augmente l'adh\u00e9rence des produits \u00e0 la plaque de l'ongle naturel. Le liant non acide est la base de l'ensemble de la conception, fusionne parfaitement les ongles naturels avec une base hybride, gel ou acrylique-gel. La marque de vernis gel la plus vendue au Canada, Victoria VYNN, offre...","rel":"","context":"Similar post","block_context":{"text":"Similar post","link":""},"img":{"alt_text":"victoria vynn tape bond 8ml new","src":"https:\/\/i0.wp.com\/victoriavynn.ca\/wp-content\/uploads\/2024\/04\/victoria-vynn-tape-bond-8ml-new.webp?fit=750%2C1000&ssl=1&resize=350%2C200","width":350,"height":200,"srcset":"https:\/\/i0.wp.com\/victoriavynn.ca\/wp-content\/uploads\/2024\/04\/victoria-vynn-tape-bond-8ml-new.webp?fit=750%2C1000&ssl=1&resize=350%2C200 1x, https:\/\/i0.wp.com\/victoriavynn.ca\/wp-content\/uploads\/2024\/04\/victoria-vynn-tape-bond-8ml-new.webp?fit=750%2C1000&ssl=1&resize=525%2C300 1.5x, https:\/\/i0.wp.com\/victoriavynn.ca\/wp-content\/uploads\/2024\/04\/victoria-vynn-tape-bond-8ml-new.webp?fit=750%2C1000&ssl=1&resize=700%2C400 2x"},"classes":[]},{"id":541,"url":"https:\/\/victoriavynn.ca\/fr\/product\/primer-acid\/","url_meta":{"origin":1116,"position":2},"title":"Acide primaire","author":"Serge Sahakian","date":"novembre 24, 2019","format":false,"excerpt":"Victoria VYNN Primer Acid est un produit acide avec un effet mordant. Il est destin\u00e9 aux ongles exigeants. Il lie fortement la plaque de l'ongle avec une base hybride, gel ou acrylique-gel. La marque de vernis gel la plus vendue au Canada, Victoria VYNN, fournit aux proth\u00e9sistes ongulaires et aux professionnels des produits de haute qualit\u00e9 pour les ongles...","rel":"","context":"Similar post","block_context":{"text":"Similar post","link":""},"img":{"alt_text":"victoria vynn salon primer","src":"https:\/\/i0.wp.com\/victoriavynn.ca\/wp-content\/uploads\/2019\/11\/victoria-vynn-salon-primer.webp?fit=750%2C1000&ssl=1&resize=350%2C200","width":350,"height":200,"srcset":"https:\/\/i0.wp.com\/victoriavynn.ca\/wp-content\/uploads\/2019\/11\/victoria-vynn-salon-primer.webp?fit=750%2C1000&ssl=1&resize=350%2C200 1x, https:\/\/i0.wp.com\/victoriavynn.ca\/wp-content\/uploads\/2019\/11\/victoria-vynn-salon-primer.webp?fit=750%2C1000&ssl=1&resize=525%2C300 1.5x, https:\/\/i0.wp.com\/victoriavynn.ca\/wp-content\/uploads\/2019\/11\/victoria-vynn-salon-primer.webp?fit=750%2C1000&ssl=1&resize=700%2C400 2x"},"classes":[]},{"id":971,"url":"https:\/\/victoriavynn.ca\/fr\/product\/diamond-nails-brillant-gel-victoria-vynn\/","url_meta":{"origin":1116,"position":3},"title":"Gel Brillant (Effet Diamant sur les ongles)","author":"Serge Sahakian","date":"mars 1, 2020","format":false,"excerpt":"What is gem nails?! Diamonds are made of diamonds! And this is exactly the effect our new Victoria VYNN Brillant Gel gives. This is what we call Diamond Nails! The phenomenal collection is a gallery of 56 colors, the beauty of which is transferred to the nails, arouses unique emotions\u2026","rel":"","context":"Similar post","block_context":{"text":"Similar post","link":""},"img":{"alt_text":"Victoria VYNN Brillant Gel 36 Aragonite Glitter Gel diamond nails","src":"https:\/\/i0.wp.com\/victoriavynn.ca\/wp-content\/uploads\/2023\/10\/victoria-vynn-brillant-gel-36-aragonite-glitter-gel.webp?fit=750%2C1000&ssl=1&resize=350%2C200","width":350,"height":200,"srcset":"https:\/\/i0.wp.com\/victoriavynn.ca\/wp-content\/uploads\/2023\/10\/victoria-vynn-brillant-gel-36-aragonite-glitter-gel.webp?fit=750%2C1000&ssl=1&resize=350%2C200 1x, https:\/\/i0.wp.com\/victoriavynn.ca\/wp-content\/uploads\/2023\/10\/victoria-vynn-brillant-gel-36-aragonite-glitter-gel.webp?fit=750%2C1000&ssl=1&resize=525%2C300 1.5x, https:\/\/i0.wp.com\/victoriavynn.ca\/wp-content\/uploads\/2023\/10\/victoria-vynn-brillant-gel-36-aragonite-glitter-gel.webp?fit=750%2C1000&ssl=1&resize=700%2C400 2x"},"classes":[]},{"id":2884,"url":"https:\/\/victoriavynn.ca\/fr\/product\/victoria-vynn-nail-art-gel-3d-smart-white\/","url_meta":{"origin":1116,"position":4},"title":"Gel de salon 3D UV\/LED Smart White","author":"Serge Sahakian","date":"ao\u00fbt 18, 2022","format":false,"excerpt":"Le gel blanc neige et cr\u00e9meux avec une couche de dispersion est parfait pour cr\u00e9er une ligne de sourire pr\u00e9cise dans une manucure fran\u00e7aise. Les gels \u00e0 forte pigmentation sont recommand\u00e9s pour les d\u00e9corations ou comme couche uniforme sur les ongles. Les couleurs peuvent \u00eatre combin\u00e9es entre elles, avec des vernis hybrides, ainsi qu'avec un top hybride. La consistance \u00e9paisse et cr\u00e9meuse...","rel":"","context":"Similar post","block_context":{"text":"Similar post","link":""},"img":{"alt_text":"nail art gel","src":"https:\/\/i0.wp.com\/victoriavynn.ca\/wp-content\/uploads\/2022\/08\/art-gel-3d-smart-white-5ml.jpeg?fit=753%2C753&ssl=1&resize=350%2C200","width":350,"height":200,"srcset":"https:\/\/i0.wp.com\/victoriavynn.ca\/wp-content\/uploads\/2022\/08\/art-gel-3d-smart-white-5ml.jpeg?fit=753%2C753&ssl=1&resize=350%2C200 1x, https:\/\/i0.wp.com\/victoriavynn.ca\/wp-content\/uploads\/2022\/08\/art-gel-3d-smart-white-5ml.jpeg?fit=753%2C753&ssl=1&resize=525%2C300 1.5x, https:\/\/i0.wp.com\/victoriavynn.ca\/wp-content\/uploads\/2022\/08\/art-gel-3d-smart-white-5ml.jpeg?fit=753%2C753&ssl=1&resize=700%2C400 2x"},"classes":[]},{"id":1686,"url":"https:\/\/victoriavynn.ca\/fr\/product\/victoria-vynn-salon-gel-polish-hybrid-base-easy-removal\/","url_meta":{"origin":1116,"position":5},"title":"Base hybride pour vernis \u00e0 ongles de salon, facile \u00e0 retirer","author":"Serge Sahakian","date":"mars 17, 2020","format":false,"excerpt":"Victoria VYNN Salon Gel Polish","rel":"","context":"Similar post","block_context":{"text":"Similar post","link":""},"img":{"alt_text":"","src":"https:\/\/i0.wp.com\/victoriavynn.ca\/wp-content\/uploads\/2020\/03\/gel-polish-hybrid-base.jpg?fit=753%2C753&ssl=1&resize=350%2C200","width":350,"height":200,"srcset":"https:\/\/i0.wp.com\/victoriavynn.ca\/wp-content\/uploads\/2020\/03\/gel-polish-hybrid-base.jpg?fit=753%2C753&ssl=1&resize=350%2C200 1x, https:\/\/i0.wp.com\/victoriavynn.ca\/wp-content\/uploads\/2020\/03\/gel-polish-hybrid-base.jpg?fit=753%2C753&ssl=1&resize=525%2C300 1.5x, https:\/\/i0.wp.com\/victoriavynn.ca\/wp-content\/uploads\/2020\/03\/gel-polish-hybrid-base.jpg?fit=753%2C753&ssl=1&resize=700%2C400 2x"},"classes":[]}],"jetpack_sharing_enabled":true,"_links":{"self":[{"href":"https:\/\/victoriavynn.ca\/fr\/wp-json\/wp\/v2\/product\/1116","targetHints":{"allow":["GET"]}}],"collection":[{"href":"https:\/\/victoriavynn.ca\/fr\/wp-json\/wp\/v2\/product"}],"about":[{"href":"https:\/\/victoriavynn.ca\/fr\/wp-json\/wp\/v2\/types\/product"}],"replies":[{"embeddable":true,"href":"https:\/\/victoriavynn.ca\/fr\/wp-json\/wp\/v2\/comments?post=1116"}],"wp:featuredmedia":[{"embeddable":true,"href":"https:\/\/victoriavynn.ca\/fr\/wp-json\/wp\/v2\/media\/7090"}],"wp:attachment":[{"href":"https:\/\/victoriavynn.ca\/fr\/wp-json\/wp\/v2\/media?parent=1116"}],"wp:term":[{"taxonomy":"product_brand","embeddable":true,"href":"https:\/\/victoriavynn.ca\/fr\/wp-json\/wp\/v2\/product_brand?post=1116"},{"taxonomy":"product_cat","embeddable":true,"href":"https:\/\/victoriavynn.ca\/fr\/wp-json\/wp\/v2\/product_cat?post=1116"},{"taxonomy":"product_tag","embeddable":true,"href":"https:\/\/victoriavynn.ca\/fr\/wp-json\/wp\/v2\/product_tag?post=1116"}],"curies":[{"name":"wp","href":"https:\/\/api.w.org\/{rel}","templated":true}]}}