{"id":11286,"date":"2023-04-13T23:04:59","date_gmt":"2023-04-14T03:04:59","guid":{"rendered":"https:\/\/victoriavynn.ca\/product\/victoria-vynn-professional-drill-bit-diamond-small-flame-1-6mm\/"},"modified":"2026-03-22T14:10:51","modified_gmt":"2026-03-22T18:10:51","slug":"foret-professionnel-a-petite-flamme-1-6mm","status":"publish","type":"product","link":"https:\/\/victoriavynn.ca\/fr\/product\/professional-small-flame-drill-bit-1-6mm\/","title":{"rendered":"Victoria VYNN Professional Drill Bit Diamond Small Flame 1.6mm"},"content":{"rendered":"<p>Le meilleur foret professionnel \u00e0 petite flamme. Longue dur\u00e9e de vie et super efficace.<\/p>\n<p>Il est parfait pour les manucures combin\u00e9es. Il \u00e9limine avec pr\u00e9cision les cuticules et nettoie les plis p\u00e9riungu\u00e9aux des mains et des pieds. La forme de flamme permet de repousser et de soulever d\u00e9licatement les cuticules. Il permet de retirer les cuticules dans les zones difficiles d'acc\u00e8s.<\/p>\n<p>La pr\u00e9paration de la plaque de l'ongle est une \u00e9tape obligatoire qui ne doit pas \u00eatre n\u00e9glig\u00e9e ! Si l'on veut obtenir un dessin beau et durable, il faut travailler soigneusement les ongles et les cuticules qui les entourent. Des outils de manucure et de p\u00e9dicure de qualit\u00e9 et bien adapt\u00e9s vous permettront d'obtenir rapidement l'effet d\u00e9sir\u00e9. Familiarisez-vous avec notre offre et concentrez-vous sur le confort du travail !<\/p>","protected":false},"excerpt":{"rendered":"<p>Le meilleur foret professionnel \u00e0 petite flamme. Longue dur\u00e9e de vie et super efficace. Il est parfait pour les manucures combin\u00e9es. Enl\u00e8ve avec pr\u00e9cision les cuticules et nettoie les plis p\u00e9riungu\u00e9aux des mains et des pieds. La forme de la flamme permet de repousser et de soulever d\u00e9licatement les cuticules. Il permet de retirer les cuticules dans les zones difficiles d'acc\u00e8s.<\/p>\n<p>Sp\u00e9cifications du produit :<\/p>\n<p><img loading=\"lazy\" decoding=\"async\" class=\"size-full wp-image-8772 alignleft\" src=\"https:\/\/victoriavynn.ca\/wp-content\/uploads\/2019\/11\/SALON-QUALITY.webp\" alt=\"GEL NAIL BUILDER\" width=\"125\" height=\"150\" \/><\/p>\n<p><img loading=\"lazy\" decoding=\"async\" class=\"size-full wp-image-11515 alignleft\" src=\"https:\/\/victoriavynn.ca\/wp-content\/uploads\/2023\/04\/STRONG-DURABLE.webp\" alt=\"SOLIDE ET DURABLE\" width=\"125\" height=\"150\" srcset=\"https:\/\/i0.wp.com\/victoriavynn.ca\/wp-content\/uploads\/2023\/04\/STRONG-DURABLE.webp?w=125&amp;ssl=1 125w, https:\/\/i0.wp.com\/victoriavynn.ca\/wp-content\/uploads\/2023\/04\/STRONG-DURABLE.webp?resize=10%2C12&amp;ssl=1 10w\" sizes=\"auto, (max-width: 125px) 100vw, 125px\" \/><\/p>\n<p><img loading=\"lazy\" decoding=\"async\" class=\"size-full wp-image-11627 alignleft\" src=\"https:\/\/victoriavynn.ca\/wp-content\/uploads\/2023\/04\/DIAMOND-MATERIAL.webp\" alt=\"MAT\u00c9RIAU EN DIAMANT\" width=\"125\" height=\"150\" srcset=\"https:\/\/i0.wp.com\/victoriavynn.ca\/wp-content\/uploads\/2023\/04\/DIAMOND-MATERIAL.webp?w=125&amp;ssl=1 125w, https:\/\/i0.wp.com\/victoriavynn.ca\/wp-content\/uploads\/2023\/04\/DIAMOND-MATERIAL.webp?resize=10%2C12&amp;ssl=1 10w\" sizes=\"auto, (max-width: 125px) 100vw, 125px\" \/><\/p>\n<p>&nbsp;<\/p>\n<p>&nbsp;<\/p>\n<p>&nbsp;<\/p>\n<p>&nbsp;<\/p>\n<p>&nbsp;<\/p>\n<p>&nbsp;<\/p>\n<p>&nbsp;<\/p>\n<p>&nbsp;<\/p>","protected":false},"featured_media":11674,"comment_status":"open","ping_status":"closed","template":"","meta":{"jetpack_post_was_ever_published":false,"jetpack_publicize_message":"","jetpack_publicize_feature_enabled":true,"jetpack_social_post_already_shared":false,"jetpack_social_options":{"image_generator_settings":{"template":"highway","default_image_id":0,"font":"","enabled":false},"version":2}},"product_brand":[],"product_cat":[571],"product_tag":[602,331,600],"class_list":{"0":"post-11286","1":"product","2":"type-product","3":"status-publish","4":"has-post-thumbnail","6":"product_cat-victoria-vynn-professional-nail-drill-bits","7":"product_tag-diamond-drill-bit","8":"product_tag-diamond-nail-drill-bit-flame","9":"product_tag-drill-bits","10":"product_shipping_class-cardboard-box","11":"pa_size-head-diameter-1-6-mm-working-part-3-5mm","13":"first","14":"instock","15":"taxable","16":"shipping-taxable","17":"purchasable","18":"product-type-simple"},"jetpack_publicize_connections":[],"jetpack-related-posts":[{"id":11376,"url":"https:\/\/victoriavynn.ca\/fr\/product\/best-professional-flame-nail-drill-bit-2-1\/","url_meta":{"origin":11286,"position":0},"title":"Victoria VYNN Professional Drill Bit Diamond Groove Flame 2.1mm","author":"Serge Sahakian","date":"avril 13, 2023","format":false,"excerpt":"Le meilleur foret professionnel pour ongles. Longue dur\u00e9e et super efficace. Victoria VYNN est la marque de fournitures pour ongles de salon la plus vendue au Canada. Sp\u00e9cifications du produit : \u00a0 \u00a0 \u00a0 \u00a0 \u00a0 \u00a0 \u00a0 \u00a0","rel":"","context":"Similar post","block_context":{"text":"Similar post","link":""},"img":{"alt_text":"Best Professional Flame Nail Drill Bit Victoria VYNN Groove 2.1","src":"https:\/\/i0.wp.com\/victoriavynn.ca\/wp-content\/uploads\/2023\/04\/Best-Professional-Flame-Nail-Drill-Bit-Victoria-VYNN-Grrove-2.1.webp?fit=750%2C1000&ssl=1&resize=350%2C200","width":350,"height":200,"srcset":"https:\/\/i0.wp.com\/victoriavynn.ca\/wp-content\/uploads\/2023\/04\/Best-Professional-Flame-Nail-Drill-Bit-Victoria-VYNN-Grrove-2.1.webp?fit=750%2C1000&ssl=1&resize=350%2C200 1x, https:\/\/i0.wp.com\/victoriavynn.ca\/wp-content\/uploads\/2023\/04\/Best-Professional-Flame-Nail-Drill-Bit-Victoria-VYNN-Grrove-2.1.webp?fit=750%2C1000&ssl=1&resize=525%2C300 1.5x, https:\/\/i0.wp.com\/victoriavynn.ca\/wp-content\/uploads\/2023\/04\/Best-Professional-Flame-Nail-Drill-Bit-Victoria-VYNN-Grrove-2.1.webp?fit=750%2C1000&ssl=1&resize=700%2C400 2x"},"classes":[]},{"id":11372,"url":"https:\/\/victoriavynn.ca\/fr\/product\/best-professional-mini-flame-drill-bit\/","url_meta":{"origin":11286,"position":1},"title":"Victoria VYNN Professional Drill Bit Diamond Flame 1.8mm","author":"Serge Sahakian","date":"avril 13, 2023","format":false,"excerpt":"Le meilleur mini-m\u00e8che \u00e0 flamme professionnelle. Longue dur\u00e9e et super efficace. Victoria VYNN est la marque de fournitures pour ongles de salon la plus vendue au Canada. Sp\u00e9cifications du produit : \u00a0 \u00a0 \u00a0 \u00a0 \u00a0 \u00a0 \u00a0 \u00a0","rel":"","context":"Similar post","block_context":{"text":"Similar post","link":""},"img":{"alt_text":"Victoria VYNN best professional mini flame drill bit 1.8mm","src":"https:\/\/i0.wp.com\/victoriavynn.ca\/wp-content\/uploads\/2023\/04\/Victoria-VYNN-best-professional-mini-flame-drill-bit-1.8mm.webp?fit=750%2C1000&ssl=1&resize=350%2C200","width":350,"height":200,"srcset":"https:\/\/i0.wp.com\/victoriavynn.ca\/wp-content\/uploads\/2023\/04\/Victoria-VYNN-best-professional-mini-flame-drill-bit-1.8mm.webp?fit=750%2C1000&ssl=1&resize=350%2C200 1x, https:\/\/i0.wp.com\/victoriavynn.ca\/wp-content\/uploads\/2023\/04\/Victoria-VYNN-best-professional-mini-flame-drill-bit-1.8mm.webp?fit=750%2C1000&ssl=1&resize=525%2C300 1.5x, https:\/\/i0.wp.com\/victoriavynn.ca\/wp-content\/uploads\/2023\/04\/Victoria-VYNN-best-professional-mini-flame-drill-bit-1.8mm.webp?fit=750%2C1000&ssl=1&resize=700%2C400 2x"},"classes":[]},{"id":11284,"url":"https:\/\/victoriavynn.ca\/fr\/product\/best-professional-small-ball-drill-bit\/","url_meta":{"origin":11286,"position":2},"title":"Victoria VYNN Professional Drill Bit Diamond Small Ball 3.3mm","author":"Serge Sahakian","date":"avril 13, 2023","format":false,"excerpt":"Le meilleur foret professionnel \u00e0 petite bille. Longue dur\u00e9e de vie et super efficace. Le petit foret diamant\u00e9 en forme de boule est utilis\u00e9 pour enlever, nettoyer et lisser les plis p\u00e9riungu\u00e9aux. Victoria VYNN est la marque de fournitures de salon la plus vendue au Canada. Sp\u00e9cifications du produit : \u00a0 \u00a0 \u00a0 \u00a0 \u00a0 \u00a0 \u00a0 \u00a0","rel":"","context":"Similar post","block_context":{"text":"Similar post","link":""},"img":{"alt_text":"Victoria VYNN best professional small ball drill bit 3.3mm","src":"https:\/\/i0.wp.com\/victoriavynn.ca\/wp-content\/uploads\/2023\/04\/Victoria-VYNN-best-professional-small-ball-drill-bit-3.3mm.webp?fit=750%2C1000&ssl=1&resize=350%2C200","width":350,"height":200,"srcset":"https:\/\/i0.wp.com\/victoriavynn.ca\/wp-content\/uploads\/2023\/04\/Victoria-VYNN-best-professional-small-ball-drill-bit-3.3mm.webp?fit=750%2C1000&ssl=1&resize=350%2C200 1x, https:\/\/i0.wp.com\/victoriavynn.ca\/wp-content\/uploads\/2023\/04\/Victoria-VYNN-best-professional-small-ball-drill-bit-3.3mm.webp?fit=750%2C1000&ssl=1&resize=525%2C300 1.5x, https:\/\/i0.wp.com\/victoriavynn.ca\/wp-content\/uploads\/2023\/04\/Victoria-VYNN-best-professional-small-ball-drill-bit-3.3mm.webp?fit=750%2C1000&ssl=1&resize=700%2C400 2x"},"classes":[]},{"id":11366,"url":"https:\/\/victoriavynn.ca\/fr\/product\/best-professional-carbide-nail-drill-bit\/","url_meta":{"origin":11286,"position":3},"title":"Victoria VYNN Professional Drill Bit Carbide Volcano 7mm","author":"Serge Sahakian","date":"avril 13, 2023","format":false,"excerpt":"Le meilleur foret professionnel en carbure pour ongles - Format Volcano. Principalement utilis\u00e9 pour enlever le vernis en gel, le gel et l'acrylique. Longue dur\u00e9e de vie et super efficace. Le foret en carbure en forme de c\u00f4ne arrondi est fabriqu\u00e9 en carbure fritt\u00e9, une mati\u00e8re premi\u00e8re extr\u00eamement durable. Destin\u00e9 \u00e0 l'\u00e9limination des vernis hybrides, des gels et...","rel":"","context":"Similar post","block_context":{"text":"Similar post","link":""},"img":{"alt_text":"VICTORIA VYNN best professional carbide nail drill bit 7mm","src":"https:\/\/i0.wp.com\/victoriavynn.ca\/wp-content\/uploads\/2023\/04\/best-professional-carbide-nail-drill-bit-7mm.webp?fit=750%2C1000&ssl=1&resize=350%2C200","width":350,"height":200,"srcset":"https:\/\/i0.wp.com\/victoriavynn.ca\/wp-content\/uploads\/2023\/04\/best-professional-carbide-nail-drill-bit-7mm.webp?fit=750%2C1000&ssl=1&resize=350%2C200 1x, https:\/\/i0.wp.com\/victoriavynn.ca\/wp-content\/uploads\/2023\/04\/best-professional-carbide-nail-drill-bit-7mm.webp?fit=750%2C1000&ssl=1&resize=525%2C300 1.5x, https:\/\/i0.wp.com\/victoriavynn.ca\/wp-content\/uploads\/2023\/04\/best-professional-carbide-nail-drill-bit-7mm.webp?fit=750%2C1000&ssl=1&resize=700%2C400 2x"},"classes":[]},{"id":11370,"url":"https:\/\/victoriavynn.ca\/fr\/product\/best-professional-ceramic-nail-drill-bit\/","url_meta":{"origin":11286,"position":4},"title":"Victoria VYNN Professional Drill Bit Ceramic Typhoon 6mm","author":"Serge Sahakian","date":"avril 13, 2023","format":false,"excerpt":"Le meilleur foret professionnel en c\u00e9ramique pour les ongles - Typhoon Format. Principalement utilis\u00e9 pour enlever le vernis en gel, le gel et l'acrylique. Longue dur\u00e9e de vie et super efficace. Le foret en c\u00e9ramique en forme de c\u00f4ne enl\u00e8ve avec pr\u00e9cision et rapidit\u00e9 le vernis hybride, le gel et la masse acrylique-gel. Lors du travail, le foret en c\u00e9ramique ne transf\u00e8re pas la chaleur...","rel":"","context":"Similar post","block_context":{"text":"Similar post","link":""},"img":{"alt_text":"best professional ceramic nail drill bit Typhoon 6mm","src":"https:\/\/i0.wp.com\/victoriavynn.ca\/wp-content\/uploads\/2023\/04\/best-professional-ceramic-nail-drill-bit.webp?fit=750%2C1000&ssl=1&resize=350%2C200","width":350,"height":200,"srcset":"https:\/\/i0.wp.com\/victoriavynn.ca\/wp-content\/uploads\/2023\/04\/best-professional-ceramic-nail-drill-bit.webp?fit=750%2C1000&ssl=1&resize=350%2C200 1x, https:\/\/i0.wp.com\/victoriavynn.ca\/wp-content\/uploads\/2023\/04\/best-professional-ceramic-nail-drill-bit.webp?fit=750%2C1000&ssl=1&resize=525%2C300 1.5x, https:\/\/i0.wp.com\/victoriavynn.ca\/wp-content\/uploads\/2023\/04\/best-professional-ceramic-nail-drill-bit.webp?fit=750%2C1000&ssl=1&resize=700%2C400 2x"},"classes":[]},{"id":43028,"url":"https:\/\/victoriavynn.ca\/fr\/product\/ulka-diamond-ball-bit-blue-4mm-b040-m\/","url_meta":{"origin":11286,"position":5},"title":"\u00dcLKA M\u00e8che \u00e0 clous diamant\u00e9e t\u00eate bleue diam\u00e8tre 4 mm (B040-M)","author":"Serge Sahakian","date":"D\u00e9cembre 10, 2025","format":false,"excerpt":"L'embout \u00e0 bille \u00dcLKA Diamond en marquage bleu est id\u00e9al pour traiter la zone de la cuticule et les parois lat\u00e9rales. Son grain moyen permet d'\u00e9quilibrer la pr\u00e9cision et l'efficacit\u00e9, garantissant une performance contr\u00f4l\u00e9e et fiable. Sp\u00e9cifications du produit : Forme : Boule Grain : Diam\u00e8tre moyen de la t\u00eate : 4,0 mm Mat\u00e9riau : Rev\u00eatement en diamant de haute qualit\u00e9 Couleur du grain : Bleu Code produit : B040-M","rel":"","context":"Similar post","block_context":{"text":"Similar post","link":""},"img":{"alt_text":"U\u0308LKA Diamond Nail Drill Bit Ball Blue Head 4 mm \u2013 B040-M","src":"https:\/\/i0.wp.com\/victoriavynn.ca\/wp-content\/uploads\/2025\/12\/ulka-diamond-nail-drill-bit-ball-blue-head-4-mm-%E2%80%93-b040-m.webp?fit=750%2C1000&ssl=1&resize=350%2C200","width":350,"height":200,"srcset":"https:\/\/i0.wp.com\/victoriavynn.ca\/wp-content\/uploads\/2025\/12\/ulka-diamond-nail-drill-bit-ball-blue-head-4-mm-%E2%80%93-b040-m.webp?fit=750%2C1000&ssl=1&resize=350%2C200 1x, https:\/\/i0.wp.com\/victoriavynn.ca\/wp-content\/uploads\/2025\/12\/ulka-diamond-nail-drill-bit-ball-blue-head-4-mm-%E2%80%93-b040-m.webp?fit=750%2C1000&ssl=1&resize=525%2C300 1.5x, https:\/\/i0.wp.com\/victoriavynn.ca\/wp-content\/uploads\/2025\/12\/ulka-diamond-nail-drill-bit-ball-blue-head-4-mm-%E2%80%93-b040-m.webp?fit=750%2C1000&ssl=1&resize=700%2C400 2x"},"classes":[]}],"jetpack_sharing_enabled":true,"_links":{"self":[{"href":"https:\/\/victoriavynn.ca\/fr\/wp-json\/wp\/v2\/product\/11286","targetHints":{"allow":["GET"]}}],"collection":[{"href":"https:\/\/victoriavynn.ca\/fr\/wp-json\/wp\/v2\/product"}],"about":[{"href":"https:\/\/victoriavynn.ca\/fr\/wp-json\/wp\/v2\/types\/product"}],"replies":[{"embeddable":true,"href":"https:\/\/victoriavynn.ca\/fr\/wp-json\/wp\/v2\/comments?post=11286"}],"wp:featuredmedia":[{"embeddable":true,"href":"https:\/\/victoriavynn.ca\/fr\/wp-json\/wp\/v2\/media\/11674"}],"wp:attachment":[{"href":"https:\/\/victoriavynn.ca\/fr\/wp-json\/wp\/v2\/media?parent=11286"}],"wp:term":[{"taxonomy":"product_brand","embeddable":true,"href":"https:\/\/victoriavynn.ca\/fr\/wp-json\/wp\/v2\/product_brand?post=11286"},{"taxonomy":"product_cat","embeddable":true,"href":"https:\/\/victoriavynn.ca\/fr\/wp-json\/wp\/v2\/product_cat?post=11286"},{"taxonomy":"product_tag","embeddable":true,"href":"https:\/\/victoriavynn.ca\/fr\/wp-json\/wp\/v2\/product_tag?post=11286"}],"curies":[{"name":"wp","href":"https:\/\/api.w.org\/{rel}","templated":true}]}}