{"id":11306,"date":"2023-04-13T23:05:27","date_gmt":"2023-04-14T03:05:27","guid":{"rendered":"https:\/\/victoriavynn.ca\/product\/victoria-vynn-gel-polish-just-base-frozen\/"},"modified":"2026-02-23T12:02:52","modified_gmt":"2026-02-23T17:02:52","slug":"best-selling-lipgloss-nails-gel-just-base","status":"publish","type":"product","link":"https:\/\/victoriavynn.ca\/fr\/product\/best-selling-lipgloss-nails-gel-just-base\/","title":{"rendered":"Victoria VYNN Gel Polish Just Base"},"content":{"rendered":"<p>Une manucure r\u00e9alis\u00e9e \u00e0 l'aide d'une simple base et d'un top hybride est une tendance unique cette ann\u00e9e, sous le nom intrigant de \"Lipgloss Nails Gel\". Inspir\u00e9e du gloss, cette manucure est \u00e0 la fois subtile, naturelle et fabuleusement belle. Elle est parfaite pour tout type de manucure et convient aussi bien aux ongles longs qu'aux ongles courts. Cet effet exceptionnellement d\u00e9licat sera du plus bel effet sur les ongles de la mari\u00e9e.<\/p>\n<p>Les bases \"Lipgloss Nails Gel\" peuvent \u00eatre utilis\u00e9es pour renforcer et construire en douceur la plaque de l'ongle naturel. Les bases donnent un effet semi-transparent, cr\u00e9ant une manucure tr\u00e8s naturelle et brillante.<\/p>\n<p>Just Base partage les m\u00eames caract\u00e9ristiques que le <a href=\"https:\/\/victoriavynn.ca\/fr\/produit\/mega-base-rubber-base-coat\/\">Couche de base Mega Rubber<\/a> Just Base est une couche de base en caoutchouc multifonctionnelle, flexible et durable. La formule et les propri\u00e9t\u00e9s exceptionnelles de Just Base permettent d'\u00e9tendre la plaque de l'ongle jusqu'\u00e0 7 mm et de renforcer la plaque de l'ongle naturel. Gr\u00e2ce \u00e0 sa consistance \u00e9paisse et autonivelante, elle permet de fa\u00e7onner correctement la plaque de l'ongle et de construire l'apex.<\/p>\n<p>Ce produit est parfait pour les d\u00e9butantes et les proth\u00e9sistes ongulaires exp\u00e9riment\u00e9es. Utilis\u00e9 uniquement avec un Hybrid Top, Just Base donne \u00e0 la manucure un aspect sain et naturel. Durci dans une lampe LED \/ UV.<\/p>\n<ul>\n<li class=\"p1\">Plaque \u00e0 clous tremp\u00e9e et renforc\u00e9e<\/li>\n<li>Extension des plaques d'ongles naturelles, m\u00eame jusqu'\u00e0 7 mm<\/li>\n<li class=\"p1\">Contr\u00f4le total pendant l'application : ne coule pas et ne s'\u00e9coule pas dans les cuticules.<\/li>\n<li class=\"p1\">Cr\u00e9ation de la courbe C parfaite, gr\u00e2ce \u00e0 la consistance \u00e9paisse.<\/li>\n<li class=\"p1\">Manucure ultra-\u00e9lastique, r\u00e9sistant aux dommages physiques<\/li>\n<li class=\"p1\">N'est pas jaune<\/li>\n<li class=\"p1\">Temps de durcissement : Lampe LED 48W - 30 secondes Lampe LED 24W - 60 secondes, Lampe UV 36W - 120 secondes<\/li>\n<li class=\"p1\">3 couleurs - Rosen, Snowden et Frozen<\/li>\n<\/ul>","protected":false},"excerpt":{"rendered":"<p>Une manucure r\u00e9alis\u00e9e \u00e0 l'aide d'une simple base et d'un top hybride est une tendance unique cette ann\u00e9e, sous le nom intrigant de \"Lipgloss Nails Gel\". Inspir\u00e9e du gloss, cette manucure est \u00e0 la fois subtile, naturelle et fabuleusement belle. Elle est parfaite pour tout type de manucure et convient aussi bien aux ongles longs qu'aux ongles courts. Cet effet exceptionnellement d\u00e9licat sera du plus bel effet sur les ongles de la mari\u00e9e.<\/p>\n<p>Les bases \"Lipgloss Nails Gel\" peuvent \u00eatre utilis\u00e9es pour renforcer et construire en douceur la plaque de l'ongle naturel. Les bases donnent un effet semi-transparent, cr\u00e9ant une manucure tr\u00e8s naturelle et brillante.<\/p>\n<p>Just Base partage les m\u00eames caract\u00e9ristiques que le <a href=\"https:\/\/victoriavynn.ca\/fr\/produit\/mega-base-rubber-base-coat\/\">Couche de base Mega Rubber<\/a> Just Base est une couche de base en caoutchouc multifonctionnelle, flexible et durable. La formule et les propri\u00e9t\u00e9s exceptionnelles de Just Base permettent d'\u00e9tendre la plaque de l'ongle jusqu'\u00e0 7 mm et de renforcer la plaque de l'ongle naturel. Gr\u00e2ce \u00e0 sa consistance \u00e9paisse et autonivelante, elle permet de fa\u00e7onner correctement la plaque de l'ongle et de construire l'apex.<\/p>\n<p>Sp\u00e9cifications du produit :<\/p>\n<p><img loading=\"lazy\" decoding=\"async\" class=\"size-full wp-image-8463 alignleft\" src=\"https:\/\/victoriavynn.ca\/wp-content\/uploads\/2022\/12\/FOR-UV-AND-LED-LAMPS.png\" alt=\"\" width=\"125\" height=\"125\" srcset=\"https:\/\/i0.wp.com\/victoriavynn.ca\/wp-content\/uploads\/2022\/12\/FOR-UV-AND-LED-LAMPS.png?w=125&amp;ssl=1 125w, https:\/\/i0.wp.com\/victoriavynn.ca\/wp-content\/uploads\/2022\/12\/FOR-UV-AND-LED-LAMPS.png?resize=100%2C100&amp;ssl=1 100w, https:\/\/i0.wp.com\/victoriavynn.ca\/wp-content\/uploads\/2022\/12\/FOR-UV-AND-LED-LAMPS.png?resize=32%2C32&amp;ssl=1 32w, https:\/\/i0.wp.com\/victoriavynn.ca\/wp-content\/uploads\/2022\/12\/FOR-UV-AND-LED-LAMPS.png?resize=50%2C50&amp;ssl=1 50w\" sizes=\"auto, (max-width: 125px) 100vw, 125px\" \/><img loading=\"lazy\" decoding=\"async\" class=\"size-full wp-image-8759 alignleft\" src=\"https:\/\/victoriavynn.ca\/wp-content\/uploads\/2020\/03\/INCREASED-DURABILITY.webp\" alt=\"couche de base en caoutchouc\" width=\"125\" height=\"150\" \/><\/p>\n<p><img loading=\"lazy\" decoding=\"async\" class=\"size-full wp-image-11729 alignleft\" src=\"https:\/\/victoriavynn.ca\/wp-content\/uploads\/2023\/04\/PROPERTIES-OF-MEGA-RUBBER-BASE-COAT-1.webp\" alt=\"PROPRI\u00c9T\u00c9S DE LA COUCHE DE BASE EN M\u00c9GA-CAOUTCHOUC\" width=\"125\" height=\"150\" srcset=\"https:\/\/i0.wp.com\/victoriavynn.ca\/wp-content\/uploads\/2023\/04\/PROPERTIES-OF-MEGA-RUBBER-BASE-COAT-1.webp?w=125&amp;ssl=1 125w, https:\/\/i0.wp.com\/victoriavynn.ca\/wp-content\/uploads\/2023\/04\/PROPERTIES-OF-MEGA-RUBBER-BASE-COAT-1.webp?resize=10%2C12&amp;ssl=1 10w\" sizes=\"auto, (max-width: 125px) 100vw, 125px\" \/><\/p>\n<p><img loading=\"lazy\" decoding=\"async\" class=\"size-full wp-image-11730 alignleft\" src=\"https:\/\/victoriavynn.ca\/wp-content\/uploads\/2023\/04\/VICTORIA-VYNN-LIPGLOSS-NAILS-EFFECT-1.webp\" alt=\"PROPRI\u00c9T\u00c9S DE LA COUCHE DE BASE EN M\u00c9GA-CAOUTCHOUC\" width=\"125\" height=\"150\" srcset=\"https:\/\/i0.wp.com\/victoriavynn.ca\/wp-content\/uploads\/2023\/04\/VICTORIA-VYNN-LIPGLOSS-NAILS-EFFECT-1.webp?w=125&amp;ssl=1 125w, https:\/\/i0.wp.com\/victoriavynn.ca\/wp-content\/uploads\/2023\/04\/VICTORIA-VYNN-LIPGLOSS-NAILS-EFFECT-1.webp?resize=10%2C12&amp;ssl=1 10w\" sizes=\"auto, (max-width: 125px) 100vw, 125px\" \/><\/p>\n<p>&nbsp;<\/p>","protected":false},"featured_media":11733,"comment_status":"open","ping_status":"closed","template":"","meta":{"jetpack_post_was_ever_published":false,"jetpack_publicize_message":"","jetpack_publicize_feature_enabled":true,"jetpack_social_post_already_shared":false,"jetpack_social_options":{"image_generator_settings":{"template":"highway","default_image_id":0,"font":"","enabled":false},"version":2}},"product_brand":[],"product_cat":[559,30,54],"product_tag":[576,607],"class_list":{"0":"post-11306","1":"product","2":"type-product","3":"status-publish","4":"has-post-thumbnail","6":"product_cat-just-base","7":"product_cat-rubber-base-gel","8":"product_cat-best-professional-gel-base-coats","9":"product_tag-just-base-colors","10":"product_tag-rubber-base","11":"product_shipping_class-cardboard-box","12":"pa_size-8ml","14":"first","15":"instock","16":"taxable","17":"shipping-taxable","18":"purchasable","19":"product-type-variable"},"jetpack_publicize_connections":[],"jetpack-related-posts":[{"id":52724,"url":"https:\/\/victoriavynn.ca\/fr\/product\/victoria-vynn-gel-polish-hello-base-aloha-glow\/","url_meta":{"origin":11306,"position":0},"title":"Victoria VYNN Gel Polish Hello Base","author":"Serge Sahakian","date":"mars 20, 2026","format":false,"excerpt":"Cr\u00e9ez des ongles impeccables et brillants en quelques secondes avec la base Hello de Victoria VYNN - une base paillet\u00e9e autonivelante infus\u00e9e de millions de particules scintillantes pour un effet diamant flash \u00e9poustouflant. Parfaite pour le travail rapide en salon, les looks nus et les mod\u00e8les de mariage. Sp\u00e9cifications du produit : \u00a0 \u00a0 \u00a0 \u00a0 \u00a0 \u00a0","rel":"","context":"Similar post","block_context":{"text":"Similar post","link":""},"img":{"alt_text":"HELLO BASE ALOHA","src":"https:\/\/i0.wp.com\/victoriavynn.ca\/wp-content\/uploads\/2026\/03\/hello-base-aloha-1.webp?fit=750%2C1000&ssl=1&resize=350%2C200","width":350,"height":200,"srcset":"https:\/\/i0.wp.com\/victoriavynn.ca\/wp-content\/uploads\/2026\/03\/hello-base-aloha-1.webp?fit=750%2C1000&ssl=1&resize=350%2C200 1x, https:\/\/i0.wp.com\/victoriavynn.ca\/wp-content\/uploads\/2026\/03\/hello-base-aloha-1.webp?fit=750%2C1000&ssl=1&resize=525%2C300 1.5x, https:\/\/i0.wp.com\/victoriavynn.ca\/wp-content\/uploads\/2026\/03\/hello-base-aloha-1.webp?fit=750%2C1000&ssl=1&resize=700%2C400 2x"},"classes":[]},{"id":37100,"url":"https:\/\/victoriavynn.ca\/fr\/product\/victoria-vynn-liquid-polygel-color-chart-01-06\/","url_meta":{"origin":11306,"position":1},"title":"Victoria VYNN Liquid Polygel Color Chart 01-06","author":"Serge Sahakian","date":"octobre 18, 2025","format":false,"excerpt":"D\u00e9couvrez les six nuances de r\u00eave de Victoria Vynn Liquid PolyGel - des tons laiteux doux aux roses d\u00e9licats. Chaque couleur offre une force et une flexibilit\u00e9 parfaites pour le salon, ainsi qu'un fini naturel et impeccable.\u2728 Le syst\u00e8me hybride ultime pour une beaut\u00e9 sans effort dans toutes les nuances.","rel":"","context":"Similar post","block_context":{"text":"Similar post","link":""},"img":{"alt_text":"liquid plygel color chart","src":"https:\/\/i0.wp.com\/victoriavynn.ca\/wp-content\/uploads\/2025\/10\/liquid-plygel-color-chart.webp?fit=750%2C1000&ssl=1&resize=350%2C200","width":350,"height":200,"srcset":"https:\/\/i0.wp.com\/victoriavynn.ca\/wp-content\/uploads\/2025\/10\/liquid-plygel-color-chart.webp?fit=750%2C1000&ssl=1&resize=350%2C200 1x, https:\/\/i0.wp.com\/victoriavynn.ca\/wp-content\/uploads\/2025\/10\/liquid-plygel-color-chart.webp?fit=750%2C1000&ssl=1&resize=525%2C300 1.5x, https:\/\/i0.wp.com\/victoriavynn.ca\/wp-content\/uploads\/2025\/10\/liquid-plygel-color-chart.webp?fit=750%2C1000&ssl=1&resize=700%2C400 2x"},"classes":[]},{"id":37081,"url":"https:\/\/victoriavynn.ca\/fr\/product\/victoria-vynn-liquid-polygel-15ml\/","url_meta":{"origin":11306,"position":2},"title":"Victoria VYNN Polygel liquide 15ml","author":"Serge Sahakian","date":"octobre 18, 2025","format":false,"excerpt":"D\u00e9couvrez l'avenir de l'architecture des ongles avec Victoria Vynn Liquid PolyGel - la fusion parfaite de la flexibilit\u00e9 du gel et de la r\u00e9sistance de l'acrylique. Sa texture auto-nivelante d'\u00e9paisseur moyenne glisse sans effort pour des superpositions et des extensions parfaites, offrant des r\u00e9sultats l\u00e9gers mais durables avec une finition naturelle et \u00e9l\u00e9gante....","rel":"","context":"Similar post","block_context":{"text":"Similar post","link":""},"img":{"alt_text":"victoria vynn liquid polygel no. 1","src":"https:\/\/i0.wp.com\/victoriavynn.ca\/wp-content\/uploads\/2025\/10\/victoria-vynn-liquid-polygel-no.-1.webp?fit=750%2C1000&ssl=1&resize=350%2C200","width":350,"height":200,"srcset":"https:\/\/i0.wp.com\/victoriavynn.ca\/wp-content\/uploads\/2025\/10\/victoria-vynn-liquid-polygel-no.-1.webp?fit=750%2C1000&ssl=1&resize=350%2C200 1x, https:\/\/i0.wp.com\/victoriavynn.ca\/wp-content\/uploads\/2025\/10\/victoria-vynn-liquid-polygel-no.-1.webp?fit=750%2C1000&ssl=1&resize=525%2C300 1.5x, https:\/\/i0.wp.com\/victoriavynn.ca\/wp-content\/uploads\/2025\/10\/victoria-vynn-liquid-polygel-no.-1.webp?fit=750%2C1000&ssl=1&resize=700%2C400 2x"},"classes":[]},{"id":41571,"url":"https:\/\/victoriavynn.ca\/fr\/product\/victoria-vynn-gel-polish-no-430-creme-de-chic\/","url_meta":{"origin":11306,"position":3},"title":"Victoria VYNN Gel Polish No. 430 Creme de Chic","author":"Serge Sahakian","date":"novembre 19, 2025","format":false,"excerpt":"A soft, creamy white that screams minimalist chic. Think clean, elegant, \u201cexpensive\u201d nails \u2013 perfect for full-color looks, French tips, or as a base for nail art. A timeless choice for autumn and winter when you want a bright but refined manicure. Collection: Fashion Follower Product Specifications: \u00a0 \u00a0 \u00a0\u2026","rel":"","context":"Similar post","block_context":{"text":"Similar post","link":""},"img":{"alt_text":"Victoria vynn gel polish fashion follower no. 430 creme de chic","src":"https:\/\/i0.wp.com\/victoriavynn.ca\/wp-content\/uploads\/2025\/09\/victoria-vynn-gel-polish-fashion-follower-no.-430-creme-de-chic.webp?fit=750%2C1000&ssl=1&resize=350%2C200","width":350,"height":200,"srcset":"https:\/\/i0.wp.com\/victoriavynn.ca\/wp-content\/uploads\/2025\/09\/victoria-vynn-gel-polish-fashion-follower-no.-430-creme-de-chic.webp?fit=750%2C1000&ssl=1&resize=350%2C200 1x, https:\/\/i0.wp.com\/victoriavynn.ca\/wp-content\/uploads\/2025\/09\/victoria-vynn-gel-polish-fashion-follower-no.-430-creme-de-chic.webp?fit=750%2C1000&ssl=1&resize=525%2C300 1.5x, https:\/\/i0.wp.com\/victoriavynn.ca\/wp-content\/uploads\/2025\/09\/victoria-vynn-gel-polish-fashion-follower-no.-430-creme-de-chic.webp?fit=750%2C1000&ssl=1&resize=700%2C400 2x"},"classes":[]},{"id":48323,"url":"https:\/\/victoriavynn.ca\/fr\/product\/victoria-vynn-starter-kit-7-2-free\/","url_meta":{"origin":11306,"position":4},"title":"Victoria VYNN 9 Pack Starter Kit 2026","author":"Serge Sahakian","date":"f\u00e9vrier 6, 2026","format":false,"excerpt":"Que contient le pack de 9 ? \u2714 PR\u00c9PARATION Salon Nail Prep 15 ml - D\u00e9shydrate efficacement la plaque de l'ongle naturel pour une adh\u00e9rence maximale. Gel Polish Tape Bond 8 ml - Primaire d'adh\u00e9rence sans acide pour une tenue longue dur\u00e9e. \u2714 BASE SYSTEM Boost Base Clearell 8 ml - Base renfor\u00e7ante autonivelante. Mega Base Cold...","rel":"","context":"Similar post","block_context":{"text":"Similar post","link":""},"img":{"alt_text":"victoria vynn 9 pack","src":"https:\/\/i0.wp.com\/victoriavynn.ca\/wp-content\/uploads\/2026\/02\/victoria-vynn-9-pack-.webp?fit=750%2C1000&ssl=1&resize=350%2C200","width":350,"height":200,"srcset":"https:\/\/i0.wp.com\/victoriavynn.ca\/wp-content\/uploads\/2026\/02\/victoria-vynn-9-pack-.webp?fit=750%2C1000&ssl=1&resize=350%2C200 1x, https:\/\/i0.wp.com\/victoriavynn.ca\/wp-content\/uploads\/2026\/02\/victoria-vynn-9-pack-.webp?fit=750%2C1000&ssl=1&resize=525%2C300 1.5x, https:\/\/i0.wp.com\/victoriavynn.ca\/wp-content\/uploads\/2026\/02\/victoria-vynn-9-pack-.webp?fit=750%2C1000&ssl=1&resize=700%2C400 2x"},"classes":[]},{"id":41573,"url":"https:\/\/victoriavynn.ca\/fr\/product\/victoria-vynn-gel-polish-no-431-earl-grey-t\/","url_meta":{"origin":11306,"position":5},"title":"Victoria VYNN Gel Polish No. 431 Earl Grey-t","author":"Serge Sahakian","date":"novembre 19, 2025","format":false,"excerpt":"Un gris moyen froid inspir\u00e9 par le style urbain \u00e9pur\u00e9. Id\u00e9al pour les ongles professionnels et les manucures d'affaires. Il est subtil mais pas ennuyeux - un neutre polyvalent et moderne qui se porte tous les jours et qui est consid\u00e9r\u00e9 comme une nuance incontournable pour la saison A\/W 2025\/26. Collection : Fashion Follower Sp\u00e9cifications du produit :  ...","rel":"","context":"Similar post","block_context":{"text":"Similar post","link":""},"img":{"alt_text":"Victoria vynn gel polish fashion follower no. 431 earl Grey-T","src":"https:\/\/i0.wp.com\/victoriavynn.ca\/wp-content\/uploads\/2025\/11\/victoria-vynn-gel-polish-fashion-follower-no.-431-earl-grey-t.webp?fit=750%2C1000&ssl=1&resize=350%2C200","width":350,"height":200,"srcset":"https:\/\/i0.wp.com\/victoriavynn.ca\/wp-content\/uploads\/2025\/11\/victoria-vynn-gel-polish-fashion-follower-no.-431-earl-grey-t.webp?fit=750%2C1000&ssl=1&resize=350%2C200 1x, https:\/\/i0.wp.com\/victoriavynn.ca\/wp-content\/uploads\/2025\/11\/victoria-vynn-gel-polish-fashion-follower-no.-431-earl-grey-t.webp?fit=750%2C1000&ssl=1&resize=525%2C300 1.5x, https:\/\/i0.wp.com\/victoriavynn.ca\/wp-content\/uploads\/2025\/11\/victoria-vynn-gel-polish-fashion-follower-no.-431-earl-grey-t.webp?fit=750%2C1000&ssl=1&resize=700%2C400 2x"},"classes":[]}],"jetpack_sharing_enabled":true,"_links":{"self":[{"href":"https:\/\/victoriavynn.ca\/fr\/wp-json\/wp\/v2\/product\/11306","targetHints":{"allow":["GET"]}}],"collection":[{"href":"https:\/\/victoriavynn.ca\/fr\/wp-json\/wp\/v2\/product"}],"about":[{"href":"https:\/\/victoriavynn.ca\/fr\/wp-json\/wp\/v2\/types\/product"}],"replies":[{"embeddable":true,"href":"https:\/\/victoriavynn.ca\/fr\/wp-json\/wp\/v2\/comments?post=11306"}],"wp:featuredmedia":[{"embeddable":true,"href":"https:\/\/victoriavynn.ca\/fr\/wp-json\/wp\/v2\/media\/11733"}],"wp:attachment":[{"href":"https:\/\/victoriavynn.ca\/fr\/wp-json\/wp\/v2\/media?parent=11306"}],"wp:term":[{"taxonomy":"product_brand","embeddable":true,"href":"https:\/\/victoriavynn.ca\/fr\/wp-json\/wp\/v2\/product_brand?post=11306"},{"taxonomy":"product_cat","embeddable":true,"href":"https:\/\/victoriavynn.ca\/fr\/wp-json\/wp\/v2\/product_cat?post=11306"},{"taxonomy":"product_tag","embeddable":true,"href":"https:\/\/victoriavynn.ca\/fr\/wp-json\/wp\/v2\/product_tag?post=11306"}],"curies":[{"name":"wp","href":"https:\/\/api.w.org\/{rel}","templated":true}]}}