{"id":11320,"date":"2023-04-13T23:05:41","date_gmt":"2023-04-14T03:05:41","guid":{"rendered":"https:\/\/victoriavynn.ca\/product\/victoria-vynn-soft-gel-tips-preparation-kit-4-pieces-set\/"},"modified":"2026-04-01T19:15:26","modified_gmt":"2026-04-01T23:15:26","slug":"kit-de-preparation-dembouts-en-gel-souple-4-pieces","status":"publish","type":"product","link":"https:\/\/victoriavynn.ca\/fr\/product\/soft-gel-tips-preparation-kit-4-pieces-set\/","title":{"rendered":"Victoria VYNN Soft Gel Tips Preparation Kit (4 Pieces Set)"},"content":{"rendered":"<p>Victoria VYNN Soft Gel Tips Preparation Kit est un ensemble de pr\u00e9parations pour l'application de Soft Gel Tips. Le kit comprend : Nail Prep, Acid-Free Primer, Tips Gel &amp; Top Coat No Wipe.<\/p>\n<p>-\u00a0<b>Conseils de pr\u00e9paration pour le d\u00e9graissage<\/b>\u00a0les ongles naturels et le dessous des pointes.<br \/>\nIl est indispensable pour augmenter l'adh\u00e9rence et la durabilit\u00e9 d'un dessin. Utilis\u00e9 comme premi\u00e8re \u00e9tape de la cr\u00e9ation avec le syst\u00e8me SOFT GEL TIPS.<br \/>\n-\u00a0<b>Primer Tips sans acide<\/b>L'application d'une fine couche de SOFT GEL TIPS est essentielle pour garantir l'adh\u00e9rence des motifs. En appliquant une fine couche sur une plaque naturelle et sur la face inf\u00e9rieure des pointes, vous avez la garantie d'un dessin durable. Il est sans danger pour les ongles naturels sensibles.<br \/>\n-\u00a0<b>Gel Tips : une base solide<\/b>gel photopolym\u00e9risable sp\u00e9cialement formul\u00e9<br \/>\npour la fixation des pointes d'ongles. La formule flexible et autonivelante s'\u00e9tale parfaitement et cr\u00e9e une liaison parfaite entre la plaque de l'ongle naturel et la pointe de l'ongle.<br \/>\net des conseils.<br \/>\n-\u00a0<b>Top Tips no wipe<\/b>Un top hybride avec une brillance, sans couche de dispersion. Une fine couche assure la fixation et la protection du design.<br \/>\n-\u00a0<b>Lime \u00e0 ongles 100\/180 croissant<\/b>lime jetable pour le travail sur les ongles<br \/>\nFabriqu\u00e9 avec le syst\u00e8me Soft Gel Tips. Il a deux grains : 100\/180.<\/p>\n<p>Les pr\u00e9parations et la lime \u00e0 ongles sont emball\u00e9es dans une bo\u00eete sp\u00e9ciale.<\/p>\n<p>M\u00e9thode rapide et innovante d'extension d'ongles en salon utilisant des pointes acryliques pr\u00e9form\u00e9es et l\u00e9g\u00e8rement satin\u00e9es. Elle se caract\u00e9rise par une application extr\u00eamement facile et l'aspect naturel des ongles rallong\u00e9s.<\/p>\n<div class=\"description\">\n<div class=\"title witle-width-2\">\n<p>Des pointes de gel pr\u00e9form\u00e9es qui offrent un aspect naturel et une application extr\u00eamement facile. Ils vous permettront de gagner du temps et la manucure que vous r\u00e9aliserez avec eux sera : rapide, r\u00e9sistante aux craquelures et d'un bel effet final.<\/p>\n<\/div>\n<\/div>\n<div class=\"product-preview-wrapper\"><\/div>","protected":false},"excerpt":{"rendered":"<p>Victoria VYNN Soft Gel Tips Preparation Kit est un ensemble de pr\u00e9parations pour l'application de Soft Gel Tips. Le kit comprend : Nail Prep, Acid-Free Primer, Tips Gel &amp; Top Coat No Wipe.<\/p>\n<p>\u00c9tapes 1 \u00e0 4 de la pr\u00e9paration.<\/p>\n<p>Sp\u00e9cifications du produit :<\/p>\n<p><a href=\"https:\/\/victoriavynn.ca\/wp-content\/uploads\/2019\/11\/SALON-QUALITY.webp\"><img loading=\"lazy\" decoding=\"async\" class=\"size-full wp-image-8772 alignleft\" src=\"https:\/\/victoriavynn.ca\/wp-content\/uploads\/2019\/11\/SALON-QUALITY.webp\" alt=\"GEL NAIL BUILDER\" width=\"125\" height=\"150\" \/><\/a> <img loading=\"lazy\" decoding=\"async\" class=\"size-medium wp-image-11514 alignleft\" src=\"https:\/\/victoriavynn.ca\/wp-content\/uploads\/2023\/04\/AVAILABLE-IN-DIFFERENT-SHAPES.webp\" alt=\"\" width=\"125\" height=\"150\" srcset=\"https:\/\/i0.wp.com\/victoriavynn.ca\/wp-content\/uploads\/2023\/04\/AVAILABLE-IN-DIFFERENT-SHAPES.webp?w=125&amp;ssl=1 125w, https:\/\/i0.wp.com\/victoriavynn.ca\/wp-content\/uploads\/2023\/04\/AVAILABLE-IN-DIFFERENT-SHAPES.webp?resize=10%2C12&amp;ssl=1 10w\" sizes=\"auto, (max-width: 125px) 100vw, 125px\" \/> <img loading=\"lazy\" decoding=\"async\" class=\"size-medium wp-image-11515 alignleft\" src=\"https:\/\/victoriavynn.ca\/wp-content\/uploads\/2023\/04\/STRONG-DURABLE.webp\" alt=\"\" width=\"125\" height=\"150\" srcset=\"https:\/\/i0.wp.com\/victoriavynn.ca\/wp-content\/uploads\/2023\/04\/STRONG-DURABLE.webp?w=125&amp;ssl=1 125w, https:\/\/i0.wp.com\/victoriavynn.ca\/wp-content\/uploads\/2023\/04\/STRONG-DURABLE.webp?resize=10%2C12&amp;ssl=1 10w\" sizes=\"auto, (max-width: 125px) 100vw, 125px\" \/> <img loading=\"lazy\" decoding=\"async\" class=\"size-medium wp-image-11516 alignleft\" src=\"https:\/\/victoriavynn.ca\/wp-content\/uploads\/2023\/04\/SOFT-GEL-NAIL-TIPS-FLEXIBLE.webp\" alt=\"\" width=\"125\" height=\"150\" srcset=\"https:\/\/i0.wp.com\/victoriavynn.ca\/wp-content\/uploads\/2023\/04\/SOFT-GEL-NAIL-TIPS-FLEXIBLE.webp?w=125&amp;ssl=1 125w, https:\/\/i0.wp.com\/victoriavynn.ca\/wp-content\/uploads\/2023\/04\/SOFT-GEL-NAIL-TIPS-FLEXIBLE.webp?resize=10%2C12&amp;ssl=1 10w\" sizes=\"auto, (max-width: 125px) 100vw, 125px\" \/><\/p>\n<p>&nbsp;<\/p>\n<p>&nbsp;<\/p>\n<p>&nbsp;<\/p>\n<p>&nbsp;<\/p>\n<p>&nbsp;<\/p>\n<p>&nbsp;<\/p>\n<p>&nbsp;<\/p>","protected":false},"featured_media":11602,"comment_status":"open","ping_status":"closed","template":"","meta":{"jetpack_post_was_ever_published":false,"jetpack_publicize_message":"","jetpack_publicize_feature_enabled":true,"jetpack_social_post_already_shared":false,"jetpack_social_options":{"image_generator_settings":{"template":"highway","default_image_id":0,"font":"","enabled":false},"version":2}},"product_brand":[],"product_cat":[558],"product_tag":[562],"class_list":{"0":"post-11320","1":"product","2":"type-product","3":"status-publish","4":"has-post-thumbnail","6":"product_cat-soft-gel-nail-tips","7":"product_tag-bundles","8":"product_shipping_class-cardboard-box","10":"first","11":"instock","12":"taxable","13":"shipping-taxable","14":"purchasable","15":"product-type-simple"},"jetpack_publicize_connections":[],"jetpack-related-posts":[{"id":11322,"url":"https:\/\/victoriavynn.ca\/fr\/product\/soft-gel-tips-primer-acid-free\/","url_meta":{"origin":11320,"position":0},"title":"Victoria VYNN Soft Gel Tips Primer 15ml","author":"Serge Sahakian","date":"avril 13, 2023","format":false,"excerpt":"Victoria VYNN Soft Gel Tips Primer sans acide, essentiel pour garantir l'adh\u00e9rence des motifs SOFT GEL TIPS. En appliquant une fine couche sur une plaque naturelle et sur la face inf\u00e9rieure des tips, vous \u00eates assur\u00e9 d'obtenir un dessin durable. Il est sans danger pour les ongles naturels sensibles. \u00c9tape 2 de la pr\u00e9paration. Sp\u00e9cifications du produit :      ...","rel":"","context":"Similar post","block_context":{"text":"Similar post","link":""},"img":{"alt_text":"Soft Gel Tips Primer Acid Free","src":"https:\/\/i0.wp.com\/victoriavynn.ca\/wp-content\/uploads\/2023\/04\/Soft-Gel-Tips-Primer-Acid-Free.webp?fit=750%2C1000&ssl=1&resize=350%2C200","width":350,"height":200,"srcset":"https:\/\/i0.wp.com\/victoriavynn.ca\/wp-content\/uploads\/2023\/04\/Soft-Gel-Tips-Primer-Acid-Free.webp?fit=750%2C1000&ssl=1&resize=350%2C200 1x, https:\/\/i0.wp.com\/victoriavynn.ca\/wp-content\/uploads\/2023\/04\/Soft-Gel-Tips-Primer-Acid-Free.webp?fit=750%2C1000&ssl=1&resize=525%2C300 1.5x, https:\/\/i0.wp.com\/victoriavynn.ca\/wp-content\/uploads\/2023\/04\/Soft-Gel-Tips-Primer-Acid-Free.webp?fit=750%2C1000&ssl=1&resize=700%2C400 2x"},"classes":[]},{"id":11318,"url":"https:\/\/victoriavynn.ca\/fr\/product\/victoria-vynn-soft-gel-tips-nail-prep\/","url_meta":{"origin":11320,"position":1},"title":"Victoria VYNN Soft Gel Tips Prep 15ml","author":"Serge Sahakian","date":"avril 13, 2023","format":false,"excerpt":"Victoria VYNN Soft Gel Tips Nail Prep pour d\u00e9graisser les ongles naturels et le dessous des tips. Il est indispensable pour augmenter l'adh\u00e9rence et la durabilit\u00e9 d'un dessin. Utilis\u00e9 comme premi\u00e8re \u00e9tape de la cr\u00e9ation avec le syst\u00e8me SOFT GEL TIPS. \u00c9tape 1 de la pr\u00e9paration. Sp\u00e9cifications du produit :            ...","rel":"","context":"Similar post","block_context":{"text":"Similar post","link":""},"img":{"alt_text":"Soft Gel Tips Nail Prep","src":"https:\/\/i0.wp.com\/victoriavynn.ca\/wp-content\/uploads\/2023\/04\/Soft-Gel-Tips-Prep.webp?fit=750%2C1000&ssl=1&resize=350%2C200","width":350,"height":200,"srcset":"https:\/\/i0.wp.com\/victoriavynn.ca\/wp-content\/uploads\/2023\/04\/Soft-Gel-Tips-Prep.webp?fit=750%2C1000&ssl=1&resize=350%2C200 1x, https:\/\/i0.wp.com\/victoriavynn.ca\/wp-content\/uploads\/2023\/04\/Soft-Gel-Tips-Prep.webp?fit=750%2C1000&ssl=1&resize=525%2C300 1.5x, https:\/\/i0.wp.com\/victoriavynn.ca\/wp-content\/uploads\/2023\/04\/Soft-Gel-Tips-Prep.webp?fit=750%2C1000&ssl=1&resize=700%2C400 2x"},"classes":[]},{"id":11308,"url":"https:\/\/victoriavynn.ca\/fr\/product\/soft-gel-tips-adhesive-gel-15ml\/","url_meta":{"origin":11320,"position":2},"title":"Victoria VYNN Soft Gel Tips Gel 15ml","author":"Serge Sahakian","date":"avril 13, 2023","format":false,"excerpt":"Victoria VYNN Soft Gel Tips Adhesive Gel Strong foundation, specially formulated, light-cured gel for attaching nail tips. Self-leveling and flexible formula perfectly spreads, creates a perfect bond between the natural nail plate and tips. Step 3 of the Preparation. Product Specifications: \u00a0 \u00a0 \u00a0 \u00a0 \u00a0 \u00a0 \u00a0","rel":"","context":"Similar post","block_context":{"text":"Similar post","link":""},"img":{"alt_text":"Soft Gel Tips Gel Strong Foundation","src":"https:\/\/i0.wp.com\/victoriavynn.ca\/wp-content\/uploads\/2023\/04\/Soft-Gel-Tips-Gel-Strong-Foundation.webp?fit=750%2C1000&ssl=1&resize=350%2C200","width":350,"height":200,"srcset":"https:\/\/i0.wp.com\/victoriavynn.ca\/wp-content\/uploads\/2023\/04\/Soft-Gel-Tips-Gel-Strong-Foundation.webp?fit=750%2C1000&ssl=1&resize=350%2C200 1x, https:\/\/i0.wp.com\/victoriavynn.ca\/wp-content\/uploads\/2023\/04\/Soft-Gel-Tips-Gel-Strong-Foundation.webp?fit=750%2C1000&ssl=1&resize=525%2C300 1.5x, https:\/\/i0.wp.com\/victoriavynn.ca\/wp-content\/uploads\/2023\/04\/Soft-Gel-Tips-Gel-Strong-Foundation.webp?fit=750%2C1000&ssl=1&resize=700%2C400 2x"},"classes":[]},{"id":11380,"url":"https:\/\/victoriavynn.ca\/fr\/product\/victoria-vynn-soft-gel-tips-led-lamp\/","url_meta":{"origin":11320,"position":3},"title":"Victoria VYNN Soft Gel Tips Lampe LED","author":"Serge Sahakian","date":"avril 13, 2023","format":false,"excerpt":"Soft Gel Tips LED LAMP avec spot lumineux pour la polym\u00e9risation initiale du gel, reliant la pointe \u00e0 la plaque naturelle. Con\u00e7ue pour \u00eatre utilis\u00e9e sur des ongles simples prolong\u00e9s par des SOFT GEL TIPS. Les lampes LED sont emball\u00e9es dans des bo\u00eetes sp\u00e9cifiques. Sp\u00e9cifications du produit : \u00a0 \u00a0 \u00a0 \u00a0 \u00a0 \u00a0 \u00a0","rel":"","context":"Similar post","block_context":{"text":"Similar post","link":""},"img":{"alt_text":"Victoria VYNN Soft Gel Tips LED Lamp","src":"https:\/\/i0.wp.com\/victoriavynn.ca\/wp-content\/uploads\/2023\/04\/Victoria-VYNN-Soft-Gel-Tips-LED-Lamp-1-1.webp?fit=750%2C1000&ssl=1&resize=350%2C200","width":350,"height":200,"srcset":"https:\/\/i0.wp.com\/victoriavynn.ca\/wp-content\/uploads\/2023\/04\/Victoria-VYNN-Soft-Gel-Tips-LED-Lamp-1-1.webp?fit=750%2C1000&ssl=1&resize=350%2C200 1x, https:\/\/i0.wp.com\/victoriavynn.ca\/wp-content\/uploads\/2023\/04\/Victoria-VYNN-Soft-Gel-Tips-LED-Lamp-1-1.webp?fit=750%2C1000&ssl=1&resize=525%2C300 1.5x, https:\/\/i0.wp.com\/victoriavynn.ca\/wp-content\/uploads\/2023\/04\/Victoria-VYNN-Soft-Gel-Tips-LED-Lamp-1-1.webp?fit=750%2C1000&ssl=1&resize=700%2C400 2x"},"classes":[]},{"id":11336,"url":"https:\/\/victoriavynn.ca\/fr\/product\/victoria-vynn-soft-gel-tips-starter-kit\/","url_meta":{"origin":11320,"position":4},"title":"Kit de d\u00e9marrage Victoria VYNN Soft Gel Tips","author":"Serge Sahakian","date":"avril 13, 2023","format":false,"excerpt":"Le kit de d\u00e9marrage Soft Gel Tips comprend : Kit de pr\u00e9paration (\u00e9tape 1 \u00e0 \u00e9tape 4) + Tips Medium Almond (500 pi\u00e8ces) + Lampe LED Soft Gel Tips Sp\u00e9cifications du produit : \u00a0 \u00a0 \u00a0 \u00a0 \u00a0 \u00a0 \u00a0","rel":"","context":"Similar post","block_context":{"text":"Similar post","link":""},"img":{"alt_text":"Soft Gel Tips Starter Kit","src":"https:\/\/i0.wp.com\/victoriavynn.ca\/wp-content\/uploads\/2023\/04\/Soft-Gel-Tips-Starter-Kit.webp?fit=750%2C1000&ssl=1&resize=350%2C200","width":350,"height":200,"srcset":"https:\/\/i0.wp.com\/victoriavynn.ca\/wp-content\/uploads\/2023\/04\/Soft-Gel-Tips-Starter-Kit.webp?fit=750%2C1000&ssl=1&resize=350%2C200 1x, https:\/\/i0.wp.com\/victoriavynn.ca\/wp-content\/uploads\/2023\/04\/Soft-Gel-Tips-Starter-Kit.webp?fit=750%2C1000&ssl=1&resize=525%2C300 1.5x, https:\/\/i0.wp.com\/victoriavynn.ca\/wp-content\/uploads\/2023\/04\/Soft-Gel-Tips-Starter-Kit.webp?fit=750%2C1000&ssl=1&resize=700%2C400 2x"},"classes":[]},{"id":11338,"url":"https:\/\/victoriavynn.ca\/fr\/product\/soft-gel-nail-tips-top-coat-no-wipe\/","url_meta":{"origin":11320,"position":5},"title":"Victoria VYNN Soft Gel Tips Top Coat No Wipe 15ml","author":"Serge Sahakian","date":"avril 13, 2023","format":false,"excerpt":"Victoria VYNN Soft Gel Nail Tips Top Coat No Wipe, hybrid top with a shine, without a dispersion layer. A thin layer provides fixation and protection for design. Step 4 of the Preparation. Product Specifications: \u00a0 \u00a0 \u00a0 \u00a0 \u00a0 \u00a0 \u00a0","rel":"","context":"Similar post","block_context":{"text":"Similar post","link":""},"img":{"alt_text":"victoria vynn soft gel nail tips top coat no wipe","src":"https:\/\/i0.wp.com\/victoriavynn.ca\/wp-content\/uploads\/2023\/04\/victoria-vynn-soft-gel-nail-tips-top-coat-no-wipe.webp?fit=750%2C1000&ssl=1&resize=350%2C200","width":350,"height":200,"srcset":"https:\/\/i0.wp.com\/victoriavynn.ca\/wp-content\/uploads\/2023\/04\/victoria-vynn-soft-gel-nail-tips-top-coat-no-wipe.webp?fit=750%2C1000&ssl=1&resize=350%2C200 1x, https:\/\/i0.wp.com\/victoriavynn.ca\/wp-content\/uploads\/2023\/04\/victoria-vynn-soft-gel-nail-tips-top-coat-no-wipe.webp?fit=750%2C1000&ssl=1&resize=525%2C300 1.5x, https:\/\/i0.wp.com\/victoriavynn.ca\/wp-content\/uploads\/2023\/04\/victoria-vynn-soft-gel-nail-tips-top-coat-no-wipe.webp?fit=750%2C1000&ssl=1&resize=700%2C400 2x"},"classes":[]}],"jetpack_sharing_enabled":true,"_links":{"self":[{"href":"https:\/\/victoriavynn.ca\/fr\/wp-json\/wp\/v2\/product\/11320","targetHints":{"allow":["GET"]}}],"collection":[{"href":"https:\/\/victoriavynn.ca\/fr\/wp-json\/wp\/v2\/product"}],"about":[{"href":"https:\/\/victoriavynn.ca\/fr\/wp-json\/wp\/v2\/types\/product"}],"replies":[{"embeddable":true,"href":"https:\/\/victoriavynn.ca\/fr\/wp-json\/wp\/v2\/comments?post=11320"}],"wp:featuredmedia":[{"embeddable":true,"href":"https:\/\/victoriavynn.ca\/fr\/wp-json\/wp\/v2\/media\/11602"}],"wp:attachment":[{"href":"https:\/\/victoriavynn.ca\/fr\/wp-json\/wp\/v2\/media?parent=11320"}],"wp:term":[{"taxonomy":"product_brand","embeddable":true,"href":"https:\/\/victoriavynn.ca\/fr\/wp-json\/wp\/v2\/product_brand?post=11320"},{"taxonomy":"product_cat","embeddable":true,"href":"https:\/\/victoriavynn.ca\/fr\/wp-json\/wp\/v2\/product_cat?post=11320"},{"taxonomy":"product_tag","embeddable":true,"href":"https:\/\/victoriavynn.ca\/fr\/wp-json\/wp\/v2\/product_tag?post=11320"}],"curies":[{"name":"wp","href":"https:\/\/api.w.org\/{rel}","templated":true}]}}