{"id":11322,"date":"2023-04-13T23:05:43","date_gmt":"2023-04-14T03:05:43","guid":{"rendered":"https:\/\/victoriavynn.ca\/product\/victoria-vynn-soft-gel-tips-primer-15ml\/"},"modified":"2026-05-04T14:02:46","modified_gmt":"2026-05-04T18:02:46","slug":"soft-gel-tips-primer-acid-free","status":"publish","type":"product","link":"https:\/\/victoriavynn.ca\/fr\/product\/soft-gel-tips-primer-acid-free\/","title":{"rendered":"Victoria VYNN Soft Gel Tips Primer 15ml"},"content":{"rendered":"<p>Victoria VYNN Soft Gel Tips Primer sans acide, essentiel pour garantir l'adh\u00e9rence des motifs SOFT GEL TIPS. En appliquant une fine couche sur une plaque naturelle et sur la face inf\u00e9rieure des tips, vous \u00eates assur\u00e9 d'obtenir un dessin durable. Il est sans danger pour les ongles naturels sensibles.<\/p>\n<p>\u00c9tape 2 de la pr\u00e9paration.<\/p>\n<p>M\u00e9thode rapide et innovante d'extension d'ongles en salon utilisant des pointes acryliques pr\u00e9form\u00e9es et l\u00e9g\u00e8rement satin\u00e9es. Elle se caract\u00e9rise par une application extr\u00eamement facile et l'aspect naturel des ongles rallong\u00e9s.<\/p>\n<div class=\"description\">\n<div class=\"title witle-width-2\">\n<p>Des pointes de gel pr\u00e9form\u00e9es qui offrent un aspect naturel et une application extr\u00eamement facile. Ils vous permettront de gagner du temps et la manucure que vous r\u00e9aliserez avec eux sera : rapide, r\u00e9sistante aux craquelures et d'un bel effet final.<\/p>\n<\/div>\n<\/div>","protected":false},"excerpt":{"rendered":"<p>Victoria VYNN Soft Gel Tips Primer sans acide, essentiel pour garantir l'adh\u00e9rence des motifs SOFT GEL TIPS. En appliquant une fine couche sur une plaque naturelle et sur la face inf\u00e9rieure des tips, vous \u00eates assur\u00e9 d'obtenir un dessin durable. Il est sans danger pour les ongles naturels sensibles.<\/p>\n<p>\u00c9tape 2 de la pr\u00e9paration.<\/p>\n<p>Sp\u00e9cifications du produit :<\/p>\n<p><a href=\"https:\/\/victoriavynn.ca\/wp-content\/uploads\/2019\/11\/SALON-QUALITY.webp\"><img loading=\"lazy\" decoding=\"async\" class=\"size-full wp-image-8772 alignleft\" src=\"https:\/\/victoriavynn.ca\/wp-content\/uploads\/2019\/11\/SALON-QUALITY.webp\" alt=\"GEL NAIL BUILDER\" width=\"125\" height=\"150\" \/><\/a> <img loading=\"lazy\" decoding=\"async\" class=\"size-medium wp-image-11514 alignleft\" src=\"https:\/\/victoriavynn.ca\/wp-content\/uploads\/2023\/04\/AVAILABLE-IN-DIFFERENT-SHAPES.webp\" alt=\"\" width=\"125\" height=\"150\" srcset=\"https:\/\/i0.wp.com\/victoriavynn.ca\/wp-content\/uploads\/2023\/04\/AVAILABLE-IN-DIFFERENT-SHAPES.webp?w=125&amp;ssl=1 125w, https:\/\/i0.wp.com\/victoriavynn.ca\/wp-content\/uploads\/2023\/04\/AVAILABLE-IN-DIFFERENT-SHAPES.webp?resize=10%2C12&amp;ssl=1 10w\" sizes=\"auto, (max-width: 125px) 100vw, 125px\" \/> <img loading=\"lazy\" decoding=\"async\" class=\"size-medium wp-image-11515 alignleft\" src=\"https:\/\/victoriavynn.ca\/wp-content\/uploads\/2023\/04\/STRONG-DURABLE.webp\" alt=\"\" width=\"125\" height=\"150\" srcset=\"https:\/\/i0.wp.com\/victoriavynn.ca\/wp-content\/uploads\/2023\/04\/STRONG-DURABLE.webp?w=125&amp;ssl=1 125w, https:\/\/i0.wp.com\/victoriavynn.ca\/wp-content\/uploads\/2023\/04\/STRONG-DURABLE.webp?resize=10%2C12&amp;ssl=1 10w\" sizes=\"auto, (max-width: 125px) 100vw, 125px\" \/> <img loading=\"lazy\" decoding=\"async\" class=\"size-medium wp-image-11516 alignleft\" src=\"https:\/\/victoriavynn.ca\/wp-content\/uploads\/2023\/04\/SOFT-GEL-NAIL-TIPS-FLEXIBLE.webp\" alt=\"\" width=\"125\" height=\"150\" srcset=\"https:\/\/i0.wp.com\/victoriavynn.ca\/wp-content\/uploads\/2023\/04\/SOFT-GEL-NAIL-TIPS-FLEXIBLE.webp?w=125&amp;ssl=1 125w, https:\/\/i0.wp.com\/victoriavynn.ca\/wp-content\/uploads\/2023\/04\/SOFT-GEL-NAIL-TIPS-FLEXIBLE.webp?resize=10%2C12&amp;ssl=1 10w\" sizes=\"auto, (max-width: 125px) 100vw, 125px\" \/><\/p>\n<p>&nbsp;<\/p>\n<p>&nbsp;<\/p>\n<p>&nbsp;<\/p>\n<p>&nbsp;<\/p>\n<p>&nbsp;<\/p>\n<p>&nbsp;<\/p>\n<p>&nbsp;<\/p>","protected":false},"featured_media":11600,"comment_status":"open","ping_status":"closed","template":"","meta":[],"product_brand":[],"product_cat":[558],"product_tag":[561],"class_list":{"0":"post-11322","1":"product","2":"type-product","3":"status-publish","4":"has-post-thumbnail","6":"product_cat-soft-gel-nail-tips","7":"product_tag-soft-gel-nail-tips-preparation","8":"product_shipping_class-cardboard-box","9":"pa_size-15ml","11":"first","12":"instock","13":"taxable","14":"shipping-taxable","15":"purchasable","16":"product-type-simple"},"jetpack_sharing_enabled":true,"_links":{"self":[{"href":"https:\/\/victoriavynn.ca\/fr\/wp-json\/wp\/v2\/product\/11322","targetHints":{"allow":["GET"]}}],"collection":[{"href":"https:\/\/victoriavynn.ca\/fr\/wp-json\/wp\/v2\/product"}],"about":[{"href":"https:\/\/victoriavynn.ca\/fr\/wp-json\/wp\/v2\/types\/product"}],"replies":[{"embeddable":true,"href":"https:\/\/victoriavynn.ca\/fr\/wp-json\/wp\/v2\/comments?post=11322"}],"wp:featuredmedia":[{"embeddable":true,"href":"https:\/\/victoriavynn.ca\/fr\/wp-json\/wp\/v2\/media\/11600"}],"wp:attachment":[{"href":"https:\/\/victoriavynn.ca\/fr\/wp-json\/wp\/v2\/media?parent=11322"}],"wp:term":[{"taxonomy":"product_brand","embeddable":true,"href":"https:\/\/victoriavynn.ca\/fr\/wp-json\/wp\/v2\/product_brand?post=11322"},{"taxonomy":"product_cat","embeddable":true,"href":"https:\/\/victoriavynn.ca\/fr\/wp-json\/wp\/v2\/product_cat?post=11322"},{"taxonomy":"product_tag","embeddable":true,"href":"https:\/\/victoriavynn.ca\/fr\/wp-json\/wp\/v2\/product_tag?post=11322"}],"curies":[{"name":"wp","href":"https:\/\/api.w.org\/{rel}","templated":true}]}}