{"id":11342,"date":"2023-04-13T23:06:37","date_gmt":"2023-04-14T03:06:37","guid":{"rendered":"https:\/\/victoriavynn.ca\/product\/pharm-foot-herbal-remedy-500g-ozone-oil-herbs-line\/"},"modified":"2026-04-02T22:50:35","modified_gmt":"2026-04-03T02:50:35","slug":"meilleure-pedicure-sel-relaxant-remede-a-base-de-plantes","status":"publish","type":"product","link":"https:\/\/victoriavynn.ca\/fr\/product\/best-pedicure-relaxing-salt-herbal-remedy\/","title":{"rendered":"Pharm Foot Herbal reMEDY 500g (Ligne Ozone Oil &amp; Herbs)"},"content":{"rendered":"<div class=\"title\">\n<p>Le meilleur sel relaxant pour p\u00e9dicure.<\/p>\n<p>Pharm Foot Herbal reMEDY est un produit tr\u00e8s bien class\u00e9 en mati\u00e8re de soulagement.  Herbal reMEDY soulage les pieds fatigu\u00e9s et lourds et r\u00e9duit leur gonflement.<\/p>\n<p>Usage domestique - Capacit\u00e9 <strong>500g<\/strong><br \/>\n(environ 12 traitements)<\/p>\n<p>&nbsp;<\/p>\n<p>RECOMMANDATIONS<br \/>\n<strong>reM\u00e9diation \u00e0 base de plantes<\/strong><\/p>\n<\/div>\n<div class=\"text text-2\">\n<ul>\n<li>sel de bain de pieds iode-brome<\/li>\n<li>pour les peaux \u00e0 probl\u00e8mes pr\u00e9sentant des troubles du microbiome cutan\u00e9<\/li>\n<li>pour les traitements qui soutiennent la lutte contre la teigne, les verrues virales<\/li>\n<li>recommand\u00e9 en cas de probl\u00e8mes rhumatologiques, de gonflement et de pieds fatigu\u00e9s<\/li>\n<li>pour les peaux normales et les peaux ayant tendance \u00e0 l'hyperhidrose<\/li>\n<\/ul>\n<div class=\"title\">\n<p>&nbsp;<\/p>\n<p>EFFET<br \/>\n<strong>reM\u00e9diation \u00e0 base de plantes<\/strong><\/p>\n<\/div>\n<div class=\"text text-2\">\n<ul>\n<li>soulage les pieds fatigu\u00e9s et lourds et r\u00e9duit leur gonflement<\/li>\n<li>favorise la r\u00e9g\u00e9n\u00e9ration de la peau du pied<\/li>\n<li>poss\u00e8de des propri\u00e9t\u00e9s aromath\u00e9rapeutiques<\/li>\n<\/ul>\n<div class=\"title\">\n<p>&nbsp;<\/p>\n<p>MODE D'EMPLOI<br \/>\n<strong>reM\u00e9diation \u00e0 base de plantes<\/strong><\/p>\n<\/div>\n<div class=\"text text-2\">\n<ul>\n<li>pr\u00e9parer une solution avec 40 g de sel et 3 litres d'eau ti\u00e8de<\/li>\n<li>temps de bain jusqu'\u00e0 20 min<\/li>\n<li>utiliser 1 \u00e0 2 fois par semaine ou selon les recommandations d'un podologue<\/li>\n<li>les meilleurs r\u00e9sultats peuvent \u00eatre obtenus par une utilisation syst\u00e9matique<\/li>\n<\/ul>\n<p>&nbsp;<\/p>\n<p>INGREDIENTS<br \/>\n<strong>reM\u00e9diation \u00e0 base de plantes<\/strong><\/p>\n<p>Chlorure de sodium, huile d'olive ozonis\u00e9e, huile de feuilles de Rosmarinus Officinalis, huile d'Origanum Vulgare, huile de Lavandula Angustifolia, Linalool, CI 47005, CI 42080, CI 19140.<\/p>\n<\/div>\n<\/div>\n<\/div>","protected":false},"excerpt":{"rendered":"<p>Le meilleur sel relaxant pour p\u00e9dicure.<\/p>\n<p>Pharm Foot Herbal reMEDY est un produit tr\u00e8s bien class\u00e9 en mati\u00e8re de soulagement.  Herbal reMEDY soulage les pieds fatigu\u00e9s et lourds et r\u00e9duit leur gonflement.<\/p>\n<p>Usage domestique - Capacit\u00e9 <strong>500g<\/strong><br \/>\n(environ 12 traitements)<\/p>\n<p>Sp\u00e9cifications des produits :<\/p>\n<p><img loading=\"lazy\" decoding=\"async\" class=\"size-full wp-image-11786 alignleft\" src=\"https:\/\/victoriavynn.ca\/wp-content\/uploads\/2023\/04\/IMPROVEMENT-OF-SKIN-CONDITION-2.webp\" alt=\"AM\u00c9LIORATION DE L&#039;\u00c9TAT DE LA PEAU\" width=\"125\" height=\"150\" srcset=\"https:\/\/i0.wp.com\/victoriavynn.ca\/wp-content\/uploads\/2023\/04\/IMPROVEMENT-OF-SKIN-CONDITION-2.webp?w=125&amp;ssl=1 125w, https:\/\/i0.wp.com\/victoriavynn.ca\/wp-content\/uploads\/2023\/04\/IMPROVEMENT-OF-SKIN-CONDITION-2.webp?resize=10%2C12&amp;ssl=1 10w\" sizes=\"auto, (max-width: 125px) 100vw, 125px\" \/><\/p>\n<p><img loading=\"lazy\" decoding=\"async\" class=\"size-full wp-image-11783 alignleft\" src=\"https:\/\/victoriavynn.ca\/wp-content\/uploads\/2023\/04\/SOOTHING-EFFECT-PHARM-FOOT.webp\" alt=\"EFFET APAISANT PHARM PIED\" width=\"125\" height=\"150\" srcset=\"https:\/\/i0.wp.com\/victoriavynn.ca\/wp-content\/uploads\/2023\/04\/SOOTHING-EFFECT-PHARM-FOOT.webp?w=125&amp;ssl=1 125w, https:\/\/i0.wp.com\/victoriavynn.ca\/wp-content\/uploads\/2023\/04\/SOOTHING-EFFECT-PHARM-FOOT.webp?resize=10%2C12&amp;ssl=1 10w\" sizes=\"auto, (max-width: 125px) 100vw, 125px\" \/><\/p>\n<p><img loading=\"lazy\" decoding=\"async\" class=\"size-full wp-image-11800 alignleft\" src=\"https:\/\/victoriavynn.ca\/wp-content\/uploads\/2023\/04\/AROMATHERAPEUTIC-PROPERTIES.webp\" alt=\"PROPRI\u00c9T\u00c9S AROMATH\u00c9RAPEUTIQUES\" width=\"125\" height=\"150\" srcset=\"https:\/\/i0.wp.com\/victoriavynn.ca\/wp-content\/uploads\/2023\/04\/AROMATHERAPEUTIC-PROPERTIES.webp?w=125&amp;ssl=1 125w, https:\/\/i0.wp.com\/victoriavynn.ca\/wp-content\/uploads\/2023\/04\/AROMATHERAPEUTIC-PROPERTIES.webp?resize=10%2C12&amp;ssl=1 10w\" sizes=\"auto, (max-width: 125px) 100vw, 125px\" \/><\/p>\n<p>&nbsp;<\/p>\n<p>&nbsp;<\/p>\n<p>&nbsp;<\/p>\n<p>&nbsp;<\/p>\n<p>&nbsp;<\/p>\n<p>&nbsp;<\/p>","protected":false},"featured_media":11801,"comment_status":"open","ping_status":"closed","template":"","meta":[],"product_brand":[],"product_cat":[557],"product_tag":[582],"class_list":{"0":"post-11342","1":"product","2":"type-product","3":"status-publish","4":"has-post-thumbnail","6":"product_cat-ozone-oil-herbs-line","7":"product_tag-salt","8":"product_shipping_class-cardboard-box","9":"pa_size-500-g","11":"first","12":"instock","13":"taxable","14":"shipping-taxable","15":"purchasable","16":"product-type-simple"},"jetpack_sharing_enabled":true,"_links":{"self":[{"href":"https:\/\/victoriavynn.ca\/fr\/wp-json\/wp\/v2\/product\/11342","targetHints":{"allow":["GET"]}}],"collection":[{"href":"https:\/\/victoriavynn.ca\/fr\/wp-json\/wp\/v2\/product"}],"about":[{"href":"https:\/\/victoriavynn.ca\/fr\/wp-json\/wp\/v2\/types\/product"}],"replies":[{"embeddable":true,"href":"https:\/\/victoriavynn.ca\/fr\/wp-json\/wp\/v2\/comments?post=11342"}],"wp:featuredmedia":[{"embeddable":true,"href":"https:\/\/victoriavynn.ca\/fr\/wp-json\/wp\/v2\/media\/11801"}],"wp:attachment":[{"href":"https:\/\/victoriavynn.ca\/fr\/wp-json\/wp\/v2\/media?parent=11342"}],"wp:term":[{"taxonomy":"product_brand","embeddable":true,"href":"https:\/\/victoriavynn.ca\/fr\/wp-json\/wp\/v2\/product_brand?post=11342"},{"taxonomy":"product_cat","embeddable":true,"href":"https:\/\/victoriavynn.ca\/fr\/wp-json\/wp\/v2\/product_cat?post=11342"},{"taxonomy":"product_tag","embeddable":true,"href":"https:\/\/victoriavynn.ca\/fr\/wp-json\/wp\/v2\/product_tag?post=11342"}],"curies":[{"name":"wp","href":"https:\/\/api.w.org\/{rel}","templated":true}]}}