{"id":11344,"date":"2023-04-13T23:06:41","date_gmt":"2023-04-14T03:06:41","guid":{"rendered":"https:\/\/victoriavynn.ca\/product\/pharm-foot-preventic-salve-75ml-ozone-oil-herbs-line\/"},"modified":"2026-03-04T17:45:19","modified_gmt":"2026-03-04T22:45:19","slug":"meilleure-pommade-protectrice-pour-pedicure","status":"publish","type":"product","link":"https:\/\/victoriavynn.ca\/fr\/product\/best-protective-pedicure-barrier-ointment\/","title":{"rendered":"Pharm Foot PREVENTIC SALVE 75ml (Ozone Oil &amp; Herbs Line)"},"content":{"rendered":"<div class=\"title\">\n<p>Pharm Foot PREVENTIC SALVE figure parmi les meilleures pommades protectrices pour les pieds, la peau, les mains et le corps.<\/p>\n<p>Pour le salon et la maison - Capacit\u00e9 <strong>75ml<\/strong><br \/>\n(environ 60 traitements)<\/p>\n<p>&nbsp;<\/p>\n<p>RECOMMANDATIONS<br \/>\n<strong>POMMADE PR\u00c9VENTIVE<\/strong><\/p>\n<\/div>\n<div class=\"text text-2\">\n<ul>\n<li>pommade barri\u00e8re pour la r\u00e9g\u00e9n\u00e9ration de la peau probl\u00e9matique des pieds, des mains et du corps<\/li>\n<li>pour tous les types de peau, y compris les peaux tr\u00e8s s\u00e8ches<\/li>\n<li>\u00e0 titre prophylactique pour les probl\u00e8mes de teigne et de verrues virales<\/li>\n<li>\u00e9galement recommand\u00e9 pour les diab\u00e9tiques<\/li>\n<\/ul>\n<div class=\"title\">\n<p>&nbsp;<\/p>\n<p>EFFET<br \/>\n<strong>POMMADE PR\u00c9VENTIVE<\/strong><\/p>\n<\/div>\n<div class=\"text text-2\">\n<ul>\n<li>forme une couche occlusive qui prot\u00e8ge la peau de la perte d'humidit\u00e9 et des facteurs externes<\/li>\n<li>renforce et am\u00e9liore l'\u00e9tat de la peau<\/li>\n<\/ul>\n<div class=\"title\">\n<p>&nbsp;<\/p>\n<p>MODE D'EMPLOI<br \/>\n<strong>POMMADE PR\u00c9VENTIVE<\/strong><\/p>\n<\/div>\n<div class=\"text text-2\">\n<ul>\n<li>r\u00e9chauffer une petite quantit\u00e9 de pommade dans les mains et la faire p\u00e9n\u00e9trer dans la peau en massant.<\/li>\n<li>utiliser 1 \u00e0 2 fois par jour ou selon les recommandations d'un podologue<\/li>\n<\/ul>\n<p>&nbsp;<\/p>\n<p>INGREDIENTS<br \/>\n<strong>POMMADE PR\u00c9VENTIVE<\/strong><\/p>\n<p>Butyrospermum Parkii (beurre de karit\u00e9), Helianthus Annuus (huile de tournesol), alcool c\u00e9t\u00e9arylique, cire d'abeille, palmitate d'isopropyle, huile de fruit Olea Europaea, huile de graine de chanvre Cannabis sativa, huile de noyau d'abricot Prunus Armeniaca, Persea Gratissima (Avocado) Oil, 7-Dehydrocholesterol, Origanum Vulgare Oil, Tocopherol Acetate, Lavandula Angustifolia Oil, Rosmarinus Officinalis Oil, Citrus Limon Peel Oil, Limonene*, Linalool*, Citral*, Coumarin*, Geraniol*, Citronellol*.<\/p>\n<\/div>\n<\/div>\n<\/div>","protected":false},"excerpt":{"rendered":"<p>Pharm Foot PREVENTIC SALVE figure parmi les meilleures pommades protectrices pour les pieds, la peau, les mains et le corps. Elle forme une couche occlusive qui prot\u00e8ge la peau de la perte d'humidit\u00e9 et des facteurs externes. En outre, elle renforce et am\u00e9liore l'\u00e9tat de la peau.<\/p>\n<p>Pour le salon et la maison - Capacit\u00e9 <strong>75ml<\/strong><br \/>\n(environ 60 traitements)<\/p>\n<p>Sp\u00e9cifications des produits :<\/p>\n<p><img loading=\"lazy\" decoding=\"async\" class=\"size-full wp-image-11786 alignleft\" src=\"https:\/\/victoriavynn.ca\/wp-content\/uploads\/2023\/04\/IMPROVEMENT-OF-SKIN-CONDITION-2.webp\" alt=\"AM\u00c9LIORATION DE L&#039;\u00c9TAT DE LA PEAU\" width=\"125\" height=\"150\" srcset=\"https:\/\/i0.wp.com\/victoriavynn.ca\/wp-content\/uploads\/2023\/04\/IMPROVEMENT-OF-SKIN-CONDITION-2.webp?w=125&amp;ssl=1 125w, https:\/\/i0.wp.com\/victoriavynn.ca\/wp-content\/uploads\/2023\/04\/IMPROVEMENT-OF-SKIN-CONDITION-2.webp?resize=10%2C12&amp;ssl=1 10w\" sizes=\"auto, (max-width: 125px) 100vw, 125px\" \/><\/p>\n<p><img loading=\"lazy\" decoding=\"async\" class=\"size-full wp-image-11783 alignleft\" src=\"https:\/\/victoriavynn.ca\/wp-content\/uploads\/2023\/04\/SOOTHING-EFFECT-PHARM-FOOT.webp\" alt=\"EFFET APAISANT PHARM PIED\" width=\"125\" height=\"150\" srcset=\"https:\/\/i0.wp.com\/victoriavynn.ca\/wp-content\/uploads\/2023\/04\/SOOTHING-EFFECT-PHARM-FOOT.webp?w=125&amp;ssl=1 125w, https:\/\/i0.wp.com\/victoriavynn.ca\/wp-content\/uploads\/2023\/04\/SOOTHING-EFFECT-PHARM-FOOT.webp?resize=10%2C12&amp;ssl=1 10w\" sizes=\"auto, (max-width: 125px) 100vw, 125px\" \/><\/p>\n<p><img loading=\"lazy\" decoding=\"async\" class=\"size-full wp-image-11794 alignleft\" src=\"https:\/\/victoriavynn.ca\/wp-content\/uploads\/2023\/04\/PROTECTIVE-PROPERTIES.webp\" alt=\"PROPRI\u00c9T\u00c9S PROTECTRICES\" width=\"125\" height=\"150\" srcset=\"https:\/\/i0.wp.com\/victoriavynn.ca\/wp-content\/uploads\/2023\/04\/PROTECTIVE-PROPERTIES.webp?w=125&amp;ssl=1 125w, https:\/\/i0.wp.com\/victoriavynn.ca\/wp-content\/uploads\/2023\/04\/PROTECTIVE-PROPERTIES.webp?resize=10%2C12&amp;ssl=1 10w\" sizes=\"auto, (max-width: 125px) 100vw, 125px\" \/><\/p>\n<p>&nbsp;<\/p>\n<p>&nbsp;<\/p>\n<p>&nbsp;<\/p>\n<p>&nbsp;<\/p>\n<p>&nbsp;<\/p>\n<p>&nbsp;<\/p>","protected":false},"featured_media":11795,"comment_status":"open","ping_status":"closed","template":"","meta":[],"product_brand":[],"product_cat":[557],"product_tag":[579],"class_list":{"0":"post-11344","1":"product","2":"type-product","3":"status-publish","4":"has-post-thumbnail","6":"product_cat-ozone-oil-herbs-line","7":"product_tag-ointments","8":"product_shipping_class-cardboard-box","9":"pa_size-75-ml","11":"first","12":"instock","13":"taxable","14":"shipping-taxable","15":"purchasable","16":"product-type-simple"},"jetpack_sharing_enabled":true,"_links":{"self":[{"href":"https:\/\/victoriavynn.ca\/fr\/wp-json\/wp\/v2\/product\/11344","targetHints":{"allow":["GET"]}}],"collection":[{"href":"https:\/\/victoriavynn.ca\/fr\/wp-json\/wp\/v2\/product"}],"about":[{"href":"https:\/\/victoriavynn.ca\/fr\/wp-json\/wp\/v2\/types\/product"}],"replies":[{"embeddable":true,"href":"https:\/\/victoriavynn.ca\/fr\/wp-json\/wp\/v2\/comments?post=11344"}],"wp:featuredmedia":[{"embeddable":true,"href":"https:\/\/victoriavynn.ca\/fr\/wp-json\/wp\/v2\/media\/11795"}],"wp:attachment":[{"href":"https:\/\/victoriavynn.ca\/fr\/wp-json\/wp\/v2\/media?parent=11344"}],"wp:term":[{"taxonomy":"product_brand","embeddable":true,"href":"https:\/\/victoriavynn.ca\/fr\/wp-json\/wp\/v2\/product_brand?post=11344"},{"taxonomy":"product_cat","embeddable":true,"href":"https:\/\/victoriavynn.ca\/fr\/wp-json\/wp\/v2\/product_cat?post=11344"},{"taxonomy":"product_tag","embeddable":true,"href":"https:\/\/victoriavynn.ca\/fr\/wp-json\/wp\/v2\/product_tag?post=11344"}],"curies":[{"name":"wp","href":"https:\/\/api.w.org\/{rel}","templated":true}]}}