{"id":11346,"date":"2023-04-13T23:06:45","date_gmt":"2023-04-14T03:06:45","guid":{"rendered":"https:\/\/victoriavynn.ca\/product\/pharm-foot-relief-mousse-105ml-ozone-oil-herbs-line\/"},"modified":"2026-04-02T22:50:35","modified_gmt":"2026-04-03T02:50:35","slug":"meilleure-mousse-pedicure-apaisante-herbes-a-lozone","status":"publish","type":"product","link":"https:\/\/victoriavynn.ca\/fr\/product\/best-soothing-pedicure-foam-ozone-herbs\/","title":{"rendered":"Pharm Foot reLIEF MOUSSE 105ml (Ozone Oil &amp; Herbs Line)"},"content":{"rendered":"<div class=\"title\">\n<p>Pharm Foot reLIEF MOUSSE figure parmi les meilleures mousses de p\u00e9dicure apaisantes.<\/p>\n<p>Pour le salon et la maison - Capacit\u00e9 <strong>105ml<\/strong><br \/>\n(environ 12 traitements)<\/p>\n<p>&nbsp;<\/p>\n<p>RECOMMANDATIONS<br \/>\n<strong>reLIEF MOUSSE<\/strong><\/p>\n<\/div>\n<div class=\"text text-2\">\n<ul>\n<li>mousse l\u00e9g\u00e8re \u00e0 base de plantes pour le soin de la peau des pieds \u00e0 probl\u00e8mes<\/li>\n<li>pour les peaux fines, d\u00e9licates et peu vascularis\u00e9es<\/li>\n<li>comme prophylaxie contre les pieds fatigu\u00e9s et enfl\u00e9s<\/li>\n<li>\u00e9galement recommand\u00e9 pour les diab\u00e9tiques<\/li>\n<\/ul>\n<div class=\"title\">\n<p>&nbsp;<\/p>\n<p>EFFET<br \/>\n<strong>reLIEF MOUSSE<\/strong><\/p>\n<\/div>\n<div class=\"text text-2\">\n<ul>\n<li>a des propri\u00e9t\u00e9s r\u00e9g\u00e9n\u00e9ratrices, apaisantes et calmantes<\/li>\n<li>donne la sensation de jambes l\u00e9g\u00e8res et bien repos\u00e9es<\/li>\n<li>am\u00e9liore l'\u00e9tat de la peau et la renforce<\/li>\n<li>refroidit en douceur<\/li>\n<\/ul>\n<div class=\"title\">\n<p>&nbsp;<\/p>\n<p>MODE D'EMPLOI<br \/>\n<strong>reLIEF MOUSSE<\/strong><\/p>\n<\/div>\n<div class=\"text text-2\">\n<ul>\n<li>agiter avant utilisation<\/li>\n<li>tenir le r\u00e9cipient en position verticale<\/li>\n<li>extraire une quantit\u00e9 appropri\u00e9e de mousse<\/li>\n<li>massage des pieds et des jambes<\/li>\n<li>laisser reposer jusqu'\u00e0 absorption<\/li>\n<li>utiliser 1 \u00e0 2 fois par jour ou \u00e0 la fin d'un traitement des pieds<\/li>\n<\/ul>\n<p>&nbsp;<\/p>\n<p>INGREDIENTS<br \/>\n<strong>reLIEF MOUSSE<\/strong><\/p>\n<p>Aqua, Butane, Isostearyl Isostearate, Glycerin, Propane, Butyrospermum Parkii Butter, Glyceryl Stearates, Olus Oil, Glyceryl Stearate Citrate, Propylene Glycol, Cetyl Palmitate, Hydroxyacetophenone, Arnica Montana Flower Extract, Aesculus Hippocastanum Seed Extract, Prunus Amygdalus Dulcis Oil, Ozonized Olive Oil, Cannabis Sativa Seed Oil, 7-Dehydrocholesterol, Menthol, Lauryl Glucoside, Huile de Glycine Soja, Polyacrylate de sodium, 1,2-Hexanediol, Caprylyl Glycol, Cocamidopropyl Betaine, Huile v\u00e9g\u00e9tale hydrog\u00e9n\u00e9e, Candelilla Cera, Hydroxypropyl Cyclodextrine, Potassium Sorbate, Sodium Benzoate, Beta-Sitosterol, Tocopherol, Squalene, Parfum, Linalool, Alpha-Isomethyl Ionone, Limonene, Hexyl Cinnamal, Citronellol, Eugenol.<\/p>\n<\/div>\n<\/div>\n<\/div>","protected":false},"excerpt":{"rendered":"<p>Pharm Foot reLIEF MOUSSE figure parmi les meilleures mousses de p\u00e9dicure apaisantes. Gr\u00e2ce \u00e0 ses propri\u00e9t\u00e9s r\u00e9g\u00e9n\u00e9ratrices, apaisantes et calmantes, reLIEF MOUSSE donne la sensation de jambes l\u00e9g\u00e8res et repos\u00e9es. Elle am\u00e9liore \u00e9galement l'\u00e9tat de la peau et la renforce, tout en la rafra\u00eechissant en douceur.<\/p>\n<p>Pour le salon et la maison - Capacit\u00e9 <strong>105ml<\/strong><br \/>\n(environ 12 traitements)<\/p>\n<p>Sp\u00e9cifications des produits :<\/p>\n<p><img loading=\"lazy\" decoding=\"async\" class=\"size-full wp-image-11786 alignleft\" src=\"https:\/\/victoriavynn.ca\/wp-content\/uploads\/2023\/04\/IMPROVEMENT-OF-SKIN-CONDITION-2.webp\" alt=\"AM\u00c9LIORATION DE L&#039;\u00c9TAT DE LA PEAU\" width=\"125\" height=\"150\" srcset=\"https:\/\/i0.wp.com\/victoriavynn.ca\/wp-content\/uploads\/2023\/04\/IMPROVEMENT-OF-SKIN-CONDITION-2.webp?w=125&amp;ssl=1 125w, https:\/\/i0.wp.com\/victoriavynn.ca\/wp-content\/uploads\/2023\/04\/IMPROVEMENT-OF-SKIN-CONDITION-2.webp?resize=10%2C12&amp;ssl=1 10w\" sizes=\"auto, (max-width: 125px) 100vw, 125px\" \/><\/p>\n<p><img loading=\"lazy\" decoding=\"async\" class=\"size-full wp-image-11783 alignleft\" src=\"https:\/\/victoriavynn.ca\/wp-content\/uploads\/2023\/04\/SOOTHING-EFFECT-PHARM-FOOT.webp\" alt=\"EFFET APAISANT PHARM PIED\" width=\"125\" height=\"150\" srcset=\"https:\/\/i0.wp.com\/victoriavynn.ca\/wp-content\/uploads\/2023\/04\/SOOTHING-EFFECT-PHARM-FOOT.webp?w=125&amp;ssl=1 125w, https:\/\/i0.wp.com\/victoriavynn.ca\/wp-content\/uploads\/2023\/04\/SOOTHING-EFFECT-PHARM-FOOT.webp?resize=10%2C12&amp;ssl=1 10w\" sizes=\"auto, (max-width: 125px) 100vw, 125px\" \/><\/p>\n<p><img loading=\"lazy\" decoding=\"async\" class=\"size-full wp-image-8450 alignleft\" src=\"https:\/\/victoriavynn.ca\/wp-content\/uploads\/2022\/12\/REGENERATION.jpg\" alt=\"R\u00c9G\u00c9N\u00c9RATION\" width=\"125\" height=\"125\" srcset=\"https:\/\/i0.wp.com\/victoriavynn.ca\/wp-content\/uploads\/2022\/12\/REGENERATION.jpg?w=125&amp;ssl=1 125w, https:\/\/i0.wp.com\/victoriavynn.ca\/wp-content\/uploads\/2022\/12\/REGENERATION.jpg?resize=100%2C100&amp;ssl=1 100w, https:\/\/i0.wp.com\/victoriavynn.ca\/wp-content\/uploads\/2022\/12\/REGENERATION.jpg?resize=32%2C32&amp;ssl=1 32w, https:\/\/i0.wp.com\/victoriavynn.ca\/wp-content\/uploads\/2022\/12\/REGENERATION.jpg?resize=50%2C50&amp;ssl=1 50w\" sizes=\"auto, (max-width: 125px) 100vw, 125px\" \/><\/p>\n<p>&nbsp;<\/p>\n<p>&nbsp;<\/p>\n<p>&nbsp;<\/p>\n<p>&nbsp;<\/p>\n<p>&nbsp;<\/p>\n<p>&nbsp;<\/p>\n<p>&nbsp;<\/p>\n<p>&nbsp;<\/p>","protected":false},"featured_media":11787,"comment_status":"open","ping_status":"closed","template":"","meta":{"jetpack_post_was_ever_published":false,"jetpack_publicize_message":"","jetpack_publicize_feature_enabled":true,"jetpack_social_post_already_shared":false,"jetpack_social_options":{"image_generator_settings":{"template":"highway","default_image_id":0,"font":"","enabled":false},"version":2}},"product_brand":[],"product_cat":[557],"product_tag":[580],"class_list":{"0":"post-11346","1":"product","2":"type-product","3":"status-publish","4":"has-post-thumbnail","6":"product_cat-ozone-oil-herbs-line","7":"product_tag-foam","8":"product_shipping_class-cardboard-box","9":"pa_size-105-ml","11":"first","12":"instock","13":"taxable","14":"shipping-taxable","15":"purchasable","16":"product-type-simple"},"jetpack_publicize_connections":[],"jetpack-related-posts":[{"id":43028,"url":"https:\/\/victoriavynn.ca\/fr\/product\/ulka-diamond-ball-bit-blue-4mm-b040-m\/","url_meta":{"origin":11346,"position":0},"title":"\u00dcLKA M\u00e8che \u00e0 clous diamant\u00e9e t\u00eate bleue diam\u00e8tre 4 mm (B040-M)","author":"Serge Sahakian","date":"D\u00e9cembre 10, 2025","format":false,"excerpt":"L'embout \u00e0 bille \u00dcLKA Diamond en marquage bleu est id\u00e9al pour traiter la zone de la cuticule et les parois lat\u00e9rales. Son grain moyen permet d'\u00e9quilibrer la pr\u00e9cision et l'efficacit\u00e9, garantissant une performance contr\u00f4l\u00e9e et fiable. Sp\u00e9cifications du produit : Forme : Boule Grain : Diam\u00e8tre moyen de la t\u00eate : 4,0 mm Mat\u00e9riau : Rev\u00eatement en diamant de haute qualit\u00e9 Couleur du grain : Bleu Code produit : B040-M","rel":"","context":"Similar post","block_context":{"text":"Similar post","link":""},"img":{"alt_text":"U\u0308LKA Diamond Nail Drill Bit Ball Blue Head 4 mm \u2013 B040-M","src":"https:\/\/i0.wp.com\/victoriavynn.ca\/wp-content\/uploads\/2025\/12\/ulka-diamond-nail-drill-bit-ball-blue-head-4-mm-%E2%80%93-b040-m.webp?fit=750%2C1000&ssl=1&resize=350%2C200","width":350,"height":200,"srcset":"https:\/\/i0.wp.com\/victoriavynn.ca\/wp-content\/uploads\/2025\/12\/ulka-diamond-nail-drill-bit-ball-blue-head-4-mm-%E2%80%93-b040-m.webp?fit=750%2C1000&ssl=1&resize=350%2C200 1x, https:\/\/i0.wp.com\/victoriavynn.ca\/wp-content\/uploads\/2025\/12\/ulka-diamond-nail-drill-bit-ball-blue-head-4-mm-%E2%80%93-b040-m.webp?fit=750%2C1000&ssl=1&resize=525%2C300 1.5x, https:\/\/i0.wp.com\/victoriavynn.ca\/wp-content\/uploads\/2025\/12\/ulka-diamond-nail-drill-bit-ball-blue-head-4-mm-%E2%80%93-b040-m.webp?fit=750%2C1000&ssl=1&resize=700%2C400 2x"},"classes":[]},{"id":41598,"url":"https:\/\/victoriavynn.ca\/fr\/product\/pharm-foot-spa-ritual-rice-milk-cherry-blossom-scrub-and-butter-for-feet-hands-and-body\/","url_meta":{"origin":11346,"position":1},"title":"Pharm Foot SPA Ritual Rice Milk &amp; Cherry Blossom Scrub and Butter for Feet Hands and body (gommage et beurre pour les pieds, les mains et le corps)","author":"Serge Sahakian","date":"novembre 19, 2025","format":false,"excerpt":"","rel":"","context":"Similar post","block_context":{"text":"Similar post","link":""},"img":{"alt_text":"","src":"https:\/\/i0.wp.com\/victoriavynn.ca\/wp-content\/uploads\/2025\/11\/spa-ritual-set-rice-milk-cherry-blossom-4.jpg?fit=1200%2C1200&ssl=1&resize=350%2C200","width":350,"height":200,"srcset":"https:\/\/i0.wp.com\/victoriavynn.ca\/wp-content\/uploads\/2025\/11\/spa-ritual-set-rice-milk-cherry-blossom-4.jpg?fit=1200%2C1200&ssl=1&resize=350%2C200 1x, https:\/\/i0.wp.com\/victoriavynn.ca\/wp-content\/uploads\/2025\/11\/spa-ritual-set-rice-milk-cherry-blossom-4.jpg?fit=1200%2C1200&ssl=1&resize=525%2C300 1.5x, https:\/\/i0.wp.com\/victoriavynn.ca\/wp-content\/uploads\/2025\/11\/spa-ritual-set-rice-milk-cherry-blossom-4.jpg?fit=1200%2C1200&ssl=1&resize=700%2C400 2x, https:\/\/i0.wp.com\/victoriavynn.ca\/wp-content\/uploads\/2025\/11\/spa-ritual-set-rice-milk-cherry-blossom-4.jpg?fit=1200%2C1200&ssl=1&resize=1050%2C600 3x"},"classes":[]},{"id":41600,"url":"https:\/\/victoriavynn.ca\/fr\/product\/pharm-foot-spa-ritual-orange-clove-scrub-and-butter-for-feet-hands-and-body-with-natural-oils\/","url_meta":{"origin":11346,"position":2},"title":"Pharm Foot SPA Ritual Orange &amp; Clove Scrub and Butter for Feet Hands and body with natural oils (gommage et beurre pour les pieds, les mains et le corps avec des huiles naturelles)","author":"Serge Sahakian","date":"novembre 19, 2025","format":false,"excerpt":"","rel":"","context":"Similar post","block_context":{"text":"Similar post","link":""},"img":{"alt_text":"","src":"https:\/\/i0.wp.com\/victoriavynn.ca\/wp-content\/uploads\/2025\/11\/spa-ritual-set-orange-clove-4.jpg?fit=1200%2C1200&ssl=1&resize=350%2C200","width":350,"height":200,"srcset":"https:\/\/i0.wp.com\/victoriavynn.ca\/wp-content\/uploads\/2025\/11\/spa-ritual-set-orange-clove-4.jpg?fit=1200%2C1200&ssl=1&resize=350%2C200 1x, https:\/\/i0.wp.com\/victoriavynn.ca\/wp-content\/uploads\/2025\/11\/spa-ritual-set-orange-clove-4.jpg?fit=1200%2C1200&ssl=1&resize=525%2C300 1.5x, https:\/\/i0.wp.com\/victoriavynn.ca\/wp-content\/uploads\/2025\/11\/spa-ritual-set-orange-clove-4.jpg?fit=1200%2C1200&ssl=1&resize=700%2C400 2x, https:\/\/i0.wp.com\/victoriavynn.ca\/wp-content\/uploads\/2025\/11\/spa-ritual-set-orange-clove-4.jpg?fit=1200%2C1200&ssl=1&resize=1050%2C600 3x"},"classes":[]},{"id":42959,"url":"https:\/\/victoriavynn.ca\/fr\/product\/ulka-dry-heat-sterilizer-jupiter-10v\/","url_meta":{"origin":11346,"position":3},"title":"\u00dcLKA St\u00e9rilisateur \u00e0 chaleur s\u00e8che Jupiter 10V","author":"Serge Sahakian","date":"D\u00e9cembre 10, 2025","format":false,"excerpt":"L'\u00dcLKA Jupiter 10V est un st\u00e9rilisateur \u00e0 chaleur s\u00e8che de grande capacit\u00e9 con\u00e7u pour les salons de coiffure tr\u00e8s fr\u00e9quent\u00e9s. Il permet une st\u00e9rilisation rapide et sans produits chimiques, prot\u00e8ge les outils m\u00e9talliques et garantit une hygi\u00e8ne compl\u00e8te \u00e0 chaque cycle. Sp\u00e9cifications du produit : St\u00e9rilisateur \u00e0 chaleur s\u00e8che de grande capacit\u00e9 pour les salons de coiffure \u00e0 grand volume Chauffage rapide et contr\u00f4le stable de la temp\u00e9rature St\u00e9rilisation sans produits chimiques - pas de corrosion ni d'humidit\u00e9 Durable....","rel":"","context":"Similar post","block_context":{"text":"Similar post","link":""},"img":{"alt_text":"ulka dry heat sterilzier jupiter 10v","src":"https:\/\/i0.wp.com\/victoriavynn.ca\/wp-content\/uploads\/2025\/12\/ulka-dry-heat-sterilzier-jupiter-10v.webp?fit=750%2C1000&ssl=1&resize=350%2C200","width":350,"height":200,"srcset":"https:\/\/i0.wp.com\/victoriavynn.ca\/wp-content\/uploads\/2025\/12\/ulka-dry-heat-sterilzier-jupiter-10v.webp?fit=750%2C1000&ssl=1&resize=350%2C200 1x, https:\/\/i0.wp.com\/victoriavynn.ca\/wp-content\/uploads\/2025\/12\/ulka-dry-heat-sterilzier-jupiter-10v.webp?fit=750%2C1000&ssl=1&resize=525%2C300 1.5x, https:\/\/i0.wp.com\/victoriavynn.ca\/wp-content\/uploads\/2025\/12\/ulka-dry-heat-sterilzier-jupiter-10v.webp?fit=750%2C1000&ssl=1&resize=700%2C400 2x"},"classes":[]},{"id":42957,"url":"https:\/\/victoriavynn.ca\/fr\/product\/ulka-dry-heat-sterilizer-mercury-2v\/","url_meta":{"origin":11346,"position":4},"title":"\u00dcLKA St\u00e9rilisateur \u00e0 chaleur s\u00e8che Mercure 2V","author":"Serge Sahakian","date":"D\u00e9cembre 10, 2025","format":false,"excerpt":"L'\u00dcLKA Mercury 2V est un st\u00e9rilisateur \u00e0 chaleur s\u00e8che haute performance con\u00e7u pour les salons professionnels. Il offre une st\u00e9rilisation rapide et sans produits chimiques qui prot\u00e8ge les outils m\u00e9talliques, \u00e9limine les bact\u00e9ries et garantit une hygi\u00e8ne compl\u00e8te \u00e0 chaque cycle. Sp\u00e9cifications du produit : St\u00e9rilisation par chaleur s\u00e8che \u00e0 haute temp\u00e9rature pour une hygi\u00e8ne s\u00fbre et sans produits chimiques Parfait pour les outils m\u00e9talliques de manucure, de p\u00e9dicure et de cosm\u00e9tique...","rel":"","context":"Similar post","block_context":{"text":"Similar post","link":""},"img":{"alt_text":"ulka dry hear sterilizer mercury 2v","src":"https:\/\/i0.wp.com\/victoriavynn.ca\/wp-content\/uploads\/2025\/12\/ulka-dry-hear-sterilizer-mercury-2v-1-1.webp?fit=750%2C1000&ssl=1&resize=350%2C200","width":350,"height":200,"srcset":"https:\/\/i0.wp.com\/victoriavynn.ca\/wp-content\/uploads\/2025\/12\/ulka-dry-hear-sterilizer-mercury-2v-1-1.webp?fit=750%2C1000&ssl=1&resize=350%2C200 1x, https:\/\/i0.wp.com\/victoriavynn.ca\/wp-content\/uploads\/2025\/12\/ulka-dry-hear-sterilizer-mercury-2v-1-1.webp?fit=750%2C1000&ssl=1&resize=525%2C300 1.5x, https:\/\/i0.wp.com\/victoriavynn.ca\/wp-content\/uploads\/2025\/12\/ulka-dry-hear-sterilizer-mercury-2v-1-1.webp?fit=750%2C1000&ssl=1&resize=700%2C400 2x"},"classes":[]},{"id":42975,"url":"https:\/\/victoriavynn.ca\/fr\/product\/ulka-elbow-support-white\/","url_meta":{"origin":11346,"position":5},"title":"\u00dcLKA Coudi\u00e8re","author":"Serge Sahakian","date":"D\u00e9cembre 10, 2025","format":false,"excerpt":"Un coussin moelleux sauve les coudes du ma\u00eetre des ongles de la peau rugueuse et de la fatigue des mains. Il a une structure confortable, des accessoires de haute qualit\u00e9 et une large palette de couleurs. Il deviendra un assistant indispensable pour la manucure et la cliente. Ce petit coussin pour...","rel":"","context":"Similar post","block_context":{"text":"Similar post","link":""},"img":{"alt_text":"ulka White round elbow support cushion","src":"https:\/\/i0.wp.com\/victoriavynn.ca\/wp-content\/uploads\/2025\/12\/ulka-elbow-support-white.webp?fit=750%2C1000&ssl=1&resize=350%2C200","width":350,"height":200,"srcset":"https:\/\/i0.wp.com\/victoriavynn.ca\/wp-content\/uploads\/2025\/12\/ulka-elbow-support-white.webp?fit=750%2C1000&ssl=1&resize=350%2C200 1x, https:\/\/i0.wp.com\/victoriavynn.ca\/wp-content\/uploads\/2025\/12\/ulka-elbow-support-white.webp?fit=750%2C1000&ssl=1&resize=525%2C300 1.5x, https:\/\/i0.wp.com\/victoriavynn.ca\/wp-content\/uploads\/2025\/12\/ulka-elbow-support-white.webp?fit=750%2C1000&ssl=1&resize=700%2C400 2x"},"classes":[]}],"jetpack_sharing_enabled":true,"_links":{"self":[{"href":"https:\/\/victoriavynn.ca\/fr\/wp-json\/wp\/v2\/product\/11346","targetHints":{"allow":["GET"]}}],"collection":[{"href":"https:\/\/victoriavynn.ca\/fr\/wp-json\/wp\/v2\/product"}],"about":[{"href":"https:\/\/victoriavynn.ca\/fr\/wp-json\/wp\/v2\/types\/product"}],"replies":[{"embeddable":true,"href":"https:\/\/victoriavynn.ca\/fr\/wp-json\/wp\/v2\/comments?post=11346"}],"wp:featuredmedia":[{"embeddable":true,"href":"https:\/\/victoriavynn.ca\/fr\/wp-json\/wp\/v2\/media\/11787"}],"wp:attachment":[{"href":"https:\/\/victoriavynn.ca\/fr\/wp-json\/wp\/v2\/media?parent=11346"}],"wp:term":[{"taxonomy":"product_brand","embeddable":true,"href":"https:\/\/victoriavynn.ca\/fr\/wp-json\/wp\/v2\/product_brand?post=11346"},{"taxonomy":"product_cat","embeddable":true,"href":"https:\/\/victoriavynn.ca\/fr\/wp-json\/wp\/v2\/product_cat?post=11346"},{"taxonomy":"product_tag","embeddable":true,"href":"https:\/\/victoriavynn.ca\/fr\/wp-json\/wp\/v2\/product_tag?post=11346"}],"curies":[{"name":"wp","href":"https:\/\/api.w.org\/{rel}","templated":true}]}}