{"id":11348,"date":"2023-04-13T23:06:50","date_gmt":"2023-04-14T03:06:50","guid":{"rendered":"https:\/\/victoriavynn.ca\/product\/pharm-foot-paradise-touch-set-spa-ritual\/"},"modified":"2026-02-13T18:52:14","modified_gmt":"2026-02-13T23:52:14","slug":"pharm-foot-meilleur-gommage-et-beurre-corporel","status":"publish","type":"product","link":"https:\/\/victoriavynn.ca\/fr\/product\/pharm-foot-best-body-scrub-and-body-butter\/","title":{"rendered":"Pharm Foot Paradise Touch Set (SPA Ritual Paradise Touch)"},"content":{"rendered":"<p>L'ensemble des meilleurs gommages et beurres pour le corps comprend :<\/p>\n<ul>\n<li class=\"product_title entry-title\"><a href=\"https:\/\/victoriavynn.ca\/fr\/produit\/pharm-foot-meilleur-gommage-pour-les-mains-et-le-corps\/\">Pharm Foot Paradise Scrub 120ml (SPA Ritual Paradise Touch)<\/a><\/li>\n<li><a href=\"https:\/\/victoriavynn.ca\/fr\/produit\/pharm-foot-best-hand-and-body-butter\/\">Pharm Foot Paradise Butter 120ml (SPA Ritual Paradise Touch)<\/a><\/li>\n<\/ul>\n<p>Enrichis de 100% ingr\u00e9dients naturels tels que les huiles d'abricot, d'avocat, d'amande douce, le beurre de karit\u00e9 et la cire d'abeille, le SPA Ritual Scrub &amp; Butter laisse la peau merveilleusement hydrat\u00e9e, douce comme de la soie et radieuse. Le parfum des huiles essentielles de bergamote et de pamplemousse aux propri\u00e9t\u00e9s aromath\u00e9rapeutiques d\u00e9tend, am\u00e9liore l'humeur et ajoute de l'\u00e9nergie aux agrumes.<\/p>\n<p>&nbsp;<\/p>","protected":false},"excerpt":{"rendered":"<p>L'ensemble des meilleurs gommages et beurres pour le corps comprend :<\/p>\n<ul>\n<li class=\"product_title entry-title\"><a href=\"https:\/\/victoriavynn.ca\/fr\/produit\/pharm-foot-meilleur-gommage-pour-les-mains-et-le-corps\/\">Pharm Foot Paradise Scrub 120ml (SPA Ritual Paradise Touch)<\/a><\/li>\n<li><a href=\"https:\/\/victoriavynn.ca\/fr\/produit\/pharm-foot-best-hand-and-body-butter\/\">Pharm Foot Paradise Butter 120ml (SPA Ritual Paradise Touch)<\/a><\/li>\n<\/ul>\n<p>Enrichis de 100% ingr\u00e9dients naturels tels que les huiles d'abricot, d'avocat, d'amande douce, le beurre de karit\u00e9 et la cire d'abeille, le SPA Ritual Scrub &amp; Butter laisse la peau merveilleusement hydrat\u00e9e, douce comme de la soie et radieuse. Le parfum des huiles essentielles de bergamote et de pamplemousse aux propri\u00e9t\u00e9s aromath\u00e9rapeutiques d\u00e9tend, am\u00e9liore l'humeur et ajoute de l'\u00e9nergie aux agrumes.<\/p>\n<p>Sp\u00e9cifications du produit :<\/p>\n<p><img loading=\"lazy\" decoding=\"async\" class=\"size-full wp-image-8772 alignleft\" src=\"https:\/\/victoriavynn.ca\/wp-content\/uploads\/2019\/11\/SALON-QUALITY.webp\" alt=\"GEL NAIL BUILDER\" width=\"125\" height=\"150\" \/><\/p>\n<p><img loading=\"lazy\" decoding=\"async\" class=\"size-full wp-image-8446 alignleft\" src=\"https:\/\/victoriavynn.ca\/wp-content\/uploads\/2022\/12\/SUPER-MOISTURISER.png\" alt=\"\" width=\"125\" height=\"125\" srcset=\"https:\/\/i0.wp.com\/victoriavynn.ca\/wp-content\/uploads\/2022\/12\/SUPER-MOISTURISER.png?w=125&amp;ssl=1 125w, https:\/\/i0.wp.com\/victoriavynn.ca\/wp-content\/uploads\/2022\/12\/SUPER-MOISTURISER.png?resize=100%2C100&amp;ssl=1 100w, https:\/\/i0.wp.com\/victoriavynn.ca\/wp-content\/uploads\/2022\/12\/SUPER-MOISTURISER.png?resize=32%2C32&amp;ssl=1 32w, https:\/\/i0.wp.com\/victoriavynn.ca\/wp-content\/uploads\/2022\/12\/SUPER-MOISTURISER.png?resize=50%2C50&amp;ssl=1 50w\" sizes=\"auto, (max-width: 125px) 100vw, 125px\" \/><\/p>\n<p><img loading=\"lazy\" decoding=\"async\" class=\"size-full wp-image-11699 alignleft\" src=\"https:\/\/victoriavynn.ca\/wp-content\/uploads\/2023\/04\/NATURAL-INGREDIENTS.webp\" alt=\"INGR\u00c9DIENTS NATURELS\" width=\"125\" height=\"150\" srcset=\"https:\/\/i0.wp.com\/victoriavynn.ca\/wp-content\/uploads\/2023\/04\/NATURAL-INGREDIENTS.webp?w=125&amp;ssl=1 125w, https:\/\/i0.wp.com\/victoriavynn.ca\/wp-content\/uploads\/2023\/04\/NATURAL-INGREDIENTS.webp?resize=10%2C12&amp;ssl=1 10w\" sizes=\"auto, (max-width: 125px) 100vw, 125px\" \/><\/p>\n<p>&nbsp;<\/p>\n<p>&nbsp;<\/p>\n<p>&nbsp;<\/p>\n<p>&nbsp;<\/p>\n<p>&nbsp;<\/p>\n<p>&nbsp;<\/p>\n<p>&nbsp;<\/p>","protected":false},"featured_media":11706,"comment_status":"open","ping_status":"closed","template":"","meta":{"jetpack_post_was_ever_published":false,"jetpack_publicize_message":"","jetpack_publicize_feature_enabled":true,"jetpack_social_post_already_shared":false,"jetpack_social_options":{"image_generator_settings":{"template":"highway","default_image_id":0,"font":"","enabled":false},"version":2}},"product_brand":[],"product_cat":[554,572],"product_tag":[573],"class_list":{"0":"post-11348","1":"product","2":"type-product","3":"status-publish","4":"has-post-thumbnail","6":"product_cat-pharm-foot-sets","7":"product_cat-spa-ritual-paradise-touch","8":"product_tag-spa-ritual-paradise-touch","9":"product_shipping_class-cardboard-box","10":"pa_size-120-ml-x-2","12":"first","13":"outofstock","14":"taxable","15":"shipping-taxable","16":"purchasable","17":"product-type-simple"},"jetpack_publicize_connections":[],"jetpack-related-posts":[{"id":11352,"url":"https:\/\/victoriavynn.ca\/fr\/product\/pharm-foot-best-hand-and-body-scrub\/","url_meta":{"origin":11348,"position":0},"title":"Pharm Foot Paradise Scrub 120ml (SPA Ritual Paradise Touch)","author":"Serge Sahakian","date":"avril 13, 2023","format":false,"excerpt":"SPA Ritual Paradise Touch Scrub est le meilleur gommage pour les mains et le corps, sp\u00e9cialement utilis\u00e9 pour le gommage doux de la peau du corps et le massage manuel des pieds. Enrichi de 100% ingr\u00e9dients naturels tels que les huiles d'abricot, d'avocat, d'amande douce, le beurre de karit\u00e9 et la cire d'abeille, le SPA Ritual Scrub laisse la peau merveilleusement hydrat\u00e9e,...","rel":"","context":"Similar post","block_context":{"text":"Similar post","link":""},"img":{"alt_text":"Victoria VYNN Pharm Foot SPA Ritual Paradise Touch Best Hand and Body Scrub bergamot & grapefruit","src":"https:\/\/i0.wp.com\/victoriavynn.ca\/wp-content\/uploads\/2023\/04\/Victoria-VYNN-Pharm-Foot-SPA-Ritual-Paradise-Touch-Best-Hand-and-Body-Scrub-bergamot-grapefruit-.webp?fit=750%2C1000&ssl=1&resize=350%2C200","width":350,"height":200,"srcset":"https:\/\/i0.wp.com\/victoriavynn.ca\/wp-content\/uploads\/2023\/04\/Victoria-VYNN-Pharm-Foot-SPA-Ritual-Paradise-Touch-Best-Hand-and-Body-Scrub-bergamot-grapefruit-.webp?fit=750%2C1000&ssl=1&resize=350%2C200 1x, https:\/\/i0.wp.com\/victoriavynn.ca\/wp-content\/uploads\/2023\/04\/Victoria-VYNN-Pharm-Foot-SPA-Ritual-Paradise-Touch-Best-Hand-and-Body-Scrub-bergamot-grapefruit-.webp?fit=750%2C1000&ssl=1&resize=525%2C300 1.5x, https:\/\/i0.wp.com\/victoriavynn.ca\/wp-content\/uploads\/2023\/04\/Victoria-VYNN-Pharm-Foot-SPA-Ritual-Paradise-Touch-Best-Hand-and-Body-Scrub-bergamot-grapefruit-.webp?fit=750%2C1000&ssl=1&resize=700%2C400 2x"},"classes":[]},{"id":11350,"url":"https:\/\/victoriavynn.ca\/fr\/product\/pharm-foot-best-hand-and-body-butter\/","url_meta":{"origin":11348,"position":1},"title":"Pharm Foot Paradise Butter 120ml (SPA Ritual Paradise Touch)","author":"Serge Sahakian","date":"avril 13, 2023","format":false,"excerpt":"SPA Ritual Paradise Touch Butter est le meilleur beurre pour les mains et le corps qui est sp\u00e9cialement utilis\u00e9 pour garder la peau de tout le corps en parfaite condition, saine, radieuse et nourrie. Enrichi de 100% ingr\u00e9dients naturels tels que les huiles d'abricot, d'avocat, d'amande douce, le beurre de karit\u00e9 et la cire d'abeille, le...","rel":"","context":"Similar post","block_context":{"text":"Similar post","link":""},"img":{"alt_text":"Victoria VYNN Pharm Foot SPA Ritual Paradise Touch Best Hand and Body butter bergamot & grapefruit","src":"https:\/\/i0.wp.com\/victoriavynn.ca\/wp-content\/uploads\/2023\/04\/Victoria-VYNN-Pharm-Foot-SPA-Ritual-Paradise-Touch-Best-Hand-and-Body-butter-bergamot-grapefruit-1-1.webp?fit=750%2C1000&ssl=1&resize=350%2C200","width":350,"height":200,"srcset":"https:\/\/i0.wp.com\/victoriavynn.ca\/wp-content\/uploads\/2023\/04\/Victoria-VYNN-Pharm-Foot-SPA-Ritual-Paradise-Touch-Best-Hand-and-Body-butter-bergamot-grapefruit-1-1.webp?fit=750%2C1000&ssl=1&resize=350%2C200 1x, https:\/\/i0.wp.com\/victoriavynn.ca\/wp-content\/uploads\/2023\/04\/Victoria-VYNN-Pharm-Foot-SPA-Ritual-Paradise-Touch-Best-Hand-and-Body-butter-bergamot-grapefruit-1-1.webp?fit=750%2C1000&ssl=1&resize=525%2C300 1.5x, https:\/\/i0.wp.com\/victoriavynn.ca\/wp-content\/uploads\/2023\/04\/Victoria-VYNN-Pharm-Foot-SPA-Ritual-Paradise-Touch-Best-Hand-and-Body-butter-bergamot-grapefruit-1-1.webp?fit=750%2C1000&ssl=1&resize=700%2C400 2x"},"classes":[]},{"id":15180,"url":"https:\/\/victoriavynn.ca\/fr\/product\/pharm-foot-glamour-scrub-120ml-spa-ritual\/","url_meta":{"origin":11348,"position":2},"title":"Pharm Foot Glamour Scrub 120ml (SPA Ritual)","author":"Serge Sahakian","date":"septembre 9, 2023","format":false,"excerpt":"GOMMAGE SUCRE POUR LE CORPS ENTIER mangue et noix de coco","rel":"","context":"Similar post","block_context":{"text":"Similar post","link":""},"img":{"alt_text":"","src":"https:\/\/i0.wp.com\/victoriavynn.ca\/wp-content\/uploads\/2023\/09\/spa-ritual-glamour-scrub-120ml.jpg?fit=1200%2C1200&ssl=1&resize=350%2C200","width":350,"height":200,"srcset":"https:\/\/i0.wp.com\/victoriavynn.ca\/wp-content\/uploads\/2023\/09\/spa-ritual-glamour-scrub-120ml.jpg?fit=1200%2C1200&ssl=1&resize=350%2C200 1x, https:\/\/i0.wp.com\/victoriavynn.ca\/wp-content\/uploads\/2023\/09\/spa-ritual-glamour-scrub-120ml.jpg?fit=1200%2C1200&ssl=1&resize=525%2C300 1.5x, https:\/\/i0.wp.com\/victoriavynn.ca\/wp-content\/uploads\/2023\/09\/spa-ritual-glamour-scrub-120ml.jpg?fit=1200%2C1200&ssl=1&resize=700%2C400 2x, https:\/\/i0.wp.com\/victoriavynn.ca\/wp-content\/uploads\/2023\/09\/spa-ritual-glamour-scrub-120ml.jpg?fit=1200%2C1200&ssl=1&resize=1050%2C600 3x"},"classes":[]},{"id":15168,"url":"https:\/\/victoriavynn.ca\/fr\/product\/pharm-foot-spa-ritual-glamour-oil-120ml\/","url_meta":{"origin":11348,"position":3},"title":"Pharm Foot SPA RITUAL Glamour Oil 120ml","author":"Serge Sahakian","date":"septembre 9, 2023","format":false,"excerpt":"","rel":"","context":"Similar post","block_context":{"text":"Similar post","link":""},"img":{"alt_text":"","src":"https:\/\/i0.wp.com\/victoriavynn.ca\/wp-content\/uploads\/2023\/09\/spa-ritual-glamour-oil.jpg?fit=1200%2C1200&ssl=1&resize=350%2C200","width":350,"height":200,"srcset":"https:\/\/i0.wp.com\/victoriavynn.ca\/wp-content\/uploads\/2023\/09\/spa-ritual-glamour-oil.jpg?fit=1200%2C1200&ssl=1&resize=350%2C200 1x, https:\/\/i0.wp.com\/victoriavynn.ca\/wp-content\/uploads\/2023\/09\/spa-ritual-glamour-oil.jpg?fit=1200%2C1200&ssl=1&resize=525%2C300 1.5x, https:\/\/i0.wp.com\/victoriavynn.ca\/wp-content\/uploads\/2023\/09\/spa-ritual-glamour-oil.jpg?fit=1200%2C1200&ssl=1&resize=700%2C400 2x, https:\/\/i0.wp.com\/victoriavynn.ca\/wp-content\/uploads\/2023\/09\/spa-ritual-glamour-oil.jpg?fit=1200%2C1200&ssl=1&resize=1050%2C600 3x"},"classes":[]},{"id":15182,"url":"https:\/\/victoriavynn.ca\/fr\/product\/pharm-foot-glamour-mousse-120ml-spa-ritual\/","url_meta":{"origin":11348,"position":4},"title":"Pharm Foot Glamour Mousse 120ml (SPA Ritual)","author":"Serge Sahakian","date":"septembre 9, 2023","format":false,"excerpt":"MOUSSE ILLUMINANTE CORPS ENTIER mangue et noix de coco","rel":"","context":"Similar post","block_context":{"text":"Similar post","link":""},"img":{"alt_text":"","src":"https:\/\/i0.wp.com\/victoriavynn.ca\/wp-content\/uploads\/2023\/09\/spa-ritual-glamour-mousse-120ml.jpg?fit=1200%2C1200&ssl=1&resize=350%2C200","width":350,"height":200,"srcset":"https:\/\/i0.wp.com\/victoriavynn.ca\/wp-content\/uploads\/2023\/09\/spa-ritual-glamour-mousse-120ml.jpg?fit=1200%2C1200&ssl=1&resize=350%2C200 1x, https:\/\/i0.wp.com\/victoriavynn.ca\/wp-content\/uploads\/2023\/09\/spa-ritual-glamour-mousse-120ml.jpg?fit=1200%2C1200&ssl=1&resize=525%2C300 1.5x, https:\/\/i0.wp.com\/victoriavynn.ca\/wp-content\/uploads\/2023\/09\/spa-ritual-glamour-mousse-120ml.jpg?fit=1200%2C1200&ssl=1&resize=700%2C400 2x, https:\/\/i0.wp.com\/victoriavynn.ca\/wp-content\/uploads\/2023\/09\/spa-ritual-glamour-mousse-120ml.jpg?fit=1200%2C1200&ssl=1&resize=1050%2C600 3x"},"classes":[]},{"id":15170,"url":"https:\/\/victoriavynn.ca\/fr\/product\/pharm-foot-glamour-shine-set-spa-ritual\/","url_meta":{"origin":11348,"position":5},"title":"Pharm Foot Glamour Shine Set (SPA Ritual)","author":"Serge Sahakian","date":"septembre 9, 2023","format":false,"excerpt":"","rel":"","context":"Similar post","block_context":{"text":"Similar post","link":""},"img":{"alt_text":"","src":"https:\/\/i0.wp.com\/victoriavynn.ca\/wp-content\/uploads\/2023\/09\/spa-ritual-glamour-shine-set.jpg?fit=1200%2C1200&ssl=1&resize=350%2C200","width":350,"height":200,"srcset":"https:\/\/i0.wp.com\/victoriavynn.ca\/wp-content\/uploads\/2023\/09\/spa-ritual-glamour-shine-set.jpg?fit=1200%2C1200&ssl=1&resize=350%2C200 1x, https:\/\/i0.wp.com\/victoriavynn.ca\/wp-content\/uploads\/2023\/09\/spa-ritual-glamour-shine-set.jpg?fit=1200%2C1200&ssl=1&resize=525%2C300 1.5x, https:\/\/i0.wp.com\/victoriavynn.ca\/wp-content\/uploads\/2023\/09\/spa-ritual-glamour-shine-set.jpg?fit=1200%2C1200&ssl=1&resize=700%2C400 2x, https:\/\/i0.wp.com\/victoriavynn.ca\/wp-content\/uploads\/2023\/09\/spa-ritual-glamour-shine-set.jpg?fit=1200%2C1200&ssl=1&resize=1050%2C600 3x"},"classes":[]}],"jetpack_sharing_enabled":true,"_links":{"self":[{"href":"https:\/\/victoriavynn.ca\/fr\/wp-json\/wp\/v2\/product\/11348","targetHints":{"allow":["GET"]}}],"collection":[{"href":"https:\/\/victoriavynn.ca\/fr\/wp-json\/wp\/v2\/product"}],"about":[{"href":"https:\/\/victoriavynn.ca\/fr\/wp-json\/wp\/v2\/types\/product"}],"replies":[{"embeddable":true,"href":"https:\/\/victoriavynn.ca\/fr\/wp-json\/wp\/v2\/comments?post=11348"}],"wp:featuredmedia":[{"embeddable":true,"href":"https:\/\/victoriavynn.ca\/fr\/wp-json\/wp\/v2\/media\/11706"}],"wp:attachment":[{"href":"https:\/\/victoriavynn.ca\/fr\/wp-json\/wp\/v2\/media?parent=11348"}],"wp:term":[{"taxonomy":"product_brand","embeddable":true,"href":"https:\/\/victoriavynn.ca\/fr\/wp-json\/wp\/v2\/product_brand?post=11348"},{"taxonomy":"product_cat","embeddable":true,"href":"https:\/\/victoriavynn.ca\/fr\/wp-json\/wp\/v2\/product_cat?post=11348"},{"taxonomy":"product_tag","embeddable":true,"href":"https:\/\/victoriavynn.ca\/fr\/wp-json\/wp\/v2\/product_tag?post=11348"}],"curies":[{"name":"wp","href":"https:\/\/api.w.org\/{rel}","templated":true}]}}