{"id":11352,"date":"2023-04-13T23:06:55","date_gmt":"2023-04-14T03:06:55","guid":{"rendered":"https:\/\/victoriavynn.ca\/product\/pharm-foot-paradise-scrub-120ml-spa-ritual\/"},"modified":"2026-02-13T18:52:14","modified_gmt":"2026-02-13T23:52:14","slug":"pharm-foot-meilleur-gommage-pour-les-mains-et-le-corps","status":"publish","type":"product","link":"https:\/\/victoriavynn.ca\/fr\/product\/pharm-foot-best-hand-and-body-scrub\/","title":{"rendered":"Pharm Foot Paradise Scrub 120ml (SPA Ritual Paradise Touch)"},"content":{"rendered":"<p>SPA Ritual Paradise Touch Scrub est le meilleur gommage pour les mains et le corps, sp\u00e9cialement utilis\u00e9 pour le gommage doux de la peau du corps et le massage manuel des pieds. Enrichi de 100% ingr\u00e9dients naturels tels que les huiles d'abricot, d'avocat, d'amande douce, le beurre de karit\u00e9 et la cire d'abeille, le SPA Ritual Scrub laisse la peau merveilleusement hydrat\u00e9e, douce comme de la soie et \u00e9clatante. Le parfum des huiles essentielles de bergamote et de pamplemousse aux propri\u00e9t\u00e9s aromath\u00e9rapeutiques d\u00e9tend, am\u00e9liore l'humeur et ajoute de l'\u00e9nergie aux agrumes.<\/p>\n<div class=\"title\">\n<p>Effet :<\/p>\n<\/div>\n<div class=\"text text-2\">\n<ul>\n<li>Gr\u00e2ce aux cristaux de sucre, il \u00e9limine en douceur les cellules mortes de l'\u00e9piderme.<\/li>\n<li>Les huiles d'abricot, d'avocat, d'amande douce, le beurre de karit\u00e9 et la cire d'abeille rendent la peau soyeuse et \u00e9clatante.<\/li>\n<li>L'odeur de bergamote et de pamplemousse d\u00e9tend et am\u00e9liore l'humeur.<\/li>\n<\/ul>\n<div class=\"title\">\n<p>Mode d'emploi :<\/p>\n<\/div>\n<div class=\"text text-2\">\n<ul>\n<li>Appliquez une quantit\u00e9 appropri\u00e9e de peeling sur vos mains et effectuez un massage doux des pieds, des mains ou de l'ensemble du corps.<\/li>\n<li>A utiliser de pr\u00e9f\u00e9rence sur une peau humide<\/li>\n<li>Rincer \u00e0 l'eau et s\u00e9cher<\/li>\n<li>A utiliser comme premi\u00e8re \u00e9tape du traitement, en combinaison avec <a href=\"https:\/\/victoriavynn.ca\/fr\/produit\/pharm-foot-best-hand-and-body-butter\/\">RITUEL SPA BEURRE DE PARADIS<\/a><\/li>\n<\/ul>\n<\/div>\n<\/div>\n<p>&nbsp;<\/p>\n<p>&nbsp;<\/p>","protected":false},"excerpt":{"rendered":"<p>SPA Ritual Paradise Touch Scrub est le meilleur gommage pour les mains et le corps, sp\u00e9cialement utilis\u00e9 pour le gommage doux de la peau du corps et le massage manuel des pieds. Enrichi de 100% ingr\u00e9dients naturels tels que les huiles d'abricot, d'avocat, d'amande douce, le beurre de karit\u00e9 et la cire d'abeille, le SPA Ritual Scrub laisse la peau merveilleusement hydrat\u00e9e, douce comme de la soie et \u00e9clatante. Le parfum des huiles essentielles de bergamote et de pamplemousse aux propri\u00e9t\u00e9s aromath\u00e9rapeutiques d\u00e9tend, am\u00e9liore l'humeur et ajoute de l'\u00e9nergie aux agrumes.<\/p>\n<p>Sp\u00e9cifications du produit :<\/p>\n<p><img loading=\"lazy\" decoding=\"async\" class=\"size-full wp-image-8772 alignleft\" src=\"https:\/\/victoriavynn.ca\/wp-content\/uploads\/2019\/11\/SALON-QUALITY.webp\" alt=\"GEL NAIL BUILDER\" width=\"125\" height=\"150\" \/><\/p>\n<p><img loading=\"lazy\" decoding=\"async\" class=\"size-full wp-image-8446 alignleft\" src=\"https:\/\/victoriavynn.ca\/wp-content\/uploads\/2022\/12\/SUPER-MOISTURISER.png\" alt=\"\" width=\"125\" height=\"125\" srcset=\"https:\/\/i0.wp.com\/victoriavynn.ca\/wp-content\/uploads\/2022\/12\/SUPER-MOISTURISER.png?w=125&amp;ssl=1 125w, https:\/\/i0.wp.com\/victoriavynn.ca\/wp-content\/uploads\/2022\/12\/SUPER-MOISTURISER.png?resize=100%2C100&amp;ssl=1 100w, https:\/\/i0.wp.com\/victoriavynn.ca\/wp-content\/uploads\/2022\/12\/SUPER-MOISTURISER.png?resize=32%2C32&amp;ssl=1 32w, https:\/\/i0.wp.com\/victoriavynn.ca\/wp-content\/uploads\/2022\/12\/SUPER-MOISTURISER.png?resize=50%2C50&amp;ssl=1 50w\" sizes=\"auto, (max-width: 125px) 100vw, 125px\" \/><\/p>\n<p><img loading=\"lazy\" decoding=\"async\" class=\"size-full wp-image-11699 alignleft\" src=\"https:\/\/victoriavynn.ca\/wp-content\/uploads\/2023\/04\/NATURAL-INGREDIENTS.webp\" alt=\"INGR\u00c9DIENTS NATURELS\" width=\"125\" height=\"150\" srcset=\"https:\/\/i0.wp.com\/victoriavynn.ca\/wp-content\/uploads\/2023\/04\/NATURAL-INGREDIENTS.webp?w=125&amp;ssl=1 125w, https:\/\/i0.wp.com\/victoriavynn.ca\/wp-content\/uploads\/2023\/04\/NATURAL-INGREDIENTS.webp?resize=10%2C12&amp;ssl=1 10w\" sizes=\"auto, (max-width: 125px) 100vw, 125px\" \/><\/p>\n<p>&nbsp;<\/p>\n<p>&nbsp;<\/p>\n<p>&nbsp;<\/p>\n<p>&nbsp;<\/p>\n<p>&nbsp;<\/p>\n<p>&nbsp;<\/p>\n<p>&nbsp;<\/p>","protected":false},"featured_media":11701,"comment_status":"open","ping_status":"closed","template":"","meta":[],"product_brand":[],"product_cat":[572],"product_tag":[573],"class_list":{"0":"post-11352","1":"product","2":"type-product","3":"status-publish","4":"has-post-thumbnail","6":"product_cat-spa-ritual-paradise-touch","7":"product_tag-spa-ritual-paradise-touch","8":"product_shipping_class-cardboard-box","9":"pa_size-120ml","11":"first","12":"outofstock","13":"taxable","14":"shipping-taxable","15":"purchasable","16":"product-type-simple"},"jetpack_sharing_enabled":true,"_links":{"self":[{"href":"https:\/\/victoriavynn.ca\/fr\/wp-json\/wp\/v2\/product\/11352","targetHints":{"allow":["GET"]}}],"collection":[{"href":"https:\/\/victoriavynn.ca\/fr\/wp-json\/wp\/v2\/product"}],"about":[{"href":"https:\/\/victoriavynn.ca\/fr\/wp-json\/wp\/v2\/types\/product"}],"replies":[{"embeddable":true,"href":"https:\/\/victoriavynn.ca\/fr\/wp-json\/wp\/v2\/comments?post=11352"}],"wp:featuredmedia":[{"embeddable":true,"href":"https:\/\/victoriavynn.ca\/fr\/wp-json\/wp\/v2\/media\/11701"}],"wp:attachment":[{"href":"https:\/\/victoriavynn.ca\/fr\/wp-json\/wp\/v2\/media?parent=11352"}],"wp:term":[{"taxonomy":"product_brand","embeddable":true,"href":"https:\/\/victoriavynn.ca\/fr\/wp-json\/wp\/v2\/product_brand?post=11352"},{"taxonomy":"product_cat","embeddable":true,"href":"https:\/\/victoriavynn.ca\/fr\/wp-json\/wp\/v2\/product_cat?post=11352"},{"taxonomy":"product_tag","embeddable":true,"href":"https:\/\/victoriavynn.ca\/fr\/wp-json\/wp\/v2\/product_tag?post=11352"}],"curies":[{"name":"wp","href":"https:\/\/api.w.org\/{rel}","templated":true}]}}