{"id":11364,"date":"2023-04-13T23:07:06","date_gmt":"2023-04-14T03:07:06","guid":{"rendered":"https:\/\/victoriavynn.ca\/product\/victoria-vynn-professional-drill-bit-carbide-tornado-7mm\/"},"modified":"2026-03-24T14:10:10","modified_gmt":"2026-03-24T18:10:10","slug":"meilleur-foret-a-clous-en-carbure-tornado-7mm","status":"publish","type":"product","link":"https:\/\/victoriavynn.ca\/fr\/product\/best-carbide-nail-drill-bits-tornado-7mm\/","title":{"rendered":"Victoria VYNN Professional Drill Bit Carbide Tornado 7mm"},"content":{"rendered":"<p>Les meilleurs forets \u00e0 ongles en carbure - Format professionnel Tornado. Principalement utilis\u00e9 pour enlever le vernis en gel, le gel et l'acrylique. Longue dur\u00e9e de vie et super efficace.<\/p>\n<p>Le foret en carbure en forme de c\u00f4ne arrondi est fabriqu\u00e9 en carbure fritt\u00e9, une mati\u00e8re premi\u00e8re extr\u00eamement durable. Cette m\u00e8che tranchante est utilis\u00e9e pour enlever tout type de compos\u00e9 et tailler les ongles.<\/p>\n<p>La pr\u00e9paration de la plaque de l'ongle est une \u00e9tape obligatoire qui ne doit pas \u00eatre n\u00e9glig\u00e9e ! Si l'on veut obtenir un dessin beau et durable, il faut travailler soigneusement les ongles et les cuticules qui les entourent. Des outils de manucure et de p\u00e9dicure de qualit\u00e9 et bien adapt\u00e9s vous permettront d'obtenir rapidement l'effet d\u00e9sir\u00e9. Familiarisez-vous avec notre offre et concentrez-vous sur le confort du travail !<\/p>","protected":false},"excerpt":{"rendered":"<p>Les meilleurs forets \u00e0 ongles en carbure - Format professionnel Tornado. Principalement utilis\u00e9 pour enlever le vernis en gel, le gel et l'acrylique. Longue dur\u00e9e de vie et super efficace. Le foret en carbure en forme de c\u00f4ne arrondi est fabriqu\u00e9 en carbure fritt\u00e9, une mati\u00e8re premi\u00e8re extr\u00eamement durable. Ce foret tranchant est utilis\u00e9 pour enlever tout type de compos\u00e9 et pour tailler les ongles.<\/p>\n<p>Sp\u00e9cifications du produit :<\/p>\n<p><img loading=\"lazy\" decoding=\"async\" class=\"size-full wp-image-8772 alignleft\" src=\"https:\/\/victoriavynn.ca\/wp-content\/uploads\/2019\/11\/SALON-QUALITY.webp\" alt=\"GEL NAIL BUILDER\" width=\"125\" height=\"150\" \/><\/p>\n<p><img loading=\"lazy\" decoding=\"async\" class=\"size-full wp-image-11515 alignleft\" src=\"https:\/\/victoriavynn.ca\/wp-content\/uploads\/2023\/04\/STRONG-DURABLE.webp\" alt=\"SOLIDE ET DURABLE\" width=\"125\" height=\"150\" srcset=\"https:\/\/i0.wp.com\/victoriavynn.ca\/wp-content\/uploads\/2023\/04\/STRONG-DURABLE.webp?w=125&amp;ssl=1 125w, https:\/\/i0.wp.com\/victoriavynn.ca\/wp-content\/uploads\/2023\/04\/STRONG-DURABLE.webp?resize=10%2C12&amp;ssl=1 10w\" sizes=\"auto, (max-width: 125px) 100vw, 125px\" \/><\/p>\n<p><img loading=\"lazy\" decoding=\"async\" class=\"size-full wp-image-11649 alignleft\" src=\"https:\/\/victoriavynn.ca\/wp-content\/uploads\/2023\/04\/CARBIDE-MATERIAL.webp\" alt=\"MAT\u00c9RIAU EN CARBURE\" width=\"125\" height=\"150\" srcset=\"https:\/\/i0.wp.com\/victoriavynn.ca\/wp-content\/uploads\/2023\/04\/CARBIDE-MATERIAL.webp?w=125&amp;ssl=1 125w, https:\/\/i0.wp.com\/victoriavynn.ca\/wp-content\/uploads\/2023\/04\/CARBIDE-MATERIAL.webp?resize=10%2C12&amp;ssl=1 10w\" sizes=\"auto, (max-width: 125px) 100vw, 125px\" \/><\/p>\n<p>&nbsp;<\/p>\n<p>&nbsp;<\/p>\n<p>&nbsp;<\/p>\n<p>&nbsp;<\/p>\n<p>&nbsp;<\/p>\n<p>&nbsp;<\/p>\n<p>&nbsp;<\/p>\n<p>&nbsp;<\/p>\n<p>&nbsp;<\/p>\n<p>&nbsp;<\/p>\n<p>&nbsp;<\/p>","protected":false},"featured_media":11666,"comment_status":"open","ping_status":"closed","template":"","meta":{"jetpack_post_was_ever_published":false,"jetpack_publicize_message":"","jetpack_publicize_feature_enabled":true,"jetpack_social_post_already_shared":false,"jetpack_social_options":{"image_generator_settings":{"template":"highway","default_image_id":0,"font":"","enabled":false},"version":2}},"product_brand":[],"product_cat":[571],"product_tag":[603,359,600],"class_list":{"0":"post-11364","1":"product","2":"type-product","3":"status-publish","4":"has-post-thumbnail","6":"product_cat-victoria-vynn-professional-nail-drill-bits","7":"product_tag-carbide-drill-bits","8":"product_tag-carbide-nail-drill-bit-cone","9":"product_tag-drill-bits","10":"product_shipping_class-cardboard-box","11":"pa_size-head-diameter-7-mm-working-part-15mm","13":"first","14":"instock","15":"taxable","16":"shipping-taxable","17":"purchasable","18":"product-type-simple"},"jetpack_publicize_connections":[],"jetpack-related-posts":[{"id":11366,"url":"https:\/\/victoriavynn.ca\/fr\/product\/best-professional-carbide-nail-drill-bit\/","url_meta":{"origin":11364,"position":0},"title":"Victoria VYNN Professional Drill Bit Carbide Volcano 7mm","author":"Serge Sahakian","date":"avril 13, 2023","format":false,"excerpt":"Le meilleur foret professionnel en carbure pour ongles - Format Volcano. Principalement utilis\u00e9 pour enlever le vernis en gel, le gel et l'acrylique. Longue dur\u00e9e de vie et super efficace. Le foret en carbure en forme de c\u00f4ne arrondi est fabriqu\u00e9 en carbure fritt\u00e9, une mati\u00e8re premi\u00e8re extr\u00eamement durable. Destin\u00e9 \u00e0 l'\u00e9limination des vernis hybrides, des gels et...","rel":"","context":"Similar post","block_context":{"text":"Similar post","link":""},"img":{"alt_text":"VICTORIA VYNN best professional carbide nail drill bit 7mm","src":"https:\/\/i0.wp.com\/victoriavynn.ca\/wp-content\/uploads\/2023\/04\/best-professional-carbide-nail-drill-bit-7mm.webp?fit=750%2C1000&ssl=1&resize=350%2C200","width":350,"height":200,"srcset":"https:\/\/i0.wp.com\/victoriavynn.ca\/wp-content\/uploads\/2023\/04\/best-professional-carbide-nail-drill-bit-7mm.webp?fit=750%2C1000&ssl=1&resize=350%2C200 1x, https:\/\/i0.wp.com\/victoriavynn.ca\/wp-content\/uploads\/2023\/04\/best-professional-carbide-nail-drill-bit-7mm.webp?fit=750%2C1000&ssl=1&resize=525%2C300 1.5x, https:\/\/i0.wp.com\/victoriavynn.ca\/wp-content\/uploads\/2023\/04\/best-professional-carbide-nail-drill-bit-7mm.webp?fit=750%2C1000&ssl=1&resize=700%2C400 2x"},"classes":[]},{"id":11362,"url":"https:\/\/victoriavynn.ca\/fr\/product\/premium-carbide-nail-drill-bits-6mm\/","url_meta":{"origin":11364,"position":1},"title":"Victoria VYNN Professional Drill Bit Carbide Cyclone 6mm","author":"Serge Sahakian","date":"avril 13, 2023","format":false,"excerpt":"Les meilleurs forets \u00e0 ongles en carbure de premi\u00e8re qualit\u00e9 - Format professionnel \u00e0 double cyclone. Principalement utilis\u00e9 pour enlever le vernis en gel, le gel et l'acrylique. Longue dur\u00e9e de vie et super efficace. Le foret au carbure en forme de c\u00f4ne est fabriqu\u00e9 en carbure fritt\u00e9, une mati\u00e8re premi\u00e8re extr\u00eamement durable. L'un des forets les plus r\u00e9sistants, il...","rel":"","context":"Similar post","block_context":{"text":"Similar post","link":""},"img":{"alt_text":"Victoria VYNN best premium carbide nail drill bits professional cyclone 6mm","src":"https:\/\/i0.wp.com\/victoriavynn.ca\/wp-content\/uploads\/2023\/04\/Victoria-VYNN-best-premium-carbide-nail-drill-bits-professional-cyclone-6mm-.webp?fit=750%2C1000&ssl=1&resize=350%2C200","width":350,"height":200,"srcset":"https:\/\/i0.wp.com\/victoriavynn.ca\/wp-content\/uploads\/2023\/04\/Victoria-VYNN-best-premium-carbide-nail-drill-bits-professional-cyclone-6mm-.webp?fit=750%2C1000&ssl=1&resize=350%2C200 1x, https:\/\/i0.wp.com\/victoriavynn.ca\/wp-content\/uploads\/2023\/04\/Victoria-VYNN-best-premium-carbide-nail-drill-bits-professional-cyclone-6mm-.webp?fit=750%2C1000&ssl=1&resize=525%2C300 1.5x, https:\/\/i0.wp.com\/victoriavynn.ca\/wp-content\/uploads\/2023\/04\/Victoria-VYNN-best-premium-carbide-nail-drill-bits-professional-cyclone-6mm-.webp?fit=750%2C1000&ssl=1&resize=700%2C400 2x"},"classes":[]},{"id":43002,"url":"https:\/\/victoriavynn.ca\/fr\/product\/ulka-carbide-cone-bit-blue-6mm-c615-m\/","url_meta":{"origin":11364,"position":2},"title":"\u00dcLKA M\u00e8che \u00e0 clou carbure c\u00f4ne bleu diam\u00e8tre t\u00eate 6.0 mm \/ partie travaillante 15 mm (C615-M)","author":"Serge Sahakian","date":"D\u00e9cembre 10, 2025","format":false,"excerpt":"L'embout \u00dcLKA en carbure \u201cCone\u201d avec marquage bleu est con\u00e7u pour nettoyer les parois lat\u00e9rales, enlever les rev\u00eatements et travailler sur diff\u00e9rentes zones de l'ongle. Sa forme conique offre pr\u00e9cision et acc\u00e8s, tandis que le grain moyen assure l'efficacit\u00e9 et le confort du client. Sp\u00e9cifications du produit : Forme : C\u00f4ne Grain : Grosseur de la t\u00eate : 6.0 mm Diam\u00e8tre de la...","rel":"","context":"Similar post","block_context":{"text":"Similar post","link":""},"img":{"alt_text":"U\u0308LKA Carbide nail drill bit cone blue head diameter 6.0 mm : working part 15 mm (C615-M)","src":"https:\/\/i0.wp.com\/victoriavynn.ca\/wp-content\/uploads\/2025\/12\/ulka-carbide-nail-drill-bit-cone-blue-head-diameter-6.0-mm-working-part-15-mm-c615-m-.webp?fit=750%2C1000&ssl=1&resize=350%2C200","width":350,"height":200,"srcset":"https:\/\/i0.wp.com\/victoriavynn.ca\/wp-content\/uploads\/2025\/12\/ulka-carbide-nail-drill-bit-cone-blue-head-diameter-6.0-mm-working-part-15-mm-c615-m-.webp?fit=750%2C1000&ssl=1&resize=350%2C200 1x, https:\/\/i0.wp.com\/victoriavynn.ca\/wp-content\/uploads\/2025\/12\/ulka-carbide-nail-drill-bit-cone-blue-head-diameter-6.0-mm-working-part-15-mm-c615-m-.webp?fit=750%2C1000&ssl=1&resize=525%2C300 1.5x, https:\/\/i0.wp.com\/victoriavynn.ca\/wp-content\/uploads\/2025\/12\/ulka-carbide-nail-drill-bit-cone-blue-head-diameter-6.0-mm-working-part-15-mm-c615-m-.webp?fit=750%2C1000&ssl=1&resize=700%2C400 2x"},"classes":[]},{"id":43000,"url":"https:\/\/victoriavynn.ca\/fr\/product\/ulka-carbide-corn-bit-green-5mm-c513-c\/","url_meta":{"origin":11364,"position":3},"title":"\u00dcLKA M\u00e8che \u00e0 clous en carbure de ma\u00efs t\u00eate verte diam\u00e8tre 5.0 mm \/ partie travaillante 13 mm (C513-C)","author":"Serge Sahakian","date":"D\u00e9cembre 10, 2025","format":false,"excerpt":"L'embout \u00dcLKA en carbure \u201cCorn\u201d avec marquage vert est con\u00e7u pour les travaux lourds. Il permet de travailler facilement avec du gel-polish dense, de l'acrylique et des mat\u00e9riaux de modelage. Parfait lorsque la vitesse et la puissance sont la priorit\u00e9. Sp\u00e9cifications du produit : Forme : Ma\u00efs Grain : Grossi\u00e8re Diam\u00e8tre de la t\u00eate : 5,0 mm Longueur de la t\u00eate : 13 mm Mat\u00e9riau : Carbure de tungst\u00e8ne de haute qualit\u00e9 (HRA) : Carbure de tungst\u00e8ne de haute qualit\u00e9 (HRA...","rel":"","context":"Similar post","block_context":{"text":"Similar post","link":""},"img":{"alt_text":"U\u0308LKA Carbide nail drill bit corn green head diameter 5.0 mm : working part 13 mm (C513-C)","src":"https:\/\/i0.wp.com\/victoriavynn.ca\/wp-content\/uploads\/2025\/12\/ulka-carbide-nail-drill-bit-corn-green-head-diameter-5.0-mm-working-part-13-mm-c513-c-.webp?fit=750%2C1000&ssl=1&resize=350%2C200","width":350,"height":200,"srcset":"https:\/\/i0.wp.com\/victoriavynn.ca\/wp-content\/uploads\/2025\/12\/ulka-carbide-nail-drill-bit-corn-green-head-diameter-5.0-mm-working-part-13-mm-c513-c-.webp?fit=750%2C1000&ssl=1&resize=350%2C200 1x, https:\/\/i0.wp.com\/victoriavynn.ca\/wp-content\/uploads\/2025\/12\/ulka-carbide-nail-drill-bit-corn-green-head-diameter-5.0-mm-working-part-13-mm-c513-c-.webp?fit=750%2C1000&ssl=1&resize=525%2C300 1.5x, https:\/\/i0.wp.com\/victoriavynn.ca\/wp-content\/uploads\/2025\/12\/ulka-carbide-nail-drill-bit-corn-green-head-diameter-5.0-mm-working-part-13-mm-c513-c-.webp?fit=750%2C1000&ssl=1&resize=700%2C400 2x"},"classes":[]},{"id":42996,"url":"https:\/\/victoriavynn.ca\/fr\/product\/ulka-carbide-nail-drill-bit-corn-red-head-diameter-5-0-mm-working-part-13-mm-c513-f-2\/","url_meta":{"origin":11364,"position":4},"title":"\u00dcLKA M\u00e8che \u00e0 clous en carbure de ma\u00efs t\u00eate rouge diam\u00e8tre 5.0 mm \/ partie travaillante 13 mm (C513-F)","author":"Serge Sahakian","date":"D\u00e9cembre 10, 2025","format":false,"excerpt":"L'embout \u00dcLKA en carbure \u201cCorn\u201d avec marquage rouge est destin\u00e9 aux travaux d\u00e9licats. Il permet de retirer en toute s\u00e9curit\u00e9 et en douceur les couches minces, les couches de base et les gels mous sans causer d'inconfort. Un choix pratique pour les clientes aux ongles fragiles. Sp\u00e9cifications du produit : Forme : Ma\u00efs Grain : Diam\u00e8tre de la t\u00eate : 5.0 mm Longueur de la t\u00eate :...","rel":"","context":"Similar post","block_context":{"text":"Similar post","link":""},"img":{"alt_text":"U\u0308LKA Carbide nail drill bit corn red head diameter 5.0 mm : working part 13 mm (C513-F)","src":"https:\/\/i0.wp.com\/victoriavynn.ca\/wp-content\/uploads\/2025\/12\/ulka-carbide-nail-drill-bit-corn-red-head-diameter-5.0-mm-working-part-13-mm-c513-f-.webp?fit=750%2C1000&ssl=1&resize=350%2C200","width":350,"height":200,"srcset":"https:\/\/i0.wp.com\/victoriavynn.ca\/wp-content\/uploads\/2025\/12\/ulka-carbide-nail-drill-bit-corn-red-head-diameter-5.0-mm-working-part-13-mm-c513-f-.webp?fit=750%2C1000&ssl=1&resize=350%2C200 1x, https:\/\/i0.wp.com\/victoriavynn.ca\/wp-content\/uploads\/2025\/12\/ulka-carbide-nail-drill-bit-corn-red-head-diameter-5.0-mm-working-part-13-mm-c513-f-.webp?fit=750%2C1000&ssl=1&resize=525%2C300 1.5x, https:\/\/i0.wp.com\/victoriavynn.ca\/wp-content\/uploads\/2025\/12\/ulka-carbide-nail-drill-bit-corn-red-head-diameter-5.0-mm-working-part-13-mm-c513-f-.webp?fit=750%2C1000&ssl=1&resize=700%2C400 2x"},"classes":[]},{"id":42998,"url":"https:\/\/victoriavynn.ca\/fr\/product\/ulka-carbide-corn-bit-blue-5mm-c513-m\/","url_meta":{"origin":11364,"position":5},"title":"\u00dcLKA M\u00e8che \u00e0 clous en carbure de ma\u00efs bleu diam\u00e8tre de la t\u00eate 5,0 mm \/ partie travaillante 13 mm (C513-M)","author":"Serge Sahakian","date":"D\u00e9cembre 10, 2025","format":false,"excerpt":"La m\u00e8che \u00dcLKA en carbure \u201cCorn\u201d est con\u00e7ue pour un travail stable et contr\u00f4l\u00e9. Sa forme droite assure un limage en douceur sans pression excessive, tandis que le grain moyen permet d'enlever rapidement et confortablement les rev\u00eatements. Il s'agit d'un outil id\u00e9al pour une utilisation r\u00e9guli\u00e8re en salon, o\u00f9 l'efficacit\u00e9 et le confort du client sont tout aussi importants. Produit...","rel":"","context":"Similar post","block_context":{"text":"Similar post","link":""},"img":{"alt_text":"U\u0308LKA Carbide nail drill bit corn blue head diameter 5.0 mm : working part 13 mm (C513-M)","src":"https:\/\/i0.wp.com\/victoriavynn.ca\/wp-content\/uploads\/2025\/12\/ulka-carbide-nail-drill-bit-corn-blue-head-diameter-5.0-mm-working-part-13-mm-c513-m.webp?fit=750%2C1000&ssl=1&resize=350%2C200","width":350,"height":200,"srcset":"https:\/\/i0.wp.com\/victoriavynn.ca\/wp-content\/uploads\/2025\/12\/ulka-carbide-nail-drill-bit-corn-blue-head-diameter-5.0-mm-working-part-13-mm-c513-m.webp?fit=750%2C1000&ssl=1&resize=350%2C200 1x, https:\/\/i0.wp.com\/victoriavynn.ca\/wp-content\/uploads\/2025\/12\/ulka-carbide-nail-drill-bit-corn-blue-head-diameter-5.0-mm-working-part-13-mm-c513-m.webp?fit=750%2C1000&ssl=1&resize=525%2C300 1.5x, https:\/\/i0.wp.com\/victoriavynn.ca\/wp-content\/uploads\/2025\/12\/ulka-carbide-nail-drill-bit-corn-blue-head-diameter-5.0-mm-working-part-13-mm-c513-m.webp?fit=750%2C1000&ssl=1&resize=700%2C400 2x"},"classes":[]}],"jetpack_sharing_enabled":true,"_links":{"self":[{"href":"https:\/\/victoriavynn.ca\/fr\/wp-json\/wp\/v2\/product\/11364","targetHints":{"allow":["GET"]}}],"collection":[{"href":"https:\/\/victoriavynn.ca\/fr\/wp-json\/wp\/v2\/product"}],"about":[{"href":"https:\/\/victoriavynn.ca\/fr\/wp-json\/wp\/v2\/types\/product"}],"replies":[{"embeddable":true,"href":"https:\/\/victoriavynn.ca\/fr\/wp-json\/wp\/v2\/comments?post=11364"}],"wp:featuredmedia":[{"embeddable":true,"href":"https:\/\/victoriavynn.ca\/fr\/wp-json\/wp\/v2\/media\/11666"}],"wp:attachment":[{"href":"https:\/\/victoriavynn.ca\/fr\/wp-json\/wp\/v2\/media?parent=11364"}],"wp:term":[{"taxonomy":"product_brand","embeddable":true,"href":"https:\/\/victoriavynn.ca\/fr\/wp-json\/wp\/v2\/product_brand?post=11364"},{"taxonomy":"product_cat","embeddable":true,"href":"https:\/\/victoriavynn.ca\/fr\/wp-json\/wp\/v2\/product_cat?post=11364"},{"taxonomy":"product_tag","embeddable":true,"href":"https:\/\/victoriavynn.ca\/fr\/wp-json\/wp\/v2\/product_tag?post=11364"}],"curies":[{"name":"wp","href":"https:\/\/api.w.org\/{rel}","templated":true}]}}